{"id":7631,"date":"2023-09-09T10:41:39","date_gmt":"2023-09-09T10:41:39","guid":{"rendered":"https:\/\/gmz.ltd\/ueber-gmz\/"},"modified":"2024-03-22T04:31:42","modified_gmt":"2024-03-22T04:31:42","slug":"ueber-gmz","status":"publish","type":"page","link":"https:\/\/gmz.ltd\/de\/ueber-gmz\/","title":{"rendered":"\u00dcber GMZ"},"content":{"rendered":"\t\t<div data-elementor-type=\"wp-page\" data-elementor-id=\"7631\" class=\"elementor elementor-7631 elementor-548\" data-elementor-settings=\"{&quot;ha_cmc_init_switcher&quot;:&quot;no&quot;}\" data-elementor-post-type=\"page\">\n\t\t\t\t<div class=\"elementor-element elementor-element-1297203 e-flex e-con-boxed e-con e-parent\" data-id=\"1297203\" data-element_type=\"container\" data-settings=\"{&quot;background_background&quot;:&quot;classic&quot;,&quot;_ha_eqh_enable&quot;:false}\">\n\t\t\t\t\t<div class=\"e-con-inner\">\n\t\t\t\t<div class=\"elementor-element elementor-element-ebf4036 elementor-widget elementor-widget-heading\" data-id=\"ebf4036\" data-element_type=\"widget\" data-widget_type=\"heading.default\">\n\t\t\t\t<div class=\"elementor-widget-container\">\n\t\t\t\t\t<h1 class=\"elementor-heading-title elementor-size-default\">\u00dcber GMZ<\/h1>\t\t\t\t<\/div>\n\t\t\t\t<\/div>\n\t\t\t\t<div class=\"elementor-element elementor-element-438ea37 elementor-widget elementor-widget-image\" data-id=\"438ea37\" data-element_type=\"widget\" data-widget_type=\"image.default\">\n\t\t\t\t<div class=\"elementor-widget-container\">\n\t\t\t\t\t\t\t\t\t\t\t\t\t\t\t<img decoding=\"async\" width=\"407\" height=\"8\" src=\"https:\/\/gmz.ltd\/wp-content\/uploads\/2023\/11\/line-2.png\" class=\"attachment-large size-large wp-image-6746\" alt=\"\" srcset=\"https:\/\/gmz.ltd\/wp-content\/uploads\/2023\/11\/line-2.png 407w, https:\/\/gmz.ltd\/wp-content\/uploads\/2023\/11\/line-2-400x8.png 400w, https:\/\/gmz.ltd\/wp-content\/uploads\/2023\/11\/line-2-300x6.png 300w\" sizes=\"(max-width: 407px) 100vw, 407px\" \/>\t\t\t\t\t\t\t\t\t\t\t\t\t\t\t<\/div>\n\t\t\t\t<\/div>\n\t\t\t\t\t<\/div>\n\t\t\t\t<\/div>\n\t\t<div class=\"elementor-element elementor-element-f82e0db e-flex e-con-boxed e-con e-parent\" data-id=\"f82e0db\" data-element_type=\"container\" data-settings=\"{&quot;_ha_eqh_enable&quot;:false}\">\n\t\t\t\t\t<div class=\"e-con-inner\">\n\t\t\t\t<div class=\"elementor-element elementor-element-59fed94 elementor-widget elementor-widget-text-editor\" data-id=\"59fed94\" data-element_type=\"widget\" data-widget_type=\"text-editor.default\">\n\t\t\t\t<div class=\"elementor-widget-container\">\n\t\t\t\t\t\t\t\t\t<p>GMZ ist ein chinesisches Familienunternehmen, das sich seit mehr als 18 Jahren auf Lebensmittelverpackungen konzentriert und seine Produkte auf den globalen M\u00e4rkten exportiert. Wir passen an, produzieren und liefern weltklasse Verpackungsl\u00f6sungen f\u00fcr die Lebensmittel- und Getr\u00e4nkeindustrie.<\/p>\n\t\t\t\t\t\t\t\t<\/div>\n\t\t\t\t<\/div>\n\t\t\t\t<div class=\"elementor-element elementor-element-a163629 elementor-invisible elementor-widget elementor-widget-video\" data-id=\"a163629\" data-element_type=\"widget\" data-settings=\"{&quot;youtube_url&quot;:&quot;https:\\\/\\\/www.youtube.com\\\/watch?v=jSwIBT5DU1Q&quot;,&quot;show_image_overlay&quot;:&quot;yes&quot;,&quot;image_overlay&quot;:{&quot;url&quot;:&quot;https:\\\/\\\/gmz.ltd\\\/wp-content\\\/uploads\\\/2023\\\/09\\\/video.png&quot;,&quot;id&quot;:4894,&quot;size&quot;:&quot;&quot;,&quot;alt&quot;:&quot;&quot;,&quot;source&quot;:&quot;library&quot;},&quot;_animation&quot;:&quot;zoomIn&quot;,&quot;video_type&quot;:&quot;youtube&quot;,&quot;controls&quot;:&quot;yes&quot;}\" data-widget_type=\"video.default\">\n\t\t\t\t<div class=\"elementor-widget-container\">\n\t\t\t\t\t\t\t<div class=\"elementor-wrapper elementor-open-inline\">\n\t\t\t<div class=\"elementor-video\"><\/div>\t\t\t\t<div class=\"elementor-custom-embed-image-overlay\" style=\"background-image: url(https:\/\/gmz.ltd\/wp-content\/uploads\/2023\/09\/video.png);\">\n\t\t\t\t\t\t\t\t\t\t\t\t\t\t\t\t<div class=\"elementor-custom-embed-play\" role=\"button\" aria-label=\"Video abspielen\" tabindex=\"0\">\n\t\t\t\t\t\t\t<svg xmlns=\"http:\/\/www.w3.org\/2000\/svg\" width=\"70\" height=\"70\" viewBox=\"0 0 70 70\" fill=\"none\"><g clip-path=\"url(#clip0_100_8560)\"><path opacity=\"0.8\" d=\"M58.4281 23.3275L24.2725 2.38442C21.7656 0.857544 19.215 0.0919189 16.6644 0.0919189C10.5569 0.0919189 4.375 4.87817 4.375 14.0219V26.25H13.125V14.0175C13.125 10.7407 14.4987 8.83754 16.6644 8.83754C17.5569 8.83754 18.5806 9.16129 19.7006 9.83942L53.8913 30.8044C57.7369 33.1363 57.9338 36.9557 54.0838 39.2875L19.7006 60.2438C18.5806 60.9307 17.5525 61.25 16.66 61.25C14.4988 61.25 13.125 59.3513 13.125 56.0788V52.5044H4.375V56.0788C4.375 65.2182 10.5569 70 16.66 70C19.2106 70 21.7656 69.2344 24.2506 67.7207L58.6381 46.7644C63.07 44.0738 65.625 39.8432 65.625 35.1663C65.6294 30.415 63.0044 26.1013 58.4281 23.3275Z\" fill=\"white\"><\/path><path d=\"M4.375 35H13.125V43.75H4.375V35Z\" fill=\"#28B472\"><\/path><\/g><defs><clipPath id=\"clip0_100_8560\"><rect width=\"70\" height=\"70\" fill=\"white\"><\/rect><\/clipPath><\/defs><\/svg>\t\t\t\t\t\t<\/div>\n\t\t\t\t\t\t\t\t\t<\/div>\n\t\t\t\t\t<\/div>\n\t\t\t\t\t\t<\/div>\n\t\t\t\t<\/div>\n\t\t\t\t\t<\/div>\n\t\t\t\t<\/div>\n\t\t<div class=\"elementor-element elementor-element-98ee5df e-flex e-con-boxed e-con e-parent\" data-id=\"98ee5df\" data-element_type=\"container\" data-settings=\"{&quot;background_background&quot;:&quot;classic&quot;,&quot;_ha_eqh_enable&quot;:false}\">\n\t\t\t\t\t<div class=\"e-con-inner\">\n\t\t<div class=\"elementor-element elementor-element-b6ff00d e-flex e-con-boxed e-con e-child\" data-id=\"b6ff00d\" data-element_type=\"container\" data-settings=\"{&quot;background_background&quot;:&quot;classic&quot;,&quot;_ha_eqh_enable&quot;:false}\">\n\t\t\t\t\t<div class=\"e-con-inner\">\n\t\t\t\t\t<\/div>\n\t\t\t\t<\/div>\n\t\t<div class=\"elementor-element elementor-element-2004906 e-flex e-con-boxed e-con e-child\" data-id=\"2004906\" data-element_type=\"container\" data-settings=\"{&quot;background_background&quot;:&quot;classic&quot;,&quot;_ha_eqh_enable&quot;:false}\">\n\t\t\t\t\t<div class=\"e-con-inner\">\n\t\t<div class=\"elementor-element elementor-element-13660ec e-flex e-con-boxed elementor-invisible e-con e-child\" data-id=\"13660ec\" data-element_type=\"container\" data-settings=\"{&quot;animation&quot;:&quot;zoomIn&quot;,&quot;_ha_eqh_enable&quot;:false}\">\n\t\t\t\t\t<div class=\"e-con-inner\">\n\t\t\t\t<div class=\"elementor-element elementor-element-e95ecbe elementor-widget elementor-widget-text-editor\" data-id=\"e95ecbe\" data-element_type=\"widget\" data-widget_type=\"text-editor.default\">\n\t\t\t\t<div class=\"elementor-widget-container\">\n\t\t\t\t\t\t\t\t\t<p>Lebensmittelverpackungsdistributoren aus Europa und Nordamerika sowie Kettenrestaurantgesch\u00e4fte w\u00e4hlen die Zusammenarbeit mit GMZ f\u00fcr ma\u00dfgeschneiderte Verpackungsl\u00f6sungen. <\/p>\n<p>Sie alle wissen, dass sie, wenn sie sich mit GMZ zusammenschlie\u00dfen, von unserer umfangreichen Produktionsexpertise und Technologie, Marktreagibilit\u00e4t und Innovation profitieren werden. Mit starken Vorteilen in der Lieferkette k\u00f6nnen wir Risiken reduzieren und die Fertigung zu den effizientesten Standorten lenken.<\/p>\n\t\t\t\t\t\t\t\t<\/div>\n\t\t\t\t<\/div>\n\t\t\t\t\t<\/div>\n\t\t\t\t<\/div>\n\t\t\t\t\t<\/div>\n\t\t\t\t<\/div>\n\t\t\t\t\t<\/div>\n\t\t\t\t<\/div>\n\t\t<div class=\"elementor-element elementor-element-be414be e-flex e-con-boxed e-con e-parent\" data-id=\"be414be\" data-element_type=\"container\" data-settings=\"{&quot;background_background&quot;:&quot;classic&quot;,&quot;_ha_eqh_enable&quot;:false}\">\n\t\t\t\t\t<div class=\"e-con-inner\">\n\t\t<div class=\"elementor-element elementor-element-0372440 e-grid e-con-boxed e-con e-child\" data-id=\"0372440\" data-element_type=\"container\" data-settings=\"{&quot;_ha_eqh_enable&quot;:false}\">\n\t\t\t\t\t<div class=\"e-con-inner\">\n\t\t<div class=\"elementor-element elementor-element-11610a5 e-flex e-con-boxed e-con e-child\" data-id=\"11610a5\" data-element_type=\"container\" data-settings=\"{&quot;background_background&quot;:&quot;classic&quot;,&quot;_ha_eqh_enable&quot;:false}\">\n\t\t\t\t\t<div class=\"e-con-inner\">\n\t\t\t\t<div class=\"elementor-element elementor-element-bb95bb3 elementor-widget elementor-widget-image\" data-id=\"bb95bb3\" data-element_type=\"widget\" data-widget_type=\"image.default\">\n\t\t\t\t<div class=\"elementor-widget-container\">\n\t\t\t\t\t\t\t\t\t\t\t\t\t\t\t<img decoding=\"async\" width=\"200\" height=\"200\" src=\"https:\/\/gmz.ltd\/wp-content\/uploads\/2024\/01\/sheji-2.svg\" class=\"attachment-large size-large wp-image-6950\" alt=\"\" \/>\t\t\t\t\t\t\t\t\t\t\t\t\t\t\t<\/div>\n\t\t\t\t<\/div>\n\t\t<div class=\"elementor-element elementor-element-3a89189 e-con-full e-flex e-con e-child\" data-id=\"3a89189\" data-element_type=\"container\" data-settings=\"{&quot;_ha_eqh_enable&quot;:false}\">\n\t\t\t\t<div class=\"elementor-element elementor-element-daf965c elementor-widget elementor-widget-heading\" data-id=\"daf965c\" data-element_type=\"widget\" data-widget_type=\"heading.default\">\n\t\t\t\t<div class=\"elementor-widget-container\">\n\t\t\t\t\t<h4 class=\"elementor-heading-title elementor-size-default\">VERANTWORTUNGSVOLL DURCH DESIGN<\/h4>\t\t\t\t<\/div>\n\t\t\t\t<\/div>\n\t\t\t\t<div class=\"elementor-element elementor-element-2d049d5 elementor-widget elementor-widget-text-editor\" data-id=\"2d049d5\" data-element_type=\"widget\" data-widget_type=\"text-editor.default\">\n\t\t\t\t<div class=\"elementor-widget-container\">\n\t\t\t\t\t\t\t\t\t<p>Wir verf\u00fcgen \u00fcber unser eigenes professionelles Designteam, um sicherzustellen, dass sowohl das Erscheinungsbild als auch das Produkt selbst nicht nur den weltweit besten Umwelt-, Qualit\u00e4ts- und Sicherheitsstandards entsprechen, sondern auch in den kommenden Jahren stets an der Spitze bleiben.<\/p>\n\t\t\t\t\t\t\t\t<\/div>\n\t\t\t\t<\/div>\n\t\t\t\t<\/div>\n\t\t\t\t\t<\/div>\n\t\t\t\t<\/div>\n\t\t<div class=\"elementor-element elementor-element-7ac98e4 e-flex e-con-boxed e-con e-child\" data-id=\"7ac98e4\" data-element_type=\"container\" data-settings=\"{&quot;background_background&quot;:&quot;classic&quot;,&quot;_ha_eqh_enable&quot;:false}\">\n\t\t\t\t\t<div class=\"e-con-inner\">\n\t\t\t\t<div class=\"elementor-element elementor-element-7aa81fb elementor-widget elementor-widget-image\" data-id=\"7aa81fb\" data-element_type=\"widget\" data-widget_type=\"image.default\">\n\t\t\t\t<div class=\"elementor-widget-container\">\n\t\t\t\t\t\t\t\t\t\t\t\t\t\t\t<img decoding=\"async\" width=\"200\" height=\"200\" src=\"https:\/\/gmz.ltd\/wp-content\/uploads\/2024\/01\/gongyinglian-1.svg\" class=\"attachment-large size-large wp-image-6946\" alt=\"\" \/>\t\t\t\t\t\t\t\t\t\t\t\t\t\t\t<\/div>\n\t\t\t\t<\/div>\n\t\t<div class=\"elementor-element elementor-element-d623efa e-con-full e-flex e-con e-child\" data-id=\"d623efa\" data-element_type=\"container\" data-settings=\"{&quot;_ha_eqh_enable&quot;:false}\">\n\t\t\t\t<div class=\"elementor-element elementor-element-4f6b85c elementor-widget elementor-widget-heading\" data-id=\"4f6b85c\" data-element_type=\"widget\" data-widget_type=\"heading.default\">\n\t\t\t\t<div class=\"elementor-widget-container\">\n\t\t\t\t\t<h4 class=\"elementor-heading-title elementor-size-default\">FLEXIBILIT\u00c4T IN DER LIEFERKETTE<\/h4>\t\t\t\t<\/div>\n\t\t\t\t<\/div>\n\t\t\t\t<div class=\"elementor-element elementor-element-d0a2bc9 elementor-widget elementor-widget-text-editor\" data-id=\"d0a2bc9\" data-element_type=\"widget\" data-widget_type=\"text-editor.default\">\n\t\t\t\t<div class=\"elementor-widget-container\">\n\t\t\t\t\t\t\t\t\t<p>Wir befinden uns im wichtigsten Papier- und Kunststoffindustriezentrum Chinas. Wir haben mehr als zehn Jahre darauf verwendet, eine stabile und effiziente Lieferkette aufzubauen. Sie k\u00f6nnen sicher sein, dass, wenn Sie sich mit GMZ zusammenschlie\u00dfen, die Verpackung niemals Ihr schw\u00e4chstes Glied sein wird.<\/p>\n\t\t\t\t\t\t\t\t<\/div>\n\t\t\t\t<\/div>\n\t\t\t\t<\/div>\n\t\t\t\t\t<\/div>\n\t\t\t\t<\/div>\n\t\t<div class=\"elementor-element elementor-element-74cb9ba e-flex e-con-boxed e-con e-child\" data-id=\"74cb9ba\" data-element_type=\"container\" data-settings=\"{&quot;background_background&quot;:&quot;classic&quot;,&quot;_ha_eqh_enable&quot;:false}\">\n\t\t\t\t\t<div class=\"e-con-inner\">\n\t\t\t\t<div class=\"elementor-element elementor-element-713ebe0 elementor-widget elementor-widget-image\" data-id=\"713ebe0\" data-element_type=\"widget\" data-widget_type=\"image.default\">\n\t\t\t\t<div class=\"elementor-widget-container\">\n\t\t\t\t\t\t\t\t\t\t\t\t\t\t\t<img loading=\"lazy\" decoding=\"async\" width=\"200\" height=\"200\" src=\"https:\/\/gmz.ltd\/wp-content\/uploads\/2024\/01\/hezuo-2.svg\" class=\"attachment-large size-large wp-image-6942\" alt=\"\" \/>\t\t\t\t\t\t\t\t\t\t\t\t\t\t\t<\/div>\n\t\t\t\t<\/div>\n\t\t<div class=\"elementor-element elementor-element-aeb8e95 e-con-full e-flex e-con e-child\" data-id=\"aeb8e95\" data-element_type=\"container\" data-settings=\"{&quot;_ha_eqh_enable&quot;:false}\">\n\t\t\t\t<div class=\"elementor-element elementor-element-29e1cfe elementor-widget elementor-widget-heading\" data-id=\"29e1cfe\" data-element_type=\"widget\" data-widget_type=\"heading.default\">\n\t\t\t\t<div class=\"elementor-widget-container\">\n\t\t\t\t\t<h4 class=\"elementor-heading-title elementor-size-default\">ECHTE PARTNERSCHAFT<\/h4>\t\t\t\t<\/div>\n\t\t\t\t<\/div>\n\t\t\t\t<div class=\"elementor-element elementor-element-c3ada28 elementor-widget elementor-widget-text-editor\" data-id=\"c3ada28\" data-element_type=\"widget\" data-widget_type=\"text-editor.default\">\n\t\t\t\t<div class=\"elementor-widget-container\">\n\t\t\t\t\t\t\t\t\t<p>Wir haben vertrauensvolle Partnerschaften mit Distributoren weltweit entwickelt, die den heutigen Gesch\u00e4ftsrealit\u00e4ten gerecht werden und die sich wandelnden Anforderungen der Zukunft erf\u00fcllen k\u00f6nnen. W\u00e4hlen Sie also nicht nur eine Verpackung, sondern auch einen Verpackungspartner.<\/p>\n\t\t\t\t\t\t\t\t<\/div>\n\t\t\t\t<\/div>\n\t\t\t\t<\/div>\n\t\t\t\t\t<\/div>\n\t\t\t\t<\/div>\n\t\t\t\t\t<\/div>\n\t\t\t\t<\/div>\n\t\t\t\t\t<\/div>\n\t\t\t\t<\/div>\n\t\t<div class=\"elementor-element elementor-element-e213d6d e-flex e-con-boxed e-con e-parent\" data-id=\"e213d6d\" data-element_type=\"container\" data-settings=\"{&quot;background_background&quot;:&quot;classic&quot;,&quot;_ha_eqh_enable&quot;:false}\">\n\t\t\t\t\t<div class=\"e-con-inner\">\n\t\t\t\t<div class=\"elementor-element elementor-element-a46e2de elementor-widget elementor-widget-heading\" data-id=\"a46e2de\" data-element_type=\"widget\" data-widget_type=\"heading.default\">\n\t\t\t\t<div class=\"elementor-widget-container\">\n\t\t\t\t\t<h2 class=\"elementor-heading-title elementor-size-default\">Ihr vertrauensw\u00fcrdiger Partner f\u00fcr Lebensmittelverpackungen.<\/h2>\t\t\t\t<\/div>\n\t\t\t\t<\/div>\n\t\t\t\t\t<\/div>\n\t\t\t\t<\/div>\n\t\t\t\t<\/div>\n\t\t","protected":false},"excerpt":{"rendered":"<p>\u00dcber GMZ GMZ ist ein chinesisches Familienunternehmen, das sich seit mehr als 18 Jahren auf Lebensmittelverpackungen konzentriert und seine Produkte auf den globalen M\u00e4rkten exportiert. Wir passen an, produzieren und liefern weltklasse Verpackungsl\u00f6sungen f\u00fcr die Lebensmittel- und Getr\u00e4nkeindustrie. https:\/\/www.youtube.com\/watch?v=jSwIBT5DU1Q Lebensmittelverpackungsdistributoren aus Europa und Nordamerika sowie Kettenrestaurantgesch\u00e4fte w\u00e4hlen die Zusammenarbeit mit GMZ f\u00fcr ma\u00dfgeschneiderte Verpackungsl\u00f6sungen. Sie [&hellip;]<\/p>\n","protected":false},"author":1,"featured_media":0,"parent":0,"menu_order":0,"comment_status":"closed","ping_status":"closed","template":"","meta":{"_joinchat":[],"footnotes":""},"class_list":["post-7631","page","type-page","status-publish","hentry"],"blocksy_meta":{"has_hero_section":"disabled","vertical_spacing_source":"custom","content_area_spacing":"none"},"acf":[],"yoast_head":"<!-- This site is optimized with the Yoast SEO Premium plugin v22.5 (Yoast SEO v26.6) - https:\/\/yoast.com\/wordpress\/plugins\/seo\/ -->\n<title>\u00dcber GMZ - Ihr vertrauensw\u00fcrdiger Lieferant f\u00fcr Lebensmittelverpackungen<\/title>\n<meta name=\"description\" content=\"GMZ ist spezialisiert auf Gro\u00dfhandelsl\u00f6sungen f\u00fcr Lebensmittelverpackungen. Erfahren Sie mehr \u00fcber unser Engagement f\u00fcr Qualit\u00e4t, Zuverl\u00e4ssigkeit und umweltfreundliche Praktiken.\" \/>\n<meta name=\"robots\" content=\"index, follow, max-snippet:-1, max-image-preview:large, max-video-preview:-1\" \/>\n<link rel=\"canonical\" href=\"https:\/\/gmz.ltd\/de\/ueber-gmz\/\" \/>\n<meta property=\"og:locale\" content=\"de_DE\" \/>\n<meta property=\"og:type\" content=\"article\" \/>\n<meta property=\"og:title\" content=\"\u00dcber GMZ\" \/>\n<meta property=\"og:description\" content=\"GMZ ist spezialisiert auf Gro\u00dfhandelsl\u00f6sungen f\u00fcr Lebensmittelverpackungen. Erfahren Sie mehr \u00fcber unser Engagement f\u00fcr Qualit\u00e4t, Zuverl\u00e4ssigkeit und umweltfreundliche Praktiken.\" \/>\n<meta property=\"og:url\" content=\"https:\/\/gmz.ltd\/de\/ueber-gmz\/\" \/>\n<meta property=\"og:site_name\" content=\"GMZ\" \/>\n<meta property=\"article:modified_time\" content=\"2024-03-22T04:31:42+00:00\" \/>\n<meta property=\"og:image\" content=\"https:\/\/gmz.ltd\/wp-content\/uploads\/2023\/11\/line-2.png\" \/>\n<meta name=\"twitter:card\" content=\"summary_large_image\" \/>\n<meta name=\"twitter:label1\" content=\"Gesch\u00e4tzte Lesezeit\" \/>\n\t<meta name=\"twitter:data1\" content=\"1\u00a0Minute\" \/>\n<script type=\"application\/ld+json\" class=\"yoast-schema-graph\">{\"@context\":\"https:\/\/schema.org\",\"@graph\":[{\"@type\":\"WebPage\",\"@id\":\"https:\/\/gmz.ltd\/de\/ueber-gmz\/\",\"url\":\"https:\/\/gmz.ltd\/de\/ueber-gmz\/\",\"name\":\"\u00dcber GMZ - Ihr vertrauensw\u00fcrdiger Lieferant f\u00fcr Lebensmittelverpackungen\",\"isPartOf\":{\"@id\":\"https:\/\/gmz.ltd\/de\/#website\"},\"primaryImageOfPage\":{\"@id\":\"https:\/\/gmz.ltd\/de\/ueber-gmz\/#primaryimage\"},\"image\":{\"@id\":\"https:\/\/gmz.ltd\/de\/ueber-gmz\/#primaryimage\"},\"thumbnailUrl\":\"https:\/\/gmz.ltd\/wp-content\/uploads\/2023\/11\/line-2.png\",\"datePublished\":\"2023-09-09T10:41:39+00:00\",\"dateModified\":\"2024-03-22T04:31:42+00:00\",\"description\":\"GMZ ist spezialisiert auf Gro\u00dfhandelsl\u00f6sungen f\u00fcr Lebensmittelverpackungen. Erfahren Sie mehr \u00fcber unser Engagement f\u00fcr Qualit\u00e4t, Zuverl\u00e4ssigkeit und umweltfreundliche Praktiken.\",\"breadcrumb\":{\"@id\":\"https:\/\/gmz.ltd\/de\/ueber-gmz\/#breadcrumb\"},\"inLanguage\":\"de\",\"potentialAction\":[{\"@type\":\"ReadAction\",\"target\":[\"https:\/\/gmz.ltd\/de\/ueber-gmz\/\"]}]},{\"@type\":\"ImageObject\",\"inLanguage\":\"de\",\"@id\":\"https:\/\/gmz.ltd\/de\/ueber-gmz\/#primaryimage\",\"url\":\"https:\/\/gmz.ltd\/wp-content\/uploads\/2023\/11\/line-2.png\",\"contentUrl\":\"https:\/\/gmz.ltd\/wp-content\/uploads\/2023\/11\/line-2.png\"},{\"@type\":\"BreadcrumbList\",\"@id\":\"https:\/\/gmz.ltd\/de\/ueber-gmz\/#breadcrumb\",\"itemListElement\":[{\"@type\":\"ListItem\",\"position\":1,\"name\":\"Heim\",\"item\":\"https:\/\/gmz.ltd\/de\/\"},{\"@type\":\"ListItem\",\"position\":2,\"name\":\"\u00dcber GMZ\"}]},{\"@type\":\"WebSite\",\"@id\":\"https:\/\/gmz.ltd\/de\/#website\",\"url\":\"https:\/\/gmz.ltd\/de\/\",\"name\":\"GMZ\",\"description\":\"\",\"publisher\":{\"@id\":\"https:\/\/gmz.ltd\/de\/#organization\"},\"potentialAction\":[{\"@type\":\"SearchAction\",\"target\":{\"@type\":\"EntryPoint\",\"urlTemplate\":\"https:\/\/gmz.ltd\/de\/?s={search_term_string}\"},\"query-input\":{\"@type\":\"PropertyValueSpecification\",\"valueRequired\":true,\"valueName\":\"search_term_string\"}}],\"inLanguage\":\"de\"},{\"@type\":\"Organization\",\"@id\":\"https:\/\/gmz.ltd\/de\/#organization\",\"name\":\"GMZ\",\"url\":\"https:\/\/gmz.ltd\/de\/\",\"logo\":{\"@type\":\"ImageObject\",\"inLanguage\":\"de\",\"@id\":\"https:\/\/gmz.ltd\/de\/#\/schema\/logo\/image\/\",\"url\":\"https:\/\/gmz.ltd\/wp-content\/uploads\/2024\/11\/gmzpack.svg\",\"contentUrl\":\"https:\/\/gmz.ltd\/wp-content\/uploads\/2024\/11\/gmzpack.svg\",\"width\":170,\"height\":79,\"caption\":\"GMZ\"},\"image\":{\"@id\":\"https:\/\/gmz.ltd\/de\/#\/schema\/logo\/image\/\"}}]}<\/script>\n<!-- \/ Yoast SEO Premium plugin. -->","yoast_head_json":{"title":"\u00dcber GMZ - Ihr vertrauensw\u00fcrdiger Lieferant f\u00fcr Lebensmittelverpackungen","description":"GMZ ist spezialisiert auf Gro\u00dfhandelsl\u00f6sungen f\u00fcr Lebensmittelverpackungen. Erfahren Sie mehr \u00fcber unser Engagement f\u00fcr Qualit\u00e4t, Zuverl\u00e4ssigkeit und umweltfreundliche Praktiken.","robots":{"index":"index","follow":"follow","max-snippet":"max-snippet:-1","max-image-preview":"max-image-preview:large","max-video-preview":"max-video-preview:-1"},"canonical":"https:\/\/gmz.ltd\/de\/ueber-gmz\/","og_locale":"de_DE","og_type":"article","og_title":"\u00dcber GMZ","og_description":"GMZ ist spezialisiert auf Gro\u00dfhandelsl\u00f6sungen f\u00fcr Lebensmittelverpackungen. Erfahren Sie mehr \u00fcber unser Engagement f\u00fcr Qualit\u00e4t, Zuverl\u00e4ssigkeit und umweltfreundliche Praktiken.","og_url":"https:\/\/gmz.ltd\/de\/ueber-gmz\/","og_site_name":"GMZ","article_modified_time":"2024-03-22T04:31:42+00:00","og_image":[{"url":"https:\/\/gmz.ltd\/wp-content\/uploads\/2023\/11\/line-2.png","type":"","width":"","height":""}],"twitter_card":"summary_large_image","twitter_misc":{"Gesch\u00e4tzte Lesezeit":"1\u00a0Minute"},"schema":{"@context":"https:\/\/schema.org","@graph":[{"@type":"WebPage","@id":"https:\/\/gmz.ltd\/de\/ueber-gmz\/","url":"https:\/\/gmz.ltd\/de\/ueber-gmz\/","name":"\u00dcber GMZ - Ihr vertrauensw\u00fcrdiger Lieferant f\u00fcr Lebensmittelverpackungen","isPartOf":{"@id":"https:\/\/gmz.ltd\/de\/#website"},"primaryImageOfPage":{"@id":"https:\/\/gmz.ltd\/de\/ueber-gmz\/#primaryimage"},"image":{"@id":"https:\/\/gmz.ltd\/de\/ueber-gmz\/#primaryimage"},"thumbnailUrl":"https:\/\/gmz.ltd\/wp-content\/uploads\/2023\/11\/line-2.png","datePublished":"2023-09-09T10:41:39+00:00","dateModified":"2024-03-22T04:31:42+00:00","description":"GMZ ist spezialisiert auf Gro\u00dfhandelsl\u00f6sungen f\u00fcr Lebensmittelverpackungen. Erfahren Sie mehr \u00fcber unser Engagement f\u00fcr Qualit\u00e4t, Zuverl\u00e4ssigkeit und umweltfreundliche Praktiken.","breadcrumb":{"@id":"https:\/\/gmz.ltd\/de\/ueber-gmz\/#breadcrumb"},"inLanguage":"de","potentialAction":[{"@type":"ReadAction","target":["https:\/\/gmz.ltd\/de\/ueber-gmz\/"]}]},{"@type":"ImageObject","inLanguage":"de","@id":"https:\/\/gmz.ltd\/de\/ueber-gmz\/#primaryimage","url":"https:\/\/gmz.ltd\/wp-content\/uploads\/2023\/11\/line-2.png","contentUrl":"https:\/\/gmz.ltd\/wp-content\/uploads\/2023\/11\/line-2.png"},{"@type":"BreadcrumbList","@id":"https:\/\/gmz.ltd\/de\/ueber-gmz\/#breadcrumb","itemListElement":[{"@type":"ListItem","position":1,"name":"Heim","item":"https:\/\/gmz.ltd\/de\/"},{"@type":"ListItem","position":2,"name":"\u00dcber GMZ"}]},{"@type":"WebSite","@id":"https:\/\/gmz.ltd\/de\/#website","url":"https:\/\/gmz.ltd\/de\/","name":"GMZ","description":"","publisher":{"@id":"https:\/\/gmz.ltd\/de\/#organization"},"potentialAction":[{"@type":"SearchAction","target":{"@type":"EntryPoint","urlTemplate":"https:\/\/gmz.ltd\/de\/?s={search_term_string}"},"query-input":{"@type":"PropertyValueSpecification","valueRequired":true,"valueName":"search_term_string"}}],"inLanguage":"de"},{"@type":"Organization","@id":"https:\/\/gmz.ltd\/de\/#organization","name":"GMZ","url":"https:\/\/gmz.ltd\/de\/","logo":{"@type":"ImageObject","inLanguage":"de","@id":"https:\/\/gmz.ltd\/de\/#\/schema\/logo\/image\/","url":"https:\/\/gmz.ltd\/wp-content\/uploads\/2024\/11\/gmzpack.svg","contentUrl":"https:\/\/gmz.ltd\/wp-content\/uploads\/2024\/11\/gmzpack.svg","width":170,"height":79,"caption":"GMZ"},"image":{"@id":"https:\/\/gmz.ltd\/de\/#\/schema\/logo\/image\/"}}]}},"_links":{"self":[{"href":"https:\/\/gmz.ltd\/de\/wp-json\/wp\/v2\/pages\/7631","targetHints":{"allow":["GET"]}}],"collection":[{"href":"https:\/\/gmz.ltd\/de\/wp-json\/wp\/v2\/pages"}],"about":[{"href":"https:\/\/gmz.ltd\/de\/wp-json\/wp\/v2\/types\/page"}],"author":[{"embeddable":true,"href":"https:\/\/gmz.ltd\/de\/wp-json\/wp\/v2\/users\/1"}],"replies":[{"embeddable":true,"href":"https:\/\/gmz.ltd\/de\/wp-json\/wp\/v2\/comments?post=7631"}],"version-history":[{"count":1,"href":"https:\/\/gmz.ltd\/de\/wp-json\/wp\/v2\/pages\/7631\/revisions"}],"predecessor-version":[{"id":7632,"href":"https:\/\/gmz.ltd\/de\/wp-json\/wp\/v2\/pages\/7631\/revisions\/7632"}],"wp:attachment":[{"href":"https:\/\/gmz.ltd\/de\/wp-json\/wp\/v2\/media?parent=7631"}],"curies":[{"name":"wp","href":"https:\/\/api.w.org\/{rel}","templated":true}]}}