{"id":7651,"date":"2023-09-09T10:18:39","date_gmt":"2023-09-09T10:18:39","guid":{"rendered":"https:\/\/gmz.ltd\/gemeinschaft-menschen\/"},"modified":"2024-03-22T06:10:55","modified_gmt":"2024-03-22T06:10:55","slug":"gemeinschaft-menschen","status":"publish","type":"page","link":"https:\/\/gmz.ltd\/de\/gemeinschaft-menschen\/","title":{"rendered":"Gemeinschaft &amp; Menschen"},"content":{"rendered":"\t\t<div data-elementor-type=\"wp-page\" data-elementor-id=\"7651\" class=\"elementor elementor-7651 elementor-527\" data-elementor-settings=\"{&quot;ha_cmc_init_switcher&quot;:&quot;no&quot;}\" data-elementor-post-type=\"page\">\n\t\t\t\t<div class=\"elementor-element elementor-element-0da34fe e-flex e-con-boxed e-con e-parent\" data-id=\"0da34fe\" data-element_type=\"container\" data-settings=\"{&quot;background_background&quot;:&quot;classic&quot;,&quot;_ha_eqh_enable&quot;:false}\">\n\t\t\t\t\t<div class=\"e-con-inner\">\n\t\t\t\t<div class=\"elementor-element elementor-element-205f009 elementor-widget elementor-widget-heading\" data-id=\"205f009\" data-element_type=\"widget\" data-widget_type=\"heading.default\">\n\t\t\t\t<div class=\"elementor-widget-container\">\n\t\t\t\t\t<h1 class=\"elementor-heading-title elementor-size-default\">Gemeinschaft &amp; Menschen<\/h1>\t\t\t\t<\/div>\n\t\t\t\t<\/div>\n\t\t\t\t<div class=\"elementor-element elementor-element-e04c0d9 elementor-widget elementor-widget-image\" data-id=\"e04c0d9\" data-element_type=\"widget\" data-widget_type=\"image.default\">\n\t\t\t\t<div class=\"elementor-widget-container\">\n\t\t\t\t\t\t\t\t\t\t\t\t\t\t\t<img decoding=\"async\" width=\"320\" height=\"16\" src=\"https:\/\/gmz.ltd\/wp-content\/uploads\/2023\/09\/line.png\" class=\"attachment-large size-large wp-image-4706\" alt=\"\" srcset=\"https:\/\/gmz.ltd\/wp-content\/uploads\/2023\/09\/line.png 320w, https:\/\/gmz.ltd\/wp-content\/uploads\/2023\/09\/line-300x15.png 300w\" sizes=\"(max-width: 320px) 100vw, 320px\" \/>\t\t\t\t\t\t\t\t\t\t\t\t\t\t\t<\/div>\n\t\t\t\t<\/div>\n\t\t\t\t\t<\/div>\n\t\t\t\t<\/div>\n\t\t<div class=\"elementor-element elementor-element-84bdd4c e-flex e-con-boxed e-con e-parent\" data-id=\"84bdd4c\" data-element_type=\"container\" data-settings=\"{&quot;_ha_eqh_enable&quot;:false}\">\n\t\t\t\t\t<div class=\"e-con-inner\">\n\t\t<div class=\"elementor-element elementor-element-5ef24eb e-flex e-con-boxed elementor-invisible e-con e-child\" data-id=\"5ef24eb\" data-element_type=\"container\" data-settings=\"{&quot;animation&quot;:&quot;fadeInUp&quot;,&quot;_ha_eqh_enable&quot;:false}\">\n\t\t\t\t\t<div class=\"e-con-inner\">\n\t\t\t\t<div class=\"elementor-element elementor-element-aa3ea8c elementor-widget elementor-widget-heading\" data-id=\"aa3ea8c\" data-element_type=\"widget\" data-widget_type=\"heading.default\">\n\t\t\t\t<div class=\"elementor-widget-container\">\n\t\t\t\t\t<h2 class=\"elementor-heading-title elementor-size-default\">GMZ ist ein Hersteller, nicht nur ein Exporteur. Wir sind stolz auf das, was wir herstellen, aber wir sind ebenso stolz darauf, wie wir arbeiten.<\/h2>\t\t\t\t<\/div>\n\t\t\t\t<\/div>\n\t\t\t\t<div class=\"elementor-element elementor-element-f13c8e0 elementor-widget elementor-widget-text-editor\" data-id=\"f13c8e0\" data-element_type=\"widget\" data-widget_type=\"text-editor.default\">\n\t\t\t\t<div class=\"elementor-widget-container\">\n\t\t\t\t\t\t\t\t\t<p>Wir folgen einer strengen Unternehmensverantwortungspolitik, die faire L\u00f6hne und Arbeitsbedingungen umfasst, <br \/>die den Bed\u00fcrfnissen und Erwartungen unserer weltweiten Kunden entsprechen.<\/p>\n\t\t\t\t\t\t\t\t<\/div>\n\t\t\t\t<\/div>\n\t\t\t\t\t<\/div>\n\t\t\t\t<\/div>\n\t\t<div class=\"elementor-element elementor-element-9b6d1c8 e-flex e-con-boxed elementor-invisible e-con e-child\" data-id=\"9b6d1c8\" data-element_type=\"container\" data-settings=\"{&quot;animation&quot;:&quot;fadeInUp&quot;,&quot;_ha_eqh_enable&quot;:false}\">\n\t\t\t\t\t<div class=\"e-con-inner\">\n\t\t<div class=\"elementor-element elementor-element-7e0001f e-flex e-con-boxed e-con e-child\" data-id=\"7e0001f\" data-element_type=\"container\" data-settings=\"{&quot;background_background&quot;:&quot;classic&quot;,&quot;_ha_eqh_enable&quot;:false}\">\n\t\t\t\t\t<div class=\"e-con-inner\">\n\t\t<div class=\"elementor-element elementor-element-fab6fb0 e-flex e-con-boxed e-con e-child\" data-id=\"fab6fb0\" data-element_type=\"container\" data-settings=\"{&quot;_ha_eqh_enable&quot;:false}\">\n\t\t\t\t\t<div class=\"e-con-inner\">\n\t\t\t\t<div class=\"elementor-element elementor-element-d654487 elementor-widget elementor-widget-image\" data-id=\"d654487\" data-element_type=\"widget\" data-widget_type=\"image.default\">\n\t\t\t\t<div class=\"elementor-widget-container\">\n\t\t\t\t\t\t\t\t\t\t\t\t\t\t\t<img fetchpriority=\"high\" decoding=\"async\" width=\"1024\" height=\"640\" src=\"https:\/\/gmz.ltd\/wp-content\/uploads\/2023\/09\/Community-People-1-1-1024x640.png\" class=\"attachment-large size-large wp-image-4882\" alt=\"\" srcset=\"https:\/\/gmz.ltd\/wp-content\/uploads\/2023\/09\/Community-People-1-1-1024x640.png 1024w, https:\/\/gmz.ltd\/wp-content\/uploads\/2023\/09\/Community-People-1-1-800x500.png 800w, https:\/\/gmz.ltd\/wp-content\/uploads\/2023\/09\/Community-People-1-1-300x188.png 300w, https:\/\/gmz.ltd\/wp-content\/uploads\/2023\/09\/Community-People-1-1-768x480.png 768w, https:\/\/gmz.ltd\/wp-content\/uploads\/2023\/09\/Community-People-1-1.png 1276w\" sizes=\"(max-width: 1024px) 100vw, 1024px\" \/>\t\t\t\t\t\t\t\t\t\t\t\t\t\t\t<\/div>\n\t\t\t\t<\/div>\n\t\t\t\t\t<\/div>\n\t\t\t\t<\/div>\n\t\t<div class=\"elementor-element elementor-element-a3d314c e-flex e-con-boxed e-con e-child\" data-id=\"a3d314c\" data-element_type=\"container\" data-settings=\"{&quot;_ha_eqh_enable&quot;:false}\">\n\t\t\t\t\t<div class=\"e-con-inner\">\n\t\t\t\t<div class=\"elementor-element elementor-element-8e862a3 elementor-invisible elementor-widget elementor-widget-text-editor\" data-id=\"8e862a3\" data-element_type=\"widget\" data-settings=\"{&quot;_animation&quot;:&quot;zoomIn&quot;}\" data-widget_type=\"text-editor.default\">\n\t\t\t\t<div class=\"elementor-widget-container\">\n\t\t\t\t\t\t\t\t\t<p>Unsere Schwerpunkte umfassen faire Einstellungspraktiken; sichere Arbeitszeiten; keine Kinderarbeit; faire Bezahlung und Sozialleistungen; sowie Arbeitssicherheit in all unseren Produktionsst\u00e4tten.<\/p>\n\t\t\t\t\t\t\t\t<\/div>\n\t\t\t\t<\/div>\n\t\t\t\t\t<\/div>\n\t\t\t\t<\/div>\n\t\t\t\t\t<\/div>\n\t\t\t\t<\/div>\n\t\t<div class=\"elementor-element elementor-element-cdf807f e-flex e-con-boxed e-con e-child\" data-id=\"cdf807f\" data-element_type=\"container\" data-settings=\"{&quot;background_background&quot;:&quot;classic&quot;,&quot;_ha_eqh_enable&quot;:false}\">\n\t\t\t\t\t<div class=\"e-con-inner\">\n\t\t<div class=\"elementor-element elementor-element-e7ca032 e-flex e-con-boxed e-con e-child\" data-id=\"e7ca032\" data-element_type=\"container\" data-settings=\"{&quot;_ha_eqh_enable&quot;:false}\">\n\t\t\t\t\t<div class=\"e-con-inner\">\n\t\t\t\t<div class=\"elementor-element elementor-element-a952d92 elementor-invisible elementor-widget elementor-widget-text-editor\" data-id=\"a952d92\" data-element_type=\"widget\" data-settings=\"{&quot;_animation&quot;:&quot;zoomIn&quot;}\" data-widget_type=\"text-editor.default\">\n\t\t\t\t<div class=\"elementor-widget-container\">\n\t\t\t\t\t\t\t\t\t<p>Wir haben die SMETA 4P-Pr\u00fcfung und die BSCI-Pr\u00fcfung mit zufriedenstellenden Ergebnissen bestanden. Wir sind offen f\u00fcr Audits von Kunden und unabh\u00e4ngigen Agenturen, wir sind davon \u00fcberzeugt und bereit, uns kontinuierlich zu verbessern.<\/p>\n\t\t\t\t\t\t\t\t<\/div>\n\t\t\t\t<\/div>\n\t\t\t\t\t<\/div>\n\t\t\t\t<\/div>\n\t\t<div class=\"elementor-element elementor-element-c6416f2 e-flex e-con-boxed e-con e-child\" data-id=\"c6416f2\" data-element_type=\"container\" data-settings=\"{&quot;_ha_eqh_enable&quot;:false}\">\n\t\t\t\t\t<div class=\"e-con-inner\">\n\t\t\t\t<div class=\"elementor-element elementor-element-8d80b47 elementor-widget elementor-widget-image\" data-id=\"8d80b47\" data-element_type=\"widget\" data-widget_type=\"image.default\">\n\t\t\t\t<div class=\"elementor-widget-container\">\n\t\t\t\t\t\t\t\t\t\t\t\t\t\t\t<img decoding=\"async\" width=\"1024\" height=\"640\" src=\"https:\/\/gmz.ltd\/wp-content\/uploads\/2023\/09\/Community-People-2-1024x640.png\" class=\"attachment-large size-large wp-image-4886\" alt=\"\" srcset=\"https:\/\/gmz.ltd\/wp-content\/uploads\/2023\/09\/Community-People-2-1024x640.png 1024w, https:\/\/gmz.ltd\/wp-content\/uploads\/2023\/09\/Community-People-2-800x500.png 800w, https:\/\/gmz.ltd\/wp-content\/uploads\/2023\/09\/Community-People-2-300x188.png 300w, https:\/\/gmz.ltd\/wp-content\/uploads\/2023\/09\/Community-People-2-768x480.png 768w, https:\/\/gmz.ltd\/wp-content\/uploads\/2023\/09\/Community-People-2.png 1276w\" sizes=\"(max-width: 1024px) 100vw, 1024px\" \/>\t\t\t\t\t\t\t\t\t\t\t\t\t\t\t<\/div>\n\t\t\t\t<\/div>\n\t\t\t\t\t<\/div>\n\t\t\t\t<\/div>\n\t\t\t\t\t<\/div>\n\t\t\t\t<\/div>\n\t\t\t\t\t<\/div>\n\t\t\t\t<\/div>\n\t\t\t\t\t<\/div>\n\t\t\t\t<\/div>\n\t\t\t\t<\/div>\n\t\t","protected":false},"excerpt":{"rendered":"<p>Gemeinschaft &amp; Menschen GMZ ist ein Hersteller, nicht nur ein Exporteur. Wir sind stolz auf das, was wir herstellen, aber wir sind ebenso stolz darauf, wie wir arbeiten. Wir folgen einer strengen Unternehmensverantwortungspolitik, die faire L\u00f6hne und Arbeitsbedingungen umfasst, die den Bed\u00fcrfnissen und Erwartungen unserer weltweiten Kunden entsprechen. Unsere Schwerpunkte umfassen faire Einstellungspraktiken; sichere Arbeitszeiten; [&hellip;]<\/p>\n","protected":false},"author":1,"featured_media":0,"parent":0,"menu_order":0,"comment_status":"closed","ping_status":"closed","template":"","meta":{"_joinchat":[],"footnotes":""},"class_list":["post-7651","page","type-page","status-publish","hentry"],"blocksy_meta":{"has_hero_section":"disabled","vertical_spacing_source":"custom","content_area_spacing":"none"},"acf":[],"yoast_head":"<!-- This site is optimized with the Yoast SEO Premium plugin v22.5 (Yoast SEO v26.6) - https:\/\/yoast.com\/wordpress\/plugins\/seo\/ -->\n<title>Gemeinschaft &amp; Menschen - GMZ<\/title>\n<meta name=\"description\" content=\"Bei GMZ stehen Gemeinschaft und Menschen im Mittelpunkt. Wir bieten faire L\u00f6hne, sichere Arbeitsbedingungen und halten uns an ethische Arbeitspraktiken.\" \/>\n<meta name=\"robots\" content=\"index, follow, max-snippet:-1, max-image-preview:large, max-video-preview:-1\" \/>\n<link rel=\"canonical\" href=\"https:\/\/gmz.ltd\/de\/gemeinschaft-menschen\/\" \/>\n<meta property=\"og:locale\" content=\"de_DE\" \/>\n<meta property=\"og:type\" content=\"article\" \/>\n<meta property=\"og:title\" content=\"Gemeinschaft &amp; Menschen\" \/>\n<meta property=\"og:description\" content=\"Bei GMZ stehen Gemeinschaft und Menschen im Mittelpunkt. Wir bieten faire L\u00f6hne, sichere Arbeitsbedingungen und halten uns an ethische Arbeitspraktiken.\" \/>\n<meta property=\"og:url\" content=\"https:\/\/gmz.ltd\/de\/gemeinschaft-menschen\/\" \/>\n<meta property=\"og:site_name\" content=\"GMZ\" \/>\n<meta property=\"article:modified_time\" content=\"2024-03-22T06:10:55+00:00\" \/>\n<meta property=\"og:image\" content=\"https:\/\/gmz.ltd\/wp-content\/uploads\/2023\/09\/line.png\" \/>\n<meta name=\"twitter:card\" content=\"summary_large_image\" \/>\n<meta name=\"twitter:label1\" content=\"Gesch\u00e4tzte Lesezeit\" \/>\n\t<meta name=\"twitter:data1\" content=\"1\u00a0Minute\" \/>\n<script type=\"application\/ld+json\" class=\"yoast-schema-graph\">{\"@context\":\"https:\/\/schema.org\",\"@graph\":[{\"@type\":\"WebPage\",\"@id\":\"https:\/\/gmz.ltd\/de\/gemeinschaft-menschen\/\",\"url\":\"https:\/\/gmz.ltd\/de\/gemeinschaft-menschen\/\",\"name\":\"Gemeinschaft &amp; Menschen - GMZ\",\"isPartOf\":{\"@id\":\"https:\/\/gmz.ltd\/de\/#website\"},\"primaryImageOfPage\":{\"@id\":\"https:\/\/gmz.ltd\/de\/gemeinschaft-menschen\/#primaryimage\"},\"image\":{\"@id\":\"https:\/\/gmz.ltd\/de\/gemeinschaft-menschen\/#primaryimage\"},\"thumbnailUrl\":\"https:\/\/gmz.ltd\/wp-content\/uploads\/2023\/09\/line.png\",\"datePublished\":\"2023-09-09T10:18:39+00:00\",\"dateModified\":\"2024-03-22T06:10:55+00:00\",\"description\":\"Bei GMZ stehen Gemeinschaft und Menschen im Mittelpunkt. Wir bieten faire L\u00f6hne, sichere Arbeitsbedingungen und halten uns an ethische Arbeitspraktiken.\",\"breadcrumb\":{\"@id\":\"https:\/\/gmz.ltd\/de\/gemeinschaft-menschen\/#breadcrumb\"},\"inLanguage\":\"de\",\"potentialAction\":[{\"@type\":\"ReadAction\",\"target\":[\"https:\/\/gmz.ltd\/de\/gemeinschaft-menschen\/\"]}]},{\"@type\":\"ImageObject\",\"inLanguage\":\"de\",\"@id\":\"https:\/\/gmz.ltd\/de\/gemeinschaft-menschen\/#primaryimage\",\"url\":\"https:\/\/gmz.ltd\/wp-content\/uploads\/2023\/09\/line.png\",\"contentUrl\":\"https:\/\/gmz.ltd\/wp-content\/uploads\/2023\/09\/line.png\"},{\"@type\":\"BreadcrumbList\",\"@id\":\"https:\/\/gmz.ltd\/de\/gemeinschaft-menschen\/#breadcrumb\",\"itemListElement\":[{\"@type\":\"ListItem\",\"position\":1,\"name\":\"Heim\",\"item\":\"https:\/\/gmz.ltd\/de\/\"},{\"@type\":\"ListItem\",\"position\":2,\"name\":\"Gemeinschaft &amp; Menschen\"}]},{\"@type\":\"WebSite\",\"@id\":\"https:\/\/gmz.ltd\/de\/#website\",\"url\":\"https:\/\/gmz.ltd\/de\/\",\"name\":\"GMZ\",\"description\":\"\",\"publisher\":{\"@id\":\"https:\/\/gmz.ltd\/de\/#organization\"},\"potentialAction\":[{\"@type\":\"SearchAction\",\"target\":{\"@type\":\"EntryPoint\",\"urlTemplate\":\"https:\/\/gmz.ltd\/de\/?s={search_term_string}\"},\"query-input\":{\"@type\":\"PropertyValueSpecification\",\"valueRequired\":true,\"valueName\":\"search_term_string\"}}],\"inLanguage\":\"de\"},{\"@type\":\"Organization\",\"@id\":\"https:\/\/gmz.ltd\/de\/#organization\",\"name\":\"GMZ\",\"url\":\"https:\/\/gmz.ltd\/de\/\",\"logo\":{\"@type\":\"ImageObject\",\"inLanguage\":\"de\",\"@id\":\"https:\/\/gmz.ltd\/de\/#\/schema\/logo\/image\/\",\"url\":\"https:\/\/gmz.ltd\/wp-content\/uploads\/2024\/11\/gmzpack.svg\",\"contentUrl\":\"https:\/\/gmz.ltd\/wp-content\/uploads\/2024\/11\/gmzpack.svg\",\"width\":170,\"height\":79,\"caption\":\"GMZ\"},\"image\":{\"@id\":\"https:\/\/gmz.ltd\/de\/#\/schema\/logo\/image\/\"}}]}<\/script>\n<!-- \/ Yoast SEO Premium plugin. -->","yoast_head_json":{"title":"Gemeinschaft &amp; Menschen - GMZ","description":"Bei GMZ stehen Gemeinschaft und Menschen im Mittelpunkt. Wir bieten faire L\u00f6hne, sichere Arbeitsbedingungen und halten uns an ethische Arbeitspraktiken.","robots":{"index":"index","follow":"follow","max-snippet":"max-snippet:-1","max-image-preview":"max-image-preview:large","max-video-preview":"max-video-preview:-1"},"canonical":"https:\/\/gmz.ltd\/de\/gemeinschaft-menschen\/","og_locale":"de_DE","og_type":"article","og_title":"Gemeinschaft &amp; Menschen","og_description":"Bei GMZ stehen Gemeinschaft und Menschen im Mittelpunkt. Wir bieten faire L\u00f6hne, sichere Arbeitsbedingungen und halten uns an ethische Arbeitspraktiken.","og_url":"https:\/\/gmz.ltd\/de\/gemeinschaft-menschen\/","og_site_name":"GMZ","article_modified_time":"2024-03-22T06:10:55+00:00","og_image":[{"url":"https:\/\/gmz.ltd\/wp-content\/uploads\/2023\/09\/line.png","type":"","width":"","height":""}],"twitter_card":"summary_large_image","twitter_misc":{"Gesch\u00e4tzte Lesezeit":"1\u00a0Minute"},"schema":{"@context":"https:\/\/schema.org","@graph":[{"@type":"WebPage","@id":"https:\/\/gmz.ltd\/de\/gemeinschaft-menschen\/","url":"https:\/\/gmz.ltd\/de\/gemeinschaft-menschen\/","name":"Gemeinschaft &amp; Menschen - GMZ","isPartOf":{"@id":"https:\/\/gmz.ltd\/de\/#website"},"primaryImageOfPage":{"@id":"https:\/\/gmz.ltd\/de\/gemeinschaft-menschen\/#primaryimage"},"image":{"@id":"https:\/\/gmz.ltd\/de\/gemeinschaft-menschen\/#primaryimage"},"thumbnailUrl":"https:\/\/gmz.ltd\/wp-content\/uploads\/2023\/09\/line.png","datePublished":"2023-09-09T10:18:39+00:00","dateModified":"2024-03-22T06:10:55+00:00","description":"Bei GMZ stehen Gemeinschaft und Menschen im Mittelpunkt. Wir bieten faire L\u00f6hne, sichere Arbeitsbedingungen und halten uns an ethische Arbeitspraktiken.","breadcrumb":{"@id":"https:\/\/gmz.ltd\/de\/gemeinschaft-menschen\/#breadcrumb"},"inLanguage":"de","potentialAction":[{"@type":"ReadAction","target":["https:\/\/gmz.ltd\/de\/gemeinschaft-menschen\/"]}]},{"@type":"ImageObject","inLanguage":"de","@id":"https:\/\/gmz.ltd\/de\/gemeinschaft-menschen\/#primaryimage","url":"https:\/\/gmz.ltd\/wp-content\/uploads\/2023\/09\/line.png","contentUrl":"https:\/\/gmz.ltd\/wp-content\/uploads\/2023\/09\/line.png"},{"@type":"BreadcrumbList","@id":"https:\/\/gmz.ltd\/de\/gemeinschaft-menschen\/#breadcrumb","itemListElement":[{"@type":"ListItem","position":1,"name":"Heim","item":"https:\/\/gmz.ltd\/de\/"},{"@type":"ListItem","position":2,"name":"Gemeinschaft &amp; Menschen"}]},{"@type":"WebSite","@id":"https:\/\/gmz.ltd\/de\/#website","url":"https:\/\/gmz.ltd\/de\/","name":"GMZ","description":"","publisher":{"@id":"https:\/\/gmz.ltd\/de\/#organization"},"potentialAction":[{"@type":"SearchAction","target":{"@type":"EntryPoint","urlTemplate":"https:\/\/gmz.ltd\/de\/?s={search_term_string}"},"query-input":{"@type":"PropertyValueSpecification","valueRequired":true,"valueName":"search_term_string"}}],"inLanguage":"de"},{"@type":"Organization","@id":"https:\/\/gmz.ltd\/de\/#organization","name":"GMZ","url":"https:\/\/gmz.ltd\/de\/","logo":{"@type":"ImageObject","inLanguage":"de","@id":"https:\/\/gmz.ltd\/de\/#\/schema\/logo\/image\/","url":"https:\/\/gmz.ltd\/wp-content\/uploads\/2024\/11\/gmzpack.svg","contentUrl":"https:\/\/gmz.ltd\/wp-content\/uploads\/2024\/11\/gmzpack.svg","width":170,"height":79,"caption":"GMZ"},"image":{"@id":"https:\/\/gmz.ltd\/de\/#\/schema\/logo\/image\/"}}]}},"_links":{"self":[{"href":"https:\/\/gmz.ltd\/de\/wp-json\/wp\/v2\/pages\/7651","targetHints":{"allow":["GET"]}}],"collection":[{"href":"https:\/\/gmz.ltd\/de\/wp-json\/wp\/v2\/pages"}],"about":[{"href":"https:\/\/gmz.ltd\/de\/wp-json\/wp\/v2\/types\/page"}],"author":[{"embeddable":true,"href":"https:\/\/gmz.ltd\/de\/wp-json\/wp\/v2\/users\/1"}],"replies":[{"embeddable":true,"href":"https:\/\/gmz.ltd\/de\/wp-json\/wp\/v2\/comments?post=7651"}],"version-history":[{"count":1,"href":"https:\/\/gmz.ltd\/de\/wp-json\/wp\/v2\/pages\/7651\/revisions"}],"predecessor-version":[{"id":7652,"href":"https:\/\/gmz.ltd\/de\/wp-json\/wp\/v2\/pages\/7651\/revisions\/7652"}],"wp:attachment":[{"href":"https:\/\/gmz.ltd\/de\/wp-json\/wp\/v2\/media?parent=7651"}],"curies":[{"name":"wp","href":"https:\/\/api.w.org\/{rel}","templated":true}]}}