{"id":7767,"date":"2023-09-08T01:54:51","date_gmt":"2023-09-08T01:54:51","guid":{"rendered":"https:\/\/gmz.ltd\/nachhaltigkeit\/"},"modified":"2024-03-27T07:19:13","modified_gmt":"2024-03-27T07:19:13","slug":"nachhaltigkeit","status":"publish","type":"page","link":"https:\/\/gmz.ltd\/de\/nachhaltigkeit\/","title":{"rendered":"Nachhaltigkeit"},"content":{"rendered":"\t\t<div data-elementor-type=\"wp-page\" data-elementor-id=\"7767\" class=\"elementor elementor-7767 elementor-40\" data-elementor-settings=\"{&quot;ha_cmc_init_switcher&quot;:&quot;no&quot;}\" data-elementor-post-type=\"page\">\n\t\t\t\t<div class=\"elementor-element elementor-element-bf0d96d e-flex e-con-boxed e-con e-parent\" data-id=\"bf0d96d\" data-element_type=\"container\" data-settings=\"{&quot;background_background&quot;:&quot;classic&quot;,&quot;_ha_eqh_enable&quot;:false}\">\n\t\t\t\t\t<div class=\"e-con-inner\">\n\t\t\t\t<div class=\"elementor-element elementor-element-52eb985 elementor-widget elementor-widget-heading\" data-id=\"52eb985\" data-element_type=\"widget\" data-widget_type=\"heading.default\">\n\t\t\t\t<div class=\"elementor-widget-container\">\n\t\t\t\t\t<h1 class=\"elementor-heading-title elementor-size-default\">Nachhaltigkeit<\/h1>\t\t\t\t<\/div>\n\t\t\t\t<\/div>\n\t\t\t\t<div class=\"elementor-element elementor-element-c4a0605 elementor-widget elementor-widget-image\" data-id=\"c4a0605\" data-element_type=\"widget\" data-widget_type=\"image.default\">\n\t\t\t\t<div class=\"elementor-widget-container\">\n\t\t\t\t\t\t\t\t\t\t\t\t\t\t\t<img decoding=\"async\" width=\"320\" height=\"16\" src=\"https:\/\/gmz.ltd\/wp-content\/uploads\/2023\/09\/line.png\" class=\"attachment-large size-large wp-image-4706\" alt=\"\" srcset=\"https:\/\/gmz.ltd\/wp-content\/uploads\/2023\/09\/line.png 320w, https:\/\/gmz.ltd\/wp-content\/uploads\/2023\/09\/line-300x15.png 300w\" sizes=\"(max-width: 320px) 100vw, 320px\" \/>\t\t\t\t\t\t\t\t\t\t\t\t\t\t\t<\/div>\n\t\t\t\t<\/div>\n\t\t\t\t<div class=\"elementor-element elementor-element-01497b1 elementor-widget elementor-widget-text-editor\" data-id=\"01497b1\" data-element_type=\"widget\" data-widget_type=\"text-editor.default\">\n\t\t\t\t<div class=\"elementor-widget-container\">\n\t\t\t\t\t\t\t\t\t<p>Indem Sie sich f\u00fcr GMZ entscheiden, unterst\u00fctzen Sie ein Unternehmen, das sich f\u00fcr <br \/>Umwelt- und Sozialverantwortung einsetzt.<\/p>\n\t\t\t\t\t\t\t\t<\/div>\n\t\t\t\t<\/div>\n\t\t\t\t\t<\/div>\n\t\t\t\t<\/div>\n\t\t<div class=\"elementor-element elementor-element-2c28081 e-con-full e-flex e-con e-parent\" data-id=\"2c28081\" data-element_type=\"container\" data-settings=\"{&quot;_ha_eqh_enable&quot;:false}\">\n\t\t<div class=\"elementor-element elementor-element-6bfcf03 e-con-full e-flex e-con e-child\" data-id=\"6bfcf03\" data-element_type=\"container\" data-settings=\"{&quot;background_background&quot;:&quot;classic&quot;,&quot;_ha_eqh_enable&quot;:false}\">\n\t\t\t\t<\/div>\n\t\t<div class=\"elementor-element elementor-element-c5e9fb0 e-con-full e-flex e-con e-child\" data-id=\"c5e9fb0\" data-element_type=\"container\" data-settings=\"{&quot;background_background&quot;:&quot;classic&quot;,&quot;_ha_eqh_enable&quot;:false}\">\n\t\t<div class=\"elementor-element elementor-element-698f66b e-flex e-con-boxed elementor-invisible e-con e-child\" data-id=\"698f66b\" data-element_type=\"container\" data-settings=\"{&quot;animation&quot;:&quot;zoomIn&quot;,&quot;_ha_eqh_enable&quot;:false}\">\n\t\t\t\t\t<div class=\"e-con-inner\">\n\t\t\t\t<div class=\"elementor-element elementor-element-e0c6309 elementor-widget elementor-widget-heading\" data-id=\"e0c6309\" data-element_type=\"widget\" data-widget_type=\"heading.default\">\n\t\t\t\t<div class=\"elementor-widget-container\">\n\t\t\t\t\t<h2 class=\"elementor-heading-title elementor-size-default\">Umwelt<\/h2>\t\t\t\t<\/div>\n\t\t\t\t<\/div>\n\t\t\t\t<div class=\"elementor-element elementor-element-51aa5ee elementor-widget elementor-widget-text-editor\" data-id=\"51aa5ee\" data-element_type=\"widget\" data-widget_type=\"text-editor.default\">\n\t\t\t\t<div class=\"elementor-widget-container\">\n\t\t\t\t\t\t\t\t\t<p>Bei GMZ ist unser Ansatz zur Umwelt ganzheitlich. Wir sind ein umweltbewusstes Unternehmen, deshalb streben wir kontinuierlich danach, uns zu verbessern und zu innovieren, um unsere Umwelt zu erhalten und unsere eigene Zukunft zu sichern.<\/p>\n\t\t\t\t\t\t\t\t<\/div>\n\t\t\t\t<\/div>\n\t\t\t\t<div class=\"elementor-element elementor-element-22493b6 elementor-align-center elementor-widget elementor-widget-button\" data-id=\"22493b6\" data-element_type=\"widget\" data-widget_type=\"button.default\">\n\t\t\t\t<div class=\"elementor-widget-container\">\n\t\t\t\t\t\t\t\t\t<div class=\"elementor-button-wrapper\">\n\t\t\t\t\t<a class=\"elementor-button elementor-button-link elementor-size-md\" href=\"https:\/\/gmz.ltd\/de\/umwelt\/\">\n\t\t\t\t\t\t<span class=\"elementor-button-content-wrapper\">\n\t\t\t\t\t\t\t\t\t<span class=\"elementor-button-text\">Mehr erfahren<\/span>\n\t\t\t\t\t<\/span>\n\t\t\t\t\t<\/a>\n\t\t\t\t<\/div>\n\t\t\t\t\t\t\t\t<\/div>\n\t\t\t\t<\/div>\n\t\t\t\t\t<\/div>\n\t\t\t\t<\/div>\n\t\t\t\t<\/div>\n\t\t\t\t<\/div>\n\t\t<div class=\"elementor-element elementor-element-bee9595 e-con-full e-flex e-con e-parent\" data-id=\"bee9595\" data-element_type=\"container\" data-settings=\"{&quot;_ha_eqh_enable&quot;:false}\">\n\t\t<div class=\"elementor-element elementor-element-73c00bf e-con-full e-flex e-con e-child\" data-id=\"73c00bf\" data-element_type=\"container\" data-settings=\"{&quot;background_background&quot;:&quot;classic&quot;,&quot;_ha_eqh_enable&quot;:false}\">\n\t\t<div class=\"elementor-element elementor-element-087ba59 e-flex e-con-boxed elementor-invisible e-con e-child\" data-id=\"087ba59\" data-element_type=\"container\" data-settings=\"{&quot;animation&quot;:&quot;zoomIn&quot;,&quot;_ha_eqh_enable&quot;:false}\">\n\t\t\t\t\t<div class=\"e-con-inner\">\n\t\t\t\t<div class=\"elementor-element elementor-element-7fa4016 elementor-widget elementor-widget-heading\" data-id=\"7fa4016\" data-element_type=\"widget\" data-widget_type=\"heading.default\">\n\t\t\t\t<div class=\"elementor-widget-container\">\n\t\t\t\t\t<h2 class=\"elementor-heading-title elementor-size-default\">Gemeinschaft &amp; Menschen<\/h2>\t\t\t\t<\/div>\n\t\t\t\t<\/div>\n\t\t\t\t<div class=\"elementor-element elementor-element-c0f03d9 elementor-widget elementor-widget-text-editor\" data-id=\"c0f03d9\" data-element_type=\"widget\" data-widget_type=\"text-editor.default\">\n\t\t\t\t<div class=\"elementor-widget-container\">\n\t\t\t\t\t\t\t\t\t<p>Wir sind nicht nur Exporteur, sondern auch Hersteller.<br \/>GMZ achtet stets auf die soziale Verantwortung des Unternehmens und ist stolz darauf, die Sozialverantwortungspr\u00fcfung von weltweiten Kunden bestanden zu haben, was uns dazu antreibt, weiter voranzuschreiten.<\/p>\n\t\t\t\t\t\t\t\t<\/div>\n\t\t\t\t<\/div>\n\t\t\t\t<div class=\"elementor-element elementor-element-2188f93 elementor-align-center elementor-widget elementor-widget-button\" data-id=\"2188f93\" data-element_type=\"widget\" data-widget_type=\"button.default\">\n\t\t\t\t<div class=\"elementor-widget-container\">\n\t\t\t\t\t\t\t\t\t<div class=\"elementor-button-wrapper\">\n\t\t\t\t\t<a class=\"elementor-button elementor-button-link elementor-size-md\" href=\"https:\/\/gmz.ltd\/de\/gemeinschaft-menschen\/\">\n\t\t\t\t\t\t<span class=\"elementor-button-content-wrapper\">\n\t\t\t\t\t\t\t\t\t<span class=\"elementor-button-text\">Mehr erfahren<\/span>\n\t\t\t\t\t<\/span>\n\t\t\t\t\t<\/a>\n\t\t\t\t<\/div>\n\t\t\t\t\t\t\t\t<\/div>\n\t\t\t\t<\/div>\n\t\t\t\t\t<\/div>\n\t\t\t\t<\/div>\n\t\t\t\t<\/div>\n\t\t<div class=\"elementor-element elementor-element-d68ec46 e-con-full e-flex e-con e-child\" data-id=\"d68ec46\" data-element_type=\"container\" data-settings=\"{&quot;background_background&quot;:&quot;classic&quot;,&quot;_ha_eqh_enable&quot;:false}\">\n\t\t\t\t<\/div>\n\t\t\t\t<\/div>\n\t\t<div class=\"elementor-element elementor-element-3ee0822 e-flex e-con-boxed e-con e-parent\" data-id=\"3ee0822\" data-element_type=\"container\" data-settings=\"{&quot;background_background&quot;:&quot;classic&quot;,&quot;_ha_eqh_enable&quot;:false}\">\n\t\t\t\t\t<div class=\"e-con-inner\">\n\t\t\t\t<div class=\"elementor-element elementor-element-95bd2e7 elementor-widget elementor-widget-heading\" data-id=\"95bd2e7\" data-element_type=\"widget\" data-widget_type=\"heading.default\">\n\t\t\t\t<div class=\"elementor-widget-container\">\n\t\t\t\t\t<h2 class=\"elementor-heading-title elementor-size-default\">Interessieren Sie sich f\u00fcr unsere Produkte?<\/h2>\t\t\t\t<\/div>\n\t\t\t\t<\/div>\n\t\t\t\t<div class=\"elementor-element elementor-element-6453479 elementor-widget elementor-widget-text-editor\" data-id=\"6453479\" data-element_type=\"widget\" data-widget_type=\"text-editor.default\">\n\t\t\t\t<div class=\"elementor-widget-container\">\n\t\t\t\t\t\t\t\t\t<p>Nehmen Sie einfach Kontakt auf und wir werden Ihnen bei Ihrer Anfrage helfen k\u00f6nnen.<\/p>\n\t\t\t\t\t\t\t\t<\/div>\n\t\t\t\t<\/div>\n\t\t\t\t<div class=\"elementor-element elementor-element-295743b elementor-align-center elementor-widget elementor-widget-button\" data-id=\"295743b\" data-element_type=\"widget\" data-widget_type=\"button.default\">\n\t\t\t\t<div class=\"elementor-widget-container\">\n\t\t\t\t\t\t\t\t\t<div class=\"elementor-button-wrapper\">\n\t\t\t\t\t<a class=\"elementor-button elementor-button-link elementor-size-md\" href=\"https:\/\/gmz.ltd\/de\/kontaktieren-sie-uns\/\">\n\t\t\t\t\t\t<span class=\"elementor-button-content-wrapper\">\n\t\t\t\t\t\t\t\t\t<span class=\"elementor-button-text\">Kontaktieren Sie uns<\/span>\n\t\t\t\t\t<\/span>\n\t\t\t\t\t<\/a>\n\t\t\t\t<\/div>\n\t\t\t\t\t\t\t\t<\/div>\n\t\t\t\t<\/div>\n\t\t\t\t\t<\/div>\n\t\t\t\t<\/div>\n\t\t\t\t<\/div>\n\t\t","protected":false},"excerpt":{"rendered":"<p>Nachhaltigkeit Indem Sie sich f\u00fcr GMZ entscheiden, unterst\u00fctzen Sie ein Unternehmen, das sich f\u00fcr Umwelt- und Sozialverantwortung einsetzt. Umwelt Bei GMZ ist unser Ansatz zur Umwelt ganzheitlich. Wir sind ein umweltbewusstes Unternehmen, deshalb streben wir kontinuierlich danach, uns zu verbessern und zu innovieren, um unsere Umwelt zu erhalten und unsere eigene Zukunft zu sichern. Mehr [&hellip;]<\/p>\n","protected":false},"author":1,"featured_media":0,"parent":0,"menu_order":0,"comment_status":"closed","ping_status":"closed","template":"","meta":{"_joinchat":[],"footnotes":""},"class_list":["post-7767","page","type-page","status-publish","hentry"],"blocksy_meta":{"has_hero_section":"disabled","vertical_spacing_source":"custom","content_area_spacing":"none"},"acf":[],"yoast_head":"<!-- This site is optimized with the Yoast SEO Premium plugin v22.5 (Yoast SEO v26.6) - https:\/\/yoast.com\/wordpress\/plugins\/seo\/ -->\n<title>Nachhaltigkeit - Unsere PraktikenGMZ<\/title>\n<meta name=\"description\" content=\"Erfahren Sie mehr \u00fcber die Nachhaltigkeitsbem\u00fchungen von GMZ. Wir sind darauf spezialisiert, umweltfreundliche Lebensmittelverpackungsprodukte und ethische Praktiken anzubieten\" \/>\n<meta name=\"robots\" content=\"index, follow, max-snippet:-1, max-image-preview:large, max-video-preview:-1\" \/>\n<link rel=\"canonical\" href=\"https:\/\/gmz.ltd\/de\/nachhaltigkeit\/\" \/>\n<meta property=\"og:locale\" content=\"de_DE\" \/>\n<meta property=\"og:type\" content=\"article\" \/>\n<meta property=\"og:title\" content=\"Nachhaltigkeit\" \/>\n<meta property=\"og:description\" content=\"Erfahren Sie mehr \u00fcber die Nachhaltigkeitsbem\u00fchungen von GMZ. Wir sind darauf spezialisiert, umweltfreundliche Lebensmittelverpackungsprodukte und ethische Praktiken anzubieten\" \/>\n<meta property=\"og:url\" content=\"https:\/\/gmz.ltd\/de\/nachhaltigkeit\/\" \/>\n<meta property=\"og:site_name\" content=\"GMZ\" \/>\n<meta property=\"article:modified_time\" content=\"2024-03-27T07:19:13+00:00\" \/>\n<meta property=\"og:image\" content=\"https:\/\/gmz.ltd\/wp-content\/uploads\/2023\/09\/line.png\" \/>\n<meta name=\"twitter:card\" content=\"summary_large_image\" \/>\n<meta name=\"twitter:label1\" content=\"Gesch\u00e4tzte Lesezeit\" \/>\n\t<meta name=\"twitter:data1\" content=\"1\u00a0Minute\" \/>\n<script type=\"application\/ld+json\" class=\"yoast-schema-graph\">{\"@context\":\"https:\/\/schema.org\",\"@graph\":[{\"@type\":\"WebPage\",\"@id\":\"https:\/\/gmz.ltd\/de\/nachhaltigkeit\/\",\"url\":\"https:\/\/gmz.ltd\/de\/nachhaltigkeit\/\",\"name\":\"Nachhaltigkeit - Unsere PraktikenGMZ\",\"isPartOf\":{\"@id\":\"https:\/\/gmz.ltd\/de\/#website\"},\"primaryImageOfPage\":{\"@id\":\"https:\/\/gmz.ltd\/de\/nachhaltigkeit\/#primaryimage\"},\"image\":{\"@id\":\"https:\/\/gmz.ltd\/de\/nachhaltigkeit\/#primaryimage\"},\"thumbnailUrl\":\"https:\/\/gmz.ltd\/wp-content\/uploads\/2023\/09\/line.png\",\"datePublished\":\"2023-09-08T01:54:51+00:00\",\"dateModified\":\"2024-03-27T07:19:13+00:00\",\"description\":\"Erfahren Sie mehr \u00fcber die Nachhaltigkeitsbem\u00fchungen von GMZ. Wir sind darauf spezialisiert, umweltfreundliche Lebensmittelverpackungsprodukte und ethische Praktiken anzubieten\",\"breadcrumb\":{\"@id\":\"https:\/\/gmz.ltd\/de\/nachhaltigkeit\/#breadcrumb\"},\"inLanguage\":\"de\",\"potentialAction\":[{\"@type\":\"ReadAction\",\"target\":[\"https:\/\/gmz.ltd\/de\/nachhaltigkeit\/\"]}]},{\"@type\":\"ImageObject\",\"inLanguage\":\"de\",\"@id\":\"https:\/\/gmz.ltd\/de\/nachhaltigkeit\/#primaryimage\",\"url\":\"https:\/\/gmz.ltd\/wp-content\/uploads\/2023\/09\/line.png\",\"contentUrl\":\"https:\/\/gmz.ltd\/wp-content\/uploads\/2023\/09\/line.png\"},{\"@type\":\"BreadcrumbList\",\"@id\":\"https:\/\/gmz.ltd\/de\/nachhaltigkeit\/#breadcrumb\",\"itemListElement\":[{\"@type\":\"ListItem\",\"position\":1,\"name\":\"Heim\",\"item\":\"https:\/\/gmz.ltd\/de\/\"},{\"@type\":\"ListItem\",\"position\":2,\"name\":\"Nachhaltigkeit\"}]},{\"@type\":\"WebSite\",\"@id\":\"https:\/\/gmz.ltd\/de\/#website\",\"url\":\"https:\/\/gmz.ltd\/de\/\",\"name\":\"GMZ\",\"description\":\"\",\"publisher\":{\"@id\":\"https:\/\/gmz.ltd\/de\/#organization\"},\"potentialAction\":[{\"@type\":\"SearchAction\",\"target\":{\"@type\":\"EntryPoint\",\"urlTemplate\":\"https:\/\/gmz.ltd\/de\/?s={search_term_string}\"},\"query-input\":{\"@type\":\"PropertyValueSpecification\",\"valueRequired\":true,\"valueName\":\"search_term_string\"}}],\"inLanguage\":\"de\"},{\"@type\":\"Organization\",\"@id\":\"https:\/\/gmz.ltd\/de\/#organization\",\"name\":\"GMZ\",\"url\":\"https:\/\/gmz.ltd\/de\/\",\"logo\":{\"@type\":\"ImageObject\",\"inLanguage\":\"de\",\"@id\":\"https:\/\/gmz.ltd\/de\/#\/schema\/logo\/image\/\",\"url\":\"https:\/\/gmz.ltd\/wp-content\/uploads\/2024\/11\/gmzpack.svg\",\"contentUrl\":\"https:\/\/gmz.ltd\/wp-content\/uploads\/2024\/11\/gmzpack.svg\",\"width\":170,\"height\":79,\"caption\":\"GMZ\"},\"image\":{\"@id\":\"https:\/\/gmz.ltd\/de\/#\/schema\/logo\/image\/\"}}]}<\/script>\n<!-- \/ Yoast SEO Premium plugin. -->","yoast_head_json":{"title":"Nachhaltigkeit - Unsere PraktikenGMZ","description":"Erfahren Sie mehr \u00fcber die Nachhaltigkeitsbem\u00fchungen von GMZ. Wir sind darauf spezialisiert, umweltfreundliche Lebensmittelverpackungsprodukte und ethische Praktiken anzubieten","robots":{"index":"index","follow":"follow","max-snippet":"max-snippet:-1","max-image-preview":"max-image-preview:large","max-video-preview":"max-video-preview:-1"},"canonical":"https:\/\/gmz.ltd\/de\/nachhaltigkeit\/","og_locale":"de_DE","og_type":"article","og_title":"Nachhaltigkeit","og_description":"Erfahren Sie mehr \u00fcber die Nachhaltigkeitsbem\u00fchungen von GMZ. Wir sind darauf spezialisiert, umweltfreundliche Lebensmittelverpackungsprodukte und ethische Praktiken anzubieten","og_url":"https:\/\/gmz.ltd\/de\/nachhaltigkeit\/","og_site_name":"GMZ","article_modified_time":"2024-03-27T07:19:13+00:00","og_image":[{"url":"https:\/\/gmz.ltd\/wp-content\/uploads\/2023\/09\/line.png","type":"","width":"","height":""}],"twitter_card":"summary_large_image","twitter_misc":{"Gesch\u00e4tzte Lesezeit":"1\u00a0Minute"},"schema":{"@context":"https:\/\/schema.org","@graph":[{"@type":"WebPage","@id":"https:\/\/gmz.ltd\/de\/nachhaltigkeit\/","url":"https:\/\/gmz.ltd\/de\/nachhaltigkeit\/","name":"Nachhaltigkeit - Unsere PraktikenGMZ","isPartOf":{"@id":"https:\/\/gmz.ltd\/de\/#website"},"primaryImageOfPage":{"@id":"https:\/\/gmz.ltd\/de\/nachhaltigkeit\/#primaryimage"},"image":{"@id":"https:\/\/gmz.ltd\/de\/nachhaltigkeit\/#primaryimage"},"thumbnailUrl":"https:\/\/gmz.ltd\/wp-content\/uploads\/2023\/09\/line.png","datePublished":"2023-09-08T01:54:51+00:00","dateModified":"2024-03-27T07:19:13+00:00","description":"Erfahren Sie mehr \u00fcber die Nachhaltigkeitsbem\u00fchungen von GMZ. Wir sind darauf spezialisiert, umweltfreundliche Lebensmittelverpackungsprodukte und ethische Praktiken anzubieten","breadcrumb":{"@id":"https:\/\/gmz.ltd\/de\/nachhaltigkeit\/#breadcrumb"},"inLanguage":"de","potentialAction":[{"@type":"ReadAction","target":["https:\/\/gmz.ltd\/de\/nachhaltigkeit\/"]}]},{"@type":"ImageObject","inLanguage":"de","@id":"https:\/\/gmz.ltd\/de\/nachhaltigkeit\/#primaryimage","url":"https:\/\/gmz.ltd\/wp-content\/uploads\/2023\/09\/line.png","contentUrl":"https:\/\/gmz.ltd\/wp-content\/uploads\/2023\/09\/line.png"},{"@type":"BreadcrumbList","@id":"https:\/\/gmz.ltd\/de\/nachhaltigkeit\/#breadcrumb","itemListElement":[{"@type":"ListItem","position":1,"name":"Heim","item":"https:\/\/gmz.ltd\/de\/"},{"@type":"ListItem","position":2,"name":"Nachhaltigkeit"}]},{"@type":"WebSite","@id":"https:\/\/gmz.ltd\/de\/#website","url":"https:\/\/gmz.ltd\/de\/","name":"GMZ","description":"","publisher":{"@id":"https:\/\/gmz.ltd\/de\/#organization"},"potentialAction":[{"@type":"SearchAction","target":{"@type":"EntryPoint","urlTemplate":"https:\/\/gmz.ltd\/de\/?s={search_term_string}"},"query-input":{"@type":"PropertyValueSpecification","valueRequired":true,"valueName":"search_term_string"}}],"inLanguage":"de"},{"@type":"Organization","@id":"https:\/\/gmz.ltd\/de\/#organization","name":"GMZ","url":"https:\/\/gmz.ltd\/de\/","logo":{"@type":"ImageObject","inLanguage":"de","@id":"https:\/\/gmz.ltd\/de\/#\/schema\/logo\/image\/","url":"https:\/\/gmz.ltd\/wp-content\/uploads\/2024\/11\/gmzpack.svg","contentUrl":"https:\/\/gmz.ltd\/wp-content\/uploads\/2024\/11\/gmzpack.svg","width":170,"height":79,"caption":"GMZ"},"image":{"@id":"https:\/\/gmz.ltd\/de\/#\/schema\/logo\/image\/"}}]}},"_links":{"self":[{"href":"https:\/\/gmz.ltd\/de\/wp-json\/wp\/v2\/pages\/7767","targetHints":{"allow":["GET"]}}],"collection":[{"href":"https:\/\/gmz.ltd\/de\/wp-json\/wp\/v2\/pages"}],"about":[{"href":"https:\/\/gmz.ltd\/de\/wp-json\/wp\/v2\/types\/page"}],"author":[{"embeddable":true,"href":"https:\/\/gmz.ltd\/de\/wp-json\/wp\/v2\/users\/1"}],"replies":[{"embeddable":true,"href":"https:\/\/gmz.ltd\/de\/wp-json\/wp\/v2\/comments?post=7767"}],"version-history":[{"count":1,"href":"https:\/\/gmz.ltd\/de\/wp-json\/wp\/v2\/pages\/7767\/revisions"}],"predecessor-version":[{"id":7768,"href":"https:\/\/gmz.ltd\/de\/wp-json\/wp\/v2\/pages\/7767\/revisions\/7768"}],"wp:attachment":[{"href":"https:\/\/gmz.ltd\/de\/wp-json\/wp\/v2\/media?parent=7767"}],"curies":[{"name":"wp","href":"https:\/\/api.w.org\/{rel}","templated":true}]}}