{"id":7807,"date":"2023-09-20T06:14:44","date_gmt":"2023-09-20T06:14:44","guid":{"rendered":"https:\/\/gmz.ltd\/product\/pizzakartons\/"},"modified":"2024-04-23T08:00:30","modified_gmt":"2024-04-23T08:00:30","slug":"pizzakartons","status":"publish","type":"product","link":"https:\/\/gmz.ltd\/de\/produkt\/pizzakartons\/","title":{"rendered":"Pizzakartons"},"content":{"rendered":"<p>Unsere Pizzakartons sind in verschiedenen Gr\u00f6\u00dfen verf\u00fcgbar, einschlie\u00dflich individuellem Druck. Einfach zu verwenden und von hoher H\u00e4rte.<\/p>\n","protected":false},"excerpt":{"rendered":"<p>Unsere Pizzakartons sind in verschiedenen Gr\u00f6\u00dfen verf\u00fcgbar, einschlie\u00dflich individuellem Druck. Einfach zu verwenden und von hoher H\u00e4rte.<\/p>\n<ul>\n<li>Niedrige MOQ<\/li>\n<li>Flach versendet<\/li>\n<li>Einfach zu benutzen<\/li>\n<li>Individueller Druck ist verf\u00fcgbar<\/li>\n<\/ul>\n","protected":false},"featured_media":5374,"template":"","meta":{"_joinchat":[]},"product_brand":[],"product_cat":[109],"product_tag":[],"class_list":{"0":"post-7807","1":"product","2":"type-product","3":"status-publish","4":"has-post-thumbnail","6":"product_cat-lebensmittelbehalter","8":"first","9":"instock","10":"shipping-taxable","11":"product-type-simple"},"acf":[],"yoast_head":"<!-- This site is optimized with the Yoast SEO Premium plugin v22.5 (Yoast SEO v26.6) - https:\/\/yoast.com\/wordpress\/plugins\/seo\/ -->\n<title>Hersteller &amp; Lieferant von Pizzakartons: Gro\u00dfhandel mit Pizzakartons aus Papier zu Gro\u00dfhandelspreisen. - GMZ<\/title>\n<meta name=\"description\" content=\"Entdecken Sie hochwertige, individuell gestaltete Pizzakartons mit niedrigen Mindestbestellmengen. W\u00e4hlen Sie GMZ, Ihren vertrauensw\u00fcrdigen Lieferanten f\u00fcr Pizzakartons bei Gro\u00df- und Gro\u00dfhandelsbestellungen. Passen Sie es mit Ihrem Markenlogo an.\" \/>\n<meta name=\"robots\" content=\"index, follow, max-snippet:-1, max-image-preview:large, max-video-preview:-1\" \/>\n<link rel=\"canonical\" href=\"https:\/\/gmz.ltd\/de\/produkt\/pizzakartons\/\" \/>\n<meta property=\"og:locale\" content=\"de_DE\" \/>\n<meta property=\"og:type\" content=\"article\" \/>\n<meta property=\"og:title\" content=\"Pizzakartons\" \/>\n<meta property=\"og:description\" content=\"Entdecken Sie hochwertige, individuell gestaltete Pizzakartons mit niedrigen Mindestbestellmengen. W\u00e4hlen Sie GMZ, Ihren vertrauensw\u00fcrdigen Lieferanten f\u00fcr Pizzakartons bei Gro\u00df- und Gro\u00dfhandelsbestellungen. Passen Sie es mit Ihrem Markenlogo an.\" \/>\n<meta property=\"og:url\" content=\"https:\/\/gmz.ltd\/de\/produkt\/pizzakartons\/\" \/>\n<meta property=\"og:site_name\" content=\"GMZ\" \/>\n<meta property=\"article:modified_time\" content=\"2024-04-23T08:00:30+00:00\" \/>\n<meta property=\"og:image\" content=\"https:\/\/gmz.ltd\/wp-content\/uploads\/2023\/09\/1-1.jpg\" \/>\n\t<meta property=\"og:image:width\" content=\"800\" \/>\n\t<meta property=\"og:image:height\" content=\"800\" \/>\n\t<meta property=\"og:image:type\" content=\"image\/jpeg\" \/>\n<meta name=\"twitter:card\" content=\"summary_large_image\" \/>\n<script type=\"application\/ld+json\" class=\"yoast-schema-graph\">{\"@context\":\"https:\/\/schema.org\",\"@graph\":[{\"@type\":\"WebPage\",\"@id\":\"https:\/\/gmz.ltd\/de\/produkt\/pizzakartons\/\",\"url\":\"https:\/\/gmz.ltd\/de\/produkt\/pizzakartons\/\",\"name\":\"Hersteller & Lieferant von Pizzakartons: Gro\u00dfhandel mit Pizzakartons aus Papier zu Gro\u00dfhandelspreisen. - GMZ\",\"isPartOf\":{\"@id\":\"https:\/\/gmz.ltd\/de\/#website\"},\"primaryImageOfPage\":{\"@id\":\"https:\/\/gmz.ltd\/de\/produkt\/pizzakartons\/#primaryimage\"},\"image\":{\"@id\":\"https:\/\/gmz.ltd\/de\/produkt\/pizzakartons\/#primaryimage\"},\"thumbnailUrl\":\"https:\/\/gmz.ltd\/wp-content\/uploads\/2023\/09\/1-1.jpg\",\"datePublished\":\"2023-09-20T06:14:44+00:00\",\"dateModified\":\"2024-04-23T08:00:30+00:00\",\"description\":\"Entdecken Sie hochwertige, individuell gestaltete Pizzakartons mit niedrigen Mindestbestellmengen. W\u00e4hlen Sie GMZ, Ihren vertrauensw\u00fcrdigen Lieferanten f\u00fcr Pizzakartons bei Gro\u00df- und Gro\u00dfhandelsbestellungen. Passen Sie es mit Ihrem Markenlogo an.\",\"breadcrumb\":{\"@id\":\"https:\/\/gmz.ltd\/de\/produkt\/pizzakartons\/#breadcrumb\"},\"inLanguage\":\"de\",\"potentialAction\":[{\"@type\":\"ReadAction\",\"target\":[\"https:\/\/gmz.ltd\/de\/produkt\/pizzakartons\/\"]}]},{\"@type\":\"ImageObject\",\"inLanguage\":\"de\",\"@id\":\"https:\/\/gmz.ltd\/de\/produkt\/pizzakartons\/#primaryimage\",\"url\":\"https:\/\/gmz.ltd\/wp-content\/uploads\/2023\/09\/1-1.jpg\",\"contentUrl\":\"https:\/\/gmz.ltd\/wp-content\/uploads\/2023\/09\/1-1.jpg\",\"width\":800,\"height\":800},{\"@type\":\"BreadcrumbList\",\"@id\":\"https:\/\/gmz.ltd\/de\/produkt\/pizzakartons\/#breadcrumb\",\"itemListElement\":[{\"@type\":\"ListItem\",\"position\":1,\"name\":\"Heim\",\"item\":\"https:\/\/gmz.ltd\/de\/\"},{\"@type\":\"ListItem\",\"position\":2,\"name\":\"Produkte\",\"item\":\"https:\/\/gmz.ltd\/de\/shop\/\"},{\"@type\":\"ListItem\",\"position\":3,\"name\":\"Lebensmittelbeh\u00e4lter\",\"item\":\"https:\/\/gmz.ltd\/de\/produkt-kategorie\/lebensmittelbehalter\/\"},{\"@type\":\"ListItem\",\"position\":4,\"name\":\"Pizzakartons\"}]},{\"@type\":\"WebSite\",\"@id\":\"https:\/\/gmz.ltd\/de\/#website\",\"url\":\"https:\/\/gmz.ltd\/de\/\",\"name\":\"GMZ\",\"description\":\"\",\"publisher\":{\"@id\":\"https:\/\/gmz.ltd\/de\/#organization\"},\"potentialAction\":[{\"@type\":\"SearchAction\",\"target\":{\"@type\":\"EntryPoint\",\"urlTemplate\":\"https:\/\/gmz.ltd\/de\/?s={search_term_string}\"},\"query-input\":{\"@type\":\"PropertyValueSpecification\",\"valueRequired\":true,\"valueName\":\"search_term_string\"}}],\"inLanguage\":\"de\"},{\"@type\":\"Organization\",\"@id\":\"https:\/\/gmz.ltd\/de\/#organization\",\"name\":\"GMZ\",\"url\":\"https:\/\/gmz.ltd\/de\/\",\"logo\":{\"@type\":\"ImageObject\",\"inLanguage\":\"de\",\"@id\":\"https:\/\/gmz.ltd\/de\/#\/schema\/logo\/image\/\",\"url\":\"https:\/\/gmz.ltd\/wp-content\/uploads\/2024\/11\/gmzpack.svg\",\"contentUrl\":\"https:\/\/gmz.ltd\/wp-content\/uploads\/2024\/11\/gmzpack.svg\",\"width\":170,\"height\":79,\"caption\":\"GMZ\"},\"image\":{\"@id\":\"https:\/\/gmz.ltd\/de\/#\/schema\/logo\/image\/\"}}]}<\/script>\n<!-- \/ Yoast SEO Premium plugin. -->","yoast_head_json":{"title":"Hersteller & Lieferant von Pizzakartons: Gro\u00dfhandel mit Pizzakartons aus Papier zu Gro\u00dfhandelspreisen. - GMZ","description":"Entdecken Sie hochwertige, individuell gestaltete Pizzakartons mit niedrigen Mindestbestellmengen. W\u00e4hlen Sie GMZ, Ihren vertrauensw\u00fcrdigen Lieferanten f\u00fcr Pizzakartons bei Gro\u00df- und Gro\u00dfhandelsbestellungen. Passen Sie es mit Ihrem Markenlogo an.","robots":{"index":"index","follow":"follow","max-snippet":"max-snippet:-1","max-image-preview":"max-image-preview:large","max-video-preview":"max-video-preview:-1"},"canonical":"https:\/\/gmz.ltd\/de\/produkt\/pizzakartons\/","og_locale":"de_DE","og_type":"article","og_title":"Pizzakartons","og_description":"Entdecken Sie hochwertige, individuell gestaltete Pizzakartons mit niedrigen Mindestbestellmengen. W\u00e4hlen Sie GMZ, Ihren vertrauensw\u00fcrdigen Lieferanten f\u00fcr Pizzakartons bei Gro\u00df- und Gro\u00dfhandelsbestellungen. Passen Sie es mit Ihrem Markenlogo an.","og_url":"https:\/\/gmz.ltd\/de\/produkt\/pizzakartons\/","og_site_name":"GMZ","article_modified_time":"2024-04-23T08:00:30+00:00","og_image":[{"width":800,"height":800,"url":"https:\/\/gmz.ltd\/wp-content\/uploads\/2023\/09\/1-1.jpg","type":"image\/jpeg"}],"twitter_card":"summary_large_image","schema":{"@context":"https:\/\/schema.org","@graph":[{"@type":"WebPage","@id":"https:\/\/gmz.ltd\/de\/produkt\/pizzakartons\/","url":"https:\/\/gmz.ltd\/de\/produkt\/pizzakartons\/","name":"Hersteller & Lieferant von Pizzakartons: Gro\u00dfhandel mit Pizzakartons aus Papier zu Gro\u00dfhandelspreisen. - GMZ","isPartOf":{"@id":"https:\/\/gmz.ltd\/de\/#website"},"primaryImageOfPage":{"@id":"https:\/\/gmz.ltd\/de\/produkt\/pizzakartons\/#primaryimage"},"image":{"@id":"https:\/\/gmz.ltd\/de\/produkt\/pizzakartons\/#primaryimage"},"thumbnailUrl":"https:\/\/gmz.ltd\/wp-content\/uploads\/2023\/09\/1-1.jpg","datePublished":"2023-09-20T06:14:44+00:00","dateModified":"2024-04-23T08:00:30+00:00","description":"Entdecken Sie hochwertige, individuell gestaltete Pizzakartons mit niedrigen Mindestbestellmengen. W\u00e4hlen Sie GMZ, Ihren vertrauensw\u00fcrdigen Lieferanten f\u00fcr Pizzakartons bei Gro\u00df- und Gro\u00dfhandelsbestellungen. Passen Sie es mit Ihrem Markenlogo an.","breadcrumb":{"@id":"https:\/\/gmz.ltd\/de\/produkt\/pizzakartons\/#breadcrumb"},"inLanguage":"de","potentialAction":[{"@type":"ReadAction","target":["https:\/\/gmz.ltd\/de\/produkt\/pizzakartons\/"]}]},{"@type":"ImageObject","inLanguage":"de","@id":"https:\/\/gmz.ltd\/de\/produkt\/pizzakartons\/#primaryimage","url":"https:\/\/gmz.ltd\/wp-content\/uploads\/2023\/09\/1-1.jpg","contentUrl":"https:\/\/gmz.ltd\/wp-content\/uploads\/2023\/09\/1-1.jpg","width":800,"height":800},{"@type":"BreadcrumbList","@id":"https:\/\/gmz.ltd\/de\/produkt\/pizzakartons\/#breadcrumb","itemListElement":[{"@type":"ListItem","position":1,"name":"Heim","item":"https:\/\/gmz.ltd\/de\/"},{"@type":"ListItem","position":2,"name":"Produkte","item":"https:\/\/gmz.ltd\/de\/shop\/"},{"@type":"ListItem","position":3,"name":"Lebensmittelbeh\u00e4lter","item":"https:\/\/gmz.ltd\/de\/produkt-kategorie\/lebensmittelbehalter\/"},{"@type":"ListItem","position":4,"name":"Pizzakartons"}]},{"@type":"WebSite","@id":"https:\/\/gmz.ltd\/de\/#website","url":"https:\/\/gmz.ltd\/de\/","name":"GMZ","description":"","publisher":{"@id":"https:\/\/gmz.ltd\/de\/#organization"},"potentialAction":[{"@type":"SearchAction","target":{"@type":"EntryPoint","urlTemplate":"https:\/\/gmz.ltd\/de\/?s={search_term_string}"},"query-input":{"@type":"PropertyValueSpecification","valueRequired":true,"valueName":"search_term_string"}}],"inLanguage":"de"},{"@type":"Organization","@id":"https:\/\/gmz.ltd\/de\/#organization","name":"GMZ","url":"https:\/\/gmz.ltd\/de\/","logo":{"@type":"ImageObject","inLanguage":"de","@id":"https:\/\/gmz.ltd\/de\/#\/schema\/logo\/image\/","url":"https:\/\/gmz.ltd\/wp-content\/uploads\/2024\/11\/gmzpack.svg","contentUrl":"https:\/\/gmz.ltd\/wp-content\/uploads\/2024\/11\/gmzpack.svg","width":170,"height":79,"caption":"GMZ"},"image":{"@id":"https:\/\/gmz.ltd\/de\/#\/schema\/logo\/image\/"}}]}},"_links":{"self":[{"href":"https:\/\/gmz.ltd\/de\/wp-json\/wp\/v2\/product\/7807","targetHints":{"allow":["GET"]}}],"collection":[{"href":"https:\/\/gmz.ltd\/de\/wp-json\/wp\/v2\/product"}],"about":[{"href":"https:\/\/gmz.ltd\/de\/wp-json\/wp\/v2\/types\/product"}],"version-history":[{"count":1,"href":"https:\/\/gmz.ltd\/de\/wp-json\/wp\/v2\/product\/7807\/revisions"}],"predecessor-version":[{"id":9530,"href":"https:\/\/gmz.ltd\/de\/wp-json\/wp\/v2\/product\/7807\/revisions\/9530"}],"wp:featuredmedia":[{"embeddable":true,"href":"https:\/\/gmz.ltd\/de\/wp-json\/wp\/v2\/media\/5374"}],"wp:attachment":[{"href":"https:\/\/gmz.ltd\/de\/wp-json\/wp\/v2\/media?parent=7807"}],"wp:term":[{"taxonomy":"product_brand","embeddable":true,"href":"https:\/\/gmz.ltd\/de\/wp-json\/wp\/v2\/product_brand?post=7807"},{"taxonomy":"product_cat","embeddable":true,"href":"https:\/\/gmz.ltd\/de\/wp-json\/wp\/v2\/product_cat?post=7807"},{"taxonomy":"product_tag","embeddable":true,"href":"https:\/\/gmz.ltd\/de\/wp-json\/wp\/v2\/product_tag?post=7807"}],"curies":[{"name":"wp","href":"https:\/\/api.w.org\/{rel}","templated":true}]}}