{"id":7811,"date":"2023-09-20T06:13:20","date_gmt":"2023-09-20T06:13:20","guid":{"rendered":"https:\/\/gmz.ltd\/product\/behaelter-fuer-essen-zum-mitnehmen\/"},"modified":"2023-09-20T06:13:20","modified_gmt":"2023-09-20T06:13:20","slug":"behaelter-fuer-essen-zum-mitnehmen","status":"publish","type":"product","link":"https:\/\/gmz.ltd\/de\/produkt\/behaelter-fuer-essen-zum-mitnehmen\/","title":{"rendered":"Beh\u00e4lter f\u00fcr Essen zum Mitnehmen"},"content":{"rendered":"<p>Unsere Serie von Lunchboxen zum Mitnehmen ist in einer breiten Palette von Modellen und Gr\u00f6\u00dfen verf\u00fcgbar, geeignet f\u00fcr die Bed\u00fcrfnisse der meisten Gastronomiem\u00e4rkte weltweit.<\/p>\n","protected":false},"excerpt":{"rendered":"<p>Entdecken Sie den perfekten Partner f\u00fcr Ihren Liefer- und Takeaway-Service mit unserer Serie von Takeaway-Essensboxen. Wir haben eine Reihe von Beh\u00e4ltern entwickelt, die nicht nur gut aussehen, sondern auch praktisch und robust sind, bereit, den Anforderungen jeder K\u00fcche irgendwo auf der Welt gerecht zu werden.<\/p>\n<ul>\n<li>In verschiedenen Stilen und Gr\u00f6\u00dfen verf\u00fcgbar<\/li>\n<li>Hergestellt aus FCM-gepr\u00fcften Papiermaterialien<\/li>\n<li>Lebensmittelsicher und ungiftig<\/li>\n<li>Auslaufsicher und fettbest\u00e4ndig<\/li>\n<li>Flach verpackt f\u00fcr bequemen Transport<\/li>\n<li>Einfach in Form zu falten<\/li>\n<\/ul>\n","protected":false},"featured_media":5382,"template":"","meta":{"_joinchat":[]},"product_brand":[],"product_cat":[109],"product_tag":[],"class_list":{"0":"post-7811","1":"product","2":"type-product","3":"status-publish","4":"has-post-thumbnail","6":"product_cat-lebensmittelbehalter","8":"first","9":"instock","10":"shipping-taxable","11":"product-type-simple"},"acf":[],"yoast_head":"<!-- This site is optimized with the Yoast SEO Premium plugin v22.5 (Yoast SEO v26.6) - https:\/\/yoast.com\/wordpress\/plugins\/seo\/ -->\n<title>Lieferant f\u00fcr Takeaway-Verpackungen - Gro\u00dfhandel mit Papierbeh\u00e4ltern zum Mitnehmen - GMZ<\/title>\n<meta name=\"description\" content=\"Suchen Sie Gro\u00dfhandels-Lebensmittelbeh\u00e4lter f\u00fcr Takeaway? GMZ bietet Gro\u00dfhandels-Papier-Lunchboxen in Kraft- und Wei\u00dffarben mit individuellen Druckdienstleistungen an. Finden Sie kompostierbare und umweltfreundliche Takeaway-Beh\u00e4lter bei GMZ. Senden Sie jetzt eine Anfrage!\" \/>\n<meta name=\"robots\" content=\"index, follow, max-snippet:-1, max-image-preview:large, max-video-preview:-1\" \/>\n<link rel=\"canonical\" href=\"https:\/\/gmz.ltd\/de\/produkt\/behaelter-fuer-essen-zum-mitnehmen\/\" \/>\n<meta property=\"og:locale\" content=\"de_DE\" \/>\n<meta property=\"og:type\" content=\"article\" \/>\n<meta property=\"og:title\" content=\"Beh\u00e4lter f\u00fcr Essen zum Mitnehmen\" \/>\n<meta property=\"og:description\" content=\"Suchen Sie Gro\u00dfhandels-Lebensmittelbeh\u00e4lter f\u00fcr Takeaway? GMZ bietet Gro\u00dfhandels-Papier-Lunchboxen in Kraft- und Wei\u00dffarben mit individuellen Druckdienstleistungen an. Finden Sie kompostierbare und umweltfreundliche Takeaway-Beh\u00e4lter bei GMZ. Senden Sie jetzt eine Anfrage!\" \/>\n<meta property=\"og:url\" content=\"https:\/\/gmz.ltd\/de\/produkt\/behaelter-fuer-essen-zum-mitnehmen\/\" \/>\n<meta property=\"og:site_name\" content=\"GMZ\" \/>\n<meta property=\"og:image\" content=\"https:\/\/gmz.ltd\/wp-content\/uploads\/2023\/09\/0.jpg\" \/>\n\t<meta property=\"og:image:width\" content=\"800\" \/>\n\t<meta property=\"og:image:height\" content=\"800\" \/>\n\t<meta property=\"og:image:type\" content=\"image\/jpeg\" \/>\n<meta name=\"twitter:card\" content=\"summary_large_image\" \/>\n<script type=\"application\/ld+json\" class=\"yoast-schema-graph\">{\"@context\":\"https:\/\/schema.org\",\"@graph\":[{\"@type\":\"WebPage\",\"@id\":\"https:\/\/gmz.ltd\/de\/produkt\/behaelter-fuer-essen-zum-mitnehmen\/\",\"url\":\"https:\/\/gmz.ltd\/de\/produkt\/behaelter-fuer-essen-zum-mitnehmen\/\",\"name\":\"Lieferant f\u00fcr Takeaway-Verpackungen - Gro\u00dfhandel mit Papierbeh\u00e4ltern zum Mitnehmen - GMZ\",\"isPartOf\":{\"@id\":\"https:\/\/gmz.ltd\/de\/#website\"},\"primaryImageOfPage\":{\"@id\":\"https:\/\/gmz.ltd\/de\/produkt\/behaelter-fuer-essen-zum-mitnehmen\/#primaryimage\"},\"image\":{\"@id\":\"https:\/\/gmz.ltd\/de\/produkt\/behaelter-fuer-essen-zum-mitnehmen\/#primaryimage\"},\"thumbnailUrl\":\"https:\/\/gmz.ltd\/wp-content\/uploads\/2023\/09\/0.jpg\",\"datePublished\":\"2023-09-20T06:13:20+00:00\",\"description\":\"Suchen Sie Gro\u00dfhandels-Lebensmittelbeh\u00e4lter f\u00fcr Takeaway? GMZ bietet Gro\u00dfhandels-Papier-Lunchboxen in Kraft- und Wei\u00dffarben mit individuellen Druckdienstleistungen an. Finden Sie kompostierbare und umweltfreundliche Takeaway-Beh\u00e4lter bei GMZ. Senden Sie jetzt eine Anfrage!\",\"breadcrumb\":{\"@id\":\"https:\/\/gmz.ltd\/de\/produkt\/behaelter-fuer-essen-zum-mitnehmen\/#breadcrumb\"},\"inLanguage\":\"de\",\"potentialAction\":[{\"@type\":\"ReadAction\",\"target\":[\"https:\/\/gmz.ltd\/de\/produkt\/behaelter-fuer-essen-zum-mitnehmen\/\"]}]},{\"@type\":\"ImageObject\",\"inLanguage\":\"de\",\"@id\":\"https:\/\/gmz.ltd\/de\/produkt\/behaelter-fuer-essen-zum-mitnehmen\/#primaryimage\",\"url\":\"https:\/\/gmz.ltd\/wp-content\/uploads\/2023\/09\/0.jpg\",\"contentUrl\":\"https:\/\/gmz.ltd\/wp-content\/uploads\/2023\/09\/0.jpg\",\"width\":800,\"height\":800},{\"@type\":\"BreadcrumbList\",\"@id\":\"https:\/\/gmz.ltd\/de\/produkt\/behaelter-fuer-essen-zum-mitnehmen\/#breadcrumb\",\"itemListElement\":[{\"@type\":\"ListItem\",\"position\":1,\"name\":\"Heim\",\"item\":\"https:\/\/gmz.ltd\/de\/\"},{\"@type\":\"ListItem\",\"position\":2,\"name\":\"Produkte\",\"item\":\"https:\/\/gmz.ltd\/de\/shop\/\"},{\"@type\":\"ListItem\",\"position\":3,\"name\":\"Beh\u00e4lter f\u00fcr Essen zum Mitnehmen\"}]},{\"@type\":\"WebSite\",\"@id\":\"https:\/\/gmz.ltd\/de\/#website\",\"url\":\"https:\/\/gmz.ltd\/de\/\",\"name\":\"GMZ\",\"description\":\"\",\"publisher\":{\"@id\":\"https:\/\/gmz.ltd\/de\/#organization\"},\"potentialAction\":[{\"@type\":\"SearchAction\",\"target\":{\"@type\":\"EntryPoint\",\"urlTemplate\":\"https:\/\/gmz.ltd\/de\/?s={search_term_string}\"},\"query-input\":{\"@type\":\"PropertyValueSpecification\",\"valueRequired\":true,\"valueName\":\"search_term_string\"}}],\"inLanguage\":\"de\"},{\"@type\":\"Organization\",\"@id\":\"https:\/\/gmz.ltd\/de\/#organization\",\"name\":\"GMZ\",\"url\":\"https:\/\/gmz.ltd\/de\/\",\"logo\":{\"@type\":\"ImageObject\",\"inLanguage\":\"de\",\"@id\":\"https:\/\/gmz.ltd\/de\/#\/schema\/logo\/image\/\",\"url\":\"https:\/\/gmz.ltd\/wp-content\/uploads\/2024\/11\/gmzpack.svg\",\"contentUrl\":\"https:\/\/gmz.ltd\/wp-content\/uploads\/2024\/11\/gmzpack.svg\",\"width\":170,\"height\":79,\"caption\":\"GMZ\"},\"image\":{\"@id\":\"https:\/\/gmz.ltd\/de\/#\/schema\/logo\/image\/\"}}]}<\/script>\n<!-- \/ Yoast SEO Premium plugin. -->","yoast_head_json":{"title":"Lieferant f\u00fcr Takeaway-Verpackungen - Gro\u00dfhandel mit Papierbeh\u00e4ltern zum Mitnehmen - GMZ","description":"Suchen Sie Gro\u00dfhandels-Lebensmittelbeh\u00e4lter f\u00fcr Takeaway? GMZ bietet Gro\u00dfhandels-Papier-Lunchboxen in Kraft- und Wei\u00dffarben mit individuellen Druckdienstleistungen an. Finden Sie kompostierbare und umweltfreundliche Takeaway-Beh\u00e4lter bei GMZ. Senden Sie jetzt eine Anfrage!","robots":{"index":"index","follow":"follow","max-snippet":"max-snippet:-1","max-image-preview":"max-image-preview:large","max-video-preview":"max-video-preview:-1"},"canonical":"https:\/\/gmz.ltd\/de\/produkt\/behaelter-fuer-essen-zum-mitnehmen\/","og_locale":"de_DE","og_type":"article","og_title":"Beh\u00e4lter f\u00fcr Essen zum Mitnehmen","og_description":"Suchen Sie Gro\u00dfhandels-Lebensmittelbeh\u00e4lter f\u00fcr Takeaway? GMZ bietet Gro\u00dfhandels-Papier-Lunchboxen in Kraft- und Wei\u00dffarben mit individuellen Druckdienstleistungen an. Finden Sie kompostierbare und umweltfreundliche Takeaway-Beh\u00e4lter bei GMZ. Senden Sie jetzt eine Anfrage!","og_url":"https:\/\/gmz.ltd\/de\/produkt\/behaelter-fuer-essen-zum-mitnehmen\/","og_site_name":"GMZ","og_image":[{"width":800,"height":800,"url":"https:\/\/gmz.ltd\/wp-content\/uploads\/2023\/09\/0.jpg","type":"image\/jpeg"}],"twitter_card":"summary_large_image","schema":{"@context":"https:\/\/schema.org","@graph":[{"@type":"WebPage","@id":"https:\/\/gmz.ltd\/de\/produkt\/behaelter-fuer-essen-zum-mitnehmen\/","url":"https:\/\/gmz.ltd\/de\/produkt\/behaelter-fuer-essen-zum-mitnehmen\/","name":"Lieferant f\u00fcr Takeaway-Verpackungen - Gro\u00dfhandel mit Papierbeh\u00e4ltern zum Mitnehmen - GMZ","isPartOf":{"@id":"https:\/\/gmz.ltd\/de\/#website"},"primaryImageOfPage":{"@id":"https:\/\/gmz.ltd\/de\/produkt\/behaelter-fuer-essen-zum-mitnehmen\/#primaryimage"},"image":{"@id":"https:\/\/gmz.ltd\/de\/produkt\/behaelter-fuer-essen-zum-mitnehmen\/#primaryimage"},"thumbnailUrl":"https:\/\/gmz.ltd\/wp-content\/uploads\/2023\/09\/0.jpg","datePublished":"2023-09-20T06:13:20+00:00","description":"Suchen Sie Gro\u00dfhandels-Lebensmittelbeh\u00e4lter f\u00fcr Takeaway? GMZ bietet Gro\u00dfhandels-Papier-Lunchboxen in Kraft- und Wei\u00dffarben mit individuellen Druckdienstleistungen an. Finden Sie kompostierbare und umweltfreundliche Takeaway-Beh\u00e4lter bei GMZ. Senden Sie jetzt eine Anfrage!","breadcrumb":{"@id":"https:\/\/gmz.ltd\/de\/produkt\/behaelter-fuer-essen-zum-mitnehmen\/#breadcrumb"},"inLanguage":"de","potentialAction":[{"@type":"ReadAction","target":["https:\/\/gmz.ltd\/de\/produkt\/behaelter-fuer-essen-zum-mitnehmen\/"]}]},{"@type":"ImageObject","inLanguage":"de","@id":"https:\/\/gmz.ltd\/de\/produkt\/behaelter-fuer-essen-zum-mitnehmen\/#primaryimage","url":"https:\/\/gmz.ltd\/wp-content\/uploads\/2023\/09\/0.jpg","contentUrl":"https:\/\/gmz.ltd\/wp-content\/uploads\/2023\/09\/0.jpg","width":800,"height":800},{"@type":"BreadcrumbList","@id":"https:\/\/gmz.ltd\/de\/produkt\/behaelter-fuer-essen-zum-mitnehmen\/#breadcrumb","itemListElement":[{"@type":"ListItem","position":1,"name":"Heim","item":"https:\/\/gmz.ltd\/de\/"},{"@type":"ListItem","position":2,"name":"Produkte","item":"https:\/\/gmz.ltd\/de\/shop\/"},{"@type":"ListItem","position":3,"name":"Beh\u00e4lter f\u00fcr Essen zum Mitnehmen"}]},{"@type":"WebSite","@id":"https:\/\/gmz.ltd\/de\/#website","url":"https:\/\/gmz.ltd\/de\/","name":"GMZ","description":"","publisher":{"@id":"https:\/\/gmz.ltd\/de\/#organization"},"potentialAction":[{"@type":"SearchAction","target":{"@type":"EntryPoint","urlTemplate":"https:\/\/gmz.ltd\/de\/?s={search_term_string}"},"query-input":{"@type":"PropertyValueSpecification","valueRequired":true,"valueName":"search_term_string"}}],"inLanguage":"de"},{"@type":"Organization","@id":"https:\/\/gmz.ltd\/de\/#organization","name":"GMZ","url":"https:\/\/gmz.ltd\/de\/","logo":{"@type":"ImageObject","inLanguage":"de","@id":"https:\/\/gmz.ltd\/de\/#\/schema\/logo\/image\/","url":"https:\/\/gmz.ltd\/wp-content\/uploads\/2024\/11\/gmzpack.svg","contentUrl":"https:\/\/gmz.ltd\/wp-content\/uploads\/2024\/11\/gmzpack.svg","width":170,"height":79,"caption":"GMZ"},"image":{"@id":"https:\/\/gmz.ltd\/de\/#\/schema\/logo\/image\/"}}]}},"_links":{"self":[{"href":"https:\/\/gmz.ltd\/de\/wp-json\/wp\/v2\/product\/7811","targetHints":{"allow":["GET"]}}],"collection":[{"href":"https:\/\/gmz.ltd\/de\/wp-json\/wp\/v2\/product"}],"about":[{"href":"https:\/\/gmz.ltd\/de\/wp-json\/wp\/v2\/types\/product"}],"version-history":[{"count":0,"href":"https:\/\/gmz.ltd\/de\/wp-json\/wp\/v2\/product\/7811\/revisions"}],"wp:featuredmedia":[{"embeddable":true,"href":"https:\/\/gmz.ltd\/de\/wp-json\/wp\/v2\/media\/5382"}],"wp:attachment":[{"href":"https:\/\/gmz.ltd\/de\/wp-json\/wp\/v2\/media?parent=7811"}],"wp:term":[{"taxonomy":"product_brand","embeddable":true,"href":"https:\/\/gmz.ltd\/de\/wp-json\/wp\/v2\/product_brand?post=7811"},{"taxonomy":"product_cat","embeddable":true,"href":"https:\/\/gmz.ltd\/de\/wp-json\/wp\/v2\/product_cat?post=7811"},{"taxonomy":"product_tag","embeddable":true,"href":"https:\/\/gmz.ltd\/de\/wp-json\/wp\/v2\/product_tag?post=7811"}],"curies":[{"name":"wp","href":"https:\/\/api.w.org\/{rel}","templated":true}]}}