{"id":7815,"date":"2023-09-20T06:12:48","date_gmt":"2023-09-20T06:12:48","guid":{"rendered":"https:\/\/gmz.ltd\/product\/papierschuesseln\/"},"modified":"2023-09-20T06:12:48","modified_gmt":"2023-09-20T06:12:48","slug":"papierschuesseln","status":"publish","type":"product","link":"https:\/\/gmz.ltd\/de\/produkt\/papierschuesseln\/","title":{"rendered":"Papiersch\u00fcsseln"},"content":{"rendered":"<p>Die Papiersch\u00fcssel-Serie geh\u00f6rt weltweit zu den beliebtesten Takeaway-Lebensmittelbeh\u00e4ltern, sie ist wirtschaftlich und haltbar und kann f\u00fcr Nudeln, Salate, Pizza und mehr verwendet werden.<\/p>\n","protected":false},"excerpt":{"rendered":"<p>Die Papiersch\u00fcssel-Serie geh\u00f6rt zu den beliebtesten Takeaway-Lebensmittelbeh\u00e4ltern weltweit. Sie ist langlebig, wirtschaftlich und sieht auch gut aus. Geeignet f\u00fcr eine Vielzahl von Speisen, von Nudeln und Salaten bis hin zu Pizza, sind unsere Papiersch\u00fcsseln so konzipiert, dass sie ein auslaufsicheres, ordentliches Esserlebnis bieten.<\/p>\n<ul>\n<li>Hergestellt aus hochwertigem lebensmittelechtem Papier<\/li>\n<li>Mit einem speziellen Material beschichtet f\u00fcr Auslaufsicherheit<\/li>\n<li>Geeignet f\u00fcr eine Vielzahl von hei\u00dfen oder kalten Speisen<\/li>\n<li>Verf\u00fcgbar in wei\u00dfen und Kraftpapier-Sch\u00fcsseln<\/li>\n<li>Optionale PET- oder PP-Deckel f\u00fcr Takeout- oder Lieferbed\u00fcrfnisse<\/li>\n<li>Individueller Druck f\u00fcr Branding verf\u00fcgbar<\/li>\n<\/ul>\n","protected":false},"featured_media":5402,"template":"","meta":{"_joinchat":[]},"product_brand":[],"product_cat":[109],"product_tag":[],"class_list":{"0":"post-7815","1":"product","2":"type-product","3":"status-publish","4":"has-post-thumbnail","6":"product_cat-lebensmittelbehalter","8":"first","9":"instock","10":"shipping-taxable","11":"product-type-simple"},"acf":[],"yoast_head":"<!-- This site is optimized with the Yoast SEO Premium plugin v22.5 (Yoast SEO v26.6) - https:\/\/yoast.com\/wordpress\/plugins\/seo\/ -->\n<title>Hersteller &amp; Lieferant von Papiersch\u00fcsseln - Gro\u00dfhandel mit Einweg-Takeaway-Sch\u00fcsseln mit Deckeln - GMZ<\/title>\n<meta name=\"description\" content=\"Kaufen Sie Einweg-Papiersch\u00fcsseln zu Gro\u00dfhandelspreisen von GMZ. Unsere Gro\u00dfhandels-Takeaway-Sch\u00fcsseln mit Deckeln sind f\u00fcr kalte und hei\u00dfe Speisen geeignet und in Gr\u00f6\u00dfen von 500 ml bis 1300 ml erh\u00e4ltlich. Passen Sie Ihr Logo auf unseren blanken Papiersch\u00fcsseln an, verf\u00fcgbar in Kraft- und Wei\u00dffarben. W\u00e4hlen Sie GMZ f\u00fcr die beste Qualit\u00e4t an Takeout-Lebensmittelverpackungen.\" \/>\n<meta name=\"robots\" content=\"index, follow, max-snippet:-1, max-image-preview:large, max-video-preview:-1\" \/>\n<link rel=\"canonical\" href=\"https:\/\/gmz.ltd\/de\/produkt\/papierschuesseln\/\" \/>\n<meta property=\"og:locale\" content=\"de_DE\" \/>\n<meta property=\"og:type\" content=\"article\" \/>\n<meta property=\"og:title\" content=\"Papiersch\u00fcsseln\" \/>\n<meta property=\"og:description\" content=\"Kaufen Sie Einweg-Papiersch\u00fcsseln zu Gro\u00dfhandelspreisen von GMZ. Unsere Gro\u00dfhandels-Takeaway-Sch\u00fcsseln mit Deckeln sind f\u00fcr kalte und hei\u00dfe Speisen geeignet und in Gr\u00f6\u00dfen von 500 ml bis 1300 ml erh\u00e4ltlich. Passen Sie Ihr Logo auf unseren blanken Papiersch\u00fcsseln an, verf\u00fcgbar in Kraft- und Wei\u00dffarben. W\u00e4hlen Sie GMZ f\u00fcr die beste Qualit\u00e4t an Takeout-Lebensmittelverpackungen.\" \/>\n<meta property=\"og:url\" content=\"https:\/\/gmz.ltd\/de\/produkt\/papierschuesseln\/\" \/>\n<meta property=\"og:site_name\" content=\"GMZ\" \/>\n<meta property=\"og:image\" content=\"https:\/\/gmz.ltd\/wp-content\/uploads\/2023\/09\/0.jpeg\" \/>\n\t<meta property=\"og:image:width\" content=\"800\" \/>\n\t<meta property=\"og:image:height\" content=\"800\" \/>\n\t<meta property=\"og:image:type\" content=\"image\/jpeg\" \/>\n<meta name=\"twitter:card\" content=\"summary_large_image\" \/>\n<script type=\"application\/ld+json\" class=\"yoast-schema-graph\">{\"@context\":\"https:\/\/schema.org\",\"@graph\":[{\"@type\":\"WebPage\",\"@id\":\"https:\/\/gmz.ltd\/de\/produkt\/papierschuesseln\/\",\"url\":\"https:\/\/gmz.ltd\/de\/produkt\/papierschuesseln\/\",\"name\":\"Hersteller & Lieferant von Papiersch\u00fcsseln - Gro\u00dfhandel mit Einweg-Takeaway-Sch\u00fcsseln mit Deckeln - GMZ\",\"isPartOf\":{\"@id\":\"https:\/\/gmz.ltd\/de\/#website\"},\"primaryImageOfPage\":{\"@id\":\"https:\/\/gmz.ltd\/de\/produkt\/papierschuesseln\/#primaryimage\"},\"image\":{\"@id\":\"https:\/\/gmz.ltd\/de\/produkt\/papierschuesseln\/#primaryimage\"},\"thumbnailUrl\":\"https:\/\/gmz.ltd\/wp-content\/uploads\/2023\/09\/0.jpeg\",\"datePublished\":\"2023-09-20T06:12:48+00:00\",\"description\":\"Kaufen Sie Einweg-Papiersch\u00fcsseln zu Gro\u00dfhandelspreisen von GMZ. Unsere Gro\u00dfhandels-Takeaway-Sch\u00fcsseln mit Deckeln sind f\u00fcr kalte und hei\u00dfe Speisen geeignet und in Gr\u00f6\u00dfen von 500 ml bis 1300 ml erh\u00e4ltlich. Passen Sie Ihr Logo auf unseren blanken Papiersch\u00fcsseln an, verf\u00fcgbar in Kraft- und Wei\u00dffarben. W\u00e4hlen Sie GMZ f\u00fcr die beste Qualit\u00e4t an Takeout-Lebensmittelverpackungen.\",\"breadcrumb\":{\"@id\":\"https:\/\/gmz.ltd\/de\/produkt\/papierschuesseln\/#breadcrumb\"},\"inLanguage\":\"de\",\"potentialAction\":[{\"@type\":\"ReadAction\",\"target\":[\"https:\/\/gmz.ltd\/de\/produkt\/papierschuesseln\/\"]}]},{\"@type\":\"ImageObject\",\"inLanguage\":\"de\",\"@id\":\"https:\/\/gmz.ltd\/de\/produkt\/papierschuesseln\/#primaryimage\",\"url\":\"https:\/\/gmz.ltd\/wp-content\/uploads\/2023\/09\/0.jpeg\",\"contentUrl\":\"https:\/\/gmz.ltd\/wp-content\/uploads\/2023\/09\/0.jpeg\",\"width\":800,\"height\":800},{\"@type\":\"BreadcrumbList\",\"@id\":\"https:\/\/gmz.ltd\/de\/produkt\/papierschuesseln\/#breadcrumb\",\"itemListElement\":[{\"@type\":\"ListItem\",\"position\":1,\"name\":\"Heim\",\"item\":\"https:\/\/gmz.ltd\/de\/\"},{\"@type\":\"ListItem\",\"position\":2,\"name\":\"Produkte\",\"item\":\"https:\/\/gmz.ltd\/de\/shop\/\"},{\"@type\":\"ListItem\",\"position\":3,\"name\":\"Papiersch\u00fcsseln\"}]},{\"@type\":\"WebSite\",\"@id\":\"https:\/\/gmz.ltd\/de\/#website\",\"url\":\"https:\/\/gmz.ltd\/de\/\",\"name\":\"GMZ\",\"description\":\"\",\"publisher\":{\"@id\":\"https:\/\/gmz.ltd\/de\/#organization\"},\"potentialAction\":[{\"@type\":\"SearchAction\",\"target\":{\"@type\":\"EntryPoint\",\"urlTemplate\":\"https:\/\/gmz.ltd\/de\/?s={search_term_string}\"},\"query-input\":{\"@type\":\"PropertyValueSpecification\",\"valueRequired\":true,\"valueName\":\"search_term_string\"}}],\"inLanguage\":\"de\"},{\"@type\":\"Organization\",\"@id\":\"https:\/\/gmz.ltd\/de\/#organization\",\"name\":\"GMZ\",\"url\":\"https:\/\/gmz.ltd\/de\/\",\"logo\":{\"@type\":\"ImageObject\",\"inLanguage\":\"de\",\"@id\":\"https:\/\/gmz.ltd\/de\/#\/schema\/logo\/image\/\",\"url\":\"https:\/\/gmz.ltd\/wp-content\/uploads\/2024\/11\/gmzpack.svg\",\"contentUrl\":\"https:\/\/gmz.ltd\/wp-content\/uploads\/2024\/11\/gmzpack.svg\",\"width\":170,\"height\":79,\"caption\":\"GMZ\"},\"image\":{\"@id\":\"https:\/\/gmz.ltd\/de\/#\/schema\/logo\/image\/\"}}]}<\/script>\n<!-- \/ Yoast SEO Premium plugin. -->","yoast_head_json":{"title":"Hersteller & Lieferant von Papiersch\u00fcsseln - Gro\u00dfhandel mit Einweg-Takeaway-Sch\u00fcsseln mit Deckeln - GMZ","description":"Kaufen Sie Einweg-Papiersch\u00fcsseln zu Gro\u00dfhandelspreisen von GMZ. Unsere Gro\u00dfhandels-Takeaway-Sch\u00fcsseln mit Deckeln sind f\u00fcr kalte und hei\u00dfe Speisen geeignet und in Gr\u00f6\u00dfen von 500 ml bis 1300 ml erh\u00e4ltlich. Passen Sie Ihr Logo auf unseren blanken Papiersch\u00fcsseln an, verf\u00fcgbar in Kraft- und Wei\u00dffarben. W\u00e4hlen Sie GMZ f\u00fcr die beste Qualit\u00e4t an Takeout-Lebensmittelverpackungen.","robots":{"index":"index","follow":"follow","max-snippet":"max-snippet:-1","max-image-preview":"max-image-preview:large","max-video-preview":"max-video-preview:-1"},"canonical":"https:\/\/gmz.ltd\/de\/produkt\/papierschuesseln\/","og_locale":"de_DE","og_type":"article","og_title":"Papiersch\u00fcsseln","og_description":"Kaufen Sie Einweg-Papiersch\u00fcsseln zu Gro\u00dfhandelspreisen von GMZ. Unsere Gro\u00dfhandels-Takeaway-Sch\u00fcsseln mit Deckeln sind f\u00fcr kalte und hei\u00dfe Speisen geeignet und in Gr\u00f6\u00dfen von 500 ml bis 1300 ml erh\u00e4ltlich. Passen Sie Ihr Logo auf unseren blanken Papiersch\u00fcsseln an, verf\u00fcgbar in Kraft- und Wei\u00dffarben. W\u00e4hlen Sie GMZ f\u00fcr die beste Qualit\u00e4t an Takeout-Lebensmittelverpackungen.","og_url":"https:\/\/gmz.ltd\/de\/produkt\/papierschuesseln\/","og_site_name":"GMZ","og_image":[{"width":800,"height":800,"url":"https:\/\/gmz.ltd\/wp-content\/uploads\/2023\/09\/0.jpeg","type":"image\/jpeg"}],"twitter_card":"summary_large_image","schema":{"@context":"https:\/\/schema.org","@graph":[{"@type":"WebPage","@id":"https:\/\/gmz.ltd\/de\/produkt\/papierschuesseln\/","url":"https:\/\/gmz.ltd\/de\/produkt\/papierschuesseln\/","name":"Hersteller & Lieferant von Papiersch\u00fcsseln - Gro\u00dfhandel mit Einweg-Takeaway-Sch\u00fcsseln mit Deckeln - GMZ","isPartOf":{"@id":"https:\/\/gmz.ltd\/de\/#website"},"primaryImageOfPage":{"@id":"https:\/\/gmz.ltd\/de\/produkt\/papierschuesseln\/#primaryimage"},"image":{"@id":"https:\/\/gmz.ltd\/de\/produkt\/papierschuesseln\/#primaryimage"},"thumbnailUrl":"https:\/\/gmz.ltd\/wp-content\/uploads\/2023\/09\/0.jpeg","datePublished":"2023-09-20T06:12:48+00:00","description":"Kaufen Sie Einweg-Papiersch\u00fcsseln zu Gro\u00dfhandelspreisen von GMZ. Unsere Gro\u00dfhandels-Takeaway-Sch\u00fcsseln mit Deckeln sind f\u00fcr kalte und hei\u00dfe Speisen geeignet und in Gr\u00f6\u00dfen von 500 ml bis 1300 ml erh\u00e4ltlich. Passen Sie Ihr Logo auf unseren blanken Papiersch\u00fcsseln an, verf\u00fcgbar in Kraft- und Wei\u00dffarben. W\u00e4hlen Sie GMZ f\u00fcr die beste Qualit\u00e4t an Takeout-Lebensmittelverpackungen.","breadcrumb":{"@id":"https:\/\/gmz.ltd\/de\/produkt\/papierschuesseln\/#breadcrumb"},"inLanguage":"de","potentialAction":[{"@type":"ReadAction","target":["https:\/\/gmz.ltd\/de\/produkt\/papierschuesseln\/"]}]},{"@type":"ImageObject","inLanguage":"de","@id":"https:\/\/gmz.ltd\/de\/produkt\/papierschuesseln\/#primaryimage","url":"https:\/\/gmz.ltd\/wp-content\/uploads\/2023\/09\/0.jpeg","contentUrl":"https:\/\/gmz.ltd\/wp-content\/uploads\/2023\/09\/0.jpeg","width":800,"height":800},{"@type":"BreadcrumbList","@id":"https:\/\/gmz.ltd\/de\/produkt\/papierschuesseln\/#breadcrumb","itemListElement":[{"@type":"ListItem","position":1,"name":"Heim","item":"https:\/\/gmz.ltd\/de\/"},{"@type":"ListItem","position":2,"name":"Produkte","item":"https:\/\/gmz.ltd\/de\/shop\/"},{"@type":"ListItem","position":3,"name":"Papiersch\u00fcsseln"}]},{"@type":"WebSite","@id":"https:\/\/gmz.ltd\/de\/#website","url":"https:\/\/gmz.ltd\/de\/","name":"GMZ","description":"","publisher":{"@id":"https:\/\/gmz.ltd\/de\/#organization"},"potentialAction":[{"@type":"SearchAction","target":{"@type":"EntryPoint","urlTemplate":"https:\/\/gmz.ltd\/de\/?s={search_term_string}"},"query-input":{"@type":"PropertyValueSpecification","valueRequired":true,"valueName":"search_term_string"}}],"inLanguage":"de"},{"@type":"Organization","@id":"https:\/\/gmz.ltd\/de\/#organization","name":"GMZ","url":"https:\/\/gmz.ltd\/de\/","logo":{"@type":"ImageObject","inLanguage":"de","@id":"https:\/\/gmz.ltd\/de\/#\/schema\/logo\/image\/","url":"https:\/\/gmz.ltd\/wp-content\/uploads\/2024\/11\/gmzpack.svg","contentUrl":"https:\/\/gmz.ltd\/wp-content\/uploads\/2024\/11\/gmzpack.svg","width":170,"height":79,"caption":"GMZ"},"image":{"@id":"https:\/\/gmz.ltd\/de\/#\/schema\/logo\/image\/"}}]}},"_links":{"self":[{"href":"https:\/\/gmz.ltd\/de\/wp-json\/wp\/v2\/product\/7815","targetHints":{"allow":["GET"]}}],"collection":[{"href":"https:\/\/gmz.ltd\/de\/wp-json\/wp\/v2\/product"}],"about":[{"href":"https:\/\/gmz.ltd\/de\/wp-json\/wp\/v2\/types\/product"}],"version-history":[{"count":0,"href":"https:\/\/gmz.ltd\/de\/wp-json\/wp\/v2\/product\/7815\/revisions"}],"wp:featuredmedia":[{"embeddable":true,"href":"https:\/\/gmz.ltd\/de\/wp-json\/wp\/v2\/media\/5402"}],"wp:attachment":[{"href":"https:\/\/gmz.ltd\/de\/wp-json\/wp\/v2\/media?parent=7815"}],"wp:term":[{"taxonomy":"product_brand","embeddable":true,"href":"https:\/\/gmz.ltd\/de\/wp-json\/wp\/v2\/product_brand?post=7815"},{"taxonomy":"product_cat","embeddable":true,"href":"https:\/\/gmz.ltd\/de\/wp-json\/wp\/v2\/product_cat?post=7815"},{"taxonomy":"product_tag","embeddable":true,"href":"https:\/\/gmz.ltd\/de\/wp-json\/wp\/v2\/product_tag?post=7815"}],"curies":[{"name":"wp","href":"https:\/\/api.w.org\/{rel}","templated":true}]}}