{"id":7819,"date":"2023-09-20T06:11:52","date_gmt":"2023-09-20T06:11:52","guid":{"rendered":"https:\/\/gmz.ltd\/product\/papiersuppentassen\/"},"modified":"2023-09-20T06:11:52","modified_gmt":"2023-09-20T06:11:52","slug":"papiersuppentassen","status":"publish","type":"product","link":"https:\/\/gmz.ltd\/de\/produkt\/papiersuppentassen\/","title":{"rendered":"Papiersuppentassen"},"content":{"rendered":"<p>Die Reihe von Papiersuppentassen kann verwendet werden, um hei\u00dfe oder kalte Speisen zu servieren. Verf\u00fcgbar in Gr\u00f6\u00dfen von 8 bis 32oz. Und optionale Deckel.<\/p>\n","protected":false},"excerpt":{"rendered":"<p>Unsere Papiersuppentassen sind die perfekte L\u00f6sung f\u00fcr das Servieren von hei\u00dfen Suppen und einer Vielzahl anderer hei\u00dfer oder kalter Speisen. Diese Beh\u00e4lter sind haltbar, hitzebest\u00e4ndig und so konzipiert, dass sie Lecks verhindern, was Ihnen und Ihrem Kunden ein sauberes Ess- oder Mitnahmeerlebnis bietet.<\/p>\n<ul>\n<li>Hergestellt aus verantwortungsvoll beschafftem, hochwertigem Papier<\/li>\n<li>Mit einem speziellen Material beschichtet, um Lecks zu verhindern<\/li>\n<li>Geeignet f\u00fcr eine Vielzahl von hei\u00dfen oder kalten Speisen<\/li>\n<li>Verf\u00fcgbar in wei\u00dfen und Kraftpapier-Suppentassen<\/li>\n<li>Optionale PET- oder PP-Deckel f\u00fcr einen auslaufsicheren Transport<\/li>\n<li>Ein Service f\u00fcr individuellen Druck ist verf\u00fcgbar<\/li>\n<\/ul>\n<p><!-- notionvc: 603653fd-70b4-4ee7-aac3-d1fe3d1684cf --><\/p>\n","protected":false},"featured_media":5426,"template":"","meta":{"_joinchat":[]},"product_brand":[],"product_cat":[109],"product_tag":[],"class_list":{"0":"post-7819","1":"product","2":"type-product","3":"status-publish","4":"has-post-thumbnail","6":"product_cat-lebensmittelbehalter","8":"first","9":"instock","10":"shipping-taxable","11":"product-type-simple"},"acf":[],"yoast_head":"<!-- This site is optimized with the Yoast SEO Premium plugin v22.5 (Yoast SEO v26.6) - https:\/\/yoast.com\/wordpress\/plugins\/seo\/ -->\n<title>Gro\u00dfhandel Papiersuppentassen &amp; -sch\u00fcsseln mit Deckeln - Suppenbeh\u00e4lter in gro\u00dfen Mengen zum Mitnehmen - GMZ<\/title>\n<meta name=\"description\" content=\"Erhalten Sie Gro\u00dfhandelspreise f\u00fcr Einweg-Suppenbeh\u00e4lter mit Deckeln bei GMZ. Unsere Suppentassen und -sch\u00fcsseln in gro\u00dfen Mengen sind perfekt f\u00fcr Takeout- und Lieferservices, erh\u00e4ltlich in Wei\u00df und Kraftfarbe. Halten Sie Ihr Essen mit unseren hochwertigen Lebensmittelverpackungen hei\u00df und sicher. Jetzt Kontakt aufnehmen!\" \/>\n<meta name=\"robots\" content=\"index, follow, max-snippet:-1, max-image-preview:large, max-video-preview:-1\" \/>\n<link rel=\"canonical\" href=\"https:\/\/gmz.ltd\/de\/produkt\/papiersuppentassen\/\" \/>\n<meta property=\"og:locale\" content=\"de_DE\" \/>\n<meta property=\"og:type\" content=\"article\" \/>\n<meta property=\"og:title\" content=\"Papiersuppentassen\" \/>\n<meta property=\"og:description\" content=\"Erhalten Sie Gro\u00dfhandelspreise f\u00fcr Einweg-Suppenbeh\u00e4lter mit Deckeln bei GMZ. Unsere Suppentassen und -sch\u00fcsseln in gro\u00dfen Mengen sind perfekt f\u00fcr Takeout- und Lieferservices, erh\u00e4ltlich in Wei\u00df und Kraftfarbe. Halten Sie Ihr Essen mit unseren hochwertigen Lebensmittelverpackungen hei\u00df und sicher. Jetzt Kontakt aufnehmen!\" \/>\n<meta property=\"og:url\" content=\"https:\/\/gmz.ltd\/de\/produkt\/papiersuppentassen\/\" \/>\n<meta property=\"og:site_name\" content=\"GMZ\" \/>\n<meta property=\"og:image\" content=\"https:\/\/gmz.ltd\/wp-content\/uploads\/2023\/09\/1-1.jpeg\" \/>\n\t<meta property=\"og:image:width\" content=\"800\" \/>\n\t<meta property=\"og:image:height\" content=\"800\" \/>\n\t<meta property=\"og:image:type\" content=\"image\/jpeg\" \/>\n<meta name=\"twitter:card\" content=\"summary_large_image\" \/>\n<script type=\"application\/ld+json\" class=\"yoast-schema-graph\">{\"@context\":\"https:\/\/schema.org\",\"@graph\":[{\"@type\":\"WebPage\",\"@id\":\"https:\/\/gmz.ltd\/de\/produkt\/papiersuppentassen\/\",\"url\":\"https:\/\/gmz.ltd\/de\/produkt\/papiersuppentassen\/\",\"name\":\"Gro\u00dfhandel Papiersuppentassen & -sch\u00fcsseln mit Deckeln - Suppenbeh\u00e4lter in gro\u00dfen Mengen zum Mitnehmen - GMZ\",\"isPartOf\":{\"@id\":\"https:\/\/gmz.ltd\/de\/#website\"},\"primaryImageOfPage\":{\"@id\":\"https:\/\/gmz.ltd\/de\/produkt\/papiersuppentassen\/#primaryimage\"},\"image\":{\"@id\":\"https:\/\/gmz.ltd\/de\/produkt\/papiersuppentassen\/#primaryimage\"},\"thumbnailUrl\":\"https:\/\/gmz.ltd\/wp-content\/uploads\/2023\/09\/1-1.jpeg\",\"datePublished\":\"2023-09-20T06:11:52+00:00\",\"description\":\"Erhalten Sie Gro\u00dfhandelspreise f\u00fcr Einweg-Suppenbeh\u00e4lter mit Deckeln bei GMZ. Unsere Suppentassen und -sch\u00fcsseln in gro\u00dfen Mengen sind perfekt f\u00fcr Takeout- und Lieferservices, erh\u00e4ltlich in Wei\u00df und Kraftfarbe. Halten Sie Ihr Essen mit unseren hochwertigen Lebensmittelverpackungen hei\u00df und sicher. Jetzt Kontakt aufnehmen!\",\"breadcrumb\":{\"@id\":\"https:\/\/gmz.ltd\/de\/produkt\/papiersuppentassen\/#breadcrumb\"},\"inLanguage\":\"de\",\"potentialAction\":[{\"@type\":\"ReadAction\",\"target\":[\"https:\/\/gmz.ltd\/de\/produkt\/papiersuppentassen\/\"]}]},{\"@type\":\"ImageObject\",\"inLanguage\":\"de\",\"@id\":\"https:\/\/gmz.ltd\/de\/produkt\/papiersuppentassen\/#primaryimage\",\"url\":\"https:\/\/gmz.ltd\/wp-content\/uploads\/2023\/09\/1-1.jpeg\",\"contentUrl\":\"https:\/\/gmz.ltd\/wp-content\/uploads\/2023\/09\/1-1.jpeg\",\"width\":800,\"height\":800},{\"@type\":\"BreadcrumbList\",\"@id\":\"https:\/\/gmz.ltd\/de\/produkt\/papiersuppentassen\/#breadcrumb\",\"itemListElement\":[{\"@type\":\"ListItem\",\"position\":1,\"name\":\"Heim\",\"item\":\"https:\/\/gmz.ltd\/de\/\"},{\"@type\":\"ListItem\",\"position\":2,\"name\":\"Produkte\",\"item\":\"https:\/\/gmz.ltd\/de\/shop\/\"},{\"@type\":\"ListItem\",\"position\":3,\"name\":\"Papiersuppentassen\"}]},{\"@type\":\"WebSite\",\"@id\":\"https:\/\/gmz.ltd\/de\/#website\",\"url\":\"https:\/\/gmz.ltd\/de\/\",\"name\":\"GMZ\",\"description\":\"\",\"publisher\":{\"@id\":\"https:\/\/gmz.ltd\/de\/#organization\"},\"potentialAction\":[{\"@type\":\"SearchAction\",\"target\":{\"@type\":\"EntryPoint\",\"urlTemplate\":\"https:\/\/gmz.ltd\/de\/?s={search_term_string}\"},\"query-input\":{\"@type\":\"PropertyValueSpecification\",\"valueRequired\":true,\"valueName\":\"search_term_string\"}}],\"inLanguage\":\"de\"},{\"@type\":\"Organization\",\"@id\":\"https:\/\/gmz.ltd\/de\/#organization\",\"name\":\"GMZ\",\"url\":\"https:\/\/gmz.ltd\/de\/\",\"logo\":{\"@type\":\"ImageObject\",\"inLanguage\":\"de\",\"@id\":\"https:\/\/gmz.ltd\/de\/#\/schema\/logo\/image\/\",\"url\":\"https:\/\/gmz.ltd\/wp-content\/uploads\/2024\/11\/gmzpack.svg\",\"contentUrl\":\"https:\/\/gmz.ltd\/wp-content\/uploads\/2024\/11\/gmzpack.svg\",\"width\":170,\"height\":79,\"caption\":\"GMZ\"},\"image\":{\"@id\":\"https:\/\/gmz.ltd\/de\/#\/schema\/logo\/image\/\"}}]}<\/script>\n<!-- \/ Yoast SEO Premium plugin. -->","yoast_head_json":{"title":"Gro\u00dfhandel Papiersuppentassen & -sch\u00fcsseln mit Deckeln - Suppenbeh\u00e4lter in gro\u00dfen Mengen zum Mitnehmen - GMZ","description":"Erhalten Sie Gro\u00dfhandelspreise f\u00fcr Einweg-Suppenbeh\u00e4lter mit Deckeln bei GMZ. Unsere Suppentassen und -sch\u00fcsseln in gro\u00dfen Mengen sind perfekt f\u00fcr Takeout- und Lieferservices, erh\u00e4ltlich in Wei\u00df und Kraftfarbe. Halten Sie Ihr Essen mit unseren hochwertigen Lebensmittelverpackungen hei\u00df und sicher. Jetzt Kontakt aufnehmen!","robots":{"index":"index","follow":"follow","max-snippet":"max-snippet:-1","max-image-preview":"max-image-preview:large","max-video-preview":"max-video-preview:-1"},"canonical":"https:\/\/gmz.ltd\/de\/produkt\/papiersuppentassen\/","og_locale":"de_DE","og_type":"article","og_title":"Papiersuppentassen","og_description":"Erhalten Sie Gro\u00dfhandelspreise f\u00fcr Einweg-Suppenbeh\u00e4lter mit Deckeln bei GMZ. Unsere Suppentassen und -sch\u00fcsseln in gro\u00dfen Mengen sind perfekt f\u00fcr Takeout- und Lieferservices, erh\u00e4ltlich in Wei\u00df und Kraftfarbe. Halten Sie Ihr Essen mit unseren hochwertigen Lebensmittelverpackungen hei\u00df und sicher. Jetzt Kontakt aufnehmen!","og_url":"https:\/\/gmz.ltd\/de\/produkt\/papiersuppentassen\/","og_site_name":"GMZ","og_image":[{"width":800,"height":800,"url":"https:\/\/gmz.ltd\/wp-content\/uploads\/2023\/09\/1-1.jpeg","type":"image\/jpeg"}],"twitter_card":"summary_large_image","schema":{"@context":"https:\/\/schema.org","@graph":[{"@type":"WebPage","@id":"https:\/\/gmz.ltd\/de\/produkt\/papiersuppentassen\/","url":"https:\/\/gmz.ltd\/de\/produkt\/papiersuppentassen\/","name":"Gro\u00dfhandel Papiersuppentassen & -sch\u00fcsseln mit Deckeln - Suppenbeh\u00e4lter in gro\u00dfen Mengen zum Mitnehmen - GMZ","isPartOf":{"@id":"https:\/\/gmz.ltd\/de\/#website"},"primaryImageOfPage":{"@id":"https:\/\/gmz.ltd\/de\/produkt\/papiersuppentassen\/#primaryimage"},"image":{"@id":"https:\/\/gmz.ltd\/de\/produkt\/papiersuppentassen\/#primaryimage"},"thumbnailUrl":"https:\/\/gmz.ltd\/wp-content\/uploads\/2023\/09\/1-1.jpeg","datePublished":"2023-09-20T06:11:52+00:00","description":"Erhalten Sie Gro\u00dfhandelspreise f\u00fcr Einweg-Suppenbeh\u00e4lter mit Deckeln bei GMZ. Unsere Suppentassen und -sch\u00fcsseln in gro\u00dfen Mengen sind perfekt f\u00fcr Takeout- und Lieferservices, erh\u00e4ltlich in Wei\u00df und Kraftfarbe. Halten Sie Ihr Essen mit unseren hochwertigen Lebensmittelverpackungen hei\u00df und sicher. Jetzt Kontakt aufnehmen!","breadcrumb":{"@id":"https:\/\/gmz.ltd\/de\/produkt\/papiersuppentassen\/#breadcrumb"},"inLanguage":"de","potentialAction":[{"@type":"ReadAction","target":["https:\/\/gmz.ltd\/de\/produkt\/papiersuppentassen\/"]}]},{"@type":"ImageObject","inLanguage":"de","@id":"https:\/\/gmz.ltd\/de\/produkt\/papiersuppentassen\/#primaryimage","url":"https:\/\/gmz.ltd\/wp-content\/uploads\/2023\/09\/1-1.jpeg","contentUrl":"https:\/\/gmz.ltd\/wp-content\/uploads\/2023\/09\/1-1.jpeg","width":800,"height":800},{"@type":"BreadcrumbList","@id":"https:\/\/gmz.ltd\/de\/produkt\/papiersuppentassen\/#breadcrumb","itemListElement":[{"@type":"ListItem","position":1,"name":"Heim","item":"https:\/\/gmz.ltd\/de\/"},{"@type":"ListItem","position":2,"name":"Produkte","item":"https:\/\/gmz.ltd\/de\/shop\/"},{"@type":"ListItem","position":3,"name":"Papiersuppentassen"}]},{"@type":"WebSite","@id":"https:\/\/gmz.ltd\/de\/#website","url":"https:\/\/gmz.ltd\/de\/","name":"GMZ","description":"","publisher":{"@id":"https:\/\/gmz.ltd\/de\/#organization"},"potentialAction":[{"@type":"SearchAction","target":{"@type":"EntryPoint","urlTemplate":"https:\/\/gmz.ltd\/de\/?s={search_term_string}"},"query-input":{"@type":"PropertyValueSpecification","valueRequired":true,"valueName":"search_term_string"}}],"inLanguage":"de"},{"@type":"Organization","@id":"https:\/\/gmz.ltd\/de\/#organization","name":"GMZ","url":"https:\/\/gmz.ltd\/de\/","logo":{"@type":"ImageObject","inLanguage":"de","@id":"https:\/\/gmz.ltd\/de\/#\/schema\/logo\/image\/","url":"https:\/\/gmz.ltd\/wp-content\/uploads\/2024\/11\/gmzpack.svg","contentUrl":"https:\/\/gmz.ltd\/wp-content\/uploads\/2024\/11\/gmzpack.svg","width":170,"height":79,"caption":"GMZ"},"image":{"@id":"https:\/\/gmz.ltd\/de\/#\/schema\/logo\/image\/"}}]}},"_links":{"self":[{"href":"https:\/\/gmz.ltd\/de\/wp-json\/wp\/v2\/product\/7819","targetHints":{"allow":["GET"]}}],"collection":[{"href":"https:\/\/gmz.ltd\/de\/wp-json\/wp\/v2\/product"}],"about":[{"href":"https:\/\/gmz.ltd\/de\/wp-json\/wp\/v2\/types\/product"}],"version-history":[{"count":0,"href":"https:\/\/gmz.ltd\/de\/wp-json\/wp\/v2\/product\/7819\/revisions"}],"wp:featuredmedia":[{"embeddable":true,"href":"https:\/\/gmz.ltd\/de\/wp-json\/wp\/v2\/media\/5426"}],"wp:attachment":[{"href":"https:\/\/gmz.ltd\/de\/wp-json\/wp\/v2\/media?parent=7819"}],"wp:term":[{"taxonomy":"product_brand","embeddable":true,"href":"https:\/\/gmz.ltd\/de\/wp-json\/wp\/v2\/product_brand?post=7819"},{"taxonomy":"product_cat","embeddable":true,"href":"https:\/\/gmz.ltd\/de\/wp-json\/wp\/v2\/product_cat?post=7819"},{"taxonomy":"product_tag","embeddable":true,"href":"https:\/\/gmz.ltd\/de\/wp-json\/wp\/v2\/product_tag?post=7819"}],"curies":[{"name":"wp","href":"https:\/\/api.w.org\/{rel}","templated":true}]}}