{"id":7824,"date":"2023-09-20T04:05:39","date_gmt":"2023-09-20T04:05:39","guid":{"rendered":"https:\/\/gmz.ltd\/product\/papierdeckel\/"},"modified":"2023-09-20T04:05:39","modified_gmt":"2023-09-20T04:05:39","slug":"papierdeckel","status":"publish","type":"product","link":"https:\/\/gmz.ltd\/de\/produkt\/papierdeckel\/","title":{"rendered":"Papierdeckel"},"content":{"rendered":"<p>Unsere Papierdeckel-Serie umfasst die folgenden zwei Typen. Im Vergleich zu Plastikdeckeln sind Papierdeckel eine umweltfreundlichere Wahl.<\/p>\n<ol>\n<li>Papierbrei-Deckel<\/li>\n<li>PE\/PLA-beschichtete Papierdeckel<\/li>\n<\/ol>\n","protected":false},"excerpt":{"rendered":"<p>Unsere Papierdeckel-Serie umfasst die folgenden zwei Typen. Im Vergleich zu Plastikdeckeln sind Papierdeckel eine umweltfreundlichere Wahl.<\/p>\n<ol>\n<li>Papierbrei-Deckel<\/li>\n<li>PE\/PLA-beschichtete Papierdeckel<\/li>\n<\/ol>\n<ul>\n<li>PFAS-frei<\/li>\n<li>100 % recycelbar<\/li>\n<li>Passend zu 8\/12\/16\/20oz Pappbechern<\/li>\n<\/ul>\n","protected":false},"featured_media":19999,"template":"","meta":{"_joinchat":[]},"product_brand":[],"product_cat":[114],"product_tag":[115],"class_list":{"0":"post-7824","1":"product","2":"type-product","3":"status-publish","4":"has-post-thumbnail","6":"product_cat-deckel-zubehor","7":"product_tag-heisgetrankebecher-deckel","9":"first","10":"instock","11":"shipping-taxable","12":"product-type-simple"},"acf":[],"yoast_head":"<!-- This site is optimized with the Yoast SEO Premium plugin v22.5 (Yoast SEO v26.6) - https:\/\/yoast.com\/wordpress\/plugins\/seo\/ -->\n<title>Gro\u00dfhandel mit Pappbecherdeckeln - Kompostierbare &amp; abbaubare Kaffeebecherdeckel aus Papier- GMZ<\/title>\n<meta name=\"description\" content=\"GMZ bietet eine breite Palette von kompostierbaren und abbaubaren Papierbecherdeckeln zu Gro\u00dfhandelspreisen an. Finden Sie umweltfreundliche L\u00f6sungen f\u00fcr Ihre Kaffeetassen mit unseren hochwertigen Zuckerrohrdeckeln. Geeignet f\u00fcr Pappbecher mit 8\/12\/16\/20\/22oz.\" \/>\n<meta name=\"robots\" content=\"index, follow, max-snippet:-1, max-image-preview:large, max-video-preview:-1\" \/>\n<link rel=\"canonical\" href=\"https:\/\/gmz.ltd\/de\/produkt\/papierdeckel\/\" \/>\n<meta property=\"og:locale\" content=\"de_DE\" \/>\n<meta property=\"og:type\" content=\"article\" \/>\n<meta property=\"og:title\" content=\"Papierdeckel\" \/>\n<meta property=\"og:description\" content=\"GMZ bietet eine breite Palette von kompostierbaren und abbaubaren Papierbecherdeckeln zu Gro\u00dfhandelspreisen an. Finden Sie umweltfreundliche L\u00f6sungen f\u00fcr Ihre Kaffeetassen mit unseren hochwertigen Zuckerrohrdeckeln. Geeignet f\u00fcr Pappbecher mit 8\/12\/16\/20\/22oz.\" \/>\n<meta property=\"og:url\" content=\"https:\/\/gmz.ltd\/de\/produkt\/papierdeckel\/\" \/>\n<meta property=\"og:site_name\" content=\"GMZ\" \/>\n<meta property=\"og:image\" content=\"https:\/\/gmz.ltd\/wp-content\/uploads\/2023\/09\/paper-lids.jpg\" \/>\n\t<meta property=\"og:image:width\" content=\"1000\" \/>\n\t<meta property=\"og:image:height\" content=\"1000\" \/>\n\t<meta property=\"og:image:type\" content=\"image\/jpeg\" \/>\n<meta name=\"twitter:card\" content=\"summary_large_image\" \/>\n<script type=\"application\/ld+json\" class=\"yoast-schema-graph\">{\"@context\":\"https:\/\/schema.org\",\"@graph\":[{\"@type\":\"WebPage\",\"@id\":\"https:\/\/gmz.ltd\/de\/produkt\/papierdeckel\/\",\"url\":\"https:\/\/gmz.ltd\/de\/produkt\/papierdeckel\/\",\"name\":\"Gro\u00dfhandel mit Pappbecherdeckeln - Kompostierbare & abbaubare Kaffeebecherdeckel aus Papier- GMZ\",\"isPartOf\":{\"@id\":\"https:\/\/gmz.ltd\/de\/#website\"},\"primaryImageOfPage\":{\"@id\":\"https:\/\/gmz.ltd\/de\/produkt\/papierdeckel\/#primaryimage\"},\"image\":{\"@id\":\"https:\/\/gmz.ltd\/de\/produkt\/papierdeckel\/#primaryimage\"},\"thumbnailUrl\":\"https:\/\/gmz.ltd\/wp-content\/uploads\/2023\/09\/Paper-Lids.webp\",\"datePublished\":\"2023-09-20T04:05:39+00:00\",\"description\":\"GMZ bietet eine breite Palette von kompostierbaren und abbaubaren Papierbecherdeckeln zu Gro\u00dfhandelspreisen an. Finden Sie umweltfreundliche L\u00f6sungen f\u00fcr Ihre Kaffeetassen mit unseren hochwertigen Zuckerrohrdeckeln. Geeignet f\u00fcr Pappbecher mit 8\/12\/16\/20\/22oz.\",\"breadcrumb\":{\"@id\":\"https:\/\/gmz.ltd\/de\/produkt\/papierdeckel\/#breadcrumb\"},\"inLanguage\":\"de\",\"potentialAction\":[{\"@type\":\"ReadAction\",\"target\":[\"https:\/\/gmz.ltd\/de\/produkt\/papierdeckel\/\"]}]},{\"@type\":\"ImageObject\",\"inLanguage\":\"de\",\"@id\":\"https:\/\/gmz.ltd\/de\/produkt\/papierdeckel\/#primaryimage\",\"url\":\"https:\/\/gmz.ltd\/wp-content\/uploads\/2023\/09\/Paper-Lids.webp\",\"contentUrl\":\"https:\/\/gmz.ltd\/wp-content\/uploads\/2023\/09\/Paper-Lids.webp\",\"width\":800,\"height\":800,\"caption\":\"Paper Lids\"},{\"@type\":\"BreadcrumbList\",\"@id\":\"https:\/\/gmz.ltd\/de\/produkt\/papierdeckel\/#breadcrumb\",\"itemListElement\":[{\"@type\":\"ListItem\",\"position\":1,\"name\":\"Heim\",\"item\":\"https:\/\/gmz.ltd\/de\/\"},{\"@type\":\"ListItem\",\"position\":2,\"name\":\"Produkte\",\"item\":\"https:\/\/gmz.ltd\/de\/shop\/\"},{\"@type\":\"ListItem\",\"position\":3,\"name\":\"Papierdeckel\"}]},{\"@type\":\"WebSite\",\"@id\":\"https:\/\/gmz.ltd\/de\/#website\",\"url\":\"https:\/\/gmz.ltd\/de\/\",\"name\":\"GMZ\",\"description\":\"\",\"publisher\":{\"@id\":\"https:\/\/gmz.ltd\/de\/#organization\"},\"potentialAction\":[{\"@type\":\"SearchAction\",\"target\":{\"@type\":\"EntryPoint\",\"urlTemplate\":\"https:\/\/gmz.ltd\/de\/?s={search_term_string}\"},\"query-input\":{\"@type\":\"PropertyValueSpecification\",\"valueRequired\":true,\"valueName\":\"search_term_string\"}}],\"inLanguage\":\"de\"},{\"@type\":\"Organization\",\"@id\":\"https:\/\/gmz.ltd\/de\/#organization\",\"name\":\"GMZ\",\"url\":\"https:\/\/gmz.ltd\/de\/\",\"logo\":{\"@type\":\"ImageObject\",\"inLanguage\":\"de\",\"@id\":\"https:\/\/gmz.ltd\/de\/#\/schema\/logo\/image\/\",\"url\":\"https:\/\/gmz.ltd\/wp-content\/uploads\/2024\/11\/gmzpack.svg\",\"contentUrl\":\"https:\/\/gmz.ltd\/wp-content\/uploads\/2024\/11\/gmzpack.svg\",\"width\":170,\"height\":79,\"caption\":\"GMZ\"},\"image\":{\"@id\":\"https:\/\/gmz.ltd\/de\/#\/schema\/logo\/image\/\"}}]}<\/script>\n<!-- \/ Yoast SEO Premium plugin. -->","yoast_head_json":{"title":"Gro\u00dfhandel mit Pappbecherdeckeln - Kompostierbare & abbaubare Kaffeebecherdeckel aus Papier- GMZ","description":"GMZ bietet eine breite Palette von kompostierbaren und abbaubaren Papierbecherdeckeln zu Gro\u00dfhandelspreisen an. Finden Sie umweltfreundliche L\u00f6sungen f\u00fcr Ihre Kaffeetassen mit unseren hochwertigen Zuckerrohrdeckeln. Geeignet f\u00fcr Pappbecher mit 8\/12\/16\/20\/22oz.","robots":{"index":"index","follow":"follow","max-snippet":"max-snippet:-1","max-image-preview":"max-image-preview:large","max-video-preview":"max-video-preview:-1"},"canonical":"https:\/\/gmz.ltd\/de\/produkt\/papierdeckel\/","og_locale":"de_DE","og_type":"article","og_title":"Papierdeckel","og_description":"GMZ bietet eine breite Palette von kompostierbaren und abbaubaren Papierbecherdeckeln zu Gro\u00dfhandelspreisen an. Finden Sie umweltfreundliche L\u00f6sungen f\u00fcr Ihre Kaffeetassen mit unseren hochwertigen Zuckerrohrdeckeln. Geeignet f\u00fcr Pappbecher mit 8\/12\/16\/20\/22oz.","og_url":"https:\/\/gmz.ltd\/de\/produkt\/papierdeckel\/","og_site_name":"GMZ","og_image":[{"width":1000,"height":1000,"url":"https:\/\/gmz.ltd\/wp-content\/uploads\/2023\/09\/paper-lids.jpg","type":"image\/jpeg"}],"twitter_card":"summary_large_image","schema":{"@context":"https:\/\/schema.org","@graph":[{"@type":"WebPage","@id":"https:\/\/gmz.ltd\/de\/produkt\/papierdeckel\/","url":"https:\/\/gmz.ltd\/de\/produkt\/papierdeckel\/","name":"Gro\u00dfhandel mit Pappbecherdeckeln - Kompostierbare & abbaubare Kaffeebecherdeckel aus Papier- GMZ","isPartOf":{"@id":"https:\/\/gmz.ltd\/de\/#website"},"primaryImageOfPage":{"@id":"https:\/\/gmz.ltd\/de\/produkt\/papierdeckel\/#primaryimage"},"image":{"@id":"https:\/\/gmz.ltd\/de\/produkt\/papierdeckel\/#primaryimage"},"thumbnailUrl":"https:\/\/gmz.ltd\/wp-content\/uploads\/2023\/09\/Paper-Lids.webp","datePublished":"2023-09-20T04:05:39+00:00","description":"GMZ bietet eine breite Palette von kompostierbaren und abbaubaren Papierbecherdeckeln zu Gro\u00dfhandelspreisen an. Finden Sie umweltfreundliche L\u00f6sungen f\u00fcr Ihre Kaffeetassen mit unseren hochwertigen Zuckerrohrdeckeln. Geeignet f\u00fcr Pappbecher mit 8\/12\/16\/20\/22oz.","breadcrumb":{"@id":"https:\/\/gmz.ltd\/de\/produkt\/papierdeckel\/#breadcrumb"},"inLanguage":"de","potentialAction":[{"@type":"ReadAction","target":["https:\/\/gmz.ltd\/de\/produkt\/papierdeckel\/"]}]},{"@type":"ImageObject","inLanguage":"de","@id":"https:\/\/gmz.ltd\/de\/produkt\/papierdeckel\/#primaryimage","url":"https:\/\/gmz.ltd\/wp-content\/uploads\/2023\/09\/Paper-Lids.webp","contentUrl":"https:\/\/gmz.ltd\/wp-content\/uploads\/2023\/09\/Paper-Lids.webp","width":800,"height":800,"caption":"Paper Lids"},{"@type":"BreadcrumbList","@id":"https:\/\/gmz.ltd\/de\/produkt\/papierdeckel\/#breadcrumb","itemListElement":[{"@type":"ListItem","position":1,"name":"Heim","item":"https:\/\/gmz.ltd\/de\/"},{"@type":"ListItem","position":2,"name":"Produkte","item":"https:\/\/gmz.ltd\/de\/shop\/"},{"@type":"ListItem","position":3,"name":"Papierdeckel"}]},{"@type":"WebSite","@id":"https:\/\/gmz.ltd\/de\/#website","url":"https:\/\/gmz.ltd\/de\/","name":"GMZ","description":"","publisher":{"@id":"https:\/\/gmz.ltd\/de\/#organization"},"potentialAction":[{"@type":"SearchAction","target":{"@type":"EntryPoint","urlTemplate":"https:\/\/gmz.ltd\/de\/?s={search_term_string}"},"query-input":{"@type":"PropertyValueSpecification","valueRequired":true,"valueName":"search_term_string"}}],"inLanguage":"de"},{"@type":"Organization","@id":"https:\/\/gmz.ltd\/de\/#organization","name":"GMZ","url":"https:\/\/gmz.ltd\/de\/","logo":{"@type":"ImageObject","inLanguage":"de","@id":"https:\/\/gmz.ltd\/de\/#\/schema\/logo\/image\/","url":"https:\/\/gmz.ltd\/wp-content\/uploads\/2024\/11\/gmzpack.svg","contentUrl":"https:\/\/gmz.ltd\/wp-content\/uploads\/2024\/11\/gmzpack.svg","width":170,"height":79,"caption":"GMZ"},"image":{"@id":"https:\/\/gmz.ltd\/de\/#\/schema\/logo\/image\/"}}]}},"_links":{"self":[{"href":"https:\/\/gmz.ltd\/de\/wp-json\/wp\/v2\/product\/7824","targetHints":{"allow":["GET"]}}],"collection":[{"href":"https:\/\/gmz.ltd\/de\/wp-json\/wp\/v2\/product"}],"about":[{"href":"https:\/\/gmz.ltd\/de\/wp-json\/wp\/v2\/types\/product"}],"version-history":[{"count":0,"href":"https:\/\/gmz.ltd\/de\/wp-json\/wp\/v2\/product\/7824\/revisions"}],"wp:featuredmedia":[{"embeddable":true,"href":"https:\/\/gmz.ltd\/de\/wp-json\/wp\/v2\/media\/19999"}],"wp:attachment":[{"href":"https:\/\/gmz.ltd\/de\/wp-json\/wp\/v2\/media?parent=7824"}],"wp:term":[{"taxonomy":"product_brand","embeddable":true,"href":"https:\/\/gmz.ltd\/de\/wp-json\/wp\/v2\/product_brand?post=7824"},{"taxonomy":"product_cat","embeddable":true,"href":"https:\/\/gmz.ltd\/de\/wp-json\/wp\/v2\/product_cat?post=7824"},{"taxonomy":"product_tag","embeddable":true,"href":"https:\/\/gmz.ltd\/de\/wp-json\/wp\/v2\/product_tag?post=7824"}],"curies":[{"name":"wp","href":"https:\/\/api.w.org\/{rel}","templated":true}]}}