{"id":7828,"date":"2023-09-20T04:04:47","date_gmt":"2023-09-20T04:04:47","guid":{"rendered":"https:\/\/gmz.ltd\/product\/pet-deckel\/"},"modified":"2023-09-20T04:04:47","modified_gmt":"2023-09-20T04:04:47","slug":"pet-deckel","status":"publish","type":"product","link":"https:\/\/gmz.ltd\/de\/produkt\/pet-deckel\/","title":{"rendered":"PET-Deckel"},"content":{"rendered":"<p>PET-Deckel sind geeignete Deckel f\u00fcr Kaltgetr\u00e4nkebecher, es gibt viele Modelle zur Auswahl, alle unsere PET-Becher k\u00f6nnen mit passenden Deckeln kombiniert werden.<\/p>\n","protected":false},"excerpt":{"rendered":"<p>Unsere Deckel bestehen aus hochwertigem PET-Kunststoff und k\u00f6nnen durch geeignete Verfahren in neue Produkte recycelt werden. Diese Deckel sind haltbar, stark und super klar, sie bieten eine sichere, auslaufsichere L\u00f6sung f\u00fcr Ihre Kaltgetr\u00e4nke. Entworfen, um zu unserer Reihe von PET-Bechern zu passen, sind sie mit den meisten auf dem Markt erh\u00e4ltlichen Kaltgetr\u00e4nkebechergr\u00f6\u00dfen kompatibel.<\/p>\n<ul>\n<li>Aus recycelbaren PET-Materialien hergestellt<\/li>\n<li>Bietet ein sicheres und auslaufsicheres Erlebnis<\/li>\n<li>Kompatibel mit den meisten Kaltgetr\u00e4nkebechern auf dem Markt<\/li>\n<li>Verf\u00fcgbar in Kuppel-, Pop-up- und Flachdeckel-Stilen<\/li>\n<li>Perfekt, um die obere Schicht Ihrer Getr\u00e4nke zu pr\u00e4sentieren<\/li>\n<\/ul>\n<p><!-- notionvc: 5d84b415-ad24-46eb-9954-e26661fcc28c --><\/p>\n","protected":false},"featured_media":5214,"template":"","meta":{"_joinchat":[]},"product_brand":[],"product_cat":[114],"product_tag":[121],"class_list":{"0":"post-7828","1":"product","2":"type-product","3":"status-publish","4":"has-post-thumbnail","6":"product_cat-deckel-zubehor","7":"product_tag-kaltgetrankebecher-deckel","9":"first","10":"instock","11":"shipping-taxable","12":"product-type-simple"},"acf":[],"yoast_head":"<!-- This site is optimized with the Yoast SEO Premium plugin v22.5 (Yoast SEO v26.6) - https:\/\/yoast.com\/wordpress\/plugins\/seo\/ -->\n<title>Plastik PET-Becherdeckel: Kuppel-, Pop-up-, Flache Kaffeedeckel f\u00fcr kalte Getr\u00e4nke - 78mm-98mm - GMZ<\/title>\n<meta name=\"description\" content=\"Entdecken Sie GMZs Gro\u00dfhandelspreise f\u00fcr Plastik PET-Becherdeckel, einschlie\u00dflich Kuppeldeckel, Pop-up-Deckel und flache Deckel, verf\u00fcgbar in Gr\u00f6\u00dfen von 78mm bis 98mm. Kaufen Sie jetzt Gro\u00dfmengen von klaren Einweg-Plastikbechern mit Deckeln, ideal f\u00fcr Coffee-to-go-Becher. Finden Sie hochwertige Verpackungsl\u00f6sungen f\u00fcr Ihre kalten Getr\u00e4nke bei GMZ.\" \/>\n<meta name=\"robots\" content=\"index, follow, max-snippet:-1, max-image-preview:large, max-video-preview:-1\" \/>\n<link rel=\"canonical\" href=\"https:\/\/gmz.ltd\/de\/produkt\/pet-deckel\/\" \/>\n<meta property=\"og:locale\" content=\"de_DE\" \/>\n<meta property=\"og:type\" content=\"article\" \/>\n<meta property=\"og:title\" content=\"PET-Deckel\" \/>\n<meta property=\"og:description\" content=\"Entdecken Sie GMZs Gro\u00dfhandelspreise f\u00fcr Plastik PET-Becherdeckel, einschlie\u00dflich Kuppeldeckel, Pop-up-Deckel und flache Deckel, verf\u00fcgbar in Gr\u00f6\u00dfen von 78mm bis 98mm. Kaufen Sie jetzt Gro\u00dfmengen von klaren Einweg-Plastikbechern mit Deckeln, ideal f\u00fcr Coffee-to-go-Becher. Finden Sie hochwertige Verpackungsl\u00f6sungen f\u00fcr Ihre kalten Getr\u00e4nke bei GMZ.\" \/>\n<meta property=\"og:url\" content=\"https:\/\/gmz.ltd\/de\/produkt\/pet-deckel\/\" \/>\n<meta property=\"og:site_name\" content=\"GMZ\" \/>\n<meta property=\"og:image\" content=\"https:\/\/gmz.ltd\/wp-content\/uploads\/2023\/09\/\u4e3b\u56fe-2.jpg\" \/>\n\t<meta property=\"og:image:width\" content=\"800\" \/>\n\t<meta property=\"og:image:height\" content=\"800\" \/>\n\t<meta property=\"og:image:type\" content=\"image\/jpeg\" \/>\n<meta name=\"twitter:card\" content=\"summary_large_image\" \/>\n<script type=\"application\/ld+json\" class=\"yoast-schema-graph\">{\"@context\":\"https:\/\/schema.org\",\"@graph\":[{\"@type\":\"WebPage\",\"@id\":\"https:\/\/gmz.ltd\/de\/produkt\/pet-deckel\/\",\"url\":\"https:\/\/gmz.ltd\/de\/produkt\/pet-deckel\/\",\"name\":\"Plastik PET-Becherdeckel: Kuppel-, Pop-up-, Flache Kaffeedeckel f\u00fcr kalte Getr\u00e4nke - 78mm-98mm - GMZ\",\"isPartOf\":{\"@id\":\"https:\/\/gmz.ltd\/de\/#website\"},\"primaryImageOfPage\":{\"@id\":\"https:\/\/gmz.ltd\/de\/produkt\/pet-deckel\/#primaryimage\"},\"image\":{\"@id\":\"https:\/\/gmz.ltd\/de\/produkt\/pet-deckel\/#primaryimage\"},\"thumbnailUrl\":\"https:\/\/gmz.ltd\/wp-content\/uploads\/2023\/09\/\u4e3b\u56fe-2.jpg\",\"datePublished\":\"2023-09-20T04:04:47+00:00\",\"description\":\"Entdecken Sie GMZs Gro\u00dfhandelspreise f\u00fcr Plastik PET-Becherdeckel, einschlie\u00dflich Kuppeldeckel, Pop-up-Deckel und flache Deckel, verf\u00fcgbar in Gr\u00f6\u00dfen von 78mm bis 98mm. Kaufen Sie jetzt Gro\u00dfmengen von klaren Einweg-Plastikbechern mit Deckeln, ideal f\u00fcr Coffee-to-go-Becher. Finden Sie hochwertige Verpackungsl\u00f6sungen f\u00fcr Ihre kalten Getr\u00e4nke bei GMZ.\",\"breadcrumb\":{\"@id\":\"https:\/\/gmz.ltd\/de\/produkt\/pet-deckel\/#breadcrumb\"},\"inLanguage\":\"de\",\"potentialAction\":[{\"@type\":\"ReadAction\",\"target\":[\"https:\/\/gmz.ltd\/de\/produkt\/pet-deckel\/\"]}]},{\"@type\":\"ImageObject\",\"inLanguage\":\"de\",\"@id\":\"https:\/\/gmz.ltd\/de\/produkt\/pet-deckel\/#primaryimage\",\"url\":\"https:\/\/gmz.ltd\/wp-content\/uploads\/2023\/09\/\u4e3b\u56fe-2.jpg\",\"contentUrl\":\"https:\/\/gmz.ltd\/wp-content\/uploads\/2023\/09\/\u4e3b\u56fe-2.jpg\",\"width\":800,\"height\":800,\"caption\":\"PET Lid by GMZ\"},{\"@type\":\"BreadcrumbList\",\"@id\":\"https:\/\/gmz.ltd\/de\/produkt\/pet-deckel\/#breadcrumb\",\"itemListElement\":[{\"@type\":\"ListItem\",\"position\":1,\"name\":\"Heim\",\"item\":\"https:\/\/gmz.ltd\/de\/\"},{\"@type\":\"ListItem\",\"position\":2,\"name\":\"Produkte\",\"item\":\"https:\/\/gmz.ltd\/de\/shop\/\"},{\"@type\":\"ListItem\",\"position\":3,\"name\":\"PET-Deckel\"}]},{\"@type\":\"WebSite\",\"@id\":\"https:\/\/gmz.ltd\/de\/#website\",\"url\":\"https:\/\/gmz.ltd\/de\/\",\"name\":\"GMZ\",\"description\":\"\",\"publisher\":{\"@id\":\"https:\/\/gmz.ltd\/de\/#organization\"},\"potentialAction\":[{\"@type\":\"SearchAction\",\"target\":{\"@type\":\"EntryPoint\",\"urlTemplate\":\"https:\/\/gmz.ltd\/de\/?s={search_term_string}\"},\"query-input\":{\"@type\":\"PropertyValueSpecification\",\"valueRequired\":true,\"valueName\":\"search_term_string\"}}],\"inLanguage\":\"de\"},{\"@type\":\"Organization\",\"@id\":\"https:\/\/gmz.ltd\/de\/#organization\",\"name\":\"GMZ\",\"url\":\"https:\/\/gmz.ltd\/de\/\",\"logo\":{\"@type\":\"ImageObject\",\"inLanguage\":\"de\",\"@id\":\"https:\/\/gmz.ltd\/de\/#\/schema\/logo\/image\/\",\"url\":\"https:\/\/gmz.ltd\/wp-content\/uploads\/2024\/11\/gmzpack.svg\",\"contentUrl\":\"https:\/\/gmz.ltd\/wp-content\/uploads\/2024\/11\/gmzpack.svg\",\"width\":170,\"height\":79,\"caption\":\"GMZ\"},\"image\":{\"@id\":\"https:\/\/gmz.ltd\/de\/#\/schema\/logo\/image\/\"}}]}<\/script>\n<!-- \/ Yoast SEO Premium plugin. -->","yoast_head_json":{"title":"Plastik PET-Becherdeckel: Kuppel-, Pop-up-, Flache Kaffeedeckel f\u00fcr kalte Getr\u00e4nke - 78mm-98mm - GMZ","description":"Entdecken Sie GMZs Gro\u00dfhandelspreise f\u00fcr Plastik PET-Becherdeckel, einschlie\u00dflich Kuppeldeckel, Pop-up-Deckel und flache Deckel, verf\u00fcgbar in Gr\u00f6\u00dfen von 78mm bis 98mm. Kaufen Sie jetzt Gro\u00dfmengen von klaren Einweg-Plastikbechern mit Deckeln, ideal f\u00fcr Coffee-to-go-Becher. Finden Sie hochwertige Verpackungsl\u00f6sungen f\u00fcr Ihre kalten Getr\u00e4nke bei GMZ.","robots":{"index":"index","follow":"follow","max-snippet":"max-snippet:-1","max-image-preview":"max-image-preview:large","max-video-preview":"max-video-preview:-1"},"canonical":"https:\/\/gmz.ltd\/de\/produkt\/pet-deckel\/","og_locale":"de_DE","og_type":"article","og_title":"PET-Deckel","og_description":"Entdecken Sie GMZs Gro\u00dfhandelspreise f\u00fcr Plastik PET-Becherdeckel, einschlie\u00dflich Kuppeldeckel, Pop-up-Deckel und flache Deckel, verf\u00fcgbar in Gr\u00f6\u00dfen von 78mm bis 98mm. Kaufen Sie jetzt Gro\u00dfmengen von klaren Einweg-Plastikbechern mit Deckeln, ideal f\u00fcr Coffee-to-go-Becher. Finden Sie hochwertige Verpackungsl\u00f6sungen f\u00fcr Ihre kalten Getr\u00e4nke bei GMZ.","og_url":"https:\/\/gmz.ltd\/de\/produkt\/pet-deckel\/","og_site_name":"GMZ","og_image":[{"width":800,"height":800,"url":"https:\/\/gmz.ltd\/wp-content\/uploads\/2023\/09\/\u4e3b\u56fe-2.jpg","type":"image\/jpeg"}],"twitter_card":"summary_large_image","schema":{"@context":"https:\/\/schema.org","@graph":[{"@type":"WebPage","@id":"https:\/\/gmz.ltd\/de\/produkt\/pet-deckel\/","url":"https:\/\/gmz.ltd\/de\/produkt\/pet-deckel\/","name":"Plastik PET-Becherdeckel: Kuppel-, Pop-up-, Flache Kaffeedeckel f\u00fcr kalte Getr\u00e4nke - 78mm-98mm - GMZ","isPartOf":{"@id":"https:\/\/gmz.ltd\/de\/#website"},"primaryImageOfPage":{"@id":"https:\/\/gmz.ltd\/de\/produkt\/pet-deckel\/#primaryimage"},"image":{"@id":"https:\/\/gmz.ltd\/de\/produkt\/pet-deckel\/#primaryimage"},"thumbnailUrl":"https:\/\/gmz.ltd\/wp-content\/uploads\/2023\/09\/\u4e3b\u56fe-2.jpg","datePublished":"2023-09-20T04:04:47+00:00","description":"Entdecken Sie GMZs Gro\u00dfhandelspreise f\u00fcr Plastik PET-Becherdeckel, einschlie\u00dflich Kuppeldeckel, Pop-up-Deckel und flache Deckel, verf\u00fcgbar in Gr\u00f6\u00dfen von 78mm bis 98mm. Kaufen Sie jetzt Gro\u00dfmengen von klaren Einweg-Plastikbechern mit Deckeln, ideal f\u00fcr Coffee-to-go-Becher. Finden Sie hochwertige Verpackungsl\u00f6sungen f\u00fcr Ihre kalten Getr\u00e4nke bei GMZ.","breadcrumb":{"@id":"https:\/\/gmz.ltd\/de\/produkt\/pet-deckel\/#breadcrumb"},"inLanguage":"de","potentialAction":[{"@type":"ReadAction","target":["https:\/\/gmz.ltd\/de\/produkt\/pet-deckel\/"]}]},{"@type":"ImageObject","inLanguage":"de","@id":"https:\/\/gmz.ltd\/de\/produkt\/pet-deckel\/#primaryimage","url":"https:\/\/gmz.ltd\/wp-content\/uploads\/2023\/09\/\u4e3b\u56fe-2.jpg","contentUrl":"https:\/\/gmz.ltd\/wp-content\/uploads\/2023\/09\/\u4e3b\u56fe-2.jpg","width":800,"height":800,"caption":"PET Lid by GMZ"},{"@type":"BreadcrumbList","@id":"https:\/\/gmz.ltd\/de\/produkt\/pet-deckel\/#breadcrumb","itemListElement":[{"@type":"ListItem","position":1,"name":"Heim","item":"https:\/\/gmz.ltd\/de\/"},{"@type":"ListItem","position":2,"name":"Produkte","item":"https:\/\/gmz.ltd\/de\/shop\/"},{"@type":"ListItem","position":3,"name":"PET-Deckel"}]},{"@type":"WebSite","@id":"https:\/\/gmz.ltd\/de\/#website","url":"https:\/\/gmz.ltd\/de\/","name":"GMZ","description":"","publisher":{"@id":"https:\/\/gmz.ltd\/de\/#organization"},"potentialAction":[{"@type":"SearchAction","target":{"@type":"EntryPoint","urlTemplate":"https:\/\/gmz.ltd\/de\/?s={search_term_string}"},"query-input":{"@type":"PropertyValueSpecification","valueRequired":true,"valueName":"search_term_string"}}],"inLanguage":"de"},{"@type":"Organization","@id":"https:\/\/gmz.ltd\/de\/#organization","name":"GMZ","url":"https:\/\/gmz.ltd\/de\/","logo":{"@type":"ImageObject","inLanguage":"de","@id":"https:\/\/gmz.ltd\/de\/#\/schema\/logo\/image\/","url":"https:\/\/gmz.ltd\/wp-content\/uploads\/2024\/11\/gmzpack.svg","contentUrl":"https:\/\/gmz.ltd\/wp-content\/uploads\/2024\/11\/gmzpack.svg","width":170,"height":79,"caption":"GMZ"},"image":{"@id":"https:\/\/gmz.ltd\/de\/#\/schema\/logo\/image\/"}}]}},"_links":{"self":[{"href":"https:\/\/gmz.ltd\/de\/wp-json\/wp\/v2\/product\/7828","targetHints":{"allow":["GET"]}}],"collection":[{"href":"https:\/\/gmz.ltd\/de\/wp-json\/wp\/v2\/product"}],"about":[{"href":"https:\/\/gmz.ltd\/de\/wp-json\/wp\/v2\/types\/product"}],"version-history":[{"count":0,"href":"https:\/\/gmz.ltd\/de\/wp-json\/wp\/v2\/product\/7828\/revisions"}],"wp:featuredmedia":[{"embeddable":true,"href":"https:\/\/gmz.ltd\/de\/wp-json\/wp\/v2\/media\/5214"}],"wp:attachment":[{"href":"https:\/\/gmz.ltd\/de\/wp-json\/wp\/v2\/media?parent=7828"}],"wp:term":[{"taxonomy":"product_brand","embeddable":true,"href":"https:\/\/gmz.ltd\/de\/wp-json\/wp\/v2\/product_brand?post=7828"},{"taxonomy":"product_cat","embeddable":true,"href":"https:\/\/gmz.ltd\/de\/wp-json\/wp\/v2\/product_cat?post=7828"},{"taxonomy":"product_tag","embeddable":true,"href":"https:\/\/gmz.ltd\/de\/wp-json\/wp\/v2\/product_tag?post=7828"}],"curies":[{"name":"wp","href":"https:\/\/api.w.org\/{rel}","templated":true}]}}