{"id":7832,"date":"2023-09-20T04:04:03","date_gmt":"2023-09-20T04:04:03","guid":{"rendered":"https:\/\/gmz.ltd\/product\/ps-deckel\/"},"modified":"2023-09-20T04:04:03","modified_gmt":"2023-09-20T04:04:03","slug":"ps-deckel","status":"publish","type":"product","link":"https:\/\/gmz.ltd\/de\/produkt\/ps-deckel\/","title":{"rendered":"PS-Deckel"},"content":{"rendered":"<p>PS-Deckel sind die beliebtesten Kaffeetassendeckel. Sie sind erschwinglich und vielseitig.<\/p>\n","protected":false},"excerpt":{"rendered":"<p>PS-Deckel sind die beliebtesten Kaffeetassendeckel, eine perfekte L\u00f6sung, um Ihren hei\u00dfen Kaffee unterwegs zu versiegeln. Sie sind kosteneffektiv und vielseitig. In einer Vielzahl von Gr\u00f6\u00dfen und Stilen sind diese PS-Becherdeckel f\u00fcr eine sichere Passform, schnelle Anwendung und einfache Entsorgung konzipiert.<\/p>\n<ul>\n<li>Perfekt f\u00fcr hei\u00dfe Getr\u00e4nke<\/li>\n<li>Isoliert und wasserdicht<\/li>\n<li>Einfach und schnell auf die Becher aufzutragen<\/li>\n<li>Geeignet f\u00fcr Hei\u00dfgetr\u00e4nkebecher von 4oz bis 22oz<\/li>\n<li>In verschiedenen Stilen erh\u00e4ltlich: flacher Deckel, Pop-up-Deckel, rei\u00dfbare Deckel und Strohhalmdeckel<\/li>\n<\/ul>\n","protected":false},"featured_media":5210,"template":"","meta":{"_joinchat":[]},"product_brand":[],"product_cat":[114],"product_tag":[115],"class_list":{"0":"post-7832","1":"product","2":"type-product","3":"status-publish","4":"has-post-thumbnail","6":"product_cat-deckel-zubehor","7":"product_tag-heisgetrankebecher-deckel","9":"first","10":"instock","11":"shipping-taxable","12":"product-type-simple"},"acf":[],"yoast_head":"<!-- This site is optimized with the Yoast SEO Premium plugin v22.5 (Yoast SEO v26.6) - https:\/\/yoast.com\/wordpress\/plugins\/seo\/ -->\n<title>Plastik-PS-Becherdeckel: Flach, Pop-up, Rei\u00dfen, Strohhalm Kaffee Hei\u00dfgetr\u00e4nkebecher Deckel - 4oz-22oz - GMZ<\/title>\n<meta name=\"description\" content=\"Finden Sie die besten Gro\u00dfhandelspreise f\u00fcr Plastikbecherdeckel bei GMZ, Chinas f\u00fchrendem Hersteller von Einweg-Kaffeetassen und Deckeln. Entdecken Sie unsere Auswahl an Hei\u00dfgetr\u00e4nkedeckeln aus Polystyrolmaterial, ideal f\u00fcr Coffee-to-go und andere hei\u00dfe Getr\u00e4nke. Senden Sie eine Anfrage f\u00fcr Ihre Hei\u00dfgetr\u00e4nkeverpackungsl\u00f6sung!\" \/>\n<meta name=\"robots\" content=\"index, follow, max-snippet:-1, max-image-preview:large, max-video-preview:-1\" \/>\n<link rel=\"canonical\" href=\"https:\/\/gmz.ltd\/de\/produkt\/ps-deckel\/\" \/>\n<meta property=\"og:locale\" content=\"de_DE\" \/>\n<meta property=\"og:type\" content=\"article\" \/>\n<meta property=\"og:title\" content=\"PS-Deckel\" \/>\n<meta property=\"og:description\" content=\"Finden Sie die besten Gro\u00dfhandelspreise f\u00fcr Plastikbecherdeckel bei GMZ, Chinas f\u00fchrendem Hersteller von Einweg-Kaffeetassen und Deckeln. Entdecken Sie unsere Auswahl an Hei\u00dfgetr\u00e4nkedeckeln aus Polystyrolmaterial, ideal f\u00fcr Coffee-to-go und andere hei\u00dfe Getr\u00e4nke. Senden Sie eine Anfrage f\u00fcr Ihre Hei\u00dfgetr\u00e4nkeverpackungsl\u00f6sung!\" \/>\n<meta property=\"og:url\" content=\"https:\/\/gmz.ltd\/de\/produkt\/ps-deckel\/\" \/>\n<meta property=\"og:site_name\" content=\"GMZ\" \/>\n<meta property=\"og:image\" content=\"https:\/\/gmz.ltd\/wp-content\/uploads\/2023\/09\/\u4e3b\u56fe.jpg\" \/>\n\t<meta property=\"og:image:width\" content=\"800\" \/>\n\t<meta property=\"og:image:height\" content=\"800\" \/>\n\t<meta property=\"og:image:type\" content=\"image\/jpeg\" \/>\n<meta name=\"twitter:card\" content=\"summary_large_image\" \/>\n<script type=\"application\/ld+json\" class=\"yoast-schema-graph\">{\"@context\":\"https:\/\/schema.org\",\"@graph\":[{\"@type\":\"WebPage\",\"@id\":\"https:\/\/gmz.ltd\/de\/produkt\/ps-deckel\/\",\"url\":\"https:\/\/gmz.ltd\/de\/produkt\/ps-deckel\/\",\"name\":\"Plastik-PS-Becherdeckel: Flach, Pop-up, Rei\u00dfen, Strohhalm Kaffee Hei\u00dfgetr\u00e4nkebecher Deckel - 4oz-22oz - GMZ\",\"isPartOf\":{\"@id\":\"https:\/\/gmz.ltd\/de\/#website\"},\"primaryImageOfPage\":{\"@id\":\"https:\/\/gmz.ltd\/de\/produkt\/ps-deckel\/#primaryimage\"},\"image\":{\"@id\":\"https:\/\/gmz.ltd\/de\/produkt\/ps-deckel\/#primaryimage\"},\"thumbnailUrl\":\"https:\/\/gmz.ltd\/wp-content\/uploads\/2023\/09\/\u4e3b\u56fe.jpg\",\"datePublished\":\"2023-09-20T04:04:03+00:00\",\"description\":\"Finden Sie die besten Gro\u00dfhandelspreise f\u00fcr Plastikbecherdeckel bei GMZ, Chinas f\u00fchrendem Hersteller von Einweg-Kaffeetassen und Deckeln. Entdecken Sie unsere Auswahl an Hei\u00dfgetr\u00e4nkedeckeln aus Polystyrolmaterial, ideal f\u00fcr Coffee-to-go und andere hei\u00dfe Getr\u00e4nke. Senden Sie eine Anfrage f\u00fcr Ihre Hei\u00dfgetr\u00e4nkeverpackungsl\u00f6sung!\",\"breadcrumb\":{\"@id\":\"https:\/\/gmz.ltd\/de\/produkt\/ps-deckel\/#breadcrumb\"},\"inLanguage\":\"de\",\"potentialAction\":[{\"@type\":\"ReadAction\",\"target\":[\"https:\/\/gmz.ltd\/de\/produkt\/ps-deckel\/\"]}]},{\"@type\":\"ImageObject\",\"inLanguage\":\"de\",\"@id\":\"https:\/\/gmz.ltd\/de\/produkt\/ps-deckel\/#primaryimage\",\"url\":\"https:\/\/gmz.ltd\/wp-content\/uploads\/2023\/09\/\u4e3b\u56fe.jpg\",\"contentUrl\":\"https:\/\/gmz.ltd\/wp-content\/uploads\/2023\/09\/\u4e3b\u56fe.jpg\",\"width\":800,\"height\":800,\"caption\":\"GMZ Single Wall Paper Cup with PS Lid\"},{\"@type\":\"BreadcrumbList\",\"@id\":\"https:\/\/gmz.ltd\/de\/produkt\/ps-deckel\/#breadcrumb\",\"itemListElement\":[{\"@type\":\"ListItem\",\"position\":1,\"name\":\"Heim\",\"item\":\"https:\/\/gmz.ltd\/de\/\"},{\"@type\":\"ListItem\",\"position\":2,\"name\":\"Produkte\",\"item\":\"https:\/\/gmz.ltd\/de\/shop\/\"},{\"@type\":\"ListItem\",\"position\":3,\"name\":\"PS-Deckel\"}]},{\"@type\":\"WebSite\",\"@id\":\"https:\/\/gmz.ltd\/de\/#website\",\"url\":\"https:\/\/gmz.ltd\/de\/\",\"name\":\"GMZ\",\"description\":\"\",\"publisher\":{\"@id\":\"https:\/\/gmz.ltd\/de\/#organization\"},\"potentialAction\":[{\"@type\":\"SearchAction\",\"target\":{\"@type\":\"EntryPoint\",\"urlTemplate\":\"https:\/\/gmz.ltd\/de\/?s={search_term_string}\"},\"query-input\":{\"@type\":\"PropertyValueSpecification\",\"valueRequired\":true,\"valueName\":\"search_term_string\"}}],\"inLanguage\":\"de\"},{\"@type\":\"Organization\",\"@id\":\"https:\/\/gmz.ltd\/de\/#organization\",\"name\":\"GMZ\",\"url\":\"https:\/\/gmz.ltd\/de\/\",\"logo\":{\"@type\":\"ImageObject\",\"inLanguage\":\"de\",\"@id\":\"https:\/\/gmz.ltd\/de\/#\/schema\/logo\/image\/\",\"url\":\"https:\/\/gmz.ltd\/wp-content\/uploads\/2024\/11\/gmzpack.svg\",\"contentUrl\":\"https:\/\/gmz.ltd\/wp-content\/uploads\/2024\/11\/gmzpack.svg\",\"width\":170,\"height\":79,\"caption\":\"GMZ\"},\"image\":{\"@id\":\"https:\/\/gmz.ltd\/de\/#\/schema\/logo\/image\/\"}}]}<\/script>\n<!-- \/ Yoast SEO Premium plugin. -->","yoast_head_json":{"title":"Plastik-PS-Becherdeckel: Flach, Pop-up, Rei\u00dfen, Strohhalm Kaffee Hei\u00dfgetr\u00e4nkebecher Deckel - 4oz-22oz - GMZ","description":"Finden Sie die besten Gro\u00dfhandelspreise f\u00fcr Plastikbecherdeckel bei GMZ, Chinas f\u00fchrendem Hersteller von Einweg-Kaffeetassen und Deckeln. Entdecken Sie unsere Auswahl an Hei\u00dfgetr\u00e4nkedeckeln aus Polystyrolmaterial, ideal f\u00fcr Coffee-to-go und andere hei\u00dfe Getr\u00e4nke. Senden Sie eine Anfrage f\u00fcr Ihre Hei\u00dfgetr\u00e4nkeverpackungsl\u00f6sung!","robots":{"index":"index","follow":"follow","max-snippet":"max-snippet:-1","max-image-preview":"max-image-preview:large","max-video-preview":"max-video-preview:-1"},"canonical":"https:\/\/gmz.ltd\/de\/produkt\/ps-deckel\/","og_locale":"de_DE","og_type":"article","og_title":"PS-Deckel","og_description":"Finden Sie die besten Gro\u00dfhandelspreise f\u00fcr Plastikbecherdeckel bei GMZ, Chinas f\u00fchrendem Hersteller von Einweg-Kaffeetassen und Deckeln. Entdecken Sie unsere Auswahl an Hei\u00dfgetr\u00e4nkedeckeln aus Polystyrolmaterial, ideal f\u00fcr Coffee-to-go und andere hei\u00dfe Getr\u00e4nke. Senden Sie eine Anfrage f\u00fcr Ihre Hei\u00dfgetr\u00e4nkeverpackungsl\u00f6sung!","og_url":"https:\/\/gmz.ltd\/de\/produkt\/ps-deckel\/","og_site_name":"GMZ","og_image":[{"width":800,"height":800,"url":"https:\/\/gmz.ltd\/wp-content\/uploads\/2023\/09\/\u4e3b\u56fe.jpg","type":"image\/jpeg"}],"twitter_card":"summary_large_image","schema":{"@context":"https:\/\/schema.org","@graph":[{"@type":"WebPage","@id":"https:\/\/gmz.ltd\/de\/produkt\/ps-deckel\/","url":"https:\/\/gmz.ltd\/de\/produkt\/ps-deckel\/","name":"Plastik-PS-Becherdeckel: Flach, Pop-up, Rei\u00dfen, Strohhalm Kaffee Hei\u00dfgetr\u00e4nkebecher Deckel - 4oz-22oz - GMZ","isPartOf":{"@id":"https:\/\/gmz.ltd\/de\/#website"},"primaryImageOfPage":{"@id":"https:\/\/gmz.ltd\/de\/produkt\/ps-deckel\/#primaryimage"},"image":{"@id":"https:\/\/gmz.ltd\/de\/produkt\/ps-deckel\/#primaryimage"},"thumbnailUrl":"https:\/\/gmz.ltd\/wp-content\/uploads\/2023\/09\/\u4e3b\u56fe.jpg","datePublished":"2023-09-20T04:04:03+00:00","description":"Finden Sie die besten Gro\u00dfhandelspreise f\u00fcr Plastikbecherdeckel bei GMZ, Chinas f\u00fchrendem Hersteller von Einweg-Kaffeetassen und Deckeln. Entdecken Sie unsere Auswahl an Hei\u00dfgetr\u00e4nkedeckeln aus Polystyrolmaterial, ideal f\u00fcr Coffee-to-go und andere hei\u00dfe Getr\u00e4nke. Senden Sie eine Anfrage f\u00fcr Ihre Hei\u00dfgetr\u00e4nkeverpackungsl\u00f6sung!","breadcrumb":{"@id":"https:\/\/gmz.ltd\/de\/produkt\/ps-deckel\/#breadcrumb"},"inLanguage":"de","potentialAction":[{"@type":"ReadAction","target":["https:\/\/gmz.ltd\/de\/produkt\/ps-deckel\/"]}]},{"@type":"ImageObject","inLanguage":"de","@id":"https:\/\/gmz.ltd\/de\/produkt\/ps-deckel\/#primaryimage","url":"https:\/\/gmz.ltd\/wp-content\/uploads\/2023\/09\/\u4e3b\u56fe.jpg","contentUrl":"https:\/\/gmz.ltd\/wp-content\/uploads\/2023\/09\/\u4e3b\u56fe.jpg","width":800,"height":800,"caption":"GMZ Single Wall Paper Cup with PS Lid"},{"@type":"BreadcrumbList","@id":"https:\/\/gmz.ltd\/de\/produkt\/ps-deckel\/#breadcrumb","itemListElement":[{"@type":"ListItem","position":1,"name":"Heim","item":"https:\/\/gmz.ltd\/de\/"},{"@type":"ListItem","position":2,"name":"Produkte","item":"https:\/\/gmz.ltd\/de\/shop\/"},{"@type":"ListItem","position":3,"name":"PS-Deckel"}]},{"@type":"WebSite","@id":"https:\/\/gmz.ltd\/de\/#website","url":"https:\/\/gmz.ltd\/de\/","name":"GMZ","description":"","publisher":{"@id":"https:\/\/gmz.ltd\/de\/#organization"},"potentialAction":[{"@type":"SearchAction","target":{"@type":"EntryPoint","urlTemplate":"https:\/\/gmz.ltd\/de\/?s={search_term_string}"},"query-input":{"@type":"PropertyValueSpecification","valueRequired":true,"valueName":"search_term_string"}}],"inLanguage":"de"},{"@type":"Organization","@id":"https:\/\/gmz.ltd\/de\/#organization","name":"GMZ","url":"https:\/\/gmz.ltd\/de\/","logo":{"@type":"ImageObject","inLanguage":"de","@id":"https:\/\/gmz.ltd\/de\/#\/schema\/logo\/image\/","url":"https:\/\/gmz.ltd\/wp-content\/uploads\/2024\/11\/gmzpack.svg","contentUrl":"https:\/\/gmz.ltd\/wp-content\/uploads\/2024\/11\/gmzpack.svg","width":170,"height":79,"caption":"GMZ"},"image":{"@id":"https:\/\/gmz.ltd\/de\/#\/schema\/logo\/image\/"}}]}},"_links":{"self":[{"href":"https:\/\/gmz.ltd\/de\/wp-json\/wp\/v2\/product\/7832","targetHints":{"allow":["GET"]}}],"collection":[{"href":"https:\/\/gmz.ltd\/de\/wp-json\/wp\/v2\/product"}],"about":[{"href":"https:\/\/gmz.ltd\/de\/wp-json\/wp\/v2\/types\/product"}],"version-history":[{"count":0,"href":"https:\/\/gmz.ltd\/de\/wp-json\/wp\/v2\/product\/7832\/revisions"}],"wp:featuredmedia":[{"embeddable":true,"href":"https:\/\/gmz.ltd\/de\/wp-json\/wp\/v2\/media\/5210"}],"wp:attachment":[{"href":"https:\/\/gmz.ltd\/de\/wp-json\/wp\/v2\/media?parent=7832"}],"wp:term":[{"taxonomy":"product_brand","embeddable":true,"href":"https:\/\/gmz.ltd\/de\/wp-json\/wp\/v2\/product_brand?post=7832"},{"taxonomy":"product_cat","embeddable":true,"href":"https:\/\/gmz.ltd\/de\/wp-json\/wp\/v2\/product_cat?post=7832"},{"taxonomy":"product_tag","embeddable":true,"href":"https:\/\/gmz.ltd\/de\/wp-json\/wp\/v2\/product_tag?post=7832"}],"curies":[{"name":"wp","href":"https:\/\/api.w.org\/{rel}","templated":true}]}}