{"id":7836,"date":"2024-06-01T04:03:04","date_gmt":"2024-06-01T04:03:04","guid":{"rendered":"https:\/\/gmz.ltd\/product\/u-foermige-pet-becher\/"},"modified":"2023-09-20T04:03:04","modified_gmt":"2023-09-20T04:03:04","slug":"u-foermige-pet-becher","status":"publish","type":"product","link":"https:\/\/gmz.ltd\/de\/produkt\/u-foermige-pet-becher\/","title":{"rendered":"U-f\u00f6rmige PET-Becher"},"content":{"rendered":"<p>U-f\u00f6rmige PET-Becher sind eine besondere Option mit abgerundetem Boden.<\/p>\n","protected":false},"excerpt":{"rendered":"<p>U-f\u00f6rmige PET-Becher sind eine besondere Option mit abgerundetem Boden. Sie sind nicht nur dazu gedacht, Ihre Getr\u00e4nke zu halten, sondern sie auch im besten Licht zu pr\u00e4sentieren. Mit ihrer einzigartigen U-Form, kristallklarer Qualit\u00e4t und umweltfreundlichem Design heben diese Becher das Servieren von Getr\u00e4nken auf eine ganz neue Ebene. Sie sind langlebig, stilvoll und k\u00f6nnen individuell angepasst werden, um Ihre Marke widerzuspiegeln.<\/p>\n<ul>\n<li>Hergestellt aus hochwertigem, recycelbarem PET<\/li>\n<li>Einzigartiges U-Form-Design f\u00fcr komfortables Halten<\/li>\n<li>Transparent und klar f\u00fcr eine bessere Getr\u00e4nkepr\u00e4sentation<\/li>\n<li>Starkes, flexibles PET-Material, um Lecks oder Br\u00fcche zu vermeiden<\/li>\n<li>Individueller Druck f\u00fcr Markenwerbung verf\u00fcgbar<\/li>\n<\/ul>\n<p>Mindestbestellmenge f\u00fcr individuellen Druck: 30.000 St\u00fcck.<\/p>\n","protected":false},"featured_media":5206,"template":"","meta":{"_joinchat":[]},"product_brand":[],"product_cat":[125],"product_tag":[121],"class_list":{"0":"post-7836","1":"product","2":"type-product","3":"status-publish","4":"has-post-thumbnail","6":"product_cat-pet-plastikbecher","7":"product_tag-kaltgetrankebecher-deckel","9":"first","10":"instock","11":"shipping-taxable","12":"product-type-simple"},"acf":[],"yoast_head":"<!-- This site is optimized with the Yoast SEO Premium plugin v22.5 (Yoast SEO v26.6) - https:\/\/yoast.com\/wordpress\/plugins\/seo\/ -->\n<title>Hersteller von U-f\u00f6rmigen PET-Bechern mit Deckeln in China - Gro\u00dfhandel mit klaren Kaltgetr\u00e4nkebechern - GMZ<\/title>\n<meta name=\"description\" content=\"W\u00e4hlen Sie GMZ f\u00fcr hochwertige U-f\u00f6rmige PET-Becher mit Deckeln. Wir sind ein vertrauensw\u00fcrdiger Hersteller und Lieferant in China, spezialisiert auf den Gro\u00dfhandel mit klaren Kaltgetr\u00e4nkebechern mit abgerundetem Boden. Unsere U-f\u00f6rmigen PET-Kunststoffbecher sind recycelbar, in Gr\u00f6\u00dfen von 10oz bis 24oz erh\u00e4ltlich und k\u00f6nnen nach Ihren Druckvorgaben angepasst werden. Kontaktieren Sie uns noch heute f\u00fcr Ihren Gro\u00dfbedarf an U-f\u00f6rmigen PET-Bechern.\" \/>\n<meta name=\"robots\" content=\"index, follow, max-snippet:-1, max-image-preview:large, max-video-preview:-1\" \/>\n<link rel=\"canonical\" href=\"https:\/\/gmz.ltd\/de\/produkt\/u-foermige-pet-becher\/\" \/>\n<meta property=\"og:locale\" content=\"de_DE\" \/>\n<meta property=\"og:type\" content=\"article\" \/>\n<meta property=\"og:title\" content=\"U-f\u00f6rmige PET-Becher\" \/>\n<meta property=\"og:description\" content=\"W\u00e4hlen Sie GMZ f\u00fcr hochwertige U-f\u00f6rmige PET-Becher mit Deckeln. Wir sind ein vertrauensw\u00fcrdiger Hersteller und Lieferant in China, spezialisiert auf den Gro\u00dfhandel mit klaren Kaltgetr\u00e4nkebechern mit abgerundetem Boden. Unsere U-f\u00f6rmigen PET-Kunststoffbecher sind recycelbar, in Gr\u00f6\u00dfen von 10oz bis 24oz erh\u00e4ltlich und k\u00f6nnen nach Ihren Druckvorgaben angepasst werden. Kontaktieren Sie uns noch heute f\u00fcr Ihren Gro\u00dfbedarf an U-f\u00f6rmigen PET-Bechern.\" \/>\n<meta property=\"og:url\" content=\"https:\/\/gmz.ltd\/de\/produkt\/u-foermige-pet-becher\/\" \/>\n<meta property=\"og:site_name\" content=\"GMZ\" \/>\n<meta property=\"og:image\" content=\"https:\/\/gmz.ltd\/wp-content\/uploads\/2023\/09\/\u4e3b\u56fe-3.jpg\" \/>\n\t<meta property=\"og:image:width\" content=\"800\" \/>\n\t<meta property=\"og:image:height\" content=\"800\" \/>\n\t<meta property=\"og:image:type\" content=\"image\/jpeg\" \/>\n<meta name=\"twitter:card\" content=\"summary_large_image\" \/>\n<script type=\"application\/ld+json\" class=\"yoast-schema-graph\">{\"@context\":\"https:\/\/schema.org\",\"@graph\":[{\"@type\":\"WebPage\",\"@id\":\"https:\/\/gmz.ltd\/de\/produkt\/u-foermige-pet-becher\/\",\"url\":\"https:\/\/gmz.ltd\/de\/produkt\/u-foermige-pet-becher\/\",\"name\":\"Hersteller von U-f\u00f6rmigen PET-Bechern mit Deckeln in China - Gro\u00dfhandel mit klaren Kaltgetr\u00e4nkebechern - GMZ\",\"isPartOf\":{\"@id\":\"https:\/\/gmz.ltd\/de\/#website\"},\"primaryImageOfPage\":{\"@id\":\"https:\/\/gmz.ltd\/de\/produkt\/u-foermige-pet-becher\/#primaryimage\"},\"image\":{\"@id\":\"https:\/\/gmz.ltd\/de\/produkt\/u-foermige-pet-becher\/#primaryimage\"},\"thumbnailUrl\":\"https:\/\/gmz.ltd\/wp-content\/uploads\/2023\/09\/\u4e3b\u56fe-3.jpg\",\"datePublished\":\"2024-06-01T04:03:04+00:00\",\"description\":\"W\u00e4hlen Sie GMZ f\u00fcr hochwertige U-f\u00f6rmige PET-Becher mit Deckeln. Wir sind ein vertrauensw\u00fcrdiger Hersteller und Lieferant in China, spezialisiert auf den Gro\u00dfhandel mit klaren Kaltgetr\u00e4nkebechern mit abgerundetem Boden. Unsere U-f\u00f6rmigen PET-Kunststoffbecher sind recycelbar, in Gr\u00f6\u00dfen von 10oz bis 24oz erh\u00e4ltlich und k\u00f6nnen nach Ihren Druckvorgaben angepasst werden. Kontaktieren Sie uns noch heute f\u00fcr Ihren Gro\u00dfbedarf an U-f\u00f6rmigen PET-Bechern.\",\"breadcrumb\":{\"@id\":\"https:\/\/gmz.ltd\/de\/produkt\/u-foermige-pet-becher\/#breadcrumb\"},\"inLanguage\":\"de\",\"potentialAction\":[{\"@type\":\"ReadAction\",\"target\":[\"https:\/\/gmz.ltd\/de\/produkt\/u-foermige-pet-becher\/\"]}]},{\"@type\":\"ImageObject\",\"inLanguage\":\"de\",\"@id\":\"https:\/\/gmz.ltd\/de\/produkt\/u-foermige-pet-becher\/#primaryimage\",\"url\":\"https:\/\/gmz.ltd\/wp-content\/uploads\/2023\/09\/\u4e3b\u56fe-3.jpg\",\"contentUrl\":\"https:\/\/gmz.ltd\/wp-content\/uploads\/2023\/09\/\u4e3b\u56fe-3.jpg\",\"width\":800,\"height\":800},{\"@type\":\"BreadcrumbList\",\"@id\":\"https:\/\/gmz.ltd\/de\/produkt\/u-foermige-pet-becher\/#breadcrumb\",\"itemListElement\":[{\"@type\":\"ListItem\",\"position\":1,\"name\":\"Heim\",\"item\":\"https:\/\/gmz.ltd\/de\/\"},{\"@type\":\"ListItem\",\"position\":2,\"name\":\"Produkte\",\"item\":\"https:\/\/gmz.ltd\/de\/shop\/\"},{\"@type\":\"ListItem\",\"position\":3,\"name\":\"U-f\u00f6rmige PET-Becher\"}]},{\"@type\":\"WebSite\",\"@id\":\"https:\/\/gmz.ltd\/de\/#website\",\"url\":\"https:\/\/gmz.ltd\/de\/\",\"name\":\"GMZ\",\"description\":\"\",\"publisher\":{\"@id\":\"https:\/\/gmz.ltd\/de\/#organization\"},\"potentialAction\":[{\"@type\":\"SearchAction\",\"target\":{\"@type\":\"EntryPoint\",\"urlTemplate\":\"https:\/\/gmz.ltd\/de\/?s={search_term_string}\"},\"query-input\":{\"@type\":\"PropertyValueSpecification\",\"valueRequired\":true,\"valueName\":\"search_term_string\"}}],\"inLanguage\":\"de\"},{\"@type\":\"Organization\",\"@id\":\"https:\/\/gmz.ltd\/de\/#organization\",\"name\":\"GMZ\",\"url\":\"https:\/\/gmz.ltd\/de\/\",\"logo\":{\"@type\":\"ImageObject\",\"inLanguage\":\"de\",\"@id\":\"https:\/\/gmz.ltd\/de\/#\/schema\/logo\/image\/\",\"url\":\"https:\/\/gmz.ltd\/wp-content\/uploads\/2024\/11\/gmzpack.svg\",\"contentUrl\":\"https:\/\/gmz.ltd\/wp-content\/uploads\/2024\/11\/gmzpack.svg\",\"width\":170,\"height\":79,\"caption\":\"GMZ\"},\"image\":{\"@id\":\"https:\/\/gmz.ltd\/de\/#\/schema\/logo\/image\/\"}}]}<\/script>\n<!-- \/ Yoast SEO Premium plugin. -->","yoast_head_json":{"title":"Hersteller von U-f\u00f6rmigen PET-Bechern mit Deckeln in China - Gro\u00dfhandel mit klaren Kaltgetr\u00e4nkebechern - GMZ","description":"W\u00e4hlen Sie GMZ f\u00fcr hochwertige U-f\u00f6rmige PET-Becher mit Deckeln. Wir sind ein vertrauensw\u00fcrdiger Hersteller und Lieferant in China, spezialisiert auf den Gro\u00dfhandel mit klaren Kaltgetr\u00e4nkebechern mit abgerundetem Boden. Unsere U-f\u00f6rmigen PET-Kunststoffbecher sind recycelbar, in Gr\u00f6\u00dfen von 10oz bis 24oz erh\u00e4ltlich und k\u00f6nnen nach Ihren Druckvorgaben angepasst werden. Kontaktieren Sie uns noch heute f\u00fcr Ihren Gro\u00dfbedarf an U-f\u00f6rmigen PET-Bechern.","robots":{"index":"index","follow":"follow","max-snippet":"max-snippet:-1","max-image-preview":"max-image-preview:large","max-video-preview":"max-video-preview:-1"},"canonical":"https:\/\/gmz.ltd\/de\/produkt\/u-foermige-pet-becher\/","og_locale":"de_DE","og_type":"article","og_title":"U-f\u00f6rmige PET-Becher","og_description":"W\u00e4hlen Sie GMZ f\u00fcr hochwertige U-f\u00f6rmige PET-Becher mit Deckeln. Wir sind ein vertrauensw\u00fcrdiger Hersteller und Lieferant in China, spezialisiert auf den Gro\u00dfhandel mit klaren Kaltgetr\u00e4nkebechern mit abgerundetem Boden. Unsere U-f\u00f6rmigen PET-Kunststoffbecher sind recycelbar, in Gr\u00f6\u00dfen von 10oz bis 24oz erh\u00e4ltlich und k\u00f6nnen nach Ihren Druckvorgaben angepasst werden. Kontaktieren Sie uns noch heute f\u00fcr Ihren Gro\u00dfbedarf an U-f\u00f6rmigen PET-Bechern.","og_url":"https:\/\/gmz.ltd\/de\/produkt\/u-foermige-pet-becher\/","og_site_name":"GMZ","og_image":[{"width":800,"height":800,"url":"https:\/\/gmz.ltd\/wp-content\/uploads\/2023\/09\/\u4e3b\u56fe-3.jpg","type":"image\/jpeg"}],"twitter_card":"summary_large_image","schema":{"@context":"https:\/\/schema.org","@graph":[{"@type":"WebPage","@id":"https:\/\/gmz.ltd\/de\/produkt\/u-foermige-pet-becher\/","url":"https:\/\/gmz.ltd\/de\/produkt\/u-foermige-pet-becher\/","name":"Hersteller von U-f\u00f6rmigen PET-Bechern mit Deckeln in China - Gro\u00dfhandel mit klaren Kaltgetr\u00e4nkebechern - GMZ","isPartOf":{"@id":"https:\/\/gmz.ltd\/de\/#website"},"primaryImageOfPage":{"@id":"https:\/\/gmz.ltd\/de\/produkt\/u-foermige-pet-becher\/#primaryimage"},"image":{"@id":"https:\/\/gmz.ltd\/de\/produkt\/u-foermige-pet-becher\/#primaryimage"},"thumbnailUrl":"https:\/\/gmz.ltd\/wp-content\/uploads\/2023\/09\/\u4e3b\u56fe-3.jpg","datePublished":"2024-06-01T04:03:04+00:00","description":"W\u00e4hlen Sie GMZ f\u00fcr hochwertige U-f\u00f6rmige PET-Becher mit Deckeln. Wir sind ein vertrauensw\u00fcrdiger Hersteller und Lieferant in China, spezialisiert auf den Gro\u00dfhandel mit klaren Kaltgetr\u00e4nkebechern mit abgerundetem Boden. Unsere U-f\u00f6rmigen PET-Kunststoffbecher sind recycelbar, in Gr\u00f6\u00dfen von 10oz bis 24oz erh\u00e4ltlich und k\u00f6nnen nach Ihren Druckvorgaben angepasst werden. Kontaktieren Sie uns noch heute f\u00fcr Ihren Gro\u00dfbedarf an U-f\u00f6rmigen PET-Bechern.","breadcrumb":{"@id":"https:\/\/gmz.ltd\/de\/produkt\/u-foermige-pet-becher\/#breadcrumb"},"inLanguage":"de","potentialAction":[{"@type":"ReadAction","target":["https:\/\/gmz.ltd\/de\/produkt\/u-foermige-pet-becher\/"]}]},{"@type":"ImageObject","inLanguage":"de","@id":"https:\/\/gmz.ltd\/de\/produkt\/u-foermige-pet-becher\/#primaryimage","url":"https:\/\/gmz.ltd\/wp-content\/uploads\/2023\/09\/\u4e3b\u56fe-3.jpg","contentUrl":"https:\/\/gmz.ltd\/wp-content\/uploads\/2023\/09\/\u4e3b\u56fe-3.jpg","width":800,"height":800},{"@type":"BreadcrumbList","@id":"https:\/\/gmz.ltd\/de\/produkt\/u-foermige-pet-becher\/#breadcrumb","itemListElement":[{"@type":"ListItem","position":1,"name":"Heim","item":"https:\/\/gmz.ltd\/de\/"},{"@type":"ListItem","position":2,"name":"Produkte","item":"https:\/\/gmz.ltd\/de\/shop\/"},{"@type":"ListItem","position":3,"name":"U-f\u00f6rmige PET-Becher"}]},{"@type":"WebSite","@id":"https:\/\/gmz.ltd\/de\/#website","url":"https:\/\/gmz.ltd\/de\/","name":"GMZ","description":"","publisher":{"@id":"https:\/\/gmz.ltd\/de\/#organization"},"potentialAction":[{"@type":"SearchAction","target":{"@type":"EntryPoint","urlTemplate":"https:\/\/gmz.ltd\/de\/?s={search_term_string}"},"query-input":{"@type":"PropertyValueSpecification","valueRequired":true,"valueName":"search_term_string"}}],"inLanguage":"de"},{"@type":"Organization","@id":"https:\/\/gmz.ltd\/de\/#organization","name":"GMZ","url":"https:\/\/gmz.ltd\/de\/","logo":{"@type":"ImageObject","inLanguage":"de","@id":"https:\/\/gmz.ltd\/de\/#\/schema\/logo\/image\/","url":"https:\/\/gmz.ltd\/wp-content\/uploads\/2024\/11\/gmzpack.svg","contentUrl":"https:\/\/gmz.ltd\/wp-content\/uploads\/2024\/11\/gmzpack.svg","width":170,"height":79,"caption":"GMZ"},"image":{"@id":"https:\/\/gmz.ltd\/de\/#\/schema\/logo\/image\/"}}]}},"_links":{"self":[{"href":"https:\/\/gmz.ltd\/de\/wp-json\/wp\/v2\/product\/7836","targetHints":{"allow":["GET"]}}],"collection":[{"href":"https:\/\/gmz.ltd\/de\/wp-json\/wp\/v2\/product"}],"about":[{"href":"https:\/\/gmz.ltd\/de\/wp-json\/wp\/v2\/types\/product"}],"version-history":[{"count":0,"href":"https:\/\/gmz.ltd\/de\/wp-json\/wp\/v2\/product\/7836\/revisions"}],"wp:featuredmedia":[{"embeddable":true,"href":"https:\/\/gmz.ltd\/de\/wp-json\/wp\/v2\/media\/5206"}],"wp:attachment":[{"href":"https:\/\/gmz.ltd\/de\/wp-json\/wp\/v2\/media?parent=7836"}],"wp:term":[{"taxonomy":"product_brand","embeddable":true,"href":"https:\/\/gmz.ltd\/de\/wp-json\/wp\/v2\/product_brand?post=7836"},{"taxonomy":"product_cat","embeddable":true,"href":"https:\/\/gmz.ltd\/de\/wp-json\/wp\/v2\/product_cat?post=7836"},{"taxonomy":"product_tag","embeddable":true,"href":"https:\/\/gmz.ltd\/de\/wp-json\/wp\/v2\/product_tag?post=7836"}],"curies":[{"name":"wp","href":"https:\/\/api.w.org\/{rel}","templated":true}]}}