{"id":7840,"date":"2023-09-20T04:02:04","date_gmt":"2023-09-20T04:02:04","guid":{"rendered":"https:\/\/gmz.ltd\/product\/pet-becher\/"},"modified":"2023-09-20T04:02:04","modified_gmt":"2023-09-20T04:02:04","slug":"pet-becher","status":"publish","type":"product","link":"https:\/\/gmz.ltd\/de\/produkt\/pet-becher\/","title":{"rendered":"PET-Becher"},"content":{"rendered":"<p>Die Kaliber unserer PET-Becherserie sind 78mm, 89mm, 92mm, 93mm, 95mm, 96mm, 98mm, 107mm, mit ausgezeichneter Transparenz.<\/p>\n","protected":false},"excerpt":{"rendered":"<p>Unsere <strong>PET-Becherserie<\/strong> ist in verschiedenen Kalibern erh\u00e4ltlich: 78mm, 89mm, 92mm, 93mm, 95mm, 96mm, 98mm und 107mm. Sie bieten hervorragende Transparenz, designed nicht nur, um Ihre Getr\u00e4nke zu enthalten, sondern sie auch bestm\u00f6glich zu pr\u00e4sentieren. Diese <strong>klaren PET-Becher<\/strong> sind perfekt f\u00fcr kalte Getr\u00e4nke wie Smoothies, Limonade, Eiskaffee und mehr.<\/p>\n<ul>\n<li>Aus recycelbarem PET, das Abfall reduziert<\/li>\n<li>Klares PET-Plastik pr\u00e4sentiert Ihre Getr\u00e4nke<\/li>\n<li>Kompatibel mit Deckeln verschiedener Gr\u00f6\u00dfen<\/li>\n<li>Transparent f\u00fcr eine \u00fcberlegene Getr\u00e4nkepr\u00e4sentation<\/li>\n<li>Robustes, flexibles PET-Material zur Vermeidung von Lecks oder Br\u00fcchen<\/li>\n<li>Individueller Druck f\u00fcr Markenwerbung verf\u00fcgbar<\/li>\n<\/ul>\n<p><!-- notionvc: 6e89d71c-f072-4229-8d2b-12924db8f9f3 --><\/p>\n<p>Mindestbestellmenge f\u00fcr individuellen Druck: 30.000 St\u00fcck.<\/p>\n","protected":false},"featured_media":5202,"template":"","meta":{"_joinchat":[]},"product_brand":[],"product_cat":[125],"product_tag":[121],"class_list":{"0":"post-7840","1":"product","2":"type-product","3":"status-publish","4":"has-post-thumbnail","6":"product_cat-pet-plastikbecher","7":"product_tag-kaltgetrankebecher-deckel","9":"first","10":"instock","11":"shipping-taxable","12":"product-type-simple"},"acf":[],"yoast_head":"<!-- This site is optimized with the Yoast SEO Premium plugin v22.5 (Yoast SEO v26.6) - https:\/\/yoast.com\/wordpress\/plugins\/seo\/ -->\n<title>Hersteller von PET-Plastikbechern mit Deckeln - Gro\u00dfhandel mit PET-Kaltgetr\u00e4nkebechern - GMZ<\/title>\n<meta name=\"description\" content=\"Suchen Sie einen Hersteller, Lieferanten oder eine Fabrik f\u00fcr PET-Plastikbecher in China? GMZ ist Ihre Anlaufstelle f\u00fcr PET-Becher mit Deckeln in gro\u00dfen Mengen, erh\u00e4ltlich in 8oz, 16oz, 24oz und mehr. Wir bieten hochwertige, Einweg-, klare PET-Kaltgetr\u00e4nkebecher an, ideal f\u00fcr Smoothies, Biere, Frapp\u00e9s und Limonaden. Kontaktieren Sie uns noch heute!\" \/>\n<meta name=\"robots\" content=\"index, follow, max-snippet:-1, max-image-preview:large, max-video-preview:-1\" \/>\n<link rel=\"canonical\" href=\"https:\/\/gmz.ltd\/de\/produkt\/pet-becher\/\" \/>\n<meta property=\"og:locale\" content=\"de_DE\" \/>\n<meta property=\"og:type\" content=\"article\" \/>\n<meta property=\"og:title\" content=\"PET-Becher\" \/>\n<meta property=\"og:description\" content=\"Suchen Sie einen Hersteller, Lieferanten oder eine Fabrik f\u00fcr PET-Plastikbecher in China? GMZ ist Ihre Anlaufstelle f\u00fcr PET-Becher mit Deckeln in gro\u00dfen Mengen, erh\u00e4ltlich in 8oz, 16oz, 24oz und mehr. Wir bieten hochwertige, Einweg-, klare PET-Kaltgetr\u00e4nkebecher an, ideal f\u00fcr Smoothies, Biere, Frapp\u00e9s und Limonaden. Kontaktieren Sie uns noch heute!\" \/>\n<meta property=\"og:url\" content=\"https:\/\/gmz.ltd\/de\/produkt\/pet-becher\/\" \/>\n<meta property=\"og:site_name\" content=\"GMZ\" \/>\n<meta property=\"og:image\" content=\"https:\/\/gmz.ltd\/wp-content\/uploads\/2023\/09\/\u4e3b\u56fe-1.jpg\" \/>\n\t<meta property=\"og:image:width\" content=\"750\" \/>\n\t<meta property=\"og:image:height\" content=\"750\" \/>\n\t<meta property=\"og:image:type\" content=\"image\/jpeg\" \/>\n<meta name=\"twitter:card\" content=\"summary_large_image\" \/>\n<script type=\"application\/ld+json\" class=\"yoast-schema-graph\">{\"@context\":\"https:\/\/schema.org\",\"@graph\":[{\"@type\":\"WebPage\",\"@id\":\"https:\/\/gmz.ltd\/de\/produkt\/pet-becher\/\",\"url\":\"https:\/\/gmz.ltd\/de\/produkt\/pet-becher\/\",\"name\":\"Hersteller von PET-Plastikbechern mit Deckeln - Gro\u00dfhandel mit PET-Kaltgetr\u00e4nkebechern - GMZ\",\"isPartOf\":{\"@id\":\"https:\/\/gmz.ltd\/de\/#website\"},\"primaryImageOfPage\":{\"@id\":\"https:\/\/gmz.ltd\/de\/produkt\/pet-becher\/#primaryimage\"},\"image\":{\"@id\":\"https:\/\/gmz.ltd\/de\/produkt\/pet-becher\/#primaryimage\"},\"thumbnailUrl\":\"https:\/\/gmz.ltd\/wp-content\/uploads\/2023\/09\/\u4e3b\u56fe-1.jpg\",\"datePublished\":\"2023-09-20T04:02:04+00:00\",\"description\":\"Suchen Sie einen Hersteller, Lieferanten oder eine Fabrik f\u00fcr PET-Plastikbecher in China? GMZ ist Ihre Anlaufstelle f\u00fcr PET-Becher mit Deckeln in gro\u00dfen Mengen, erh\u00e4ltlich in 8oz, 16oz, 24oz und mehr. Wir bieten hochwertige, Einweg-, klare PET-Kaltgetr\u00e4nkebecher an, ideal f\u00fcr Smoothies, Biere, Frapp\u00e9s und Limonaden. Kontaktieren Sie uns noch heute!\",\"breadcrumb\":{\"@id\":\"https:\/\/gmz.ltd\/de\/produkt\/pet-becher\/#breadcrumb\"},\"inLanguage\":\"de\",\"potentialAction\":[{\"@type\":\"ReadAction\",\"target\":[\"https:\/\/gmz.ltd\/de\/produkt\/pet-becher\/\"]}]},{\"@type\":\"ImageObject\",\"inLanguage\":\"de\",\"@id\":\"https:\/\/gmz.ltd\/de\/produkt\/pet-becher\/#primaryimage\",\"url\":\"https:\/\/gmz.ltd\/wp-content\/uploads\/2023\/09\/\u4e3b\u56fe-1.jpg\",\"contentUrl\":\"https:\/\/gmz.ltd\/wp-content\/uploads\/2023\/09\/\u4e3b\u56fe-1.jpg\",\"width\":750,\"height\":750},{\"@type\":\"BreadcrumbList\",\"@id\":\"https:\/\/gmz.ltd\/de\/produkt\/pet-becher\/#breadcrumb\",\"itemListElement\":[{\"@type\":\"ListItem\",\"position\":1,\"name\":\"Heim\",\"item\":\"https:\/\/gmz.ltd\/de\/\"},{\"@type\":\"ListItem\",\"position\":2,\"name\":\"Produkte\",\"item\":\"https:\/\/gmz.ltd\/de\/shop\/\"},{\"@type\":\"ListItem\",\"position\":3,\"name\":\"PET-Becher\"}]},{\"@type\":\"WebSite\",\"@id\":\"https:\/\/gmz.ltd\/de\/#website\",\"url\":\"https:\/\/gmz.ltd\/de\/\",\"name\":\"GMZ\",\"description\":\"\",\"publisher\":{\"@id\":\"https:\/\/gmz.ltd\/de\/#organization\"},\"potentialAction\":[{\"@type\":\"SearchAction\",\"target\":{\"@type\":\"EntryPoint\",\"urlTemplate\":\"https:\/\/gmz.ltd\/de\/?s={search_term_string}\"},\"query-input\":{\"@type\":\"PropertyValueSpecification\",\"valueRequired\":true,\"valueName\":\"search_term_string\"}}],\"inLanguage\":\"de\"},{\"@type\":\"Organization\",\"@id\":\"https:\/\/gmz.ltd\/de\/#organization\",\"name\":\"GMZ\",\"url\":\"https:\/\/gmz.ltd\/de\/\",\"logo\":{\"@type\":\"ImageObject\",\"inLanguage\":\"de\",\"@id\":\"https:\/\/gmz.ltd\/de\/#\/schema\/logo\/image\/\",\"url\":\"https:\/\/gmz.ltd\/wp-content\/uploads\/2024\/11\/gmzpack.svg\",\"contentUrl\":\"https:\/\/gmz.ltd\/wp-content\/uploads\/2024\/11\/gmzpack.svg\",\"width\":170,\"height\":79,\"caption\":\"GMZ\"},\"image\":{\"@id\":\"https:\/\/gmz.ltd\/de\/#\/schema\/logo\/image\/\"}}]}<\/script>\n<!-- \/ Yoast SEO Premium plugin. -->","yoast_head_json":{"title":"Hersteller von PET-Plastikbechern mit Deckeln - Gro\u00dfhandel mit PET-Kaltgetr\u00e4nkebechern - GMZ","description":"Suchen Sie einen Hersteller, Lieferanten oder eine Fabrik f\u00fcr PET-Plastikbecher in China? GMZ ist Ihre Anlaufstelle f\u00fcr PET-Becher mit Deckeln in gro\u00dfen Mengen, erh\u00e4ltlich in 8oz, 16oz, 24oz und mehr. Wir bieten hochwertige, Einweg-, klare PET-Kaltgetr\u00e4nkebecher an, ideal f\u00fcr Smoothies, Biere, Frapp\u00e9s und Limonaden. Kontaktieren Sie uns noch heute!","robots":{"index":"index","follow":"follow","max-snippet":"max-snippet:-1","max-image-preview":"max-image-preview:large","max-video-preview":"max-video-preview:-1"},"canonical":"https:\/\/gmz.ltd\/de\/produkt\/pet-becher\/","og_locale":"de_DE","og_type":"article","og_title":"PET-Becher","og_description":"Suchen Sie einen Hersteller, Lieferanten oder eine Fabrik f\u00fcr PET-Plastikbecher in China? GMZ ist Ihre Anlaufstelle f\u00fcr PET-Becher mit Deckeln in gro\u00dfen Mengen, erh\u00e4ltlich in 8oz, 16oz, 24oz und mehr. Wir bieten hochwertige, Einweg-, klare PET-Kaltgetr\u00e4nkebecher an, ideal f\u00fcr Smoothies, Biere, Frapp\u00e9s und Limonaden. Kontaktieren Sie uns noch heute!","og_url":"https:\/\/gmz.ltd\/de\/produkt\/pet-becher\/","og_site_name":"GMZ","og_image":[{"width":750,"height":750,"url":"https:\/\/gmz.ltd\/wp-content\/uploads\/2023\/09\/\u4e3b\u56fe-1.jpg","type":"image\/jpeg"}],"twitter_card":"summary_large_image","schema":{"@context":"https:\/\/schema.org","@graph":[{"@type":"WebPage","@id":"https:\/\/gmz.ltd\/de\/produkt\/pet-becher\/","url":"https:\/\/gmz.ltd\/de\/produkt\/pet-becher\/","name":"Hersteller von PET-Plastikbechern mit Deckeln - Gro\u00dfhandel mit PET-Kaltgetr\u00e4nkebechern - GMZ","isPartOf":{"@id":"https:\/\/gmz.ltd\/de\/#website"},"primaryImageOfPage":{"@id":"https:\/\/gmz.ltd\/de\/produkt\/pet-becher\/#primaryimage"},"image":{"@id":"https:\/\/gmz.ltd\/de\/produkt\/pet-becher\/#primaryimage"},"thumbnailUrl":"https:\/\/gmz.ltd\/wp-content\/uploads\/2023\/09\/\u4e3b\u56fe-1.jpg","datePublished":"2023-09-20T04:02:04+00:00","description":"Suchen Sie einen Hersteller, Lieferanten oder eine Fabrik f\u00fcr PET-Plastikbecher in China? GMZ ist Ihre Anlaufstelle f\u00fcr PET-Becher mit Deckeln in gro\u00dfen Mengen, erh\u00e4ltlich in 8oz, 16oz, 24oz und mehr. Wir bieten hochwertige, Einweg-, klare PET-Kaltgetr\u00e4nkebecher an, ideal f\u00fcr Smoothies, Biere, Frapp\u00e9s und Limonaden. Kontaktieren Sie uns noch heute!","breadcrumb":{"@id":"https:\/\/gmz.ltd\/de\/produkt\/pet-becher\/#breadcrumb"},"inLanguage":"de","potentialAction":[{"@type":"ReadAction","target":["https:\/\/gmz.ltd\/de\/produkt\/pet-becher\/"]}]},{"@type":"ImageObject","inLanguage":"de","@id":"https:\/\/gmz.ltd\/de\/produkt\/pet-becher\/#primaryimage","url":"https:\/\/gmz.ltd\/wp-content\/uploads\/2023\/09\/\u4e3b\u56fe-1.jpg","contentUrl":"https:\/\/gmz.ltd\/wp-content\/uploads\/2023\/09\/\u4e3b\u56fe-1.jpg","width":750,"height":750},{"@type":"BreadcrumbList","@id":"https:\/\/gmz.ltd\/de\/produkt\/pet-becher\/#breadcrumb","itemListElement":[{"@type":"ListItem","position":1,"name":"Heim","item":"https:\/\/gmz.ltd\/de\/"},{"@type":"ListItem","position":2,"name":"Produkte","item":"https:\/\/gmz.ltd\/de\/shop\/"},{"@type":"ListItem","position":3,"name":"PET-Becher"}]},{"@type":"WebSite","@id":"https:\/\/gmz.ltd\/de\/#website","url":"https:\/\/gmz.ltd\/de\/","name":"GMZ","description":"","publisher":{"@id":"https:\/\/gmz.ltd\/de\/#organization"},"potentialAction":[{"@type":"SearchAction","target":{"@type":"EntryPoint","urlTemplate":"https:\/\/gmz.ltd\/de\/?s={search_term_string}"},"query-input":{"@type":"PropertyValueSpecification","valueRequired":true,"valueName":"search_term_string"}}],"inLanguage":"de"},{"@type":"Organization","@id":"https:\/\/gmz.ltd\/de\/#organization","name":"GMZ","url":"https:\/\/gmz.ltd\/de\/","logo":{"@type":"ImageObject","inLanguage":"de","@id":"https:\/\/gmz.ltd\/de\/#\/schema\/logo\/image\/","url":"https:\/\/gmz.ltd\/wp-content\/uploads\/2024\/11\/gmzpack.svg","contentUrl":"https:\/\/gmz.ltd\/wp-content\/uploads\/2024\/11\/gmzpack.svg","width":170,"height":79,"caption":"GMZ"},"image":{"@id":"https:\/\/gmz.ltd\/de\/#\/schema\/logo\/image\/"}}]}},"_links":{"self":[{"href":"https:\/\/gmz.ltd\/de\/wp-json\/wp\/v2\/product\/7840","targetHints":{"allow":["GET"]}}],"collection":[{"href":"https:\/\/gmz.ltd\/de\/wp-json\/wp\/v2\/product"}],"about":[{"href":"https:\/\/gmz.ltd\/de\/wp-json\/wp\/v2\/types\/product"}],"version-history":[{"count":0,"href":"https:\/\/gmz.ltd\/de\/wp-json\/wp\/v2\/product\/7840\/revisions"}],"wp:featuredmedia":[{"embeddable":true,"href":"https:\/\/gmz.ltd\/de\/wp-json\/wp\/v2\/media\/5202"}],"wp:attachment":[{"href":"https:\/\/gmz.ltd\/de\/wp-json\/wp\/v2\/media?parent=7840"}],"wp:term":[{"taxonomy":"product_brand","embeddable":true,"href":"https:\/\/gmz.ltd\/de\/wp-json\/wp\/v2\/product_brand?post=7840"},{"taxonomy":"product_cat","embeddable":true,"href":"https:\/\/gmz.ltd\/de\/wp-json\/wp\/v2\/product_cat?post=7840"},{"taxonomy":"product_tag","embeddable":true,"href":"https:\/\/gmz.ltd\/de\/wp-json\/wp\/v2\/product_tag?post=7840"}],"curies":[{"name":"wp","href":"https:\/\/api.w.org\/{rel}","templated":true}]}}