{"id":7845,"date":"2023-09-20T03:59:55","date_gmt":"2023-09-20T03:59:55","guid":{"rendered":"https:\/\/gmz.ltd\/product\/papierbecher-fuer-verkaufsautomaten\/"},"modified":"2023-09-20T03:59:55","modified_gmt":"2023-09-20T03:59:55","slug":"papierbecher-fuer-verkaufsautomaten","status":"publish","type":"product","link":"https:\/\/gmz.ltd\/de\/produkt\/papierbecher-fuer-verkaufsautomaten\/","title":{"rendered":"Papierbecher f\u00fcr Verkaufsautomaten"},"content":{"rendered":"<p>Wir k\u00f6nnen Papierbecher f\u00fcr Verkaufsautomaten in verschiedenen Gr\u00f6\u00dfen anbieten, die f\u00fcr die Nutzungsgewohnheiten vieler Regionen weltweit geeignet sind. Wir bieten auch einen angepassten Service hinsichtlich der Gr\u00f6\u00dfe an.<\/p>\n","protected":false},"excerpt":{"rendered":"<p>Unsere Papierbecher f\u00fcr Verkaufsautomaten sind so konzipiert, dass sie perfekt in Ihren t\u00e4glichen Betrieb passen, egal wo auf der Welt Sie sich befinden. Mit einer breiten Palette an Gr\u00f6\u00dfen und der M\u00f6glichkeit zur Anpassung stellen wir sicher, dass Sie genau das finden, was Sie f\u00fcr Ihre Verkaufsautomaten ben\u00f6tigen.<\/p>\n<ul>\n<li>Wir bieten Gr\u00f6\u00dfenanpassungsdienste an<\/li>\n<li>Hergestellt aus hochwertigem lebensmittelechtem Papier<\/li>\n<li>Geeignet f\u00fcr hei\u00dfe und kalte Getr\u00e4nke<\/li>\n<li>Individueller Druck mit bis zu 8 Farben auf der Au\u00dfenschicht<\/li>\n<li>Sichere und umweltfreundliche Wasser-\/Sojabasis-Tinte f\u00fcr den Druck<\/li>\n<li>Je nach Bedarf k\u00f6nnen wir den Chargencode auf dem Boden des Bechers drucken, um den Becher leicht durch den Herstellungsprozess zur\u00fcckzuverfolgen.<\/li>\n<\/ul>\n<p>Mindestbestellmenge f\u00fcr individuellen Druck: 50.000 St\u00fcck.<\/p>\n","protected":false},"featured_media":5774,"template":"","meta":{"_joinchat":[]},"product_brand":[],"product_cat":[133,132],"product_tag":[115],"class_list":{"0":"post-7845","1":"product","2":"type-product","3":"status-publish","4":"has-post-thumbnail","6":"product_cat-heisgetranke-papierbecher","7":"product_cat-papierbecher","8":"product_tag-heisgetrankebecher-deckel","10":"first","11":"instock","12":"shipping-taxable","13":"product-type-simple"},"acf":[],"yoast_head":"<!-- This site is optimized with the Yoast SEO Premium plugin v22.5 (Yoast SEO v26.6) - https:\/\/yoast.com\/wordpress\/plugins\/seo\/ -->\n<title>Gro\u00dfhandel mit Verkaufs-Papierbechern - Herstellung von individuell gebrandeten Bechern - GMZ<\/title>\n<meta name=\"description\" content=\"GMZ ist ein Hersteller und Lieferant von Papierbechern f\u00fcr Verkaufsautomaten im Gro\u00dfhandel. Unser Verkaufsautomaten-Papierbecher kann in fast allen Kaffeeautomaten verwendet werden. Wir sind spezialisiert auf die Herstellung von individuell gebrandeten Bechern und bieten umweltfreundliche und recycelbare L\u00f6sungen an. Kontaktieren Sie uns f\u00fcr hochwertige, nachhaltige Papierbecher f\u00fcr Ihre Gesch\u00e4ftsbed\u00fcrfnisse.\" \/>\n<meta name=\"robots\" content=\"index, follow, max-snippet:-1, max-image-preview:large, max-video-preview:-1\" \/>\n<link rel=\"canonical\" href=\"https:\/\/gmz.ltd\/de\/produkt\/papierbecher-fuer-verkaufsautomaten\/\" \/>\n<meta property=\"og:locale\" content=\"de_DE\" \/>\n<meta property=\"og:type\" content=\"article\" \/>\n<meta property=\"og:title\" content=\"Papierbecher f\u00fcr Verkaufsautomaten\" \/>\n<meta property=\"og:description\" content=\"GMZ ist ein Hersteller und Lieferant von Papierbechern f\u00fcr Verkaufsautomaten im Gro\u00dfhandel. Unser Verkaufsautomaten-Papierbecher kann in fast allen Kaffeeautomaten verwendet werden. Wir sind spezialisiert auf die Herstellung von individuell gebrandeten Bechern und bieten umweltfreundliche und recycelbare L\u00f6sungen an. Kontaktieren Sie uns f\u00fcr hochwertige, nachhaltige Papierbecher f\u00fcr Ihre Gesch\u00e4ftsbed\u00fcrfnisse.\" \/>\n<meta property=\"og:url\" content=\"https:\/\/gmz.ltd\/de\/produkt\/papierbecher-fuer-verkaufsautomaten\/\" \/>\n<meta property=\"og:site_name\" content=\"GMZ\" \/>\n<meta property=\"og:image\" content=\"https:\/\/gmz.ltd\/wp-content\/uploads\/2023\/09\/1-5.jpg\" \/>\n\t<meta property=\"og:image:width\" content=\"1000\" \/>\n\t<meta property=\"og:image:height\" content=\"1000\" \/>\n\t<meta property=\"og:image:type\" content=\"image\/jpeg\" \/>\n<meta name=\"twitter:card\" content=\"summary_large_image\" \/>\n<script type=\"application\/ld+json\" class=\"yoast-schema-graph\">{\"@context\":\"https:\/\/schema.org\",\"@graph\":[{\"@type\":\"WebPage\",\"@id\":\"https:\/\/gmz.ltd\/de\/produkt\/papierbecher-fuer-verkaufsautomaten\/\",\"url\":\"https:\/\/gmz.ltd\/de\/produkt\/papierbecher-fuer-verkaufsautomaten\/\",\"name\":\"Gro\u00dfhandel mit Verkaufs-Papierbechern - Herstellung von individuell gebrandeten Bechern - GMZ\",\"isPartOf\":{\"@id\":\"https:\/\/gmz.ltd\/de\/#website\"},\"primaryImageOfPage\":{\"@id\":\"https:\/\/gmz.ltd\/de\/produkt\/papierbecher-fuer-verkaufsautomaten\/#primaryimage\"},\"image\":{\"@id\":\"https:\/\/gmz.ltd\/de\/produkt\/papierbecher-fuer-verkaufsautomaten\/#primaryimage\"},\"thumbnailUrl\":\"https:\/\/gmz.ltd\/wp-content\/uploads\/2023\/09\/1-5.jpg\",\"datePublished\":\"2023-09-20T03:59:55+00:00\",\"description\":\"GMZ ist ein Hersteller und Lieferant von Papierbechern f\u00fcr Verkaufsautomaten im Gro\u00dfhandel. Unser Verkaufsautomaten-Papierbecher kann in fast allen Kaffeeautomaten verwendet werden. Wir sind spezialisiert auf die Herstellung von individuell gebrandeten Bechern und bieten umweltfreundliche und recycelbare L\u00f6sungen an. Kontaktieren Sie uns f\u00fcr hochwertige, nachhaltige Papierbecher f\u00fcr Ihre Gesch\u00e4ftsbed\u00fcrfnisse.\",\"breadcrumb\":{\"@id\":\"https:\/\/gmz.ltd\/de\/produkt\/papierbecher-fuer-verkaufsautomaten\/#breadcrumb\"},\"inLanguage\":\"de\",\"potentialAction\":[{\"@type\":\"ReadAction\",\"target\":[\"https:\/\/gmz.ltd\/de\/produkt\/papierbecher-fuer-verkaufsautomaten\/\"]}]},{\"@type\":\"ImageObject\",\"inLanguage\":\"de\",\"@id\":\"https:\/\/gmz.ltd\/de\/produkt\/papierbecher-fuer-verkaufsautomaten\/#primaryimage\",\"url\":\"https:\/\/gmz.ltd\/wp-content\/uploads\/2023\/09\/1-5.jpg\",\"contentUrl\":\"https:\/\/gmz.ltd\/wp-content\/uploads\/2023\/09\/1-5.jpg\",\"width\":1000,\"height\":1000},{\"@type\":\"BreadcrumbList\",\"@id\":\"https:\/\/gmz.ltd\/de\/produkt\/papierbecher-fuer-verkaufsautomaten\/#breadcrumb\",\"itemListElement\":[{\"@type\":\"ListItem\",\"position\":1,\"name\":\"Heim\",\"item\":\"https:\/\/gmz.ltd\/de\/\"},{\"@type\":\"ListItem\",\"position\":2,\"name\":\"Produkte\",\"item\":\"https:\/\/gmz.ltd\/de\/shop\/\"},{\"@type\":\"ListItem\",\"position\":3,\"name\":\"Papierbecher f\u00fcr Verkaufsautomaten\"}]},{\"@type\":\"WebSite\",\"@id\":\"https:\/\/gmz.ltd\/de\/#website\",\"url\":\"https:\/\/gmz.ltd\/de\/\",\"name\":\"GMZ\",\"description\":\"\",\"publisher\":{\"@id\":\"https:\/\/gmz.ltd\/de\/#organization\"},\"potentialAction\":[{\"@type\":\"SearchAction\",\"target\":{\"@type\":\"EntryPoint\",\"urlTemplate\":\"https:\/\/gmz.ltd\/de\/?s={search_term_string}\"},\"query-input\":{\"@type\":\"PropertyValueSpecification\",\"valueRequired\":true,\"valueName\":\"search_term_string\"}}],\"inLanguage\":\"de\"},{\"@type\":\"Organization\",\"@id\":\"https:\/\/gmz.ltd\/de\/#organization\",\"name\":\"GMZ\",\"url\":\"https:\/\/gmz.ltd\/de\/\",\"logo\":{\"@type\":\"ImageObject\",\"inLanguage\":\"de\",\"@id\":\"https:\/\/gmz.ltd\/de\/#\/schema\/logo\/image\/\",\"url\":\"https:\/\/gmz.ltd\/wp-content\/uploads\/2024\/11\/gmzpack.svg\",\"contentUrl\":\"https:\/\/gmz.ltd\/wp-content\/uploads\/2024\/11\/gmzpack.svg\",\"width\":170,\"height\":79,\"caption\":\"GMZ\"},\"image\":{\"@id\":\"https:\/\/gmz.ltd\/de\/#\/schema\/logo\/image\/\"}}]}<\/script>\n<!-- \/ Yoast SEO Premium plugin. -->","yoast_head_json":{"title":"Gro\u00dfhandel mit Verkaufs-Papierbechern - Herstellung von individuell gebrandeten Bechern - GMZ","description":"GMZ ist ein Hersteller und Lieferant von Papierbechern f\u00fcr Verkaufsautomaten im Gro\u00dfhandel. Unser Verkaufsautomaten-Papierbecher kann in fast allen Kaffeeautomaten verwendet werden. Wir sind spezialisiert auf die Herstellung von individuell gebrandeten Bechern und bieten umweltfreundliche und recycelbare L\u00f6sungen an. Kontaktieren Sie uns f\u00fcr hochwertige, nachhaltige Papierbecher f\u00fcr Ihre Gesch\u00e4ftsbed\u00fcrfnisse.","robots":{"index":"index","follow":"follow","max-snippet":"max-snippet:-1","max-image-preview":"max-image-preview:large","max-video-preview":"max-video-preview:-1"},"canonical":"https:\/\/gmz.ltd\/de\/produkt\/papierbecher-fuer-verkaufsautomaten\/","og_locale":"de_DE","og_type":"article","og_title":"Papierbecher f\u00fcr Verkaufsautomaten","og_description":"GMZ ist ein Hersteller und Lieferant von Papierbechern f\u00fcr Verkaufsautomaten im Gro\u00dfhandel. Unser Verkaufsautomaten-Papierbecher kann in fast allen Kaffeeautomaten verwendet werden. Wir sind spezialisiert auf die Herstellung von individuell gebrandeten Bechern und bieten umweltfreundliche und recycelbare L\u00f6sungen an. Kontaktieren Sie uns f\u00fcr hochwertige, nachhaltige Papierbecher f\u00fcr Ihre Gesch\u00e4ftsbed\u00fcrfnisse.","og_url":"https:\/\/gmz.ltd\/de\/produkt\/papierbecher-fuer-verkaufsautomaten\/","og_site_name":"GMZ","og_image":[{"width":1000,"height":1000,"url":"https:\/\/gmz.ltd\/wp-content\/uploads\/2023\/09\/1-5.jpg","type":"image\/jpeg"}],"twitter_card":"summary_large_image","schema":{"@context":"https:\/\/schema.org","@graph":[{"@type":"WebPage","@id":"https:\/\/gmz.ltd\/de\/produkt\/papierbecher-fuer-verkaufsautomaten\/","url":"https:\/\/gmz.ltd\/de\/produkt\/papierbecher-fuer-verkaufsautomaten\/","name":"Gro\u00dfhandel mit Verkaufs-Papierbechern - Herstellung von individuell gebrandeten Bechern - GMZ","isPartOf":{"@id":"https:\/\/gmz.ltd\/de\/#website"},"primaryImageOfPage":{"@id":"https:\/\/gmz.ltd\/de\/produkt\/papierbecher-fuer-verkaufsautomaten\/#primaryimage"},"image":{"@id":"https:\/\/gmz.ltd\/de\/produkt\/papierbecher-fuer-verkaufsautomaten\/#primaryimage"},"thumbnailUrl":"https:\/\/gmz.ltd\/wp-content\/uploads\/2023\/09\/1-5.jpg","datePublished":"2023-09-20T03:59:55+00:00","description":"GMZ ist ein Hersteller und Lieferant von Papierbechern f\u00fcr Verkaufsautomaten im Gro\u00dfhandel. Unser Verkaufsautomaten-Papierbecher kann in fast allen Kaffeeautomaten verwendet werden. Wir sind spezialisiert auf die Herstellung von individuell gebrandeten Bechern und bieten umweltfreundliche und recycelbare L\u00f6sungen an. Kontaktieren Sie uns f\u00fcr hochwertige, nachhaltige Papierbecher f\u00fcr Ihre Gesch\u00e4ftsbed\u00fcrfnisse.","breadcrumb":{"@id":"https:\/\/gmz.ltd\/de\/produkt\/papierbecher-fuer-verkaufsautomaten\/#breadcrumb"},"inLanguage":"de","potentialAction":[{"@type":"ReadAction","target":["https:\/\/gmz.ltd\/de\/produkt\/papierbecher-fuer-verkaufsautomaten\/"]}]},{"@type":"ImageObject","inLanguage":"de","@id":"https:\/\/gmz.ltd\/de\/produkt\/papierbecher-fuer-verkaufsautomaten\/#primaryimage","url":"https:\/\/gmz.ltd\/wp-content\/uploads\/2023\/09\/1-5.jpg","contentUrl":"https:\/\/gmz.ltd\/wp-content\/uploads\/2023\/09\/1-5.jpg","width":1000,"height":1000},{"@type":"BreadcrumbList","@id":"https:\/\/gmz.ltd\/de\/produkt\/papierbecher-fuer-verkaufsautomaten\/#breadcrumb","itemListElement":[{"@type":"ListItem","position":1,"name":"Heim","item":"https:\/\/gmz.ltd\/de\/"},{"@type":"ListItem","position":2,"name":"Produkte","item":"https:\/\/gmz.ltd\/de\/shop\/"},{"@type":"ListItem","position":3,"name":"Papierbecher f\u00fcr Verkaufsautomaten"}]},{"@type":"WebSite","@id":"https:\/\/gmz.ltd\/de\/#website","url":"https:\/\/gmz.ltd\/de\/","name":"GMZ","description":"","publisher":{"@id":"https:\/\/gmz.ltd\/de\/#organization"},"potentialAction":[{"@type":"SearchAction","target":{"@type":"EntryPoint","urlTemplate":"https:\/\/gmz.ltd\/de\/?s={search_term_string}"},"query-input":{"@type":"PropertyValueSpecification","valueRequired":true,"valueName":"search_term_string"}}],"inLanguage":"de"},{"@type":"Organization","@id":"https:\/\/gmz.ltd\/de\/#organization","name":"GMZ","url":"https:\/\/gmz.ltd\/de\/","logo":{"@type":"ImageObject","inLanguage":"de","@id":"https:\/\/gmz.ltd\/de\/#\/schema\/logo\/image\/","url":"https:\/\/gmz.ltd\/wp-content\/uploads\/2024\/11\/gmzpack.svg","contentUrl":"https:\/\/gmz.ltd\/wp-content\/uploads\/2024\/11\/gmzpack.svg","width":170,"height":79,"caption":"GMZ"},"image":{"@id":"https:\/\/gmz.ltd\/de\/#\/schema\/logo\/image\/"}}]}},"_links":{"self":[{"href":"https:\/\/gmz.ltd\/de\/wp-json\/wp\/v2\/product\/7845","targetHints":{"allow":["GET"]}}],"collection":[{"href":"https:\/\/gmz.ltd\/de\/wp-json\/wp\/v2\/product"}],"about":[{"href":"https:\/\/gmz.ltd\/de\/wp-json\/wp\/v2\/types\/product"}],"version-history":[{"count":0,"href":"https:\/\/gmz.ltd\/de\/wp-json\/wp\/v2\/product\/7845\/revisions"}],"wp:featuredmedia":[{"embeddable":true,"href":"https:\/\/gmz.ltd\/de\/wp-json\/wp\/v2\/media\/5774"}],"wp:attachment":[{"href":"https:\/\/gmz.ltd\/de\/wp-json\/wp\/v2\/media?parent=7845"}],"wp:term":[{"taxonomy":"product_brand","embeddable":true,"href":"https:\/\/gmz.ltd\/de\/wp-json\/wp\/v2\/product_brand?post=7845"},{"taxonomy":"product_cat","embeddable":true,"href":"https:\/\/gmz.ltd\/de\/wp-json\/wp\/v2\/product_cat?post=7845"},{"taxonomy":"product_tag","embeddable":true,"href":"https:\/\/gmz.ltd\/de\/wp-json\/wp\/v2\/product_tag?post=7845"}],"curies":[{"name":"wp","href":"https:\/\/api.w.org\/{rel}","templated":true}]}}