{"id":7848,"date":"2023-09-20T03:58:30","date_gmt":"2023-09-20T03:58:30","guid":{"rendered":"https:\/\/gmz.ltd\/product\/plastikfreie-papier-heissbecher\/"},"modified":"2023-09-20T03:58:30","modified_gmt":"2023-09-20T03:58:30","slug":"plastikfreie-papier-heissbecher","status":"publish","type":"product","link":"https:\/\/gmz.ltd\/de\/produkt\/plastikfreie-papier-heissbecher\/","title":{"rendered":"Plastikfreie Papier-Hei\u00dfbecher"},"content":{"rendered":"<p>Die plastikfreie Beschichtungstechnologie ist die neueste Technologie f\u00fcr recycelbare und abbaubare Lebensmittelverpackungsmaterialien. Sie ist umweltfreundlicher und wirtschaftlicher als PLA und vollst\u00e4ndig recycelbar.<\/p>\n","protected":false},"excerpt":{"rendered":"<p>Die plastikfreie Beschichtung ist die neueste Entwicklung in der Technologie f\u00fcr recycelbare und abbaubare Lebensmittelverpackungsmaterialien. Wir verwenden innovative, plastikfreie Materialien, um die traditionelle Kunststoffbeschichtung in Einweg-Papierbechern zu ersetzen. Das bedeutet, dass unsere Papierbecher vollst\u00e4ndig recycelt werden k\u00f6nnen, um Abfall zu reduzieren. Noch besser, unsere plastikfreien Becher sind nicht nur umweltfreundlicher als die meisten Papierbecher, sondern auch kosteng\u00fcnstiger als <a href=\"https:\/\/gmz.ltd\/product\/pla-coated-paper-hot-cups\/\">kompostierbare Becher mit PLA-Beschichtung<\/a>.<\/p>\n<ul>\n<li>100 % recycelbar ohne Kunststoffbeschichtung<\/li>\n<li>Aus hochwertigem lebensmittelechtem Papier hergestellt<\/li>\n<li>Vielseitig einsetzbar f\u00fcr hei\u00dfe und kalte Getr\u00e4nke<\/li>\n<li>Individueller Druck in bis zu 8 Farben auf der Au\u00dfenschicht.<\/li>\n<li>Je nach Bedarf k\u00f6nnen wir den Chargencode auf dem Boden des Bechers drucken, um den Becher leicht durch den Herstellungsprozess zur\u00fcckzuverfolgen.<\/li>\n<\/ul>\n<p>Mindestbestellmenge f\u00fcr individuellen Druck: 50.000 St\u00fcck.<\/p>\n","protected":false},"featured_media":20721,"template":"","meta":{"_joinchat":[]},"product_brand":[],"product_cat":[133,132],"product_tag":[115,137],"class_list":{"0":"post-7848","1":"product","2":"type-product","3":"status-publish","4":"has-post-thumbnail","6":"product_cat-heisgetranke-papierbecher","7":"product_cat-papierbecher","8":"product_tag-heisgetrankebecher-deckel","9":"product_tag-umweltfreundliche-becher","11":"first","12":"instock","13":"shipping-taxable","14":"product-type-simple"},"acf":[],"yoast_head":"<!-- This site is optimized with the Yoast SEO Premium plugin v22.5 (Yoast SEO v26.6) - https:\/\/yoast.com\/wordpress\/plugins\/seo\/ -->\n<title>Hersteller von plastikfreien Papierbechern - Umweltfreundliche &amp; recycelbare Becher - GMZ<\/title>\n<meta name=\"description\" content=\"GMZ ist spezialisiert auf die Herstellung von plastikfreien Papierbechern, die sowohl wegwerfbar als auch recycelbar sind. Wir produzieren hochwertige, individuell gebrandete Becher, ideal f\u00fcr Caf\u00e9s, Restaurants und mehr, geeignet f\u00fcr hei\u00dfe und kalte Getr\u00e4nke. Treffen Sie eine umweltbewusste Wahl f\u00fcr Ihr Unternehmen mit GMZ.\" \/>\n<meta name=\"robots\" content=\"index, follow, max-snippet:-1, max-image-preview:large, max-video-preview:-1\" \/>\n<link rel=\"canonical\" href=\"https:\/\/gmz.ltd\/de\/produkt\/plastikfreie-papier-heissbecher\/\" \/>\n<meta property=\"og:locale\" content=\"de_DE\" \/>\n<meta property=\"og:type\" content=\"article\" \/>\n<meta property=\"og:title\" content=\"Plastikfreie Papier-Hei\u00dfbecher\" \/>\n<meta property=\"og:description\" content=\"GMZ ist spezialisiert auf die Herstellung von plastikfreien Papierbechern, die sowohl wegwerfbar als auch recycelbar sind. Wir produzieren hochwertige, individuell gebrandete Becher, ideal f\u00fcr Caf\u00e9s, Restaurants und mehr, geeignet f\u00fcr hei\u00dfe und kalte Getr\u00e4nke. Treffen Sie eine umweltbewusste Wahl f\u00fcr Ihr Unternehmen mit GMZ.\" \/>\n<meta property=\"og:url\" content=\"https:\/\/gmz.ltd\/de\/produkt\/plastikfreie-papier-heissbecher\/\" \/>\n<meta property=\"og:site_name\" content=\"GMZ\" \/>\n<meta property=\"og:image\" content=\"https:\/\/gmz.ltd\/wp-content\/uploads\/2023\/09\/Plastic-free-1.jpg\" \/>\n\t<meta property=\"og:image:width\" content=\"1000\" \/>\n\t<meta property=\"og:image:height\" content=\"1000\" \/>\n\t<meta property=\"og:image:type\" content=\"image\/jpeg\" \/>\n<meta name=\"twitter:card\" content=\"summary_large_image\" \/>\n<script type=\"application\/ld+json\" class=\"yoast-schema-graph\">{\"@context\":\"https:\/\/schema.org\",\"@graph\":[{\"@type\":\"WebPage\",\"@id\":\"https:\/\/gmz.ltd\/de\/produkt\/plastikfreie-papier-heissbecher\/\",\"url\":\"https:\/\/gmz.ltd\/de\/produkt\/plastikfreie-papier-heissbecher\/\",\"name\":\"Hersteller von plastikfreien Papierbechern - Umweltfreundliche & recycelbare Becher - GMZ\",\"isPartOf\":{\"@id\":\"https:\/\/gmz.ltd\/de\/#website\"},\"primaryImageOfPage\":{\"@id\":\"https:\/\/gmz.ltd\/de\/produkt\/plastikfreie-papier-heissbecher\/#primaryimage\"},\"image\":{\"@id\":\"https:\/\/gmz.ltd\/de\/produkt\/plastikfreie-papier-heissbecher\/#primaryimage\"},\"thumbnailUrl\":\"https:\/\/gmz.ltd\/wp-content\/uploads\/2023\/09\/Aqueous-Lined-Paper-Cup.webp\",\"datePublished\":\"2023-09-20T03:58:30+00:00\",\"description\":\"GMZ ist spezialisiert auf die Herstellung von plastikfreien Papierbechern, die sowohl wegwerfbar als auch recycelbar sind. Wir produzieren hochwertige, individuell gebrandete Becher, ideal f\u00fcr Caf\u00e9s, Restaurants und mehr, geeignet f\u00fcr hei\u00dfe und kalte Getr\u00e4nke. Treffen Sie eine umweltbewusste Wahl f\u00fcr Ihr Unternehmen mit GMZ.\",\"breadcrumb\":{\"@id\":\"https:\/\/gmz.ltd\/de\/produkt\/plastikfreie-papier-heissbecher\/#breadcrumb\"},\"inLanguage\":\"de\",\"potentialAction\":[{\"@type\":\"ReadAction\",\"target\":[\"https:\/\/gmz.ltd\/de\/produkt\/plastikfreie-papier-heissbecher\/\"]}]},{\"@type\":\"ImageObject\",\"inLanguage\":\"de\",\"@id\":\"https:\/\/gmz.ltd\/de\/produkt\/plastikfreie-papier-heissbecher\/#primaryimage\",\"url\":\"https:\/\/gmz.ltd\/wp-content\/uploads\/2023\/09\/Aqueous-Lined-Paper-Cup.webp\",\"contentUrl\":\"https:\/\/gmz.ltd\/wp-content\/uploads\/2023\/09\/Aqueous-Lined-Paper-Cup.webp\",\"width\":1000,\"height\":1000,\"caption\":\"Aqueous Lined Paper Cup\"},{\"@type\":\"BreadcrumbList\",\"@id\":\"https:\/\/gmz.ltd\/de\/produkt\/plastikfreie-papier-heissbecher\/#breadcrumb\",\"itemListElement\":[{\"@type\":\"ListItem\",\"position\":1,\"name\":\"Heim\",\"item\":\"https:\/\/gmz.ltd\/de\/\"},{\"@type\":\"ListItem\",\"position\":2,\"name\":\"Produkte\",\"item\":\"https:\/\/gmz.ltd\/de\/shop\/\"},{\"@type\":\"ListItem\",\"position\":3,\"name\":\"Plastikfreie Papier-Hei\u00dfbecher\"}]},{\"@type\":\"WebSite\",\"@id\":\"https:\/\/gmz.ltd\/de\/#website\",\"url\":\"https:\/\/gmz.ltd\/de\/\",\"name\":\"GMZ\",\"description\":\"\",\"publisher\":{\"@id\":\"https:\/\/gmz.ltd\/de\/#organization\"},\"potentialAction\":[{\"@type\":\"SearchAction\",\"target\":{\"@type\":\"EntryPoint\",\"urlTemplate\":\"https:\/\/gmz.ltd\/de\/?s={search_term_string}\"},\"query-input\":{\"@type\":\"PropertyValueSpecification\",\"valueRequired\":true,\"valueName\":\"search_term_string\"}}],\"inLanguage\":\"de\"},{\"@type\":\"Organization\",\"@id\":\"https:\/\/gmz.ltd\/de\/#organization\",\"name\":\"GMZ\",\"url\":\"https:\/\/gmz.ltd\/de\/\",\"logo\":{\"@type\":\"ImageObject\",\"inLanguage\":\"de\",\"@id\":\"https:\/\/gmz.ltd\/de\/#\/schema\/logo\/image\/\",\"url\":\"https:\/\/gmz.ltd\/wp-content\/uploads\/2024\/11\/gmzpack.svg\",\"contentUrl\":\"https:\/\/gmz.ltd\/wp-content\/uploads\/2024\/11\/gmzpack.svg\",\"width\":170,\"height\":79,\"caption\":\"GMZ\"},\"image\":{\"@id\":\"https:\/\/gmz.ltd\/de\/#\/schema\/logo\/image\/\"}}]}<\/script>\n<!-- \/ Yoast SEO Premium plugin. -->","yoast_head_json":{"title":"Hersteller von plastikfreien Papierbechern - Umweltfreundliche & recycelbare Becher - GMZ","description":"GMZ ist spezialisiert auf die Herstellung von plastikfreien Papierbechern, die sowohl wegwerfbar als auch recycelbar sind. Wir produzieren hochwertige, individuell gebrandete Becher, ideal f\u00fcr Caf\u00e9s, Restaurants und mehr, geeignet f\u00fcr hei\u00dfe und kalte Getr\u00e4nke. Treffen Sie eine umweltbewusste Wahl f\u00fcr Ihr Unternehmen mit GMZ.","robots":{"index":"index","follow":"follow","max-snippet":"max-snippet:-1","max-image-preview":"max-image-preview:large","max-video-preview":"max-video-preview:-1"},"canonical":"https:\/\/gmz.ltd\/de\/produkt\/plastikfreie-papier-heissbecher\/","og_locale":"de_DE","og_type":"article","og_title":"Plastikfreie Papier-Hei\u00dfbecher","og_description":"GMZ ist spezialisiert auf die Herstellung von plastikfreien Papierbechern, die sowohl wegwerfbar als auch recycelbar sind. Wir produzieren hochwertige, individuell gebrandete Becher, ideal f\u00fcr Caf\u00e9s, Restaurants und mehr, geeignet f\u00fcr hei\u00dfe und kalte Getr\u00e4nke. Treffen Sie eine umweltbewusste Wahl f\u00fcr Ihr Unternehmen mit GMZ.","og_url":"https:\/\/gmz.ltd\/de\/produkt\/plastikfreie-papier-heissbecher\/","og_site_name":"GMZ","og_image":[{"width":1000,"height":1000,"url":"https:\/\/gmz.ltd\/wp-content\/uploads\/2023\/09\/Plastic-free-1.jpg","type":"image\/jpeg"}],"twitter_card":"summary_large_image","schema":{"@context":"https:\/\/schema.org","@graph":[{"@type":"WebPage","@id":"https:\/\/gmz.ltd\/de\/produkt\/plastikfreie-papier-heissbecher\/","url":"https:\/\/gmz.ltd\/de\/produkt\/plastikfreie-papier-heissbecher\/","name":"Hersteller von plastikfreien Papierbechern - Umweltfreundliche & recycelbare Becher - GMZ","isPartOf":{"@id":"https:\/\/gmz.ltd\/de\/#website"},"primaryImageOfPage":{"@id":"https:\/\/gmz.ltd\/de\/produkt\/plastikfreie-papier-heissbecher\/#primaryimage"},"image":{"@id":"https:\/\/gmz.ltd\/de\/produkt\/plastikfreie-papier-heissbecher\/#primaryimage"},"thumbnailUrl":"https:\/\/gmz.ltd\/wp-content\/uploads\/2023\/09\/Aqueous-Lined-Paper-Cup.webp","datePublished":"2023-09-20T03:58:30+00:00","description":"GMZ ist spezialisiert auf die Herstellung von plastikfreien Papierbechern, die sowohl wegwerfbar als auch recycelbar sind. Wir produzieren hochwertige, individuell gebrandete Becher, ideal f\u00fcr Caf\u00e9s, Restaurants und mehr, geeignet f\u00fcr hei\u00dfe und kalte Getr\u00e4nke. Treffen Sie eine umweltbewusste Wahl f\u00fcr Ihr Unternehmen mit GMZ.","breadcrumb":{"@id":"https:\/\/gmz.ltd\/de\/produkt\/plastikfreie-papier-heissbecher\/#breadcrumb"},"inLanguage":"de","potentialAction":[{"@type":"ReadAction","target":["https:\/\/gmz.ltd\/de\/produkt\/plastikfreie-papier-heissbecher\/"]}]},{"@type":"ImageObject","inLanguage":"de","@id":"https:\/\/gmz.ltd\/de\/produkt\/plastikfreie-papier-heissbecher\/#primaryimage","url":"https:\/\/gmz.ltd\/wp-content\/uploads\/2023\/09\/Aqueous-Lined-Paper-Cup.webp","contentUrl":"https:\/\/gmz.ltd\/wp-content\/uploads\/2023\/09\/Aqueous-Lined-Paper-Cup.webp","width":1000,"height":1000,"caption":"Aqueous Lined Paper Cup"},{"@type":"BreadcrumbList","@id":"https:\/\/gmz.ltd\/de\/produkt\/plastikfreie-papier-heissbecher\/#breadcrumb","itemListElement":[{"@type":"ListItem","position":1,"name":"Heim","item":"https:\/\/gmz.ltd\/de\/"},{"@type":"ListItem","position":2,"name":"Produkte","item":"https:\/\/gmz.ltd\/de\/shop\/"},{"@type":"ListItem","position":3,"name":"Plastikfreie Papier-Hei\u00dfbecher"}]},{"@type":"WebSite","@id":"https:\/\/gmz.ltd\/de\/#website","url":"https:\/\/gmz.ltd\/de\/","name":"GMZ","description":"","publisher":{"@id":"https:\/\/gmz.ltd\/de\/#organization"},"potentialAction":[{"@type":"SearchAction","target":{"@type":"EntryPoint","urlTemplate":"https:\/\/gmz.ltd\/de\/?s={search_term_string}"},"query-input":{"@type":"PropertyValueSpecification","valueRequired":true,"valueName":"search_term_string"}}],"inLanguage":"de"},{"@type":"Organization","@id":"https:\/\/gmz.ltd\/de\/#organization","name":"GMZ","url":"https:\/\/gmz.ltd\/de\/","logo":{"@type":"ImageObject","inLanguage":"de","@id":"https:\/\/gmz.ltd\/de\/#\/schema\/logo\/image\/","url":"https:\/\/gmz.ltd\/wp-content\/uploads\/2024\/11\/gmzpack.svg","contentUrl":"https:\/\/gmz.ltd\/wp-content\/uploads\/2024\/11\/gmzpack.svg","width":170,"height":79,"caption":"GMZ"},"image":{"@id":"https:\/\/gmz.ltd\/de\/#\/schema\/logo\/image\/"}}]}},"_links":{"self":[{"href":"https:\/\/gmz.ltd\/de\/wp-json\/wp\/v2\/product\/7848","targetHints":{"allow":["GET"]}}],"collection":[{"href":"https:\/\/gmz.ltd\/de\/wp-json\/wp\/v2\/product"}],"about":[{"href":"https:\/\/gmz.ltd\/de\/wp-json\/wp\/v2\/types\/product"}],"version-history":[{"count":0,"href":"https:\/\/gmz.ltd\/de\/wp-json\/wp\/v2\/product\/7848\/revisions"}],"wp:featuredmedia":[{"embeddable":true,"href":"https:\/\/gmz.ltd\/de\/wp-json\/wp\/v2\/media\/20721"}],"wp:attachment":[{"href":"https:\/\/gmz.ltd\/de\/wp-json\/wp\/v2\/media?parent=7848"}],"wp:term":[{"taxonomy":"product_brand","embeddable":true,"href":"https:\/\/gmz.ltd\/de\/wp-json\/wp\/v2\/product_brand?post=7848"},{"taxonomy":"product_cat","embeddable":true,"href":"https:\/\/gmz.ltd\/de\/wp-json\/wp\/v2\/product_cat?post=7848"},{"taxonomy":"product_tag","embeddable":true,"href":"https:\/\/gmz.ltd\/de\/wp-json\/wp\/v2\/product_tag?post=7848"}],"curies":[{"name":"wp","href":"https:\/\/api.w.org\/{rel}","templated":true}]}}