{"id":7852,"date":"2023-09-20T03:57:16","date_gmt":"2023-09-20T03:57:16","guid":{"rendered":"https:\/\/gmz.ltd\/product\/pla-beschichtete-papier-heissgetraenkebecher\/"},"modified":"2023-09-20T03:57:16","modified_gmt":"2023-09-20T03:57:16","slug":"pla-beschichtete-papier-heissgetraenkebecher","status":"publish","type":"product","link":"https:\/\/gmz.ltd\/de\/produkt\/pla-beschichtete-papier-heissgetraenkebecher\/","title":{"rendered":"PLA-beschichtete Papier-Hei\u00dfgetr\u00e4nkebecher"},"content":{"rendered":"<p>Die Innenwandbeschichtung dieser Serie von Papierbechern ist PLA, nicht PE. Daher ist es kompostierbar.<\/p>\n","protected":false},"excerpt":{"rendered":"<p>Die meisten Papierbecher sind mit PE-Plastik beschichtet, um zu verhindern, dass sie durchweichen, wenn sie Fl\u00fcssigkeiten enthalten. Unsere PLA-beschichteten Papierbecher verwenden jedoch pflanzliche Materialien, um die traditionelle Plastikbeschichtung zu ersetzen, sodass sie vollst\u00e4ndig kompostierbar sind und der Umwelt keinen Schaden zuf\u00fcgen.<\/p>\n<ul>\n<li>100 % kompostierbar<\/li>\n<li>DIN EN13432 zertifiziert f\u00fcr Kompostierbarkeit<\/li>\n<li>FCM-zugelassen f\u00fcr den Lebensmittelkontakt<\/li>\n<li>Frei von PFAS und ungiftig<\/li>\n<li>Individueller Druck in bis zu 8 Farben auf der Au\u00dfenschicht<\/li>\n<li>Je nach Bedarf k\u00f6nnen wir den Chargencode auf dem Boden des Bechers drucken, um den Becher leicht durch den Herstellungsprozess zur\u00fcckzuverfolgen.<\/li>\n<\/ul>\n<p>Mindestbestellmenge f\u00fcr individuellen Druck: 50.000 St\u00fcck.<\/p>\n","protected":false},"featured_media":5646,"template":"","meta":{"_joinchat":[]},"product_brand":[],"product_cat":[133,132],"product_tag":[115,137],"class_list":{"0":"post-7852","1":"product","2":"type-product","3":"status-publish","4":"has-post-thumbnail","6":"product_cat-heisgetranke-papierbecher","7":"product_cat-papierbecher","8":"product_tag-heisgetrankebecher-deckel","9":"product_tag-umweltfreundliche-becher","11":"first","12":"instock","13":"shipping-taxable","14":"product-type-simple"},"acf":[],"yoast_head":"<!-- This site is optimized with the Yoast SEO Premium plugin v22.5 (Yoast SEO v26.6) - https:\/\/yoast.com\/wordpress\/plugins\/seo\/ -->\n<title>Hersteller von PLA-beschichteten Papierbechern - Einweg- &amp; biologisch abbaubare Hei\u00dfgetr\u00e4nkebecher- GMZ<\/title>\n<meta name=\"description\" content=\"GMZ stellt PLA-beschichtete Papierbecher f\u00fcr hei\u00dfen Kaffee und andere Getr\u00e4nke her. Unsere PLA-Papierbecher werden aus lebensmitteltauglichen Materialien hergestellt, sind 100 % kompostierbar und recycelbar. W\u00e4hlen Sie unsere umweltfreundliche L\u00f6sung f\u00fcr Caf\u00e9s und umweltbewusste Lebensmittelgesch\u00e4fte. Nehmen Sie noch heute Kontakt auf!\" \/>\n<meta name=\"robots\" content=\"index, follow, max-snippet:-1, max-image-preview:large, max-video-preview:-1\" \/>\n<link rel=\"canonical\" href=\"https:\/\/gmz.ltd\/de\/produkt\/pla-beschichtete-papier-heissgetraenkebecher\/\" \/>\n<meta property=\"og:locale\" content=\"de_DE\" \/>\n<meta property=\"og:type\" content=\"article\" \/>\n<meta property=\"og:title\" content=\"PLA-beschichtete Papier-Hei\u00dfgetr\u00e4nkebecher\" \/>\n<meta property=\"og:description\" content=\"GMZ stellt PLA-beschichtete Papierbecher f\u00fcr hei\u00dfen Kaffee und andere Getr\u00e4nke her. Unsere PLA-Papierbecher werden aus lebensmitteltauglichen Materialien hergestellt, sind 100 % kompostierbar und recycelbar. W\u00e4hlen Sie unsere umweltfreundliche L\u00f6sung f\u00fcr Caf\u00e9s und umweltbewusste Lebensmittelgesch\u00e4fte. Nehmen Sie noch heute Kontakt auf!\" \/>\n<meta property=\"og:url\" content=\"https:\/\/gmz.ltd\/de\/produkt\/pla-beschichtete-papier-heissgetraenkebecher\/\" \/>\n<meta property=\"og:site_name\" content=\"GMZ\" \/>\n<meta property=\"og:image\" content=\"https:\/\/gmz.ltd\/wp-content\/uploads\/2023\/09\/PLA.jpg\" \/>\n\t<meta property=\"og:image:width\" content=\"800\" \/>\n\t<meta property=\"og:image:height\" content=\"800\" \/>\n\t<meta property=\"og:image:type\" content=\"image\/jpeg\" \/>\n<meta name=\"twitter:card\" content=\"summary_large_image\" \/>\n<script type=\"application\/ld+json\" class=\"yoast-schema-graph\">{\"@context\":\"https:\/\/schema.org\",\"@graph\":[{\"@type\":\"WebPage\",\"@id\":\"https:\/\/gmz.ltd\/de\/produkt\/pla-beschichtete-papier-heissgetraenkebecher\/\",\"url\":\"https:\/\/gmz.ltd\/de\/produkt\/pla-beschichtete-papier-heissgetraenkebecher\/\",\"name\":\"Hersteller von PLA-beschichteten Papierbechern - Einweg- & biologisch abbaubare Hei\u00dfgetr\u00e4nkebecher- GMZ\",\"isPartOf\":{\"@id\":\"https:\/\/gmz.ltd\/de\/#website\"},\"primaryImageOfPage\":{\"@id\":\"https:\/\/gmz.ltd\/de\/produkt\/pla-beschichtete-papier-heissgetraenkebecher\/#primaryimage\"},\"image\":{\"@id\":\"https:\/\/gmz.ltd\/de\/produkt\/pla-beschichtete-papier-heissgetraenkebecher\/#primaryimage\"},\"thumbnailUrl\":\"https:\/\/gmz.ltd\/wp-content\/uploads\/2023\/09\/PLA.jpg\",\"datePublished\":\"2023-09-20T03:57:16+00:00\",\"description\":\"GMZ stellt PLA-beschichtete Papierbecher f\u00fcr hei\u00dfen Kaffee und andere Getr\u00e4nke her. Unsere PLA-Papierbecher werden aus lebensmitteltauglichen Materialien hergestellt, sind 100 % kompostierbar und recycelbar. W\u00e4hlen Sie unsere umweltfreundliche L\u00f6sung f\u00fcr Caf\u00e9s und umweltbewusste Lebensmittelgesch\u00e4fte. Nehmen Sie noch heute Kontakt auf!\",\"breadcrumb\":{\"@id\":\"https:\/\/gmz.ltd\/de\/produkt\/pla-beschichtete-papier-heissgetraenkebecher\/#breadcrumb\"},\"inLanguage\":\"de\",\"potentialAction\":[{\"@type\":\"ReadAction\",\"target\":[\"https:\/\/gmz.ltd\/de\/produkt\/pla-beschichtete-papier-heissgetraenkebecher\/\"]}]},{\"@type\":\"ImageObject\",\"inLanguage\":\"de\",\"@id\":\"https:\/\/gmz.ltd\/de\/produkt\/pla-beschichtete-papier-heissgetraenkebecher\/#primaryimage\",\"url\":\"https:\/\/gmz.ltd\/wp-content\/uploads\/2023\/09\/PLA.jpg\",\"contentUrl\":\"https:\/\/gmz.ltd\/wp-content\/uploads\/2023\/09\/PLA.jpg\",\"width\":800,\"height\":800},{\"@type\":\"BreadcrumbList\",\"@id\":\"https:\/\/gmz.ltd\/de\/produkt\/pla-beschichtete-papier-heissgetraenkebecher\/#breadcrumb\",\"itemListElement\":[{\"@type\":\"ListItem\",\"position\":1,\"name\":\"Heim\",\"item\":\"https:\/\/gmz.ltd\/de\/\"},{\"@type\":\"ListItem\",\"position\":2,\"name\":\"Produkte\",\"item\":\"https:\/\/gmz.ltd\/de\/shop\/\"},{\"@type\":\"ListItem\",\"position\":3,\"name\":\"PLA-beschichtete Papier-Hei\u00dfgetr\u00e4nkebecher\"}]},{\"@type\":\"WebSite\",\"@id\":\"https:\/\/gmz.ltd\/de\/#website\",\"url\":\"https:\/\/gmz.ltd\/de\/\",\"name\":\"GMZ\",\"description\":\"\",\"publisher\":{\"@id\":\"https:\/\/gmz.ltd\/de\/#organization\"},\"potentialAction\":[{\"@type\":\"SearchAction\",\"target\":{\"@type\":\"EntryPoint\",\"urlTemplate\":\"https:\/\/gmz.ltd\/de\/?s={search_term_string}\"},\"query-input\":{\"@type\":\"PropertyValueSpecification\",\"valueRequired\":true,\"valueName\":\"search_term_string\"}}],\"inLanguage\":\"de\"},{\"@type\":\"Organization\",\"@id\":\"https:\/\/gmz.ltd\/de\/#organization\",\"name\":\"GMZ\",\"url\":\"https:\/\/gmz.ltd\/de\/\",\"logo\":{\"@type\":\"ImageObject\",\"inLanguage\":\"de\",\"@id\":\"https:\/\/gmz.ltd\/de\/#\/schema\/logo\/image\/\",\"url\":\"https:\/\/gmz.ltd\/wp-content\/uploads\/2024\/11\/gmzpack.svg\",\"contentUrl\":\"https:\/\/gmz.ltd\/wp-content\/uploads\/2024\/11\/gmzpack.svg\",\"width\":170,\"height\":79,\"caption\":\"GMZ\"},\"image\":{\"@id\":\"https:\/\/gmz.ltd\/de\/#\/schema\/logo\/image\/\"}}]}<\/script>\n<!-- \/ Yoast SEO Premium plugin. -->","yoast_head_json":{"title":"Hersteller von PLA-beschichteten Papierbechern - Einweg- & biologisch abbaubare Hei\u00dfgetr\u00e4nkebecher- GMZ","description":"GMZ stellt PLA-beschichtete Papierbecher f\u00fcr hei\u00dfen Kaffee und andere Getr\u00e4nke her. Unsere PLA-Papierbecher werden aus lebensmitteltauglichen Materialien hergestellt, sind 100 % kompostierbar und recycelbar. W\u00e4hlen Sie unsere umweltfreundliche L\u00f6sung f\u00fcr Caf\u00e9s und umweltbewusste Lebensmittelgesch\u00e4fte. Nehmen Sie noch heute Kontakt auf!","robots":{"index":"index","follow":"follow","max-snippet":"max-snippet:-1","max-image-preview":"max-image-preview:large","max-video-preview":"max-video-preview:-1"},"canonical":"https:\/\/gmz.ltd\/de\/produkt\/pla-beschichtete-papier-heissgetraenkebecher\/","og_locale":"de_DE","og_type":"article","og_title":"PLA-beschichtete Papier-Hei\u00dfgetr\u00e4nkebecher","og_description":"GMZ stellt PLA-beschichtete Papierbecher f\u00fcr hei\u00dfen Kaffee und andere Getr\u00e4nke her. Unsere PLA-Papierbecher werden aus lebensmitteltauglichen Materialien hergestellt, sind 100 % kompostierbar und recycelbar. W\u00e4hlen Sie unsere umweltfreundliche L\u00f6sung f\u00fcr Caf\u00e9s und umweltbewusste Lebensmittelgesch\u00e4fte. Nehmen Sie noch heute Kontakt auf!","og_url":"https:\/\/gmz.ltd\/de\/produkt\/pla-beschichtete-papier-heissgetraenkebecher\/","og_site_name":"GMZ","og_image":[{"width":800,"height":800,"url":"https:\/\/gmz.ltd\/wp-content\/uploads\/2023\/09\/PLA.jpg","type":"image\/jpeg"}],"twitter_card":"summary_large_image","schema":{"@context":"https:\/\/schema.org","@graph":[{"@type":"WebPage","@id":"https:\/\/gmz.ltd\/de\/produkt\/pla-beschichtete-papier-heissgetraenkebecher\/","url":"https:\/\/gmz.ltd\/de\/produkt\/pla-beschichtete-papier-heissgetraenkebecher\/","name":"Hersteller von PLA-beschichteten Papierbechern - Einweg- & biologisch abbaubare Hei\u00dfgetr\u00e4nkebecher- GMZ","isPartOf":{"@id":"https:\/\/gmz.ltd\/de\/#website"},"primaryImageOfPage":{"@id":"https:\/\/gmz.ltd\/de\/produkt\/pla-beschichtete-papier-heissgetraenkebecher\/#primaryimage"},"image":{"@id":"https:\/\/gmz.ltd\/de\/produkt\/pla-beschichtete-papier-heissgetraenkebecher\/#primaryimage"},"thumbnailUrl":"https:\/\/gmz.ltd\/wp-content\/uploads\/2023\/09\/PLA.jpg","datePublished":"2023-09-20T03:57:16+00:00","description":"GMZ stellt PLA-beschichtete Papierbecher f\u00fcr hei\u00dfen Kaffee und andere Getr\u00e4nke her. Unsere PLA-Papierbecher werden aus lebensmitteltauglichen Materialien hergestellt, sind 100 % kompostierbar und recycelbar. W\u00e4hlen Sie unsere umweltfreundliche L\u00f6sung f\u00fcr Caf\u00e9s und umweltbewusste Lebensmittelgesch\u00e4fte. Nehmen Sie noch heute Kontakt auf!","breadcrumb":{"@id":"https:\/\/gmz.ltd\/de\/produkt\/pla-beschichtete-papier-heissgetraenkebecher\/#breadcrumb"},"inLanguage":"de","potentialAction":[{"@type":"ReadAction","target":["https:\/\/gmz.ltd\/de\/produkt\/pla-beschichtete-papier-heissgetraenkebecher\/"]}]},{"@type":"ImageObject","inLanguage":"de","@id":"https:\/\/gmz.ltd\/de\/produkt\/pla-beschichtete-papier-heissgetraenkebecher\/#primaryimage","url":"https:\/\/gmz.ltd\/wp-content\/uploads\/2023\/09\/PLA.jpg","contentUrl":"https:\/\/gmz.ltd\/wp-content\/uploads\/2023\/09\/PLA.jpg","width":800,"height":800},{"@type":"BreadcrumbList","@id":"https:\/\/gmz.ltd\/de\/produkt\/pla-beschichtete-papier-heissgetraenkebecher\/#breadcrumb","itemListElement":[{"@type":"ListItem","position":1,"name":"Heim","item":"https:\/\/gmz.ltd\/de\/"},{"@type":"ListItem","position":2,"name":"Produkte","item":"https:\/\/gmz.ltd\/de\/shop\/"},{"@type":"ListItem","position":3,"name":"PLA-beschichtete Papier-Hei\u00dfgetr\u00e4nkebecher"}]},{"@type":"WebSite","@id":"https:\/\/gmz.ltd\/de\/#website","url":"https:\/\/gmz.ltd\/de\/","name":"GMZ","description":"","publisher":{"@id":"https:\/\/gmz.ltd\/de\/#organization"},"potentialAction":[{"@type":"SearchAction","target":{"@type":"EntryPoint","urlTemplate":"https:\/\/gmz.ltd\/de\/?s={search_term_string}"},"query-input":{"@type":"PropertyValueSpecification","valueRequired":true,"valueName":"search_term_string"}}],"inLanguage":"de"},{"@type":"Organization","@id":"https:\/\/gmz.ltd\/de\/#organization","name":"GMZ","url":"https:\/\/gmz.ltd\/de\/","logo":{"@type":"ImageObject","inLanguage":"de","@id":"https:\/\/gmz.ltd\/de\/#\/schema\/logo\/image\/","url":"https:\/\/gmz.ltd\/wp-content\/uploads\/2024\/11\/gmzpack.svg","contentUrl":"https:\/\/gmz.ltd\/wp-content\/uploads\/2024\/11\/gmzpack.svg","width":170,"height":79,"caption":"GMZ"},"image":{"@id":"https:\/\/gmz.ltd\/de\/#\/schema\/logo\/image\/"}}]}},"_links":{"self":[{"href":"https:\/\/gmz.ltd\/de\/wp-json\/wp\/v2\/product\/7852","targetHints":{"allow":["GET"]}}],"collection":[{"href":"https:\/\/gmz.ltd\/de\/wp-json\/wp\/v2\/product"}],"about":[{"href":"https:\/\/gmz.ltd\/de\/wp-json\/wp\/v2\/types\/product"}],"version-history":[{"count":0,"href":"https:\/\/gmz.ltd\/de\/wp-json\/wp\/v2\/product\/7852\/revisions"}],"wp:featuredmedia":[{"embeddable":true,"href":"https:\/\/gmz.ltd\/de\/wp-json\/wp\/v2\/media\/5646"}],"wp:attachment":[{"href":"https:\/\/gmz.ltd\/de\/wp-json\/wp\/v2\/media?parent=7852"}],"wp:term":[{"taxonomy":"product_brand","embeddable":true,"href":"https:\/\/gmz.ltd\/de\/wp-json\/wp\/v2\/product_brand?post=7852"},{"taxonomy":"product_cat","embeddable":true,"href":"https:\/\/gmz.ltd\/de\/wp-json\/wp\/v2\/product_cat?post=7852"},{"taxonomy":"product_tag","embeddable":true,"href":"https:\/\/gmz.ltd\/de\/wp-json\/wp\/v2\/product_tag?post=7852"}],"curies":[{"name":"wp","href":"https:\/\/api.w.org\/{rel}","templated":true}]}}