{"id":7856,"date":"2023-09-20T03:55:41","date_gmt":"2023-09-20T03:55:41","guid":{"rendered":"https:\/\/gmz.ltd\/product\/doppelwandige-pe-beschichtete-papier-kaltgetraenkebecher\/"},"modified":"2023-09-20T03:55:41","modified_gmt":"2023-09-20T03:55:41","slug":"doppelwandige-pe-beschichtete-papier-kaltgetraenkebecher","status":"publish","type":"product","link":"https:\/\/gmz.ltd\/de\/produkt\/doppelwandige-pe-beschichtete-papier-kaltgetraenkebecher\/","title":{"rendered":"Doppelwandige PE-beschichtete Papier-Kaltgetr\u00e4nkebecher"},"content":{"rendered":"<p>Unsere Premium-Einwandbecher sind in verschiedenen Gr\u00f6\u00dfen von 1 oz bis 22 oz erh\u00e4ltlich, um den unterschiedlichen Bed\u00fcrfnissen des globalen Marktes gerecht zu werden. Zus\u00e4tzlich zu Wei\u00df. bieten wir auch individuellen Druck an.<\/p>\n","protected":false},"excerpt":{"rendered":"<p>Diese Serie von Papierbechern eignet sich f\u00fcr kalte Getr\u00e4nke und ist in Gr\u00f6\u00dfen von 8 oz bis 22 oz erh\u00e4ltlich. Die Innen- und Au\u00dfenschichten des Becherpapiers sind PE-beschichtet, was die Becher vor Besch\u00e4digungen durch Kondensation sch\u00fctzen kann.<\/p>\n<ul>\n<li>Aus hochwertigem lebensmittelechtem Papier hergestellt<\/li>\n<li>FCM-zugelassen f\u00fcr den Lebensmittelkontakt<\/li>\n<li>PFAS-frei und ohne giftige Chemikalien<\/li>\n<li>Individueller Druck in bis zu 8 Farben auf der Au\u00dfenschicht.<\/li>\n<li>Je nach Bedarf k\u00f6nnen wir den Chargencode auf dem Boden des Bechers drucken, um den Becher leicht durch den Herstellungsprozess zur\u00fcckzuverfolgen.<\/li>\n<\/ul>\n<p><!-- notionvc: c7b060aa-ead3-42e4-a6e5-71877eaa83ab --><\/p>\n<p>Mindestbestellmenge f\u00fcr individuellen Druck: 50.000 St\u00fcck.<\/p>\n","protected":false},"featured_media":5638,"template":"","meta":{"_joinchat":[]},"product_brand":[],"product_cat":[132,141],"product_tag":[121],"class_list":{"0":"post-7856","1":"product","2":"type-product","3":"status-publish","4":"has-post-thumbnail","6":"product_cat-papierbecher","7":"product_cat-papierbecher-fur-kalte-getranke","8":"product_tag-kaltgetrankebecher-deckel","10":"first","11":"instock","12":"shipping-taxable","13":"product-type-simple"},"acf":[],"yoast_head":"<!-- This site is optimized with the Yoast SEO Premium plugin v22.5 (Yoast SEO v26.6) - https:\/\/yoast.com\/wordpress\/plugins\/seo\/ -->\n<title>Bester Preis f\u00fcr doppelt PE-beschichtete Papierbecher - Gro\u00dfhandel mit Kaltgetr\u00e4nkebechern - GMZ<\/title>\n<meta name=\"description\" content=\"GMZ, ein in China ans\u00e4ssiger Papierbecherhersteller, bietet doppelwandige, PE-beschichtete Papierbecher f\u00fcr kalte Getr\u00e4nke an. Kontaktieren Sie uns noch heute, um die besten Preise f\u00fcr PE-beschichtete Papierbecher im Gro\u00dfhandel zu erhalten.\" \/>\n<meta name=\"robots\" content=\"index, follow, max-snippet:-1, max-image-preview:large, max-video-preview:-1\" \/>\n<link rel=\"canonical\" href=\"https:\/\/gmz.ltd\/de\/produkt\/doppelwandige-pe-beschichtete-papier-kaltgetraenkebecher\/\" \/>\n<meta property=\"og:locale\" content=\"de_DE\" \/>\n<meta property=\"og:type\" content=\"article\" \/>\n<meta property=\"og:title\" content=\"Doppelwandige PE-beschichtete Papier-Kaltgetr\u00e4nkebecher\" \/>\n<meta property=\"og:description\" content=\"GMZ, ein in China ans\u00e4ssiger Papierbecherhersteller, bietet doppelwandige, PE-beschichtete Papierbecher f\u00fcr kalte Getr\u00e4nke an. Kontaktieren Sie uns noch heute, um die besten Preise f\u00fcr PE-beschichtete Papierbecher im Gro\u00dfhandel zu erhalten.\" \/>\n<meta property=\"og:url\" content=\"https:\/\/gmz.ltd\/de\/produkt\/doppelwandige-pe-beschichtete-papier-kaltgetraenkebecher\/\" \/>\n<meta property=\"og:site_name\" content=\"GMZ\" \/>\n<meta property=\"og:image\" content=\"https:\/\/gmz.ltd\/wp-content\/uploads\/2023\/09\/Double-PE.jpg\" \/>\n\t<meta property=\"og:image:width\" content=\"800\" \/>\n\t<meta property=\"og:image:height\" content=\"800\" \/>\n\t<meta property=\"og:image:type\" content=\"image\/jpeg\" \/>\n<meta name=\"twitter:card\" content=\"summary_large_image\" \/>\n<script type=\"application\/ld+json\" class=\"yoast-schema-graph\">{\"@context\":\"https:\/\/schema.org\",\"@graph\":[{\"@type\":\"WebPage\",\"@id\":\"https:\/\/gmz.ltd\/de\/produkt\/doppelwandige-pe-beschichtete-papier-kaltgetraenkebecher\/\",\"url\":\"https:\/\/gmz.ltd\/de\/produkt\/doppelwandige-pe-beschichtete-papier-kaltgetraenkebecher\/\",\"name\":\"Bester Preis f\u00fcr doppelt PE-beschichtete Papierbecher - Gro\u00dfhandel mit Kaltgetr\u00e4nkebechern - GMZ\",\"isPartOf\":{\"@id\":\"https:\/\/gmz.ltd\/de\/#website\"},\"primaryImageOfPage\":{\"@id\":\"https:\/\/gmz.ltd\/de\/produkt\/doppelwandige-pe-beschichtete-papier-kaltgetraenkebecher\/#primaryimage\"},\"image\":{\"@id\":\"https:\/\/gmz.ltd\/de\/produkt\/doppelwandige-pe-beschichtete-papier-kaltgetraenkebecher\/#primaryimage\"},\"thumbnailUrl\":\"https:\/\/gmz.ltd\/wp-content\/uploads\/2023\/09\/Double-PE.jpg\",\"datePublished\":\"2023-09-20T03:55:41+00:00\",\"description\":\"GMZ, ein in China ans\u00e4ssiger Papierbecherhersteller, bietet doppelwandige, PE-beschichtete Papierbecher f\u00fcr kalte Getr\u00e4nke an. Kontaktieren Sie uns noch heute, um die besten Preise f\u00fcr PE-beschichtete Papierbecher im Gro\u00dfhandel zu erhalten.\",\"breadcrumb\":{\"@id\":\"https:\/\/gmz.ltd\/de\/produkt\/doppelwandige-pe-beschichtete-papier-kaltgetraenkebecher\/#breadcrumb\"},\"inLanguage\":\"de\",\"potentialAction\":[{\"@type\":\"ReadAction\",\"target\":[\"https:\/\/gmz.ltd\/de\/produkt\/doppelwandige-pe-beschichtete-papier-kaltgetraenkebecher\/\"]}]},{\"@type\":\"ImageObject\",\"inLanguage\":\"de\",\"@id\":\"https:\/\/gmz.ltd\/de\/produkt\/doppelwandige-pe-beschichtete-papier-kaltgetraenkebecher\/#primaryimage\",\"url\":\"https:\/\/gmz.ltd\/wp-content\/uploads\/2023\/09\/Double-PE.jpg\",\"contentUrl\":\"https:\/\/gmz.ltd\/wp-content\/uploads\/2023\/09\/Double-PE.jpg\",\"width\":800,\"height\":800},{\"@type\":\"BreadcrumbList\",\"@id\":\"https:\/\/gmz.ltd\/de\/produkt\/doppelwandige-pe-beschichtete-papier-kaltgetraenkebecher\/#breadcrumb\",\"itemListElement\":[{\"@type\":\"ListItem\",\"position\":1,\"name\":\"Heim\",\"item\":\"https:\/\/gmz.ltd\/de\/\"},{\"@type\":\"ListItem\",\"position\":2,\"name\":\"Produkte\",\"item\":\"https:\/\/gmz.ltd\/de\/shop\/\"},{\"@type\":\"ListItem\",\"position\":3,\"name\":\"Doppelwandige PE-beschichtete Papier-Kaltgetr\u00e4nkebecher\"}]},{\"@type\":\"WebSite\",\"@id\":\"https:\/\/gmz.ltd\/de\/#website\",\"url\":\"https:\/\/gmz.ltd\/de\/\",\"name\":\"GMZ\",\"description\":\"\",\"publisher\":{\"@id\":\"https:\/\/gmz.ltd\/de\/#organization\"},\"potentialAction\":[{\"@type\":\"SearchAction\",\"target\":{\"@type\":\"EntryPoint\",\"urlTemplate\":\"https:\/\/gmz.ltd\/de\/?s={search_term_string}\"},\"query-input\":{\"@type\":\"PropertyValueSpecification\",\"valueRequired\":true,\"valueName\":\"search_term_string\"}}],\"inLanguage\":\"de\"},{\"@type\":\"Organization\",\"@id\":\"https:\/\/gmz.ltd\/de\/#organization\",\"name\":\"GMZ\",\"url\":\"https:\/\/gmz.ltd\/de\/\",\"logo\":{\"@type\":\"ImageObject\",\"inLanguage\":\"de\",\"@id\":\"https:\/\/gmz.ltd\/de\/#\/schema\/logo\/image\/\",\"url\":\"https:\/\/gmz.ltd\/wp-content\/uploads\/2024\/11\/gmzpack.svg\",\"contentUrl\":\"https:\/\/gmz.ltd\/wp-content\/uploads\/2024\/11\/gmzpack.svg\",\"width\":170,\"height\":79,\"caption\":\"GMZ\"},\"image\":{\"@id\":\"https:\/\/gmz.ltd\/de\/#\/schema\/logo\/image\/\"}}]}<\/script>\n<!-- \/ Yoast SEO Premium plugin. -->","yoast_head_json":{"title":"Bester Preis f\u00fcr doppelt PE-beschichtete Papierbecher - Gro\u00dfhandel mit Kaltgetr\u00e4nkebechern - GMZ","description":"GMZ, ein in China ans\u00e4ssiger Papierbecherhersteller, bietet doppelwandige, PE-beschichtete Papierbecher f\u00fcr kalte Getr\u00e4nke an. Kontaktieren Sie uns noch heute, um die besten Preise f\u00fcr PE-beschichtete Papierbecher im Gro\u00dfhandel zu erhalten.","robots":{"index":"index","follow":"follow","max-snippet":"max-snippet:-1","max-image-preview":"max-image-preview:large","max-video-preview":"max-video-preview:-1"},"canonical":"https:\/\/gmz.ltd\/de\/produkt\/doppelwandige-pe-beschichtete-papier-kaltgetraenkebecher\/","og_locale":"de_DE","og_type":"article","og_title":"Doppelwandige PE-beschichtete Papier-Kaltgetr\u00e4nkebecher","og_description":"GMZ, ein in China ans\u00e4ssiger Papierbecherhersteller, bietet doppelwandige, PE-beschichtete Papierbecher f\u00fcr kalte Getr\u00e4nke an. Kontaktieren Sie uns noch heute, um die besten Preise f\u00fcr PE-beschichtete Papierbecher im Gro\u00dfhandel zu erhalten.","og_url":"https:\/\/gmz.ltd\/de\/produkt\/doppelwandige-pe-beschichtete-papier-kaltgetraenkebecher\/","og_site_name":"GMZ","og_image":[{"width":800,"height":800,"url":"https:\/\/gmz.ltd\/wp-content\/uploads\/2023\/09\/Double-PE.jpg","type":"image\/jpeg"}],"twitter_card":"summary_large_image","schema":{"@context":"https:\/\/schema.org","@graph":[{"@type":"WebPage","@id":"https:\/\/gmz.ltd\/de\/produkt\/doppelwandige-pe-beschichtete-papier-kaltgetraenkebecher\/","url":"https:\/\/gmz.ltd\/de\/produkt\/doppelwandige-pe-beschichtete-papier-kaltgetraenkebecher\/","name":"Bester Preis f\u00fcr doppelt PE-beschichtete Papierbecher - Gro\u00dfhandel mit Kaltgetr\u00e4nkebechern - GMZ","isPartOf":{"@id":"https:\/\/gmz.ltd\/de\/#website"},"primaryImageOfPage":{"@id":"https:\/\/gmz.ltd\/de\/produkt\/doppelwandige-pe-beschichtete-papier-kaltgetraenkebecher\/#primaryimage"},"image":{"@id":"https:\/\/gmz.ltd\/de\/produkt\/doppelwandige-pe-beschichtete-papier-kaltgetraenkebecher\/#primaryimage"},"thumbnailUrl":"https:\/\/gmz.ltd\/wp-content\/uploads\/2023\/09\/Double-PE.jpg","datePublished":"2023-09-20T03:55:41+00:00","description":"GMZ, ein in China ans\u00e4ssiger Papierbecherhersteller, bietet doppelwandige, PE-beschichtete Papierbecher f\u00fcr kalte Getr\u00e4nke an. Kontaktieren Sie uns noch heute, um die besten Preise f\u00fcr PE-beschichtete Papierbecher im Gro\u00dfhandel zu erhalten.","breadcrumb":{"@id":"https:\/\/gmz.ltd\/de\/produkt\/doppelwandige-pe-beschichtete-papier-kaltgetraenkebecher\/#breadcrumb"},"inLanguage":"de","potentialAction":[{"@type":"ReadAction","target":["https:\/\/gmz.ltd\/de\/produkt\/doppelwandige-pe-beschichtete-papier-kaltgetraenkebecher\/"]}]},{"@type":"ImageObject","inLanguage":"de","@id":"https:\/\/gmz.ltd\/de\/produkt\/doppelwandige-pe-beschichtete-papier-kaltgetraenkebecher\/#primaryimage","url":"https:\/\/gmz.ltd\/wp-content\/uploads\/2023\/09\/Double-PE.jpg","contentUrl":"https:\/\/gmz.ltd\/wp-content\/uploads\/2023\/09\/Double-PE.jpg","width":800,"height":800},{"@type":"BreadcrumbList","@id":"https:\/\/gmz.ltd\/de\/produkt\/doppelwandige-pe-beschichtete-papier-kaltgetraenkebecher\/#breadcrumb","itemListElement":[{"@type":"ListItem","position":1,"name":"Heim","item":"https:\/\/gmz.ltd\/de\/"},{"@type":"ListItem","position":2,"name":"Produkte","item":"https:\/\/gmz.ltd\/de\/shop\/"},{"@type":"ListItem","position":3,"name":"Doppelwandige PE-beschichtete Papier-Kaltgetr\u00e4nkebecher"}]},{"@type":"WebSite","@id":"https:\/\/gmz.ltd\/de\/#website","url":"https:\/\/gmz.ltd\/de\/","name":"GMZ","description":"","publisher":{"@id":"https:\/\/gmz.ltd\/de\/#organization"},"potentialAction":[{"@type":"SearchAction","target":{"@type":"EntryPoint","urlTemplate":"https:\/\/gmz.ltd\/de\/?s={search_term_string}"},"query-input":{"@type":"PropertyValueSpecification","valueRequired":true,"valueName":"search_term_string"}}],"inLanguage":"de"},{"@type":"Organization","@id":"https:\/\/gmz.ltd\/de\/#organization","name":"GMZ","url":"https:\/\/gmz.ltd\/de\/","logo":{"@type":"ImageObject","inLanguage":"de","@id":"https:\/\/gmz.ltd\/de\/#\/schema\/logo\/image\/","url":"https:\/\/gmz.ltd\/wp-content\/uploads\/2024\/11\/gmzpack.svg","contentUrl":"https:\/\/gmz.ltd\/wp-content\/uploads\/2024\/11\/gmzpack.svg","width":170,"height":79,"caption":"GMZ"},"image":{"@id":"https:\/\/gmz.ltd\/de\/#\/schema\/logo\/image\/"}}]}},"_links":{"self":[{"href":"https:\/\/gmz.ltd\/de\/wp-json\/wp\/v2\/product\/7856","targetHints":{"allow":["GET"]}}],"collection":[{"href":"https:\/\/gmz.ltd\/de\/wp-json\/wp\/v2\/product"}],"about":[{"href":"https:\/\/gmz.ltd\/de\/wp-json\/wp\/v2\/types\/product"}],"version-history":[{"count":0,"href":"https:\/\/gmz.ltd\/de\/wp-json\/wp\/v2\/product\/7856\/revisions"}],"wp:featuredmedia":[{"embeddable":true,"href":"https:\/\/gmz.ltd\/de\/wp-json\/wp\/v2\/media\/5638"}],"wp:attachment":[{"href":"https:\/\/gmz.ltd\/de\/wp-json\/wp\/v2\/media?parent=7856"}],"wp:term":[{"taxonomy":"product_brand","embeddable":true,"href":"https:\/\/gmz.ltd\/de\/wp-json\/wp\/v2\/product_brand?post=7856"},{"taxonomy":"product_cat","embeddable":true,"href":"https:\/\/gmz.ltd\/de\/wp-json\/wp\/v2\/product_cat?post=7856"},{"taxonomy":"product_tag","embeddable":true,"href":"https:\/\/gmz.ltd\/de\/wp-json\/wp\/v2\/product_tag?post=7856"}],"curies":[{"name":"wp","href":"https:\/\/api.w.org\/{rel}","templated":true}]}}