{"id":7860,"date":"2023-09-20T03:53:57","date_gmt":"2023-09-20T03:53:57","guid":{"rendered":"https:\/\/gmz.ltd\/product\/heissgetraenkebecher-mit-riffelwand\/"},"modified":"2023-09-20T03:53:57","modified_gmt":"2023-09-20T03:53:57","slug":"heissgetraenkebecher-mit-riffelwand","status":"publish","type":"product","link":"https:\/\/gmz.ltd\/de\/produkt\/heissgetraenkebecher-mit-riffelwand\/","title":{"rendered":"Hei\u00dfgetr\u00e4nkebecher mit Riffelwand"},"content":{"rendered":"<p>Die Gr\u00f6\u00dfe der Serie von Wellpapierbechern reicht von 4oz bis 20oz. Die \u00e4u\u00dfere Schicht aus Wellpapier macht den Becher griffiger und bietet die besten thermischen Isoliereigenschaften.<\/p>\n","protected":false},"excerpt":{"rendered":"<p>Die Wellpapierbecher sind so gestaltet, dass sie Ihre Getr\u00e4nke hei\u00df und Ihre H\u00e4nde k\u00fchl halten. Die innovative Konstruktion umfasst zwei Schichten hochwertiges, lebensmittelsicheres Papier und eine gewellte Au\u00dfenschicht, die eine \u00fcberlegene Isolierung und einen komfortablen, rutschfesten Griff bietet.<\/p>\n<ul>\n<li>Aus hochwertigem lebensmittelechtem Papier hergestellt<\/li>\n<li>Erf\u00fcllt die EU-FCM-Standards f\u00fcr sicheren Lebensmittelkontakt<\/li>\n<li>Zertifiziert PFAS-frei und ungiftig<\/li>\n<li>Hervorragende Isolierung f\u00fcr hei\u00dfe und kalte Getr\u00e4nke<\/li>\n<li>Entwickelt f\u00fcr einen komfortablen, rutschfesten Griff<\/li>\n<li>Das Au\u00dfenpapier kann aus Kraftpapier hergestellt werden<\/li>\n<li>Individueller Druck in bis zu 8 Farben auf der Au\u00dfenschicht<\/li>\n<li>Je nach Bedarf k\u00f6nnen wir den Chargencode auf dem Boden des Bechers drucken, um den Becher leicht durch den Herstellungsprozess zur\u00fcckzuverfolgen.<\/li>\n<\/ul>\n<p><!-- notionvc: 4ffdda7d-b5c2-480f-800c-dffdd3134de3 --><\/p>\n<p>Mindestbestellmenge f\u00fcr individuellen Druck: 50.000 St\u00fcck.<\/p>\n","protected":false},"featured_media":5458,"template":"","meta":{"_joinchat":[]},"product_brand":[],"product_cat":[133,132],"product_tag":[115],"class_list":{"0":"post-7860","1":"product","2":"type-product","3":"status-publish","4":"has-post-thumbnail","6":"product_cat-heisgetranke-papierbecher","7":"product_cat-papierbecher","8":"product_tag-heisgetrankebecher-deckel","10":"first","11":"instock","12":"shipping-taxable","13":"product-type-simple"},"acf":[],"yoast_head":"<!-- This site is optimized with the Yoast SEO Premium plugin v22.5 (Yoast SEO v26.6) - https:\/\/yoast.com\/wordpress\/plugins\/seo\/ -->\n<title>Hersteller von Riffelwand-Papierbechern - Individuelle &amp; umweltfreundliche Hei\u00dfgetr\u00e4nkebecher - GMZ<\/title>\n<meta name=\"description\" content=\"GMZ stellt anpassbare Riffelpapierbecher f\u00fcr Hei\u00dfgetr\u00e4nke her, die eine hervorragende Isolierung und einen angenehmen Griff bieten. Hergestellt aus umweltfreundlichen Materialien, sind unsere Wellpapierbecher leicht recycelbar und biologisch abbaubar. Senden Sie noch heute eine Anfrage f\u00fcr Wellpapier-Kaffeetassen im Gro\u00dfhandel!\" \/>\n<meta name=\"robots\" content=\"index, follow, max-snippet:-1, max-image-preview:large, max-video-preview:-1\" \/>\n<link rel=\"canonical\" href=\"https:\/\/gmz.ltd\/de\/produkt\/heissgetraenkebecher-mit-riffelwand\/\" \/>\n<meta property=\"og:locale\" content=\"de_DE\" \/>\n<meta property=\"og:type\" content=\"article\" \/>\n<meta property=\"og:title\" content=\"Hei\u00dfgetr\u00e4nkebecher mit Riffelwand\" \/>\n<meta property=\"og:description\" content=\"GMZ stellt anpassbare Riffelpapierbecher f\u00fcr Hei\u00dfgetr\u00e4nke her, die eine hervorragende Isolierung und einen angenehmen Griff bieten. Hergestellt aus umweltfreundlichen Materialien, sind unsere Wellpapierbecher leicht recycelbar und biologisch abbaubar. Senden Sie noch heute eine Anfrage f\u00fcr Wellpapier-Kaffeetassen im Gro\u00dfhandel!\" \/>\n<meta property=\"og:url\" content=\"https:\/\/gmz.ltd\/de\/produkt\/heissgetraenkebecher-mit-riffelwand\/\" \/>\n<meta property=\"og:site_name\" content=\"GMZ\" \/>\n<meta property=\"og:image\" content=\"https:\/\/gmz.ltd\/wp-content\/uploads\/2023\/09\/1-4.jpg\" \/>\n\t<meta property=\"og:image:width\" content=\"800\" \/>\n\t<meta property=\"og:image:height\" content=\"800\" \/>\n\t<meta property=\"og:image:type\" content=\"image\/jpeg\" \/>\n<meta name=\"twitter:card\" content=\"summary_large_image\" \/>\n<script type=\"application\/ld+json\" class=\"yoast-schema-graph\">{\"@context\":\"https:\/\/schema.org\",\"@graph\":[{\"@type\":\"WebPage\",\"@id\":\"https:\/\/gmz.ltd\/de\/produkt\/heissgetraenkebecher-mit-riffelwand\/\",\"url\":\"https:\/\/gmz.ltd\/de\/produkt\/heissgetraenkebecher-mit-riffelwand\/\",\"name\":\"Hersteller von Riffelwand-Papierbechern - Individuelle & umweltfreundliche Hei\u00dfgetr\u00e4nkebecher - GMZ\",\"isPartOf\":{\"@id\":\"https:\/\/gmz.ltd\/de\/#website\"},\"primaryImageOfPage\":{\"@id\":\"https:\/\/gmz.ltd\/de\/produkt\/heissgetraenkebecher-mit-riffelwand\/#primaryimage\"},\"image\":{\"@id\":\"https:\/\/gmz.ltd\/de\/produkt\/heissgetraenkebecher-mit-riffelwand\/#primaryimage\"},\"thumbnailUrl\":\"https:\/\/gmz.ltd\/wp-content\/uploads\/2023\/09\/1-4.jpg\",\"datePublished\":\"2023-09-20T03:53:57+00:00\",\"description\":\"GMZ stellt anpassbare Riffelpapierbecher f\u00fcr Hei\u00dfgetr\u00e4nke her, die eine hervorragende Isolierung und einen angenehmen Griff bieten. Hergestellt aus umweltfreundlichen Materialien, sind unsere Wellpapierbecher leicht recycelbar und biologisch abbaubar. Senden Sie noch heute eine Anfrage f\u00fcr Wellpapier-Kaffeetassen im Gro\u00dfhandel!\",\"breadcrumb\":{\"@id\":\"https:\/\/gmz.ltd\/de\/produkt\/heissgetraenkebecher-mit-riffelwand\/#breadcrumb\"},\"inLanguage\":\"de\",\"potentialAction\":[{\"@type\":\"ReadAction\",\"target\":[\"https:\/\/gmz.ltd\/de\/produkt\/heissgetraenkebecher-mit-riffelwand\/\"]}]},{\"@type\":\"ImageObject\",\"inLanguage\":\"de\",\"@id\":\"https:\/\/gmz.ltd\/de\/produkt\/heissgetraenkebecher-mit-riffelwand\/#primaryimage\",\"url\":\"https:\/\/gmz.ltd\/wp-content\/uploads\/2023\/09\/1-4.jpg\",\"contentUrl\":\"https:\/\/gmz.ltd\/wp-content\/uploads\/2023\/09\/1-4.jpg\",\"width\":800,\"height\":800,\"caption\":\"Ripple Wall Cup\"},{\"@type\":\"BreadcrumbList\",\"@id\":\"https:\/\/gmz.ltd\/de\/produkt\/heissgetraenkebecher-mit-riffelwand\/#breadcrumb\",\"itemListElement\":[{\"@type\":\"ListItem\",\"position\":1,\"name\":\"Heim\",\"item\":\"https:\/\/gmz.ltd\/de\/\"},{\"@type\":\"ListItem\",\"position\":2,\"name\":\"Produkte\",\"item\":\"https:\/\/gmz.ltd\/de\/shop\/\"},{\"@type\":\"ListItem\",\"position\":3,\"name\":\"Hei\u00dfgetr\u00e4nkebecher mit Riffelwand\"}]},{\"@type\":\"WebSite\",\"@id\":\"https:\/\/gmz.ltd\/de\/#website\",\"url\":\"https:\/\/gmz.ltd\/de\/\",\"name\":\"GMZ\",\"description\":\"\",\"publisher\":{\"@id\":\"https:\/\/gmz.ltd\/de\/#organization\"},\"potentialAction\":[{\"@type\":\"SearchAction\",\"target\":{\"@type\":\"EntryPoint\",\"urlTemplate\":\"https:\/\/gmz.ltd\/de\/?s={search_term_string}\"},\"query-input\":{\"@type\":\"PropertyValueSpecification\",\"valueRequired\":true,\"valueName\":\"search_term_string\"}}],\"inLanguage\":\"de\"},{\"@type\":\"Organization\",\"@id\":\"https:\/\/gmz.ltd\/de\/#organization\",\"name\":\"GMZ\",\"url\":\"https:\/\/gmz.ltd\/de\/\",\"logo\":{\"@type\":\"ImageObject\",\"inLanguage\":\"de\",\"@id\":\"https:\/\/gmz.ltd\/de\/#\/schema\/logo\/image\/\",\"url\":\"https:\/\/gmz.ltd\/wp-content\/uploads\/2024\/11\/gmzpack.svg\",\"contentUrl\":\"https:\/\/gmz.ltd\/wp-content\/uploads\/2024\/11\/gmzpack.svg\",\"width\":170,\"height\":79,\"caption\":\"GMZ\"},\"image\":{\"@id\":\"https:\/\/gmz.ltd\/de\/#\/schema\/logo\/image\/\"}}]}<\/script>\n<!-- \/ Yoast SEO Premium plugin. -->","yoast_head_json":{"title":"Hersteller von Riffelwand-Papierbechern - Individuelle & umweltfreundliche Hei\u00dfgetr\u00e4nkebecher - GMZ","description":"GMZ stellt anpassbare Riffelpapierbecher f\u00fcr Hei\u00dfgetr\u00e4nke her, die eine hervorragende Isolierung und einen angenehmen Griff bieten. Hergestellt aus umweltfreundlichen Materialien, sind unsere Wellpapierbecher leicht recycelbar und biologisch abbaubar. Senden Sie noch heute eine Anfrage f\u00fcr Wellpapier-Kaffeetassen im Gro\u00dfhandel!","robots":{"index":"index","follow":"follow","max-snippet":"max-snippet:-1","max-image-preview":"max-image-preview:large","max-video-preview":"max-video-preview:-1"},"canonical":"https:\/\/gmz.ltd\/de\/produkt\/heissgetraenkebecher-mit-riffelwand\/","og_locale":"de_DE","og_type":"article","og_title":"Hei\u00dfgetr\u00e4nkebecher mit Riffelwand","og_description":"GMZ stellt anpassbare Riffelpapierbecher f\u00fcr Hei\u00dfgetr\u00e4nke her, die eine hervorragende Isolierung und einen angenehmen Griff bieten. Hergestellt aus umweltfreundlichen Materialien, sind unsere Wellpapierbecher leicht recycelbar und biologisch abbaubar. Senden Sie noch heute eine Anfrage f\u00fcr Wellpapier-Kaffeetassen im Gro\u00dfhandel!","og_url":"https:\/\/gmz.ltd\/de\/produkt\/heissgetraenkebecher-mit-riffelwand\/","og_site_name":"GMZ","og_image":[{"width":800,"height":800,"url":"https:\/\/gmz.ltd\/wp-content\/uploads\/2023\/09\/1-4.jpg","type":"image\/jpeg"}],"twitter_card":"summary_large_image","schema":{"@context":"https:\/\/schema.org","@graph":[{"@type":"WebPage","@id":"https:\/\/gmz.ltd\/de\/produkt\/heissgetraenkebecher-mit-riffelwand\/","url":"https:\/\/gmz.ltd\/de\/produkt\/heissgetraenkebecher-mit-riffelwand\/","name":"Hersteller von Riffelwand-Papierbechern - Individuelle & umweltfreundliche Hei\u00dfgetr\u00e4nkebecher - GMZ","isPartOf":{"@id":"https:\/\/gmz.ltd\/de\/#website"},"primaryImageOfPage":{"@id":"https:\/\/gmz.ltd\/de\/produkt\/heissgetraenkebecher-mit-riffelwand\/#primaryimage"},"image":{"@id":"https:\/\/gmz.ltd\/de\/produkt\/heissgetraenkebecher-mit-riffelwand\/#primaryimage"},"thumbnailUrl":"https:\/\/gmz.ltd\/wp-content\/uploads\/2023\/09\/1-4.jpg","datePublished":"2023-09-20T03:53:57+00:00","description":"GMZ stellt anpassbare Riffelpapierbecher f\u00fcr Hei\u00dfgetr\u00e4nke her, die eine hervorragende Isolierung und einen angenehmen Griff bieten. Hergestellt aus umweltfreundlichen Materialien, sind unsere Wellpapierbecher leicht recycelbar und biologisch abbaubar. Senden Sie noch heute eine Anfrage f\u00fcr Wellpapier-Kaffeetassen im Gro\u00dfhandel!","breadcrumb":{"@id":"https:\/\/gmz.ltd\/de\/produkt\/heissgetraenkebecher-mit-riffelwand\/#breadcrumb"},"inLanguage":"de","potentialAction":[{"@type":"ReadAction","target":["https:\/\/gmz.ltd\/de\/produkt\/heissgetraenkebecher-mit-riffelwand\/"]}]},{"@type":"ImageObject","inLanguage":"de","@id":"https:\/\/gmz.ltd\/de\/produkt\/heissgetraenkebecher-mit-riffelwand\/#primaryimage","url":"https:\/\/gmz.ltd\/wp-content\/uploads\/2023\/09\/1-4.jpg","contentUrl":"https:\/\/gmz.ltd\/wp-content\/uploads\/2023\/09\/1-4.jpg","width":800,"height":800,"caption":"Ripple Wall Cup"},{"@type":"BreadcrumbList","@id":"https:\/\/gmz.ltd\/de\/produkt\/heissgetraenkebecher-mit-riffelwand\/#breadcrumb","itemListElement":[{"@type":"ListItem","position":1,"name":"Heim","item":"https:\/\/gmz.ltd\/de\/"},{"@type":"ListItem","position":2,"name":"Produkte","item":"https:\/\/gmz.ltd\/de\/shop\/"},{"@type":"ListItem","position":3,"name":"Hei\u00dfgetr\u00e4nkebecher mit Riffelwand"}]},{"@type":"WebSite","@id":"https:\/\/gmz.ltd\/de\/#website","url":"https:\/\/gmz.ltd\/de\/","name":"GMZ","description":"","publisher":{"@id":"https:\/\/gmz.ltd\/de\/#organization"},"potentialAction":[{"@type":"SearchAction","target":{"@type":"EntryPoint","urlTemplate":"https:\/\/gmz.ltd\/de\/?s={search_term_string}"},"query-input":{"@type":"PropertyValueSpecification","valueRequired":true,"valueName":"search_term_string"}}],"inLanguage":"de"},{"@type":"Organization","@id":"https:\/\/gmz.ltd\/de\/#organization","name":"GMZ","url":"https:\/\/gmz.ltd\/de\/","logo":{"@type":"ImageObject","inLanguage":"de","@id":"https:\/\/gmz.ltd\/de\/#\/schema\/logo\/image\/","url":"https:\/\/gmz.ltd\/wp-content\/uploads\/2024\/11\/gmzpack.svg","contentUrl":"https:\/\/gmz.ltd\/wp-content\/uploads\/2024\/11\/gmzpack.svg","width":170,"height":79,"caption":"GMZ"},"image":{"@id":"https:\/\/gmz.ltd\/de\/#\/schema\/logo\/image\/"}}]}},"_links":{"self":[{"href":"https:\/\/gmz.ltd\/de\/wp-json\/wp\/v2\/product\/7860","targetHints":{"allow":["GET"]}}],"collection":[{"href":"https:\/\/gmz.ltd\/de\/wp-json\/wp\/v2\/product"}],"about":[{"href":"https:\/\/gmz.ltd\/de\/wp-json\/wp\/v2\/types\/product"}],"version-history":[{"count":0,"href":"https:\/\/gmz.ltd\/de\/wp-json\/wp\/v2\/product\/7860\/revisions"}],"wp:featuredmedia":[{"embeddable":true,"href":"https:\/\/gmz.ltd\/de\/wp-json\/wp\/v2\/media\/5458"}],"wp:attachment":[{"href":"https:\/\/gmz.ltd\/de\/wp-json\/wp\/v2\/media?parent=7860"}],"wp:term":[{"taxonomy":"product_brand","embeddable":true,"href":"https:\/\/gmz.ltd\/de\/wp-json\/wp\/v2\/product_brand?post=7860"},{"taxonomy":"product_cat","embeddable":true,"href":"https:\/\/gmz.ltd\/de\/wp-json\/wp\/v2\/product_cat?post=7860"},{"taxonomy":"product_tag","embeddable":true,"href":"https:\/\/gmz.ltd\/de\/wp-json\/wp\/v2\/product_tag?post=7860"}],"curies":[{"name":"wp","href":"https:\/\/api.w.org\/{rel}","templated":true}]}}