{"id":7864,"date":"2024-06-20T03:52:24","date_gmt":"2024-06-20T03:52:24","guid":{"rendered":"https:\/\/gmz.ltd\/product\/doppelwandige-papier-heissgetraenkebecher\/"},"modified":"2023-09-20T03:52:24","modified_gmt":"2023-09-20T03:52:24","slug":"doppelwandige-papier-heissgetraenkebecher","status":"publish","type":"product","link":"https:\/\/gmz.ltd\/de\/produkt\/doppelwandige-papier-heissgetraenkebecher\/","title":{"rendered":"Doppelwandige Papier-Hei\u00dfgetr\u00e4nkebecher"},"content":{"rendered":"<p>Die Gr\u00f6\u00dfe der Serie von doppelwandigen Papierbechern reicht von 4oz bis 20oz, was eine bessere W\u00e4rmeisolationsfunktion als bei einwandigen Bechern bietet.<\/p>\n","protected":false},"excerpt":{"rendered":"<p><strong>Doppelwandige Papierbecher<\/strong> sind mit zwei Papierlagen konzipiert, um eine bessere Isolierung als einwandige Becher zu bieten. In Gr\u00f6\u00dfen von 4oz bis 20oz verf\u00fcgbar, sind unsere <strong>doppelwandigen Becher<\/strong> perfekt f\u00fcr eine Vielzahl von Getr\u00e4nkeangeboten auf Ihrer Speisekarte.<\/p>\n<ul>\n<li>Aus hochwertigem lebensmittelechtem Papier hergestellt<\/li>\n<li>Hervorragende Isolierung, um Getr\u00e4nke warm zu halten<\/li>\n<li>Erf\u00fcllt die EU-FCM-Standards f\u00fcr sicheren Lebensmittelkontakt<\/li>\n<li>PFAS-freie Tests bestanden, Nichttoxizit\u00e4t nachgewiesen<\/li>\n<li>Individueller Druck in bis zu 8 Farben auf der Au\u00dfenschicht<\/li>\n<li>Das Au\u00dfenpapier kann aus Kraftpapier hergestellt werden<\/li>\n<li>Je nach Bedarf k\u00f6nnen wir den Chargencode auf dem Boden des Bechers drucken, um den Becher leicht durch den Herstellungsprozess zur\u00fcckzuverfolgen.<\/li>\n<\/ul>\n<p>Mindestbestellmenge f\u00fcr individuellen Druck: 50.000 St\u00fcck.<\/p>\n","protected":false},"featured_media":5746,"template":"","meta":{"_joinchat":[]},"product_brand":[],"product_cat":[133,132],"product_tag":[115],"class_list":{"0":"post-7864","1":"product","2":"type-product","3":"status-publish","4":"has-post-thumbnail","6":"product_cat-heisgetranke-papierbecher","7":"product_cat-papierbecher","8":"product_tag-heisgetrankebecher-deckel","10":"first","11":"instock","12":"shipping-taxable","13":"product-type-simple"},"acf":[],"yoast_head":"<!-- This site is optimized with the Yoast SEO Premium plugin v22.5 (Yoast SEO v26.6) - https:\/\/yoast.com\/wordpress\/plugins\/seo\/ -->\n<title>Hersteller von doppelwandigen Papierbechern - Benutzerdefinierte Gro\u00dfhandel Hei\u00dfgetr\u00e4nkebecher - GMZ<\/title>\n<meta name=\"description\" content=\"GMZ ist Ihr vertrauensw\u00fcrdiger Hersteller und Lieferant von doppelwandigen Papierbechern in China. Entdecken Sie Gro\u00dfhandel individuell bedruckte Kaffeetassen mit Ihrem Logo oder Ihrer Marke, verf\u00fcgbar in Gr\u00f6\u00dfen von 8oz, 12oz bis 16oz und dar\u00fcber hinaus. Senden Sie noch heute eine Anfrage!\" \/>\n<meta name=\"robots\" content=\"index, follow, max-snippet:-1, max-image-preview:large, max-video-preview:-1\" \/>\n<link rel=\"canonical\" href=\"https:\/\/gmz.ltd\/de\/produkt\/doppelwandige-papier-heissgetraenkebecher\/\" \/>\n<meta property=\"og:locale\" content=\"de_DE\" \/>\n<meta property=\"og:type\" content=\"article\" \/>\n<meta property=\"og:title\" content=\"Doppelwandige Papier-Hei\u00dfgetr\u00e4nkebecher\" \/>\n<meta property=\"og:description\" content=\"GMZ ist Ihr vertrauensw\u00fcrdiger Hersteller und Lieferant von doppelwandigen Papierbechern in China. Entdecken Sie Gro\u00dfhandel individuell bedruckte Kaffeetassen mit Ihrem Logo oder Ihrer Marke, verf\u00fcgbar in Gr\u00f6\u00dfen von 8oz, 12oz bis 16oz und dar\u00fcber hinaus. Senden Sie noch heute eine Anfrage!\" \/>\n<meta property=\"og:url\" content=\"https:\/\/gmz.ltd\/de\/produkt\/doppelwandige-papier-heissgetraenkebecher\/\" \/>\n<meta property=\"og:site_name\" content=\"GMZ\" \/>\n<meta property=\"og:image\" content=\"https:\/\/gmz.ltd\/wp-content\/uploads\/2023\/09\/DW-1-2.jpg\" \/>\n\t<meta property=\"og:image:width\" content=\"1000\" \/>\n\t<meta property=\"og:image:height\" content=\"1000\" \/>\n\t<meta property=\"og:image:type\" content=\"image\/jpeg\" \/>\n<meta name=\"twitter:card\" content=\"summary_large_image\" \/>\n<script type=\"application\/ld+json\" class=\"yoast-schema-graph\">{\"@context\":\"https:\/\/schema.org\",\"@graph\":[{\"@type\":\"WebPage\",\"@id\":\"https:\/\/gmz.ltd\/de\/produkt\/doppelwandige-papier-heissgetraenkebecher\/\",\"url\":\"https:\/\/gmz.ltd\/de\/produkt\/doppelwandige-papier-heissgetraenkebecher\/\",\"name\":\"Hersteller von doppelwandigen Papierbechern - Benutzerdefinierte Gro\u00dfhandel Hei\u00dfgetr\u00e4nkebecher - GMZ\",\"isPartOf\":{\"@id\":\"https:\/\/gmz.ltd\/de\/#website\"},\"primaryImageOfPage\":{\"@id\":\"https:\/\/gmz.ltd\/de\/produkt\/doppelwandige-papier-heissgetraenkebecher\/#primaryimage\"},\"image\":{\"@id\":\"https:\/\/gmz.ltd\/de\/produkt\/doppelwandige-papier-heissgetraenkebecher\/#primaryimage\"},\"thumbnailUrl\":\"https:\/\/gmz.ltd\/wp-content\/uploads\/2023\/09\/DW-1-2.jpg\",\"datePublished\":\"2024-06-20T03:52:24+00:00\",\"description\":\"GMZ ist Ihr vertrauensw\u00fcrdiger Hersteller und Lieferant von doppelwandigen Papierbechern in China. Entdecken Sie Gro\u00dfhandel individuell bedruckte Kaffeetassen mit Ihrem Logo oder Ihrer Marke, verf\u00fcgbar in Gr\u00f6\u00dfen von 8oz, 12oz bis 16oz und dar\u00fcber hinaus. Senden Sie noch heute eine Anfrage!\",\"breadcrumb\":{\"@id\":\"https:\/\/gmz.ltd\/de\/produkt\/doppelwandige-papier-heissgetraenkebecher\/#breadcrumb\"},\"inLanguage\":\"de\",\"potentialAction\":[{\"@type\":\"ReadAction\",\"target\":[\"https:\/\/gmz.ltd\/de\/produkt\/doppelwandige-papier-heissgetraenkebecher\/\"]}]},{\"@type\":\"ImageObject\",\"inLanguage\":\"de\",\"@id\":\"https:\/\/gmz.ltd\/de\/produkt\/doppelwandige-papier-heissgetraenkebecher\/#primaryimage\",\"url\":\"https:\/\/gmz.ltd\/wp-content\/uploads\/2023\/09\/DW-1-2.jpg\",\"contentUrl\":\"https:\/\/gmz.ltd\/wp-content\/uploads\/2023\/09\/DW-1-2.jpg\",\"width\":1000,\"height\":1000},{\"@type\":\"BreadcrumbList\",\"@id\":\"https:\/\/gmz.ltd\/de\/produkt\/doppelwandige-papier-heissgetraenkebecher\/#breadcrumb\",\"itemListElement\":[{\"@type\":\"ListItem\",\"position\":1,\"name\":\"Heim\",\"item\":\"https:\/\/gmz.ltd\/de\/\"},{\"@type\":\"ListItem\",\"position\":2,\"name\":\"Produkte\",\"item\":\"https:\/\/gmz.ltd\/de\/shop\/\"},{\"@type\":\"ListItem\",\"position\":3,\"name\":\"Doppelwandige Papier-Hei\u00dfgetr\u00e4nkebecher\"}]},{\"@type\":\"WebSite\",\"@id\":\"https:\/\/gmz.ltd\/de\/#website\",\"url\":\"https:\/\/gmz.ltd\/de\/\",\"name\":\"GMZ\",\"description\":\"\",\"publisher\":{\"@id\":\"https:\/\/gmz.ltd\/de\/#organization\"},\"potentialAction\":[{\"@type\":\"SearchAction\",\"target\":{\"@type\":\"EntryPoint\",\"urlTemplate\":\"https:\/\/gmz.ltd\/de\/?s={search_term_string}\"},\"query-input\":{\"@type\":\"PropertyValueSpecification\",\"valueRequired\":true,\"valueName\":\"search_term_string\"}}],\"inLanguage\":\"de\"},{\"@type\":\"Organization\",\"@id\":\"https:\/\/gmz.ltd\/de\/#organization\",\"name\":\"GMZ\",\"url\":\"https:\/\/gmz.ltd\/de\/\",\"logo\":{\"@type\":\"ImageObject\",\"inLanguage\":\"de\",\"@id\":\"https:\/\/gmz.ltd\/de\/#\/schema\/logo\/image\/\",\"url\":\"https:\/\/gmz.ltd\/wp-content\/uploads\/2024\/11\/gmzpack.svg\",\"contentUrl\":\"https:\/\/gmz.ltd\/wp-content\/uploads\/2024\/11\/gmzpack.svg\",\"width\":170,\"height\":79,\"caption\":\"GMZ\"},\"image\":{\"@id\":\"https:\/\/gmz.ltd\/de\/#\/schema\/logo\/image\/\"}}]}<\/script>\n<!-- \/ Yoast SEO Premium plugin. -->","yoast_head_json":{"title":"Hersteller von doppelwandigen Papierbechern - Benutzerdefinierte Gro\u00dfhandel Hei\u00dfgetr\u00e4nkebecher - GMZ","description":"GMZ ist Ihr vertrauensw\u00fcrdiger Hersteller und Lieferant von doppelwandigen Papierbechern in China. Entdecken Sie Gro\u00dfhandel individuell bedruckte Kaffeetassen mit Ihrem Logo oder Ihrer Marke, verf\u00fcgbar in Gr\u00f6\u00dfen von 8oz, 12oz bis 16oz und dar\u00fcber hinaus. Senden Sie noch heute eine Anfrage!","robots":{"index":"index","follow":"follow","max-snippet":"max-snippet:-1","max-image-preview":"max-image-preview:large","max-video-preview":"max-video-preview:-1"},"canonical":"https:\/\/gmz.ltd\/de\/produkt\/doppelwandige-papier-heissgetraenkebecher\/","og_locale":"de_DE","og_type":"article","og_title":"Doppelwandige Papier-Hei\u00dfgetr\u00e4nkebecher","og_description":"GMZ ist Ihr vertrauensw\u00fcrdiger Hersteller und Lieferant von doppelwandigen Papierbechern in China. Entdecken Sie Gro\u00dfhandel individuell bedruckte Kaffeetassen mit Ihrem Logo oder Ihrer Marke, verf\u00fcgbar in Gr\u00f6\u00dfen von 8oz, 12oz bis 16oz und dar\u00fcber hinaus. Senden Sie noch heute eine Anfrage!","og_url":"https:\/\/gmz.ltd\/de\/produkt\/doppelwandige-papier-heissgetraenkebecher\/","og_site_name":"GMZ","og_image":[{"width":1000,"height":1000,"url":"https:\/\/gmz.ltd\/wp-content\/uploads\/2023\/09\/DW-1-2.jpg","type":"image\/jpeg"}],"twitter_card":"summary_large_image","schema":{"@context":"https:\/\/schema.org","@graph":[{"@type":"WebPage","@id":"https:\/\/gmz.ltd\/de\/produkt\/doppelwandige-papier-heissgetraenkebecher\/","url":"https:\/\/gmz.ltd\/de\/produkt\/doppelwandige-papier-heissgetraenkebecher\/","name":"Hersteller von doppelwandigen Papierbechern - Benutzerdefinierte Gro\u00dfhandel Hei\u00dfgetr\u00e4nkebecher - GMZ","isPartOf":{"@id":"https:\/\/gmz.ltd\/de\/#website"},"primaryImageOfPage":{"@id":"https:\/\/gmz.ltd\/de\/produkt\/doppelwandige-papier-heissgetraenkebecher\/#primaryimage"},"image":{"@id":"https:\/\/gmz.ltd\/de\/produkt\/doppelwandige-papier-heissgetraenkebecher\/#primaryimage"},"thumbnailUrl":"https:\/\/gmz.ltd\/wp-content\/uploads\/2023\/09\/DW-1-2.jpg","datePublished":"2024-06-20T03:52:24+00:00","description":"GMZ ist Ihr vertrauensw\u00fcrdiger Hersteller und Lieferant von doppelwandigen Papierbechern in China. Entdecken Sie Gro\u00dfhandel individuell bedruckte Kaffeetassen mit Ihrem Logo oder Ihrer Marke, verf\u00fcgbar in Gr\u00f6\u00dfen von 8oz, 12oz bis 16oz und dar\u00fcber hinaus. Senden Sie noch heute eine Anfrage!","breadcrumb":{"@id":"https:\/\/gmz.ltd\/de\/produkt\/doppelwandige-papier-heissgetraenkebecher\/#breadcrumb"},"inLanguage":"de","potentialAction":[{"@type":"ReadAction","target":["https:\/\/gmz.ltd\/de\/produkt\/doppelwandige-papier-heissgetraenkebecher\/"]}]},{"@type":"ImageObject","inLanguage":"de","@id":"https:\/\/gmz.ltd\/de\/produkt\/doppelwandige-papier-heissgetraenkebecher\/#primaryimage","url":"https:\/\/gmz.ltd\/wp-content\/uploads\/2023\/09\/DW-1-2.jpg","contentUrl":"https:\/\/gmz.ltd\/wp-content\/uploads\/2023\/09\/DW-1-2.jpg","width":1000,"height":1000},{"@type":"BreadcrumbList","@id":"https:\/\/gmz.ltd\/de\/produkt\/doppelwandige-papier-heissgetraenkebecher\/#breadcrumb","itemListElement":[{"@type":"ListItem","position":1,"name":"Heim","item":"https:\/\/gmz.ltd\/de\/"},{"@type":"ListItem","position":2,"name":"Produkte","item":"https:\/\/gmz.ltd\/de\/shop\/"},{"@type":"ListItem","position":3,"name":"Doppelwandige Papier-Hei\u00dfgetr\u00e4nkebecher"}]},{"@type":"WebSite","@id":"https:\/\/gmz.ltd\/de\/#website","url":"https:\/\/gmz.ltd\/de\/","name":"GMZ","description":"","publisher":{"@id":"https:\/\/gmz.ltd\/de\/#organization"},"potentialAction":[{"@type":"SearchAction","target":{"@type":"EntryPoint","urlTemplate":"https:\/\/gmz.ltd\/de\/?s={search_term_string}"},"query-input":{"@type":"PropertyValueSpecification","valueRequired":true,"valueName":"search_term_string"}}],"inLanguage":"de"},{"@type":"Organization","@id":"https:\/\/gmz.ltd\/de\/#organization","name":"GMZ","url":"https:\/\/gmz.ltd\/de\/","logo":{"@type":"ImageObject","inLanguage":"de","@id":"https:\/\/gmz.ltd\/de\/#\/schema\/logo\/image\/","url":"https:\/\/gmz.ltd\/wp-content\/uploads\/2024\/11\/gmzpack.svg","contentUrl":"https:\/\/gmz.ltd\/wp-content\/uploads\/2024\/11\/gmzpack.svg","width":170,"height":79,"caption":"GMZ"},"image":{"@id":"https:\/\/gmz.ltd\/de\/#\/schema\/logo\/image\/"}}]}},"_links":{"self":[{"href":"https:\/\/gmz.ltd\/de\/wp-json\/wp\/v2\/product\/7864","targetHints":{"allow":["GET"]}}],"collection":[{"href":"https:\/\/gmz.ltd\/de\/wp-json\/wp\/v2\/product"}],"about":[{"href":"https:\/\/gmz.ltd\/de\/wp-json\/wp\/v2\/types\/product"}],"version-history":[{"count":0,"href":"https:\/\/gmz.ltd\/de\/wp-json\/wp\/v2\/product\/7864\/revisions"}],"wp:featuredmedia":[{"embeddable":true,"href":"https:\/\/gmz.ltd\/de\/wp-json\/wp\/v2\/media\/5746"}],"wp:attachment":[{"href":"https:\/\/gmz.ltd\/de\/wp-json\/wp\/v2\/media?parent=7864"}],"wp:term":[{"taxonomy":"product_brand","embeddable":true,"href":"https:\/\/gmz.ltd\/de\/wp-json\/wp\/v2\/product_brand?post=7864"},{"taxonomy":"product_cat","embeddable":true,"href":"https:\/\/gmz.ltd\/de\/wp-json\/wp\/v2\/product_cat?post=7864"},{"taxonomy":"product_tag","embeddable":true,"href":"https:\/\/gmz.ltd\/de\/wp-json\/wp\/v2\/product_tag?post=7864"}],"curies":[{"name":"wp","href":"https:\/\/api.w.org\/{rel}","templated":true}]}}