{"id":7868,"date":"2023-09-20T03:50:39","date_gmt":"2023-09-20T03:50:39","guid":{"rendered":"https:\/\/gmz.ltd\/product\/einwandige-papier-heissgetraenkebecher\/"},"modified":"2023-09-20T03:50:39","modified_gmt":"2023-09-20T03:50:39","slug":"einwandige-papier-heissgetraenkebecher","status":"publish","type":"product","link":"https:\/\/gmz.ltd\/de\/produkt\/einwandige-papier-heissgetraenkebecher\/","title":{"rendered":"Einwandige Papier-Hei\u00dfgetr\u00e4nkebecher"},"content":{"rendered":"<p>Unsere Premium-Einwandbecher sind in verschiedenen Gr\u00f6\u00dfen von 1 oz bis 22 oz erh\u00e4ltlich, um den unterschiedlichen Anforderungen des globalen Marktes gerecht zu werden. Zus\u00e4tzlich zu Wei\u00df bieten wir auch individuellen Druck an.<\/p>\n","protected":false},"excerpt":{"rendered":"<p>Unsere Premium-Einwandbecher sind in verschiedenen Gr\u00f6\u00dfen von 1 oz bis 22 oz erh\u00e4ltlich, um den unterschiedlichen Anforderungen des globalen Marktes gerecht zu werden. Neben wei\u00dfer Pappe bieten wir auch individuelle Druckdienste an, um Ihr Logo oder Design auf den Bechern zu pr\u00e4sentieren.<\/p>\n<ul>\n<li>Aus hochwertigem lebensmittelechtem Papier hergestellt<\/li>\n<li>Erf\u00fcllt die EU-FCM-Standards f\u00fcr sicheren Lebensmittelkontakt<\/li>\n<li>Zertifiziert PFAS-frei und ungiftig<\/li>\n<li>Individueller Druck in bis zu 8 Farben auf der Au\u00dfenschicht<\/li>\n<li>Je nach Bedarf k\u00f6nnen wir den Chargencode auf dem Boden des Bechers drucken, um den Becher leicht durch den Herstellungsprozess zur\u00fcckzuverfolgen.<\/li>\n<\/ul>\n<p><!-- notionvc: 2bb769bd-8239-4275-aad6-67aa9e1abfb7 --><\/p>\n<p>Mindestbestellmenge f\u00fcr individuellen Druck: 50.000 St\u00fcck.<\/p>\n","protected":false},"featured_media":6630,"template":"","meta":{"_joinchat":[]},"product_brand":[],"product_cat":[133,132],"product_tag":[115],"class_list":{"0":"post-7868","1":"product","2":"type-product","3":"status-publish","4":"has-post-thumbnail","6":"product_cat-heisgetranke-papierbecher","7":"product_cat-papierbecher","8":"product_tag-heisgetrankebecher-deckel","10":"first","11":"instock","12":"shipping-taxable","13":"product-type-simple"},"acf":[],"yoast_head":"<!-- This site is optimized with the Yoast SEO Premium plugin v22.5 (Yoast SEO v26.6) - https:\/\/yoast.com\/wordpress\/plugins\/seo\/ -->\n<title>Hersteller &amp; Lieferant von Einwand-Papierbechern - Individuell bedruckte Kaffee-Hei\u00dfbecher - GMZ<\/title>\n<meta name=\"description\" content=\"GMZ ist ein f\u00fchrender Hersteller von Einwand-Papierbechern und bietet individuell bedruckte Papierkaffeebecher mit Logos f\u00fcr Caf\u00e9s, Restaurants und das Lebensmittelgewerbe an. Bestellen Sie bei GMZ umweltfreundliche, biologisch abbaubare Einwand-Hei\u00dfbecher in Gro\u00dfmengen von 8oz bis 12oz. Holen Sie sich heute noch ein Angebot!\" \/>\n<meta name=\"robots\" content=\"index, follow, max-snippet:-1, max-image-preview:large, max-video-preview:-1\" \/>\n<link rel=\"canonical\" href=\"https:\/\/gmz.ltd\/de\/produkt\/einwandige-papier-heissgetraenkebecher\/\" \/>\n<meta property=\"og:locale\" content=\"de_DE\" \/>\n<meta property=\"og:type\" content=\"article\" \/>\n<meta property=\"og:title\" content=\"Einwandige Papier-Hei\u00dfgetr\u00e4nkebecher\" \/>\n<meta property=\"og:description\" content=\"GMZ ist ein f\u00fchrender Hersteller von Einwand-Papierbechern und bietet individuell bedruckte Papierkaffeebecher mit Logos f\u00fcr Caf\u00e9s, Restaurants und das Lebensmittelgewerbe an. Bestellen Sie bei GMZ umweltfreundliche, biologisch abbaubare Einwand-Hei\u00dfbecher in Gro\u00dfmengen von 8oz bis 12oz. Holen Sie sich heute noch ein Angebot!\" \/>\n<meta property=\"og:url\" content=\"https:\/\/gmz.ltd\/de\/produkt\/einwandige-papier-heissgetraenkebecher\/\" \/>\n<meta property=\"og:site_name\" content=\"GMZ\" \/>\n<meta property=\"og:image\" content=\"https:\/\/gmz.ltd\/wp-content\/uploads\/2023\/09\/Single-wall-1.jpg\" \/>\n\t<meta property=\"og:image:width\" content=\"800\" \/>\n\t<meta property=\"og:image:height\" content=\"800\" \/>\n\t<meta property=\"og:image:type\" content=\"image\/jpeg\" \/>\n<meta name=\"twitter:card\" content=\"summary_large_image\" \/>\n<script type=\"application\/ld+json\" class=\"yoast-schema-graph\">{\"@context\":\"https:\/\/schema.org\",\"@graph\":[{\"@type\":\"WebPage\",\"@id\":\"https:\/\/gmz.ltd\/de\/produkt\/einwandige-papier-heissgetraenkebecher\/\",\"url\":\"https:\/\/gmz.ltd\/de\/produkt\/einwandige-papier-heissgetraenkebecher\/\",\"name\":\"Hersteller & Lieferant von Einwand-Papierbechern - Individuell bedruckte Kaffee-Hei\u00dfbecher - GMZ\",\"isPartOf\":{\"@id\":\"https:\/\/gmz.ltd\/de\/#website\"},\"primaryImageOfPage\":{\"@id\":\"https:\/\/gmz.ltd\/de\/produkt\/einwandige-papier-heissgetraenkebecher\/#primaryimage\"},\"image\":{\"@id\":\"https:\/\/gmz.ltd\/de\/produkt\/einwandige-papier-heissgetraenkebecher\/#primaryimage\"},\"thumbnailUrl\":\"https:\/\/gmz.ltd\/wp-content\/uploads\/2023\/09\/Single-wall-1.jpg\",\"datePublished\":\"2023-09-20T03:50:39+00:00\",\"description\":\"GMZ ist ein f\u00fchrender Hersteller von Einwand-Papierbechern und bietet individuell bedruckte Papierkaffeebecher mit Logos f\u00fcr Caf\u00e9s, Restaurants und das Lebensmittelgewerbe an. Bestellen Sie bei GMZ umweltfreundliche, biologisch abbaubare Einwand-Hei\u00dfbecher in Gro\u00dfmengen von 8oz bis 12oz. Holen Sie sich heute noch ein Angebot!\",\"breadcrumb\":{\"@id\":\"https:\/\/gmz.ltd\/de\/produkt\/einwandige-papier-heissgetraenkebecher\/#breadcrumb\"},\"inLanguage\":\"de\",\"potentialAction\":[{\"@type\":\"ReadAction\",\"target\":[\"https:\/\/gmz.ltd\/de\/produkt\/einwandige-papier-heissgetraenkebecher\/\"]}]},{\"@type\":\"ImageObject\",\"inLanguage\":\"de\",\"@id\":\"https:\/\/gmz.ltd\/de\/produkt\/einwandige-papier-heissgetraenkebecher\/#primaryimage\",\"url\":\"https:\/\/gmz.ltd\/wp-content\/uploads\/2023\/09\/Single-wall-1.jpg\",\"contentUrl\":\"https:\/\/gmz.ltd\/wp-content\/uploads\/2023\/09\/Single-wall-1.jpg\",\"width\":800,\"height\":800,\"caption\":\"Single Wall Cup\"},{\"@type\":\"BreadcrumbList\",\"@id\":\"https:\/\/gmz.ltd\/de\/produkt\/einwandige-papier-heissgetraenkebecher\/#breadcrumb\",\"itemListElement\":[{\"@type\":\"ListItem\",\"position\":1,\"name\":\"Heim\",\"item\":\"https:\/\/gmz.ltd\/de\/\"},{\"@type\":\"ListItem\",\"position\":2,\"name\":\"Produkte\",\"item\":\"https:\/\/gmz.ltd\/de\/shop\/\"},{\"@type\":\"ListItem\",\"position\":3,\"name\":\"Einwandige Papier-Hei\u00dfgetr\u00e4nkebecher\"}]},{\"@type\":\"WebSite\",\"@id\":\"https:\/\/gmz.ltd\/de\/#website\",\"url\":\"https:\/\/gmz.ltd\/de\/\",\"name\":\"GMZ\",\"description\":\"\",\"publisher\":{\"@id\":\"https:\/\/gmz.ltd\/de\/#organization\"},\"potentialAction\":[{\"@type\":\"SearchAction\",\"target\":{\"@type\":\"EntryPoint\",\"urlTemplate\":\"https:\/\/gmz.ltd\/de\/?s={search_term_string}\"},\"query-input\":{\"@type\":\"PropertyValueSpecification\",\"valueRequired\":true,\"valueName\":\"search_term_string\"}}],\"inLanguage\":\"de\"},{\"@type\":\"Organization\",\"@id\":\"https:\/\/gmz.ltd\/de\/#organization\",\"name\":\"GMZ\",\"url\":\"https:\/\/gmz.ltd\/de\/\",\"logo\":{\"@type\":\"ImageObject\",\"inLanguage\":\"de\",\"@id\":\"https:\/\/gmz.ltd\/de\/#\/schema\/logo\/image\/\",\"url\":\"https:\/\/gmz.ltd\/wp-content\/uploads\/2024\/11\/gmzpack.svg\",\"contentUrl\":\"https:\/\/gmz.ltd\/wp-content\/uploads\/2024\/11\/gmzpack.svg\",\"width\":170,\"height\":79,\"caption\":\"GMZ\"},\"image\":{\"@id\":\"https:\/\/gmz.ltd\/de\/#\/schema\/logo\/image\/\"}}]}<\/script>\n<!-- \/ Yoast SEO Premium plugin. -->","yoast_head_json":{"title":"Hersteller & Lieferant von Einwand-Papierbechern - Individuell bedruckte Kaffee-Hei\u00dfbecher - GMZ","description":"GMZ ist ein f\u00fchrender Hersteller von Einwand-Papierbechern und bietet individuell bedruckte Papierkaffeebecher mit Logos f\u00fcr Caf\u00e9s, Restaurants und das Lebensmittelgewerbe an. Bestellen Sie bei GMZ umweltfreundliche, biologisch abbaubare Einwand-Hei\u00dfbecher in Gro\u00dfmengen von 8oz bis 12oz. Holen Sie sich heute noch ein Angebot!","robots":{"index":"index","follow":"follow","max-snippet":"max-snippet:-1","max-image-preview":"max-image-preview:large","max-video-preview":"max-video-preview:-1"},"canonical":"https:\/\/gmz.ltd\/de\/produkt\/einwandige-papier-heissgetraenkebecher\/","og_locale":"de_DE","og_type":"article","og_title":"Einwandige Papier-Hei\u00dfgetr\u00e4nkebecher","og_description":"GMZ ist ein f\u00fchrender Hersteller von Einwand-Papierbechern und bietet individuell bedruckte Papierkaffeebecher mit Logos f\u00fcr Caf\u00e9s, Restaurants und das Lebensmittelgewerbe an. Bestellen Sie bei GMZ umweltfreundliche, biologisch abbaubare Einwand-Hei\u00dfbecher in Gro\u00dfmengen von 8oz bis 12oz. Holen Sie sich heute noch ein Angebot!","og_url":"https:\/\/gmz.ltd\/de\/produkt\/einwandige-papier-heissgetraenkebecher\/","og_site_name":"GMZ","og_image":[{"width":800,"height":800,"url":"https:\/\/gmz.ltd\/wp-content\/uploads\/2023\/09\/Single-wall-1.jpg","type":"image\/jpeg"}],"twitter_card":"summary_large_image","schema":{"@context":"https:\/\/schema.org","@graph":[{"@type":"WebPage","@id":"https:\/\/gmz.ltd\/de\/produkt\/einwandige-papier-heissgetraenkebecher\/","url":"https:\/\/gmz.ltd\/de\/produkt\/einwandige-papier-heissgetraenkebecher\/","name":"Hersteller & Lieferant von Einwand-Papierbechern - Individuell bedruckte Kaffee-Hei\u00dfbecher - GMZ","isPartOf":{"@id":"https:\/\/gmz.ltd\/de\/#website"},"primaryImageOfPage":{"@id":"https:\/\/gmz.ltd\/de\/produkt\/einwandige-papier-heissgetraenkebecher\/#primaryimage"},"image":{"@id":"https:\/\/gmz.ltd\/de\/produkt\/einwandige-papier-heissgetraenkebecher\/#primaryimage"},"thumbnailUrl":"https:\/\/gmz.ltd\/wp-content\/uploads\/2023\/09\/Single-wall-1.jpg","datePublished":"2023-09-20T03:50:39+00:00","description":"GMZ ist ein f\u00fchrender Hersteller von Einwand-Papierbechern und bietet individuell bedruckte Papierkaffeebecher mit Logos f\u00fcr Caf\u00e9s, Restaurants und das Lebensmittelgewerbe an. Bestellen Sie bei GMZ umweltfreundliche, biologisch abbaubare Einwand-Hei\u00dfbecher in Gro\u00dfmengen von 8oz bis 12oz. Holen Sie sich heute noch ein Angebot!","breadcrumb":{"@id":"https:\/\/gmz.ltd\/de\/produkt\/einwandige-papier-heissgetraenkebecher\/#breadcrumb"},"inLanguage":"de","potentialAction":[{"@type":"ReadAction","target":["https:\/\/gmz.ltd\/de\/produkt\/einwandige-papier-heissgetraenkebecher\/"]}]},{"@type":"ImageObject","inLanguage":"de","@id":"https:\/\/gmz.ltd\/de\/produkt\/einwandige-papier-heissgetraenkebecher\/#primaryimage","url":"https:\/\/gmz.ltd\/wp-content\/uploads\/2023\/09\/Single-wall-1.jpg","contentUrl":"https:\/\/gmz.ltd\/wp-content\/uploads\/2023\/09\/Single-wall-1.jpg","width":800,"height":800,"caption":"Single Wall Cup"},{"@type":"BreadcrumbList","@id":"https:\/\/gmz.ltd\/de\/produkt\/einwandige-papier-heissgetraenkebecher\/#breadcrumb","itemListElement":[{"@type":"ListItem","position":1,"name":"Heim","item":"https:\/\/gmz.ltd\/de\/"},{"@type":"ListItem","position":2,"name":"Produkte","item":"https:\/\/gmz.ltd\/de\/shop\/"},{"@type":"ListItem","position":3,"name":"Einwandige Papier-Hei\u00dfgetr\u00e4nkebecher"}]},{"@type":"WebSite","@id":"https:\/\/gmz.ltd\/de\/#website","url":"https:\/\/gmz.ltd\/de\/","name":"GMZ","description":"","publisher":{"@id":"https:\/\/gmz.ltd\/de\/#organization"},"potentialAction":[{"@type":"SearchAction","target":{"@type":"EntryPoint","urlTemplate":"https:\/\/gmz.ltd\/de\/?s={search_term_string}"},"query-input":{"@type":"PropertyValueSpecification","valueRequired":true,"valueName":"search_term_string"}}],"inLanguage":"de"},{"@type":"Organization","@id":"https:\/\/gmz.ltd\/de\/#organization","name":"GMZ","url":"https:\/\/gmz.ltd\/de\/","logo":{"@type":"ImageObject","inLanguage":"de","@id":"https:\/\/gmz.ltd\/de\/#\/schema\/logo\/image\/","url":"https:\/\/gmz.ltd\/wp-content\/uploads\/2024\/11\/gmzpack.svg","contentUrl":"https:\/\/gmz.ltd\/wp-content\/uploads\/2024\/11\/gmzpack.svg","width":170,"height":79,"caption":"GMZ"},"image":{"@id":"https:\/\/gmz.ltd\/de\/#\/schema\/logo\/image\/"}}]}},"_links":{"self":[{"href":"https:\/\/gmz.ltd\/de\/wp-json\/wp\/v2\/product\/7868","targetHints":{"allow":["GET"]}}],"collection":[{"href":"https:\/\/gmz.ltd\/de\/wp-json\/wp\/v2\/product"}],"about":[{"href":"https:\/\/gmz.ltd\/de\/wp-json\/wp\/v2\/types\/product"}],"version-history":[{"count":0,"href":"https:\/\/gmz.ltd\/de\/wp-json\/wp\/v2\/product\/7868\/revisions"}],"wp:featuredmedia":[{"embeddable":true,"href":"https:\/\/gmz.ltd\/de\/wp-json\/wp\/v2\/media\/6630"}],"wp:attachment":[{"href":"https:\/\/gmz.ltd\/de\/wp-json\/wp\/v2\/media?parent=7868"}],"wp:term":[{"taxonomy":"product_brand","embeddable":true,"href":"https:\/\/gmz.ltd\/de\/wp-json\/wp\/v2\/product_brand?post=7868"},{"taxonomy":"product_cat","embeddable":true,"href":"https:\/\/gmz.ltd\/de\/wp-json\/wp\/v2\/product_cat?post=7868"},{"taxonomy":"product_tag","embeddable":true,"href":"https:\/\/gmz.ltd\/de\/wp-json\/wp\/v2\/product_tag?post=7868"}],"curies":[{"name":"wp","href":"https:\/\/api.w.org\/{rel}","templated":true}]}}