{"id":7637,"date":"2023-09-09T10:41:39","date_gmt":"2023-09-09T10:41:39","guid":{"rendered":"https:\/\/gmz.ltd\/acerca-de-gmz\/"},"modified":"2024-03-22T04:31:53","modified_gmt":"2024-03-22T04:31:53","slug":"acerca-de-gmz","status":"publish","type":"page","link":"https:\/\/gmz.ltd\/es\/acerca-de-gmz\/","title":{"rendered":"Acerca de GMZ"},"content":{"rendered":"\t\t<div data-elementor-type=\"wp-page\" data-elementor-id=\"7637\" class=\"elementor elementor-7637 elementor-548\" data-elementor-settings=\"{&quot;ha_cmc_init_switcher&quot;:&quot;no&quot;}\" data-elementor-post-type=\"page\">\n\t\t\t\t<div class=\"elementor-element elementor-element-1297203 e-flex e-con-boxed e-con e-parent\" data-id=\"1297203\" data-element_type=\"container\" data-settings=\"{&quot;background_background&quot;:&quot;classic&quot;,&quot;_ha_eqh_enable&quot;:false}\">\n\t\t\t\t\t<div class=\"e-con-inner\">\n\t\t\t\t<div class=\"elementor-element elementor-element-ebf4036 elementor-widget elementor-widget-heading\" data-id=\"ebf4036\" data-element_type=\"widget\" data-widget_type=\"heading.default\">\n\t\t\t\t<div class=\"elementor-widget-container\">\n\t\t\t\t\t<h1 class=\"elementor-heading-title elementor-size-default\">Acerca de GMZ<\/h1>\t\t\t\t<\/div>\n\t\t\t\t<\/div>\n\t\t\t\t<div class=\"elementor-element elementor-element-438ea37 elementor-widget elementor-widget-image\" data-id=\"438ea37\" data-element_type=\"widget\" data-widget_type=\"image.default\">\n\t\t\t\t<div class=\"elementor-widget-container\">\n\t\t\t\t\t\t\t\t\t\t\t\t\t\t\t<img decoding=\"async\" width=\"407\" height=\"8\" src=\"https:\/\/gmz.ltd\/wp-content\/uploads\/2023\/11\/line-2.png\" class=\"attachment-large size-large wp-image-6748\" alt=\"\" srcset=\"https:\/\/gmz.ltd\/wp-content\/uploads\/2023\/11\/line-2.png 407w, https:\/\/gmz.ltd\/wp-content\/uploads\/2023\/11\/line-2-400x8.png 400w, https:\/\/gmz.ltd\/wp-content\/uploads\/2023\/11\/line-2-300x6.png 300w\" sizes=\"(max-width: 407px) 100vw, 407px\" \/>\t\t\t\t\t\t\t\t\t\t\t\t\t\t\t<\/div>\n\t\t\t\t<\/div>\n\t\t\t\t\t<\/div>\n\t\t\t\t<\/div>\n\t\t<div class=\"elementor-element elementor-element-f82e0db e-flex e-con-boxed e-con e-parent\" data-id=\"f82e0db\" data-element_type=\"container\" data-settings=\"{&quot;_ha_eqh_enable&quot;:false}\">\n\t\t\t\t\t<div class=\"e-con-inner\">\n\t\t\t\t<div class=\"elementor-element elementor-element-59fed94 elementor-widget elementor-widget-text-editor\" data-id=\"59fed94\" data-element_type=\"widget\" data-widget_type=\"text-editor.default\">\n\t\t\t\t<div class=\"elementor-widget-container\">\n\t\t\t\t\t\t\t\t\t<p>GMZ es una empresa familiar china que se ha enfocado en el empaquetado de alimentos durante m\u00e1s de 18 a\u00f1os y exporta sus productos a mercados globales. Personalizamos, producimos y suministramos soluciones de empaquetado de clase mundial para la industria de alimentos y bebidas.<\/p>\n\t\t\t\t\t\t\t\t<\/div>\n\t\t\t\t<\/div>\n\t\t\t\t<div class=\"elementor-element elementor-element-a163629 elementor-invisible elementor-widget elementor-widget-video\" data-id=\"a163629\" data-element_type=\"widget\" data-settings=\"{&quot;youtube_url&quot;:&quot;https:\\\/\\\/www.youtube.com\\\/watch?v=jSwIBT5DU1Q&quot;,&quot;show_image_overlay&quot;:&quot;yes&quot;,&quot;image_overlay&quot;:{&quot;url&quot;:&quot;https:\\\/\\\/gmz.ltd\\\/wp-content\\\/uploads\\\/2023\\\/09\\\/video.png&quot;,&quot;id&quot;:4896,&quot;size&quot;:&quot;&quot;,&quot;alt&quot;:&quot;&quot;,&quot;source&quot;:&quot;library&quot;},&quot;_animation&quot;:&quot;zoomIn&quot;,&quot;video_type&quot;:&quot;youtube&quot;,&quot;controls&quot;:&quot;yes&quot;}\" data-widget_type=\"video.default\">\n\t\t\t\t<div class=\"elementor-widget-container\">\n\t\t\t\t\t\t\t<div class=\"elementor-wrapper elementor-open-inline\">\n\t\t\t<div class=\"elementor-video\"><\/div>\t\t\t\t<div class=\"elementor-custom-embed-image-overlay\" style=\"background-image: url(https:\/\/gmz.ltd\/wp-content\/uploads\/2023\/09\/video.png);\">\n\t\t\t\t\t\t\t\t\t\t\t\t\t\t\t\t<div class=\"elementor-custom-embed-play\" role=\"button\" aria-label=\"Reproducir v\u00eddeo\" tabindex=\"0\">\n\t\t\t\t\t\t\t<svg xmlns=\"http:\/\/www.w3.org\/2000\/svg\" width=\"70\" height=\"70\" viewBox=\"0 0 70 70\" fill=\"none\"><g clip-path=\"url(#clip0_100_8560)\"><path opacity=\"0.8\" d=\"M58.4281 23.3275L24.2725 2.38442C21.7656 0.857544 19.215 0.0919189 16.6644 0.0919189C10.5569 0.0919189 4.375 4.87817 4.375 14.0219V26.25H13.125V14.0175C13.125 10.7407 14.4987 8.83754 16.6644 8.83754C17.5569 8.83754 18.5806 9.16129 19.7006 9.83942L53.8913 30.8044C57.7369 33.1363 57.9338 36.9557 54.0838 39.2875L19.7006 60.2438C18.5806 60.9307 17.5525 61.25 16.66 61.25C14.4988 61.25 13.125 59.3513 13.125 56.0788V52.5044H4.375V56.0788C4.375 65.2182 10.5569 70 16.66 70C19.2106 70 21.7656 69.2344 24.2506 67.7207L58.6381 46.7644C63.07 44.0738 65.625 39.8432 65.625 35.1663C65.6294 30.415 63.0044 26.1013 58.4281 23.3275Z\" fill=\"white\"><\/path><path d=\"M4.375 35H13.125V43.75H4.375V35Z\" fill=\"#28B472\"><\/path><\/g><defs><clipPath id=\"clip0_100_8560\"><rect width=\"70\" height=\"70\" fill=\"white\"><\/rect><\/clipPath><\/defs><\/svg>\t\t\t\t\t\t<\/div>\n\t\t\t\t\t\t\t\t\t<\/div>\n\t\t\t\t\t<\/div>\n\t\t\t\t\t\t<\/div>\n\t\t\t\t<\/div>\n\t\t\t\t\t<\/div>\n\t\t\t\t<\/div>\n\t\t<div class=\"elementor-element elementor-element-98ee5df e-flex e-con-boxed e-con e-parent\" data-id=\"98ee5df\" data-element_type=\"container\" data-settings=\"{&quot;background_background&quot;:&quot;classic&quot;,&quot;_ha_eqh_enable&quot;:false}\">\n\t\t\t\t\t<div class=\"e-con-inner\">\n\t\t<div class=\"elementor-element elementor-element-b6ff00d e-flex e-con-boxed e-con e-child\" data-id=\"b6ff00d\" data-element_type=\"container\" data-settings=\"{&quot;background_background&quot;:&quot;classic&quot;,&quot;_ha_eqh_enable&quot;:false}\">\n\t\t\t\t\t<div class=\"e-con-inner\">\n\t\t\t\t\t<\/div>\n\t\t\t\t<\/div>\n\t\t<div class=\"elementor-element elementor-element-2004906 e-flex e-con-boxed e-con e-child\" data-id=\"2004906\" data-element_type=\"container\" data-settings=\"{&quot;background_background&quot;:&quot;classic&quot;,&quot;_ha_eqh_enable&quot;:false}\">\n\t\t\t\t\t<div class=\"e-con-inner\">\n\t\t<div class=\"elementor-element elementor-element-13660ec e-flex e-con-boxed elementor-invisible e-con e-child\" data-id=\"13660ec\" data-element_type=\"container\" data-settings=\"{&quot;animation&quot;:&quot;zoomIn&quot;,&quot;_ha_eqh_enable&quot;:false}\">\n\t\t\t\t\t<div class=\"e-con-inner\">\n\t\t\t\t<div class=\"elementor-element elementor-element-e95ecbe elementor-widget elementor-widget-text-editor\" data-id=\"e95ecbe\" data-element_type=\"widget\" data-widget_type=\"text-editor.default\">\n\t\t\t\t<div class=\"elementor-widget-container\">\n\t\t\t\t\t\t\t\t\t<p>Distribuidores de empaques de alimentos de Europa y Norteam\u00e9rica, as\u00ed como tiendas de cadenas de restaurantes, eligen cooperar con GMZ para soluciones de empaque personalizadas. <\/p>\n<p>Todos saben que al asociarse con GMZ, se beneficiar\u00e1n de nuestra amplia experiencia en producci\u00f3n y tecnolog\u00eda, capacidad de respuesta del mercado e innovaci\u00f3n. Con fuertes ventajas en la cadena de suministro, podemos reducir riesgos y dirigir la fabricaci\u00f3n a las ubicaciones m\u00e1s eficientes.<\/p>\n\t\t\t\t\t\t\t\t<\/div>\n\t\t\t\t<\/div>\n\t\t\t\t\t<\/div>\n\t\t\t\t<\/div>\n\t\t\t\t\t<\/div>\n\t\t\t\t<\/div>\n\t\t\t\t\t<\/div>\n\t\t\t\t<\/div>\n\t\t<div class=\"elementor-element elementor-element-be414be e-flex e-con-boxed e-con e-parent\" data-id=\"be414be\" data-element_type=\"container\" data-settings=\"{&quot;background_background&quot;:&quot;classic&quot;,&quot;_ha_eqh_enable&quot;:false}\">\n\t\t\t\t\t<div class=\"e-con-inner\">\n\t\t<div class=\"elementor-element elementor-element-0372440 e-grid e-con-boxed e-con e-child\" data-id=\"0372440\" data-element_type=\"container\" data-settings=\"{&quot;_ha_eqh_enable&quot;:false}\">\n\t\t\t\t\t<div class=\"e-con-inner\">\n\t\t<div class=\"elementor-element elementor-element-11610a5 e-flex e-con-boxed e-con e-child\" data-id=\"11610a5\" data-element_type=\"container\" data-settings=\"{&quot;background_background&quot;:&quot;classic&quot;,&quot;_ha_eqh_enable&quot;:false}\">\n\t\t\t\t\t<div class=\"e-con-inner\">\n\t\t\t\t<div class=\"elementor-element elementor-element-bb95bb3 elementor-widget elementor-widget-image\" data-id=\"bb95bb3\" data-element_type=\"widget\" data-widget_type=\"image.default\">\n\t\t\t\t<div class=\"elementor-widget-container\">\n\t\t\t\t\t\t\t\t\t\t\t\t\t\t\t<img decoding=\"async\" width=\"200\" height=\"200\" src=\"https:\/\/gmz.ltd\/wp-content\/uploads\/2024\/01\/sheji-2.svg\" class=\"attachment-large size-large wp-image-6952\" alt=\"\" \/>\t\t\t\t\t\t\t\t\t\t\t\t\t\t\t<\/div>\n\t\t\t\t<\/div>\n\t\t<div class=\"elementor-element elementor-element-3a89189 e-con-full e-flex e-con e-child\" data-id=\"3a89189\" data-element_type=\"container\" data-settings=\"{&quot;_ha_eqh_enable&quot;:false}\">\n\t\t\t\t<div class=\"elementor-element elementor-element-daf965c elementor-widget elementor-widget-heading\" data-id=\"daf965c\" data-element_type=\"widget\" data-widget_type=\"heading.default\">\n\t\t\t\t<div class=\"elementor-widget-container\">\n\t\t\t\t\t<h4 class=\"elementor-heading-title elementor-size-default\">RESPONSABLE POR DISE\u00d1O<\/h4>\t\t\t\t<\/div>\n\t\t\t\t<\/div>\n\t\t\t\t<div class=\"elementor-element elementor-element-2d049d5 elementor-widget elementor-widget-text-editor\" data-id=\"2d049d5\" data-element_type=\"widget\" data-widget_type=\"text-editor.default\">\n\t\t\t\t<div class=\"elementor-widget-container\">\n\t\t\t\t\t\t\t\t\t<p>Contamos con nuestro propio equipo de dise\u00f1o profesional para asegurar que tanto la apariencia como el producto en s\u00ed no solo cumplan con los mejores est\u00e1ndares ambientales, de calidad y de seguridad del mundo, sino que tambi\u00e9n se mantengan a la vanguardia en los a\u00f1os venideros.<\/p>\n\t\t\t\t\t\t\t\t<\/div>\n\t\t\t\t<\/div>\n\t\t\t\t<\/div>\n\t\t\t\t\t<\/div>\n\t\t\t\t<\/div>\n\t\t<div class=\"elementor-element elementor-element-7ac98e4 e-flex e-con-boxed e-con e-child\" data-id=\"7ac98e4\" data-element_type=\"container\" data-settings=\"{&quot;background_background&quot;:&quot;classic&quot;,&quot;_ha_eqh_enable&quot;:false}\">\n\t\t\t\t\t<div class=\"e-con-inner\">\n\t\t\t\t<div class=\"elementor-element elementor-element-7aa81fb elementor-widget elementor-widget-image\" data-id=\"7aa81fb\" data-element_type=\"widget\" data-widget_type=\"image.default\">\n\t\t\t\t<div class=\"elementor-widget-container\">\n\t\t\t\t\t\t\t\t\t\t\t\t\t\t\t<img decoding=\"async\" width=\"200\" height=\"200\" src=\"https:\/\/gmz.ltd\/wp-content\/uploads\/2024\/01\/gongyinglian-1.svg\" class=\"attachment-large size-large wp-image-6948\" alt=\"\" \/>\t\t\t\t\t\t\t\t\t\t\t\t\t\t\t<\/div>\n\t\t\t\t<\/div>\n\t\t<div class=\"elementor-element elementor-element-d623efa e-con-full e-flex e-con e-child\" data-id=\"d623efa\" data-element_type=\"container\" data-settings=\"{&quot;_ha_eqh_enable&quot;:false}\">\n\t\t\t\t<div class=\"elementor-element elementor-element-4f6b85c elementor-widget elementor-widget-heading\" data-id=\"4f6b85c\" data-element_type=\"widget\" data-widget_type=\"heading.default\">\n\t\t\t\t<div class=\"elementor-widget-container\">\n\t\t\t\t\t<h4 class=\"elementor-heading-title elementor-size-default\">FLEXIBILIDAD DE LA CADENA DE SUMINISTRO<\/h4>\t\t\t\t<\/div>\n\t\t\t\t<\/div>\n\t\t\t\t<div class=\"elementor-element elementor-element-d0a2bc9 elementor-widget elementor-widget-text-editor\" data-id=\"d0a2bc9\" data-element_type=\"widget\" data-widget_type=\"text-editor.default\">\n\t\t\t\t<div class=\"elementor-widget-container\">\n\t\t\t\t\t\t\t\t\t<p>Estamos ubicados en la base de la industria del papel y pl\u00e1stico m\u00e1s importante de China. Hemos utilizado m\u00e1s de diez a\u00f1os para construir una cadena de suministro estable y eficiente. Puedes estar seguro de que cuando te asocias con GMZ, el empaque nunca ser\u00e1 tu eslab\u00f3n m\u00e1s d\u00e9bil.<\/p>\n\t\t\t\t\t\t\t\t<\/div>\n\t\t\t\t<\/div>\n\t\t\t\t<\/div>\n\t\t\t\t\t<\/div>\n\t\t\t\t<\/div>\n\t\t<div class=\"elementor-element elementor-element-74cb9ba e-flex e-con-boxed e-con e-child\" data-id=\"74cb9ba\" data-element_type=\"container\" data-settings=\"{&quot;background_background&quot;:&quot;classic&quot;,&quot;_ha_eqh_enable&quot;:false}\">\n\t\t\t\t\t<div class=\"e-con-inner\">\n\t\t\t\t<div class=\"elementor-element elementor-element-713ebe0 elementor-widget elementor-widget-image\" data-id=\"713ebe0\" data-element_type=\"widget\" data-widget_type=\"image.default\">\n\t\t\t\t<div class=\"elementor-widget-container\">\n\t\t\t\t\t\t\t\t\t\t\t\t\t\t\t<img loading=\"lazy\" decoding=\"async\" width=\"200\" height=\"200\" src=\"https:\/\/gmz.ltd\/wp-content\/uploads\/2024\/01\/hezuo-2.svg\" class=\"attachment-large size-large wp-image-6944\" alt=\"\" \/>\t\t\t\t\t\t\t\t\t\t\t\t\t\t\t<\/div>\n\t\t\t\t<\/div>\n\t\t<div class=\"elementor-element elementor-element-aeb8e95 e-con-full e-flex e-con e-child\" data-id=\"aeb8e95\" data-element_type=\"container\" data-settings=\"{&quot;_ha_eqh_enable&quot;:false}\">\n\t\t\t\t<div class=\"elementor-element elementor-element-29e1cfe elementor-widget elementor-widget-heading\" data-id=\"29e1cfe\" data-element_type=\"widget\" data-widget_type=\"heading.default\">\n\t\t\t\t<div class=\"elementor-widget-container\">\n\t\t\t\t\t<h4 class=\"elementor-heading-title elementor-size-default\">VERDADERA ASOCIACI\u00d3N<\/h4>\t\t\t\t<\/div>\n\t\t\t\t<\/div>\n\t\t\t\t<div class=\"elementor-element elementor-element-c3ada28 elementor-widget elementor-widget-text-editor\" data-id=\"c3ada28\" data-element_type=\"widget\" data-widget_type=\"text-editor.default\">\n\t\t\t\t<div class=\"elementor-widget-container\">\n\t\t\t\t\t\t\t\t\t<p>Hemos desarrollado asociaciones de confianza con distribuidores en todo el mundo que abordan las realidades comerciales actuales y pueden satisfacer las necesidades cambiantes del futuro. As\u00ed que no solo elijas un empaque, elige tambi\u00e9n un socio para el empaque.<\/p>\n\t\t\t\t\t\t\t\t<\/div>\n\t\t\t\t<\/div>\n\t\t\t\t<\/div>\n\t\t\t\t\t<\/div>\n\t\t\t\t<\/div>\n\t\t\t\t\t<\/div>\n\t\t\t\t<\/div>\n\t\t\t\t\t<\/div>\n\t\t\t\t<\/div>\n\t\t<div class=\"elementor-element elementor-element-e213d6d e-flex e-con-boxed e-con e-parent\" data-id=\"e213d6d\" data-element_type=\"container\" data-settings=\"{&quot;background_background&quot;:&quot;classic&quot;,&quot;_ha_eqh_enable&quot;:false}\">\n\t\t\t\t\t<div class=\"e-con-inner\">\n\t\t\t\t<div class=\"elementor-element elementor-element-a46e2de elementor-widget elementor-widget-heading\" data-id=\"a46e2de\" data-element_type=\"widget\" data-widget_type=\"heading.default\">\n\t\t\t\t<div class=\"elementor-widget-container\">\n\t\t\t\t\t<h2 class=\"elementor-heading-title elementor-size-default\">Tu socio de confianza en empaques de alimentos.<\/h2>\t\t\t\t<\/div>\n\t\t\t\t<\/div>\n\t\t\t\t\t<\/div>\n\t\t\t\t<\/div>\n\t\t\t\t<\/div>\n\t\t","protected":false},"excerpt":{"rendered":"<p>Acerca de GMZ GMZ es una empresa familiar china que se ha enfocado en el empaquetado de alimentos durante m\u00e1s de 18 a\u00f1os y exporta sus productos a mercados globales. Personalizamos, producimos y suministramos soluciones de empaquetado de clase mundial para la industria de alimentos y bebidas. https:\/\/www.youtube.com\/watch?v=jSwIBT5DU1Q Distribuidores de empaques de alimentos de Europa [&hellip;]<\/p>\n","protected":false},"author":1,"featured_media":0,"parent":0,"menu_order":0,"comment_status":"closed","ping_status":"closed","template":"","meta":{"_joinchat":[],"footnotes":""},"class_list":["post-7637","page","type-page","status-publish","hentry"],"blocksy_meta":{"has_hero_section":"disabled","vertical_spacing_source":"custom","content_area_spacing":"none"},"acf":[],"yoast_head":"<!-- This site is optimized with the Yoast SEO Premium plugin v22.5 (Yoast SEO v26.6) - https:\/\/yoast.com\/wordpress\/plugins\/seo\/ -->\n<title>Acerca de GMZ - Tu proveedor de confianza en envases para alimentos<\/title>\n<meta name=\"description\" content=\"GMZ se especializa en soluciones de empaquetado de alimentos al por mayor. Conozca m\u00e1s sobre nuestro compromiso con la calidad, la fiabilidad y las pr\u00e1cticas ecol\u00f3gicas.\" \/>\n<meta name=\"robots\" content=\"index, follow, max-snippet:-1, max-image-preview:large, max-video-preview:-1\" \/>\n<link rel=\"canonical\" href=\"https:\/\/gmz.ltd\/es\/acerca-de-gmz\/\" \/>\n<meta property=\"og:locale\" content=\"es_ES\" \/>\n<meta property=\"og:type\" content=\"article\" \/>\n<meta property=\"og:title\" content=\"Acerca de GMZ\" \/>\n<meta property=\"og:description\" content=\"GMZ se especializa en soluciones de empaquetado de alimentos al por mayor. Conozca m\u00e1s sobre nuestro compromiso con la calidad, la fiabilidad y las pr\u00e1cticas ecol\u00f3gicas.\" \/>\n<meta property=\"og:url\" content=\"https:\/\/gmz.ltd\/es\/acerca-de-gmz\/\" \/>\n<meta property=\"og:site_name\" content=\"GMZ\" \/>\n<meta property=\"article:modified_time\" content=\"2024-03-22T04:31:53+00:00\" \/>\n<meta property=\"og:image\" content=\"https:\/\/gmz.ltd\/wp-content\/uploads\/2023\/11\/line-2.png\" \/>\n<meta name=\"twitter:card\" content=\"summary_large_image\" \/>\n<meta name=\"twitter:label1\" content=\"Tiempo de lectura\" \/>\n\t<meta name=\"twitter:data1\" content=\"1 minuto\" \/>\n<script type=\"application\/ld+json\" class=\"yoast-schema-graph\">{\"@context\":\"https:\/\/schema.org\",\"@graph\":[{\"@type\":\"WebPage\",\"@id\":\"https:\/\/gmz.ltd\/es\/acerca-de-gmz\/\",\"url\":\"https:\/\/gmz.ltd\/es\/acerca-de-gmz\/\",\"name\":\"Acerca de GMZ - Tu proveedor de confianza en envases para alimentos\",\"isPartOf\":{\"@id\":\"https:\/\/gmz.ltd\/es\/#website\"},\"primaryImageOfPage\":{\"@id\":\"https:\/\/gmz.ltd\/es\/acerca-de-gmz\/#primaryimage\"},\"image\":{\"@id\":\"https:\/\/gmz.ltd\/es\/acerca-de-gmz\/#primaryimage\"},\"thumbnailUrl\":\"https:\/\/gmz.ltd\/wp-content\/uploads\/2023\/11\/line-2.png\",\"datePublished\":\"2023-09-09T10:41:39+00:00\",\"dateModified\":\"2024-03-22T04:31:53+00:00\",\"description\":\"GMZ se especializa en soluciones de empaquetado de alimentos al por mayor. Conozca m\u00e1s sobre nuestro compromiso con la calidad, la fiabilidad y las pr\u00e1cticas ecol\u00f3gicas.\",\"breadcrumb\":{\"@id\":\"https:\/\/gmz.ltd\/es\/acerca-de-gmz\/#breadcrumb\"},\"inLanguage\":\"es\",\"potentialAction\":[{\"@type\":\"ReadAction\",\"target\":[\"https:\/\/gmz.ltd\/es\/acerca-de-gmz\/\"]}]},{\"@type\":\"ImageObject\",\"inLanguage\":\"es\",\"@id\":\"https:\/\/gmz.ltd\/es\/acerca-de-gmz\/#primaryimage\",\"url\":\"https:\/\/gmz.ltd\/wp-content\/uploads\/2023\/11\/line-2.png\",\"contentUrl\":\"https:\/\/gmz.ltd\/wp-content\/uploads\/2023\/11\/line-2.png\"},{\"@type\":\"BreadcrumbList\",\"@id\":\"https:\/\/gmz.ltd\/es\/acerca-de-gmz\/#breadcrumb\",\"itemListElement\":[{\"@type\":\"ListItem\",\"position\":1,\"name\":\"hogar\",\"item\":\"https:\/\/gmz.ltd\/es\/\"},{\"@type\":\"ListItem\",\"position\":2,\"name\":\"Acerca de GMZ\"}]},{\"@type\":\"WebSite\",\"@id\":\"https:\/\/gmz.ltd\/es\/#website\",\"url\":\"https:\/\/gmz.ltd\/es\/\",\"name\":\"GMZ\",\"description\":\"\",\"publisher\":{\"@id\":\"https:\/\/gmz.ltd\/es\/#organization\"},\"potentialAction\":[{\"@type\":\"SearchAction\",\"target\":{\"@type\":\"EntryPoint\",\"urlTemplate\":\"https:\/\/gmz.ltd\/es\/?s={search_term_string}\"},\"query-input\":{\"@type\":\"PropertyValueSpecification\",\"valueRequired\":true,\"valueName\":\"search_term_string\"}}],\"inLanguage\":\"es\"},{\"@type\":\"Organization\",\"@id\":\"https:\/\/gmz.ltd\/es\/#organization\",\"name\":\"GMZ\",\"url\":\"https:\/\/gmz.ltd\/es\/\",\"logo\":{\"@type\":\"ImageObject\",\"inLanguage\":\"es\",\"@id\":\"https:\/\/gmz.ltd\/es\/#\/schema\/logo\/image\/\",\"url\":\"https:\/\/gmz.ltd\/wp-content\/uploads\/2024\/11\/gmzpack.svg\",\"contentUrl\":\"https:\/\/gmz.ltd\/wp-content\/uploads\/2024\/11\/gmzpack.svg\",\"width\":170,\"height\":79,\"caption\":\"GMZ\"},\"image\":{\"@id\":\"https:\/\/gmz.ltd\/es\/#\/schema\/logo\/image\/\"}}]}<\/script>\n<!-- \/ Yoast SEO Premium plugin. -->","yoast_head_json":{"title":"Acerca de GMZ - Tu proveedor de confianza en envases para alimentos","description":"GMZ se especializa en soluciones de empaquetado de alimentos al por mayor. Conozca m\u00e1s sobre nuestro compromiso con la calidad, la fiabilidad y las pr\u00e1cticas ecol\u00f3gicas.","robots":{"index":"index","follow":"follow","max-snippet":"max-snippet:-1","max-image-preview":"max-image-preview:large","max-video-preview":"max-video-preview:-1"},"canonical":"https:\/\/gmz.ltd\/es\/acerca-de-gmz\/","og_locale":"es_ES","og_type":"article","og_title":"Acerca de GMZ","og_description":"GMZ se especializa en soluciones de empaquetado de alimentos al por mayor. Conozca m\u00e1s sobre nuestro compromiso con la calidad, la fiabilidad y las pr\u00e1cticas ecol\u00f3gicas.","og_url":"https:\/\/gmz.ltd\/es\/acerca-de-gmz\/","og_site_name":"GMZ","article_modified_time":"2024-03-22T04:31:53+00:00","og_image":[{"url":"https:\/\/gmz.ltd\/wp-content\/uploads\/2023\/11\/line-2.png","type":"","width":"","height":""}],"twitter_card":"summary_large_image","twitter_misc":{"Tiempo de lectura":"1 minuto"},"schema":{"@context":"https:\/\/schema.org","@graph":[{"@type":"WebPage","@id":"https:\/\/gmz.ltd\/es\/acerca-de-gmz\/","url":"https:\/\/gmz.ltd\/es\/acerca-de-gmz\/","name":"Acerca de GMZ - Tu proveedor de confianza en envases para alimentos","isPartOf":{"@id":"https:\/\/gmz.ltd\/es\/#website"},"primaryImageOfPage":{"@id":"https:\/\/gmz.ltd\/es\/acerca-de-gmz\/#primaryimage"},"image":{"@id":"https:\/\/gmz.ltd\/es\/acerca-de-gmz\/#primaryimage"},"thumbnailUrl":"https:\/\/gmz.ltd\/wp-content\/uploads\/2023\/11\/line-2.png","datePublished":"2023-09-09T10:41:39+00:00","dateModified":"2024-03-22T04:31:53+00:00","description":"GMZ se especializa en soluciones de empaquetado de alimentos al por mayor. Conozca m\u00e1s sobre nuestro compromiso con la calidad, la fiabilidad y las pr\u00e1cticas ecol\u00f3gicas.","breadcrumb":{"@id":"https:\/\/gmz.ltd\/es\/acerca-de-gmz\/#breadcrumb"},"inLanguage":"es","potentialAction":[{"@type":"ReadAction","target":["https:\/\/gmz.ltd\/es\/acerca-de-gmz\/"]}]},{"@type":"ImageObject","inLanguage":"es","@id":"https:\/\/gmz.ltd\/es\/acerca-de-gmz\/#primaryimage","url":"https:\/\/gmz.ltd\/wp-content\/uploads\/2023\/11\/line-2.png","contentUrl":"https:\/\/gmz.ltd\/wp-content\/uploads\/2023\/11\/line-2.png"},{"@type":"BreadcrumbList","@id":"https:\/\/gmz.ltd\/es\/acerca-de-gmz\/#breadcrumb","itemListElement":[{"@type":"ListItem","position":1,"name":"hogar","item":"https:\/\/gmz.ltd\/es\/"},{"@type":"ListItem","position":2,"name":"Acerca de GMZ"}]},{"@type":"WebSite","@id":"https:\/\/gmz.ltd\/es\/#website","url":"https:\/\/gmz.ltd\/es\/","name":"GMZ","description":"","publisher":{"@id":"https:\/\/gmz.ltd\/es\/#organization"},"potentialAction":[{"@type":"SearchAction","target":{"@type":"EntryPoint","urlTemplate":"https:\/\/gmz.ltd\/es\/?s={search_term_string}"},"query-input":{"@type":"PropertyValueSpecification","valueRequired":true,"valueName":"search_term_string"}}],"inLanguage":"es"},{"@type":"Organization","@id":"https:\/\/gmz.ltd\/es\/#organization","name":"GMZ","url":"https:\/\/gmz.ltd\/es\/","logo":{"@type":"ImageObject","inLanguage":"es","@id":"https:\/\/gmz.ltd\/es\/#\/schema\/logo\/image\/","url":"https:\/\/gmz.ltd\/wp-content\/uploads\/2024\/11\/gmzpack.svg","contentUrl":"https:\/\/gmz.ltd\/wp-content\/uploads\/2024\/11\/gmzpack.svg","width":170,"height":79,"caption":"GMZ"},"image":{"@id":"https:\/\/gmz.ltd\/es\/#\/schema\/logo\/image\/"}}]}},"_links":{"self":[{"href":"https:\/\/gmz.ltd\/es\/wp-json\/wp\/v2\/pages\/7637","targetHints":{"allow":["GET"]}}],"collection":[{"href":"https:\/\/gmz.ltd\/es\/wp-json\/wp\/v2\/pages"}],"about":[{"href":"https:\/\/gmz.ltd\/es\/wp-json\/wp\/v2\/types\/page"}],"author":[{"embeddable":true,"href":"https:\/\/gmz.ltd\/es\/wp-json\/wp\/v2\/users\/1"}],"replies":[{"embeddable":true,"href":"https:\/\/gmz.ltd\/es\/wp-json\/wp\/v2\/comments?post=7637"}],"version-history":[{"count":3,"href":"https:\/\/gmz.ltd\/es\/wp-json\/wp\/v2\/pages\/7637\/revisions"}],"predecessor-version":[{"id":7640,"href":"https:\/\/gmz.ltd\/es\/wp-json\/wp\/v2\/pages\/7637\/revisions\/7640"}],"wp:attachment":[{"href":"https:\/\/gmz.ltd\/es\/wp-json\/wp\/v2\/media?parent=7637"}],"curies":[{"name":"wp","href":"https:\/\/api.w.org\/{rel}","templated":true}]}}