{"id":7693,"date":"2023-09-09T09:41:51","date_gmt":"2023-09-09T09:41:51","guid":{"rendered":"https:\/\/gmz.ltd\/medio-ambiente\/"},"modified":"2025-05-22T03:53:09","modified_gmt":"2025-05-22T03:53:09","slug":"medio-ambiente","status":"publish","type":"page","link":"https:\/\/gmz.ltd\/es\/medio-ambiente\/","title":{"rendered":"Medio ambiente"},"content":{"rendered":"\t\t<div data-elementor-type=\"wp-page\" data-elementor-id=\"7693\" class=\"elementor elementor-7693 elementor-492\" data-elementor-settings=\"{&quot;ha_cmc_init_switcher&quot;:&quot;no&quot;}\" data-elementor-post-type=\"page\">\n\t\t\t\t<div class=\"elementor-element elementor-element-771efb5 e-flex e-con-boxed e-con e-parent\" data-id=\"771efb5\" data-element_type=\"container\" data-settings=\"{&quot;background_background&quot;:&quot;classic&quot;,&quot;_ha_eqh_enable&quot;:false}\">\n\t\t\t\t\t<div class=\"e-con-inner\">\n\t\t\t\t<div class=\"elementor-element elementor-element-3766450 elementor-widget elementor-widget-heading\" data-id=\"3766450\" data-element_type=\"widget\" data-widget_type=\"heading.default\">\n\t\t\t\t<div class=\"elementor-widget-container\">\n\t\t\t\t\t<h1 class=\"elementor-heading-title elementor-size-default\">Medio ambiente<\/h1>\t\t\t\t<\/div>\n\t\t\t\t<\/div>\n\t\t\t\t<div class=\"elementor-element elementor-element-45d6760 elementor-widget elementor-widget-image\" data-id=\"45d6760\" data-element_type=\"widget\" data-widget_type=\"image.default\">\n\t\t\t\t<div class=\"elementor-widget-container\">\n\t\t\t\t\t\t\t\t\t\t\t\t\t\t\t<img decoding=\"async\" width=\"407\" height=\"8\" src=\"https:\/\/gmz.ltd\/wp-content\/uploads\/2023\/11\/line-2.png\" class=\"attachment-large size-large wp-image-6748\" alt=\"\" srcset=\"https:\/\/gmz.ltd\/wp-content\/uploads\/2023\/11\/line-2.png 407w, https:\/\/gmz.ltd\/wp-content\/uploads\/2023\/11\/line-2-400x8.png 400w, https:\/\/gmz.ltd\/wp-content\/uploads\/2023\/11\/line-2-300x6.png 300w\" sizes=\"(max-width: 407px) 100vw, 407px\" \/>\t\t\t\t\t\t\t\t\t\t\t\t\t\t\t<\/div>\n\t\t\t\t<\/div>\n\t\t\t\t\t<\/div>\n\t\t\t\t<\/div>\n\t\t<div class=\"elementor-element elementor-element-37b3578 e-flex e-con-boxed e-con e-parent\" data-id=\"37b3578\" data-element_type=\"container\" data-settings=\"{&quot;_ha_eqh_enable&quot;:false}\">\n\t\t\t\t\t<div class=\"e-con-inner\">\n\t\t<div class=\"elementor-element elementor-element-d8c095f e-flex e-con-boxed e-con e-child\" data-id=\"d8c095f\" data-element_type=\"container\" data-settings=\"{&quot;_ha_eqh_enable&quot;:false}\">\n\t\t\t\t\t<div class=\"e-con-inner\">\n\t\t\t\t<div class=\"elementor-element elementor-element-698af98 elementor-widget elementor-widget-image\" data-id=\"698af98\" data-element_type=\"widget\" data-widget_type=\"image.default\">\n\t\t\t\t<div class=\"elementor-widget-container\">\n\t\t\t\t\t\t\t\t\t\t\t\t\t\t\t<img fetchpriority=\"high\" decoding=\"async\" width=\"1024\" height=\"769\" src=\"https:\/\/gmz.ltd\/wp-content\/uploads\/2023\/09\/Sustainable-Material-1024x769.png\" class=\"attachment-large size-large wp-image-4864\" alt=\"\" srcset=\"https:\/\/gmz.ltd\/wp-content\/uploads\/2023\/09\/Sustainable-Material-1024x769.png 1024w, https:\/\/gmz.ltd\/wp-content\/uploads\/2023\/09\/Sustainable-Material-800x601.png 800w, https:\/\/gmz.ltd\/wp-content\/uploads\/2023\/09\/Sustainable-Material-300x225.png 300w, https:\/\/gmz.ltd\/wp-content\/uploads\/2023\/09\/Sustainable-Material-768x577.png 768w, https:\/\/gmz.ltd\/wp-content\/uploads\/2023\/09\/Sustainable-Material.png 1300w\" sizes=\"(max-width: 1024px) 100vw, 1024px\" \/>\t\t\t\t\t\t\t\t\t\t\t\t\t\t\t<\/div>\n\t\t\t\t<\/div>\n\t\t\t\t\t<\/div>\n\t\t\t\t<\/div>\n\t\t<div class=\"elementor-element elementor-element-b2b3b7c e-flex e-con-boxed elementor-invisible e-con e-child\" data-id=\"b2b3b7c\" data-element_type=\"container\" data-settings=\"{&quot;animation&quot;:&quot;zoomIn&quot;,&quot;_ha_eqh_enable&quot;:false}\">\n\t\t\t\t\t<div class=\"e-con-inner\">\n\t\t\t\t<div class=\"elementor-element elementor-element-7725cdd elementor-widget elementor-widget-heading\" data-id=\"7725cdd\" data-element_type=\"widget\" data-widget_type=\"heading.default\">\n\t\t\t\t<div class=\"elementor-widget-container\">\n\t\t\t\t\t<h2 class=\"elementor-heading-title elementor-size-default\">Material sostenible<\/h2>\t\t\t\t<\/div>\n\t\t\t\t<\/div>\n\t\t\t\t<div class=\"elementor-element elementor-element-1296231 elementor-widget elementor-widget-text-editor\" data-id=\"1296231\" data-element_type=\"widget\" data-widget_type=\"text-editor.default\">\n\t\t\t\t<div class=\"elementor-widget-container\">\n\t\t\t\t\t\t\t\t\t<p>Nuestra materia prima de papel proviene de grandes y reputados proveedores de papel como Sun, APP, Five Star, etc. Esto significa que no se utilizan bosques primarios. Usamos tintas a base de agua y tintas de soya para asegurar que los productos cumplan con los est\u00e1ndares de calidad para contacto con alimentos.<\/p>\n\t\t\t\t\t\t\t\t<\/div>\n\t\t\t\t<\/div>\n\t\t\t\t\t<\/div>\n\t\t\t\t<\/div>\n\t\t\t\t\t<\/div>\n\t\t\t\t<\/div>\n\t\t<div class=\"elementor-element elementor-element-f8c5046 e-flex e-con-boxed e-con e-parent\" data-id=\"f8c5046\" data-element_type=\"container\" data-settings=\"{&quot;_ha_eqh_enable&quot;:false}\">\n\t\t\t\t\t<div class=\"e-con-inner\">\n\t\t<div class=\"elementor-element elementor-element-08b6474 e-flex e-con-boxed elementor-invisible e-con e-child\" data-id=\"08b6474\" data-element_type=\"container\" data-settings=\"{&quot;animation&quot;:&quot;zoomIn&quot;,&quot;_ha_eqh_enable&quot;:false}\">\n\t\t\t\t\t<div class=\"e-con-inner\">\n\t\t\t\t<div class=\"elementor-element elementor-element-2ae7566 elementor-widget elementor-widget-heading\" data-id=\"2ae7566\" data-element_type=\"widget\" data-widget_type=\"heading.default\">\n\t\t\t\t<div class=\"elementor-widget-container\">\n\t\t\t\t\t<h2 class=\"elementor-heading-title elementor-size-default\">Compostable<\/h2>\t\t\t\t<\/div>\n\t\t\t\t<\/div>\n\t\t\t\t<div class=\"elementor-element elementor-element-76b5af6 elementor-widget elementor-widget-text-editor\" data-id=\"76b5af6\" data-element_type=\"widget\" data-widget_type=\"text-editor.default\">\n\t\t\t\t<div class=\"elementor-widget-container\">\n\t\t\t\t\t\t\t\t\t<p>Recomendamos productos de empaque de alimentos compostables para nuestros clientes. Los recubrimientos PLA son una opci\u00f3n compostable para vasos de papel y empaques de alimentos, evitando la contaminaci\u00f3n del suelo y del oc\u00e9ano por pl\u00e1stico. Al mismo tiempo, elegir nuestras tapas de bagazo tambi\u00e9n puede evitar la contaminaci\u00f3n causada por las tapas de pl\u00e1stico.<\/p>\n\t\t\t\t\t\t\t\t<\/div>\n\t\t\t\t<\/div>\n\t\t\t\t<div class=\"elementor-element elementor-element-5052785 elementor-align-center elementor-widget elementor-widget-button\" data-id=\"5052785\" data-element_type=\"widget\" data-widget_type=\"button.default\">\n\t\t\t\t<div class=\"elementor-widget-container\">\n\t\t\t\t\t\t\t\t\t<div class=\"elementor-button-wrapper\">\n\t\t\t\t\t<a class=\"elementor-button elementor-button-link elementor-size-md\" href=\"\/es\/producto\/vasos-calientes-de-papel-con-recubrimiento-de-pla\/\">\n\t\t\t\t\t\t<span class=\"elementor-button-content-wrapper\">\n\t\t\t\t\t\t\t\t\t<span class=\"elementor-button-text\">Descubre m\u00e1s<\/span>\n\t\t\t\t\t<\/span>\n\t\t\t\t\t<\/a>\n\t\t\t\t<\/div>\n\t\t\t\t\t\t\t\t<\/div>\n\t\t\t\t<\/div>\n\t\t\t\t\t<\/div>\n\t\t\t\t<\/div>\n\t\t<div class=\"elementor-element elementor-element-b93e1c9 e-flex e-con-boxed e-con e-child\" data-id=\"b93e1c9\" data-element_type=\"container\" data-settings=\"{&quot;_ha_eqh_enable&quot;:false}\">\n\t\t\t\t\t<div class=\"e-con-inner\">\n\t\t\t\t<div class=\"elementor-element elementor-element-165106a elementor-widget elementor-widget-image\" data-id=\"165106a\" data-element_type=\"widget\" data-widget_type=\"image.default\">\n\t\t\t\t<div class=\"elementor-widget-container\">\n\t\t\t\t\t\t\t\t\t\t\t\t\t\t\t<img decoding=\"async\" width=\"1024\" height=\"769\" src=\"https:\/\/gmz.ltd\/wp-content\/uploads\/2023\/09\/Compostable-1024x769.png\" class=\"attachment-large size-large wp-image-4868\" alt=\"\" srcset=\"https:\/\/gmz.ltd\/wp-content\/uploads\/2023\/09\/Compostable-1024x769.png 1024w, https:\/\/gmz.ltd\/wp-content\/uploads\/2023\/09\/Compostable-800x601.png 800w, https:\/\/gmz.ltd\/wp-content\/uploads\/2023\/09\/Compostable-300x225.png 300w, https:\/\/gmz.ltd\/wp-content\/uploads\/2023\/09\/Compostable-768x577.png 768w, https:\/\/gmz.ltd\/wp-content\/uploads\/2023\/09\/Compostable.png 1300w\" sizes=\"(max-width: 1024px) 100vw, 1024px\" \/>\t\t\t\t\t\t\t\t\t\t\t\t\t\t\t<\/div>\n\t\t\t\t<\/div>\n\t\t\t\t\t<\/div>\n\t\t\t\t<\/div>\n\t\t\t\t\t<\/div>\n\t\t\t\t<\/div>\n\t\t<div class=\"elementor-element elementor-element-a9c001c e-flex e-con-boxed e-con e-parent\" data-id=\"a9c001c\" data-element_type=\"container\" data-settings=\"{&quot;background_background&quot;:&quot;classic&quot;,&quot;_ha_eqh_enable&quot;:false}\">\n\t\t\t\t\t<div class=\"e-con-inner\">\n\t\t\t\t<div class=\"elementor-element elementor-element-75b4534 elementor-widget elementor-widget-heading\" data-id=\"75b4534\" data-element_type=\"widget\" data-widget_type=\"heading.default\">\n\t\t\t\t<div class=\"elementor-widget-container\">\n\t\t\t\t\t<h2 class=\"elementor-heading-title elementor-size-default\">\u00bfEst\u00e1 interesado en nuestros productos?<\/h2>\t\t\t\t<\/div>\n\t\t\t\t<\/div>\n\t\t\t\t<div class=\"elementor-element elementor-element-cf04422 elementor-widget elementor-widget-text-editor\" data-id=\"cf04422\" data-element_type=\"widget\" data-widget_type=\"text-editor.default\">\n\t\t\t\t<div class=\"elementor-widget-container\">\n\t\t\t\t\t\t\t\t\t<p>Simplemente p\u00f3ngase en contacto y podremos ayudarle con su consulta.<\/p>\n\t\t\t\t\t\t\t\t<\/div>\n\t\t\t\t<\/div>\n\t\t\t\t<div class=\"elementor-element elementor-element-6111edb elementor-align-center elementor-widget elementor-widget-button\" data-id=\"6111edb\" data-element_type=\"widget\" data-widget_type=\"button.default\">\n\t\t\t\t<div class=\"elementor-widget-container\">\n\t\t\t\t\t\t\t\t\t<div class=\"elementor-button-wrapper\">\n\t\t\t\t\t<a class=\"elementor-button elementor-button-link elementor-size-md\" href=\"https:\/\/gmz.ltd\/es\/contactenos\/\">\n\t\t\t\t\t\t<span class=\"elementor-button-content-wrapper\">\n\t\t\t\t\t\t\t\t\t<span class=\"elementor-button-text\">Cont\u00e1ctenos<\/span>\n\t\t\t\t\t<\/span>\n\t\t\t\t\t<\/a>\n\t\t\t\t<\/div>\n\t\t\t\t\t\t\t\t<\/div>\n\t\t\t\t<\/div>\n\t\t\t\t\t<\/div>\n\t\t\t\t<\/div>\n\t\t<div class=\"elementor-element elementor-element-0b00ca7 e-flex e-con-boxed e-con e-parent\" data-id=\"0b00ca7\" data-element_type=\"container\" data-settings=\"{&quot;_ha_eqh_enable&quot;:false}\">\n\t\t\t\t\t<div class=\"e-con-inner\">\n\t\t<div class=\"elementor-element elementor-element-5c2feb0 e-flex e-con-boxed e-con e-child\" data-id=\"5c2feb0\" data-element_type=\"container\" data-settings=\"{&quot;_ha_eqh_enable&quot;:false}\">\n\t\t\t\t\t<div class=\"e-con-inner\">\n\t\t\t\t<div class=\"elementor-element elementor-element-e749d36 elementor-widget elementor-widget-image\" data-id=\"e749d36\" data-element_type=\"widget\" data-widget_type=\"image.default\">\n\t\t\t\t<div class=\"elementor-widget-container\">\n\t\t\t\t\t\t\t\t\t\t\t\t\t\t\t<img loading=\"lazy\" decoding=\"async\" width=\"1024\" height=\"769\" src=\"https:\/\/gmz.ltd\/wp-content\/uploads\/2023\/09\/Recyclable-1024x769.png\" class=\"attachment-large size-large wp-image-4872\" alt=\"\" srcset=\"https:\/\/gmz.ltd\/wp-content\/uploads\/2023\/09\/Recyclable-1024x769.png 1024w, https:\/\/gmz.ltd\/wp-content\/uploads\/2023\/09\/Recyclable-800x601.png 800w, https:\/\/gmz.ltd\/wp-content\/uploads\/2023\/09\/Recyclable-300x225.png 300w, https:\/\/gmz.ltd\/wp-content\/uploads\/2023\/09\/Recyclable-768x577.png 768w, https:\/\/gmz.ltd\/wp-content\/uploads\/2023\/09\/Recyclable.png 1300w\" sizes=\"(max-width: 1024px) 100vw, 1024px\" \/>\t\t\t\t\t\t\t\t\t\t\t\t\t\t\t<\/div>\n\t\t\t\t<\/div>\n\t\t\t\t\t<\/div>\n\t\t\t\t<\/div>\n\t\t<div class=\"elementor-element elementor-element-b9bd6c0 e-flex e-con-boxed elementor-invisible e-con e-child\" data-id=\"b9bd6c0\" data-element_type=\"container\" data-settings=\"{&quot;animation&quot;:&quot;zoomIn&quot;,&quot;_ha_eqh_enable&quot;:false}\">\n\t\t\t\t\t<div class=\"e-con-inner\">\n\t\t\t\t<div class=\"elementor-element elementor-element-95e9a19 elementor-widget elementor-widget-heading\" data-id=\"95e9a19\" data-element_type=\"widget\" data-widget_type=\"heading.default\">\n\t\t\t\t<div class=\"elementor-widget-container\">\n\t\t\t\t\t<h2 class=\"elementor-heading-title elementor-size-default\">Reciclable<\/h2>\t\t\t\t<\/div>\n\t\t\t\t<\/div>\n\t\t\t\t<div class=\"elementor-element elementor-element-4e4630c elementor-widget elementor-widget-text-editor\" data-id=\"4e4630c\" data-element_type=\"widget\" data-widget_type=\"text-editor.default\">\n\t\t\t\t<div class=\"elementor-widget-container\">\n\t\t\t\t\t\t\t\t\t<p>Como probablemente sepa, el papel con contenido pl\u00e1stico es dif\u00edcil de reciclar, y tenemos que separar el papel del pl\u00e1stico.<br \/>GMZ recomienda el uso de vasos de papel sin pl\u00e1stico. Los productos recubiertos sin pl\u00e1stico no contienen componentes de pl\u00e1stico y tienen una buena resistencia a las fugas. Adem\u00e1s, son completamente reciclables y biodegradables, por lo que no contaminar\u00e1n la tierra.<\/p>\n\t\t\t\t\t\t\t\t<\/div>\n\t\t\t\t<\/div>\n\t\t\t\t<div class=\"elementor-element elementor-element-f2f4d6a elementor-align-center elementor-widget elementor-widget-button\" data-id=\"f2f4d6a\" data-element_type=\"widget\" data-widget_type=\"button.default\">\n\t\t\t\t<div class=\"elementor-widget-container\">\n\t\t\t\t\t\t\t\t\t<div class=\"elementor-button-wrapper\">\n\t\t\t\t\t<a class=\"elementor-button elementor-button-link elementor-size-md\" href=\"\/es\/producto\/vasos-calientes-de-papel-sin-plastico\/\">\n\t\t\t\t\t\t<span class=\"elementor-button-content-wrapper\">\n\t\t\t\t\t\t\t\t\t<span class=\"elementor-button-text\">Descubre m\u00e1s<\/span>\n\t\t\t\t\t<\/span>\n\t\t\t\t\t<\/a>\n\t\t\t\t<\/div>\n\t\t\t\t\t\t\t\t<\/div>\n\t\t\t\t<\/div>\n\t\t\t\t\t<\/div>\n\t\t\t\t<\/div>\n\t\t\t\t\t<\/div>\n\t\t\t\t<\/div>\n\t\t<div class=\"elementor-element elementor-element-324180a e-flex e-con-boxed e-con e-parent\" data-id=\"324180a\" data-element_type=\"container\" data-settings=\"{&quot;_ha_eqh_enable&quot;:false}\">\n\t\t\t\t\t<div class=\"e-con-inner\">\n\t\t<div class=\"elementor-element elementor-element-d053399 e-flex e-con-boxed elementor-invisible e-con e-child\" data-id=\"d053399\" data-element_type=\"container\" data-settings=\"{&quot;animation&quot;:&quot;zoomIn&quot;,&quot;_ha_eqh_enable&quot;:false}\">\n\t\t\t\t\t<div class=\"e-con-inner\">\n\t\t\t\t<div class=\"elementor-element elementor-element-ff35983 elementor-widget elementor-widget-heading\" data-id=\"ff35983\" data-element_type=\"widget\" data-widget_type=\"heading.default\">\n\t\t\t\t<div class=\"elementor-widget-container\">\n\t\t\t\t\t<h2 class=\"elementor-heading-title elementor-size-default\">Reciclaje de residuos<\/h2>\t\t\t\t<\/div>\n\t\t\t\t<\/div>\n\t\t\t\t<div class=\"elementor-element elementor-element-04106c5 elementor-widget elementor-widget-text-editor\" data-id=\"04106c5\" data-element_type=\"widget\" data-widget_type=\"text-editor.default\">\n\t\t\t\t<div class=\"elementor-widget-container\">\n\t\t\t\t\t\t\t\t\t<p>Todos los desechos generados por nuestra producci\u00f3n ser\u00e1n desechados de manera centralizada, y todos los materiales reciclables ser\u00e1n reciclados de acuerdo con los procedimientos, reduciendo as\u00ed la contaminaci\u00f3n ambiental.<\/p>\n\t\t\t\t\t\t\t\t<\/div>\n\t\t\t\t<\/div>\n\t\t\t\t\t<\/div>\n\t\t\t\t<\/div>\n\t\t<div class=\"elementor-element elementor-element-8378971 e-flex e-con-boxed e-con e-child\" data-id=\"8378971\" data-element_type=\"container\" data-settings=\"{&quot;_ha_eqh_enable&quot;:false}\">\n\t\t\t\t\t<div class=\"e-con-inner\">\n\t\t\t\t<div class=\"elementor-element elementor-element-80a0fa1 elementor-widget elementor-widget-image\" data-id=\"80a0fa1\" data-element_type=\"widget\" data-widget_type=\"image.default\">\n\t\t\t\t<div class=\"elementor-widget-container\">\n\t\t\t\t\t\t\t\t\t\t\t\t\t\t\t<img loading=\"lazy\" decoding=\"async\" width=\"1024\" height=\"768\" src=\"https:\/\/gmz.ltd\/wp-content\/uploads\/2023\/09\/Waste-Recycling-1-1024x768.png\" class=\"attachment-large size-large wp-image-5068\" alt=\"\" srcset=\"https:\/\/gmz.ltd\/wp-content\/uploads\/2023\/09\/Waste-Recycling-1-1024x768.png 1024w, https:\/\/gmz.ltd\/wp-content\/uploads\/2023\/09\/Waste-Recycling-1-800x600.png 800w, https:\/\/gmz.ltd\/wp-content\/uploads\/2023\/09\/Waste-Recycling-1-300x225.png 300w, https:\/\/gmz.ltd\/wp-content\/uploads\/2023\/09\/Waste-Recycling-1-768x576.png 768w, https:\/\/gmz.ltd\/wp-content\/uploads\/2023\/09\/Waste-Recycling-1.png 1300w\" sizes=\"(max-width: 1024px) 100vw, 1024px\" \/>\t\t\t\t\t\t\t\t\t\t\t\t\t\t\t<\/div>\n\t\t\t\t<\/div>\n\t\t\t\t\t<\/div>\n\t\t\t\t<\/div>\n\t\t\t\t\t<\/div>\n\t\t\t\t<\/div>\n\t\t\t\t<\/div>\n\t\t","protected":false},"excerpt":{"rendered":"<p>Medio ambiente Material sostenible Nuestra materia prima de papel proviene de grandes y reputados proveedores de papel como Sun, APP, Five Star, etc. Esto significa que no se utilizan bosques primarios. Usamos tintas a base de agua y tintas de soya para asegurar que los productos cumplan con los est\u00e1ndares de calidad para contacto con [&hellip;]<\/p>\n","protected":false},"author":1,"featured_media":0,"parent":0,"menu_order":0,"comment_status":"closed","ping_status":"closed","template":"","meta":{"_joinchat":[],"footnotes":""},"class_list":["post-7693","page","type-page","status-publish","hentry"],"blocksy_meta":{"has_hero_section":"disabled","vertical_spacing_source":"custom","content_area_spacing":"none"},"acf":[],"yoast_head":"<!-- This site is optimized with the Yoast SEO Premium plugin v22.5 (Yoast SEO v26.6) - https:\/\/yoast.com\/wordpress\/plugins\/seo\/ -->\n<title>Nuestro compromiso con el medio ambiente - GMZ<\/title>\n<meta name=\"description\" content=\"GMZ est\u00e1 dedicado a proteger el medio ambiente con soluciones de empaquetado ecol\u00f3gicas. Conozca nuestras pr\u00e1cticas y productos sostenibles.\" \/>\n<meta name=\"robots\" content=\"index, follow, max-snippet:-1, max-image-preview:large, max-video-preview:-1\" \/>\n<link rel=\"canonical\" href=\"https:\/\/gmz.ltd\/es\/medio-ambiente\/\" \/>\n<meta property=\"og:locale\" content=\"es_ES\" \/>\n<meta property=\"og:type\" content=\"article\" \/>\n<meta property=\"og:title\" content=\"Medio ambiente\" \/>\n<meta property=\"og:description\" content=\"GMZ est\u00e1 dedicado a proteger el medio ambiente con soluciones de empaquetado ecol\u00f3gicas. Conozca nuestras pr\u00e1cticas y productos sostenibles.\" \/>\n<meta property=\"og:url\" content=\"https:\/\/gmz.ltd\/es\/medio-ambiente\/\" \/>\n<meta property=\"og:site_name\" content=\"GMZ\" \/>\n<meta property=\"article:modified_time\" content=\"2025-05-22T03:53:09+00:00\" \/>\n<meta property=\"og:image\" content=\"https:\/\/gmz.ltd\/wp-content\/uploads\/2023\/11\/line-2.png\" \/>\n\t<meta property=\"og:image:width\" content=\"407\" \/>\n\t<meta property=\"og:image:height\" content=\"8\" \/>\n\t<meta property=\"og:image:type\" content=\"image\/png\" \/>\n<meta name=\"twitter:card\" content=\"summary_large_image\" \/>\n<meta name=\"twitter:label1\" content=\"Tiempo de lectura\" \/>\n\t<meta name=\"twitter:data1\" content=\"3 minutos\" \/>\n<script type=\"application\/ld+json\" class=\"yoast-schema-graph\">{\"@context\":\"https:\/\/schema.org\",\"@graph\":[{\"@type\":\"WebPage\",\"@id\":\"https:\/\/gmz.ltd\/es\/medio-ambiente\/\",\"url\":\"https:\/\/gmz.ltd\/es\/medio-ambiente\/\",\"name\":\"Nuestro compromiso con el medio ambiente - GMZ\",\"isPartOf\":{\"@id\":\"https:\/\/gmz.ltd\/es\/#website\"},\"primaryImageOfPage\":{\"@id\":\"https:\/\/gmz.ltd\/es\/medio-ambiente\/#primaryimage\"},\"image\":{\"@id\":\"https:\/\/gmz.ltd\/es\/medio-ambiente\/#primaryimage\"},\"thumbnailUrl\":\"https:\/\/gmz.ltd\/wp-content\/uploads\/2023\/11\/line-2.png\",\"datePublished\":\"2023-09-09T09:41:51+00:00\",\"dateModified\":\"2025-05-22T03:53:09+00:00\",\"description\":\"GMZ est\u00e1 dedicado a proteger el medio ambiente con soluciones de empaquetado ecol\u00f3gicas. Conozca nuestras pr\u00e1cticas y productos sostenibles.\",\"breadcrumb\":{\"@id\":\"https:\/\/gmz.ltd\/es\/medio-ambiente\/#breadcrumb\"},\"inLanguage\":\"es\",\"potentialAction\":[{\"@type\":\"ReadAction\",\"target\":[\"https:\/\/gmz.ltd\/es\/medio-ambiente\/\"]}]},{\"@type\":\"ImageObject\",\"inLanguage\":\"es\",\"@id\":\"https:\/\/gmz.ltd\/es\/medio-ambiente\/#primaryimage\",\"url\":\"https:\/\/gmz.ltd\/wp-content\/uploads\/2023\/11\/line-2.png\",\"contentUrl\":\"https:\/\/gmz.ltd\/wp-content\/uploads\/2023\/11\/line-2.png\"},{\"@type\":\"BreadcrumbList\",\"@id\":\"https:\/\/gmz.ltd\/es\/medio-ambiente\/#breadcrumb\",\"itemListElement\":[{\"@type\":\"ListItem\",\"position\":1,\"name\":\"hogar\",\"item\":\"https:\/\/gmz.ltd\/es\/\"},{\"@type\":\"ListItem\",\"position\":2,\"name\":\"Medio ambiente\"}]},{\"@type\":\"WebSite\",\"@id\":\"https:\/\/gmz.ltd\/es\/#website\",\"url\":\"https:\/\/gmz.ltd\/es\/\",\"name\":\"GMZ\",\"description\":\"\",\"publisher\":{\"@id\":\"https:\/\/gmz.ltd\/es\/#organization\"},\"potentialAction\":[{\"@type\":\"SearchAction\",\"target\":{\"@type\":\"EntryPoint\",\"urlTemplate\":\"https:\/\/gmz.ltd\/es\/?s={search_term_string}\"},\"query-input\":{\"@type\":\"PropertyValueSpecification\",\"valueRequired\":true,\"valueName\":\"search_term_string\"}}],\"inLanguage\":\"es\"},{\"@type\":\"Organization\",\"@id\":\"https:\/\/gmz.ltd\/es\/#organization\",\"name\":\"GMZ\",\"url\":\"https:\/\/gmz.ltd\/es\/\",\"logo\":{\"@type\":\"ImageObject\",\"inLanguage\":\"es\",\"@id\":\"https:\/\/gmz.ltd\/es\/#\/schema\/logo\/image\/\",\"url\":\"https:\/\/gmz.ltd\/wp-content\/uploads\/2024\/11\/gmzpack.svg\",\"contentUrl\":\"https:\/\/gmz.ltd\/wp-content\/uploads\/2024\/11\/gmzpack.svg\",\"width\":170,\"height\":79,\"caption\":\"GMZ\"},\"image\":{\"@id\":\"https:\/\/gmz.ltd\/es\/#\/schema\/logo\/image\/\"}}]}<\/script>\n<!-- \/ Yoast SEO Premium plugin. -->","yoast_head_json":{"title":"Nuestro compromiso con el medio ambiente - GMZ","description":"GMZ est\u00e1 dedicado a proteger el medio ambiente con soluciones de empaquetado ecol\u00f3gicas. Conozca nuestras pr\u00e1cticas y productos sostenibles.","robots":{"index":"index","follow":"follow","max-snippet":"max-snippet:-1","max-image-preview":"max-image-preview:large","max-video-preview":"max-video-preview:-1"},"canonical":"https:\/\/gmz.ltd\/es\/medio-ambiente\/","og_locale":"es_ES","og_type":"article","og_title":"Medio ambiente","og_description":"GMZ est\u00e1 dedicado a proteger el medio ambiente con soluciones de empaquetado ecol\u00f3gicas. Conozca nuestras pr\u00e1cticas y productos sostenibles.","og_url":"https:\/\/gmz.ltd\/es\/medio-ambiente\/","og_site_name":"GMZ","article_modified_time":"2025-05-22T03:53:09+00:00","og_image":[{"width":407,"height":8,"url":"https:\/\/gmz.ltd\/wp-content\/uploads\/2023\/11\/line-2.png","type":"image\/png"}],"twitter_card":"summary_large_image","twitter_misc":{"Tiempo de lectura":"3 minutos"},"schema":{"@context":"https:\/\/schema.org","@graph":[{"@type":"WebPage","@id":"https:\/\/gmz.ltd\/es\/medio-ambiente\/","url":"https:\/\/gmz.ltd\/es\/medio-ambiente\/","name":"Nuestro compromiso con el medio ambiente - GMZ","isPartOf":{"@id":"https:\/\/gmz.ltd\/es\/#website"},"primaryImageOfPage":{"@id":"https:\/\/gmz.ltd\/es\/medio-ambiente\/#primaryimage"},"image":{"@id":"https:\/\/gmz.ltd\/es\/medio-ambiente\/#primaryimage"},"thumbnailUrl":"https:\/\/gmz.ltd\/wp-content\/uploads\/2023\/11\/line-2.png","datePublished":"2023-09-09T09:41:51+00:00","dateModified":"2025-05-22T03:53:09+00:00","description":"GMZ est\u00e1 dedicado a proteger el medio ambiente con soluciones de empaquetado ecol\u00f3gicas. Conozca nuestras pr\u00e1cticas y productos sostenibles.","breadcrumb":{"@id":"https:\/\/gmz.ltd\/es\/medio-ambiente\/#breadcrumb"},"inLanguage":"es","potentialAction":[{"@type":"ReadAction","target":["https:\/\/gmz.ltd\/es\/medio-ambiente\/"]}]},{"@type":"ImageObject","inLanguage":"es","@id":"https:\/\/gmz.ltd\/es\/medio-ambiente\/#primaryimage","url":"https:\/\/gmz.ltd\/wp-content\/uploads\/2023\/11\/line-2.png","contentUrl":"https:\/\/gmz.ltd\/wp-content\/uploads\/2023\/11\/line-2.png"},{"@type":"BreadcrumbList","@id":"https:\/\/gmz.ltd\/es\/medio-ambiente\/#breadcrumb","itemListElement":[{"@type":"ListItem","position":1,"name":"hogar","item":"https:\/\/gmz.ltd\/es\/"},{"@type":"ListItem","position":2,"name":"Medio ambiente"}]},{"@type":"WebSite","@id":"https:\/\/gmz.ltd\/es\/#website","url":"https:\/\/gmz.ltd\/es\/","name":"GMZ","description":"","publisher":{"@id":"https:\/\/gmz.ltd\/es\/#organization"},"potentialAction":[{"@type":"SearchAction","target":{"@type":"EntryPoint","urlTemplate":"https:\/\/gmz.ltd\/es\/?s={search_term_string}"},"query-input":{"@type":"PropertyValueSpecification","valueRequired":true,"valueName":"search_term_string"}}],"inLanguage":"es"},{"@type":"Organization","@id":"https:\/\/gmz.ltd\/es\/#organization","name":"GMZ","url":"https:\/\/gmz.ltd\/es\/","logo":{"@type":"ImageObject","inLanguage":"es","@id":"https:\/\/gmz.ltd\/es\/#\/schema\/logo\/image\/","url":"https:\/\/gmz.ltd\/wp-content\/uploads\/2024\/11\/gmzpack.svg","contentUrl":"https:\/\/gmz.ltd\/wp-content\/uploads\/2024\/11\/gmzpack.svg","width":170,"height":79,"caption":"GMZ"},"image":{"@id":"https:\/\/gmz.ltd\/es\/#\/schema\/logo\/image\/"}}]}},"_links":{"self":[{"href":"https:\/\/gmz.ltd\/es\/wp-json\/wp\/v2\/pages\/7693","targetHints":{"allow":["GET"]}}],"collection":[{"href":"https:\/\/gmz.ltd\/es\/wp-json\/wp\/v2\/pages"}],"about":[{"href":"https:\/\/gmz.ltd\/es\/wp-json\/wp\/v2\/types\/page"}],"author":[{"embeddable":true,"href":"https:\/\/gmz.ltd\/es\/wp-json\/wp\/v2\/users\/1"}],"replies":[{"embeddable":true,"href":"https:\/\/gmz.ltd\/es\/wp-json\/wp\/v2\/comments?post=7693"}],"version-history":[{"count":7,"href":"https:\/\/gmz.ltd\/es\/wp-json\/wp\/v2\/pages\/7693\/revisions"}],"predecessor-version":[{"id":19440,"href":"https:\/\/gmz.ltd\/es\/wp-json\/wp\/v2\/pages\/7693\/revisions\/19440"}],"wp:attachment":[{"href":"https:\/\/gmz.ltd\/es\/wp-json\/wp\/v2\/media?parent=7693"}],"curies":[{"name":"wp","href":"https:\/\/api.w.org\/{rel}","templated":true}]}}