{"id":7771,"date":"2023-09-08T01:54:51","date_gmt":"2023-09-08T01:54:51","guid":{"rendered":"https:\/\/gmz.ltd\/sostenibilidad\/"},"modified":"2024-03-27T07:19:19","modified_gmt":"2024-03-27T07:19:19","slug":"sostenibilidad","status":"publish","type":"page","link":"https:\/\/gmz.ltd\/es\/sostenibilidad\/","title":{"rendered":"Sostenibilidad"},"content":{"rendered":"\t\t<div data-elementor-type=\"wp-page\" data-elementor-id=\"7771\" class=\"elementor elementor-7771 elementor-40\" data-elementor-settings=\"{&quot;ha_cmc_init_switcher&quot;:&quot;no&quot;}\" data-elementor-post-type=\"page\">\n\t\t\t\t<div class=\"elementor-element elementor-element-bf0d96d e-flex e-con-boxed e-con e-parent\" data-id=\"bf0d96d\" data-element_type=\"container\" data-settings=\"{&quot;background_background&quot;:&quot;classic&quot;,&quot;_ha_eqh_enable&quot;:false}\">\n\t\t\t\t\t<div class=\"e-con-inner\">\n\t\t\t\t<div class=\"elementor-element elementor-element-52eb985 elementor-widget elementor-widget-heading\" data-id=\"52eb985\" data-element_type=\"widget\" data-widget_type=\"heading.default\">\n\t\t\t\t<div class=\"elementor-widget-container\">\n\t\t\t\t\t<h1 class=\"elementor-heading-title elementor-size-default\">Sostenibilidad<\/h1>\t\t\t\t<\/div>\n\t\t\t\t<\/div>\n\t\t\t\t<div class=\"elementor-element elementor-element-c4a0605 elementor-widget elementor-widget-image\" data-id=\"c4a0605\" data-element_type=\"widget\" data-widget_type=\"image.default\">\n\t\t\t\t<div class=\"elementor-widget-container\">\n\t\t\t\t\t\t\t\t\t\t\t\t\t\t\t<img decoding=\"async\" width=\"320\" height=\"16\" src=\"https:\/\/gmz.ltd\/wp-content\/uploads\/2023\/09\/line.png\" class=\"attachment-large size-large wp-image-4708\" alt=\"\" srcset=\"https:\/\/gmz.ltd\/wp-content\/uploads\/2023\/09\/line.png 320w, https:\/\/gmz.ltd\/wp-content\/uploads\/2023\/09\/line-300x15.png 300w\" sizes=\"(max-width: 320px) 100vw, 320px\" \/>\t\t\t\t\t\t\t\t\t\t\t\t\t\t\t<\/div>\n\t\t\t\t<\/div>\n\t\t\t\t<div class=\"elementor-element elementor-element-01497b1 elementor-widget elementor-widget-text-editor\" data-id=\"01497b1\" data-element_type=\"widget\" data-widget_type=\"text-editor.default\">\n\t\t\t\t<div class=\"elementor-widget-container\">\n\t\t\t\t\t\t\t\t\t<p>Al elegir GMZ, apoyas a una empresa comprometida con la responsabilidad <br \/>ambiental y social.<\/p>\n\t\t\t\t\t\t\t\t<\/div>\n\t\t\t\t<\/div>\n\t\t\t\t\t<\/div>\n\t\t\t\t<\/div>\n\t\t<div class=\"elementor-element elementor-element-2c28081 e-con-full e-flex e-con e-parent\" data-id=\"2c28081\" data-element_type=\"container\" data-settings=\"{&quot;_ha_eqh_enable&quot;:false}\">\n\t\t<div class=\"elementor-element elementor-element-6bfcf03 e-con-full e-flex e-con e-child\" data-id=\"6bfcf03\" data-element_type=\"container\" data-settings=\"{&quot;background_background&quot;:&quot;classic&quot;,&quot;_ha_eqh_enable&quot;:false}\">\n\t\t\t\t<\/div>\n\t\t<div class=\"elementor-element elementor-element-c5e9fb0 e-con-full e-flex e-con e-child\" data-id=\"c5e9fb0\" data-element_type=\"container\" data-settings=\"{&quot;background_background&quot;:&quot;classic&quot;,&quot;_ha_eqh_enable&quot;:false}\">\n\t\t<div class=\"elementor-element elementor-element-698f66b e-flex e-con-boxed elementor-invisible e-con e-child\" data-id=\"698f66b\" data-element_type=\"container\" data-settings=\"{&quot;animation&quot;:&quot;zoomIn&quot;,&quot;_ha_eqh_enable&quot;:false}\">\n\t\t\t\t\t<div class=\"e-con-inner\">\n\t\t\t\t<div class=\"elementor-element elementor-element-e0c6309 elementor-widget elementor-widget-heading\" data-id=\"e0c6309\" data-element_type=\"widget\" data-widget_type=\"heading.default\">\n\t\t\t\t<div class=\"elementor-widget-container\">\n\t\t\t\t\t<h2 class=\"elementor-heading-title elementor-size-default\">Medio ambiente<\/h2>\t\t\t\t<\/div>\n\t\t\t\t<\/div>\n\t\t\t\t<div class=\"elementor-element elementor-element-51aa5ee elementor-widget elementor-widget-text-editor\" data-id=\"51aa5ee\" data-element_type=\"widget\" data-widget_type=\"text-editor.default\">\n\t\t\t\t<div class=\"elementor-widget-container\">\n\t\t\t\t\t\t\t\t\t<p>En GMZ, nuestro enfoque hacia el medio ambiente es hol\u00edstico. Somos una empresa consciente del medio ambiente, por lo que continuamente nos esforzamos por mejorar e innovar para sostener nuestro entorno y asegurar nuestro propio futuro.<\/p>\n\t\t\t\t\t\t\t\t<\/div>\n\t\t\t\t<\/div>\n\t\t\t\t<div class=\"elementor-element elementor-element-22493b6 elementor-align-center elementor-widget elementor-widget-button\" data-id=\"22493b6\" data-element_type=\"widget\" data-widget_type=\"button.default\">\n\t\t\t\t<div class=\"elementor-widget-container\">\n\t\t\t\t\t\t\t\t\t<div class=\"elementor-button-wrapper\">\n\t\t\t\t\t<a class=\"elementor-button elementor-button-link elementor-size-md\" href=\"https:\/\/gmz.ltd\/es\/medio-ambiente\/\">\n\t\t\t\t\t\t<span class=\"elementor-button-content-wrapper\">\n\t\t\t\t\t\t\t\t\t<span class=\"elementor-button-text\">Descubre m\u00e1s<\/span>\n\t\t\t\t\t<\/span>\n\t\t\t\t\t<\/a>\n\t\t\t\t<\/div>\n\t\t\t\t\t\t\t\t<\/div>\n\t\t\t\t<\/div>\n\t\t\t\t\t<\/div>\n\t\t\t\t<\/div>\n\t\t\t\t<\/div>\n\t\t\t\t<\/div>\n\t\t<div class=\"elementor-element elementor-element-bee9595 e-con-full e-flex e-con e-parent\" data-id=\"bee9595\" data-element_type=\"container\" data-settings=\"{&quot;_ha_eqh_enable&quot;:false}\">\n\t\t<div class=\"elementor-element elementor-element-73c00bf e-con-full e-flex e-con e-child\" data-id=\"73c00bf\" data-element_type=\"container\" data-settings=\"{&quot;background_background&quot;:&quot;classic&quot;,&quot;_ha_eqh_enable&quot;:false}\">\n\t\t<div class=\"elementor-element elementor-element-087ba59 e-flex e-con-boxed elementor-invisible e-con e-child\" data-id=\"087ba59\" data-element_type=\"container\" data-settings=\"{&quot;animation&quot;:&quot;zoomIn&quot;,&quot;_ha_eqh_enable&quot;:false}\">\n\t\t\t\t\t<div class=\"e-con-inner\">\n\t\t\t\t<div class=\"elementor-element elementor-element-7fa4016 elementor-widget elementor-widget-heading\" data-id=\"7fa4016\" data-element_type=\"widget\" data-widget_type=\"heading.default\">\n\t\t\t\t<div class=\"elementor-widget-container\">\n\t\t\t\t\t<h2 class=\"elementor-heading-title elementor-size-default\">Comunidad &amp; Personas<\/h2>\t\t\t\t<\/div>\n\t\t\t\t<\/div>\n\t\t\t\t<div class=\"elementor-element elementor-element-c0f03d9 elementor-widget elementor-widget-text-editor\" data-id=\"c0f03d9\" data-element_type=\"widget\" data-widget_type=\"text-editor.default\">\n\t\t\t\t<div class=\"elementor-widget-container\">\n\t\t\t\t\t\t\t\t\t<p>No somos solo exportadores, sino tambi\u00e9n fabricantes.<br \/>GMZ siempre presta atenci\u00f3n a la responsabilidad social corporativa, y estamos orgullosos de pasar la auditor\u00eda de responsabilidad social de clientes globales, lo que nos insta a seguir avanzando.<\/p>\n\t\t\t\t\t\t\t\t<\/div>\n\t\t\t\t<\/div>\n\t\t\t\t<div class=\"elementor-element elementor-element-2188f93 elementor-align-center elementor-widget elementor-widget-button\" data-id=\"2188f93\" data-element_type=\"widget\" data-widget_type=\"button.default\">\n\t\t\t\t<div class=\"elementor-widget-container\">\n\t\t\t\t\t\t\t\t\t<div class=\"elementor-button-wrapper\">\n\t\t\t\t\t<a class=\"elementor-button elementor-button-link elementor-size-md\" href=\"https:\/\/gmz.ltd\/es\/comunidad-personas\/\">\n\t\t\t\t\t\t<span class=\"elementor-button-content-wrapper\">\n\t\t\t\t\t\t\t\t\t<span class=\"elementor-button-text\">Descubre m\u00e1s<\/span>\n\t\t\t\t\t<\/span>\n\t\t\t\t\t<\/a>\n\t\t\t\t<\/div>\n\t\t\t\t\t\t\t\t<\/div>\n\t\t\t\t<\/div>\n\t\t\t\t\t<\/div>\n\t\t\t\t<\/div>\n\t\t\t\t<\/div>\n\t\t<div class=\"elementor-element elementor-element-d68ec46 e-con-full e-flex e-con e-child\" data-id=\"d68ec46\" data-element_type=\"container\" data-settings=\"{&quot;background_background&quot;:&quot;classic&quot;,&quot;_ha_eqh_enable&quot;:false}\">\n\t\t\t\t<\/div>\n\t\t\t\t<\/div>\n\t\t<div class=\"elementor-element elementor-element-3ee0822 e-flex e-con-boxed e-con e-parent\" data-id=\"3ee0822\" data-element_type=\"container\" data-settings=\"{&quot;background_background&quot;:&quot;classic&quot;,&quot;_ha_eqh_enable&quot;:false}\">\n\t\t\t\t\t<div class=\"e-con-inner\">\n\t\t\t\t<div class=\"elementor-element elementor-element-95bd2e7 elementor-widget elementor-widget-heading\" data-id=\"95bd2e7\" data-element_type=\"widget\" data-widget_type=\"heading.default\">\n\t\t\t\t<div class=\"elementor-widget-container\">\n\t\t\t\t\t<h2 class=\"elementor-heading-title elementor-size-default\">\u00bfEst\u00e1 interesado en nuestros productos?<\/h2>\t\t\t\t<\/div>\n\t\t\t\t<\/div>\n\t\t\t\t<div class=\"elementor-element elementor-element-6453479 elementor-widget elementor-widget-text-editor\" data-id=\"6453479\" data-element_type=\"widget\" data-widget_type=\"text-editor.default\">\n\t\t\t\t<div class=\"elementor-widget-container\">\n\t\t\t\t\t\t\t\t\t<p>Simplemente p\u00f3ngase en contacto y podremos ayudarle con su consulta.<\/p>\n\t\t\t\t\t\t\t\t<\/div>\n\t\t\t\t<\/div>\n\t\t\t\t<div class=\"elementor-element elementor-element-295743b elementor-align-center elementor-widget elementor-widget-button\" data-id=\"295743b\" data-element_type=\"widget\" data-widget_type=\"button.default\">\n\t\t\t\t<div class=\"elementor-widget-container\">\n\t\t\t\t\t\t\t\t\t<div class=\"elementor-button-wrapper\">\n\t\t\t\t\t<a class=\"elementor-button elementor-button-link elementor-size-md\" href=\"https:\/\/gmz.ltd\/es\/contactenos\/\">\n\t\t\t\t\t\t<span class=\"elementor-button-content-wrapper\">\n\t\t\t\t\t\t\t\t\t<span class=\"elementor-button-text\">Cont\u00e1ctenos<\/span>\n\t\t\t\t\t<\/span>\n\t\t\t\t\t<\/a>\n\t\t\t\t<\/div>\n\t\t\t\t\t\t\t\t<\/div>\n\t\t\t\t<\/div>\n\t\t\t\t\t<\/div>\n\t\t\t\t<\/div>\n\t\t\t\t<\/div>\n\t\t","protected":false},"excerpt":{"rendered":"<p>Sostenibilidad Al elegir GMZ, apoyas a una empresa comprometida con la responsabilidad ambiental y social. Medio ambiente En GMZ, nuestro enfoque hacia el medio ambiente es hol\u00edstico. Somos una empresa consciente del medio ambiente, por lo que continuamente nos esforzamos por mejorar e innovar para sostener nuestro entorno y asegurar nuestro propio futuro. Descubre m\u00e1s [&hellip;]<\/p>\n","protected":false},"author":1,"featured_media":0,"parent":0,"menu_order":0,"comment_status":"closed","ping_status":"closed","template":"","meta":{"_joinchat":[],"footnotes":""},"class_list":["post-7771","page","type-page","status-publish","hentry"],"blocksy_meta":{"has_hero_section":"disabled","vertical_spacing_source":"custom","content_area_spacing":"none"},"acf":[],"yoast_head":"<!-- This site is optimized with the Yoast SEO Premium plugin v22.5 (Yoast SEO v26.6) - https:\/\/yoast.com\/wordpress\/plugins\/seo\/ -->\n<title>Sostenibilidad - Nuestras pr\u00e1cticasGMZ<\/title>\n<meta name=\"description\" content=\"Conozca los esfuerzos de sostenibilidad de GMZ. Estamos dedicados a proporcionar productos de empaque de alimentos ecol\u00f3gicos y pr\u00e1cticas \u00e9ticas\" \/>\n<meta name=\"robots\" content=\"index, follow, max-snippet:-1, max-image-preview:large, max-video-preview:-1\" \/>\n<link rel=\"canonical\" href=\"https:\/\/gmz.ltd\/es\/sostenibilidad\/\" \/>\n<meta property=\"og:locale\" content=\"es_ES\" \/>\n<meta property=\"og:type\" content=\"article\" \/>\n<meta property=\"og:title\" content=\"Sostenibilidad\" \/>\n<meta property=\"og:description\" content=\"Conozca los esfuerzos de sostenibilidad de GMZ. Estamos dedicados a proporcionar productos de empaque de alimentos ecol\u00f3gicos y pr\u00e1cticas \u00e9ticas\" \/>\n<meta property=\"og:url\" content=\"https:\/\/gmz.ltd\/es\/sostenibilidad\/\" \/>\n<meta property=\"og:site_name\" content=\"GMZ\" \/>\n<meta property=\"article:modified_time\" content=\"2024-03-27T07:19:19+00:00\" \/>\n<meta property=\"og:image\" content=\"https:\/\/gmz.ltd\/wp-content\/uploads\/2023\/09\/line.png\" \/>\n<meta name=\"twitter:card\" content=\"summary_large_image\" \/>\n<meta name=\"twitter:label1\" content=\"Tiempo de lectura\" \/>\n\t<meta name=\"twitter:data1\" content=\"1 minuto\" \/>\n<script type=\"application\/ld+json\" class=\"yoast-schema-graph\">{\"@context\":\"https:\/\/schema.org\",\"@graph\":[{\"@type\":\"WebPage\",\"@id\":\"https:\/\/gmz.ltd\/es\/sostenibilidad\/\",\"url\":\"https:\/\/gmz.ltd\/es\/sostenibilidad\/\",\"name\":\"Sostenibilidad - Nuestras pr\u00e1cticasGMZ\",\"isPartOf\":{\"@id\":\"https:\/\/gmz.ltd\/es\/#website\"},\"primaryImageOfPage\":{\"@id\":\"https:\/\/gmz.ltd\/es\/sostenibilidad\/#primaryimage\"},\"image\":{\"@id\":\"https:\/\/gmz.ltd\/es\/sostenibilidad\/#primaryimage\"},\"thumbnailUrl\":\"https:\/\/gmz.ltd\/wp-content\/uploads\/2023\/09\/line.png\",\"datePublished\":\"2023-09-08T01:54:51+00:00\",\"dateModified\":\"2024-03-27T07:19:19+00:00\",\"description\":\"Conozca los esfuerzos de sostenibilidad de GMZ. Estamos dedicados a proporcionar productos de empaque de alimentos ecol\u00f3gicos y pr\u00e1cticas \u00e9ticas\",\"breadcrumb\":{\"@id\":\"https:\/\/gmz.ltd\/es\/sostenibilidad\/#breadcrumb\"},\"inLanguage\":\"es\",\"potentialAction\":[{\"@type\":\"ReadAction\",\"target\":[\"https:\/\/gmz.ltd\/es\/sostenibilidad\/\"]}]},{\"@type\":\"ImageObject\",\"inLanguage\":\"es\",\"@id\":\"https:\/\/gmz.ltd\/es\/sostenibilidad\/#primaryimage\",\"url\":\"https:\/\/gmz.ltd\/wp-content\/uploads\/2023\/09\/line.png\",\"contentUrl\":\"https:\/\/gmz.ltd\/wp-content\/uploads\/2023\/09\/line.png\"},{\"@type\":\"BreadcrumbList\",\"@id\":\"https:\/\/gmz.ltd\/es\/sostenibilidad\/#breadcrumb\",\"itemListElement\":[{\"@type\":\"ListItem\",\"position\":1,\"name\":\"hogar\",\"item\":\"https:\/\/gmz.ltd\/es\/\"},{\"@type\":\"ListItem\",\"position\":2,\"name\":\"Sostenibilidad\"}]},{\"@type\":\"WebSite\",\"@id\":\"https:\/\/gmz.ltd\/es\/#website\",\"url\":\"https:\/\/gmz.ltd\/es\/\",\"name\":\"GMZ\",\"description\":\"\",\"publisher\":{\"@id\":\"https:\/\/gmz.ltd\/es\/#organization\"},\"potentialAction\":[{\"@type\":\"SearchAction\",\"target\":{\"@type\":\"EntryPoint\",\"urlTemplate\":\"https:\/\/gmz.ltd\/es\/?s={search_term_string}\"},\"query-input\":{\"@type\":\"PropertyValueSpecification\",\"valueRequired\":true,\"valueName\":\"search_term_string\"}}],\"inLanguage\":\"es\"},{\"@type\":\"Organization\",\"@id\":\"https:\/\/gmz.ltd\/es\/#organization\",\"name\":\"GMZ\",\"url\":\"https:\/\/gmz.ltd\/es\/\",\"logo\":{\"@type\":\"ImageObject\",\"inLanguage\":\"es\",\"@id\":\"https:\/\/gmz.ltd\/es\/#\/schema\/logo\/image\/\",\"url\":\"https:\/\/gmz.ltd\/wp-content\/uploads\/2024\/11\/gmzpack.svg\",\"contentUrl\":\"https:\/\/gmz.ltd\/wp-content\/uploads\/2024\/11\/gmzpack.svg\",\"width\":170,\"height\":79,\"caption\":\"GMZ\"},\"image\":{\"@id\":\"https:\/\/gmz.ltd\/es\/#\/schema\/logo\/image\/\"}}]}<\/script>\n<!-- \/ Yoast SEO Premium plugin. -->","yoast_head_json":{"title":"Sostenibilidad - Nuestras pr\u00e1cticasGMZ","description":"Conozca los esfuerzos de sostenibilidad de GMZ. Estamos dedicados a proporcionar productos de empaque de alimentos ecol\u00f3gicos y pr\u00e1cticas \u00e9ticas","robots":{"index":"index","follow":"follow","max-snippet":"max-snippet:-1","max-image-preview":"max-image-preview:large","max-video-preview":"max-video-preview:-1"},"canonical":"https:\/\/gmz.ltd\/es\/sostenibilidad\/","og_locale":"es_ES","og_type":"article","og_title":"Sostenibilidad","og_description":"Conozca los esfuerzos de sostenibilidad de GMZ. Estamos dedicados a proporcionar productos de empaque de alimentos ecol\u00f3gicos y pr\u00e1cticas \u00e9ticas","og_url":"https:\/\/gmz.ltd\/es\/sostenibilidad\/","og_site_name":"GMZ","article_modified_time":"2024-03-27T07:19:19+00:00","og_image":[{"url":"https:\/\/gmz.ltd\/wp-content\/uploads\/2023\/09\/line.png","type":"","width":"","height":""}],"twitter_card":"summary_large_image","twitter_misc":{"Tiempo de lectura":"1 minuto"},"schema":{"@context":"https:\/\/schema.org","@graph":[{"@type":"WebPage","@id":"https:\/\/gmz.ltd\/es\/sostenibilidad\/","url":"https:\/\/gmz.ltd\/es\/sostenibilidad\/","name":"Sostenibilidad - Nuestras pr\u00e1cticasGMZ","isPartOf":{"@id":"https:\/\/gmz.ltd\/es\/#website"},"primaryImageOfPage":{"@id":"https:\/\/gmz.ltd\/es\/sostenibilidad\/#primaryimage"},"image":{"@id":"https:\/\/gmz.ltd\/es\/sostenibilidad\/#primaryimage"},"thumbnailUrl":"https:\/\/gmz.ltd\/wp-content\/uploads\/2023\/09\/line.png","datePublished":"2023-09-08T01:54:51+00:00","dateModified":"2024-03-27T07:19:19+00:00","description":"Conozca los esfuerzos de sostenibilidad de GMZ. Estamos dedicados a proporcionar productos de empaque de alimentos ecol\u00f3gicos y pr\u00e1cticas \u00e9ticas","breadcrumb":{"@id":"https:\/\/gmz.ltd\/es\/sostenibilidad\/#breadcrumb"},"inLanguage":"es","potentialAction":[{"@type":"ReadAction","target":["https:\/\/gmz.ltd\/es\/sostenibilidad\/"]}]},{"@type":"ImageObject","inLanguage":"es","@id":"https:\/\/gmz.ltd\/es\/sostenibilidad\/#primaryimage","url":"https:\/\/gmz.ltd\/wp-content\/uploads\/2023\/09\/line.png","contentUrl":"https:\/\/gmz.ltd\/wp-content\/uploads\/2023\/09\/line.png"},{"@type":"BreadcrumbList","@id":"https:\/\/gmz.ltd\/es\/sostenibilidad\/#breadcrumb","itemListElement":[{"@type":"ListItem","position":1,"name":"hogar","item":"https:\/\/gmz.ltd\/es\/"},{"@type":"ListItem","position":2,"name":"Sostenibilidad"}]},{"@type":"WebSite","@id":"https:\/\/gmz.ltd\/es\/#website","url":"https:\/\/gmz.ltd\/es\/","name":"GMZ","description":"","publisher":{"@id":"https:\/\/gmz.ltd\/es\/#organization"},"potentialAction":[{"@type":"SearchAction","target":{"@type":"EntryPoint","urlTemplate":"https:\/\/gmz.ltd\/es\/?s={search_term_string}"},"query-input":{"@type":"PropertyValueSpecification","valueRequired":true,"valueName":"search_term_string"}}],"inLanguage":"es"},{"@type":"Organization","@id":"https:\/\/gmz.ltd\/es\/#organization","name":"GMZ","url":"https:\/\/gmz.ltd\/es\/","logo":{"@type":"ImageObject","inLanguage":"es","@id":"https:\/\/gmz.ltd\/es\/#\/schema\/logo\/image\/","url":"https:\/\/gmz.ltd\/wp-content\/uploads\/2024\/11\/gmzpack.svg","contentUrl":"https:\/\/gmz.ltd\/wp-content\/uploads\/2024\/11\/gmzpack.svg","width":170,"height":79,"caption":"GMZ"},"image":{"@id":"https:\/\/gmz.ltd\/es\/#\/schema\/logo\/image\/"}}]}},"_links":{"self":[{"href":"https:\/\/gmz.ltd\/es\/wp-json\/wp\/v2\/pages\/7771","targetHints":{"allow":["GET"]}}],"collection":[{"href":"https:\/\/gmz.ltd\/es\/wp-json\/wp\/v2\/pages"}],"about":[{"href":"https:\/\/gmz.ltd\/es\/wp-json\/wp\/v2\/types\/page"}],"author":[{"embeddable":true,"href":"https:\/\/gmz.ltd\/es\/wp-json\/wp\/v2\/users\/1"}],"replies":[{"embeddable":true,"href":"https:\/\/gmz.ltd\/es\/wp-json\/wp\/v2\/comments?post=7771"}],"version-history":[{"count":3,"href":"https:\/\/gmz.ltd\/es\/wp-json\/wp\/v2\/pages\/7771\/revisions"}],"predecessor-version":[{"id":7774,"href":"https:\/\/gmz.ltd\/es\/wp-json\/wp\/v2\/pages\/7771\/revisions\/7774"}],"wp:attachment":[{"href":"https:\/\/gmz.ltd\/es\/wp-json\/wp\/v2\/media?parent=7771"}],"curies":[{"name":"wp","href":"https:\/\/api.w.org\/{rel}","templated":true}]}}