{"id":7779,"date":"2023-09-11T04:03:02","date_gmt":"2023-09-11T04:03:02","guid":{"rendered":"https:\/\/gmz.ltd\/video\/"},"modified":"2024-04-08T10:51:58","modified_gmt":"2024-04-08T10:51:58","slug":"video","status":"publish","type":"page","link":"https:\/\/gmz.ltd\/es\/video\/","title":{"rendered":"Video"},"content":{"rendered":"\t\t<div data-elementor-type=\"wp-page\" data-elementor-id=\"7779\" class=\"elementor elementor-7779 elementor-802\" data-elementor-settings=\"{&quot;ha_cmc_init_switcher&quot;:&quot;no&quot;}\" data-elementor-post-type=\"page\">\n\t\t\t\t<div class=\"elementor-element elementor-element-7abe0a8 e-flex e-con-boxed e-con e-parent\" data-id=\"7abe0a8\" data-element_type=\"container\" data-settings=\"{&quot;background_background&quot;:&quot;classic&quot;,&quot;_ha_eqh_enable&quot;:false}\">\n\t\t\t\t\t<div class=\"e-con-inner\">\n\t\t\t\t<div class=\"elementor-element elementor-element-beeee0a elementor-widget elementor-widget-heading\" data-id=\"beeee0a\" data-element_type=\"widget\" data-widget_type=\"heading.default\">\n\t\t\t\t<div class=\"elementor-widget-container\">\n\t\t\t\t\t<h1 class=\"elementor-heading-title elementor-size-default\">Video<\/h1>\t\t\t\t<\/div>\n\t\t\t\t<\/div>\n\t\t\t\t<div class=\"elementor-element elementor-element-5791f92 elementor-widget elementor-widget-image\" data-id=\"5791f92\" data-element_type=\"widget\" data-widget_type=\"image.default\">\n\t\t\t\t<div class=\"elementor-widget-container\">\n\t\t\t\t\t\t\t\t\t\t\t\t\t\t\t<img decoding=\"async\" width=\"320\" height=\"16\" src=\"https:\/\/gmz.ltd\/wp-content\/uploads\/2023\/09\/line.png\" class=\"attachment-large size-large wp-image-4708\" alt=\"\" srcset=\"https:\/\/gmz.ltd\/wp-content\/uploads\/2023\/09\/line.png 320w, https:\/\/gmz.ltd\/wp-content\/uploads\/2023\/09\/line-300x15.png 300w\" sizes=\"(max-width: 320px) 100vw, 320px\" \/>\t\t\t\t\t\t\t\t\t\t\t\t\t\t\t<\/div>\n\t\t\t\t<\/div>\n\t\t\t\t\t<\/div>\n\t\t\t\t<\/div>\n\t\t<div class=\"elementor-element elementor-element-4f9d65b e-grid e-con-boxed e-con e-parent\" data-id=\"4f9d65b\" data-element_type=\"container\" data-settings=\"{&quot;_ha_eqh_enable&quot;:false}\">\n\t\t\t\t\t<div class=\"e-con-inner\">\n\t\t<div class=\"elementor-element elementor-element-25e2d0b e-flex e-con-boxed e-con e-child\" data-id=\"25e2d0b\" data-element_type=\"container\" data-settings=\"{&quot;_ha_eqh_enable&quot;:false}\">\n\t\t\t\t\t<div class=\"e-con-inner\">\n\t\t\t\t<div class=\"elementor-element elementor-element-686d42b elementor-widget elementor-widget-video\" data-id=\"686d42b\" data-element_type=\"widget\" data-settings=\"{&quot;youtube_url&quot;:&quot;https:\\\/\\\/youtu.be\\\/aIXuUMAQ1ZI&quot;,&quot;show_image_overlay&quot;:&quot;yes&quot;,&quot;image_overlay&quot;:{&quot;url&quot;:&quot;https:\\\/\\\/gmz.ltd\\\/wp-content\\\/uploads\\\/2024\\\/03\\\/small.jpg&quot;,&quot;id&quot;:7404,&quot;size&quot;:&quot;&quot;,&quot;alt&quot;:&quot;&quot;,&quot;source&quot;:&quot;library&quot;},&quot;video_type&quot;:&quot;youtube&quot;,&quot;controls&quot;:&quot;yes&quot;}\" data-widget_type=\"video.default\">\n\t\t\t\t<div class=\"elementor-widget-container\">\n\t\t\t\t\t\t\t<div class=\"elementor-wrapper elementor-open-inline\">\n\t\t\t<div class=\"elementor-video\"><\/div>\t\t\t\t<div class=\"elementor-custom-embed-image-overlay\" style=\"background-image: url(https:\/\/gmz.ltd\/wp-content\/uploads\/2024\/03\/small.jpg);\">\n\t\t\t\t\t\t\t\t\t\t\t\t\t\t\t\t<div class=\"elementor-custom-embed-play\" role=\"button\" aria-label=\"Reproducir v\u00eddeo\" tabindex=\"0\">\n\t\t\t\t\t\t\t<svg xmlns=\"http:\/\/www.w3.org\/2000\/svg\" width=\"70\" height=\"70\" viewBox=\"0 0 70 70\" fill=\"none\"><g clip-path=\"url(#clip0_100_8560)\"><path opacity=\"0.8\" d=\"M58.4281 23.3275L24.2725 2.38442C21.7656 0.857544 19.215 0.0919189 16.6644 0.0919189C10.5569 0.0919189 4.375 4.87817 4.375 14.0219V26.25H13.125V14.0175C13.125 10.7407 14.4987 8.83754 16.6644 8.83754C17.5569 8.83754 18.5806 9.16129 19.7006 9.83942L53.8913 30.8044C57.7369 33.1363 57.9338 36.9557 54.0838 39.2875L19.7006 60.2438C18.5806 60.9307 17.5525 61.25 16.66 61.25C14.4988 61.25 13.125 59.3513 13.125 56.0788V52.5044H4.375V56.0788C4.375 65.2182 10.5569 70 16.66 70C19.2106 70 21.7656 69.2344 24.2506 67.7207L58.6381 46.7644C63.07 44.0738 65.625 39.8432 65.625 35.1663C65.6294 30.415 63.0044 26.1013 58.4281 23.3275Z\" fill=\"white\"><\/path><path d=\"M4.375 35H13.125V43.75H4.375V35Z\" fill=\"#28B472\"><\/path><\/g><defs><clipPath id=\"clip0_100_8560\"><rect width=\"70\" height=\"70\" fill=\"white\"><\/rect><\/clipPath><\/defs><\/svg>\t\t\t\t\t\t<\/div>\n\t\t\t\t\t\t\t\t\t<\/div>\n\t\t\t\t\t<\/div>\n\t\t\t\t\t\t<\/div>\n\t\t\t\t<\/div>\n\t\t\t\t<div class=\"elementor-element elementor-element-98cd29b elementor-widget elementor-widget-heading\" data-id=\"98cd29b\" data-element_type=\"widget\" data-widget_type=\"heading.default\">\n\t\t\t\t<div class=\"elementor-widget-container\">\n\t\t\t\t\t<h3 class=\"elementor-heading-title elementor-size-default\">Acerca de GMZ Ltd.<\/h3>\t\t\t\t<\/div>\n\t\t\t\t<\/div>\n\t\t\t\t\t<\/div>\n\t\t\t\t<\/div>\n\t\t<div class=\"elementor-element elementor-element-1f30230 e-flex e-con-boxed e-con e-child\" data-id=\"1f30230\" data-element_type=\"container\" data-settings=\"{&quot;_ha_eqh_enable&quot;:false}\">\n\t\t\t\t\t<div class=\"e-con-inner\">\n\t\t\t\t<div class=\"elementor-element elementor-element-1df3cff elementor-widget elementor-widget-video\" data-id=\"1df3cff\" data-element_type=\"widget\" data-settings=\"{&quot;youtube_url&quot;:&quot;https:\\\/\\\/www.youtube.com\\\/watch?v=dGtTSaVMxX8&quot;,&quot;show_image_overlay&quot;:&quot;yes&quot;,&quot;image_overlay&quot;:{&quot;url&quot;:&quot;https:\\\/\\\/gmz.ltd\\\/wp-content\\\/uploads\\\/2023\\\/09\\\/Full-range-of-paper-cup-from-Wuhu-GMZ-Co.-Ltd.webp&quot;,&quot;id&quot;:5076,&quot;size&quot;:&quot;&quot;,&quot;alt&quot;:&quot;&quot;,&quot;source&quot;:&quot;library&quot;},&quot;video_type&quot;:&quot;youtube&quot;,&quot;controls&quot;:&quot;yes&quot;}\" data-widget_type=\"video.default\">\n\t\t\t\t<div class=\"elementor-widget-container\">\n\t\t\t\t\t\t\t<div class=\"elementor-wrapper elementor-open-inline\">\n\t\t\t<div class=\"elementor-video\"><\/div>\t\t\t\t<div class=\"elementor-custom-embed-image-overlay\" style=\"background-image: url(https:\/\/gmz.ltd\/wp-content\/uploads\/2023\/09\/Full-range-of-paper-cup-from-Wuhu-GMZ-Co.-Ltd.webp);\">\n\t\t\t\t\t\t\t\t\t\t\t\t\t\t\t\t<div class=\"elementor-custom-embed-play\" role=\"button\" aria-label=\"Reproducir v\u00eddeo\" tabindex=\"0\">\n\t\t\t\t\t\t\t<svg xmlns=\"http:\/\/www.w3.org\/2000\/svg\" width=\"70\" height=\"70\" viewBox=\"0 0 70 70\" fill=\"none\"><g clip-path=\"url(#clip0_100_8560)\"><path opacity=\"0.8\" d=\"M58.4281 23.3275L24.2725 2.38442C21.7656 0.857544 19.215 0.0919189 16.6644 0.0919189C10.5569 0.0919189 4.375 4.87817 4.375 14.0219V26.25H13.125V14.0175C13.125 10.7407 14.4987 8.83754 16.6644 8.83754C17.5569 8.83754 18.5806 9.16129 19.7006 9.83942L53.8913 30.8044C57.7369 33.1363 57.9338 36.9557 54.0838 39.2875L19.7006 60.2438C18.5806 60.9307 17.5525 61.25 16.66 61.25C14.4988 61.25 13.125 59.3513 13.125 56.0788V52.5044H4.375V56.0788C4.375 65.2182 10.5569 70 16.66 70C19.2106 70 21.7656 69.2344 24.2506 67.7207L58.6381 46.7644C63.07 44.0738 65.625 39.8432 65.625 35.1663C65.6294 30.415 63.0044 26.1013 58.4281 23.3275Z\" fill=\"white\"><\/path><path d=\"M4.375 35H13.125V43.75H4.375V35Z\" fill=\"#28B472\"><\/path><\/g><defs><clipPath id=\"clip0_100_8560\"><rect width=\"70\" height=\"70\" fill=\"white\"><\/rect><\/clipPath><\/defs><\/svg>\t\t\t\t\t\t<\/div>\n\t\t\t\t\t\t\t\t\t<\/div>\n\t\t\t\t\t<\/div>\n\t\t\t\t\t\t<\/div>\n\t\t\t\t<\/div>\n\t\t\t\t<div class=\"elementor-element elementor-element-d1b3703 elementor-widget elementor-widget-heading\" data-id=\"d1b3703\" data-element_type=\"widget\" data-widget_type=\"heading.default\">\n\t\t\t\t<div class=\"elementor-widget-container\">\n\t\t\t\t\t<h3 class=\"elementor-heading-title elementor-size-default\">Gama completa de vasos de papel de Wuhu GMZ Co., Ltd.<\/h3>\t\t\t\t<\/div>\n\t\t\t\t<\/div>\n\t\t\t\t\t<\/div>\n\t\t\t\t<\/div>\n\t\t<div class=\"elementor-element elementor-element-25beb65 e-flex e-con-boxed e-con e-child\" data-id=\"25beb65\" data-element_type=\"container\" data-settings=\"{&quot;_ha_eqh_enable&quot;:false}\">\n\t\t\t\t\t<div class=\"e-con-inner\">\n\t\t\t\t<div class=\"elementor-element elementor-element-6d71132 elementor-widget elementor-widget-video\" data-id=\"6d71132\" data-element_type=\"widget\" data-settings=\"{&quot;youtube_url&quot;:&quot;https:\\\/\\\/www.youtube.com\\\/watch?v=eUESmnfNjIs&quot;,&quot;show_image_overlay&quot;:&quot;yes&quot;,&quot;image_overlay&quot;:{&quot;url&quot;:&quot;https:\\\/\\\/gmz.ltd\\\/wp-content\\\/uploads\\\/2024\\\/02\\\/cover.jpg&quot;,&quot;id&quot;:7016,&quot;size&quot;:&quot;&quot;,&quot;alt&quot;:&quot;paper gsm of disposable paper coffee cup&quot;,&quot;source&quot;:&quot;library&quot;},&quot;video_type&quot;:&quot;youtube&quot;,&quot;controls&quot;:&quot;yes&quot;}\" data-widget_type=\"video.default\">\n\t\t\t\t<div class=\"elementor-widget-container\">\n\t\t\t\t\t\t\t<div class=\"elementor-wrapper elementor-open-inline\">\n\t\t\t<div class=\"elementor-video\"><\/div>\t\t\t\t<div class=\"elementor-custom-embed-image-overlay\" style=\"background-image: url(https:\/\/gmz.ltd\/wp-content\/uploads\/2024\/02\/cover.jpg);\">\n\t\t\t\t\t\t\t\t\t\t\t\t\t\t\t\t<div class=\"elementor-custom-embed-play\" role=\"button\" aria-label=\"Reproducir video acerca de paper gsm of disposable paper coffee cup\" tabindex=\"0\">\n\t\t\t\t\t\t\t<svg xmlns=\"http:\/\/www.w3.org\/2000\/svg\" width=\"70\" height=\"70\" viewBox=\"0 0 70 70\" fill=\"none\"><g clip-path=\"url(#clip0_100_8560)\"><path opacity=\"0.8\" d=\"M58.4281 23.3275L24.2725 2.38442C21.7656 0.857544 19.215 0.0919189 16.6644 0.0919189C10.5569 0.0919189 4.375 4.87817 4.375 14.0219V26.25H13.125V14.0175C13.125 10.7407 14.4987 8.83754 16.6644 8.83754C17.5569 8.83754 18.5806 9.16129 19.7006 9.83942L53.8913 30.8044C57.7369 33.1363 57.9338 36.9557 54.0838 39.2875L19.7006 60.2438C18.5806 60.9307 17.5525 61.25 16.66 61.25C14.4988 61.25 13.125 59.3513 13.125 56.0788V52.5044H4.375V56.0788C4.375 65.2182 10.5569 70 16.66 70C19.2106 70 21.7656 69.2344 24.2506 67.7207L58.6381 46.7644C63.07 44.0738 65.625 39.8432 65.625 35.1663C65.6294 30.415 63.0044 26.1013 58.4281 23.3275Z\" fill=\"white\"><\/path><path d=\"M4.375 35H13.125V43.75H4.375V35Z\" fill=\"#28B472\"><\/path><\/g><defs><clipPath id=\"clip0_100_8560\"><rect width=\"70\" height=\"70\" fill=\"white\"><\/rect><\/clipPath><\/defs><\/svg>\t\t\t\t\t\t<\/div>\n\t\t\t\t\t\t\t\t\t<\/div>\n\t\t\t\t\t<\/div>\n\t\t\t\t\t\t<\/div>\n\t\t\t\t<\/div>\n\t\t\t\t<div class=\"elementor-element elementor-element-5fbe882 elementor-widget elementor-widget-heading\" data-id=\"5fbe882\" data-element_type=\"widget\" data-widget_type=\"heading.default\">\n\t\t\t\t<div class=\"elementor-widget-container\">\n\t\t\t\t\t<h3 class=\"elementor-heading-title elementor-size-default\">Un m\u00e9todo simple para conocer el GSM del papel<\/h3>\t\t\t\t<\/div>\n\t\t\t\t<\/div>\n\t\t\t\t\t<\/div>\n\t\t\t\t<\/div>\n\t\t<div class=\"elementor-element elementor-element-fe53aba e-flex e-con-boxed e-con e-child\" data-id=\"fe53aba\" data-element_type=\"container\" data-settings=\"{&quot;_ha_eqh_enable&quot;:false}\">\n\t\t\t\t\t<div class=\"e-con-inner\">\n\t\t\t\t<div class=\"elementor-element elementor-element-e32b9d7 elementor-widget elementor-widget-video\" data-id=\"e32b9d7\" data-element_type=\"widget\" data-settings=\"{&quot;youtube_url&quot;:&quot;https:\\\/\\\/youtu.be\\\/gUyJxkdgBhM&quot;,&quot;show_image_overlay&quot;:&quot;yes&quot;,&quot;image_overlay&quot;:{&quot;url&quot;:&quot;https:\\\/\\\/gmz.ltd\\\/wp-content\\\/uploads\\\/2024\\\/02\\\/SW-cover.jpg&quot;,&quot;id&quot;:7020,&quot;size&quot;:&quot;&quot;,&quot;alt&quot;:&quot;single wall paper coffee cups&quot;,&quot;source&quot;:&quot;library&quot;},&quot;video_type&quot;:&quot;youtube&quot;,&quot;controls&quot;:&quot;yes&quot;}\" data-widget_type=\"video.default\">\n\t\t\t\t<div class=\"elementor-widget-container\">\n\t\t\t\t\t\t\t<div class=\"elementor-wrapper elementor-open-inline\">\n\t\t\t<div class=\"elementor-video\"><\/div>\t\t\t\t<div class=\"elementor-custom-embed-image-overlay\" style=\"background-image: url(https:\/\/gmz.ltd\/wp-content\/uploads\/2024\/02\/SW-cover.jpg);\">\n\t\t\t\t\t\t\t\t\t\t\t\t\t\t\t\t<div class=\"elementor-custom-embed-play\" role=\"button\" aria-label=\"Reproducir video acerca de single wall paper coffee cups\" tabindex=\"0\">\n\t\t\t\t\t\t\t<svg xmlns=\"http:\/\/www.w3.org\/2000\/svg\" width=\"70\" height=\"70\" viewBox=\"0 0 70 70\" fill=\"none\"><g clip-path=\"url(#clip0_100_8560)\"><path opacity=\"0.8\" d=\"M58.4281 23.3275L24.2725 2.38442C21.7656 0.857544 19.215 0.0919189 16.6644 0.0919189C10.5569 0.0919189 4.375 4.87817 4.375 14.0219V26.25H13.125V14.0175C13.125 10.7407 14.4987 8.83754 16.6644 8.83754C17.5569 8.83754 18.5806 9.16129 19.7006 9.83942L53.8913 30.8044C57.7369 33.1363 57.9338 36.9557 54.0838 39.2875L19.7006 60.2438C18.5806 60.9307 17.5525 61.25 16.66 61.25C14.4988 61.25 13.125 59.3513 13.125 56.0788V52.5044H4.375V56.0788C4.375 65.2182 10.5569 70 16.66 70C19.2106 70 21.7656 69.2344 24.2506 67.7207L58.6381 46.7644C63.07 44.0738 65.625 39.8432 65.625 35.1663C65.6294 30.415 63.0044 26.1013 58.4281 23.3275Z\" fill=\"white\"><\/path><path d=\"M4.375 35H13.125V43.75H4.375V35Z\" fill=\"#28B472\"><\/path><\/g><defs><clipPath id=\"clip0_100_8560\"><rect width=\"70\" height=\"70\" fill=\"white\"><\/rect><\/clipPath><\/defs><\/svg>\t\t\t\t\t\t<\/div>\n\t\t\t\t\t\t\t\t\t<\/div>\n\t\t\t\t\t<\/div>\n\t\t\t\t\t\t<\/div>\n\t\t\t\t<\/div>\n\t\t\t\t<div class=\"elementor-element elementor-element-00ffd03 elementor-widget elementor-widget-heading\" data-id=\"00ffd03\" data-element_type=\"widget\" data-widget_type=\"heading.default\">\n\t\t\t\t<div class=\"elementor-widget-container\">\n\t\t\t\t\t<h3 class=\"elementor-heading-title elementor-size-default\">Vaso de Papel de Pared Simple de Alta Calidad<\/h3>\t\t\t\t<\/div>\n\t\t\t\t<\/div>\n\t\t\t\t\t<\/div>\n\t\t\t\t<\/div>\n\t\t<div class=\"elementor-element elementor-element-295ff09 e-flex e-con-boxed e-con e-child\" data-id=\"295ff09\" data-element_type=\"container\" data-settings=\"{&quot;_ha_eqh_enable&quot;:false}\">\n\t\t\t\t\t<div class=\"e-con-inner\">\n\t\t\t\t<div class=\"elementor-element elementor-element-72c9333 elementor-widget elementor-widget-video\" data-id=\"72c9333\" data-element_type=\"widget\" data-settings=\"{&quot;youtube_url&quot;:&quot;https:\\\/\\\/youtu.be\\\/miHZU8fZ0X8&quot;,&quot;show_image_overlay&quot;:&quot;yes&quot;,&quot;image_overlay&quot;:{&quot;url&quot;:&quot;https:\\\/\\\/gmz.ltd\\\/wp-content\\\/uploads\\\/2024\\\/04\\\/doublewall-1024.jpg&quot;,&quot;id&quot;:7912,&quot;size&quot;:&quot;&quot;,&quot;alt&quot;:&quot;&quot;,&quot;source&quot;:&quot;library&quot;},&quot;video_type&quot;:&quot;youtube&quot;,&quot;controls&quot;:&quot;yes&quot;}\" data-widget_type=\"video.default\">\n\t\t\t\t<div class=\"elementor-widget-container\">\n\t\t\t\t\t\t\t<div class=\"elementor-wrapper elementor-open-inline\">\n\t\t\t<div class=\"elementor-video\"><\/div>\t\t\t\t<div class=\"elementor-custom-embed-image-overlay\" style=\"background-image: url(https:\/\/gmz.ltd\/wp-content\/uploads\/2024\/04\/doublewall-1024.jpg);\">\n\t\t\t\t\t\t\t\t\t\t\t\t\t\t\t\t<div class=\"elementor-custom-embed-play\" role=\"button\" aria-label=\"Reproducir v\u00eddeo\" tabindex=\"0\">\n\t\t\t\t\t\t\t<svg xmlns=\"http:\/\/www.w3.org\/2000\/svg\" width=\"70\" height=\"70\" viewBox=\"0 0 70 70\" fill=\"none\"><g clip-path=\"url(#clip0_100_8560)\"><path opacity=\"0.8\" d=\"M58.4281 23.3275L24.2725 2.38442C21.7656 0.857544 19.215 0.0919189 16.6644 0.0919189C10.5569 0.0919189 4.375 4.87817 4.375 14.0219V26.25H13.125V14.0175C13.125 10.7407 14.4987 8.83754 16.6644 8.83754C17.5569 8.83754 18.5806 9.16129 19.7006 9.83942L53.8913 30.8044C57.7369 33.1363 57.9338 36.9557 54.0838 39.2875L19.7006 60.2438C18.5806 60.9307 17.5525 61.25 16.66 61.25C14.4988 61.25 13.125 59.3513 13.125 56.0788V52.5044H4.375V56.0788C4.375 65.2182 10.5569 70 16.66 70C19.2106 70 21.7656 69.2344 24.2506 67.7207L58.6381 46.7644C63.07 44.0738 65.625 39.8432 65.625 35.1663C65.6294 30.415 63.0044 26.1013 58.4281 23.3275Z\" fill=\"white\"><\/path><path d=\"M4.375 35H13.125V43.75H4.375V35Z\" fill=\"#28B472\"><\/path><\/g><defs><clipPath id=\"clip0_100_8560\"><rect width=\"70\" height=\"70\" fill=\"white\"><\/rect><\/clipPath><\/defs><\/svg>\t\t\t\t\t\t<\/div>\n\t\t\t\t\t\t\t\t\t<\/div>\n\t\t\t\t\t<\/div>\n\t\t\t\t\t\t<\/div>\n\t\t\t\t<\/div>\n\t\t\t\t<div class=\"elementor-element elementor-element-a3a775f elementor-widget elementor-widget-heading\" data-id=\"a3a775f\" data-element_type=\"widget\" data-widget_type=\"heading.default\">\n\t\t\t\t<div class=\"elementor-widget-container\">\n\t\t\t\t\t<h3 class=\"elementor-heading-title elementor-size-default\">Tazas de caf\u00e9 de papel de doble pared - GMZ<\/h3>\t\t\t\t<\/div>\n\t\t\t\t<\/div>\n\t\t\t\t\t<\/div>\n\t\t\t\t<\/div>\n\t\t\t\t\t<\/div>\n\t\t\t\t<\/div>\n\t\t\t\t<\/div>\n\t\t","protected":false},"excerpt":{"rendered":"<p>Video Acerca de GMZ Ltd. Gama completa de vasos de papel de Wuhu GMZ Co., Ltd. Un m\u00e9todo simple para conocer el GSM del papel Vaso de Papel de Pared Simple de Alta Calidad Tazas de caf\u00e9 de papel de doble pared &#8211; GMZ<\/p>\n","protected":false},"author":1,"featured_media":0,"parent":0,"menu_order":0,"comment_status":"closed","ping_status":"closed","template":"","meta":{"_joinchat":[],"footnotes":""},"class_list":["post-7779","page","type-page","status-publish","hentry"],"blocksy_meta":{"has_hero_section":"disabled","vertical_spacing_source":"custom","content_area_spacing":"none"},"acf":[],"yoast_head":"<!-- This site is optimized with the Yoast SEO Premium plugin v22.5 (Yoast SEO v26.6) - https:\/\/yoast.com\/wordpress\/plugins\/seo\/ -->\n<title>Galer\u00eda de Videos - Base de Conocimiento sobre Vasos de Papel y Empaque de Alimentos - GMZ<\/title>\n<meta name=\"description\" content=\"Explora la galer\u00eda de videos de GMZ para obtener informaci\u00f3n sobre vasos de papel y empaques de alimentos. Descubre soluciones sostenibles y dise\u00f1os innovadores.\" \/>\n<meta name=\"robots\" content=\"index, follow, max-snippet:-1, max-image-preview:large, max-video-preview:-1\" \/>\n<link rel=\"canonical\" href=\"https:\/\/gmz.ltd\/es\/video\/\" \/>\n<meta property=\"og:locale\" content=\"es_ES\" \/>\n<meta property=\"og:type\" content=\"article\" \/>\n<meta property=\"og:title\" content=\"Video\" \/>\n<meta property=\"og:description\" content=\"Explora la galer\u00eda de videos de GMZ para obtener informaci\u00f3n sobre vasos de papel y empaques de alimentos. Descubre soluciones sostenibles y dise\u00f1os innovadores.\" \/>\n<meta property=\"og:url\" content=\"https:\/\/gmz.ltd\/es\/video\/\" \/>\n<meta property=\"og:site_name\" content=\"GMZ\" \/>\n<meta property=\"article:modified_time\" content=\"2024-04-08T10:51:58+00:00\" \/>\n<meta property=\"og:image\" content=\"https:\/\/gmz.ltd\/wp-content\/uploads\/2023\/09\/line.png\" \/>\n<meta name=\"twitter:card\" content=\"summary_large_image\" \/>\n<script type=\"application\/ld+json\" class=\"yoast-schema-graph\">{\"@context\":\"https:\/\/schema.org\",\"@graph\":[{\"@type\":\"WebPage\",\"@id\":\"https:\/\/gmz.ltd\/es\/video\/\",\"url\":\"https:\/\/gmz.ltd\/es\/video\/\",\"name\":\"Galer\u00eda de Videos - Base de Conocimiento sobre Vasos de Papel y Empaque de Alimentos - GMZ\",\"isPartOf\":{\"@id\":\"https:\/\/gmz.ltd\/es\/#website\"},\"primaryImageOfPage\":{\"@id\":\"https:\/\/gmz.ltd\/es\/video\/#primaryimage\"},\"image\":{\"@id\":\"https:\/\/gmz.ltd\/es\/video\/#primaryimage\"},\"thumbnailUrl\":\"https:\/\/gmz.ltd\/wp-content\/uploads\/2023\/09\/line.png\",\"datePublished\":\"2023-09-11T04:03:02+00:00\",\"dateModified\":\"2024-04-08T10:51:58+00:00\",\"description\":\"Explora la galer\u00eda de videos de GMZ para obtener informaci\u00f3n sobre vasos de papel y empaques de alimentos. Descubre soluciones sostenibles y dise\u00f1os innovadores.\",\"breadcrumb\":{\"@id\":\"https:\/\/gmz.ltd\/es\/video\/#breadcrumb\"},\"inLanguage\":\"es\",\"potentialAction\":[{\"@type\":\"ReadAction\",\"target\":[\"https:\/\/gmz.ltd\/es\/video\/\"]}]},{\"@type\":\"ImageObject\",\"inLanguage\":\"es\",\"@id\":\"https:\/\/gmz.ltd\/es\/video\/#primaryimage\",\"url\":\"https:\/\/gmz.ltd\/wp-content\/uploads\/2023\/09\/line.png\",\"contentUrl\":\"https:\/\/gmz.ltd\/wp-content\/uploads\/2023\/09\/line.png\"},{\"@type\":\"BreadcrumbList\",\"@id\":\"https:\/\/gmz.ltd\/es\/video\/#breadcrumb\",\"itemListElement\":[{\"@type\":\"ListItem\",\"position\":1,\"name\":\"hogar\",\"item\":\"https:\/\/gmz.ltd\/es\/\"},{\"@type\":\"ListItem\",\"position\":2,\"name\":\"Video\"}]},{\"@type\":\"WebSite\",\"@id\":\"https:\/\/gmz.ltd\/es\/#website\",\"url\":\"https:\/\/gmz.ltd\/es\/\",\"name\":\"GMZ\",\"description\":\"\",\"publisher\":{\"@id\":\"https:\/\/gmz.ltd\/es\/#organization\"},\"potentialAction\":[{\"@type\":\"SearchAction\",\"target\":{\"@type\":\"EntryPoint\",\"urlTemplate\":\"https:\/\/gmz.ltd\/es\/?s={search_term_string}\"},\"query-input\":{\"@type\":\"PropertyValueSpecification\",\"valueRequired\":true,\"valueName\":\"search_term_string\"}}],\"inLanguage\":\"es\"},{\"@type\":\"Organization\",\"@id\":\"https:\/\/gmz.ltd\/es\/#organization\",\"name\":\"GMZ\",\"url\":\"https:\/\/gmz.ltd\/es\/\",\"logo\":{\"@type\":\"ImageObject\",\"inLanguage\":\"es\",\"@id\":\"https:\/\/gmz.ltd\/es\/#\/schema\/logo\/image\/\",\"url\":\"https:\/\/gmz.ltd\/wp-content\/uploads\/2024\/11\/gmzpack.svg\",\"contentUrl\":\"https:\/\/gmz.ltd\/wp-content\/uploads\/2024\/11\/gmzpack.svg\",\"width\":170,\"height\":79,\"caption\":\"GMZ\"},\"image\":{\"@id\":\"https:\/\/gmz.ltd\/es\/#\/schema\/logo\/image\/\"}}]}<\/script>\n<!-- \/ Yoast SEO Premium plugin. -->","yoast_head_json":{"title":"Galer\u00eda de Videos - Base de Conocimiento sobre Vasos de Papel y Empaque de Alimentos - GMZ","description":"Explora la galer\u00eda de videos de GMZ para obtener informaci\u00f3n sobre vasos de papel y empaques de alimentos. Descubre soluciones sostenibles y dise\u00f1os innovadores.","robots":{"index":"index","follow":"follow","max-snippet":"max-snippet:-1","max-image-preview":"max-image-preview:large","max-video-preview":"max-video-preview:-1"},"canonical":"https:\/\/gmz.ltd\/es\/video\/","og_locale":"es_ES","og_type":"article","og_title":"Video","og_description":"Explora la galer\u00eda de videos de GMZ para obtener informaci\u00f3n sobre vasos de papel y empaques de alimentos. Descubre soluciones sostenibles y dise\u00f1os innovadores.","og_url":"https:\/\/gmz.ltd\/es\/video\/","og_site_name":"GMZ","article_modified_time":"2024-04-08T10:51:58+00:00","og_image":[{"url":"https:\/\/gmz.ltd\/wp-content\/uploads\/2023\/09\/line.png","type":"","width":"","height":""}],"twitter_card":"summary_large_image","schema":{"@context":"https:\/\/schema.org","@graph":[{"@type":"WebPage","@id":"https:\/\/gmz.ltd\/es\/video\/","url":"https:\/\/gmz.ltd\/es\/video\/","name":"Galer\u00eda de Videos - Base de Conocimiento sobre Vasos de Papel y Empaque de Alimentos - GMZ","isPartOf":{"@id":"https:\/\/gmz.ltd\/es\/#website"},"primaryImageOfPage":{"@id":"https:\/\/gmz.ltd\/es\/video\/#primaryimage"},"image":{"@id":"https:\/\/gmz.ltd\/es\/video\/#primaryimage"},"thumbnailUrl":"https:\/\/gmz.ltd\/wp-content\/uploads\/2023\/09\/line.png","datePublished":"2023-09-11T04:03:02+00:00","dateModified":"2024-04-08T10:51:58+00:00","description":"Explora la galer\u00eda de videos de GMZ para obtener informaci\u00f3n sobre vasos de papel y empaques de alimentos. Descubre soluciones sostenibles y dise\u00f1os innovadores.","breadcrumb":{"@id":"https:\/\/gmz.ltd\/es\/video\/#breadcrumb"},"inLanguage":"es","potentialAction":[{"@type":"ReadAction","target":["https:\/\/gmz.ltd\/es\/video\/"]}]},{"@type":"ImageObject","inLanguage":"es","@id":"https:\/\/gmz.ltd\/es\/video\/#primaryimage","url":"https:\/\/gmz.ltd\/wp-content\/uploads\/2023\/09\/line.png","contentUrl":"https:\/\/gmz.ltd\/wp-content\/uploads\/2023\/09\/line.png"},{"@type":"BreadcrumbList","@id":"https:\/\/gmz.ltd\/es\/video\/#breadcrumb","itemListElement":[{"@type":"ListItem","position":1,"name":"hogar","item":"https:\/\/gmz.ltd\/es\/"},{"@type":"ListItem","position":2,"name":"Video"}]},{"@type":"WebSite","@id":"https:\/\/gmz.ltd\/es\/#website","url":"https:\/\/gmz.ltd\/es\/","name":"GMZ","description":"","publisher":{"@id":"https:\/\/gmz.ltd\/es\/#organization"},"potentialAction":[{"@type":"SearchAction","target":{"@type":"EntryPoint","urlTemplate":"https:\/\/gmz.ltd\/es\/?s={search_term_string}"},"query-input":{"@type":"PropertyValueSpecification","valueRequired":true,"valueName":"search_term_string"}}],"inLanguage":"es"},{"@type":"Organization","@id":"https:\/\/gmz.ltd\/es\/#organization","name":"GMZ","url":"https:\/\/gmz.ltd\/es\/","logo":{"@type":"ImageObject","inLanguage":"es","@id":"https:\/\/gmz.ltd\/es\/#\/schema\/logo\/image\/","url":"https:\/\/gmz.ltd\/wp-content\/uploads\/2024\/11\/gmzpack.svg","contentUrl":"https:\/\/gmz.ltd\/wp-content\/uploads\/2024\/11\/gmzpack.svg","width":170,"height":79,"caption":"GMZ"},"image":{"@id":"https:\/\/gmz.ltd\/es\/#\/schema\/logo\/image\/"}}]}},"_links":{"self":[{"href":"https:\/\/gmz.ltd\/es\/wp-json\/wp\/v2\/pages\/7779","targetHints":{"allow":["GET"]}}],"collection":[{"href":"https:\/\/gmz.ltd\/es\/wp-json\/wp\/v2\/pages"}],"about":[{"href":"https:\/\/gmz.ltd\/es\/wp-json\/wp\/v2\/types\/page"}],"author":[{"embeddable":true,"href":"https:\/\/gmz.ltd\/es\/wp-json\/wp\/v2\/users\/1"}],"replies":[{"embeddable":true,"href":"https:\/\/gmz.ltd\/es\/wp-json\/wp\/v2\/comments?post=7779"}],"version-history":[{"count":4,"href":"https:\/\/gmz.ltd\/es\/wp-json\/wp\/v2\/pages\/7779\/revisions"}],"predecessor-version":[{"id":8067,"href":"https:\/\/gmz.ltd\/es\/wp-json\/wp\/v2\/pages\/7779\/revisions\/8067"}],"wp:attachment":[{"href":"https:\/\/gmz.ltd\/es\/wp-json\/wp\/v2\/media?parent=7779"}],"curies":[{"name":"wp","href":"https:\/\/api.w.org\/{rel}","templated":true}]}}