{"id":7813,"date":"2023-09-20T06:13:20","date_gmt":"2023-09-20T06:13:20","guid":{"rendered":"https:\/\/gmz.ltd\/product\/contenedores-para-comida-para-llevar\/"},"modified":"2023-09-20T06:13:20","modified_gmt":"2023-09-20T06:13:20","slug":"contenedores-para-comida-para-llevar","status":"publish","type":"product","link":"https:\/\/gmz.ltd\/es\/producto\/contenedores-para-comida-para-llevar\/","title":{"rendered":"Contenedores para comida para llevar"},"content":{"rendered":"<p>Nuestra serie de cajas de almuerzo para llevar est\u00e1 disponible en una amplia gama de modelos y tama\u00f1os, adecuada para las necesidades de la mayor\u00eda de los mercados de catering en todo el mundo.<\/p>\n","protected":false},"excerpt":{"rendered":"<p>Descubre el socio perfecto para tu servicio de entrega de comida y comida para llevar con nuestra serie de cajas de comida para llevar. Hemos creado una l\u00ednea de contenedores que no solo son atractivos, sino tambi\u00e9n pr\u00e1cticos y resistentes, listos para satisfacer las necesidades de cualquier cocina, en cualquier parte del mundo.<\/p>\n<ul>\n<li>Disponible en varios estilos y tama\u00f1os<\/li>\n<li>Hecho de materiales de papel aprobados por FCM<\/li>\n<li>Seguro para el contacto con alimentos y no t\u00f3xico<\/li>\n<li>A prueba de fugas y de grasa<\/li>\n<li>Enviado plano para un transporte conveniente<\/li>\n<li>F\u00e1cil de doblar en forma<\/li>\n<\/ul>\n","protected":false},"featured_media":5384,"template":"","meta":{"_joinchat":[]},"product_brand":[],"product_cat":[111],"product_tag":[],"class_list":{"0":"post-7813","1":"product","2":"type-product","3":"status-publish","4":"has-post-thumbnail","6":"product_cat-contenedores-de-alimentos","8":"first","9":"instock","10":"shipping-taxable","11":"product-type-simple"},"acf":[],"yoast_head":"<!-- This site is optimized with the Yoast SEO Premium plugin v22.5 (Yoast SEO v26.6) - https:\/\/yoast.com\/wordpress\/plugins\/seo\/ -->\n<title>Proveedor de envases para llevar - Contenedores de papel para llevar al por mayor - GMZ<\/title>\n<meta name=\"description\" content=\"\u00bfBuscas contenedores de comida al por mayor para llevar? GMZ ofrece cajas de almuerzo de papel al por mayor en colores kraft y blanco con servicios de impresi\u00f3n personalizada. Encuentra contenedores para llevar compostables y ecol\u00f3gicos en GMZ. \u00a1Env\u00eda una consulta ahora!\" \/>\n<meta name=\"robots\" content=\"index, follow, max-snippet:-1, max-image-preview:large, max-video-preview:-1\" \/>\n<link rel=\"canonical\" href=\"https:\/\/gmz.ltd\/es\/producto\/contenedores-para-comida-para-llevar\/\" \/>\n<meta property=\"og:locale\" content=\"es_ES\" \/>\n<meta property=\"og:type\" content=\"article\" \/>\n<meta property=\"og:title\" content=\"Contenedores para comida para llevar\" \/>\n<meta property=\"og:description\" content=\"\u00bfBuscas contenedores de comida al por mayor para llevar? GMZ ofrece cajas de almuerzo de papel al por mayor en colores kraft y blanco con servicios de impresi\u00f3n personalizada. Encuentra contenedores para llevar compostables y ecol\u00f3gicos en GMZ. \u00a1Env\u00eda una consulta ahora!\" \/>\n<meta property=\"og:url\" content=\"https:\/\/gmz.ltd\/es\/producto\/contenedores-para-comida-para-llevar\/\" \/>\n<meta property=\"og:site_name\" content=\"GMZ\" \/>\n<meta property=\"og:image\" content=\"https:\/\/gmz.ltd\/wp-content\/uploads\/2023\/09\/0.jpg\" \/>\n\t<meta property=\"og:image:width\" content=\"800\" \/>\n\t<meta property=\"og:image:height\" content=\"800\" \/>\n\t<meta property=\"og:image:type\" content=\"image\/jpeg\" \/>\n<meta name=\"twitter:card\" content=\"summary_large_image\" \/>\n<script type=\"application\/ld+json\" class=\"yoast-schema-graph\">{\"@context\":\"https:\/\/schema.org\",\"@graph\":[{\"@type\":\"WebPage\",\"@id\":\"https:\/\/gmz.ltd\/es\/producto\/contenedores-para-comida-para-llevar\/\",\"url\":\"https:\/\/gmz.ltd\/es\/producto\/contenedores-para-comida-para-llevar\/\",\"name\":\"Proveedor de envases para llevar - Contenedores de papel para llevar al por mayor - GMZ\",\"isPartOf\":{\"@id\":\"https:\/\/gmz.ltd\/es\/#website\"},\"primaryImageOfPage\":{\"@id\":\"https:\/\/gmz.ltd\/es\/producto\/contenedores-para-comida-para-llevar\/#primaryimage\"},\"image\":{\"@id\":\"https:\/\/gmz.ltd\/es\/producto\/contenedores-para-comida-para-llevar\/#primaryimage\"},\"thumbnailUrl\":\"https:\/\/gmz.ltd\/wp-content\/uploads\/2023\/09\/0.jpg\",\"datePublished\":\"2023-09-20T06:13:20+00:00\",\"description\":\"\u00bfBuscas contenedores de comida al por mayor para llevar? GMZ ofrece cajas de almuerzo de papel al por mayor en colores kraft y blanco con servicios de impresi\u00f3n personalizada. Encuentra contenedores para llevar compostables y ecol\u00f3gicos en GMZ. \u00a1Env\u00eda una consulta ahora!\",\"breadcrumb\":{\"@id\":\"https:\/\/gmz.ltd\/es\/producto\/contenedores-para-comida-para-llevar\/#breadcrumb\"},\"inLanguage\":\"es\",\"potentialAction\":[{\"@type\":\"ReadAction\",\"target\":[\"https:\/\/gmz.ltd\/es\/producto\/contenedores-para-comida-para-llevar\/\"]}]},{\"@type\":\"ImageObject\",\"inLanguage\":\"es\",\"@id\":\"https:\/\/gmz.ltd\/es\/producto\/contenedores-para-comida-para-llevar\/#primaryimage\",\"url\":\"https:\/\/gmz.ltd\/wp-content\/uploads\/2023\/09\/0.jpg\",\"contentUrl\":\"https:\/\/gmz.ltd\/wp-content\/uploads\/2023\/09\/0.jpg\",\"width\":800,\"height\":800},{\"@type\":\"BreadcrumbList\",\"@id\":\"https:\/\/gmz.ltd\/es\/producto\/contenedores-para-comida-para-llevar\/#breadcrumb\",\"itemListElement\":[{\"@type\":\"ListItem\",\"position\":1,\"name\":\"hogar\",\"item\":\"https:\/\/gmz.ltd\/es\/\"},{\"@type\":\"ListItem\",\"position\":2,\"name\":\"Productos\",\"item\":\"https:\/\/gmz.ltd\/es\/tienda\/\"},{\"@type\":\"ListItem\",\"position\":3,\"name\":\"Contenedores para comida para llevar\"}]},{\"@type\":\"WebSite\",\"@id\":\"https:\/\/gmz.ltd\/es\/#website\",\"url\":\"https:\/\/gmz.ltd\/es\/\",\"name\":\"GMZ\",\"description\":\"\",\"publisher\":{\"@id\":\"https:\/\/gmz.ltd\/es\/#organization\"},\"potentialAction\":[{\"@type\":\"SearchAction\",\"target\":{\"@type\":\"EntryPoint\",\"urlTemplate\":\"https:\/\/gmz.ltd\/es\/?s={search_term_string}\"},\"query-input\":{\"@type\":\"PropertyValueSpecification\",\"valueRequired\":true,\"valueName\":\"search_term_string\"}}],\"inLanguage\":\"es\"},{\"@type\":\"Organization\",\"@id\":\"https:\/\/gmz.ltd\/es\/#organization\",\"name\":\"GMZ\",\"url\":\"https:\/\/gmz.ltd\/es\/\",\"logo\":{\"@type\":\"ImageObject\",\"inLanguage\":\"es\",\"@id\":\"https:\/\/gmz.ltd\/es\/#\/schema\/logo\/image\/\",\"url\":\"https:\/\/gmz.ltd\/wp-content\/uploads\/2024\/11\/gmzpack.svg\",\"contentUrl\":\"https:\/\/gmz.ltd\/wp-content\/uploads\/2024\/11\/gmzpack.svg\",\"width\":170,\"height\":79,\"caption\":\"GMZ\"},\"image\":{\"@id\":\"https:\/\/gmz.ltd\/es\/#\/schema\/logo\/image\/\"}}]}<\/script>\n<!-- \/ Yoast SEO Premium plugin. -->","yoast_head_json":{"title":"Proveedor de envases para llevar - Contenedores de papel para llevar al por mayor - GMZ","description":"\u00bfBuscas contenedores de comida al por mayor para llevar? GMZ ofrece cajas de almuerzo de papel al por mayor en colores kraft y blanco con servicios de impresi\u00f3n personalizada. Encuentra contenedores para llevar compostables y ecol\u00f3gicos en GMZ. \u00a1Env\u00eda una consulta ahora!","robots":{"index":"index","follow":"follow","max-snippet":"max-snippet:-1","max-image-preview":"max-image-preview:large","max-video-preview":"max-video-preview:-1"},"canonical":"https:\/\/gmz.ltd\/es\/producto\/contenedores-para-comida-para-llevar\/","og_locale":"es_ES","og_type":"article","og_title":"Contenedores para comida para llevar","og_description":"\u00bfBuscas contenedores de comida al por mayor para llevar? GMZ ofrece cajas de almuerzo de papel al por mayor en colores kraft y blanco con servicios de impresi\u00f3n personalizada. Encuentra contenedores para llevar compostables y ecol\u00f3gicos en GMZ. \u00a1Env\u00eda una consulta ahora!","og_url":"https:\/\/gmz.ltd\/es\/producto\/contenedores-para-comida-para-llevar\/","og_site_name":"GMZ","og_image":[{"width":800,"height":800,"url":"https:\/\/gmz.ltd\/wp-content\/uploads\/2023\/09\/0.jpg","type":"image\/jpeg"}],"twitter_card":"summary_large_image","schema":{"@context":"https:\/\/schema.org","@graph":[{"@type":"WebPage","@id":"https:\/\/gmz.ltd\/es\/producto\/contenedores-para-comida-para-llevar\/","url":"https:\/\/gmz.ltd\/es\/producto\/contenedores-para-comida-para-llevar\/","name":"Proveedor de envases para llevar - Contenedores de papel para llevar al por mayor - GMZ","isPartOf":{"@id":"https:\/\/gmz.ltd\/es\/#website"},"primaryImageOfPage":{"@id":"https:\/\/gmz.ltd\/es\/producto\/contenedores-para-comida-para-llevar\/#primaryimage"},"image":{"@id":"https:\/\/gmz.ltd\/es\/producto\/contenedores-para-comida-para-llevar\/#primaryimage"},"thumbnailUrl":"https:\/\/gmz.ltd\/wp-content\/uploads\/2023\/09\/0.jpg","datePublished":"2023-09-20T06:13:20+00:00","description":"\u00bfBuscas contenedores de comida al por mayor para llevar? GMZ ofrece cajas de almuerzo de papel al por mayor en colores kraft y blanco con servicios de impresi\u00f3n personalizada. Encuentra contenedores para llevar compostables y ecol\u00f3gicos en GMZ. \u00a1Env\u00eda una consulta ahora!","breadcrumb":{"@id":"https:\/\/gmz.ltd\/es\/producto\/contenedores-para-comida-para-llevar\/#breadcrumb"},"inLanguage":"es","potentialAction":[{"@type":"ReadAction","target":["https:\/\/gmz.ltd\/es\/producto\/contenedores-para-comida-para-llevar\/"]}]},{"@type":"ImageObject","inLanguage":"es","@id":"https:\/\/gmz.ltd\/es\/producto\/contenedores-para-comida-para-llevar\/#primaryimage","url":"https:\/\/gmz.ltd\/wp-content\/uploads\/2023\/09\/0.jpg","contentUrl":"https:\/\/gmz.ltd\/wp-content\/uploads\/2023\/09\/0.jpg","width":800,"height":800},{"@type":"BreadcrumbList","@id":"https:\/\/gmz.ltd\/es\/producto\/contenedores-para-comida-para-llevar\/#breadcrumb","itemListElement":[{"@type":"ListItem","position":1,"name":"hogar","item":"https:\/\/gmz.ltd\/es\/"},{"@type":"ListItem","position":2,"name":"Productos","item":"https:\/\/gmz.ltd\/es\/tienda\/"},{"@type":"ListItem","position":3,"name":"Contenedores para comida para llevar"}]},{"@type":"WebSite","@id":"https:\/\/gmz.ltd\/es\/#website","url":"https:\/\/gmz.ltd\/es\/","name":"GMZ","description":"","publisher":{"@id":"https:\/\/gmz.ltd\/es\/#organization"},"potentialAction":[{"@type":"SearchAction","target":{"@type":"EntryPoint","urlTemplate":"https:\/\/gmz.ltd\/es\/?s={search_term_string}"},"query-input":{"@type":"PropertyValueSpecification","valueRequired":true,"valueName":"search_term_string"}}],"inLanguage":"es"},{"@type":"Organization","@id":"https:\/\/gmz.ltd\/es\/#organization","name":"GMZ","url":"https:\/\/gmz.ltd\/es\/","logo":{"@type":"ImageObject","inLanguage":"es","@id":"https:\/\/gmz.ltd\/es\/#\/schema\/logo\/image\/","url":"https:\/\/gmz.ltd\/wp-content\/uploads\/2024\/11\/gmzpack.svg","contentUrl":"https:\/\/gmz.ltd\/wp-content\/uploads\/2024\/11\/gmzpack.svg","width":170,"height":79,"caption":"GMZ"},"image":{"@id":"https:\/\/gmz.ltd\/es\/#\/schema\/logo\/image\/"}}]}},"_links":{"self":[{"href":"https:\/\/gmz.ltd\/es\/wp-json\/wp\/v2\/product\/7813","targetHints":{"allow":["GET"]}}],"collection":[{"href":"https:\/\/gmz.ltd\/es\/wp-json\/wp\/v2\/product"}],"about":[{"href":"https:\/\/gmz.ltd\/es\/wp-json\/wp\/v2\/types\/product"}],"version-history":[{"count":0,"href":"https:\/\/gmz.ltd\/es\/wp-json\/wp\/v2\/product\/7813\/revisions"}],"wp:featuredmedia":[{"embeddable":true,"href":"https:\/\/gmz.ltd\/es\/wp-json\/wp\/v2\/media\/5384"}],"wp:attachment":[{"href":"https:\/\/gmz.ltd\/es\/wp-json\/wp\/v2\/media?parent=7813"}],"wp:term":[{"taxonomy":"product_brand","embeddable":true,"href":"https:\/\/gmz.ltd\/es\/wp-json\/wp\/v2\/product_brand?post=7813"},{"taxonomy":"product_cat","embeddable":true,"href":"https:\/\/gmz.ltd\/es\/wp-json\/wp\/v2\/product_cat?post=7813"},{"taxonomy":"product_tag","embeddable":true,"href":"https:\/\/gmz.ltd\/es\/wp-json\/wp\/v2\/product_tag?post=7813"}],"curies":[{"name":"wp","href":"https:\/\/api.w.org\/{rel}","templated":true}]}}