{"id":7817,"date":"2023-09-20T06:12:48","date_gmt":"2023-09-20T06:12:48","guid":{"rendered":"https:\/\/gmz.ltd\/product\/tazones-de-papel\/"},"modified":"2023-09-20T06:12:48","modified_gmt":"2023-09-20T06:12:48","slug":"tazones-de-papel","status":"publish","type":"product","link":"https:\/\/gmz.ltd\/es\/producto\/tazones-de-papel\/","title":{"rendered":"Tazones de papel"},"content":{"rendered":"<p>La serie de tazones de papel es uno de los contenedores de comida para llevar m\u00e1s populares en el mundo, es econ\u00f3mica y duradera, y se puede utilizar para contener fideos, ensaladas, pizza y m\u00e1s.<\/p>\n","protected":false},"excerpt":{"rendered":"<p>La serie de tazones de papel es uno de los contenedores de comida para llevar m\u00e1s populares en el mundo. Es duradero, econ\u00f3mico y tambi\u00e9n tiene buena apariencia. Adecuados para una variedad de alimentos, desde fideos y ensaladas hasta pizza, nuestros tazones de papel est\u00e1n dise\u00f1ados para proporcionar una experiencia gastron\u00f3mica sin fugas y sin desorden.<\/p>\n<ul>\n<li>Hecho de papel de grado alimenticio de alta calidad<\/li>\n<li>Recubierto con un material especial para ser a prueba de fugas<\/li>\n<li>Adecuado para una variedad de alimentos calientes o fr\u00edos<\/li>\n<li>Disponible en tazones de papel blanco y kraft<\/li>\n<li>Tapas opcionales de PET o PP para necesidades de comida para llevar o entrega<\/li>\n<li>Impresi\u00f3n personalizada disponible para branding<\/li>\n<\/ul>\n","protected":false},"featured_media":5404,"template":"","meta":{"_joinchat":[]},"product_brand":[],"product_cat":[111],"product_tag":[],"class_list":{"0":"post-7817","1":"product","2":"type-product","3":"status-publish","4":"has-post-thumbnail","6":"product_cat-contenedores-de-alimentos","8":"first","9":"instock","10":"shipping-taxable","11":"product-type-simple"},"acf":[],"yoast_head":"<!-- This site is optimized with the Yoast SEO Premium plugin v22.5 (Yoast SEO v26.6) - https:\/\/yoast.com\/wordpress\/plugins\/seo\/ -->\n<title>Fabricante y proveedor de tazones de papel - Tazones desechables al por mayor para llevar con tapas - GMZ<\/title>\n<meta name=\"description\" content=\"Compre tazones de papel desechables a precios al por mayor de GMZ. Nuestros tazones para llevar al por mayor con tapas est\u00e1n dise\u00f1ados para servir comida caliente y fr\u00eda, disponibles en tama\u00f1os desde 500 ml hasta 1300 ml. Personaliza tu logo en nuestros tazones de papel en blanco, disponibles en colores kraft y blanco. Elige GMZ para el mejor embalaje de comida para llevar de calidad.\" \/>\n<meta name=\"robots\" content=\"index, follow, max-snippet:-1, max-image-preview:large, max-video-preview:-1\" \/>\n<link rel=\"canonical\" href=\"https:\/\/gmz.ltd\/es\/producto\/tazones-de-papel\/\" \/>\n<meta property=\"og:locale\" content=\"es_ES\" \/>\n<meta property=\"og:type\" content=\"article\" \/>\n<meta property=\"og:title\" content=\"Tazones de papel\" \/>\n<meta property=\"og:description\" content=\"Compre tazones de papel desechables a precios al por mayor de GMZ. Nuestros tazones para llevar al por mayor con tapas est\u00e1n dise\u00f1ados para servir comida caliente y fr\u00eda, disponibles en tama\u00f1os desde 500 ml hasta 1300 ml. Personaliza tu logo en nuestros tazones de papel en blanco, disponibles en colores kraft y blanco. Elige GMZ para el mejor embalaje de comida para llevar de calidad.\" \/>\n<meta property=\"og:url\" content=\"https:\/\/gmz.ltd\/es\/producto\/tazones-de-papel\/\" \/>\n<meta property=\"og:site_name\" content=\"GMZ\" \/>\n<meta property=\"og:image\" content=\"https:\/\/gmz.ltd\/wp-content\/uploads\/2023\/09\/0.jpeg\" \/>\n\t<meta property=\"og:image:width\" content=\"800\" \/>\n\t<meta property=\"og:image:height\" content=\"800\" \/>\n\t<meta property=\"og:image:type\" content=\"image\/jpeg\" \/>\n<meta name=\"twitter:card\" content=\"summary_large_image\" \/>\n<script type=\"application\/ld+json\" class=\"yoast-schema-graph\">{\"@context\":\"https:\/\/schema.org\",\"@graph\":[{\"@type\":\"WebPage\",\"@id\":\"https:\/\/gmz.ltd\/es\/producto\/tazones-de-papel\/\",\"url\":\"https:\/\/gmz.ltd\/es\/producto\/tazones-de-papel\/\",\"name\":\"Fabricante y proveedor de tazones de papel - Tazones desechables al por mayor para llevar con tapas - GMZ\",\"isPartOf\":{\"@id\":\"https:\/\/gmz.ltd\/es\/#website\"},\"primaryImageOfPage\":{\"@id\":\"https:\/\/gmz.ltd\/es\/producto\/tazones-de-papel\/#primaryimage\"},\"image\":{\"@id\":\"https:\/\/gmz.ltd\/es\/producto\/tazones-de-papel\/#primaryimage\"},\"thumbnailUrl\":\"https:\/\/gmz.ltd\/wp-content\/uploads\/2023\/09\/0.jpeg\",\"datePublished\":\"2023-09-20T06:12:48+00:00\",\"description\":\"Compre tazones de papel desechables a precios al por mayor de GMZ. Nuestros tazones para llevar al por mayor con tapas est\u00e1n dise\u00f1ados para servir comida caliente y fr\u00eda, disponibles en tama\u00f1os desde 500 ml hasta 1300 ml. Personaliza tu logo en nuestros tazones de papel en blanco, disponibles en colores kraft y blanco. Elige GMZ para el mejor embalaje de comida para llevar de calidad.\",\"breadcrumb\":{\"@id\":\"https:\/\/gmz.ltd\/es\/producto\/tazones-de-papel\/#breadcrumb\"},\"inLanguage\":\"es\",\"potentialAction\":[{\"@type\":\"ReadAction\",\"target\":[\"https:\/\/gmz.ltd\/es\/producto\/tazones-de-papel\/\"]}]},{\"@type\":\"ImageObject\",\"inLanguage\":\"es\",\"@id\":\"https:\/\/gmz.ltd\/es\/producto\/tazones-de-papel\/#primaryimage\",\"url\":\"https:\/\/gmz.ltd\/wp-content\/uploads\/2023\/09\/0.jpeg\",\"contentUrl\":\"https:\/\/gmz.ltd\/wp-content\/uploads\/2023\/09\/0.jpeg\",\"width\":800,\"height\":800},{\"@type\":\"BreadcrumbList\",\"@id\":\"https:\/\/gmz.ltd\/es\/producto\/tazones-de-papel\/#breadcrumb\",\"itemListElement\":[{\"@type\":\"ListItem\",\"position\":1,\"name\":\"hogar\",\"item\":\"https:\/\/gmz.ltd\/es\/\"},{\"@type\":\"ListItem\",\"position\":2,\"name\":\"Productos\",\"item\":\"https:\/\/gmz.ltd\/es\/tienda\/\"},{\"@type\":\"ListItem\",\"position\":3,\"name\":\"Tazones de papel\"}]},{\"@type\":\"WebSite\",\"@id\":\"https:\/\/gmz.ltd\/es\/#website\",\"url\":\"https:\/\/gmz.ltd\/es\/\",\"name\":\"GMZ\",\"description\":\"\",\"publisher\":{\"@id\":\"https:\/\/gmz.ltd\/es\/#organization\"},\"potentialAction\":[{\"@type\":\"SearchAction\",\"target\":{\"@type\":\"EntryPoint\",\"urlTemplate\":\"https:\/\/gmz.ltd\/es\/?s={search_term_string}\"},\"query-input\":{\"@type\":\"PropertyValueSpecification\",\"valueRequired\":true,\"valueName\":\"search_term_string\"}}],\"inLanguage\":\"es\"},{\"@type\":\"Organization\",\"@id\":\"https:\/\/gmz.ltd\/es\/#organization\",\"name\":\"GMZ\",\"url\":\"https:\/\/gmz.ltd\/es\/\",\"logo\":{\"@type\":\"ImageObject\",\"inLanguage\":\"es\",\"@id\":\"https:\/\/gmz.ltd\/es\/#\/schema\/logo\/image\/\",\"url\":\"https:\/\/gmz.ltd\/wp-content\/uploads\/2024\/11\/gmzpack.svg\",\"contentUrl\":\"https:\/\/gmz.ltd\/wp-content\/uploads\/2024\/11\/gmzpack.svg\",\"width\":170,\"height\":79,\"caption\":\"GMZ\"},\"image\":{\"@id\":\"https:\/\/gmz.ltd\/es\/#\/schema\/logo\/image\/\"}}]}<\/script>\n<!-- \/ Yoast SEO Premium plugin. -->","yoast_head_json":{"title":"Fabricante y proveedor de tazones de papel - Tazones desechables al por mayor para llevar con tapas - GMZ","description":"Compre tazones de papel desechables a precios al por mayor de GMZ. Nuestros tazones para llevar al por mayor con tapas est\u00e1n dise\u00f1ados para servir comida caliente y fr\u00eda, disponibles en tama\u00f1os desde 500 ml hasta 1300 ml. Personaliza tu logo en nuestros tazones de papel en blanco, disponibles en colores kraft y blanco. Elige GMZ para el mejor embalaje de comida para llevar de calidad.","robots":{"index":"index","follow":"follow","max-snippet":"max-snippet:-1","max-image-preview":"max-image-preview:large","max-video-preview":"max-video-preview:-1"},"canonical":"https:\/\/gmz.ltd\/es\/producto\/tazones-de-papel\/","og_locale":"es_ES","og_type":"article","og_title":"Tazones de papel","og_description":"Compre tazones de papel desechables a precios al por mayor de GMZ. Nuestros tazones para llevar al por mayor con tapas est\u00e1n dise\u00f1ados para servir comida caliente y fr\u00eda, disponibles en tama\u00f1os desde 500 ml hasta 1300 ml. Personaliza tu logo en nuestros tazones de papel en blanco, disponibles en colores kraft y blanco. Elige GMZ para el mejor embalaje de comida para llevar de calidad.","og_url":"https:\/\/gmz.ltd\/es\/producto\/tazones-de-papel\/","og_site_name":"GMZ","og_image":[{"width":800,"height":800,"url":"https:\/\/gmz.ltd\/wp-content\/uploads\/2023\/09\/0.jpeg","type":"image\/jpeg"}],"twitter_card":"summary_large_image","schema":{"@context":"https:\/\/schema.org","@graph":[{"@type":"WebPage","@id":"https:\/\/gmz.ltd\/es\/producto\/tazones-de-papel\/","url":"https:\/\/gmz.ltd\/es\/producto\/tazones-de-papel\/","name":"Fabricante y proveedor de tazones de papel - Tazones desechables al por mayor para llevar con tapas - GMZ","isPartOf":{"@id":"https:\/\/gmz.ltd\/es\/#website"},"primaryImageOfPage":{"@id":"https:\/\/gmz.ltd\/es\/producto\/tazones-de-papel\/#primaryimage"},"image":{"@id":"https:\/\/gmz.ltd\/es\/producto\/tazones-de-papel\/#primaryimage"},"thumbnailUrl":"https:\/\/gmz.ltd\/wp-content\/uploads\/2023\/09\/0.jpeg","datePublished":"2023-09-20T06:12:48+00:00","description":"Compre tazones de papel desechables a precios al por mayor de GMZ. Nuestros tazones para llevar al por mayor con tapas est\u00e1n dise\u00f1ados para servir comida caliente y fr\u00eda, disponibles en tama\u00f1os desde 500 ml hasta 1300 ml. Personaliza tu logo en nuestros tazones de papel en blanco, disponibles en colores kraft y blanco. Elige GMZ para el mejor embalaje de comida para llevar de calidad.","breadcrumb":{"@id":"https:\/\/gmz.ltd\/es\/producto\/tazones-de-papel\/#breadcrumb"},"inLanguage":"es","potentialAction":[{"@type":"ReadAction","target":["https:\/\/gmz.ltd\/es\/producto\/tazones-de-papel\/"]}]},{"@type":"ImageObject","inLanguage":"es","@id":"https:\/\/gmz.ltd\/es\/producto\/tazones-de-papel\/#primaryimage","url":"https:\/\/gmz.ltd\/wp-content\/uploads\/2023\/09\/0.jpeg","contentUrl":"https:\/\/gmz.ltd\/wp-content\/uploads\/2023\/09\/0.jpeg","width":800,"height":800},{"@type":"BreadcrumbList","@id":"https:\/\/gmz.ltd\/es\/producto\/tazones-de-papel\/#breadcrumb","itemListElement":[{"@type":"ListItem","position":1,"name":"hogar","item":"https:\/\/gmz.ltd\/es\/"},{"@type":"ListItem","position":2,"name":"Productos","item":"https:\/\/gmz.ltd\/es\/tienda\/"},{"@type":"ListItem","position":3,"name":"Tazones de papel"}]},{"@type":"WebSite","@id":"https:\/\/gmz.ltd\/es\/#website","url":"https:\/\/gmz.ltd\/es\/","name":"GMZ","description":"","publisher":{"@id":"https:\/\/gmz.ltd\/es\/#organization"},"potentialAction":[{"@type":"SearchAction","target":{"@type":"EntryPoint","urlTemplate":"https:\/\/gmz.ltd\/es\/?s={search_term_string}"},"query-input":{"@type":"PropertyValueSpecification","valueRequired":true,"valueName":"search_term_string"}}],"inLanguage":"es"},{"@type":"Organization","@id":"https:\/\/gmz.ltd\/es\/#organization","name":"GMZ","url":"https:\/\/gmz.ltd\/es\/","logo":{"@type":"ImageObject","inLanguage":"es","@id":"https:\/\/gmz.ltd\/es\/#\/schema\/logo\/image\/","url":"https:\/\/gmz.ltd\/wp-content\/uploads\/2024\/11\/gmzpack.svg","contentUrl":"https:\/\/gmz.ltd\/wp-content\/uploads\/2024\/11\/gmzpack.svg","width":170,"height":79,"caption":"GMZ"},"image":{"@id":"https:\/\/gmz.ltd\/es\/#\/schema\/logo\/image\/"}}]}},"_links":{"self":[{"href":"https:\/\/gmz.ltd\/es\/wp-json\/wp\/v2\/product\/7817","targetHints":{"allow":["GET"]}}],"collection":[{"href":"https:\/\/gmz.ltd\/es\/wp-json\/wp\/v2\/product"}],"about":[{"href":"https:\/\/gmz.ltd\/es\/wp-json\/wp\/v2\/types\/product"}],"version-history":[{"count":0,"href":"https:\/\/gmz.ltd\/es\/wp-json\/wp\/v2\/product\/7817\/revisions"}],"wp:featuredmedia":[{"embeddable":true,"href":"https:\/\/gmz.ltd\/es\/wp-json\/wp\/v2\/media\/5404"}],"wp:attachment":[{"href":"https:\/\/gmz.ltd\/es\/wp-json\/wp\/v2\/media?parent=7817"}],"wp:term":[{"taxonomy":"product_brand","embeddable":true,"href":"https:\/\/gmz.ltd\/es\/wp-json\/wp\/v2\/product_brand?post=7817"},{"taxonomy":"product_cat","embeddable":true,"href":"https:\/\/gmz.ltd\/es\/wp-json\/wp\/v2\/product_cat?post=7817"},{"taxonomy":"product_tag","embeddable":true,"href":"https:\/\/gmz.ltd\/es\/wp-json\/wp\/v2\/product_tag?post=7817"}],"curies":[{"name":"wp","href":"https:\/\/api.w.org\/{rel}","templated":true}]}}