{"id":7822,"date":"2023-09-20T06:11:52","date_gmt":"2023-09-20T06:11:52","guid":{"rendered":"https:\/\/gmz.ltd\/product\/tazas-de-sopa-de-papel\/"},"modified":"2023-09-20T06:11:52","modified_gmt":"2023-09-20T06:11:52","slug":"tazas-de-sopa-de-papel","status":"publish","type":"product","link":"https:\/\/gmz.ltd\/es\/producto\/tazas-de-sopa-de-papel\/","title":{"rendered":"Tazas de sopa de papel"},"content":{"rendered":"<p>La gama de tazas de sopa de papel se puede utilizar para servir alimentos calientes o fr\u00edos. Disponible en tama\u00f1os de 8 a 32oz. Y tapas opcionales.<\/p>\n","protected":false},"excerpt":{"rendered":"<p>Nuestras tazas de sopa de papel son la soluci\u00f3n perfecta para servir sopas calientes y una variedad de otros alimentos calientes o fr\u00edos. Estos contenedores son duraderos, resistentes al calor y dise\u00f1ados para prevenir fugas, ofreci\u00e9ndole a usted y a su cliente una experiencia de comida o para llevar sin desorden.<\/p>\n<ul>\n<li>Hecho de papel de alta calidad y obtenido de fuentes responsables<\/li>\n<li>Recubierto con un material especial para prevenir fugas<\/li>\n<li>Adecuado para una variedad de alimentos calientes o fr\u00edos<\/li>\n<li>Disponible en tazas de sopa de papel blanco y kraft<\/li>\n<li>Tapas opcionales de PET o PP para transporte sin derrames<\/li>\n<li>Est\u00e1 disponible un servicio de impresi\u00f3n personalizada<\/li>\n<\/ul>\n<p><!-- notionvc: 603653fd-70b4-4ee7-aac3-d1fe3d1684cf --><\/p>\n","protected":false},"featured_media":5428,"template":"","meta":{"_joinchat":[]},"product_brand":[],"product_cat":[111],"product_tag":[],"class_list":{"0":"post-7822","1":"product","2":"type-product","3":"status-publish","4":"has-post-thumbnail","6":"product_cat-contenedores-de-alimentos","8":"first","9":"instock","10":"shipping-taxable","11":"product-type-simple"},"acf":[],"yoast_head":"<!-- This site is optimized with the Yoast SEO Premium plugin v22.5 (Yoast SEO v26.6) - https:\/\/yoast.com\/wordpress\/plugins\/seo\/ -->\n<title>Tazas y tazones de sopa de papel al por mayor con tapas - Contenedores de sopa a granel para llevar - GMZ<\/title>\n<meta name=\"description\" content=\"Obt\u00e9n precios al por mayor en contenedores de sopa desechables con tapas en GMZ. Nuestros vasos y tazones de sopa al por mayor son perfectos para servicios de comida para llevar y entrega, disponibles en color blanco y kraft. Mant\u00e9n tu comida caliente y segura con nuestros suministros de embalaje de alimentos de alta calidad. \u00a1Cont\u00e1ctanos ahora!\" \/>\n<meta name=\"robots\" content=\"index, follow, max-snippet:-1, max-image-preview:large, max-video-preview:-1\" \/>\n<link rel=\"canonical\" href=\"https:\/\/gmz.ltd\/es\/producto\/tazas-de-sopa-de-papel\/\" \/>\n<meta property=\"og:locale\" content=\"es_ES\" \/>\n<meta property=\"og:type\" content=\"article\" \/>\n<meta property=\"og:title\" content=\"Tazas de sopa de papel\" \/>\n<meta property=\"og:description\" content=\"Obt\u00e9n precios al por mayor en contenedores de sopa desechables con tapas en GMZ. Nuestros vasos y tazones de sopa al por mayor son perfectos para servicios de comida para llevar y entrega, disponibles en color blanco y kraft. Mant\u00e9n tu comida caliente y segura con nuestros suministros de embalaje de alimentos de alta calidad. \u00a1Cont\u00e1ctanos ahora!\" \/>\n<meta property=\"og:url\" content=\"https:\/\/gmz.ltd\/es\/producto\/tazas-de-sopa-de-papel\/\" \/>\n<meta property=\"og:site_name\" content=\"GMZ\" \/>\n<meta property=\"og:image\" content=\"https:\/\/gmz.ltd\/wp-content\/uploads\/2023\/09\/1-1.jpeg\" \/>\n\t<meta property=\"og:image:width\" content=\"800\" \/>\n\t<meta property=\"og:image:height\" content=\"800\" \/>\n\t<meta property=\"og:image:type\" content=\"image\/jpeg\" \/>\n<meta name=\"twitter:card\" content=\"summary_large_image\" \/>\n<script type=\"application\/ld+json\" class=\"yoast-schema-graph\">{\"@context\":\"https:\/\/schema.org\",\"@graph\":[{\"@type\":\"WebPage\",\"@id\":\"https:\/\/gmz.ltd\/es\/producto\/tazas-de-sopa-de-papel\/\",\"url\":\"https:\/\/gmz.ltd\/es\/producto\/tazas-de-sopa-de-papel\/\",\"name\":\"Tazas y tazones de sopa de papel al por mayor con tapas - Contenedores de sopa a granel para llevar - GMZ\",\"isPartOf\":{\"@id\":\"https:\/\/gmz.ltd\/es\/#website\"},\"primaryImageOfPage\":{\"@id\":\"https:\/\/gmz.ltd\/es\/producto\/tazas-de-sopa-de-papel\/#primaryimage\"},\"image\":{\"@id\":\"https:\/\/gmz.ltd\/es\/producto\/tazas-de-sopa-de-papel\/#primaryimage\"},\"thumbnailUrl\":\"https:\/\/gmz.ltd\/wp-content\/uploads\/2023\/09\/1-1.jpeg\",\"datePublished\":\"2023-09-20T06:11:52+00:00\",\"description\":\"Obt\u00e9n precios al por mayor en contenedores de sopa desechables con tapas en GMZ. Nuestros vasos y tazones de sopa al por mayor son perfectos para servicios de comida para llevar y entrega, disponibles en color blanco y kraft. Mant\u00e9n tu comida caliente y segura con nuestros suministros de embalaje de alimentos de alta calidad. \u00a1Cont\u00e1ctanos ahora!\",\"breadcrumb\":{\"@id\":\"https:\/\/gmz.ltd\/es\/producto\/tazas-de-sopa-de-papel\/#breadcrumb\"},\"inLanguage\":\"es\",\"potentialAction\":[{\"@type\":\"ReadAction\",\"target\":[\"https:\/\/gmz.ltd\/es\/producto\/tazas-de-sopa-de-papel\/\"]}]},{\"@type\":\"ImageObject\",\"inLanguage\":\"es\",\"@id\":\"https:\/\/gmz.ltd\/es\/producto\/tazas-de-sopa-de-papel\/#primaryimage\",\"url\":\"https:\/\/gmz.ltd\/wp-content\/uploads\/2023\/09\/1-1.jpeg\",\"contentUrl\":\"https:\/\/gmz.ltd\/wp-content\/uploads\/2023\/09\/1-1.jpeg\",\"width\":800,\"height\":800},{\"@type\":\"BreadcrumbList\",\"@id\":\"https:\/\/gmz.ltd\/es\/producto\/tazas-de-sopa-de-papel\/#breadcrumb\",\"itemListElement\":[{\"@type\":\"ListItem\",\"position\":1,\"name\":\"hogar\",\"item\":\"https:\/\/gmz.ltd\/es\/\"},{\"@type\":\"ListItem\",\"position\":2,\"name\":\"Productos\",\"item\":\"https:\/\/gmz.ltd\/es\/tienda\/\"},{\"@type\":\"ListItem\",\"position\":3,\"name\":\"Tazas de sopa de papel\"}]},{\"@type\":\"WebSite\",\"@id\":\"https:\/\/gmz.ltd\/es\/#website\",\"url\":\"https:\/\/gmz.ltd\/es\/\",\"name\":\"GMZ\",\"description\":\"\",\"publisher\":{\"@id\":\"https:\/\/gmz.ltd\/es\/#organization\"},\"potentialAction\":[{\"@type\":\"SearchAction\",\"target\":{\"@type\":\"EntryPoint\",\"urlTemplate\":\"https:\/\/gmz.ltd\/es\/?s={search_term_string}\"},\"query-input\":{\"@type\":\"PropertyValueSpecification\",\"valueRequired\":true,\"valueName\":\"search_term_string\"}}],\"inLanguage\":\"es\"},{\"@type\":\"Organization\",\"@id\":\"https:\/\/gmz.ltd\/es\/#organization\",\"name\":\"GMZ\",\"url\":\"https:\/\/gmz.ltd\/es\/\",\"logo\":{\"@type\":\"ImageObject\",\"inLanguage\":\"es\",\"@id\":\"https:\/\/gmz.ltd\/es\/#\/schema\/logo\/image\/\",\"url\":\"https:\/\/gmz.ltd\/wp-content\/uploads\/2024\/11\/gmzpack.svg\",\"contentUrl\":\"https:\/\/gmz.ltd\/wp-content\/uploads\/2024\/11\/gmzpack.svg\",\"width\":170,\"height\":79,\"caption\":\"GMZ\"},\"image\":{\"@id\":\"https:\/\/gmz.ltd\/es\/#\/schema\/logo\/image\/\"}}]}<\/script>\n<!-- \/ Yoast SEO Premium plugin. -->","yoast_head_json":{"title":"Tazas y tazones de sopa de papel al por mayor con tapas - Contenedores de sopa a granel para llevar - GMZ","description":"Obt\u00e9n precios al por mayor en contenedores de sopa desechables con tapas en GMZ. Nuestros vasos y tazones de sopa al por mayor son perfectos para servicios de comida para llevar y entrega, disponibles en color blanco y kraft. Mant\u00e9n tu comida caliente y segura con nuestros suministros de embalaje de alimentos de alta calidad. \u00a1Cont\u00e1ctanos ahora!","robots":{"index":"index","follow":"follow","max-snippet":"max-snippet:-1","max-image-preview":"max-image-preview:large","max-video-preview":"max-video-preview:-1"},"canonical":"https:\/\/gmz.ltd\/es\/producto\/tazas-de-sopa-de-papel\/","og_locale":"es_ES","og_type":"article","og_title":"Tazas de sopa de papel","og_description":"Obt\u00e9n precios al por mayor en contenedores de sopa desechables con tapas en GMZ. Nuestros vasos y tazones de sopa al por mayor son perfectos para servicios de comida para llevar y entrega, disponibles en color blanco y kraft. Mant\u00e9n tu comida caliente y segura con nuestros suministros de embalaje de alimentos de alta calidad. \u00a1Cont\u00e1ctanos ahora!","og_url":"https:\/\/gmz.ltd\/es\/producto\/tazas-de-sopa-de-papel\/","og_site_name":"GMZ","og_image":[{"width":800,"height":800,"url":"https:\/\/gmz.ltd\/wp-content\/uploads\/2023\/09\/1-1.jpeg","type":"image\/jpeg"}],"twitter_card":"summary_large_image","schema":{"@context":"https:\/\/schema.org","@graph":[{"@type":"WebPage","@id":"https:\/\/gmz.ltd\/es\/producto\/tazas-de-sopa-de-papel\/","url":"https:\/\/gmz.ltd\/es\/producto\/tazas-de-sopa-de-papel\/","name":"Tazas y tazones de sopa de papel al por mayor con tapas - Contenedores de sopa a granel para llevar - GMZ","isPartOf":{"@id":"https:\/\/gmz.ltd\/es\/#website"},"primaryImageOfPage":{"@id":"https:\/\/gmz.ltd\/es\/producto\/tazas-de-sopa-de-papel\/#primaryimage"},"image":{"@id":"https:\/\/gmz.ltd\/es\/producto\/tazas-de-sopa-de-papel\/#primaryimage"},"thumbnailUrl":"https:\/\/gmz.ltd\/wp-content\/uploads\/2023\/09\/1-1.jpeg","datePublished":"2023-09-20T06:11:52+00:00","description":"Obt\u00e9n precios al por mayor en contenedores de sopa desechables con tapas en GMZ. Nuestros vasos y tazones de sopa al por mayor son perfectos para servicios de comida para llevar y entrega, disponibles en color blanco y kraft. Mant\u00e9n tu comida caliente y segura con nuestros suministros de embalaje de alimentos de alta calidad. \u00a1Cont\u00e1ctanos ahora!","breadcrumb":{"@id":"https:\/\/gmz.ltd\/es\/producto\/tazas-de-sopa-de-papel\/#breadcrumb"},"inLanguage":"es","potentialAction":[{"@type":"ReadAction","target":["https:\/\/gmz.ltd\/es\/producto\/tazas-de-sopa-de-papel\/"]}]},{"@type":"ImageObject","inLanguage":"es","@id":"https:\/\/gmz.ltd\/es\/producto\/tazas-de-sopa-de-papel\/#primaryimage","url":"https:\/\/gmz.ltd\/wp-content\/uploads\/2023\/09\/1-1.jpeg","contentUrl":"https:\/\/gmz.ltd\/wp-content\/uploads\/2023\/09\/1-1.jpeg","width":800,"height":800},{"@type":"BreadcrumbList","@id":"https:\/\/gmz.ltd\/es\/producto\/tazas-de-sopa-de-papel\/#breadcrumb","itemListElement":[{"@type":"ListItem","position":1,"name":"hogar","item":"https:\/\/gmz.ltd\/es\/"},{"@type":"ListItem","position":2,"name":"Productos","item":"https:\/\/gmz.ltd\/es\/tienda\/"},{"@type":"ListItem","position":3,"name":"Tazas de sopa de papel"}]},{"@type":"WebSite","@id":"https:\/\/gmz.ltd\/es\/#website","url":"https:\/\/gmz.ltd\/es\/","name":"GMZ","description":"","publisher":{"@id":"https:\/\/gmz.ltd\/es\/#organization"},"potentialAction":[{"@type":"SearchAction","target":{"@type":"EntryPoint","urlTemplate":"https:\/\/gmz.ltd\/es\/?s={search_term_string}"},"query-input":{"@type":"PropertyValueSpecification","valueRequired":true,"valueName":"search_term_string"}}],"inLanguage":"es"},{"@type":"Organization","@id":"https:\/\/gmz.ltd\/es\/#organization","name":"GMZ","url":"https:\/\/gmz.ltd\/es\/","logo":{"@type":"ImageObject","inLanguage":"es","@id":"https:\/\/gmz.ltd\/es\/#\/schema\/logo\/image\/","url":"https:\/\/gmz.ltd\/wp-content\/uploads\/2024\/11\/gmzpack.svg","contentUrl":"https:\/\/gmz.ltd\/wp-content\/uploads\/2024\/11\/gmzpack.svg","width":170,"height":79,"caption":"GMZ"},"image":{"@id":"https:\/\/gmz.ltd\/es\/#\/schema\/logo\/image\/"}}]}},"_links":{"self":[{"href":"https:\/\/gmz.ltd\/es\/wp-json\/wp\/v2\/product\/7822","targetHints":{"allow":["GET"]}}],"collection":[{"href":"https:\/\/gmz.ltd\/es\/wp-json\/wp\/v2\/product"}],"about":[{"href":"https:\/\/gmz.ltd\/es\/wp-json\/wp\/v2\/types\/product"}],"version-history":[{"count":0,"href":"https:\/\/gmz.ltd\/es\/wp-json\/wp\/v2\/product\/7822\/revisions"}],"wp:featuredmedia":[{"embeddable":true,"href":"https:\/\/gmz.ltd\/es\/wp-json\/wp\/v2\/media\/5428"}],"wp:attachment":[{"href":"https:\/\/gmz.ltd\/es\/wp-json\/wp\/v2\/media?parent=7822"}],"wp:term":[{"taxonomy":"product_brand","embeddable":true,"href":"https:\/\/gmz.ltd\/es\/wp-json\/wp\/v2\/product_brand?post=7822"},{"taxonomy":"product_cat","embeddable":true,"href":"https:\/\/gmz.ltd\/es\/wp-json\/wp\/v2\/product_cat?post=7822"},{"taxonomy":"product_tag","embeddable":true,"href":"https:\/\/gmz.ltd\/es\/wp-json\/wp\/v2\/product_tag?post=7822"}],"curies":[{"name":"wp","href":"https:\/\/api.w.org\/{rel}","templated":true}]}}