{"id":7826,"date":"2023-09-20T04:05:39","date_gmt":"2023-09-20T04:05:39","guid":{"rendered":"https:\/\/gmz.ltd\/product\/tapas-de-papel\/"},"modified":"2023-09-20T04:05:39","modified_gmt":"2023-09-20T04:05:39","slug":"tapas-de-papel","status":"publish","type":"product","link":"https:\/\/gmz.ltd\/es\/producto\/tapas-de-papel\/","title":{"rendered":"Tapas de papel"},"content":{"rendered":"<p>Nuestra serie de tapas de papel tiene los siguientes dos tipos. En comparaci\u00f3n con las tapas de pl\u00e1stico, las tapas de papel son una opci\u00f3n m\u00e1s respetuosa con el medio ambiente.<\/p>\n<ol>\n<li>Tapas de pulpa de papel<\/li>\n<li>Tapas de papel recubiertas de PE\/PLA<\/li>\n<\/ol>\n","protected":false},"excerpt":{"rendered":"<p>Nuestra serie de tapas de papel tiene los siguientes dos tipos. En comparaci\u00f3n con las tapas de pl\u00e1stico, las tapas de papel son una opci\u00f3n m\u00e1s respetuosa con el medio ambiente.<\/p>\n<ol>\n<li>Tapas de pulpa de papel<\/li>\n<li>Tapas de papel recubiertas de PE\/PLA<\/li>\n<\/ol>\n<ul>\n<li>Libre de PFAS<\/li>\n<li>100% reciclable<\/li>\n<li>Para combinar con vasos de papel de 8\/12\/16\/20oz<\/li>\n<\/ul>\n","protected":false},"featured_media":20001,"template":"","meta":{"_joinchat":[]},"product_brand":[],"product_cat":[118],"product_tag":[119],"class_list":{"0":"post-7826","1":"product","2":"type-product","3":"status-publish","4":"has-post-thumbnail","6":"product_cat-tapas-accesorios","7":"product_tag-vasos-y-tapas-para-bebidas-calientes","9":"first","10":"instock","11":"shipping-taxable","12":"product-type-simple"},"acf":[],"yoast_head":"<!-- This site is optimized with the Yoast SEO Premium plugin v22.5 (Yoast SEO v26.6) - https:\/\/yoast.com\/wordpress\/plugins\/seo\/ -->\n<title>Tapas de vasos de papel al por mayor - Tapas de vasos de caf\u00e9 compostables y degradables de papel- GMZ<\/title>\n<meta name=\"description\" content=\"GMZ ofrece una amplia gama de tapas de vasos de papel compostables y degradables a precios al por mayor. Encuentra soluciones ecol\u00f3gicas para tus tazas de caf\u00e9 con nuestras tapas de ca\u00f1a de az\u00facar de alta calidad. Adecuado para vasos de papel de 8\/12\/16\/20\/22oz.\" \/>\n<meta name=\"robots\" content=\"index, follow, max-snippet:-1, max-image-preview:large, max-video-preview:-1\" \/>\n<link rel=\"canonical\" href=\"https:\/\/gmz.ltd\/es\/producto\/tapas-de-papel\/\" \/>\n<meta property=\"og:locale\" content=\"es_ES\" \/>\n<meta property=\"og:type\" content=\"article\" \/>\n<meta property=\"og:title\" content=\"Tapas de papel\" \/>\n<meta property=\"og:description\" content=\"GMZ ofrece una amplia gama de tapas de vasos de papel compostables y degradables a precios al por mayor. Encuentra soluciones ecol\u00f3gicas para tus tazas de caf\u00e9 con nuestras tapas de ca\u00f1a de az\u00facar de alta calidad. Adecuado para vasos de papel de 8\/12\/16\/20\/22oz.\" \/>\n<meta property=\"og:url\" content=\"https:\/\/gmz.ltd\/es\/producto\/tapas-de-papel\/\" \/>\n<meta property=\"og:site_name\" content=\"GMZ\" \/>\n<meta property=\"og:image\" content=\"https:\/\/gmz.ltd\/wp-content\/uploads\/2023\/09\/paper-lids.jpg\" \/>\n\t<meta property=\"og:image:width\" content=\"1000\" \/>\n\t<meta property=\"og:image:height\" content=\"1000\" \/>\n\t<meta property=\"og:image:type\" content=\"image\/jpeg\" \/>\n<meta name=\"twitter:card\" content=\"summary_large_image\" \/>\n<script type=\"application\/ld+json\" class=\"yoast-schema-graph\">{\"@context\":\"https:\/\/schema.org\",\"@graph\":[{\"@type\":\"WebPage\",\"@id\":\"https:\/\/gmz.ltd\/es\/producto\/tapas-de-papel\/\",\"url\":\"https:\/\/gmz.ltd\/es\/producto\/tapas-de-papel\/\",\"name\":\"Tapas de vasos de papel al por mayor - Tapas de vasos de caf\u00e9 compostables y degradables de papel- GMZ\",\"isPartOf\":{\"@id\":\"https:\/\/gmz.ltd\/es\/#website\"},\"primaryImageOfPage\":{\"@id\":\"https:\/\/gmz.ltd\/es\/producto\/tapas-de-papel\/#primaryimage\"},\"image\":{\"@id\":\"https:\/\/gmz.ltd\/es\/producto\/tapas-de-papel\/#primaryimage\"},\"thumbnailUrl\":\"https:\/\/gmz.ltd\/wp-content\/uploads\/2023\/09\/Paper-Lids.webp\",\"datePublished\":\"2023-09-20T04:05:39+00:00\",\"description\":\"GMZ ofrece una amplia gama de tapas de vasos de papel compostables y degradables a precios al por mayor. Encuentra soluciones ecol\u00f3gicas para tus tazas de caf\u00e9 con nuestras tapas de ca\u00f1a de az\u00facar de alta calidad. Adecuado para vasos de papel de 8\/12\/16\/20\/22oz.\",\"breadcrumb\":{\"@id\":\"https:\/\/gmz.ltd\/es\/producto\/tapas-de-papel\/#breadcrumb\"},\"inLanguage\":\"es\",\"potentialAction\":[{\"@type\":\"ReadAction\",\"target\":[\"https:\/\/gmz.ltd\/es\/producto\/tapas-de-papel\/\"]}]},{\"@type\":\"ImageObject\",\"inLanguage\":\"es\",\"@id\":\"https:\/\/gmz.ltd\/es\/producto\/tapas-de-papel\/#primaryimage\",\"url\":\"https:\/\/gmz.ltd\/wp-content\/uploads\/2023\/09\/Paper-Lids.webp\",\"contentUrl\":\"https:\/\/gmz.ltd\/wp-content\/uploads\/2023\/09\/Paper-Lids.webp\",\"width\":800,\"height\":800,\"caption\":\"Paper Lids\"},{\"@type\":\"BreadcrumbList\",\"@id\":\"https:\/\/gmz.ltd\/es\/producto\/tapas-de-papel\/#breadcrumb\",\"itemListElement\":[{\"@type\":\"ListItem\",\"position\":1,\"name\":\"hogar\",\"item\":\"https:\/\/gmz.ltd\/es\/\"},{\"@type\":\"ListItem\",\"position\":2,\"name\":\"Productos\",\"item\":\"https:\/\/gmz.ltd\/es\/tienda\/\"},{\"@type\":\"ListItem\",\"position\":3,\"name\":\"Tapas de papel\"}]},{\"@type\":\"WebSite\",\"@id\":\"https:\/\/gmz.ltd\/es\/#website\",\"url\":\"https:\/\/gmz.ltd\/es\/\",\"name\":\"GMZ\",\"description\":\"\",\"publisher\":{\"@id\":\"https:\/\/gmz.ltd\/es\/#organization\"},\"potentialAction\":[{\"@type\":\"SearchAction\",\"target\":{\"@type\":\"EntryPoint\",\"urlTemplate\":\"https:\/\/gmz.ltd\/es\/?s={search_term_string}\"},\"query-input\":{\"@type\":\"PropertyValueSpecification\",\"valueRequired\":true,\"valueName\":\"search_term_string\"}}],\"inLanguage\":\"es\"},{\"@type\":\"Organization\",\"@id\":\"https:\/\/gmz.ltd\/es\/#organization\",\"name\":\"GMZ\",\"url\":\"https:\/\/gmz.ltd\/es\/\",\"logo\":{\"@type\":\"ImageObject\",\"inLanguage\":\"es\",\"@id\":\"https:\/\/gmz.ltd\/es\/#\/schema\/logo\/image\/\",\"url\":\"https:\/\/gmz.ltd\/wp-content\/uploads\/2024\/11\/gmzpack.svg\",\"contentUrl\":\"https:\/\/gmz.ltd\/wp-content\/uploads\/2024\/11\/gmzpack.svg\",\"width\":170,\"height\":79,\"caption\":\"GMZ\"},\"image\":{\"@id\":\"https:\/\/gmz.ltd\/es\/#\/schema\/logo\/image\/\"}}]}<\/script>\n<!-- \/ Yoast SEO Premium plugin. -->","yoast_head_json":{"title":"Tapas de vasos de papel al por mayor - Tapas de vasos de caf\u00e9 compostables y degradables de papel- GMZ","description":"GMZ ofrece una amplia gama de tapas de vasos de papel compostables y degradables a precios al por mayor. Encuentra soluciones ecol\u00f3gicas para tus tazas de caf\u00e9 con nuestras tapas de ca\u00f1a de az\u00facar de alta calidad. Adecuado para vasos de papel de 8\/12\/16\/20\/22oz.","robots":{"index":"index","follow":"follow","max-snippet":"max-snippet:-1","max-image-preview":"max-image-preview:large","max-video-preview":"max-video-preview:-1"},"canonical":"https:\/\/gmz.ltd\/es\/producto\/tapas-de-papel\/","og_locale":"es_ES","og_type":"article","og_title":"Tapas de papel","og_description":"GMZ ofrece una amplia gama de tapas de vasos de papel compostables y degradables a precios al por mayor. Encuentra soluciones ecol\u00f3gicas para tus tazas de caf\u00e9 con nuestras tapas de ca\u00f1a de az\u00facar de alta calidad. Adecuado para vasos de papel de 8\/12\/16\/20\/22oz.","og_url":"https:\/\/gmz.ltd\/es\/producto\/tapas-de-papel\/","og_site_name":"GMZ","og_image":[{"width":1000,"height":1000,"url":"https:\/\/gmz.ltd\/wp-content\/uploads\/2023\/09\/paper-lids.jpg","type":"image\/jpeg"}],"twitter_card":"summary_large_image","schema":{"@context":"https:\/\/schema.org","@graph":[{"@type":"WebPage","@id":"https:\/\/gmz.ltd\/es\/producto\/tapas-de-papel\/","url":"https:\/\/gmz.ltd\/es\/producto\/tapas-de-papel\/","name":"Tapas de vasos de papel al por mayor - Tapas de vasos de caf\u00e9 compostables y degradables de papel- GMZ","isPartOf":{"@id":"https:\/\/gmz.ltd\/es\/#website"},"primaryImageOfPage":{"@id":"https:\/\/gmz.ltd\/es\/producto\/tapas-de-papel\/#primaryimage"},"image":{"@id":"https:\/\/gmz.ltd\/es\/producto\/tapas-de-papel\/#primaryimage"},"thumbnailUrl":"https:\/\/gmz.ltd\/wp-content\/uploads\/2023\/09\/Paper-Lids.webp","datePublished":"2023-09-20T04:05:39+00:00","description":"GMZ ofrece una amplia gama de tapas de vasos de papel compostables y degradables a precios al por mayor. Encuentra soluciones ecol\u00f3gicas para tus tazas de caf\u00e9 con nuestras tapas de ca\u00f1a de az\u00facar de alta calidad. Adecuado para vasos de papel de 8\/12\/16\/20\/22oz.","breadcrumb":{"@id":"https:\/\/gmz.ltd\/es\/producto\/tapas-de-papel\/#breadcrumb"},"inLanguage":"es","potentialAction":[{"@type":"ReadAction","target":["https:\/\/gmz.ltd\/es\/producto\/tapas-de-papel\/"]}]},{"@type":"ImageObject","inLanguage":"es","@id":"https:\/\/gmz.ltd\/es\/producto\/tapas-de-papel\/#primaryimage","url":"https:\/\/gmz.ltd\/wp-content\/uploads\/2023\/09\/Paper-Lids.webp","contentUrl":"https:\/\/gmz.ltd\/wp-content\/uploads\/2023\/09\/Paper-Lids.webp","width":800,"height":800,"caption":"Paper Lids"},{"@type":"BreadcrumbList","@id":"https:\/\/gmz.ltd\/es\/producto\/tapas-de-papel\/#breadcrumb","itemListElement":[{"@type":"ListItem","position":1,"name":"hogar","item":"https:\/\/gmz.ltd\/es\/"},{"@type":"ListItem","position":2,"name":"Productos","item":"https:\/\/gmz.ltd\/es\/tienda\/"},{"@type":"ListItem","position":3,"name":"Tapas de papel"}]},{"@type":"WebSite","@id":"https:\/\/gmz.ltd\/es\/#website","url":"https:\/\/gmz.ltd\/es\/","name":"GMZ","description":"","publisher":{"@id":"https:\/\/gmz.ltd\/es\/#organization"},"potentialAction":[{"@type":"SearchAction","target":{"@type":"EntryPoint","urlTemplate":"https:\/\/gmz.ltd\/es\/?s={search_term_string}"},"query-input":{"@type":"PropertyValueSpecification","valueRequired":true,"valueName":"search_term_string"}}],"inLanguage":"es"},{"@type":"Organization","@id":"https:\/\/gmz.ltd\/es\/#organization","name":"GMZ","url":"https:\/\/gmz.ltd\/es\/","logo":{"@type":"ImageObject","inLanguage":"es","@id":"https:\/\/gmz.ltd\/es\/#\/schema\/logo\/image\/","url":"https:\/\/gmz.ltd\/wp-content\/uploads\/2024\/11\/gmzpack.svg","contentUrl":"https:\/\/gmz.ltd\/wp-content\/uploads\/2024\/11\/gmzpack.svg","width":170,"height":79,"caption":"GMZ"},"image":{"@id":"https:\/\/gmz.ltd\/es\/#\/schema\/logo\/image\/"}}]}},"_links":{"self":[{"href":"https:\/\/gmz.ltd\/es\/wp-json\/wp\/v2\/product\/7826","targetHints":{"allow":["GET"]}}],"collection":[{"href":"https:\/\/gmz.ltd\/es\/wp-json\/wp\/v2\/product"}],"about":[{"href":"https:\/\/gmz.ltd\/es\/wp-json\/wp\/v2\/types\/product"}],"version-history":[{"count":0,"href":"https:\/\/gmz.ltd\/es\/wp-json\/wp\/v2\/product\/7826\/revisions"}],"wp:featuredmedia":[{"embeddable":true,"href":"https:\/\/gmz.ltd\/es\/wp-json\/wp\/v2\/media\/20001"}],"wp:attachment":[{"href":"https:\/\/gmz.ltd\/es\/wp-json\/wp\/v2\/media?parent=7826"}],"wp:term":[{"taxonomy":"product_brand","embeddable":true,"href":"https:\/\/gmz.ltd\/es\/wp-json\/wp\/v2\/product_brand?post=7826"},{"taxonomy":"product_cat","embeddable":true,"href":"https:\/\/gmz.ltd\/es\/wp-json\/wp\/v2\/product_cat?post=7826"},{"taxonomy":"product_tag","embeddable":true,"href":"https:\/\/gmz.ltd\/es\/wp-json\/wp\/v2\/product_tag?post=7826"}],"curies":[{"name":"wp","href":"https:\/\/api.w.org\/{rel}","templated":true}]}}