{"id":7830,"date":"2023-09-20T04:04:47","date_gmt":"2023-09-20T04:04:47","guid":{"rendered":"https:\/\/gmz.ltd\/product\/tapas-de-pet\/"},"modified":"2023-09-20T04:04:47","modified_gmt":"2023-09-20T04:04:47","slug":"tapas-de-pet","status":"publish","type":"product","link":"https:\/\/gmz.ltd\/es\/producto\/tapas-de-pet\/","title":{"rendered":"Tapas de PET"},"content":{"rendered":"<p>Las tapas de PET son tapas adecuadas para vasos de bebidas fr\u00edas, hay muchos modelos para elegir, todos nuestros vasos de PET pueden combinarse con tapas adecuadas.<\/p>\n","protected":false},"excerpt":{"rendered":"<p>Nuestras tapas est\u00e1n hechas de pl\u00e1stico PET de alta calidad y pueden reciclarse en nuevos productos mediante procesos adecuados. Estas tapas son duraderas, fuertes y s\u00faper claras, ofreciendo una soluci\u00f3n segura y sin derrames para tus bebidas fr\u00edas. Dise\u00f1adas para ajustarse a nuestra gama de vasos PET, son compatibles con la mayor\u00eda de los tama\u00f1os de vasos para bebidas fr\u00edas en el mercado.<\/p>\n<ul>\n<li>Hecho de materiales PET reciclables<\/li>\n<li>Proporciona una experiencia segura y sin derrames<\/li>\n<li>Compatible con la mayor\u00eda de los vasos para bebidas fr\u00edas en el mercado<\/li>\n<li>Disponible en estilos de tapa de domo, pop-up y plana<\/li>\n<li>Perfecto para mostrar la capa superior de tus bebidas<\/li>\n<\/ul>\n<p><!-- notionvc: 5d84b415-ad24-46eb-9954-e26661fcc28c --><\/p>\n","protected":false},"featured_media":5216,"template":"","meta":{"_joinchat":[]},"product_brand":[],"product_cat":[118],"product_tag":[123],"class_list":{"0":"post-7830","1":"product","2":"type-product","3":"status-publish","4":"has-post-thumbnail","6":"product_cat-tapas-accesorios","7":"product_tag-vasos-y-tapas-para-bebidas-frias","9":"first","10":"instock","11":"shipping-taxable","12":"product-type-simple"},"acf":[],"yoast_head":"<!-- This site is optimized with the Yoast SEO Premium plugin v22.5 (Yoast SEO v26.6) - https:\/\/yoast.com\/wordpress\/plugins\/seo\/ -->\n<title>Tapas de pl\u00e1stico PET para vasos: domo, pop-up, tapas planas para bebidas fr\u00edas - 78mm-98mm - GMZ<\/title>\n<meta name=\"description\" content=\"Explora los precios al por mayor de GMZ para tapas de vasos de pl\u00e1stico PET, incluyendo tapas de domo, tapas pop-up y tapas planas, disponibles en tama\u00f1os de 78mm a 98mm. Compra ahora en grandes cantidades vasos de pl\u00e1stico transparente desechables con tapas, ideales para vasos de caf\u00e9 para llevar. Encuentra soluciones de empaquetado de alta calidad para tus bebidas fr\u00edas en GMZ.\" \/>\n<meta name=\"robots\" content=\"index, follow, max-snippet:-1, max-image-preview:large, max-video-preview:-1\" \/>\n<link rel=\"canonical\" href=\"https:\/\/gmz.ltd\/es\/producto\/tapas-de-pet\/\" \/>\n<meta property=\"og:locale\" content=\"es_ES\" \/>\n<meta property=\"og:type\" content=\"article\" \/>\n<meta property=\"og:title\" content=\"Tapas de PET\" \/>\n<meta property=\"og:description\" content=\"Explora los precios al por mayor de GMZ para tapas de vasos de pl\u00e1stico PET, incluyendo tapas de domo, tapas pop-up y tapas planas, disponibles en tama\u00f1os de 78mm a 98mm. Compra ahora en grandes cantidades vasos de pl\u00e1stico transparente desechables con tapas, ideales para vasos de caf\u00e9 para llevar. Encuentra soluciones de empaquetado de alta calidad para tus bebidas fr\u00edas en GMZ.\" \/>\n<meta property=\"og:url\" content=\"https:\/\/gmz.ltd\/es\/producto\/tapas-de-pet\/\" \/>\n<meta property=\"og:site_name\" content=\"GMZ\" \/>\n<meta property=\"og:image\" content=\"https:\/\/gmz.ltd\/wp-content\/uploads\/2023\/09\/\u4e3b\u56fe-2.jpg\" \/>\n\t<meta property=\"og:image:width\" content=\"800\" \/>\n\t<meta property=\"og:image:height\" content=\"800\" \/>\n\t<meta property=\"og:image:type\" content=\"image\/jpeg\" \/>\n<meta name=\"twitter:card\" content=\"summary_large_image\" \/>\n<script type=\"application\/ld+json\" class=\"yoast-schema-graph\">{\"@context\":\"https:\/\/schema.org\",\"@graph\":[{\"@type\":\"WebPage\",\"@id\":\"https:\/\/gmz.ltd\/es\/producto\/tapas-de-pet\/\",\"url\":\"https:\/\/gmz.ltd\/es\/producto\/tapas-de-pet\/\",\"name\":\"Tapas de pl\u00e1stico PET para vasos: domo, pop-up, tapas planas para bebidas fr\u00edas - 78mm-98mm - GMZ\",\"isPartOf\":{\"@id\":\"https:\/\/gmz.ltd\/es\/#website\"},\"primaryImageOfPage\":{\"@id\":\"https:\/\/gmz.ltd\/es\/producto\/tapas-de-pet\/#primaryimage\"},\"image\":{\"@id\":\"https:\/\/gmz.ltd\/es\/producto\/tapas-de-pet\/#primaryimage\"},\"thumbnailUrl\":\"https:\/\/gmz.ltd\/wp-content\/uploads\/2023\/09\/\u4e3b\u56fe-2.jpg\",\"datePublished\":\"2023-09-20T04:04:47+00:00\",\"description\":\"Explora los precios al por mayor de GMZ para tapas de vasos de pl\u00e1stico PET, incluyendo tapas de domo, tapas pop-up y tapas planas, disponibles en tama\u00f1os de 78mm a 98mm. Compra ahora en grandes cantidades vasos de pl\u00e1stico transparente desechables con tapas, ideales para vasos de caf\u00e9 para llevar. Encuentra soluciones de empaquetado de alta calidad para tus bebidas fr\u00edas en GMZ.\",\"breadcrumb\":{\"@id\":\"https:\/\/gmz.ltd\/es\/producto\/tapas-de-pet\/#breadcrumb\"},\"inLanguage\":\"es\",\"potentialAction\":[{\"@type\":\"ReadAction\",\"target\":[\"https:\/\/gmz.ltd\/es\/producto\/tapas-de-pet\/\"]}]},{\"@type\":\"ImageObject\",\"inLanguage\":\"es\",\"@id\":\"https:\/\/gmz.ltd\/es\/producto\/tapas-de-pet\/#primaryimage\",\"url\":\"https:\/\/gmz.ltd\/wp-content\/uploads\/2023\/09\/\u4e3b\u56fe-2.jpg\",\"contentUrl\":\"https:\/\/gmz.ltd\/wp-content\/uploads\/2023\/09\/\u4e3b\u56fe-2.jpg\",\"width\":800,\"height\":800,\"caption\":\"PET Lid by GMZ\"},{\"@type\":\"BreadcrumbList\",\"@id\":\"https:\/\/gmz.ltd\/es\/producto\/tapas-de-pet\/#breadcrumb\",\"itemListElement\":[{\"@type\":\"ListItem\",\"position\":1,\"name\":\"hogar\",\"item\":\"https:\/\/gmz.ltd\/es\/\"},{\"@type\":\"ListItem\",\"position\":2,\"name\":\"Productos\",\"item\":\"https:\/\/gmz.ltd\/es\/tienda\/\"},{\"@type\":\"ListItem\",\"position\":3,\"name\":\"Tapas de PET\"}]},{\"@type\":\"WebSite\",\"@id\":\"https:\/\/gmz.ltd\/es\/#website\",\"url\":\"https:\/\/gmz.ltd\/es\/\",\"name\":\"GMZ\",\"description\":\"\",\"publisher\":{\"@id\":\"https:\/\/gmz.ltd\/es\/#organization\"},\"potentialAction\":[{\"@type\":\"SearchAction\",\"target\":{\"@type\":\"EntryPoint\",\"urlTemplate\":\"https:\/\/gmz.ltd\/es\/?s={search_term_string}\"},\"query-input\":{\"@type\":\"PropertyValueSpecification\",\"valueRequired\":true,\"valueName\":\"search_term_string\"}}],\"inLanguage\":\"es\"},{\"@type\":\"Organization\",\"@id\":\"https:\/\/gmz.ltd\/es\/#organization\",\"name\":\"GMZ\",\"url\":\"https:\/\/gmz.ltd\/es\/\",\"logo\":{\"@type\":\"ImageObject\",\"inLanguage\":\"es\",\"@id\":\"https:\/\/gmz.ltd\/es\/#\/schema\/logo\/image\/\",\"url\":\"https:\/\/gmz.ltd\/wp-content\/uploads\/2024\/11\/gmzpack.svg\",\"contentUrl\":\"https:\/\/gmz.ltd\/wp-content\/uploads\/2024\/11\/gmzpack.svg\",\"width\":170,\"height\":79,\"caption\":\"GMZ\"},\"image\":{\"@id\":\"https:\/\/gmz.ltd\/es\/#\/schema\/logo\/image\/\"}}]}<\/script>\n<!-- \/ Yoast SEO Premium plugin. -->","yoast_head_json":{"title":"Tapas de pl\u00e1stico PET para vasos: domo, pop-up, tapas planas para bebidas fr\u00edas - 78mm-98mm - GMZ","description":"Explora los precios al por mayor de GMZ para tapas de vasos de pl\u00e1stico PET, incluyendo tapas de domo, tapas pop-up y tapas planas, disponibles en tama\u00f1os de 78mm a 98mm. Compra ahora en grandes cantidades vasos de pl\u00e1stico transparente desechables con tapas, ideales para vasos de caf\u00e9 para llevar. Encuentra soluciones de empaquetado de alta calidad para tus bebidas fr\u00edas en GMZ.","robots":{"index":"index","follow":"follow","max-snippet":"max-snippet:-1","max-image-preview":"max-image-preview:large","max-video-preview":"max-video-preview:-1"},"canonical":"https:\/\/gmz.ltd\/es\/producto\/tapas-de-pet\/","og_locale":"es_ES","og_type":"article","og_title":"Tapas de PET","og_description":"Explora los precios al por mayor de GMZ para tapas de vasos de pl\u00e1stico PET, incluyendo tapas de domo, tapas pop-up y tapas planas, disponibles en tama\u00f1os de 78mm a 98mm. Compra ahora en grandes cantidades vasos de pl\u00e1stico transparente desechables con tapas, ideales para vasos de caf\u00e9 para llevar. Encuentra soluciones de empaquetado de alta calidad para tus bebidas fr\u00edas en GMZ.","og_url":"https:\/\/gmz.ltd\/es\/producto\/tapas-de-pet\/","og_site_name":"GMZ","og_image":[{"width":800,"height":800,"url":"https:\/\/gmz.ltd\/wp-content\/uploads\/2023\/09\/\u4e3b\u56fe-2.jpg","type":"image\/jpeg"}],"twitter_card":"summary_large_image","schema":{"@context":"https:\/\/schema.org","@graph":[{"@type":"WebPage","@id":"https:\/\/gmz.ltd\/es\/producto\/tapas-de-pet\/","url":"https:\/\/gmz.ltd\/es\/producto\/tapas-de-pet\/","name":"Tapas de pl\u00e1stico PET para vasos: domo, pop-up, tapas planas para bebidas fr\u00edas - 78mm-98mm - GMZ","isPartOf":{"@id":"https:\/\/gmz.ltd\/es\/#website"},"primaryImageOfPage":{"@id":"https:\/\/gmz.ltd\/es\/producto\/tapas-de-pet\/#primaryimage"},"image":{"@id":"https:\/\/gmz.ltd\/es\/producto\/tapas-de-pet\/#primaryimage"},"thumbnailUrl":"https:\/\/gmz.ltd\/wp-content\/uploads\/2023\/09\/\u4e3b\u56fe-2.jpg","datePublished":"2023-09-20T04:04:47+00:00","description":"Explora los precios al por mayor de GMZ para tapas de vasos de pl\u00e1stico PET, incluyendo tapas de domo, tapas pop-up y tapas planas, disponibles en tama\u00f1os de 78mm a 98mm. Compra ahora en grandes cantidades vasos de pl\u00e1stico transparente desechables con tapas, ideales para vasos de caf\u00e9 para llevar. Encuentra soluciones de empaquetado de alta calidad para tus bebidas fr\u00edas en GMZ.","breadcrumb":{"@id":"https:\/\/gmz.ltd\/es\/producto\/tapas-de-pet\/#breadcrumb"},"inLanguage":"es","potentialAction":[{"@type":"ReadAction","target":["https:\/\/gmz.ltd\/es\/producto\/tapas-de-pet\/"]}]},{"@type":"ImageObject","inLanguage":"es","@id":"https:\/\/gmz.ltd\/es\/producto\/tapas-de-pet\/#primaryimage","url":"https:\/\/gmz.ltd\/wp-content\/uploads\/2023\/09\/\u4e3b\u56fe-2.jpg","contentUrl":"https:\/\/gmz.ltd\/wp-content\/uploads\/2023\/09\/\u4e3b\u56fe-2.jpg","width":800,"height":800,"caption":"PET Lid by GMZ"},{"@type":"BreadcrumbList","@id":"https:\/\/gmz.ltd\/es\/producto\/tapas-de-pet\/#breadcrumb","itemListElement":[{"@type":"ListItem","position":1,"name":"hogar","item":"https:\/\/gmz.ltd\/es\/"},{"@type":"ListItem","position":2,"name":"Productos","item":"https:\/\/gmz.ltd\/es\/tienda\/"},{"@type":"ListItem","position":3,"name":"Tapas de PET"}]},{"@type":"WebSite","@id":"https:\/\/gmz.ltd\/es\/#website","url":"https:\/\/gmz.ltd\/es\/","name":"GMZ","description":"","publisher":{"@id":"https:\/\/gmz.ltd\/es\/#organization"},"potentialAction":[{"@type":"SearchAction","target":{"@type":"EntryPoint","urlTemplate":"https:\/\/gmz.ltd\/es\/?s={search_term_string}"},"query-input":{"@type":"PropertyValueSpecification","valueRequired":true,"valueName":"search_term_string"}}],"inLanguage":"es"},{"@type":"Organization","@id":"https:\/\/gmz.ltd\/es\/#organization","name":"GMZ","url":"https:\/\/gmz.ltd\/es\/","logo":{"@type":"ImageObject","inLanguage":"es","@id":"https:\/\/gmz.ltd\/es\/#\/schema\/logo\/image\/","url":"https:\/\/gmz.ltd\/wp-content\/uploads\/2024\/11\/gmzpack.svg","contentUrl":"https:\/\/gmz.ltd\/wp-content\/uploads\/2024\/11\/gmzpack.svg","width":170,"height":79,"caption":"GMZ"},"image":{"@id":"https:\/\/gmz.ltd\/es\/#\/schema\/logo\/image\/"}}]}},"_links":{"self":[{"href":"https:\/\/gmz.ltd\/es\/wp-json\/wp\/v2\/product\/7830","targetHints":{"allow":["GET"]}}],"collection":[{"href":"https:\/\/gmz.ltd\/es\/wp-json\/wp\/v2\/product"}],"about":[{"href":"https:\/\/gmz.ltd\/es\/wp-json\/wp\/v2\/types\/product"}],"version-history":[{"count":0,"href":"https:\/\/gmz.ltd\/es\/wp-json\/wp\/v2\/product\/7830\/revisions"}],"wp:featuredmedia":[{"embeddable":true,"href":"https:\/\/gmz.ltd\/es\/wp-json\/wp\/v2\/media\/5216"}],"wp:attachment":[{"href":"https:\/\/gmz.ltd\/es\/wp-json\/wp\/v2\/media?parent=7830"}],"wp:term":[{"taxonomy":"product_brand","embeddable":true,"href":"https:\/\/gmz.ltd\/es\/wp-json\/wp\/v2\/product_brand?post=7830"},{"taxonomy":"product_cat","embeddable":true,"href":"https:\/\/gmz.ltd\/es\/wp-json\/wp\/v2\/product_cat?post=7830"},{"taxonomy":"product_tag","embeddable":true,"href":"https:\/\/gmz.ltd\/es\/wp-json\/wp\/v2\/product_tag?post=7830"}],"curies":[{"name":"wp","href":"https:\/\/api.w.org\/{rel}","templated":true}]}}