{"id":7838,"date":"2024-06-01T04:03:04","date_gmt":"2024-06-01T04:03:04","guid":{"rendered":"https:\/\/gmz.ltd\/product\/vasos-pet-en-forma-de-u\/"},"modified":"2023-09-20T04:03:04","modified_gmt":"2023-09-20T04:03:04","slug":"vasos-pet-en-forma-de-u","status":"publish","type":"product","link":"https:\/\/gmz.ltd\/es\/producto\/vasos-pet-en-forma-de-u\/","title":{"rendered":"Vasos PET en forma de U"},"content":{"rendered":"<p>Los vasos PET en forma de U son una opci\u00f3n especial con fondo redondeado.<\/p>\n","protected":false},"excerpt":{"rendered":"<p>Los vasos PET en forma de U son una opci\u00f3n especial con fondo redondeado. Est\u00e1n dise\u00f1ados no solo para contener tus bebidas, sino tambi\u00e9n para presentarlas de la mejor manera. Con su \u00fanica forma en U, calidad cristalina y dise\u00f1o ecol\u00f3gico, estos vasos llevan el servicio de bebidas a un nuevo nivel. Son duraderos, elegantes y se pueden personalizar para reflejar tu marca.<\/p>\n<ul>\n<li>Fabricados con PET reciclable de alta calidad<\/li>\n<li>Dise\u00f1o \u00fanico en forma de U para un agarre c\u00f3modo<\/li>\n<li>Transparente y claro para una mejor exhibici\u00f3n de las bebidas<\/li>\n<li>Material PET fuerte y flexible para evitar fugas o roturas<\/li>\n<li>Impresi\u00f3n personalizada disponible para la promoci\u00f3n de la marca<\/li>\n<\/ul>\n<p>Cantidad m\u00ednima de pedido para impresi\u00f3n personalizada: 30.000 unidades.<\/p>\n","protected":false},"featured_media":5208,"template":"","meta":{"_joinchat":[]},"product_brand":[],"product_cat":[127],"product_tag":[123],"class_list":{"0":"post-7838","1":"product","2":"type-product","3":"status-publish","4":"has-post-thumbnail","6":"product_cat-vasos-de-plastico-pet","7":"product_tag-vasos-y-tapas-para-bebidas-frias","9":"first","10":"instock","11":"shipping-taxable","12":"product-type-simple"},"acf":[],"yoast_head":"<!-- This site is optimized with the Yoast SEO Premium plugin v22.5 (Yoast SEO v26.6) - https:\/\/yoast.com\/wordpress\/plugins\/seo\/ -->\n<title>Fabricante de vasos PET en forma de U con tapas en China - Vasos fr\u00edos transparentes al por mayor - GMZ<\/title>\n<meta name=\"description\" content=\"Elige GMZ para vasos PET en forma de U de alta calidad con tapas. Somos un fabricante y proveedor de confianza en China, especializado en la venta al por mayor de vasos fr\u00edos transparentes con fondo redondeado. Nuestros vasos de pl\u00e1stico PET en forma de U son reciclables, disponibles en tama\u00f1os de 10oz a 24oz, y se pueden personalizar con tu impresi\u00f3n. Cont\u00e1ctanos hoy para tus necesidades de vasos PET en forma de U al por mayor.\" \/>\n<meta name=\"robots\" content=\"index, follow, max-snippet:-1, max-image-preview:large, max-video-preview:-1\" \/>\n<link rel=\"canonical\" href=\"https:\/\/gmz.ltd\/es\/producto\/vasos-pet-en-forma-de-u\/\" \/>\n<meta property=\"og:locale\" content=\"es_ES\" \/>\n<meta property=\"og:type\" content=\"article\" \/>\n<meta property=\"og:title\" content=\"Vasos PET en forma de U\" \/>\n<meta property=\"og:description\" content=\"Elige GMZ para vasos PET en forma de U de alta calidad con tapas. Somos un fabricante y proveedor de confianza en China, especializado en la venta al por mayor de vasos fr\u00edos transparentes con fondo redondeado. Nuestros vasos de pl\u00e1stico PET en forma de U son reciclables, disponibles en tama\u00f1os de 10oz a 24oz, y se pueden personalizar con tu impresi\u00f3n. Cont\u00e1ctanos hoy para tus necesidades de vasos PET en forma de U al por mayor.\" \/>\n<meta property=\"og:url\" content=\"https:\/\/gmz.ltd\/es\/producto\/vasos-pet-en-forma-de-u\/\" \/>\n<meta property=\"og:site_name\" content=\"GMZ\" \/>\n<meta property=\"og:image\" content=\"https:\/\/gmz.ltd\/wp-content\/uploads\/2023\/09\/\u4e3b\u56fe-3.jpg\" \/>\n\t<meta property=\"og:image:width\" content=\"800\" \/>\n\t<meta property=\"og:image:height\" content=\"800\" \/>\n\t<meta property=\"og:image:type\" content=\"image\/jpeg\" \/>\n<meta name=\"twitter:card\" content=\"summary_large_image\" \/>\n<script type=\"application\/ld+json\" class=\"yoast-schema-graph\">{\"@context\":\"https:\/\/schema.org\",\"@graph\":[{\"@type\":\"WebPage\",\"@id\":\"https:\/\/gmz.ltd\/es\/producto\/vasos-pet-en-forma-de-u\/\",\"url\":\"https:\/\/gmz.ltd\/es\/producto\/vasos-pet-en-forma-de-u\/\",\"name\":\"Fabricante de vasos PET en forma de U con tapas en China - Vasos fr\u00edos transparentes al por mayor - GMZ\",\"isPartOf\":{\"@id\":\"https:\/\/gmz.ltd\/es\/#website\"},\"primaryImageOfPage\":{\"@id\":\"https:\/\/gmz.ltd\/es\/producto\/vasos-pet-en-forma-de-u\/#primaryimage\"},\"image\":{\"@id\":\"https:\/\/gmz.ltd\/es\/producto\/vasos-pet-en-forma-de-u\/#primaryimage\"},\"thumbnailUrl\":\"https:\/\/gmz.ltd\/wp-content\/uploads\/2023\/09\/\u4e3b\u56fe-3.jpg\",\"datePublished\":\"2024-06-01T04:03:04+00:00\",\"description\":\"Elige GMZ para vasos PET en forma de U de alta calidad con tapas. Somos un fabricante y proveedor de confianza en China, especializado en la venta al por mayor de vasos fr\u00edos transparentes con fondo redondeado. Nuestros vasos de pl\u00e1stico PET en forma de U son reciclables, disponibles en tama\u00f1os de 10oz a 24oz, y se pueden personalizar con tu impresi\u00f3n. Cont\u00e1ctanos hoy para tus necesidades de vasos PET en forma de U al por mayor.\",\"breadcrumb\":{\"@id\":\"https:\/\/gmz.ltd\/es\/producto\/vasos-pet-en-forma-de-u\/#breadcrumb\"},\"inLanguage\":\"es\",\"potentialAction\":[{\"@type\":\"ReadAction\",\"target\":[\"https:\/\/gmz.ltd\/es\/producto\/vasos-pet-en-forma-de-u\/\"]}]},{\"@type\":\"ImageObject\",\"inLanguage\":\"es\",\"@id\":\"https:\/\/gmz.ltd\/es\/producto\/vasos-pet-en-forma-de-u\/#primaryimage\",\"url\":\"https:\/\/gmz.ltd\/wp-content\/uploads\/2023\/09\/\u4e3b\u56fe-3.jpg\",\"contentUrl\":\"https:\/\/gmz.ltd\/wp-content\/uploads\/2023\/09\/\u4e3b\u56fe-3.jpg\",\"width\":800,\"height\":800},{\"@type\":\"BreadcrumbList\",\"@id\":\"https:\/\/gmz.ltd\/es\/producto\/vasos-pet-en-forma-de-u\/#breadcrumb\",\"itemListElement\":[{\"@type\":\"ListItem\",\"position\":1,\"name\":\"hogar\",\"item\":\"https:\/\/gmz.ltd\/es\/\"},{\"@type\":\"ListItem\",\"position\":2,\"name\":\"Productos\",\"item\":\"https:\/\/gmz.ltd\/es\/tienda\/\"},{\"@type\":\"ListItem\",\"position\":3,\"name\":\"Vasos PET en forma de U\"}]},{\"@type\":\"WebSite\",\"@id\":\"https:\/\/gmz.ltd\/es\/#website\",\"url\":\"https:\/\/gmz.ltd\/es\/\",\"name\":\"GMZ\",\"description\":\"\",\"publisher\":{\"@id\":\"https:\/\/gmz.ltd\/es\/#organization\"},\"potentialAction\":[{\"@type\":\"SearchAction\",\"target\":{\"@type\":\"EntryPoint\",\"urlTemplate\":\"https:\/\/gmz.ltd\/es\/?s={search_term_string}\"},\"query-input\":{\"@type\":\"PropertyValueSpecification\",\"valueRequired\":true,\"valueName\":\"search_term_string\"}}],\"inLanguage\":\"es\"},{\"@type\":\"Organization\",\"@id\":\"https:\/\/gmz.ltd\/es\/#organization\",\"name\":\"GMZ\",\"url\":\"https:\/\/gmz.ltd\/es\/\",\"logo\":{\"@type\":\"ImageObject\",\"inLanguage\":\"es\",\"@id\":\"https:\/\/gmz.ltd\/es\/#\/schema\/logo\/image\/\",\"url\":\"https:\/\/gmz.ltd\/wp-content\/uploads\/2024\/11\/gmzpack.svg\",\"contentUrl\":\"https:\/\/gmz.ltd\/wp-content\/uploads\/2024\/11\/gmzpack.svg\",\"width\":170,\"height\":79,\"caption\":\"GMZ\"},\"image\":{\"@id\":\"https:\/\/gmz.ltd\/es\/#\/schema\/logo\/image\/\"}}]}<\/script>\n<!-- \/ Yoast SEO Premium plugin. -->","yoast_head_json":{"title":"Fabricante de vasos PET en forma de U con tapas en China - Vasos fr\u00edos transparentes al por mayor - GMZ","description":"Elige GMZ para vasos PET en forma de U de alta calidad con tapas. Somos un fabricante y proveedor de confianza en China, especializado en la venta al por mayor de vasos fr\u00edos transparentes con fondo redondeado. Nuestros vasos de pl\u00e1stico PET en forma de U son reciclables, disponibles en tama\u00f1os de 10oz a 24oz, y se pueden personalizar con tu impresi\u00f3n. Cont\u00e1ctanos hoy para tus necesidades de vasos PET en forma de U al por mayor.","robots":{"index":"index","follow":"follow","max-snippet":"max-snippet:-1","max-image-preview":"max-image-preview:large","max-video-preview":"max-video-preview:-1"},"canonical":"https:\/\/gmz.ltd\/es\/producto\/vasos-pet-en-forma-de-u\/","og_locale":"es_ES","og_type":"article","og_title":"Vasos PET en forma de U","og_description":"Elige GMZ para vasos PET en forma de U de alta calidad con tapas. Somos un fabricante y proveedor de confianza en China, especializado en la venta al por mayor de vasos fr\u00edos transparentes con fondo redondeado. Nuestros vasos de pl\u00e1stico PET en forma de U son reciclables, disponibles en tama\u00f1os de 10oz a 24oz, y se pueden personalizar con tu impresi\u00f3n. Cont\u00e1ctanos hoy para tus necesidades de vasos PET en forma de U al por mayor.","og_url":"https:\/\/gmz.ltd\/es\/producto\/vasos-pet-en-forma-de-u\/","og_site_name":"GMZ","og_image":[{"width":800,"height":800,"url":"https:\/\/gmz.ltd\/wp-content\/uploads\/2023\/09\/\u4e3b\u56fe-3.jpg","type":"image\/jpeg"}],"twitter_card":"summary_large_image","schema":{"@context":"https:\/\/schema.org","@graph":[{"@type":"WebPage","@id":"https:\/\/gmz.ltd\/es\/producto\/vasos-pet-en-forma-de-u\/","url":"https:\/\/gmz.ltd\/es\/producto\/vasos-pet-en-forma-de-u\/","name":"Fabricante de vasos PET en forma de U con tapas en China - Vasos fr\u00edos transparentes al por mayor - GMZ","isPartOf":{"@id":"https:\/\/gmz.ltd\/es\/#website"},"primaryImageOfPage":{"@id":"https:\/\/gmz.ltd\/es\/producto\/vasos-pet-en-forma-de-u\/#primaryimage"},"image":{"@id":"https:\/\/gmz.ltd\/es\/producto\/vasos-pet-en-forma-de-u\/#primaryimage"},"thumbnailUrl":"https:\/\/gmz.ltd\/wp-content\/uploads\/2023\/09\/\u4e3b\u56fe-3.jpg","datePublished":"2024-06-01T04:03:04+00:00","description":"Elige GMZ para vasos PET en forma de U de alta calidad con tapas. Somos un fabricante y proveedor de confianza en China, especializado en la venta al por mayor de vasos fr\u00edos transparentes con fondo redondeado. Nuestros vasos de pl\u00e1stico PET en forma de U son reciclables, disponibles en tama\u00f1os de 10oz a 24oz, y se pueden personalizar con tu impresi\u00f3n. Cont\u00e1ctanos hoy para tus necesidades de vasos PET en forma de U al por mayor.","breadcrumb":{"@id":"https:\/\/gmz.ltd\/es\/producto\/vasos-pet-en-forma-de-u\/#breadcrumb"},"inLanguage":"es","potentialAction":[{"@type":"ReadAction","target":["https:\/\/gmz.ltd\/es\/producto\/vasos-pet-en-forma-de-u\/"]}]},{"@type":"ImageObject","inLanguage":"es","@id":"https:\/\/gmz.ltd\/es\/producto\/vasos-pet-en-forma-de-u\/#primaryimage","url":"https:\/\/gmz.ltd\/wp-content\/uploads\/2023\/09\/\u4e3b\u56fe-3.jpg","contentUrl":"https:\/\/gmz.ltd\/wp-content\/uploads\/2023\/09\/\u4e3b\u56fe-3.jpg","width":800,"height":800},{"@type":"BreadcrumbList","@id":"https:\/\/gmz.ltd\/es\/producto\/vasos-pet-en-forma-de-u\/#breadcrumb","itemListElement":[{"@type":"ListItem","position":1,"name":"hogar","item":"https:\/\/gmz.ltd\/es\/"},{"@type":"ListItem","position":2,"name":"Productos","item":"https:\/\/gmz.ltd\/es\/tienda\/"},{"@type":"ListItem","position":3,"name":"Vasos PET en forma de U"}]},{"@type":"WebSite","@id":"https:\/\/gmz.ltd\/es\/#website","url":"https:\/\/gmz.ltd\/es\/","name":"GMZ","description":"","publisher":{"@id":"https:\/\/gmz.ltd\/es\/#organization"},"potentialAction":[{"@type":"SearchAction","target":{"@type":"EntryPoint","urlTemplate":"https:\/\/gmz.ltd\/es\/?s={search_term_string}"},"query-input":{"@type":"PropertyValueSpecification","valueRequired":true,"valueName":"search_term_string"}}],"inLanguage":"es"},{"@type":"Organization","@id":"https:\/\/gmz.ltd\/es\/#organization","name":"GMZ","url":"https:\/\/gmz.ltd\/es\/","logo":{"@type":"ImageObject","inLanguage":"es","@id":"https:\/\/gmz.ltd\/es\/#\/schema\/logo\/image\/","url":"https:\/\/gmz.ltd\/wp-content\/uploads\/2024\/11\/gmzpack.svg","contentUrl":"https:\/\/gmz.ltd\/wp-content\/uploads\/2024\/11\/gmzpack.svg","width":170,"height":79,"caption":"GMZ"},"image":{"@id":"https:\/\/gmz.ltd\/es\/#\/schema\/logo\/image\/"}}]}},"_links":{"self":[{"href":"https:\/\/gmz.ltd\/es\/wp-json\/wp\/v2\/product\/7838","targetHints":{"allow":["GET"]}}],"collection":[{"href":"https:\/\/gmz.ltd\/es\/wp-json\/wp\/v2\/product"}],"about":[{"href":"https:\/\/gmz.ltd\/es\/wp-json\/wp\/v2\/types\/product"}],"version-history":[{"count":0,"href":"https:\/\/gmz.ltd\/es\/wp-json\/wp\/v2\/product\/7838\/revisions"}],"wp:featuredmedia":[{"embeddable":true,"href":"https:\/\/gmz.ltd\/es\/wp-json\/wp\/v2\/media\/5208"}],"wp:attachment":[{"href":"https:\/\/gmz.ltd\/es\/wp-json\/wp\/v2\/media?parent=7838"}],"wp:term":[{"taxonomy":"product_brand","embeddable":true,"href":"https:\/\/gmz.ltd\/es\/wp-json\/wp\/v2\/product_brand?post=7838"},{"taxonomy":"product_cat","embeddable":true,"href":"https:\/\/gmz.ltd\/es\/wp-json\/wp\/v2\/product_cat?post=7838"},{"taxonomy":"product_tag","embeddable":true,"href":"https:\/\/gmz.ltd\/es\/wp-json\/wp\/v2\/product_tag?post=7838"}],"curies":[{"name":"wp","href":"https:\/\/api.w.org\/{rel}","templated":true}]}}