{"id":7842,"date":"2023-09-20T04:02:04","date_gmt":"2023-09-20T04:02:04","guid":{"rendered":"https:\/\/gmz.ltd\/product\/vasos-pet\/"},"modified":"2023-09-20T04:02:04","modified_gmt":"2023-09-20T04:02:04","slug":"vasos-pet","status":"publish","type":"product","link":"https:\/\/gmz.ltd\/es\/producto\/vasos-pet\/","title":{"rendered":"Vasos PET"},"content":{"rendered":"<p>Los calibres de nuestra serie de vasos PET son 78mm, 89mm, 92mm, 93mm, 95mm, 96mm, 98mm, 107mm, con excelente transparencia.<\/p>\n","protected":false},"excerpt":{"rendered":"<p>Nuestra serie de <strong>vasos PET<\/strong> viene en varios calibres: 78mm, 89mm, 92mm, 93mm, 95mm, 96mm, 98mm y 107mm. Ofrecen una excelente transparencia, dise\u00f1ados no solo para contener tus bebidas, sino tambi\u00e9n para mostrarlas de la mejor manera. Estos <strong>vasos PET transparentes<\/strong> son perfectos para bebidas fr\u00edas como batidos, limonada, caf\u00e9 helado y m\u00e1s.<\/p>\n<ul>\n<li>Hechos de PET reciclable que reduce los residuos<\/li>\n<li>El pl\u00e1stico PET transparente muestra tus bebidas<\/li>\n<li>Compatible con tapas de diferentes tama\u00f1os<\/li>\n<li>Transparente para una exhibici\u00f3n superior de bebidas<\/li>\n<li>Material PET robusto y flexible para prevenir fugas o roturas<\/li>\n<li>Impresi\u00f3n personalizada disponible para la promoci\u00f3n de la marca<\/li>\n<\/ul>\n<p><!-- notionvc: 6e89d71c-f072-4229-8d2b-12924db8f9f3 --><\/p>\n<p>Cantidad m\u00ednima de pedido para impresi\u00f3n personalizada: 30.000 unidades.<\/p>\n","protected":false},"featured_media":5204,"template":"","meta":{"_joinchat":[]},"product_brand":[],"product_cat":[127],"product_tag":[123],"class_list":{"0":"post-7842","1":"product","2":"type-product","3":"status-publish","4":"has-post-thumbnail","6":"product_cat-vasos-de-plastico-pet","7":"product_tag-vasos-y-tapas-para-bebidas-frias","9":"first","10":"instock","11":"shipping-taxable","12":"product-type-simple"},"acf":[],"yoast_head":"<!-- This site is optimized with the Yoast SEO Premium plugin v22.5 (Yoast SEO v26.6) - https:\/\/yoast.com\/wordpress\/plugins\/seo\/ -->\n<title>Fabricante de vasos de pl\u00e1stico PET con tapas - Venta al por mayor de vasos fr\u00edos PET - GMZ<\/title>\n<meta name=\"description\" content=\"\u00bfBuscas un fabricante, proveedor o f\u00e1brica de vasos de pl\u00e1stico PET de China? GMZ es tu fuente de referencia para vasos PET al por mayor con tapas, disponibles en 8oz, 16oz, 24oz y m\u00e1s. Proporcionamos vasos fr\u00edos PET desechables, transparentes y de alta calidad, perfectos para smoothies, cervezas, frapp\u00e9s y sodas. \u00a1Cont\u00e1ctanos hoy!\" \/>\n<meta name=\"robots\" content=\"index, follow, max-snippet:-1, max-image-preview:large, max-video-preview:-1\" \/>\n<link rel=\"canonical\" href=\"https:\/\/gmz.ltd\/es\/producto\/vasos-pet\/\" \/>\n<meta property=\"og:locale\" content=\"es_ES\" \/>\n<meta property=\"og:type\" content=\"article\" \/>\n<meta property=\"og:title\" content=\"Vasos PET\" \/>\n<meta property=\"og:description\" content=\"\u00bfBuscas un fabricante, proveedor o f\u00e1brica de vasos de pl\u00e1stico PET de China? GMZ es tu fuente de referencia para vasos PET al por mayor con tapas, disponibles en 8oz, 16oz, 24oz y m\u00e1s. Proporcionamos vasos fr\u00edos PET desechables, transparentes y de alta calidad, perfectos para smoothies, cervezas, frapp\u00e9s y sodas. \u00a1Cont\u00e1ctanos hoy!\" \/>\n<meta property=\"og:url\" content=\"https:\/\/gmz.ltd\/es\/producto\/vasos-pet\/\" \/>\n<meta property=\"og:site_name\" content=\"GMZ\" \/>\n<meta property=\"og:image\" content=\"https:\/\/gmz.ltd\/wp-content\/uploads\/2023\/09\/\u4e3b\u56fe-1.jpg\" \/>\n\t<meta property=\"og:image:width\" content=\"750\" \/>\n\t<meta property=\"og:image:height\" content=\"750\" \/>\n\t<meta property=\"og:image:type\" content=\"image\/jpeg\" \/>\n<meta name=\"twitter:card\" content=\"summary_large_image\" \/>\n<script type=\"application\/ld+json\" class=\"yoast-schema-graph\">{\"@context\":\"https:\/\/schema.org\",\"@graph\":[{\"@type\":\"WebPage\",\"@id\":\"https:\/\/gmz.ltd\/es\/producto\/vasos-pet\/\",\"url\":\"https:\/\/gmz.ltd\/es\/producto\/vasos-pet\/\",\"name\":\"Fabricante de vasos de pl\u00e1stico PET con tapas - Venta al por mayor de vasos fr\u00edos PET - GMZ\",\"isPartOf\":{\"@id\":\"https:\/\/gmz.ltd\/es\/#website\"},\"primaryImageOfPage\":{\"@id\":\"https:\/\/gmz.ltd\/es\/producto\/vasos-pet\/#primaryimage\"},\"image\":{\"@id\":\"https:\/\/gmz.ltd\/es\/producto\/vasos-pet\/#primaryimage\"},\"thumbnailUrl\":\"https:\/\/gmz.ltd\/wp-content\/uploads\/2023\/09\/\u4e3b\u56fe-1.jpg\",\"datePublished\":\"2023-09-20T04:02:04+00:00\",\"description\":\"\u00bfBuscas un fabricante, proveedor o f\u00e1brica de vasos de pl\u00e1stico PET de China? GMZ es tu fuente de referencia para vasos PET al por mayor con tapas, disponibles en 8oz, 16oz, 24oz y m\u00e1s. Proporcionamos vasos fr\u00edos PET desechables, transparentes y de alta calidad, perfectos para smoothies, cervezas, frapp\u00e9s y sodas. \u00a1Cont\u00e1ctanos hoy!\",\"breadcrumb\":{\"@id\":\"https:\/\/gmz.ltd\/es\/producto\/vasos-pet\/#breadcrumb\"},\"inLanguage\":\"es\",\"potentialAction\":[{\"@type\":\"ReadAction\",\"target\":[\"https:\/\/gmz.ltd\/es\/producto\/vasos-pet\/\"]}]},{\"@type\":\"ImageObject\",\"inLanguage\":\"es\",\"@id\":\"https:\/\/gmz.ltd\/es\/producto\/vasos-pet\/#primaryimage\",\"url\":\"https:\/\/gmz.ltd\/wp-content\/uploads\/2023\/09\/\u4e3b\u56fe-1.jpg\",\"contentUrl\":\"https:\/\/gmz.ltd\/wp-content\/uploads\/2023\/09\/\u4e3b\u56fe-1.jpg\",\"width\":750,\"height\":750},{\"@type\":\"BreadcrumbList\",\"@id\":\"https:\/\/gmz.ltd\/es\/producto\/vasos-pet\/#breadcrumb\",\"itemListElement\":[{\"@type\":\"ListItem\",\"position\":1,\"name\":\"hogar\",\"item\":\"https:\/\/gmz.ltd\/es\/\"},{\"@type\":\"ListItem\",\"position\":2,\"name\":\"Productos\",\"item\":\"https:\/\/gmz.ltd\/es\/tienda\/\"},{\"@type\":\"ListItem\",\"position\":3,\"name\":\"Vasos PET\"}]},{\"@type\":\"WebSite\",\"@id\":\"https:\/\/gmz.ltd\/es\/#website\",\"url\":\"https:\/\/gmz.ltd\/es\/\",\"name\":\"GMZ\",\"description\":\"\",\"publisher\":{\"@id\":\"https:\/\/gmz.ltd\/es\/#organization\"},\"potentialAction\":[{\"@type\":\"SearchAction\",\"target\":{\"@type\":\"EntryPoint\",\"urlTemplate\":\"https:\/\/gmz.ltd\/es\/?s={search_term_string}\"},\"query-input\":{\"@type\":\"PropertyValueSpecification\",\"valueRequired\":true,\"valueName\":\"search_term_string\"}}],\"inLanguage\":\"es\"},{\"@type\":\"Organization\",\"@id\":\"https:\/\/gmz.ltd\/es\/#organization\",\"name\":\"GMZ\",\"url\":\"https:\/\/gmz.ltd\/es\/\",\"logo\":{\"@type\":\"ImageObject\",\"inLanguage\":\"es\",\"@id\":\"https:\/\/gmz.ltd\/es\/#\/schema\/logo\/image\/\",\"url\":\"https:\/\/gmz.ltd\/wp-content\/uploads\/2024\/11\/gmzpack.svg\",\"contentUrl\":\"https:\/\/gmz.ltd\/wp-content\/uploads\/2024\/11\/gmzpack.svg\",\"width\":170,\"height\":79,\"caption\":\"GMZ\"},\"image\":{\"@id\":\"https:\/\/gmz.ltd\/es\/#\/schema\/logo\/image\/\"}}]}<\/script>\n<!-- \/ Yoast SEO Premium plugin. -->","yoast_head_json":{"title":"Fabricante de vasos de pl\u00e1stico PET con tapas - Venta al por mayor de vasos fr\u00edos PET - GMZ","description":"\u00bfBuscas un fabricante, proveedor o f\u00e1brica de vasos de pl\u00e1stico PET de China? GMZ es tu fuente de referencia para vasos PET al por mayor con tapas, disponibles en 8oz, 16oz, 24oz y m\u00e1s. Proporcionamos vasos fr\u00edos PET desechables, transparentes y de alta calidad, perfectos para smoothies, cervezas, frapp\u00e9s y sodas. \u00a1Cont\u00e1ctanos hoy!","robots":{"index":"index","follow":"follow","max-snippet":"max-snippet:-1","max-image-preview":"max-image-preview:large","max-video-preview":"max-video-preview:-1"},"canonical":"https:\/\/gmz.ltd\/es\/producto\/vasos-pet\/","og_locale":"es_ES","og_type":"article","og_title":"Vasos PET","og_description":"\u00bfBuscas un fabricante, proveedor o f\u00e1brica de vasos de pl\u00e1stico PET de China? GMZ es tu fuente de referencia para vasos PET al por mayor con tapas, disponibles en 8oz, 16oz, 24oz y m\u00e1s. Proporcionamos vasos fr\u00edos PET desechables, transparentes y de alta calidad, perfectos para smoothies, cervezas, frapp\u00e9s y sodas. \u00a1Cont\u00e1ctanos hoy!","og_url":"https:\/\/gmz.ltd\/es\/producto\/vasos-pet\/","og_site_name":"GMZ","og_image":[{"width":750,"height":750,"url":"https:\/\/gmz.ltd\/wp-content\/uploads\/2023\/09\/\u4e3b\u56fe-1.jpg","type":"image\/jpeg"}],"twitter_card":"summary_large_image","schema":{"@context":"https:\/\/schema.org","@graph":[{"@type":"WebPage","@id":"https:\/\/gmz.ltd\/es\/producto\/vasos-pet\/","url":"https:\/\/gmz.ltd\/es\/producto\/vasos-pet\/","name":"Fabricante de vasos de pl\u00e1stico PET con tapas - Venta al por mayor de vasos fr\u00edos PET - GMZ","isPartOf":{"@id":"https:\/\/gmz.ltd\/es\/#website"},"primaryImageOfPage":{"@id":"https:\/\/gmz.ltd\/es\/producto\/vasos-pet\/#primaryimage"},"image":{"@id":"https:\/\/gmz.ltd\/es\/producto\/vasos-pet\/#primaryimage"},"thumbnailUrl":"https:\/\/gmz.ltd\/wp-content\/uploads\/2023\/09\/\u4e3b\u56fe-1.jpg","datePublished":"2023-09-20T04:02:04+00:00","description":"\u00bfBuscas un fabricante, proveedor o f\u00e1brica de vasos de pl\u00e1stico PET de China? GMZ es tu fuente de referencia para vasos PET al por mayor con tapas, disponibles en 8oz, 16oz, 24oz y m\u00e1s. Proporcionamos vasos fr\u00edos PET desechables, transparentes y de alta calidad, perfectos para smoothies, cervezas, frapp\u00e9s y sodas. \u00a1Cont\u00e1ctanos hoy!","breadcrumb":{"@id":"https:\/\/gmz.ltd\/es\/producto\/vasos-pet\/#breadcrumb"},"inLanguage":"es","potentialAction":[{"@type":"ReadAction","target":["https:\/\/gmz.ltd\/es\/producto\/vasos-pet\/"]}]},{"@type":"ImageObject","inLanguage":"es","@id":"https:\/\/gmz.ltd\/es\/producto\/vasos-pet\/#primaryimage","url":"https:\/\/gmz.ltd\/wp-content\/uploads\/2023\/09\/\u4e3b\u56fe-1.jpg","contentUrl":"https:\/\/gmz.ltd\/wp-content\/uploads\/2023\/09\/\u4e3b\u56fe-1.jpg","width":750,"height":750},{"@type":"BreadcrumbList","@id":"https:\/\/gmz.ltd\/es\/producto\/vasos-pet\/#breadcrumb","itemListElement":[{"@type":"ListItem","position":1,"name":"hogar","item":"https:\/\/gmz.ltd\/es\/"},{"@type":"ListItem","position":2,"name":"Productos","item":"https:\/\/gmz.ltd\/es\/tienda\/"},{"@type":"ListItem","position":3,"name":"Vasos PET"}]},{"@type":"WebSite","@id":"https:\/\/gmz.ltd\/es\/#website","url":"https:\/\/gmz.ltd\/es\/","name":"GMZ","description":"","publisher":{"@id":"https:\/\/gmz.ltd\/es\/#organization"},"potentialAction":[{"@type":"SearchAction","target":{"@type":"EntryPoint","urlTemplate":"https:\/\/gmz.ltd\/es\/?s={search_term_string}"},"query-input":{"@type":"PropertyValueSpecification","valueRequired":true,"valueName":"search_term_string"}}],"inLanguage":"es"},{"@type":"Organization","@id":"https:\/\/gmz.ltd\/es\/#organization","name":"GMZ","url":"https:\/\/gmz.ltd\/es\/","logo":{"@type":"ImageObject","inLanguage":"es","@id":"https:\/\/gmz.ltd\/es\/#\/schema\/logo\/image\/","url":"https:\/\/gmz.ltd\/wp-content\/uploads\/2024\/11\/gmzpack.svg","contentUrl":"https:\/\/gmz.ltd\/wp-content\/uploads\/2024\/11\/gmzpack.svg","width":170,"height":79,"caption":"GMZ"},"image":{"@id":"https:\/\/gmz.ltd\/es\/#\/schema\/logo\/image\/"}}]}},"_links":{"self":[{"href":"https:\/\/gmz.ltd\/es\/wp-json\/wp\/v2\/product\/7842","targetHints":{"allow":["GET"]}}],"collection":[{"href":"https:\/\/gmz.ltd\/es\/wp-json\/wp\/v2\/product"}],"about":[{"href":"https:\/\/gmz.ltd\/es\/wp-json\/wp\/v2\/types\/product"}],"version-history":[{"count":0,"href":"https:\/\/gmz.ltd\/es\/wp-json\/wp\/v2\/product\/7842\/revisions"}],"wp:featuredmedia":[{"embeddable":true,"href":"https:\/\/gmz.ltd\/es\/wp-json\/wp\/v2\/media\/5204"}],"wp:attachment":[{"href":"https:\/\/gmz.ltd\/es\/wp-json\/wp\/v2\/media?parent=7842"}],"wp:term":[{"taxonomy":"product_brand","embeddable":true,"href":"https:\/\/gmz.ltd\/es\/wp-json\/wp\/v2\/product_brand?post=7842"},{"taxonomy":"product_cat","embeddable":true,"href":"https:\/\/gmz.ltd\/es\/wp-json\/wp\/v2\/product_cat?post=7842"},{"taxonomy":"product_tag","embeddable":true,"href":"https:\/\/gmz.ltd\/es\/wp-json\/wp\/v2\/product_tag?post=7842"}],"curies":[{"name":"wp","href":"https:\/\/api.w.org\/{rel}","templated":true}]}}