{"id":7843,"date":"2023-09-20T03:59:55","date_gmt":"2023-09-20T03:59:55","guid":{"rendered":"https:\/\/gmz.ltd\/product\/vasos-de-papel-para-vending\/"},"modified":"2023-09-20T03:59:55","modified_gmt":"2023-09-20T03:59:55","slug":"vasos-de-papel-para-vending","status":"publish","type":"product","link":"https:\/\/gmz.ltd\/es\/producto\/vasos-de-papel-para-vending\/","title":{"rendered":"Vasos de papel para vending"},"content":{"rendered":"<p>Podemos proporcionar vasos de papel para m\u00e1quinas expendedoras en varios tama\u00f1os, adecuados para los h\u00e1bitos de consumo de muchas regiones del mundo. Tambi\u00e9n proporcionamos un servicio personalizado de tama\u00f1o.<\/p>\n","protected":false},"excerpt":{"rendered":"<p>Nuestros vasos de papel para m\u00e1quinas expendedoras est\u00e1n dise\u00f1ados para encajar perfectamente en tus operaciones diarias, sin importar d\u00f3nde te encuentres en el mundo. Con una amplia gama de tama\u00f1os y la opci\u00f3n de personalizar, nos aseguramos de que encuentres exactamente lo que necesitas para tus m\u00e1quinas expendedoras.<\/p>\n<ul>\n<li>Ofrecemos servicios de personalizaci\u00f3n de tama\u00f1o<\/li>\n<li>Hecho de papel de grado alimenticio de alta calidad<\/li>\n<li>Adecuado tanto para bebidas calientes como fr\u00edas<\/li>\n<li>Impresi\u00f3n personalizada de hasta 8 colores en la capa exterior<\/li>\n<li>Tinta a base de agua\/soja segura y ecol\u00f3gica para la impresi\u00f3n<\/li>\n<li>Seg\u00fan las necesidades, podemos imprimir el c\u00f3digo de lote en el fondo del vaso para rastrear f\u00e1cilmente el vaso a trav\u00e9s del proceso de fabricaci\u00f3n.<\/li>\n<\/ul>\n<p>Cantidad m\u00ednima de pedido para impresi\u00f3n personalizada: 50.000 unidades.<\/p>\n","protected":false},"featured_media":5776,"template":"","meta":{"_joinchat":[]},"product_brand":[],"product_cat":[128,129],"product_tag":[119],"class_list":{"0":"post-7843","1":"product","2":"type-product","3":"status-publish","4":"has-post-thumbnail","6":"product_cat-vasos-de-papel","7":"product_cat-vasos-de-papel-para-bebidas-calientes","8":"product_tag-vasos-y-tapas-para-bebidas-calientes","10":"first","11":"instock","12":"shipping-taxable","13":"product-type-simple"},"acf":[],"yoast_head":"<!-- This site is optimized with the Yoast SEO Premium plugin v22.5 (Yoast SEO v26.6) - https:\/\/yoast.com\/wordpress\/plugins\/seo\/ -->\n<title>Venta al por mayor de vasos de papel para vending - Fabricaci\u00f3n de vasos personalizados con marca - GMZ<\/title>\n<meta name=\"description\" content=\"GMZ es un fabricante y proveedor al por mayor de vasos de papel para vending. Nuestro Vaso de Papel para Vending se puede utilizar en casi todas las m\u00e1quinas de caf\u00e9 autom\u00e1ticas. Nos especializamos en la fabricaci\u00f3n de vasos personalizados con marca, proporcionando soluciones ecol\u00f3gicas y reciclables. Cont\u00e1ctanos para vasos de papel sostenibles y de alta calidad para las necesidades de tu negocio.\" \/>\n<meta name=\"robots\" content=\"index, follow, max-snippet:-1, max-image-preview:large, max-video-preview:-1\" \/>\n<link rel=\"canonical\" href=\"https:\/\/gmz.ltd\/es\/producto\/vasos-de-papel-para-vending\/\" \/>\n<meta property=\"og:locale\" content=\"es_ES\" \/>\n<meta property=\"og:type\" content=\"article\" \/>\n<meta property=\"og:title\" content=\"Vasos de papel para vending\" \/>\n<meta property=\"og:description\" content=\"GMZ es un fabricante y proveedor al por mayor de vasos de papel para vending. Nuestro Vaso de Papel para Vending se puede utilizar en casi todas las m\u00e1quinas de caf\u00e9 autom\u00e1ticas. Nos especializamos en la fabricaci\u00f3n de vasos personalizados con marca, proporcionando soluciones ecol\u00f3gicas y reciclables. Cont\u00e1ctanos para vasos de papel sostenibles y de alta calidad para las necesidades de tu negocio.\" \/>\n<meta property=\"og:url\" content=\"https:\/\/gmz.ltd\/es\/producto\/vasos-de-papel-para-vending\/\" \/>\n<meta property=\"og:site_name\" content=\"GMZ\" \/>\n<meta property=\"og:image\" content=\"https:\/\/gmz.ltd\/wp-content\/uploads\/2023\/09\/1-5.jpg\" \/>\n\t<meta property=\"og:image:width\" content=\"1000\" \/>\n\t<meta property=\"og:image:height\" content=\"1000\" \/>\n\t<meta property=\"og:image:type\" content=\"image\/jpeg\" \/>\n<meta name=\"twitter:card\" content=\"summary_large_image\" \/>\n<script type=\"application\/ld+json\" class=\"yoast-schema-graph\">{\"@context\":\"https:\/\/schema.org\",\"@graph\":[{\"@type\":\"WebPage\",\"@id\":\"https:\/\/gmz.ltd\/es\/producto\/vasos-de-papel-para-vending\/\",\"url\":\"https:\/\/gmz.ltd\/es\/producto\/vasos-de-papel-para-vending\/\",\"name\":\"Venta al por mayor de vasos de papel para vending - Fabricaci\u00f3n de vasos personalizados con marca - GMZ\",\"isPartOf\":{\"@id\":\"https:\/\/gmz.ltd\/es\/#website\"},\"primaryImageOfPage\":{\"@id\":\"https:\/\/gmz.ltd\/es\/producto\/vasos-de-papel-para-vending\/#primaryimage\"},\"image\":{\"@id\":\"https:\/\/gmz.ltd\/es\/producto\/vasos-de-papel-para-vending\/#primaryimage\"},\"thumbnailUrl\":\"https:\/\/gmz.ltd\/wp-content\/uploads\/2023\/09\/1-5.jpg\",\"datePublished\":\"2023-09-20T03:59:55+00:00\",\"description\":\"GMZ es un fabricante y proveedor al por mayor de vasos de papel para vending. Nuestro Vaso de Papel para Vending se puede utilizar en casi todas las m\u00e1quinas de caf\u00e9 autom\u00e1ticas. Nos especializamos en la fabricaci\u00f3n de vasos personalizados con marca, proporcionando soluciones ecol\u00f3gicas y reciclables. Cont\u00e1ctanos para vasos de papel sostenibles y de alta calidad para las necesidades de tu negocio.\",\"breadcrumb\":{\"@id\":\"https:\/\/gmz.ltd\/es\/producto\/vasos-de-papel-para-vending\/#breadcrumb\"},\"inLanguage\":\"es\",\"potentialAction\":[{\"@type\":\"ReadAction\",\"target\":[\"https:\/\/gmz.ltd\/es\/producto\/vasos-de-papel-para-vending\/\"]}]},{\"@type\":\"ImageObject\",\"inLanguage\":\"es\",\"@id\":\"https:\/\/gmz.ltd\/es\/producto\/vasos-de-papel-para-vending\/#primaryimage\",\"url\":\"https:\/\/gmz.ltd\/wp-content\/uploads\/2023\/09\/1-5.jpg\",\"contentUrl\":\"https:\/\/gmz.ltd\/wp-content\/uploads\/2023\/09\/1-5.jpg\",\"width\":1000,\"height\":1000},{\"@type\":\"BreadcrumbList\",\"@id\":\"https:\/\/gmz.ltd\/es\/producto\/vasos-de-papel-para-vending\/#breadcrumb\",\"itemListElement\":[{\"@type\":\"ListItem\",\"position\":1,\"name\":\"hogar\",\"item\":\"https:\/\/gmz.ltd\/es\/\"},{\"@type\":\"ListItem\",\"position\":2,\"name\":\"Productos\",\"item\":\"https:\/\/gmz.ltd\/es\/tienda\/\"},{\"@type\":\"ListItem\",\"position\":3,\"name\":\"Vasos de papel para vending\"}]},{\"@type\":\"WebSite\",\"@id\":\"https:\/\/gmz.ltd\/es\/#website\",\"url\":\"https:\/\/gmz.ltd\/es\/\",\"name\":\"GMZ\",\"description\":\"\",\"publisher\":{\"@id\":\"https:\/\/gmz.ltd\/es\/#organization\"},\"potentialAction\":[{\"@type\":\"SearchAction\",\"target\":{\"@type\":\"EntryPoint\",\"urlTemplate\":\"https:\/\/gmz.ltd\/es\/?s={search_term_string}\"},\"query-input\":{\"@type\":\"PropertyValueSpecification\",\"valueRequired\":true,\"valueName\":\"search_term_string\"}}],\"inLanguage\":\"es\"},{\"@type\":\"Organization\",\"@id\":\"https:\/\/gmz.ltd\/es\/#organization\",\"name\":\"GMZ\",\"url\":\"https:\/\/gmz.ltd\/es\/\",\"logo\":{\"@type\":\"ImageObject\",\"inLanguage\":\"es\",\"@id\":\"https:\/\/gmz.ltd\/es\/#\/schema\/logo\/image\/\",\"url\":\"https:\/\/gmz.ltd\/wp-content\/uploads\/2024\/11\/gmzpack.svg\",\"contentUrl\":\"https:\/\/gmz.ltd\/wp-content\/uploads\/2024\/11\/gmzpack.svg\",\"width\":170,\"height\":79,\"caption\":\"GMZ\"},\"image\":{\"@id\":\"https:\/\/gmz.ltd\/es\/#\/schema\/logo\/image\/\"}}]}<\/script>\n<!-- \/ Yoast SEO Premium plugin. -->","yoast_head_json":{"title":"Venta al por mayor de vasos de papel para vending - Fabricaci\u00f3n de vasos personalizados con marca - GMZ","description":"GMZ es un fabricante y proveedor al por mayor de vasos de papel para vending. Nuestro Vaso de Papel para Vending se puede utilizar en casi todas las m\u00e1quinas de caf\u00e9 autom\u00e1ticas. Nos especializamos en la fabricaci\u00f3n de vasos personalizados con marca, proporcionando soluciones ecol\u00f3gicas y reciclables. Cont\u00e1ctanos para vasos de papel sostenibles y de alta calidad para las necesidades de tu negocio.","robots":{"index":"index","follow":"follow","max-snippet":"max-snippet:-1","max-image-preview":"max-image-preview:large","max-video-preview":"max-video-preview:-1"},"canonical":"https:\/\/gmz.ltd\/es\/producto\/vasos-de-papel-para-vending\/","og_locale":"es_ES","og_type":"article","og_title":"Vasos de papel para vending","og_description":"GMZ es un fabricante y proveedor al por mayor de vasos de papel para vending. Nuestro Vaso de Papel para Vending se puede utilizar en casi todas las m\u00e1quinas de caf\u00e9 autom\u00e1ticas. Nos especializamos en la fabricaci\u00f3n de vasos personalizados con marca, proporcionando soluciones ecol\u00f3gicas y reciclables. Cont\u00e1ctanos para vasos de papel sostenibles y de alta calidad para las necesidades de tu negocio.","og_url":"https:\/\/gmz.ltd\/es\/producto\/vasos-de-papel-para-vending\/","og_site_name":"GMZ","og_image":[{"width":1000,"height":1000,"url":"https:\/\/gmz.ltd\/wp-content\/uploads\/2023\/09\/1-5.jpg","type":"image\/jpeg"}],"twitter_card":"summary_large_image","schema":{"@context":"https:\/\/schema.org","@graph":[{"@type":"WebPage","@id":"https:\/\/gmz.ltd\/es\/producto\/vasos-de-papel-para-vending\/","url":"https:\/\/gmz.ltd\/es\/producto\/vasos-de-papel-para-vending\/","name":"Venta al por mayor de vasos de papel para vending - Fabricaci\u00f3n de vasos personalizados con marca - GMZ","isPartOf":{"@id":"https:\/\/gmz.ltd\/es\/#website"},"primaryImageOfPage":{"@id":"https:\/\/gmz.ltd\/es\/producto\/vasos-de-papel-para-vending\/#primaryimage"},"image":{"@id":"https:\/\/gmz.ltd\/es\/producto\/vasos-de-papel-para-vending\/#primaryimage"},"thumbnailUrl":"https:\/\/gmz.ltd\/wp-content\/uploads\/2023\/09\/1-5.jpg","datePublished":"2023-09-20T03:59:55+00:00","description":"GMZ es un fabricante y proveedor al por mayor de vasos de papel para vending. Nuestro Vaso de Papel para Vending se puede utilizar en casi todas las m\u00e1quinas de caf\u00e9 autom\u00e1ticas. Nos especializamos en la fabricaci\u00f3n de vasos personalizados con marca, proporcionando soluciones ecol\u00f3gicas y reciclables. Cont\u00e1ctanos para vasos de papel sostenibles y de alta calidad para las necesidades de tu negocio.","breadcrumb":{"@id":"https:\/\/gmz.ltd\/es\/producto\/vasos-de-papel-para-vending\/#breadcrumb"},"inLanguage":"es","potentialAction":[{"@type":"ReadAction","target":["https:\/\/gmz.ltd\/es\/producto\/vasos-de-papel-para-vending\/"]}]},{"@type":"ImageObject","inLanguage":"es","@id":"https:\/\/gmz.ltd\/es\/producto\/vasos-de-papel-para-vending\/#primaryimage","url":"https:\/\/gmz.ltd\/wp-content\/uploads\/2023\/09\/1-5.jpg","contentUrl":"https:\/\/gmz.ltd\/wp-content\/uploads\/2023\/09\/1-5.jpg","width":1000,"height":1000},{"@type":"BreadcrumbList","@id":"https:\/\/gmz.ltd\/es\/producto\/vasos-de-papel-para-vending\/#breadcrumb","itemListElement":[{"@type":"ListItem","position":1,"name":"hogar","item":"https:\/\/gmz.ltd\/es\/"},{"@type":"ListItem","position":2,"name":"Productos","item":"https:\/\/gmz.ltd\/es\/tienda\/"},{"@type":"ListItem","position":3,"name":"Vasos de papel para vending"}]},{"@type":"WebSite","@id":"https:\/\/gmz.ltd\/es\/#website","url":"https:\/\/gmz.ltd\/es\/","name":"GMZ","description":"","publisher":{"@id":"https:\/\/gmz.ltd\/es\/#organization"},"potentialAction":[{"@type":"SearchAction","target":{"@type":"EntryPoint","urlTemplate":"https:\/\/gmz.ltd\/es\/?s={search_term_string}"},"query-input":{"@type":"PropertyValueSpecification","valueRequired":true,"valueName":"search_term_string"}}],"inLanguage":"es"},{"@type":"Organization","@id":"https:\/\/gmz.ltd\/es\/#organization","name":"GMZ","url":"https:\/\/gmz.ltd\/es\/","logo":{"@type":"ImageObject","inLanguage":"es","@id":"https:\/\/gmz.ltd\/es\/#\/schema\/logo\/image\/","url":"https:\/\/gmz.ltd\/wp-content\/uploads\/2024\/11\/gmzpack.svg","contentUrl":"https:\/\/gmz.ltd\/wp-content\/uploads\/2024\/11\/gmzpack.svg","width":170,"height":79,"caption":"GMZ"},"image":{"@id":"https:\/\/gmz.ltd\/es\/#\/schema\/logo\/image\/"}}]}},"_links":{"self":[{"href":"https:\/\/gmz.ltd\/es\/wp-json\/wp\/v2\/product\/7843","targetHints":{"allow":["GET"]}}],"collection":[{"href":"https:\/\/gmz.ltd\/es\/wp-json\/wp\/v2\/product"}],"about":[{"href":"https:\/\/gmz.ltd\/es\/wp-json\/wp\/v2\/types\/product"}],"version-history":[{"count":0,"href":"https:\/\/gmz.ltd\/es\/wp-json\/wp\/v2\/product\/7843\/revisions"}],"wp:featuredmedia":[{"embeddable":true,"href":"https:\/\/gmz.ltd\/es\/wp-json\/wp\/v2\/media\/5776"}],"wp:attachment":[{"href":"https:\/\/gmz.ltd\/es\/wp-json\/wp\/v2\/media?parent=7843"}],"wp:term":[{"taxonomy":"product_brand","embeddable":true,"href":"https:\/\/gmz.ltd\/es\/wp-json\/wp\/v2\/product_brand?post=7843"},{"taxonomy":"product_cat","embeddable":true,"href":"https:\/\/gmz.ltd\/es\/wp-json\/wp\/v2\/product_cat?post=7843"},{"taxonomy":"product_tag","embeddable":true,"href":"https:\/\/gmz.ltd\/es\/wp-json\/wp\/v2\/product_tag?post=7843"}],"curies":[{"name":"wp","href":"https:\/\/api.w.org\/{rel}","templated":true}]}}