{"id":7850,"date":"2023-09-20T03:58:30","date_gmt":"2023-09-20T03:58:30","guid":{"rendered":"https:\/\/gmz.ltd\/product\/vasos-calientes-de-papel-sin-plastico\/"},"modified":"2023-09-20T03:58:30","modified_gmt":"2023-09-20T03:58:30","slug":"vasos-calientes-de-papel-sin-plastico","status":"publish","type":"product","link":"https:\/\/gmz.ltd\/es\/producto\/vasos-calientes-de-papel-sin-plastico\/","title":{"rendered":"Vasos calientes de papel sin pl\u00e1stico"},"content":{"rendered":"<p>La tecnolog\u00eda de recubrimiento sin pl\u00e1stico es la \u00faltima tecnolog\u00eda en materiales de embalaje de alimentos reciclables y degradables. Es m\u00e1s ecol\u00f3gica y econ\u00f3mica que el PLA, y es totalmente reciclable.<\/p>\n","protected":false},"excerpt":{"rendered":"<p>El recubrimiento sin pl\u00e1stico es la \u00faltima innovaci\u00f3n en tecnolog\u00eda de materiales de embalaje de alimentos reciclables y degradables. Utilizamos materiales innovadores sin pl\u00e1stico para reemplazar el revestimiento pl\u00e1stico tradicional en los vasos de papel desechables. Esto significa que nuestros vasos de papel pueden ser completamente reciclados para reducir los residuos. A\u00fan mejor, nuestros vasos sin pl\u00e1stico no solo son m\u00e1s ecol\u00f3gicos que la mayor\u00eda de los vasos de papel, sino que tambi\u00e9n son m\u00e1s econ\u00f3micos que los <a href=\"https:\/\/gmz.ltd\/product\/pla-coated-paper-hot-cups\/\">vasos recubiertos con PLA compostable<\/a>.<\/p>\n<ul>\n<li>100% reciclable sin revestimiento pl\u00e1stico<\/li>\n<li>Hecho de papel de grado alimenticio de alta calidad<\/li>\n<li>Vers\u00e1til para servir bebidas calientes y fr\u00edas<\/li>\n<li>Impresi\u00f3n personalizada de hasta 8 colores en la capa exterior.<\/li>\n<li>Seg\u00fan las necesidades, podemos imprimir el c\u00f3digo de lote en el fondo del vaso para rastrear f\u00e1cilmente el vaso a trav\u00e9s del proceso de fabricaci\u00f3n.<\/li>\n<\/ul>\n<p>Cantidad m\u00ednima de pedido para impresi\u00f3n personalizada: 50.000 unidades.<\/p>\n","protected":false},"featured_media":20723,"template":"","meta":{"_joinchat":[]},"product_brand":[],"product_cat":[128,129],"product_tag":[139,119],"class_list":{"0":"post-7850","1":"product","2":"type-product","3":"status-publish","4":"has-post-thumbnail","6":"product_cat-vasos-de-papel","7":"product_cat-vasos-de-papel-para-bebidas-calientes","8":"product_tag-vasos-ecologicos","9":"product_tag-vasos-y-tapas-para-bebidas-calientes","11":"first","12":"instock","13":"shipping-taxable","14":"product-type-simple"},"acf":[],"yoast_head":"<!-- This site is optimized with the Yoast SEO Premium plugin v22.5 (Yoast SEO v26.6) - https:\/\/yoast.com\/wordpress\/plugins\/seo\/ -->\n<title>Fabricante de vasos de papel sin pl\u00e1stico - Vasos ecol\u00f3gicos y reciclables - GMZ<\/title>\n<meta name=\"description\" content=\"GMZ se especializa en la fabricaci\u00f3n de vasos de papel sin pl\u00e1stico, que son tanto desechables como reciclables. Producimos vasos personalizados de alta calidad, ideales para cafeter\u00edas, restaurantes y m\u00e1s, aptos tanto para bebidas calientes como fr\u00edas. Haz una elecci\u00f3n ecol\u00f3gica para tu negocio con GMZ.\" \/>\n<meta name=\"robots\" content=\"index, follow, max-snippet:-1, max-image-preview:large, max-video-preview:-1\" \/>\n<link rel=\"canonical\" href=\"https:\/\/gmz.ltd\/es\/producto\/vasos-calientes-de-papel-sin-plastico\/\" \/>\n<meta property=\"og:locale\" content=\"es_ES\" \/>\n<meta property=\"og:type\" content=\"article\" \/>\n<meta property=\"og:title\" content=\"Vasos calientes de papel sin pl\u00e1stico\" \/>\n<meta property=\"og:description\" content=\"GMZ se especializa en la fabricaci\u00f3n de vasos de papel sin pl\u00e1stico, que son tanto desechables como reciclables. Producimos vasos personalizados de alta calidad, ideales para cafeter\u00edas, restaurantes y m\u00e1s, aptos tanto para bebidas calientes como fr\u00edas. Haz una elecci\u00f3n ecol\u00f3gica para tu negocio con GMZ.\" \/>\n<meta property=\"og:url\" content=\"https:\/\/gmz.ltd\/es\/producto\/vasos-calientes-de-papel-sin-plastico\/\" \/>\n<meta property=\"og:site_name\" content=\"GMZ\" \/>\n<meta property=\"og:image\" content=\"https:\/\/gmz.ltd\/wp-content\/uploads\/2023\/09\/Plastic-free-1.jpg\" \/>\n\t<meta property=\"og:image:width\" content=\"1000\" \/>\n\t<meta property=\"og:image:height\" content=\"1000\" \/>\n\t<meta property=\"og:image:type\" content=\"image\/jpeg\" \/>\n<meta name=\"twitter:card\" content=\"summary_large_image\" \/>\n<script type=\"application\/ld+json\" class=\"yoast-schema-graph\">{\"@context\":\"https:\/\/schema.org\",\"@graph\":[{\"@type\":\"WebPage\",\"@id\":\"https:\/\/gmz.ltd\/es\/producto\/vasos-calientes-de-papel-sin-plastico\/\",\"url\":\"https:\/\/gmz.ltd\/es\/producto\/vasos-calientes-de-papel-sin-plastico\/\",\"name\":\"Fabricante de vasos de papel sin pl\u00e1stico - Vasos ecol\u00f3gicos y reciclables - GMZ\",\"isPartOf\":{\"@id\":\"https:\/\/gmz.ltd\/es\/#website\"},\"primaryImageOfPage\":{\"@id\":\"https:\/\/gmz.ltd\/es\/producto\/vasos-calientes-de-papel-sin-plastico\/#primaryimage\"},\"image\":{\"@id\":\"https:\/\/gmz.ltd\/es\/producto\/vasos-calientes-de-papel-sin-plastico\/#primaryimage\"},\"thumbnailUrl\":\"https:\/\/gmz.ltd\/wp-content\/uploads\/2023\/09\/Aqueous-Lined-Paper-Cup.webp\",\"datePublished\":\"2023-09-20T03:58:30+00:00\",\"description\":\"GMZ se especializa en la fabricaci\u00f3n de vasos de papel sin pl\u00e1stico, que son tanto desechables como reciclables. Producimos vasos personalizados de alta calidad, ideales para cafeter\u00edas, restaurantes y m\u00e1s, aptos tanto para bebidas calientes como fr\u00edas. Haz una elecci\u00f3n ecol\u00f3gica para tu negocio con GMZ.\",\"breadcrumb\":{\"@id\":\"https:\/\/gmz.ltd\/es\/producto\/vasos-calientes-de-papel-sin-plastico\/#breadcrumb\"},\"inLanguage\":\"es\",\"potentialAction\":[{\"@type\":\"ReadAction\",\"target\":[\"https:\/\/gmz.ltd\/es\/producto\/vasos-calientes-de-papel-sin-plastico\/\"]}]},{\"@type\":\"ImageObject\",\"inLanguage\":\"es\",\"@id\":\"https:\/\/gmz.ltd\/es\/producto\/vasos-calientes-de-papel-sin-plastico\/#primaryimage\",\"url\":\"https:\/\/gmz.ltd\/wp-content\/uploads\/2023\/09\/Aqueous-Lined-Paper-Cup.webp\",\"contentUrl\":\"https:\/\/gmz.ltd\/wp-content\/uploads\/2023\/09\/Aqueous-Lined-Paper-Cup.webp\",\"width\":1000,\"height\":1000,\"caption\":\"Aqueous Lined Paper Cup\"},{\"@type\":\"BreadcrumbList\",\"@id\":\"https:\/\/gmz.ltd\/es\/producto\/vasos-calientes-de-papel-sin-plastico\/#breadcrumb\",\"itemListElement\":[{\"@type\":\"ListItem\",\"position\":1,\"name\":\"hogar\",\"item\":\"https:\/\/gmz.ltd\/es\/\"},{\"@type\":\"ListItem\",\"position\":2,\"name\":\"Productos\",\"item\":\"https:\/\/gmz.ltd\/es\/tienda\/\"},{\"@type\":\"ListItem\",\"position\":3,\"name\":\"Vasos calientes de papel sin pl\u00e1stico\"}]},{\"@type\":\"WebSite\",\"@id\":\"https:\/\/gmz.ltd\/es\/#website\",\"url\":\"https:\/\/gmz.ltd\/es\/\",\"name\":\"GMZ\",\"description\":\"\",\"publisher\":{\"@id\":\"https:\/\/gmz.ltd\/es\/#organization\"},\"potentialAction\":[{\"@type\":\"SearchAction\",\"target\":{\"@type\":\"EntryPoint\",\"urlTemplate\":\"https:\/\/gmz.ltd\/es\/?s={search_term_string}\"},\"query-input\":{\"@type\":\"PropertyValueSpecification\",\"valueRequired\":true,\"valueName\":\"search_term_string\"}}],\"inLanguage\":\"es\"},{\"@type\":\"Organization\",\"@id\":\"https:\/\/gmz.ltd\/es\/#organization\",\"name\":\"GMZ\",\"url\":\"https:\/\/gmz.ltd\/es\/\",\"logo\":{\"@type\":\"ImageObject\",\"inLanguage\":\"es\",\"@id\":\"https:\/\/gmz.ltd\/es\/#\/schema\/logo\/image\/\",\"url\":\"https:\/\/gmz.ltd\/wp-content\/uploads\/2024\/11\/gmzpack.svg\",\"contentUrl\":\"https:\/\/gmz.ltd\/wp-content\/uploads\/2024\/11\/gmzpack.svg\",\"width\":170,\"height\":79,\"caption\":\"GMZ\"},\"image\":{\"@id\":\"https:\/\/gmz.ltd\/es\/#\/schema\/logo\/image\/\"}}]}<\/script>\n<!-- \/ Yoast SEO Premium plugin. -->","yoast_head_json":{"title":"Fabricante de vasos de papel sin pl\u00e1stico - Vasos ecol\u00f3gicos y reciclables - GMZ","description":"GMZ se especializa en la fabricaci\u00f3n de vasos de papel sin pl\u00e1stico, que son tanto desechables como reciclables. Producimos vasos personalizados de alta calidad, ideales para cafeter\u00edas, restaurantes y m\u00e1s, aptos tanto para bebidas calientes como fr\u00edas. Haz una elecci\u00f3n ecol\u00f3gica para tu negocio con GMZ.","robots":{"index":"index","follow":"follow","max-snippet":"max-snippet:-1","max-image-preview":"max-image-preview:large","max-video-preview":"max-video-preview:-1"},"canonical":"https:\/\/gmz.ltd\/es\/producto\/vasos-calientes-de-papel-sin-plastico\/","og_locale":"es_ES","og_type":"article","og_title":"Vasos calientes de papel sin pl\u00e1stico","og_description":"GMZ se especializa en la fabricaci\u00f3n de vasos de papel sin pl\u00e1stico, que son tanto desechables como reciclables. Producimos vasos personalizados de alta calidad, ideales para cafeter\u00edas, restaurantes y m\u00e1s, aptos tanto para bebidas calientes como fr\u00edas. Haz una elecci\u00f3n ecol\u00f3gica para tu negocio con GMZ.","og_url":"https:\/\/gmz.ltd\/es\/producto\/vasos-calientes-de-papel-sin-plastico\/","og_site_name":"GMZ","og_image":[{"width":1000,"height":1000,"url":"https:\/\/gmz.ltd\/wp-content\/uploads\/2023\/09\/Plastic-free-1.jpg","type":"image\/jpeg"}],"twitter_card":"summary_large_image","schema":{"@context":"https:\/\/schema.org","@graph":[{"@type":"WebPage","@id":"https:\/\/gmz.ltd\/es\/producto\/vasos-calientes-de-papel-sin-plastico\/","url":"https:\/\/gmz.ltd\/es\/producto\/vasos-calientes-de-papel-sin-plastico\/","name":"Fabricante de vasos de papel sin pl\u00e1stico - Vasos ecol\u00f3gicos y reciclables - GMZ","isPartOf":{"@id":"https:\/\/gmz.ltd\/es\/#website"},"primaryImageOfPage":{"@id":"https:\/\/gmz.ltd\/es\/producto\/vasos-calientes-de-papel-sin-plastico\/#primaryimage"},"image":{"@id":"https:\/\/gmz.ltd\/es\/producto\/vasos-calientes-de-papel-sin-plastico\/#primaryimage"},"thumbnailUrl":"https:\/\/gmz.ltd\/wp-content\/uploads\/2023\/09\/Aqueous-Lined-Paper-Cup.webp","datePublished":"2023-09-20T03:58:30+00:00","description":"GMZ se especializa en la fabricaci\u00f3n de vasos de papel sin pl\u00e1stico, que son tanto desechables como reciclables. Producimos vasos personalizados de alta calidad, ideales para cafeter\u00edas, restaurantes y m\u00e1s, aptos tanto para bebidas calientes como fr\u00edas. Haz una elecci\u00f3n ecol\u00f3gica para tu negocio con GMZ.","breadcrumb":{"@id":"https:\/\/gmz.ltd\/es\/producto\/vasos-calientes-de-papel-sin-plastico\/#breadcrumb"},"inLanguage":"es","potentialAction":[{"@type":"ReadAction","target":["https:\/\/gmz.ltd\/es\/producto\/vasos-calientes-de-papel-sin-plastico\/"]}]},{"@type":"ImageObject","inLanguage":"es","@id":"https:\/\/gmz.ltd\/es\/producto\/vasos-calientes-de-papel-sin-plastico\/#primaryimage","url":"https:\/\/gmz.ltd\/wp-content\/uploads\/2023\/09\/Aqueous-Lined-Paper-Cup.webp","contentUrl":"https:\/\/gmz.ltd\/wp-content\/uploads\/2023\/09\/Aqueous-Lined-Paper-Cup.webp","width":1000,"height":1000,"caption":"Aqueous Lined Paper Cup"},{"@type":"BreadcrumbList","@id":"https:\/\/gmz.ltd\/es\/producto\/vasos-calientes-de-papel-sin-plastico\/#breadcrumb","itemListElement":[{"@type":"ListItem","position":1,"name":"hogar","item":"https:\/\/gmz.ltd\/es\/"},{"@type":"ListItem","position":2,"name":"Productos","item":"https:\/\/gmz.ltd\/es\/tienda\/"},{"@type":"ListItem","position":3,"name":"Vasos calientes de papel sin pl\u00e1stico"}]},{"@type":"WebSite","@id":"https:\/\/gmz.ltd\/es\/#website","url":"https:\/\/gmz.ltd\/es\/","name":"GMZ","description":"","publisher":{"@id":"https:\/\/gmz.ltd\/es\/#organization"},"potentialAction":[{"@type":"SearchAction","target":{"@type":"EntryPoint","urlTemplate":"https:\/\/gmz.ltd\/es\/?s={search_term_string}"},"query-input":{"@type":"PropertyValueSpecification","valueRequired":true,"valueName":"search_term_string"}}],"inLanguage":"es"},{"@type":"Organization","@id":"https:\/\/gmz.ltd\/es\/#organization","name":"GMZ","url":"https:\/\/gmz.ltd\/es\/","logo":{"@type":"ImageObject","inLanguage":"es","@id":"https:\/\/gmz.ltd\/es\/#\/schema\/logo\/image\/","url":"https:\/\/gmz.ltd\/wp-content\/uploads\/2024\/11\/gmzpack.svg","contentUrl":"https:\/\/gmz.ltd\/wp-content\/uploads\/2024\/11\/gmzpack.svg","width":170,"height":79,"caption":"GMZ"},"image":{"@id":"https:\/\/gmz.ltd\/es\/#\/schema\/logo\/image\/"}}]}},"_links":{"self":[{"href":"https:\/\/gmz.ltd\/es\/wp-json\/wp\/v2\/product\/7850","targetHints":{"allow":["GET"]}}],"collection":[{"href":"https:\/\/gmz.ltd\/es\/wp-json\/wp\/v2\/product"}],"about":[{"href":"https:\/\/gmz.ltd\/es\/wp-json\/wp\/v2\/types\/product"}],"version-history":[{"count":0,"href":"https:\/\/gmz.ltd\/es\/wp-json\/wp\/v2\/product\/7850\/revisions"}],"wp:featuredmedia":[{"embeddable":true,"href":"https:\/\/gmz.ltd\/es\/wp-json\/wp\/v2\/media\/20723"}],"wp:attachment":[{"href":"https:\/\/gmz.ltd\/es\/wp-json\/wp\/v2\/media?parent=7850"}],"wp:term":[{"taxonomy":"product_brand","embeddable":true,"href":"https:\/\/gmz.ltd\/es\/wp-json\/wp\/v2\/product_brand?post=7850"},{"taxonomy":"product_cat","embeddable":true,"href":"https:\/\/gmz.ltd\/es\/wp-json\/wp\/v2\/product_cat?post=7850"},{"taxonomy":"product_tag","embeddable":true,"href":"https:\/\/gmz.ltd\/es\/wp-json\/wp\/v2\/product_tag?post=7850"}],"curies":[{"name":"wp","href":"https:\/\/api.w.org\/{rel}","templated":true}]}}