{"id":7854,"date":"2023-09-20T03:57:16","date_gmt":"2023-09-20T03:57:16","guid":{"rendered":"https:\/\/gmz.ltd\/product\/vasos-calientes-de-papel-con-recubrimiento-de-pla\/"},"modified":"2023-09-20T03:57:16","modified_gmt":"2023-09-20T03:57:16","slug":"vasos-calientes-de-papel-con-recubrimiento-de-pla","status":"publish","type":"product","link":"https:\/\/gmz.ltd\/es\/producto\/vasos-calientes-de-papel-con-recubrimiento-de-pla\/","title":{"rendered":"Vasos calientes de papel con recubrimiento de PLA"},"content":{"rendered":"<p>El recubrimiento de la pared interior de esta serie de vasos de papel es PLA, no PE. Por lo tanto, es compostable.<\/p>\n","protected":false},"excerpt":{"rendered":"<p>La mayor\u00eda de los vasos de papel est\u00e1n revestidos con pl\u00e1stico PE para evitar que se empapen al contener l\u00edquidos. Sin embargo, nuestros vasos de papel recubiertos con PLA utilizan materiales a base de plantas para reemplazar el revestimiento pl\u00e1stico tradicional, por lo que son completamente compostables y no representan un da\u00f1o para el medio ambiente.<\/p>\n<ul>\n<li>100% compostable<\/li>\n<li>Certificado DIN EN13432 para compostabilidad<\/li>\n<li>Aprobado por FCM para contacto con alimentos<\/li>\n<li>Libre de PFAS y no t\u00f3xico<\/li>\n<li>Impresi\u00f3n personalizada de hasta 8 colores en la capa exterior<\/li>\n<li>Seg\u00fan las necesidades, podemos imprimir el c\u00f3digo de lote en el fondo del vaso para rastrear f\u00e1cilmente el vaso a trav\u00e9s del proceso de fabricaci\u00f3n.<\/li>\n<\/ul>\n<p>Cantidad m\u00ednima de pedido para impresi\u00f3n personalizada: 50.000 unidades.<\/p>\n","protected":false},"featured_media":5648,"template":"","meta":{"_joinchat":[]},"product_brand":[],"product_cat":[128,129],"product_tag":[139,119],"class_list":{"0":"post-7854","1":"product","2":"type-product","3":"status-publish","4":"has-post-thumbnail","6":"product_cat-vasos-de-papel","7":"product_cat-vasos-de-papel-para-bebidas-calientes","8":"product_tag-vasos-ecologicos","9":"product_tag-vasos-y-tapas-para-bebidas-calientes","11":"first","12":"instock","13":"shipping-taxable","14":"product-type-simple"},"acf":[],"yoast_head":"<!-- This site is optimized with the Yoast SEO Premium plugin v22.5 (Yoast SEO v26.6) - https:\/\/yoast.com\/wordpress\/plugins\/seo\/ -->\n<title>Fabricante de vasos de papel con recubrimiento de PLA - Vasos calientes desechables y biodegradables - GMZ<\/title>\n<meta name=\"description\" content=\"GMZ fabrica vasos de papel con recubrimiento de PLA para caf\u00e9 caliente y otras bebidas. Nuestros vasos de papel PLA est\u00e1n hechos de materiales de grado alimenticio, 100 % compostables y reciclables. Elige nuestra soluci\u00f3n ecol\u00f3gica para cafeter\u00edas y negocios de alimentos conscientes del medio ambiente. \u00a1Ponte en contacto hoy mismo!\" \/>\n<meta name=\"robots\" content=\"index, follow, max-snippet:-1, max-image-preview:large, max-video-preview:-1\" \/>\n<link rel=\"canonical\" href=\"https:\/\/gmz.ltd\/es\/producto\/vasos-calientes-de-papel-con-recubrimiento-de-pla\/\" \/>\n<meta property=\"og:locale\" content=\"es_ES\" \/>\n<meta property=\"og:type\" content=\"article\" \/>\n<meta property=\"og:title\" content=\"Vasos calientes de papel con recubrimiento de PLA\" \/>\n<meta property=\"og:description\" content=\"GMZ fabrica vasos de papel con recubrimiento de PLA para caf\u00e9 caliente y otras bebidas. Nuestros vasos de papel PLA est\u00e1n hechos de materiales de grado alimenticio, 100 % compostables y reciclables. Elige nuestra soluci\u00f3n ecol\u00f3gica para cafeter\u00edas y negocios de alimentos conscientes del medio ambiente. \u00a1Ponte en contacto hoy mismo!\" \/>\n<meta property=\"og:url\" content=\"https:\/\/gmz.ltd\/es\/producto\/vasos-calientes-de-papel-con-recubrimiento-de-pla\/\" \/>\n<meta property=\"og:site_name\" content=\"GMZ\" \/>\n<meta property=\"og:image\" content=\"https:\/\/gmz.ltd\/wp-content\/uploads\/2023\/09\/PLA.jpg\" \/>\n\t<meta property=\"og:image:width\" content=\"800\" \/>\n\t<meta property=\"og:image:height\" content=\"800\" \/>\n\t<meta property=\"og:image:type\" content=\"image\/jpeg\" \/>\n<meta name=\"twitter:card\" content=\"summary_large_image\" \/>\n<script type=\"application\/ld+json\" class=\"yoast-schema-graph\">{\"@context\":\"https:\/\/schema.org\",\"@graph\":[{\"@type\":\"WebPage\",\"@id\":\"https:\/\/gmz.ltd\/es\/producto\/vasos-calientes-de-papel-con-recubrimiento-de-pla\/\",\"url\":\"https:\/\/gmz.ltd\/es\/producto\/vasos-calientes-de-papel-con-recubrimiento-de-pla\/\",\"name\":\"Fabricante de vasos de papel con recubrimiento de PLA - Vasos calientes desechables y biodegradables - GMZ\",\"isPartOf\":{\"@id\":\"https:\/\/gmz.ltd\/es\/#website\"},\"primaryImageOfPage\":{\"@id\":\"https:\/\/gmz.ltd\/es\/producto\/vasos-calientes-de-papel-con-recubrimiento-de-pla\/#primaryimage\"},\"image\":{\"@id\":\"https:\/\/gmz.ltd\/es\/producto\/vasos-calientes-de-papel-con-recubrimiento-de-pla\/#primaryimage\"},\"thumbnailUrl\":\"https:\/\/gmz.ltd\/wp-content\/uploads\/2023\/09\/PLA.jpg\",\"datePublished\":\"2023-09-20T03:57:16+00:00\",\"description\":\"GMZ fabrica vasos de papel con recubrimiento de PLA para caf\u00e9 caliente y otras bebidas. Nuestros vasos de papel PLA est\u00e1n hechos de materiales de grado alimenticio, 100 % compostables y reciclables. Elige nuestra soluci\u00f3n ecol\u00f3gica para cafeter\u00edas y negocios de alimentos conscientes del medio ambiente. \u00a1Ponte en contacto hoy mismo!\",\"breadcrumb\":{\"@id\":\"https:\/\/gmz.ltd\/es\/producto\/vasos-calientes-de-papel-con-recubrimiento-de-pla\/#breadcrumb\"},\"inLanguage\":\"es\",\"potentialAction\":[{\"@type\":\"ReadAction\",\"target\":[\"https:\/\/gmz.ltd\/es\/producto\/vasos-calientes-de-papel-con-recubrimiento-de-pla\/\"]}]},{\"@type\":\"ImageObject\",\"inLanguage\":\"es\",\"@id\":\"https:\/\/gmz.ltd\/es\/producto\/vasos-calientes-de-papel-con-recubrimiento-de-pla\/#primaryimage\",\"url\":\"https:\/\/gmz.ltd\/wp-content\/uploads\/2023\/09\/PLA.jpg\",\"contentUrl\":\"https:\/\/gmz.ltd\/wp-content\/uploads\/2023\/09\/PLA.jpg\",\"width\":800,\"height\":800},{\"@type\":\"BreadcrumbList\",\"@id\":\"https:\/\/gmz.ltd\/es\/producto\/vasos-calientes-de-papel-con-recubrimiento-de-pla\/#breadcrumb\",\"itemListElement\":[{\"@type\":\"ListItem\",\"position\":1,\"name\":\"hogar\",\"item\":\"https:\/\/gmz.ltd\/es\/\"},{\"@type\":\"ListItem\",\"position\":2,\"name\":\"Productos\",\"item\":\"https:\/\/gmz.ltd\/es\/tienda\/\"},{\"@type\":\"ListItem\",\"position\":3,\"name\":\"Vasos calientes de papel con recubrimiento de PLA\"}]},{\"@type\":\"WebSite\",\"@id\":\"https:\/\/gmz.ltd\/es\/#website\",\"url\":\"https:\/\/gmz.ltd\/es\/\",\"name\":\"GMZ\",\"description\":\"\",\"publisher\":{\"@id\":\"https:\/\/gmz.ltd\/es\/#organization\"},\"potentialAction\":[{\"@type\":\"SearchAction\",\"target\":{\"@type\":\"EntryPoint\",\"urlTemplate\":\"https:\/\/gmz.ltd\/es\/?s={search_term_string}\"},\"query-input\":{\"@type\":\"PropertyValueSpecification\",\"valueRequired\":true,\"valueName\":\"search_term_string\"}}],\"inLanguage\":\"es\"},{\"@type\":\"Organization\",\"@id\":\"https:\/\/gmz.ltd\/es\/#organization\",\"name\":\"GMZ\",\"url\":\"https:\/\/gmz.ltd\/es\/\",\"logo\":{\"@type\":\"ImageObject\",\"inLanguage\":\"es\",\"@id\":\"https:\/\/gmz.ltd\/es\/#\/schema\/logo\/image\/\",\"url\":\"https:\/\/gmz.ltd\/wp-content\/uploads\/2024\/11\/gmzpack.svg\",\"contentUrl\":\"https:\/\/gmz.ltd\/wp-content\/uploads\/2024\/11\/gmzpack.svg\",\"width\":170,\"height\":79,\"caption\":\"GMZ\"},\"image\":{\"@id\":\"https:\/\/gmz.ltd\/es\/#\/schema\/logo\/image\/\"}}]}<\/script>\n<!-- \/ Yoast SEO Premium plugin. -->","yoast_head_json":{"title":"Fabricante de vasos de papel con recubrimiento de PLA - Vasos calientes desechables y biodegradables - GMZ","description":"GMZ fabrica vasos de papel con recubrimiento de PLA para caf\u00e9 caliente y otras bebidas. Nuestros vasos de papel PLA est\u00e1n hechos de materiales de grado alimenticio, 100 % compostables y reciclables. Elige nuestra soluci\u00f3n ecol\u00f3gica para cafeter\u00edas y negocios de alimentos conscientes del medio ambiente. \u00a1Ponte en contacto hoy mismo!","robots":{"index":"index","follow":"follow","max-snippet":"max-snippet:-1","max-image-preview":"max-image-preview:large","max-video-preview":"max-video-preview:-1"},"canonical":"https:\/\/gmz.ltd\/es\/producto\/vasos-calientes-de-papel-con-recubrimiento-de-pla\/","og_locale":"es_ES","og_type":"article","og_title":"Vasos calientes de papel con recubrimiento de PLA","og_description":"GMZ fabrica vasos de papel con recubrimiento de PLA para caf\u00e9 caliente y otras bebidas. Nuestros vasos de papel PLA est\u00e1n hechos de materiales de grado alimenticio, 100 % compostables y reciclables. Elige nuestra soluci\u00f3n ecol\u00f3gica para cafeter\u00edas y negocios de alimentos conscientes del medio ambiente. \u00a1Ponte en contacto hoy mismo!","og_url":"https:\/\/gmz.ltd\/es\/producto\/vasos-calientes-de-papel-con-recubrimiento-de-pla\/","og_site_name":"GMZ","og_image":[{"width":800,"height":800,"url":"https:\/\/gmz.ltd\/wp-content\/uploads\/2023\/09\/PLA.jpg","type":"image\/jpeg"}],"twitter_card":"summary_large_image","schema":{"@context":"https:\/\/schema.org","@graph":[{"@type":"WebPage","@id":"https:\/\/gmz.ltd\/es\/producto\/vasos-calientes-de-papel-con-recubrimiento-de-pla\/","url":"https:\/\/gmz.ltd\/es\/producto\/vasos-calientes-de-papel-con-recubrimiento-de-pla\/","name":"Fabricante de vasos de papel con recubrimiento de PLA - Vasos calientes desechables y biodegradables - GMZ","isPartOf":{"@id":"https:\/\/gmz.ltd\/es\/#website"},"primaryImageOfPage":{"@id":"https:\/\/gmz.ltd\/es\/producto\/vasos-calientes-de-papel-con-recubrimiento-de-pla\/#primaryimage"},"image":{"@id":"https:\/\/gmz.ltd\/es\/producto\/vasos-calientes-de-papel-con-recubrimiento-de-pla\/#primaryimage"},"thumbnailUrl":"https:\/\/gmz.ltd\/wp-content\/uploads\/2023\/09\/PLA.jpg","datePublished":"2023-09-20T03:57:16+00:00","description":"GMZ fabrica vasos de papel con recubrimiento de PLA para caf\u00e9 caliente y otras bebidas. Nuestros vasos de papel PLA est\u00e1n hechos de materiales de grado alimenticio, 100 % compostables y reciclables. Elige nuestra soluci\u00f3n ecol\u00f3gica para cafeter\u00edas y negocios de alimentos conscientes del medio ambiente. \u00a1Ponte en contacto hoy mismo!","breadcrumb":{"@id":"https:\/\/gmz.ltd\/es\/producto\/vasos-calientes-de-papel-con-recubrimiento-de-pla\/#breadcrumb"},"inLanguage":"es","potentialAction":[{"@type":"ReadAction","target":["https:\/\/gmz.ltd\/es\/producto\/vasos-calientes-de-papel-con-recubrimiento-de-pla\/"]}]},{"@type":"ImageObject","inLanguage":"es","@id":"https:\/\/gmz.ltd\/es\/producto\/vasos-calientes-de-papel-con-recubrimiento-de-pla\/#primaryimage","url":"https:\/\/gmz.ltd\/wp-content\/uploads\/2023\/09\/PLA.jpg","contentUrl":"https:\/\/gmz.ltd\/wp-content\/uploads\/2023\/09\/PLA.jpg","width":800,"height":800},{"@type":"BreadcrumbList","@id":"https:\/\/gmz.ltd\/es\/producto\/vasos-calientes-de-papel-con-recubrimiento-de-pla\/#breadcrumb","itemListElement":[{"@type":"ListItem","position":1,"name":"hogar","item":"https:\/\/gmz.ltd\/es\/"},{"@type":"ListItem","position":2,"name":"Productos","item":"https:\/\/gmz.ltd\/es\/tienda\/"},{"@type":"ListItem","position":3,"name":"Vasos calientes de papel con recubrimiento de PLA"}]},{"@type":"WebSite","@id":"https:\/\/gmz.ltd\/es\/#website","url":"https:\/\/gmz.ltd\/es\/","name":"GMZ","description":"","publisher":{"@id":"https:\/\/gmz.ltd\/es\/#organization"},"potentialAction":[{"@type":"SearchAction","target":{"@type":"EntryPoint","urlTemplate":"https:\/\/gmz.ltd\/es\/?s={search_term_string}"},"query-input":{"@type":"PropertyValueSpecification","valueRequired":true,"valueName":"search_term_string"}}],"inLanguage":"es"},{"@type":"Organization","@id":"https:\/\/gmz.ltd\/es\/#organization","name":"GMZ","url":"https:\/\/gmz.ltd\/es\/","logo":{"@type":"ImageObject","inLanguage":"es","@id":"https:\/\/gmz.ltd\/es\/#\/schema\/logo\/image\/","url":"https:\/\/gmz.ltd\/wp-content\/uploads\/2024\/11\/gmzpack.svg","contentUrl":"https:\/\/gmz.ltd\/wp-content\/uploads\/2024\/11\/gmzpack.svg","width":170,"height":79,"caption":"GMZ"},"image":{"@id":"https:\/\/gmz.ltd\/es\/#\/schema\/logo\/image\/"}}]}},"_links":{"self":[{"href":"https:\/\/gmz.ltd\/es\/wp-json\/wp\/v2\/product\/7854","targetHints":{"allow":["GET"]}}],"collection":[{"href":"https:\/\/gmz.ltd\/es\/wp-json\/wp\/v2\/product"}],"about":[{"href":"https:\/\/gmz.ltd\/es\/wp-json\/wp\/v2\/types\/product"}],"version-history":[{"count":0,"href":"https:\/\/gmz.ltd\/es\/wp-json\/wp\/v2\/product\/7854\/revisions"}],"wp:featuredmedia":[{"embeddable":true,"href":"https:\/\/gmz.ltd\/es\/wp-json\/wp\/v2\/media\/5648"}],"wp:attachment":[{"href":"https:\/\/gmz.ltd\/es\/wp-json\/wp\/v2\/media?parent=7854"}],"wp:term":[{"taxonomy":"product_brand","embeddable":true,"href":"https:\/\/gmz.ltd\/es\/wp-json\/wp\/v2\/product_brand?post=7854"},{"taxonomy":"product_cat","embeddable":true,"href":"https:\/\/gmz.ltd\/es\/wp-json\/wp\/v2\/product_cat?post=7854"},{"taxonomy":"product_tag","embeddable":true,"href":"https:\/\/gmz.ltd\/es\/wp-json\/wp\/v2\/product_tag?post=7854"}],"curies":[{"name":"wp","href":"https:\/\/api.w.org\/{rel}","templated":true}]}}