{"id":7858,"date":"2023-09-20T03:55:41","date_gmt":"2023-09-20T03:55:41","guid":{"rendered":"https:\/\/gmz.ltd\/product\/vasos-de-papel-para-bebidas-frias-con-doble-recubrimiento-de-pe\/"},"modified":"2023-09-20T03:55:41","modified_gmt":"2023-09-20T03:55:41","slug":"vasos-de-papel-para-bebidas-frias-con-doble-recubrimiento-de-pe","status":"publish","type":"product","link":"https:\/\/gmz.ltd\/es\/producto\/vasos-de-papel-para-bebidas-frias-con-doble-recubrimiento-de-pe\/","title":{"rendered":"Vasos de papel para bebidas fr\u00edas con doble recubrimiento de PE"},"content":{"rendered":"<p>Nuestros vasos de pared simple premium est\u00e1n disponibles en varios tama\u00f1os, desde 1 oz hasta 22 oz, para satisfacer las distintas necesidades del mercado global. Adem\u00e1s del blanco. tambi\u00e9n ofrecemos impresi\u00f3n personalizada.<\/p>\n","protected":false},"excerpt":{"rendered":"<p>Esta serie de vasos de papel es adecuada para bebidas fr\u00edas, y el tama\u00f1o va desde 8 oz hasta 22 oz. Las capas interna y externa del papel del vaso est\u00e1n recubiertas de PE, lo que puede proteger los vasos de ser da\u00f1ados por la condensaci\u00f3n.<\/p>\n<ul>\n<li>Hecho de papel de grado alimenticio de alta calidad<\/li>\n<li>Aprobado por FCM para contacto con alimentos<\/li>\n<li>Libre de PFAS y sin qu\u00edmicos t\u00f3xicos<\/li>\n<li>Impresi\u00f3n personalizada de hasta 8 colores en la capa exterior.<\/li>\n<li>Seg\u00fan las necesidades, podemos imprimir el c\u00f3digo de lote en el fondo del vaso para rastrear f\u00e1cilmente el vaso a trav\u00e9s del proceso de fabricaci\u00f3n.<\/li>\n<\/ul>\n<p><!-- notionvc: c7b060aa-ead3-42e4-a6e5-71877eaa83ab --><\/p>\n<p>Cantidad m\u00ednima de pedido para impresi\u00f3n personalizada: 50.000 unidades.<\/p>\n","protected":false},"featured_media":5640,"template":"","meta":{"_joinchat":[]},"product_brand":[],"product_cat":[128,143],"product_tag":[123],"class_list":{"0":"post-7858","1":"product","2":"type-product","3":"status-publish","4":"has-post-thumbnail","6":"product_cat-vasos-de-papel","7":"product_cat-vasos-de-papel-para-bebidas-frias","8":"product_tag-vasos-y-tapas-para-bebidas-frias","10":"first","11":"instock","12":"shipping-taxable","13":"product-type-simple"},"acf":[],"yoast_head":"<!-- This site is optimized with the Yoast SEO Premium plugin v22.5 (Yoast SEO v26.6) - https:\/\/yoast.com\/wordpress\/plugins\/seo\/ -->\n<title>Mejor precio en vasos de papel con doble recubrimiento de PE - Vasos para bebidas fr\u00edas al por mayor - GMZ<\/title>\n<meta name=\"description\" content=\"GMZ, un fabricante de vasos de papel con sede en China, ofrece vasos de papel de doble pared con recubrimiento de PE para bebidas fr\u00edas. Cont\u00e1ctanos hoy para obtener los mejores precios en vasos de papel con recubrimiento de PE al por mayor.\" \/>\n<meta name=\"robots\" content=\"index, follow, max-snippet:-1, max-image-preview:large, max-video-preview:-1\" \/>\n<link rel=\"canonical\" href=\"https:\/\/gmz.ltd\/es\/producto\/vasos-de-papel-para-bebidas-frias-con-doble-recubrimiento-de-pe\/\" \/>\n<meta property=\"og:locale\" content=\"es_ES\" \/>\n<meta property=\"og:type\" content=\"article\" \/>\n<meta property=\"og:title\" content=\"Vasos de papel para bebidas fr\u00edas con doble recubrimiento de PE\" \/>\n<meta property=\"og:description\" content=\"GMZ, un fabricante de vasos de papel con sede en China, ofrece vasos de papel de doble pared con recubrimiento de PE para bebidas fr\u00edas. Cont\u00e1ctanos hoy para obtener los mejores precios en vasos de papel con recubrimiento de PE al por mayor.\" \/>\n<meta property=\"og:url\" content=\"https:\/\/gmz.ltd\/es\/producto\/vasos-de-papel-para-bebidas-frias-con-doble-recubrimiento-de-pe\/\" \/>\n<meta property=\"og:site_name\" content=\"GMZ\" \/>\n<meta property=\"og:image\" content=\"https:\/\/gmz.ltd\/wp-content\/uploads\/2023\/09\/Double-PE.jpg\" \/>\n\t<meta property=\"og:image:width\" content=\"800\" \/>\n\t<meta property=\"og:image:height\" content=\"800\" \/>\n\t<meta property=\"og:image:type\" content=\"image\/jpeg\" \/>\n<meta name=\"twitter:card\" content=\"summary_large_image\" \/>\n<script type=\"application\/ld+json\" class=\"yoast-schema-graph\">{\"@context\":\"https:\/\/schema.org\",\"@graph\":[{\"@type\":\"WebPage\",\"@id\":\"https:\/\/gmz.ltd\/es\/producto\/vasos-de-papel-para-bebidas-frias-con-doble-recubrimiento-de-pe\/\",\"url\":\"https:\/\/gmz.ltd\/es\/producto\/vasos-de-papel-para-bebidas-frias-con-doble-recubrimiento-de-pe\/\",\"name\":\"Mejor precio en vasos de papel con doble recubrimiento de PE - Vasos para bebidas fr\u00edas al por mayor - GMZ\",\"isPartOf\":{\"@id\":\"https:\/\/gmz.ltd\/es\/#website\"},\"primaryImageOfPage\":{\"@id\":\"https:\/\/gmz.ltd\/es\/producto\/vasos-de-papel-para-bebidas-frias-con-doble-recubrimiento-de-pe\/#primaryimage\"},\"image\":{\"@id\":\"https:\/\/gmz.ltd\/es\/producto\/vasos-de-papel-para-bebidas-frias-con-doble-recubrimiento-de-pe\/#primaryimage\"},\"thumbnailUrl\":\"https:\/\/gmz.ltd\/wp-content\/uploads\/2023\/09\/Double-PE.jpg\",\"datePublished\":\"2023-09-20T03:55:41+00:00\",\"description\":\"GMZ, un fabricante de vasos de papel con sede en China, ofrece vasos de papel de doble pared con recubrimiento de PE para bebidas fr\u00edas. Cont\u00e1ctanos hoy para obtener los mejores precios en vasos de papel con recubrimiento de PE al por mayor.\",\"breadcrumb\":{\"@id\":\"https:\/\/gmz.ltd\/es\/producto\/vasos-de-papel-para-bebidas-frias-con-doble-recubrimiento-de-pe\/#breadcrumb\"},\"inLanguage\":\"es\",\"potentialAction\":[{\"@type\":\"ReadAction\",\"target\":[\"https:\/\/gmz.ltd\/es\/producto\/vasos-de-papel-para-bebidas-frias-con-doble-recubrimiento-de-pe\/\"]}]},{\"@type\":\"ImageObject\",\"inLanguage\":\"es\",\"@id\":\"https:\/\/gmz.ltd\/es\/producto\/vasos-de-papel-para-bebidas-frias-con-doble-recubrimiento-de-pe\/#primaryimage\",\"url\":\"https:\/\/gmz.ltd\/wp-content\/uploads\/2023\/09\/Double-PE.jpg\",\"contentUrl\":\"https:\/\/gmz.ltd\/wp-content\/uploads\/2023\/09\/Double-PE.jpg\",\"width\":800,\"height\":800},{\"@type\":\"BreadcrumbList\",\"@id\":\"https:\/\/gmz.ltd\/es\/producto\/vasos-de-papel-para-bebidas-frias-con-doble-recubrimiento-de-pe\/#breadcrumb\",\"itemListElement\":[{\"@type\":\"ListItem\",\"position\":1,\"name\":\"hogar\",\"item\":\"https:\/\/gmz.ltd\/es\/\"},{\"@type\":\"ListItem\",\"position\":2,\"name\":\"Productos\",\"item\":\"https:\/\/gmz.ltd\/es\/tienda\/\"},{\"@type\":\"ListItem\",\"position\":3,\"name\":\"Vasos de papel para bebidas fr\u00edas con doble recubrimiento de PE\"}]},{\"@type\":\"WebSite\",\"@id\":\"https:\/\/gmz.ltd\/es\/#website\",\"url\":\"https:\/\/gmz.ltd\/es\/\",\"name\":\"GMZ\",\"description\":\"\",\"publisher\":{\"@id\":\"https:\/\/gmz.ltd\/es\/#organization\"},\"potentialAction\":[{\"@type\":\"SearchAction\",\"target\":{\"@type\":\"EntryPoint\",\"urlTemplate\":\"https:\/\/gmz.ltd\/es\/?s={search_term_string}\"},\"query-input\":{\"@type\":\"PropertyValueSpecification\",\"valueRequired\":true,\"valueName\":\"search_term_string\"}}],\"inLanguage\":\"es\"},{\"@type\":\"Organization\",\"@id\":\"https:\/\/gmz.ltd\/es\/#organization\",\"name\":\"GMZ\",\"url\":\"https:\/\/gmz.ltd\/es\/\",\"logo\":{\"@type\":\"ImageObject\",\"inLanguage\":\"es\",\"@id\":\"https:\/\/gmz.ltd\/es\/#\/schema\/logo\/image\/\",\"url\":\"https:\/\/gmz.ltd\/wp-content\/uploads\/2024\/11\/gmzpack.svg\",\"contentUrl\":\"https:\/\/gmz.ltd\/wp-content\/uploads\/2024\/11\/gmzpack.svg\",\"width\":170,\"height\":79,\"caption\":\"GMZ\"},\"image\":{\"@id\":\"https:\/\/gmz.ltd\/es\/#\/schema\/logo\/image\/\"}}]}<\/script>\n<!-- \/ Yoast SEO Premium plugin. -->","yoast_head_json":{"title":"Mejor precio en vasos de papel con doble recubrimiento de PE - Vasos para bebidas fr\u00edas al por mayor - GMZ","description":"GMZ, un fabricante de vasos de papel con sede en China, ofrece vasos de papel de doble pared con recubrimiento de PE para bebidas fr\u00edas. Cont\u00e1ctanos hoy para obtener los mejores precios en vasos de papel con recubrimiento de PE al por mayor.","robots":{"index":"index","follow":"follow","max-snippet":"max-snippet:-1","max-image-preview":"max-image-preview:large","max-video-preview":"max-video-preview:-1"},"canonical":"https:\/\/gmz.ltd\/es\/producto\/vasos-de-papel-para-bebidas-frias-con-doble-recubrimiento-de-pe\/","og_locale":"es_ES","og_type":"article","og_title":"Vasos de papel para bebidas fr\u00edas con doble recubrimiento de PE","og_description":"GMZ, un fabricante de vasos de papel con sede en China, ofrece vasos de papel de doble pared con recubrimiento de PE para bebidas fr\u00edas. Cont\u00e1ctanos hoy para obtener los mejores precios en vasos de papel con recubrimiento de PE al por mayor.","og_url":"https:\/\/gmz.ltd\/es\/producto\/vasos-de-papel-para-bebidas-frias-con-doble-recubrimiento-de-pe\/","og_site_name":"GMZ","og_image":[{"width":800,"height":800,"url":"https:\/\/gmz.ltd\/wp-content\/uploads\/2023\/09\/Double-PE.jpg","type":"image\/jpeg"}],"twitter_card":"summary_large_image","schema":{"@context":"https:\/\/schema.org","@graph":[{"@type":"WebPage","@id":"https:\/\/gmz.ltd\/es\/producto\/vasos-de-papel-para-bebidas-frias-con-doble-recubrimiento-de-pe\/","url":"https:\/\/gmz.ltd\/es\/producto\/vasos-de-papel-para-bebidas-frias-con-doble-recubrimiento-de-pe\/","name":"Mejor precio en vasos de papel con doble recubrimiento de PE - Vasos para bebidas fr\u00edas al por mayor - GMZ","isPartOf":{"@id":"https:\/\/gmz.ltd\/es\/#website"},"primaryImageOfPage":{"@id":"https:\/\/gmz.ltd\/es\/producto\/vasos-de-papel-para-bebidas-frias-con-doble-recubrimiento-de-pe\/#primaryimage"},"image":{"@id":"https:\/\/gmz.ltd\/es\/producto\/vasos-de-papel-para-bebidas-frias-con-doble-recubrimiento-de-pe\/#primaryimage"},"thumbnailUrl":"https:\/\/gmz.ltd\/wp-content\/uploads\/2023\/09\/Double-PE.jpg","datePublished":"2023-09-20T03:55:41+00:00","description":"GMZ, un fabricante de vasos de papel con sede en China, ofrece vasos de papel de doble pared con recubrimiento de PE para bebidas fr\u00edas. Cont\u00e1ctanos hoy para obtener los mejores precios en vasos de papel con recubrimiento de PE al por mayor.","breadcrumb":{"@id":"https:\/\/gmz.ltd\/es\/producto\/vasos-de-papel-para-bebidas-frias-con-doble-recubrimiento-de-pe\/#breadcrumb"},"inLanguage":"es","potentialAction":[{"@type":"ReadAction","target":["https:\/\/gmz.ltd\/es\/producto\/vasos-de-papel-para-bebidas-frias-con-doble-recubrimiento-de-pe\/"]}]},{"@type":"ImageObject","inLanguage":"es","@id":"https:\/\/gmz.ltd\/es\/producto\/vasos-de-papel-para-bebidas-frias-con-doble-recubrimiento-de-pe\/#primaryimage","url":"https:\/\/gmz.ltd\/wp-content\/uploads\/2023\/09\/Double-PE.jpg","contentUrl":"https:\/\/gmz.ltd\/wp-content\/uploads\/2023\/09\/Double-PE.jpg","width":800,"height":800},{"@type":"BreadcrumbList","@id":"https:\/\/gmz.ltd\/es\/producto\/vasos-de-papel-para-bebidas-frias-con-doble-recubrimiento-de-pe\/#breadcrumb","itemListElement":[{"@type":"ListItem","position":1,"name":"hogar","item":"https:\/\/gmz.ltd\/es\/"},{"@type":"ListItem","position":2,"name":"Productos","item":"https:\/\/gmz.ltd\/es\/tienda\/"},{"@type":"ListItem","position":3,"name":"Vasos de papel para bebidas fr\u00edas con doble recubrimiento de PE"}]},{"@type":"WebSite","@id":"https:\/\/gmz.ltd\/es\/#website","url":"https:\/\/gmz.ltd\/es\/","name":"GMZ","description":"","publisher":{"@id":"https:\/\/gmz.ltd\/es\/#organization"},"potentialAction":[{"@type":"SearchAction","target":{"@type":"EntryPoint","urlTemplate":"https:\/\/gmz.ltd\/es\/?s={search_term_string}"},"query-input":{"@type":"PropertyValueSpecification","valueRequired":true,"valueName":"search_term_string"}}],"inLanguage":"es"},{"@type":"Organization","@id":"https:\/\/gmz.ltd\/es\/#organization","name":"GMZ","url":"https:\/\/gmz.ltd\/es\/","logo":{"@type":"ImageObject","inLanguage":"es","@id":"https:\/\/gmz.ltd\/es\/#\/schema\/logo\/image\/","url":"https:\/\/gmz.ltd\/wp-content\/uploads\/2024\/11\/gmzpack.svg","contentUrl":"https:\/\/gmz.ltd\/wp-content\/uploads\/2024\/11\/gmzpack.svg","width":170,"height":79,"caption":"GMZ"},"image":{"@id":"https:\/\/gmz.ltd\/es\/#\/schema\/logo\/image\/"}}]}},"_links":{"self":[{"href":"https:\/\/gmz.ltd\/es\/wp-json\/wp\/v2\/product\/7858","targetHints":{"allow":["GET"]}}],"collection":[{"href":"https:\/\/gmz.ltd\/es\/wp-json\/wp\/v2\/product"}],"about":[{"href":"https:\/\/gmz.ltd\/es\/wp-json\/wp\/v2\/types\/product"}],"version-history":[{"count":0,"href":"https:\/\/gmz.ltd\/es\/wp-json\/wp\/v2\/product\/7858\/revisions"}],"wp:featuredmedia":[{"embeddable":true,"href":"https:\/\/gmz.ltd\/es\/wp-json\/wp\/v2\/media\/5640"}],"wp:attachment":[{"href":"https:\/\/gmz.ltd\/es\/wp-json\/wp\/v2\/media?parent=7858"}],"wp:term":[{"taxonomy":"product_brand","embeddable":true,"href":"https:\/\/gmz.ltd\/es\/wp-json\/wp\/v2\/product_brand?post=7858"},{"taxonomy":"product_cat","embeddable":true,"href":"https:\/\/gmz.ltd\/es\/wp-json\/wp\/v2\/product_cat?post=7858"},{"taxonomy":"product_tag","embeddable":true,"href":"https:\/\/gmz.ltd\/es\/wp-json\/wp\/v2\/product_tag?post=7858"}],"curies":[{"name":"wp","href":"https:\/\/api.w.org\/{rel}","templated":true}]}}