{"id":7862,"date":"2023-09-20T03:53:57","date_gmt":"2023-09-20T03:53:57","guid":{"rendered":"https:\/\/gmz.ltd\/product\/vasos-calientes-de-papel-con-pared-ondulada\/"},"modified":"2023-09-20T03:53:57","modified_gmt":"2023-09-20T03:53:57","slug":"vasos-calientes-de-papel-con-pared-ondulada","status":"publish","type":"product","link":"https:\/\/gmz.ltd\/es\/producto\/vasos-calientes-de-papel-con-pared-ondulada\/","title":{"rendered":"Vasos calientes de papel con pared ondulada"},"content":{"rendered":"<p>El tama\u00f1o de la serie de vasos de papel con pared ondulada es de 4oz a 20oz. La capa exterior de papel corrugado hace que el vaso sea m\u00e1s c\u00f3modo de sostener y tiene las mejores propiedades de aislamiento t\u00e9rmico.<\/p>\n","protected":false},"excerpt":{"rendered":"<p>Los vasos de papel con pared ondulada est\u00e1n dise\u00f1ados para mantener tus bebidas calientes y tus manos fr\u00edas. La construcci\u00f3n innovadora cuenta con dos capas de papel de alta calidad, seguro para alimentos, y una capa exterior corrugada que proporciona un aislamiento superior y un agarre c\u00f3modo y antideslizante.<\/p>\n<ul>\n<li>Hecho de papel de grado alimenticio de alta calidad<\/li>\n<li>Cumple con los est\u00e1ndares FCM de la UE para contacto seguro con alimentos<\/li>\n<li>Certificado sin PFAS y no t\u00f3xico<\/li>\n<li>Aislamiento superior para bebidas calientes y fr\u00edas<\/li>\n<li>Dise\u00f1ado para un agarre c\u00f3modo y antideslizante<\/li>\n<li>El papel exterior puede ser de papel kraft<\/li>\n<li>Impresi\u00f3n personalizada de hasta 8 colores en la capa exterior<\/li>\n<li>Seg\u00fan las necesidades, podemos imprimir el c\u00f3digo de lote en el fondo del vaso para rastrear f\u00e1cilmente el vaso a trav\u00e9s del proceso de fabricaci\u00f3n.<\/li>\n<\/ul>\n<p><!-- notionvc: 4ffdda7d-b5c2-480f-800c-dffdd3134de3 --><\/p>\n<p>Cantidad m\u00ednima de pedido para impresi\u00f3n personalizada: 50.000 unidades.<\/p>\n","protected":false},"featured_media":5460,"template":"","meta":{"_joinchat":[]},"product_brand":[],"product_cat":[128,129],"product_tag":[119],"class_list":{"0":"post-7862","1":"product","2":"type-product","3":"status-publish","4":"has-post-thumbnail","6":"product_cat-vasos-de-papel","7":"product_cat-vasos-de-papel-para-bebidas-calientes","8":"product_tag-vasos-y-tapas-para-bebidas-calientes","10":"first","11":"instock","12":"shipping-taxable","13":"product-type-simple"},"acf":[],"yoast_head":"<!-- This site is optimized with the Yoast SEO Premium plugin v22.5 (Yoast SEO v26.6) - https:\/\/yoast.com\/wordpress\/plugins\/seo\/ -->\n<title>Fabricante de vasos de papel con pared ondulada - Vasos de caf\u00e9 calientes personalizados y ecol\u00f3gicos - GMZ<\/title>\n<meta name=\"description\" content=\"GMZ fabrica vasos de papel ondulado personalizables para bebidas calientes, ofreciendo excelente aislamiento y un agarre c\u00f3modo. Hechos de materiales ecol\u00f3gicos, nuestros vasos de papel corrugado son f\u00e1cilmente reciclables y biodegradables. \u00a1Env\u00eda una consulta para tazas de caf\u00e9 corrugado al por mayor hoy mismo!\" \/>\n<meta name=\"robots\" content=\"index, follow, max-snippet:-1, max-image-preview:large, max-video-preview:-1\" \/>\n<link rel=\"canonical\" href=\"https:\/\/gmz.ltd\/es\/producto\/vasos-calientes-de-papel-con-pared-ondulada\/\" \/>\n<meta property=\"og:locale\" content=\"es_ES\" \/>\n<meta property=\"og:type\" content=\"article\" \/>\n<meta property=\"og:title\" content=\"Vasos calientes de papel con pared ondulada\" \/>\n<meta property=\"og:description\" content=\"GMZ fabrica vasos de papel ondulado personalizables para bebidas calientes, ofreciendo excelente aislamiento y un agarre c\u00f3modo. Hechos de materiales ecol\u00f3gicos, nuestros vasos de papel corrugado son f\u00e1cilmente reciclables y biodegradables. \u00a1Env\u00eda una consulta para tazas de caf\u00e9 corrugado al por mayor hoy mismo!\" \/>\n<meta property=\"og:url\" content=\"https:\/\/gmz.ltd\/es\/producto\/vasos-calientes-de-papel-con-pared-ondulada\/\" \/>\n<meta property=\"og:site_name\" content=\"GMZ\" \/>\n<meta property=\"og:image\" content=\"https:\/\/gmz.ltd\/wp-content\/uploads\/2023\/09\/1-4.jpg\" \/>\n\t<meta property=\"og:image:width\" content=\"800\" \/>\n\t<meta property=\"og:image:height\" content=\"800\" \/>\n\t<meta property=\"og:image:type\" content=\"image\/jpeg\" \/>\n<meta name=\"twitter:card\" content=\"summary_large_image\" \/>\n<script type=\"application\/ld+json\" class=\"yoast-schema-graph\">{\"@context\":\"https:\/\/schema.org\",\"@graph\":[{\"@type\":\"WebPage\",\"@id\":\"https:\/\/gmz.ltd\/es\/producto\/vasos-calientes-de-papel-con-pared-ondulada\/\",\"url\":\"https:\/\/gmz.ltd\/es\/producto\/vasos-calientes-de-papel-con-pared-ondulada\/\",\"name\":\"Fabricante de vasos de papel con pared ondulada - Vasos de caf\u00e9 calientes personalizados y ecol\u00f3gicos - GMZ\",\"isPartOf\":{\"@id\":\"https:\/\/gmz.ltd\/es\/#website\"},\"primaryImageOfPage\":{\"@id\":\"https:\/\/gmz.ltd\/es\/producto\/vasos-calientes-de-papel-con-pared-ondulada\/#primaryimage\"},\"image\":{\"@id\":\"https:\/\/gmz.ltd\/es\/producto\/vasos-calientes-de-papel-con-pared-ondulada\/#primaryimage\"},\"thumbnailUrl\":\"https:\/\/gmz.ltd\/wp-content\/uploads\/2023\/09\/1-4.jpg\",\"datePublished\":\"2023-09-20T03:53:57+00:00\",\"description\":\"GMZ fabrica vasos de papel ondulado personalizables para bebidas calientes, ofreciendo excelente aislamiento y un agarre c\u00f3modo. Hechos de materiales ecol\u00f3gicos, nuestros vasos de papel corrugado son f\u00e1cilmente reciclables y biodegradables. \u00a1Env\u00eda una consulta para tazas de caf\u00e9 corrugado al por mayor hoy mismo!\",\"breadcrumb\":{\"@id\":\"https:\/\/gmz.ltd\/es\/producto\/vasos-calientes-de-papel-con-pared-ondulada\/#breadcrumb\"},\"inLanguage\":\"es\",\"potentialAction\":[{\"@type\":\"ReadAction\",\"target\":[\"https:\/\/gmz.ltd\/es\/producto\/vasos-calientes-de-papel-con-pared-ondulada\/\"]}]},{\"@type\":\"ImageObject\",\"inLanguage\":\"es\",\"@id\":\"https:\/\/gmz.ltd\/es\/producto\/vasos-calientes-de-papel-con-pared-ondulada\/#primaryimage\",\"url\":\"https:\/\/gmz.ltd\/wp-content\/uploads\/2023\/09\/1-4.jpg\",\"contentUrl\":\"https:\/\/gmz.ltd\/wp-content\/uploads\/2023\/09\/1-4.jpg\",\"width\":800,\"height\":800,\"caption\":\"Ripple Wall Cup\"},{\"@type\":\"BreadcrumbList\",\"@id\":\"https:\/\/gmz.ltd\/es\/producto\/vasos-calientes-de-papel-con-pared-ondulada\/#breadcrumb\",\"itemListElement\":[{\"@type\":\"ListItem\",\"position\":1,\"name\":\"hogar\",\"item\":\"https:\/\/gmz.ltd\/es\/\"},{\"@type\":\"ListItem\",\"position\":2,\"name\":\"Productos\",\"item\":\"https:\/\/gmz.ltd\/es\/tienda\/\"},{\"@type\":\"ListItem\",\"position\":3,\"name\":\"Vasos calientes de papel con pared ondulada\"}]},{\"@type\":\"WebSite\",\"@id\":\"https:\/\/gmz.ltd\/es\/#website\",\"url\":\"https:\/\/gmz.ltd\/es\/\",\"name\":\"GMZ\",\"description\":\"\",\"publisher\":{\"@id\":\"https:\/\/gmz.ltd\/es\/#organization\"},\"potentialAction\":[{\"@type\":\"SearchAction\",\"target\":{\"@type\":\"EntryPoint\",\"urlTemplate\":\"https:\/\/gmz.ltd\/es\/?s={search_term_string}\"},\"query-input\":{\"@type\":\"PropertyValueSpecification\",\"valueRequired\":true,\"valueName\":\"search_term_string\"}}],\"inLanguage\":\"es\"},{\"@type\":\"Organization\",\"@id\":\"https:\/\/gmz.ltd\/es\/#organization\",\"name\":\"GMZ\",\"url\":\"https:\/\/gmz.ltd\/es\/\",\"logo\":{\"@type\":\"ImageObject\",\"inLanguage\":\"es\",\"@id\":\"https:\/\/gmz.ltd\/es\/#\/schema\/logo\/image\/\",\"url\":\"https:\/\/gmz.ltd\/wp-content\/uploads\/2024\/11\/gmzpack.svg\",\"contentUrl\":\"https:\/\/gmz.ltd\/wp-content\/uploads\/2024\/11\/gmzpack.svg\",\"width\":170,\"height\":79,\"caption\":\"GMZ\"},\"image\":{\"@id\":\"https:\/\/gmz.ltd\/es\/#\/schema\/logo\/image\/\"}}]}<\/script>\n<!-- \/ Yoast SEO Premium plugin. -->","yoast_head_json":{"title":"Fabricante de vasos de papel con pared ondulada - Vasos de caf\u00e9 calientes personalizados y ecol\u00f3gicos - GMZ","description":"GMZ fabrica vasos de papel ondulado personalizables para bebidas calientes, ofreciendo excelente aislamiento y un agarre c\u00f3modo. Hechos de materiales ecol\u00f3gicos, nuestros vasos de papel corrugado son f\u00e1cilmente reciclables y biodegradables. \u00a1Env\u00eda una consulta para tazas de caf\u00e9 corrugado al por mayor hoy mismo!","robots":{"index":"index","follow":"follow","max-snippet":"max-snippet:-1","max-image-preview":"max-image-preview:large","max-video-preview":"max-video-preview:-1"},"canonical":"https:\/\/gmz.ltd\/es\/producto\/vasos-calientes-de-papel-con-pared-ondulada\/","og_locale":"es_ES","og_type":"article","og_title":"Vasos calientes de papel con pared ondulada","og_description":"GMZ fabrica vasos de papel ondulado personalizables para bebidas calientes, ofreciendo excelente aislamiento y un agarre c\u00f3modo. Hechos de materiales ecol\u00f3gicos, nuestros vasos de papel corrugado son f\u00e1cilmente reciclables y biodegradables. \u00a1Env\u00eda una consulta para tazas de caf\u00e9 corrugado al por mayor hoy mismo!","og_url":"https:\/\/gmz.ltd\/es\/producto\/vasos-calientes-de-papel-con-pared-ondulada\/","og_site_name":"GMZ","og_image":[{"width":800,"height":800,"url":"https:\/\/gmz.ltd\/wp-content\/uploads\/2023\/09\/1-4.jpg","type":"image\/jpeg"}],"twitter_card":"summary_large_image","schema":{"@context":"https:\/\/schema.org","@graph":[{"@type":"WebPage","@id":"https:\/\/gmz.ltd\/es\/producto\/vasos-calientes-de-papel-con-pared-ondulada\/","url":"https:\/\/gmz.ltd\/es\/producto\/vasos-calientes-de-papel-con-pared-ondulada\/","name":"Fabricante de vasos de papel con pared ondulada - Vasos de caf\u00e9 calientes personalizados y ecol\u00f3gicos - GMZ","isPartOf":{"@id":"https:\/\/gmz.ltd\/es\/#website"},"primaryImageOfPage":{"@id":"https:\/\/gmz.ltd\/es\/producto\/vasos-calientes-de-papel-con-pared-ondulada\/#primaryimage"},"image":{"@id":"https:\/\/gmz.ltd\/es\/producto\/vasos-calientes-de-papel-con-pared-ondulada\/#primaryimage"},"thumbnailUrl":"https:\/\/gmz.ltd\/wp-content\/uploads\/2023\/09\/1-4.jpg","datePublished":"2023-09-20T03:53:57+00:00","description":"GMZ fabrica vasos de papel ondulado personalizables para bebidas calientes, ofreciendo excelente aislamiento y un agarre c\u00f3modo. Hechos de materiales ecol\u00f3gicos, nuestros vasos de papel corrugado son f\u00e1cilmente reciclables y biodegradables. \u00a1Env\u00eda una consulta para tazas de caf\u00e9 corrugado al por mayor hoy mismo!","breadcrumb":{"@id":"https:\/\/gmz.ltd\/es\/producto\/vasos-calientes-de-papel-con-pared-ondulada\/#breadcrumb"},"inLanguage":"es","potentialAction":[{"@type":"ReadAction","target":["https:\/\/gmz.ltd\/es\/producto\/vasos-calientes-de-papel-con-pared-ondulada\/"]}]},{"@type":"ImageObject","inLanguage":"es","@id":"https:\/\/gmz.ltd\/es\/producto\/vasos-calientes-de-papel-con-pared-ondulada\/#primaryimage","url":"https:\/\/gmz.ltd\/wp-content\/uploads\/2023\/09\/1-4.jpg","contentUrl":"https:\/\/gmz.ltd\/wp-content\/uploads\/2023\/09\/1-4.jpg","width":800,"height":800,"caption":"Ripple Wall Cup"},{"@type":"BreadcrumbList","@id":"https:\/\/gmz.ltd\/es\/producto\/vasos-calientes-de-papel-con-pared-ondulada\/#breadcrumb","itemListElement":[{"@type":"ListItem","position":1,"name":"hogar","item":"https:\/\/gmz.ltd\/es\/"},{"@type":"ListItem","position":2,"name":"Productos","item":"https:\/\/gmz.ltd\/es\/tienda\/"},{"@type":"ListItem","position":3,"name":"Vasos calientes de papel con pared ondulada"}]},{"@type":"WebSite","@id":"https:\/\/gmz.ltd\/es\/#website","url":"https:\/\/gmz.ltd\/es\/","name":"GMZ","description":"","publisher":{"@id":"https:\/\/gmz.ltd\/es\/#organization"},"potentialAction":[{"@type":"SearchAction","target":{"@type":"EntryPoint","urlTemplate":"https:\/\/gmz.ltd\/es\/?s={search_term_string}"},"query-input":{"@type":"PropertyValueSpecification","valueRequired":true,"valueName":"search_term_string"}}],"inLanguage":"es"},{"@type":"Organization","@id":"https:\/\/gmz.ltd\/es\/#organization","name":"GMZ","url":"https:\/\/gmz.ltd\/es\/","logo":{"@type":"ImageObject","inLanguage":"es","@id":"https:\/\/gmz.ltd\/es\/#\/schema\/logo\/image\/","url":"https:\/\/gmz.ltd\/wp-content\/uploads\/2024\/11\/gmzpack.svg","contentUrl":"https:\/\/gmz.ltd\/wp-content\/uploads\/2024\/11\/gmzpack.svg","width":170,"height":79,"caption":"GMZ"},"image":{"@id":"https:\/\/gmz.ltd\/es\/#\/schema\/logo\/image\/"}}]}},"_links":{"self":[{"href":"https:\/\/gmz.ltd\/es\/wp-json\/wp\/v2\/product\/7862","targetHints":{"allow":["GET"]}}],"collection":[{"href":"https:\/\/gmz.ltd\/es\/wp-json\/wp\/v2\/product"}],"about":[{"href":"https:\/\/gmz.ltd\/es\/wp-json\/wp\/v2\/types\/product"}],"version-history":[{"count":0,"href":"https:\/\/gmz.ltd\/es\/wp-json\/wp\/v2\/product\/7862\/revisions"}],"wp:featuredmedia":[{"embeddable":true,"href":"https:\/\/gmz.ltd\/es\/wp-json\/wp\/v2\/media\/5460"}],"wp:attachment":[{"href":"https:\/\/gmz.ltd\/es\/wp-json\/wp\/v2\/media?parent=7862"}],"wp:term":[{"taxonomy":"product_brand","embeddable":true,"href":"https:\/\/gmz.ltd\/es\/wp-json\/wp\/v2\/product_brand?post=7862"},{"taxonomy":"product_cat","embeddable":true,"href":"https:\/\/gmz.ltd\/es\/wp-json\/wp\/v2\/product_cat?post=7862"},{"taxonomy":"product_tag","embeddable":true,"href":"https:\/\/gmz.ltd\/es\/wp-json\/wp\/v2\/product_tag?post=7862"}],"curies":[{"name":"wp","href":"https:\/\/api.w.org\/{rel}","templated":true}]}}