{"id":7866,"date":"2024-06-20T03:52:24","date_gmt":"2024-06-20T03:52:24","guid":{"rendered":"https:\/\/gmz.ltd\/product\/vasos-calientes-de-papel-de-doble-pared\/"},"modified":"2023-09-20T03:52:24","modified_gmt":"2023-09-20T03:52:24","slug":"vasos-calientes-de-papel-de-doble-pared","status":"publish","type":"product","link":"https:\/\/gmz.ltd\/es\/producto\/vasos-calientes-de-papel-de-doble-pared\/","title":{"rendered":"Vasos calientes de papel de doble pared"},"content":{"rendered":"<p>El tama\u00f1o de la serie de vasos de papel de doble pared va de 4oz a 20oz, lo que proporciona una mejor funci\u00f3n de aislamiento t\u00e9rmico que los vasos de pared simple.<\/p>\n","protected":false},"excerpt":{"rendered":"<p>Los <strong>vasos de papel de doble pared<\/strong> est\u00e1n dise\u00f1ados con dos capas de papel para proporcionar mejor aislamiento que los vasos de pared simple. Disponibles en tama\u00f1os de 4oz a 20oz, nuestros <strong>vasos de doble pared<\/strong> son perfectos para una variedad de bebidas en su men\u00fa.<\/p>\n<ul>\n<li>Hecho de papel de grado alimenticio de alta calidad<\/li>\n<li>Excelente aislamiento para mantener las bebidas calientes<\/li>\n<li>Cumple con los est\u00e1ndares FCM de la UE para contacto seguro con alimentos<\/li>\n<li>Pas\u00f3 las pruebas libres de PFAS, se prob\u00f3 que no es t\u00f3xico<\/li>\n<li>Impresi\u00f3n personalizada de hasta 8 colores en la capa exterior<\/li>\n<li>El papel exterior puede ser de papel kraft<\/li>\n<li>Seg\u00fan las necesidades, podemos imprimir el c\u00f3digo de lote en el fondo del vaso para rastrear f\u00e1cilmente el vaso a trav\u00e9s del proceso de fabricaci\u00f3n.<\/li>\n<\/ul>\n<p>Cantidad m\u00ednima de pedido para impresi\u00f3n personalizada: 50.000 unidades.<\/p>\n","protected":false},"featured_media":5748,"template":"","meta":{"_joinchat":[]},"product_brand":[],"product_cat":[128,129],"product_tag":[119],"class_list":{"0":"post-7866","1":"product","2":"type-product","3":"status-publish","4":"has-post-thumbnail","6":"product_cat-vasos-de-papel","7":"product_cat-vasos-de-papel-para-bebidas-calientes","8":"product_tag-vasos-y-tapas-para-bebidas-calientes","10":"first","11":"instock","12":"shipping-taxable","13":"product-type-simple"},"acf":[],"yoast_head":"<!-- This site is optimized with the Yoast SEO Premium plugin v22.5 (Yoast SEO v26.6) - https:\/\/yoast.com\/wordpress\/plugins\/seo\/ -->\n<title>Fabricante de vasos de papel de doble pared - Vasos de caf\u00e9 calientes personalizados al por mayor - GMZ<\/title>\n<meta name=\"description\" content=\"GMZ es su fabricante y proveedor de confianza de vasos de papel de doble pared en China. Descubre tazas de caf\u00e9 personalizadas al por mayor con tu logo o marca, disponibles en tama\u00f1os de 8oz, 12oz a 16oz y m\u00e1s. \u00a1Env\u00eda una consulta hoy mismo!\" \/>\n<meta name=\"robots\" content=\"index, follow, max-snippet:-1, max-image-preview:large, max-video-preview:-1\" \/>\n<link rel=\"canonical\" href=\"https:\/\/gmz.ltd\/es\/producto\/vasos-calientes-de-papel-de-doble-pared\/\" \/>\n<meta property=\"og:locale\" content=\"es_ES\" \/>\n<meta property=\"og:type\" content=\"article\" \/>\n<meta property=\"og:title\" content=\"Vasos calientes de papel de doble pared\" \/>\n<meta property=\"og:description\" content=\"GMZ es su fabricante y proveedor de confianza de vasos de papel de doble pared en China. Descubre tazas de caf\u00e9 personalizadas al por mayor con tu logo o marca, disponibles en tama\u00f1os de 8oz, 12oz a 16oz y m\u00e1s. \u00a1Env\u00eda una consulta hoy mismo!\" \/>\n<meta property=\"og:url\" content=\"https:\/\/gmz.ltd\/es\/producto\/vasos-calientes-de-papel-de-doble-pared\/\" \/>\n<meta property=\"og:site_name\" content=\"GMZ\" \/>\n<meta property=\"og:image\" content=\"https:\/\/gmz.ltd\/wp-content\/uploads\/2023\/09\/DW-1-2.jpg\" \/>\n\t<meta property=\"og:image:width\" content=\"1000\" \/>\n\t<meta property=\"og:image:height\" content=\"1000\" \/>\n\t<meta property=\"og:image:type\" content=\"image\/jpeg\" \/>\n<meta name=\"twitter:card\" content=\"summary_large_image\" \/>\n<script type=\"application\/ld+json\" class=\"yoast-schema-graph\">{\"@context\":\"https:\/\/schema.org\",\"@graph\":[{\"@type\":\"WebPage\",\"@id\":\"https:\/\/gmz.ltd\/es\/producto\/vasos-calientes-de-papel-de-doble-pared\/\",\"url\":\"https:\/\/gmz.ltd\/es\/producto\/vasos-calientes-de-papel-de-doble-pared\/\",\"name\":\"Fabricante de vasos de papel de doble pared - Vasos de caf\u00e9 calientes personalizados al por mayor - GMZ\",\"isPartOf\":{\"@id\":\"https:\/\/gmz.ltd\/es\/#website\"},\"primaryImageOfPage\":{\"@id\":\"https:\/\/gmz.ltd\/es\/producto\/vasos-calientes-de-papel-de-doble-pared\/#primaryimage\"},\"image\":{\"@id\":\"https:\/\/gmz.ltd\/es\/producto\/vasos-calientes-de-papel-de-doble-pared\/#primaryimage\"},\"thumbnailUrl\":\"https:\/\/gmz.ltd\/wp-content\/uploads\/2023\/09\/DW-1-2.jpg\",\"datePublished\":\"2024-06-20T03:52:24+00:00\",\"description\":\"GMZ es su fabricante y proveedor de confianza de vasos de papel de doble pared en China. Descubre tazas de caf\u00e9 personalizadas al por mayor con tu logo o marca, disponibles en tama\u00f1os de 8oz, 12oz a 16oz y m\u00e1s. \u00a1Env\u00eda una consulta hoy mismo!\",\"breadcrumb\":{\"@id\":\"https:\/\/gmz.ltd\/es\/producto\/vasos-calientes-de-papel-de-doble-pared\/#breadcrumb\"},\"inLanguage\":\"es\",\"potentialAction\":[{\"@type\":\"ReadAction\",\"target\":[\"https:\/\/gmz.ltd\/es\/producto\/vasos-calientes-de-papel-de-doble-pared\/\"]}]},{\"@type\":\"ImageObject\",\"inLanguage\":\"es\",\"@id\":\"https:\/\/gmz.ltd\/es\/producto\/vasos-calientes-de-papel-de-doble-pared\/#primaryimage\",\"url\":\"https:\/\/gmz.ltd\/wp-content\/uploads\/2023\/09\/DW-1-2.jpg\",\"contentUrl\":\"https:\/\/gmz.ltd\/wp-content\/uploads\/2023\/09\/DW-1-2.jpg\",\"width\":1000,\"height\":1000},{\"@type\":\"BreadcrumbList\",\"@id\":\"https:\/\/gmz.ltd\/es\/producto\/vasos-calientes-de-papel-de-doble-pared\/#breadcrumb\",\"itemListElement\":[{\"@type\":\"ListItem\",\"position\":1,\"name\":\"hogar\",\"item\":\"https:\/\/gmz.ltd\/es\/\"},{\"@type\":\"ListItem\",\"position\":2,\"name\":\"Productos\",\"item\":\"https:\/\/gmz.ltd\/es\/tienda\/\"},{\"@type\":\"ListItem\",\"position\":3,\"name\":\"Vasos calientes de papel de doble pared\"}]},{\"@type\":\"WebSite\",\"@id\":\"https:\/\/gmz.ltd\/es\/#website\",\"url\":\"https:\/\/gmz.ltd\/es\/\",\"name\":\"GMZ\",\"description\":\"\",\"publisher\":{\"@id\":\"https:\/\/gmz.ltd\/es\/#organization\"},\"potentialAction\":[{\"@type\":\"SearchAction\",\"target\":{\"@type\":\"EntryPoint\",\"urlTemplate\":\"https:\/\/gmz.ltd\/es\/?s={search_term_string}\"},\"query-input\":{\"@type\":\"PropertyValueSpecification\",\"valueRequired\":true,\"valueName\":\"search_term_string\"}}],\"inLanguage\":\"es\"},{\"@type\":\"Organization\",\"@id\":\"https:\/\/gmz.ltd\/es\/#organization\",\"name\":\"GMZ\",\"url\":\"https:\/\/gmz.ltd\/es\/\",\"logo\":{\"@type\":\"ImageObject\",\"inLanguage\":\"es\",\"@id\":\"https:\/\/gmz.ltd\/es\/#\/schema\/logo\/image\/\",\"url\":\"https:\/\/gmz.ltd\/wp-content\/uploads\/2024\/11\/gmzpack.svg\",\"contentUrl\":\"https:\/\/gmz.ltd\/wp-content\/uploads\/2024\/11\/gmzpack.svg\",\"width\":170,\"height\":79,\"caption\":\"GMZ\"},\"image\":{\"@id\":\"https:\/\/gmz.ltd\/es\/#\/schema\/logo\/image\/\"}}]}<\/script>\n<!-- \/ Yoast SEO Premium plugin. -->","yoast_head_json":{"title":"Fabricante de vasos de papel de doble pared - Vasos de caf\u00e9 calientes personalizados al por mayor - GMZ","description":"GMZ es su fabricante y proveedor de confianza de vasos de papel de doble pared en China. Descubre tazas de caf\u00e9 personalizadas al por mayor con tu logo o marca, disponibles en tama\u00f1os de 8oz, 12oz a 16oz y m\u00e1s. \u00a1Env\u00eda una consulta hoy mismo!","robots":{"index":"index","follow":"follow","max-snippet":"max-snippet:-1","max-image-preview":"max-image-preview:large","max-video-preview":"max-video-preview:-1"},"canonical":"https:\/\/gmz.ltd\/es\/producto\/vasos-calientes-de-papel-de-doble-pared\/","og_locale":"es_ES","og_type":"article","og_title":"Vasos calientes de papel de doble pared","og_description":"GMZ es su fabricante y proveedor de confianza de vasos de papel de doble pared en China. Descubre tazas de caf\u00e9 personalizadas al por mayor con tu logo o marca, disponibles en tama\u00f1os de 8oz, 12oz a 16oz y m\u00e1s. \u00a1Env\u00eda una consulta hoy mismo!","og_url":"https:\/\/gmz.ltd\/es\/producto\/vasos-calientes-de-papel-de-doble-pared\/","og_site_name":"GMZ","og_image":[{"width":1000,"height":1000,"url":"https:\/\/gmz.ltd\/wp-content\/uploads\/2023\/09\/DW-1-2.jpg","type":"image\/jpeg"}],"twitter_card":"summary_large_image","schema":{"@context":"https:\/\/schema.org","@graph":[{"@type":"WebPage","@id":"https:\/\/gmz.ltd\/es\/producto\/vasos-calientes-de-papel-de-doble-pared\/","url":"https:\/\/gmz.ltd\/es\/producto\/vasos-calientes-de-papel-de-doble-pared\/","name":"Fabricante de vasos de papel de doble pared - Vasos de caf\u00e9 calientes personalizados al por mayor - GMZ","isPartOf":{"@id":"https:\/\/gmz.ltd\/es\/#website"},"primaryImageOfPage":{"@id":"https:\/\/gmz.ltd\/es\/producto\/vasos-calientes-de-papel-de-doble-pared\/#primaryimage"},"image":{"@id":"https:\/\/gmz.ltd\/es\/producto\/vasos-calientes-de-papel-de-doble-pared\/#primaryimage"},"thumbnailUrl":"https:\/\/gmz.ltd\/wp-content\/uploads\/2023\/09\/DW-1-2.jpg","datePublished":"2024-06-20T03:52:24+00:00","description":"GMZ es su fabricante y proveedor de confianza de vasos de papel de doble pared en China. Descubre tazas de caf\u00e9 personalizadas al por mayor con tu logo o marca, disponibles en tama\u00f1os de 8oz, 12oz a 16oz y m\u00e1s. \u00a1Env\u00eda una consulta hoy mismo!","breadcrumb":{"@id":"https:\/\/gmz.ltd\/es\/producto\/vasos-calientes-de-papel-de-doble-pared\/#breadcrumb"},"inLanguage":"es","potentialAction":[{"@type":"ReadAction","target":["https:\/\/gmz.ltd\/es\/producto\/vasos-calientes-de-papel-de-doble-pared\/"]}]},{"@type":"ImageObject","inLanguage":"es","@id":"https:\/\/gmz.ltd\/es\/producto\/vasos-calientes-de-papel-de-doble-pared\/#primaryimage","url":"https:\/\/gmz.ltd\/wp-content\/uploads\/2023\/09\/DW-1-2.jpg","contentUrl":"https:\/\/gmz.ltd\/wp-content\/uploads\/2023\/09\/DW-1-2.jpg","width":1000,"height":1000},{"@type":"BreadcrumbList","@id":"https:\/\/gmz.ltd\/es\/producto\/vasos-calientes-de-papel-de-doble-pared\/#breadcrumb","itemListElement":[{"@type":"ListItem","position":1,"name":"hogar","item":"https:\/\/gmz.ltd\/es\/"},{"@type":"ListItem","position":2,"name":"Productos","item":"https:\/\/gmz.ltd\/es\/tienda\/"},{"@type":"ListItem","position":3,"name":"Vasos calientes de papel de doble pared"}]},{"@type":"WebSite","@id":"https:\/\/gmz.ltd\/es\/#website","url":"https:\/\/gmz.ltd\/es\/","name":"GMZ","description":"","publisher":{"@id":"https:\/\/gmz.ltd\/es\/#organization"},"potentialAction":[{"@type":"SearchAction","target":{"@type":"EntryPoint","urlTemplate":"https:\/\/gmz.ltd\/es\/?s={search_term_string}"},"query-input":{"@type":"PropertyValueSpecification","valueRequired":true,"valueName":"search_term_string"}}],"inLanguage":"es"},{"@type":"Organization","@id":"https:\/\/gmz.ltd\/es\/#organization","name":"GMZ","url":"https:\/\/gmz.ltd\/es\/","logo":{"@type":"ImageObject","inLanguage":"es","@id":"https:\/\/gmz.ltd\/es\/#\/schema\/logo\/image\/","url":"https:\/\/gmz.ltd\/wp-content\/uploads\/2024\/11\/gmzpack.svg","contentUrl":"https:\/\/gmz.ltd\/wp-content\/uploads\/2024\/11\/gmzpack.svg","width":170,"height":79,"caption":"GMZ"},"image":{"@id":"https:\/\/gmz.ltd\/es\/#\/schema\/logo\/image\/"}}]}},"_links":{"self":[{"href":"https:\/\/gmz.ltd\/es\/wp-json\/wp\/v2\/product\/7866","targetHints":{"allow":["GET"]}}],"collection":[{"href":"https:\/\/gmz.ltd\/es\/wp-json\/wp\/v2\/product"}],"about":[{"href":"https:\/\/gmz.ltd\/es\/wp-json\/wp\/v2\/types\/product"}],"version-history":[{"count":0,"href":"https:\/\/gmz.ltd\/es\/wp-json\/wp\/v2\/product\/7866\/revisions"}],"wp:featuredmedia":[{"embeddable":true,"href":"https:\/\/gmz.ltd\/es\/wp-json\/wp\/v2\/media\/5748"}],"wp:attachment":[{"href":"https:\/\/gmz.ltd\/es\/wp-json\/wp\/v2\/media?parent=7866"}],"wp:term":[{"taxonomy":"product_brand","embeddable":true,"href":"https:\/\/gmz.ltd\/es\/wp-json\/wp\/v2\/product_brand?post=7866"},{"taxonomy":"product_cat","embeddable":true,"href":"https:\/\/gmz.ltd\/es\/wp-json\/wp\/v2\/product_cat?post=7866"},{"taxonomy":"product_tag","embeddable":true,"href":"https:\/\/gmz.ltd\/es\/wp-json\/wp\/v2\/product_tag?post=7866"}],"curies":[{"name":"wp","href":"https:\/\/api.w.org\/{rel}","templated":true}]}}