{"id":19894,"date":"2025-07-10T06:01:25","date_gmt":"2025-07-10T06:01:25","guid":{"rendered":"https:\/\/gmz.ltd\/merci-pour-le-telechargement-du-catalogue\/"},"modified":"2025-07-10T10:35:16","modified_gmt":"2025-07-10T10:35:16","slug":"merci-pour-le-telechargement-du-catalogue","status":"publish","type":"page","link":"https:\/\/gmz.ltd\/fr\/merci-pour-le-telechargement-du-catalogue\/","title":{"rendered":"Merci pour le t\u00e9l\u00e9chargement du catalogue"},"content":{"rendered":"\t\t<div data-elementor-type=\"wp-page\" data-elementor-id=\"19894\" class=\"elementor elementor-19894 elementor-19844\" data-elementor-settings=\"{&quot;ha_cmc_init_switcher&quot;:&quot;no&quot;}\" data-elementor-post-type=\"page\">\n\t\t\t\t<div class=\"elementor-element elementor-element-9ac2203 e-flex e-con-boxed e-con e-parent\" data-id=\"9ac2203\" data-element_type=\"container\" data-settings=\"{&quot;_ha_eqh_enable&quot;:false}\">\n\t\t\t\t\t<div class=\"e-con-inner\">\n\t\t\t\t<div class=\"elementor-element elementor-element-4deb3d1 elementor-widget elementor-widget-heading\" data-id=\"4deb3d1\" data-element_type=\"widget\" data-widget_type=\"heading.default\">\n\t\t\t\t<div class=\"elementor-widget-container\">\n\t\t\t\t\t<h1 class=\"elementor-heading-title elementor-size-default\">Merci !<\/h1>\t\t\t\t<\/div>\n\t\t\t\t<\/div>\n\t\t\t\t<div class=\"elementor-element elementor-element-561fe41 elementor-widget elementor-widget-text-editor\" data-id=\"561fe41\" data-element_type=\"widget\" data-widget_type=\"text-editor.default\">\n\t\t\t\t<div class=\"elementor-widget-container\">\n\t\t\t\t\t\t\t\t\t<p>T\u00e9l\u00e9chargez le catalogue <a href=\"https:\/\/gmz.ltd\/wp-content\/uploads\/2025\/02\/GMZ_Pack_Product_Catalog_V1s.pdf\" target=\"_blank\" rel=\"noopener\">ici<\/a><\/p>\t\t\t\t\t\t\t\t<\/div>\n\t\t\t\t<\/div>\n\t\t\t\t<div class=\"elementor-element elementor-element-257b961 elementor-widget elementor-widget-button\" data-id=\"257b961\" data-element_type=\"widget\" data-widget_type=\"button.default\">\n\t\t\t\t<div class=\"elementor-widget-container\">\n\t\t\t\t\t\t\t\t\t<div class=\"elementor-button-wrapper\">\n\t\t\t\t\t<a class=\"elementor-button elementor-button-link elementor-size-md\" href=\"https:\/\/gmz.ltd\/wp-content\/uploads\/2025\/02\/GMZ_Pack_Product_Catalog_V1s.pdf\" target=\"_blank\">\n\t\t\t\t\t\t<span class=\"elementor-button-content-wrapper\">\n\t\t\t\t\t\t<span class=\"elementor-button-icon\">\n\t\t\t\t<svg xmlns=\"http:\/\/www.w3.org\/2000\/svg\" width=\"24\" height=\"24\" viewBox=\"0 0 24 24\" fill=\"none\"><path d=\"M5.83885 10.1355C3.63738 10.659 2 12.6383 2 15C2 17.7614 4.23857 20 7 20C7.4737 20 7.932 19.9341 8.36625 19.811\" stroke=\"white\" stroke-width=\"1.5\" stroke-linecap=\"round\" stroke-linejoin=\"round\"><\/path><path d=\"M18.0274 10.1355C20.2289 10.659 21.8662 12.6383 21.8662 15C21.8662 17.7614 19.6277 20 16.8662 20C16.3925 20 15.9342 19.9341 15.5 19.811\" stroke=\"white\" stroke-width=\"1.5\" stroke-linecap=\"round\" stroke-linejoin=\"round\"><\/path><path d=\"M18 10C18 6.6863 15.3137 4 12 4C8.6863 4 6 6.6863 6 10\" stroke=\"white\" stroke-width=\"1.5\" stroke-linecap=\"round\" stroke-linejoin=\"round\"><\/path><path d=\"M8.5332 15.0595L12.0005 18.5382L15.5664 15\" stroke=\"white\" stroke-width=\"1.5\" stroke-linecap=\"round\" stroke-linejoin=\"round\"><\/path><path d=\"M12 10V16.7691\" stroke=\"white\" stroke-width=\"1.5\" stroke-linecap=\"round\" stroke-linejoin=\"round\"><\/path><\/svg>\t\t\t<\/span>\n\t\t\t\t\t\t\t\t\t<span class=\"elementor-button-text\">T\u00e9l\u00e9charger le PDF<\/span>\n\t\t\t\t\t<\/span>\n\t\t\t\t\t<\/a>\n\t\t\t\t<\/div>\n\t\t\t\t\t\t\t\t<\/div>\n\t\t\t\t<\/div>\n\t\t\t\t\t<\/div>\n\t\t\t\t<\/div>\n\t\t\t\t<\/div>\n\t\t","protected":false},"excerpt":{"rendered":"<p>Merci ! T\u00e9l\u00e9chargez le catalogue ici T\u00e9l\u00e9charger le PDF<\/p>\n","protected":false},"author":1,"featured_media":0,"parent":0,"menu_order":0,"comment_status":"closed","ping_status":"closed","template":"","meta":{"_joinchat":[],"footnotes":""},"class_list":["post-19894","page","type-page","status-publish","hentry"],"blocksy_meta":{"has_hero_section":"disabled","vertical_spacing_source":"custom","content_area_spacing":"both","styles_descriptor":{"styles":{"desktop":"","tablet":"","mobile":""},"google_fonts":[],"version":6}},"acf":[],"yoast_head":"<!-- This site is optimized with the Yoast SEO Premium plugin v22.5 (Yoast SEO v26.6) - https:\/\/yoast.com\/wordpress\/plugins\/seo\/ -->\n<title>Merci pour le t\u00e9l\u00e9chargement du catalogue - GMZ<\/title>\n<meta name=\"robots\" content=\"index, follow, max-snippet:-1, max-image-preview:large, max-video-preview:-1\" \/>\n<link rel=\"canonical\" href=\"https:\/\/gmz.ltd\/fr\/merci-pour-le-telechargement-du-catalogue\/\" \/>\n<meta property=\"og:locale\" content=\"fr_FR\" \/>\n<meta property=\"og:type\" content=\"article\" \/>\n<meta property=\"og:title\" content=\"Merci pour le t\u00e9l\u00e9chargement du catalogue\" \/>\n<meta property=\"og:description\" content=\"Merci ! T\u00e9l\u00e9chargez le catalogue ici T\u00e9l\u00e9charger le PDF\" \/>\n<meta property=\"og:url\" content=\"https:\/\/gmz.ltd\/fr\/merci-pour-le-telechargement-du-catalogue\/\" \/>\n<meta property=\"og:site_name\" content=\"GMZ\" \/>\n<meta property=\"article:modified_time\" content=\"2025-07-10T10:35:16+00:00\" \/>\n<meta name=\"twitter:card\" content=\"summary_large_image\" \/>\n<script type=\"application\/ld+json\" class=\"yoast-schema-graph\">{\"@context\":\"https:\/\/schema.org\",\"@graph\":[{\"@type\":\"WebPage\",\"@id\":\"https:\/\/gmz.ltd\/fr\/merci-pour-le-telechargement-du-catalogue\/\",\"url\":\"https:\/\/gmz.ltd\/fr\/merci-pour-le-telechargement-du-catalogue\/\",\"name\":\"Merci pour le t\u00e9l\u00e9chargement du catalogue - GMZ\",\"isPartOf\":{\"@id\":\"https:\/\/gmz.ltd\/fr\/#website\"},\"datePublished\":\"2025-07-10T06:01:25+00:00\",\"dateModified\":\"2025-07-10T10:35:16+00:00\",\"breadcrumb\":{\"@id\":\"https:\/\/gmz.ltd\/fr\/merci-pour-le-telechargement-du-catalogue\/#breadcrumb\"},\"inLanguage\":\"fr-FR\",\"potentialAction\":[{\"@type\":\"ReadAction\",\"target\":[\"https:\/\/gmz.ltd\/fr\/merci-pour-le-telechargement-du-catalogue\/\"]}]},{\"@type\":\"BreadcrumbList\",\"@id\":\"https:\/\/gmz.ltd\/fr\/merci-pour-le-telechargement-du-catalogue\/#breadcrumb\",\"itemListElement\":[{\"@type\":\"ListItem\",\"position\":1,\"name\":\"maison\",\"item\":\"https:\/\/gmz.ltd\/fr\/\"},{\"@type\":\"ListItem\",\"position\":2,\"name\":\"Merci pour le t\u00e9l\u00e9chargement du catalogue\"}]},{\"@type\":\"WebSite\",\"@id\":\"https:\/\/gmz.ltd\/fr\/#website\",\"url\":\"https:\/\/gmz.ltd\/fr\/\",\"name\":\"GMZ\",\"description\":\"\",\"publisher\":{\"@id\":\"https:\/\/gmz.ltd\/fr\/#organization\"},\"potentialAction\":[{\"@type\":\"SearchAction\",\"target\":{\"@type\":\"EntryPoint\",\"urlTemplate\":\"https:\/\/gmz.ltd\/fr\/?s={search_term_string}\"},\"query-input\":{\"@type\":\"PropertyValueSpecification\",\"valueRequired\":true,\"valueName\":\"search_term_string\"}}],\"inLanguage\":\"fr-FR\"},{\"@type\":\"Organization\",\"@id\":\"https:\/\/gmz.ltd\/fr\/#organization\",\"name\":\"GMZ\",\"url\":\"https:\/\/gmz.ltd\/fr\/\",\"logo\":{\"@type\":\"ImageObject\",\"inLanguage\":\"fr-FR\",\"@id\":\"https:\/\/gmz.ltd\/fr\/#\/schema\/logo\/image\/\",\"url\":\"https:\/\/gmz.ltd\/wp-content\/uploads\/2024\/11\/gmzpack.svg\",\"contentUrl\":\"https:\/\/gmz.ltd\/wp-content\/uploads\/2024\/11\/gmzpack.svg\",\"width\":170,\"height\":79,\"caption\":\"GMZ\"},\"image\":{\"@id\":\"https:\/\/gmz.ltd\/fr\/#\/schema\/logo\/image\/\"}}]}<\/script>\n<!-- \/ Yoast SEO Premium plugin. -->","yoast_head_json":{"title":"Merci pour le t\u00e9l\u00e9chargement du catalogue - GMZ","robots":{"index":"index","follow":"follow","max-snippet":"max-snippet:-1","max-image-preview":"max-image-preview:large","max-video-preview":"max-video-preview:-1"},"canonical":"https:\/\/gmz.ltd\/fr\/merci-pour-le-telechargement-du-catalogue\/","og_locale":"fr_FR","og_type":"article","og_title":"Merci pour le t\u00e9l\u00e9chargement du catalogue","og_description":"Merci ! T\u00e9l\u00e9chargez le catalogue ici T\u00e9l\u00e9charger le PDF","og_url":"https:\/\/gmz.ltd\/fr\/merci-pour-le-telechargement-du-catalogue\/","og_site_name":"GMZ","article_modified_time":"2025-07-10T10:35:16+00:00","twitter_card":"summary_large_image","schema":{"@context":"https:\/\/schema.org","@graph":[{"@type":"WebPage","@id":"https:\/\/gmz.ltd\/fr\/merci-pour-le-telechargement-du-catalogue\/","url":"https:\/\/gmz.ltd\/fr\/merci-pour-le-telechargement-du-catalogue\/","name":"Merci pour le t\u00e9l\u00e9chargement du catalogue - GMZ","isPartOf":{"@id":"https:\/\/gmz.ltd\/fr\/#website"},"datePublished":"2025-07-10T06:01:25+00:00","dateModified":"2025-07-10T10:35:16+00:00","breadcrumb":{"@id":"https:\/\/gmz.ltd\/fr\/merci-pour-le-telechargement-du-catalogue\/#breadcrumb"},"inLanguage":"fr-FR","potentialAction":[{"@type":"ReadAction","target":["https:\/\/gmz.ltd\/fr\/merci-pour-le-telechargement-du-catalogue\/"]}]},{"@type":"BreadcrumbList","@id":"https:\/\/gmz.ltd\/fr\/merci-pour-le-telechargement-du-catalogue\/#breadcrumb","itemListElement":[{"@type":"ListItem","position":1,"name":"maison","item":"https:\/\/gmz.ltd\/fr\/"},{"@type":"ListItem","position":2,"name":"Merci pour le t\u00e9l\u00e9chargement du catalogue"}]},{"@type":"WebSite","@id":"https:\/\/gmz.ltd\/fr\/#website","url":"https:\/\/gmz.ltd\/fr\/","name":"GMZ","description":"","publisher":{"@id":"https:\/\/gmz.ltd\/fr\/#organization"},"potentialAction":[{"@type":"SearchAction","target":{"@type":"EntryPoint","urlTemplate":"https:\/\/gmz.ltd\/fr\/?s={search_term_string}"},"query-input":{"@type":"PropertyValueSpecification","valueRequired":true,"valueName":"search_term_string"}}],"inLanguage":"fr-FR"},{"@type":"Organization","@id":"https:\/\/gmz.ltd\/fr\/#organization","name":"GMZ","url":"https:\/\/gmz.ltd\/fr\/","logo":{"@type":"ImageObject","inLanguage":"fr-FR","@id":"https:\/\/gmz.ltd\/fr\/#\/schema\/logo\/image\/","url":"https:\/\/gmz.ltd\/wp-content\/uploads\/2024\/11\/gmzpack.svg","contentUrl":"https:\/\/gmz.ltd\/wp-content\/uploads\/2024\/11\/gmzpack.svg","width":170,"height":79,"caption":"GMZ"},"image":{"@id":"https:\/\/gmz.ltd\/fr\/#\/schema\/logo\/image\/"}}]}},"_links":{"self":[{"href":"https:\/\/gmz.ltd\/fr\/wp-json\/wp\/v2\/pages\/19894","targetHints":{"allow":["GET"]}}],"collection":[{"href":"https:\/\/gmz.ltd\/fr\/wp-json\/wp\/v2\/pages"}],"about":[{"href":"https:\/\/gmz.ltd\/fr\/wp-json\/wp\/v2\/types\/page"}],"author":[{"embeddable":true,"href":"https:\/\/gmz.ltd\/fr\/wp-json\/wp\/v2\/users\/1"}],"replies":[{"embeddable":true,"href":"https:\/\/gmz.ltd\/fr\/wp-json\/wp\/v2\/comments?post=19894"}],"version-history":[{"count":1,"href":"https:\/\/gmz.ltd\/fr\/wp-json\/wp\/v2\/pages\/19894\/revisions"}],"predecessor-version":[{"id":19895,"href":"https:\/\/gmz.ltd\/fr\/wp-json\/wp\/v2\/pages\/19894\/revisions\/19895"}],"wp:attachment":[{"href":"https:\/\/gmz.ltd\/fr\/wp-json\/wp\/v2\/media?parent=19894"}],"curies":[{"name":"wp","href":"https:\/\/api.w.org\/{rel}","templated":true}]}}