{"id":7439,"date":"2023-09-09T10:18:39","date_gmt":"2023-09-09T10:18:39","guid":{"rendered":"https:\/\/gmz.ltd\/communaute-et-personnes\/"},"modified":"2024-03-22T06:11:25","modified_gmt":"2024-03-22T06:11:25","slug":"communaute-et-personnes","status":"publish","type":"page","link":"https:\/\/gmz.ltd\/fr\/communaute-et-personnes\/","title":{"rendered":"Communaut\u00e9 &amp; Personnes"},"content":{"rendered":"\t\t<div data-elementor-type=\"wp-page\" data-elementor-id=\"7439\" class=\"elementor elementor-7439 elementor-527\" data-elementor-settings=\"{&quot;ha_cmc_init_switcher&quot;:&quot;no&quot;}\" data-elementor-post-type=\"page\">\n\t\t\t\t<div class=\"elementor-element elementor-element-0da34fe e-flex e-con-boxed e-con e-parent\" data-id=\"0da34fe\" data-element_type=\"container\" data-settings=\"{&quot;background_background&quot;:&quot;classic&quot;,&quot;_ha_eqh_enable&quot;:false}\">\n\t\t\t\t\t<div class=\"e-con-inner\">\n\t\t\t\t<div class=\"elementor-element elementor-element-205f009 elementor-widget elementor-widget-heading\" data-id=\"205f009\" data-element_type=\"widget\" data-widget_type=\"heading.default\">\n\t\t\t\t<div class=\"elementor-widget-container\">\n\t\t\t\t\t<h1 class=\"elementor-heading-title elementor-size-default\">Communaut\u00e9 &amp; Personnes<\/h1>\t\t\t\t<\/div>\n\t\t\t\t<\/div>\n\t\t\t\t<div class=\"elementor-element elementor-element-e04c0d9 elementor-widget elementor-widget-image\" data-id=\"e04c0d9\" data-element_type=\"widget\" data-widget_type=\"image.default\">\n\t\t\t\t<div class=\"elementor-widget-container\">\n\t\t\t\t\t\t\t\t\t\t\t\t\t\t\t<img decoding=\"async\" width=\"320\" height=\"16\" src=\"https:\/\/gmz.ltd\/wp-content\/uploads\/2023\/09\/line.png\" class=\"attachment-large size-large wp-image-4705\" alt=\"\" srcset=\"https:\/\/gmz.ltd\/wp-content\/uploads\/2023\/09\/line.png 320w, https:\/\/gmz.ltd\/wp-content\/uploads\/2023\/09\/line-300x15.png 300w\" sizes=\"(max-width: 320px) 100vw, 320px\" \/>\t\t\t\t\t\t\t\t\t\t\t\t\t\t\t<\/div>\n\t\t\t\t<\/div>\n\t\t\t\t\t<\/div>\n\t\t\t\t<\/div>\n\t\t<div class=\"elementor-element elementor-element-84bdd4c e-flex e-con-boxed e-con e-parent\" data-id=\"84bdd4c\" data-element_type=\"container\" data-settings=\"{&quot;_ha_eqh_enable&quot;:false}\">\n\t\t\t\t\t<div class=\"e-con-inner\">\n\t\t<div class=\"elementor-element elementor-element-5ef24eb e-flex e-con-boxed elementor-invisible e-con e-child\" data-id=\"5ef24eb\" data-element_type=\"container\" data-settings=\"{&quot;animation&quot;:&quot;fadeInUp&quot;,&quot;_ha_eqh_enable&quot;:false}\">\n\t\t\t\t\t<div class=\"e-con-inner\">\n\t\t\t\t<div class=\"elementor-element elementor-element-aa3ea8c elementor-widget elementor-widget-heading\" data-id=\"aa3ea8c\" data-element_type=\"widget\" data-widget_type=\"heading.default\">\n\t\t\t\t<div class=\"elementor-widget-container\">\n\t\t\t\t\t<h2 class=\"elementor-heading-title elementor-size-default\">GMZ est un fabricant, pas seulement un exportateur. Nous sommes fiers de ce que nous fabriquons, mais nous sommes tout aussi fiers de la mani\u00e8re dont nous op\u00e9rons.<\/h2>\t\t\t\t<\/div>\n\t\t\t\t<\/div>\n\t\t\t\t<div class=\"elementor-element elementor-element-f13c8e0 elementor-widget elementor-widget-text-editor\" data-id=\"f13c8e0\" data-element_type=\"widget\" data-widget_type=\"text-editor.default\">\n\t\t\t\t<div class=\"elementor-widget-container\">\n\t\t\t\t\t\t\t\t\t<p>Nous suivons une politique stricte de responsabilit\u00e9 sociale d&rsquo;entreprise, qui inclut des salaires \u00e9quitables et des <br \/>conditions de travail qui r\u00e9pondent aux besoins et attentes de nos clients mondiaux.<\/p>\n\t\t\t\t\t\t\t\t<\/div>\n\t\t\t\t<\/div>\n\t\t\t\t\t<\/div>\n\t\t\t\t<\/div>\n\t\t<div class=\"elementor-element elementor-element-9b6d1c8 e-flex e-con-boxed elementor-invisible e-con e-child\" data-id=\"9b6d1c8\" data-element_type=\"container\" data-settings=\"{&quot;animation&quot;:&quot;fadeInUp&quot;,&quot;_ha_eqh_enable&quot;:false}\">\n\t\t\t\t\t<div class=\"e-con-inner\">\n\t\t<div class=\"elementor-element elementor-element-7e0001f e-flex e-con-boxed e-con e-child\" data-id=\"7e0001f\" data-element_type=\"container\" data-settings=\"{&quot;background_background&quot;:&quot;classic&quot;,&quot;_ha_eqh_enable&quot;:false}\">\n\t\t\t\t\t<div class=\"e-con-inner\">\n\t\t<div class=\"elementor-element elementor-element-fab6fb0 e-flex e-con-boxed e-con e-child\" data-id=\"fab6fb0\" data-element_type=\"container\" data-settings=\"{&quot;_ha_eqh_enable&quot;:false}\">\n\t\t\t\t\t<div class=\"e-con-inner\">\n\t\t\t\t<div class=\"elementor-element elementor-element-d654487 elementor-widget elementor-widget-image\" data-id=\"d654487\" data-element_type=\"widget\" data-widget_type=\"image.default\">\n\t\t\t\t<div class=\"elementor-widget-container\">\n\t\t\t\t\t\t\t\t\t\t\t\t\t\t\t<img fetchpriority=\"high\" decoding=\"async\" width=\"1024\" height=\"640\" src=\"https:\/\/gmz.ltd\/wp-content\/uploads\/2023\/09\/Community-People-1-1-1024x640.png\" class=\"attachment-large size-large wp-image-4881\" alt=\"\" srcset=\"https:\/\/gmz.ltd\/wp-content\/uploads\/2023\/09\/Community-People-1-1-1024x640.png 1024w, https:\/\/gmz.ltd\/wp-content\/uploads\/2023\/09\/Community-People-1-1-800x500.png 800w, https:\/\/gmz.ltd\/wp-content\/uploads\/2023\/09\/Community-People-1-1-300x188.png 300w, https:\/\/gmz.ltd\/wp-content\/uploads\/2023\/09\/Community-People-1-1-768x480.png 768w, https:\/\/gmz.ltd\/wp-content\/uploads\/2023\/09\/Community-People-1-1.png 1276w\" sizes=\"(max-width: 1024px) 100vw, 1024px\" \/>\t\t\t\t\t\t\t\t\t\t\t\t\t\t\t<\/div>\n\t\t\t\t<\/div>\n\t\t\t\t\t<\/div>\n\t\t\t\t<\/div>\n\t\t<div class=\"elementor-element elementor-element-a3d314c e-flex e-con-boxed e-con e-child\" data-id=\"a3d314c\" data-element_type=\"container\" data-settings=\"{&quot;_ha_eqh_enable&quot;:false}\">\n\t\t\t\t\t<div class=\"e-con-inner\">\n\t\t\t\t<div class=\"elementor-element elementor-element-8e862a3 elementor-invisible elementor-widget elementor-widget-text-editor\" data-id=\"8e862a3\" data-element_type=\"widget\" data-settings=\"{&quot;_animation&quot;:&quot;zoomIn&quot;}\" data-widget_type=\"text-editor.default\">\n\t\t\t\t<div class=\"elementor-widget-container\">\n\t\t\t\t\t\t\t\t\t<p>Nos domaines de concentration incluent des pratiques d&#8217;embauche \u00e9quitables ; des heures de travail s\u00fbres ; l&rsquo;absence de travail des enfants ; une r\u00e9mun\u00e9ration et des avantages sociaux justes ; et la s\u00e9curit\u00e9 au travail dans toutes nos usines de fabrication.<\/p>\n\t\t\t\t\t\t\t\t<\/div>\n\t\t\t\t<\/div>\n\t\t\t\t\t<\/div>\n\t\t\t\t<\/div>\n\t\t\t\t\t<\/div>\n\t\t\t\t<\/div>\n\t\t<div class=\"elementor-element elementor-element-cdf807f e-flex e-con-boxed e-con e-child\" data-id=\"cdf807f\" data-element_type=\"container\" data-settings=\"{&quot;background_background&quot;:&quot;classic&quot;,&quot;_ha_eqh_enable&quot;:false}\">\n\t\t\t\t\t<div class=\"e-con-inner\">\n\t\t<div class=\"elementor-element elementor-element-e7ca032 e-flex e-con-boxed e-con e-child\" data-id=\"e7ca032\" data-element_type=\"container\" data-settings=\"{&quot;_ha_eqh_enable&quot;:false}\">\n\t\t\t\t\t<div class=\"e-con-inner\">\n\t\t\t\t<div class=\"elementor-element elementor-element-a952d92 elementor-invisible elementor-widget elementor-widget-text-editor\" data-id=\"a952d92\" data-element_type=\"widget\" data-settings=\"{&quot;_animation&quot;:&quot;zoomIn&quot;}\" data-widget_type=\"text-editor.default\">\n\t\t\t\t<div class=\"elementor-widget-container\">\n\t\t\t\t\t\t\t\t\t<p>Nous avons pass\u00e9 l&rsquo;audit SMETA 4P et l&rsquo;audit BSCI avec des r\u00e9sultats satisfaisants. Nous sommes ouverts aux audits de la part des clients et des agences ind\u00e9pendantes, nous sommes confiants \u00e0 ce sujet et nous sommes dispos\u00e9s \u00e0 nous am\u00e9liorer continuellement.<\/p>\n\t\t\t\t\t\t\t\t<\/div>\n\t\t\t\t<\/div>\n\t\t\t\t\t<\/div>\n\t\t\t\t<\/div>\n\t\t<div class=\"elementor-element elementor-element-c6416f2 e-flex e-con-boxed e-con e-child\" data-id=\"c6416f2\" data-element_type=\"container\" data-settings=\"{&quot;_ha_eqh_enable&quot;:false}\">\n\t\t\t\t\t<div class=\"e-con-inner\">\n\t\t\t\t<div class=\"elementor-element elementor-element-8d80b47 elementor-widget elementor-widget-image\" data-id=\"8d80b47\" data-element_type=\"widget\" data-widget_type=\"image.default\">\n\t\t\t\t<div class=\"elementor-widget-container\">\n\t\t\t\t\t\t\t\t\t\t\t\t\t\t\t<img decoding=\"async\" width=\"1024\" height=\"640\" src=\"https:\/\/gmz.ltd\/wp-content\/uploads\/2023\/09\/Community-People-2-1024x640.png\" class=\"attachment-large size-large wp-image-4885\" alt=\"\" srcset=\"https:\/\/gmz.ltd\/wp-content\/uploads\/2023\/09\/Community-People-2-1024x640.png 1024w, https:\/\/gmz.ltd\/wp-content\/uploads\/2023\/09\/Community-People-2-800x500.png 800w, https:\/\/gmz.ltd\/wp-content\/uploads\/2023\/09\/Community-People-2-300x188.png 300w, https:\/\/gmz.ltd\/wp-content\/uploads\/2023\/09\/Community-People-2-768x480.png 768w, https:\/\/gmz.ltd\/wp-content\/uploads\/2023\/09\/Community-People-2.png 1276w\" sizes=\"(max-width: 1024px) 100vw, 1024px\" \/>\t\t\t\t\t\t\t\t\t\t\t\t\t\t\t<\/div>\n\t\t\t\t<\/div>\n\t\t\t\t\t<\/div>\n\t\t\t\t<\/div>\n\t\t\t\t\t<\/div>\n\t\t\t\t<\/div>\n\t\t\t\t\t<\/div>\n\t\t\t\t<\/div>\n\t\t\t\t\t<\/div>\n\t\t\t\t<\/div>\n\t\t\t\t<\/div>\n\t\t","protected":false},"excerpt":{"rendered":"<p>Communaut\u00e9 &amp; Personnes GMZ est un fabricant, pas seulement un exportateur. Nous sommes fiers de ce que nous fabriquons, mais nous sommes tout aussi fiers de la mani\u00e8re dont nous op\u00e9rons. Nous suivons une politique stricte de responsabilit\u00e9 sociale d&rsquo;entreprise, qui inclut des salaires \u00e9quitables et des conditions de travail qui r\u00e9pondent aux besoins et [&hellip;]<\/p>\n","protected":false},"author":1,"featured_media":0,"parent":0,"menu_order":0,"comment_status":"closed","ping_status":"closed","template":"","meta":{"_joinchat":[],"footnotes":""},"class_list":["post-7439","page","type-page","status-publish","hentry"],"blocksy_meta":{"has_hero_section":"disabled","vertical_spacing_source":"custom","content_area_spacing":"none"},"acf":[],"yoast_head":"<!-- This site is optimized with the Yoast SEO Premium plugin v22.5 (Yoast SEO v26.6) - https:\/\/yoast.com\/wordpress\/plugins\/seo\/ -->\n<title>Communaut\u00e9 &amp; Personnes - GMZ<\/title>\n<meta name=\"description\" content=\"Chez GMZ, la communaut\u00e9 et les personnes sont au c\u0153ur de notre activit\u00e9. Nous offrons des salaires \u00e9quitables, des conditions de travail s\u00fbres et adh\u00e9rons aux pratiques de travail \u00e9thiques.\" \/>\n<meta name=\"robots\" content=\"index, follow, max-snippet:-1, max-image-preview:large, max-video-preview:-1\" \/>\n<link rel=\"canonical\" href=\"https:\/\/gmz.ltd\/fr\/communaute-et-personnes\/\" \/>\n<meta property=\"og:locale\" content=\"fr_FR\" \/>\n<meta property=\"og:type\" content=\"article\" \/>\n<meta property=\"og:title\" content=\"Communaut\u00e9 &amp; Personnes\" \/>\n<meta property=\"og:description\" content=\"Chez GMZ, la communaut\u00e9 et les personnes sont au c\u0153ur de notre activit\u00e9. Nous offrons des salaires \u00e9quitables, des conditions de travail s\u00fbres et adh\u00e9rons aux pratiques de travail \u00e9thiques.\" \/>\n<meta property=\"og:url\" content=\"https:\/\/gmz.ltd\/fr\/communaute-et-personnes\/\" \/>\n<meta property=\"og:site_name\" content=\"GMZ\" \/>\n<meta property=\"article:modified_time\" content=\"2024-03-22T06:11:25+00:00\" \/>\n<meta property=\"og:image\" content=\"https:\/\/gmz.ltd\/wp-content\/uploads\/2023\/09\/line.png\" \/>\n<meta name=\"twitter:card\" content=\"summary_large_image\" \/>\n<meta name=\"twitter:label1\" content=\"Dur\u00e9e de lecture estim\u00e9e\" \/>\n\t<meta name=\"twitter:data1\" content=\"1 minute\" \/>\n<script type=\"application\/ld+json\" class=\"yoast-schema-graph\">{\"@context\":\"https:\/\/schema.org\",\"@graph\":[{\"@type\":\"WebPage\",\"@id\":\"https:\/\/gmz.ltd\/fr\/communaute-et-personnes\/\",\"url\":\"https:\/\/gmz.ltd\/fr\/communaute-et-personnes\/\",\"name\":\"Communaut\u00e9 &amp; Personnes - GMZ\",\"isPartOf\":{\"@id\":\"https:\/\/gmz.ltd\/fr\/#website\"},\"primaryImageOfPage\":{\"@id\":\"https:\/\/gmz.ltd\/fr\/communaute-et-personnes\/#primaryimage\"},\"image\":{\"@id\":\"https:\/\/gmz.ltd\/fr\/communaute-et-personnes\/#primaryimage\"},\"thumbnailUrl\":\"https:\/\/gmz.ltd\/wp-content\/uploads\/2023\/09\/line.png\",\"datePublished\":\"2023-09-09T10:18:39+00:00\",\"dateModified\":\"2024-03-22T06:11:25+00:00\",\"description\":\"Chez GMZ, la communaut\u00e9 et les personnes sont au c\u0153ur de notre activit\u00e9. Nous offrons des salaires \u00e9quitables, des conditions de travail s\u00fbres et adh\u00e9rons aux pratiques de travail \u00e9thiques.\",\"breadcrumb\":{\"@id\":\"https:\/\/gmz.ltd\/fr\/communaute-et-personnes\/#breadcrumb\"},\"inLanguage\":\"fr-FR\",\"potentialAction\":[{\"@type\":\"ReadAction\",\"target\":[\"https:\/\/gmz.ltd\/fr\/communaute-et-personnes\/\"]}]},{\"@type\":\"ImageObject\",\"inLanguage\":\"fr-FR\",\"@id\":\"https:\/\/gmz.ltd\/fr\/communaute-et-personnes\/#primaryimage\",\"url\":\"https:\/\/gmz.ltd\/wp-content\/uploads\/2023\/09\/line.png\",\"contentUrl\":\"https:\/\/gmz.ltd\/wp-content\/uploads\/2023\/09\/line.png\"},{\"@type\":\"BreadcrumbList\",\"@id\":\"https:\/\/gmz.ltd\/fr\/communaute-et-personnes\/#breadcrumb\",\"itemListElement\":[{\"@type\":\"ListItem\",\"position\":1,\"name\":\"maison\",\"item\":\"https:\/\/gmz.ltd\/fr\/\"},{\"@type\":\"ListItem\",\"position\":2,\"name\":\"Communaut\u00e9 &amp; Personnes\"}]},{\"@type\":\"WebSite\",\"@id\":\"https:\/\/gmz.ltd\/fr\/#website\",\"url\":\"https:\/\/gmz.ltd\/fr\/\",\"name\":\"GMZ\",\"description\":\"\",\"publisher\":{\"@id\":\"https:\/\/gmz.ltd\/fr\/#organization\"},\"potentialAction\":[{\"@type\":\"SearchAction\",\"target\":{\"@type\":\"EntryPoint\",\"urlTemplate\":\"https:\/\/gmz.ltd\/fr\/?s={search_term_string}\"},\"query-input\":{\"@type\":\"PropertyValueSpecification\",\"valueRequired\":true,\"valueName\":\"search_term_string\"}}],\"inLanguage\":\"fr-FR\"},{\"@type\":\"Organization\",\"@id\":\"https:\/\/gmz.ltd\/fr\/#organization\",\"name\":\"GMZ\",\"url\":\"https:\/\/gmz.ltd\/fr\/\",\"logo\":{\"@type\":\"ImageObject\",\"inLanguage\":\"fr-FR\",\"@id\":\"https:\/\/gmz.ltd\/fr\/#\/schema\/logo\/image\/\",\"url\":\"https:\/\/gmz.ltd\/wp-content\/uploads\/2024\/11\/gmzpack.svg\",\"contentUrl\":\"https:\/\/gmz.ltd\/wp-content\/uploads\/2024\/11\/gmzpack.svg\",\"width\":170,\"height\":79,\"caption\":\"GMZ\"},\"image\":{\"@id\":\"https:\/\/gmz.ltd\/fr\/#\/schema\/logo\/image\/\"}}]}<\/script>\n<!-- \/ Yoast SEO Premium plugin. -->","yoast_head_json":{"title":"Communaut\u00e9 &amp; Personnes - GMZ","description":"Chez GMZ, la communaut\u00e9 et les personnes sont au c\u0153ur de notre activit\u00e9. Nous offrons des salaires \u00e9quitables, des conditions de travail s\u00fbres et adh\u00e9rons aux pratiques de travail \u00e9thiques.","robots":{"index":"index","follow":"follow","max-snippet":"max-snippet:-1","max-image-preview":"max-image-preview:large","max-video-preview":"max-video-preview:-1"},"canonical":"https:\/\/gmz.ltd\/fr\/communaute-et-personnes\/","og_locale":"fr_FR","og_type":"article","og_title":"Communaut\u00e9 &amp; Personnes","og_description":"Chez GMZ, la communaut\u00e9 et les personnes sont au c\u0153ur de notre activit\u00e9. Nous offrons des salaires \u00e9quitables, des conditions de travail s\u00fbres et adh\u00e9rons aux pratiques de travail \u00e9thiques.","og_url":"https:\/\/gmz.ltd\/fr\/communaute-et-personnes\/","og_site_name":"GMZ","article_modified_time":"2024-03-22T06:11:25+00:00","og_image":[{"url":"https:\/\/gmz.ltd\/wp-content\/uploads\/2023\/09\/line.png","type":"","width":"","height":""}],"twitter_card":"summary_large_image","twitter_misc":{"Dur\u00e9e de lecture estim\u00e9e":"1 minute"},"schema":{"@context":"https:\/\/schema.org","@graph":[{"@type":"WebPage","@id":"https:\/\/gmz.ltd\/fr\/communaute-et-personnes\/","url":"https:\/\/gmz.ltd\/fr\/communaute-et-personnes\/","name":"Communaut\u00e9 &amp; Personnes - GMZ","isPartOf":{"@id":"https:\/\/gmz.ltd\/fr\/#website"},"primaryImageOfPage":{"@id":"https:\/\/gmz.ltd\/fr\/communaute-et-personnes\/#primaryimage"},"image":{"@id":"https:\/\/gmz.ltd\/fr\/communaute-et-personnes\/#primaryimage"},"thumbnailUrl":"https:\/\/gmz.ltd\/wp-content\/uploads\/2023\/09\/line.png","datePublished":"2023-09-09T10:18:39+00:00","dateModified":"2024-03-22T06:11:25+00:00","description":"Chez GMZ, la communaut\u00e9 et les personnes sont au c\u0153ur de notre activit\u00e9. Nous offrons des salaires \u00e9quitables, des conditions de travail s\u00fbres et adh\u00e9rons aux pratiques de travail \u00e9thiques.","breadcrumb":{"@id":"https:\/\/gmz.ltd\/fr\/communaute-et-personnes\/#breadcrumb"},"inLanguage":"fr-FR","potentialAction":[{"@type":"ReadAction","target":["https:\/\/gmz.ltd\/fr\/communaute-et-personnes\/"]}]},{"@type":"ImageObject","inLanguage":"fr-FR","@id":"https:\/\/gmz.ltd\/fr\/communaute-et-personnes\/#primaryimage","url":"https:\/\/gmz.ltd\/wp-content\/uploads\/2023\/09\/line.png","contentUrl":"https:\/\/gmz.ltd\/wp-content\/uploads\/2023\/09\/line.png"},{"@type":"BreadcrumbList","@id":"https:\/\/gmz.ltd\/fr\/communaute-et-personnes\/#breadcrumb","itemListElement":[{"@type":"ListItem","position":1,"name":"maison","item":"https:\/\/gmz.ltd\/fr\/"},{"@type":"ListItem","position":2,"name":"Communaut\u00e9 &amp; Personnes"}]},{"@type":"WebSite","@id":"https:\/\/gmz.ltd\/fr\/#website","url":"https:\/\/gmz.ltd\/fr\/","name":"GMZ","description":"","publisher":{"@id":"https:\/\/gmz.ltd\/fr\/#organization"},"potentialAction":[{"@type":"SearchAction","target":{"@type":"EntryPoint","urlTemplate":"https:\/\/gmz.ltd\/fr\/?s={search_term_string}"},"query-input":{"@type":"PropertyValueSpecification","valueRequired":true,"valueName":"search_term_string"}}],"inLanguage":"fr-FR"},{"@type":"Organization","@id":"https:\/\/gmz.ltd\/fr\/#organization","name":"GMZ","url":"https:\/\/gmz.ltd\/fr\/","logo":{"@type":"ImageObject","inLanguage":"fr-FR","@id":"https:\/\/gmz.ltd\/fr\/#\/schema\/logo\/image\/","url":"https:\/\/gmz.ltd\/wp-content\/uploads\/2024\/11\/gmzpack.svg","contentUrl":"https:\/\/gmz.ltd\/wp-content\/uploads\/2024\/11\/gmzpack.svg","width":170,"height":79,"caption":"GMZ"},"image":{"@id":"https:\/\/gmz.ltd\/fr\/#\/schema\/logo\/image\/"}}]}},"_links":{"self":[{"href":"https:\/\/gmz.ltd\/fr\/wp-json\/wp\/v2\/pages\/7439","targetHints":{"allow":["GET"]}}],"collection":[{"href":"https:\/\/gmz.ltd\/fr\/wp-json\/wp\/v2\/pages"}],"about":[{"href":"https:\/\/gmz.ltd\/fr\/wp-json\/wp\/v2\/types\/page"}],"author":[{"embeddable":true,"href":"https:\/\/gmz.ltd\/fr\/wp-json\/wp\/v2\/users\/1"}],"replies":[{"embeddable":true,"href":"https:\/\/gmz.ltd\/fr\/wp-json\/wp\/v2\/comments?post=7439"}],"version-history":[{"count":6,"href":"https:\/\/gmz.ltd\/fr\/wp-json\/wp\/v2\/pages\/7439\/revisions"}],"predecessor-version":[{"id":7654,"href":"https:\/\/gmz.ltd\/fr\/wp-json\/wp\/v2\/pages\/7439\/revisions\/7654"}],"wp:attachment":[{"href":"https:\/\/gmz.ltd\/fr\/wp-json\/wp\/v2\/media?parent=7439"}],"curies":[{"name":"wp","href":"https:\/\/api.w.org\/{rel}","templated":true}]}}