{"id":7443,"date":"2023-09-09T09:01:26","date_gmt":"2023-09-09T09:01:26","guid":{"rendered":"https:\/\/gmz.ltd\/moule-personnalise-et-emballage\/"},"modified":"2024-03-22T07:22:45","modified_gmt":"2024-03-22T07:22:45","slug":"moule-personnalise-et-emballage","status":"publish","type":"page","link":"https:\/\/gmz.ltd\/fr\/moule-personnalise-et-emballage\/","title":{"rendered":"Moule et emballage personnalis\u00e9s"},"content":{"rendered":"\t\t<div data-elementor-type=\"wp-page\" data-elementor-id=\"7443\" class=\"elementor elementor-7443 elementor-407\" data-elementor-settings=\"{&quot;ha_cmc_init_switcher&quot;:&quot;no&quot;}\" data-elementor-post-type=\"page\">\n\t\t\t\t<div class=\"elementor-element elementor-element-bc5d476 e-flex e-con-boxed e-con e-parent\" data-id=\"bc5d476\" data-element_type=\"container\" data-settings=\"{&quot;background_background&quot;:&quot;classic&quot;,&quot;_ha_eqh_enable&quot;:false}\">\n\t\t\t\t\t<div class=\"e-con-inner\">\n\t\t\t\t<div class=\"elementor-element elementor-element-3a0d0fc elementor-widget elementor-widget-heading\" data-id=\"3a0d0fc\" data-element_type=\"widget\" data-widget_type=\"heading.default\">\n\t\t\t\t<div class=\"elementor-widget-container\">\n\t\t\t\t\t<h1 class=\"elementor-heading-title elementor-size-default\">Moule et emballage personnalis\u00e9s<\/h1>\t\t\t\t<\/div>\n\t\t\t\t<\/div>\n\t\t\t\t<div class=\"elementor-element elementor-element-6054e3c elementor-widget elementor-widget-image\" data-id=\"6054e3c\" data-element_type=\"widget\" data-widget_type=\"image.default\">\n\t\t\t\t<div class=\"elementor-widget-container\">\n\t\t\t\t\t\t\t\t\t\t\t\t\t\t\t<img decoding=\"async\" width=\"407\" height=\"8\" src=\"https:\/\/gmz.ltd\/wp-content\/uploads\/2023\/11\/line-2.png\" class=\"attachment-large size-large wp-image-6745\" alt=\"\" srcset=\"https:\/\/gmz.ltd\/wp-content\/uploads\/2023\/11\/line-2.png 407w, https:\/\/gmz.ltd\/wp-content\/uploads\/2023\/11\/line-2-400x8.png 400w, https:\/\/gmz.ltd\/wp-content\/uploads\/2023\/11\/line-2-300x6.png 300w\" sizes=\"(max-width: 407px) 100vw, 407px\" \/>\t\t\t\t\t\t\t\t\t\t\t\t\t\t\t<\/div>\n\t\t\t\t<\/div>\n\t\t\t\t\t<\/div>\n\t\t\t\t<\/div>\n\t\t<div class=\"elementor-element elementor-element-919e398 e-con-full e-flex e-con e-parent\" data-id=\"919e398\" data-element_type=\"container\" data-settings=\"{&quot;_ha_eqh_enable&quot;:false}\">\n\t\t<div class=\"elementor-element elementor-element-303b57f e-con-full e-flex e-con e-child\" data-id=\"303b57f\" data-element_type=\"container\" data-settings=\"{&quot;background_background&quot;:&quot;classic&quot;,&quot;_ha_eqh_enable&quot;:false}\">\n\t\t\t\t<\/div>\n\t\t<div class=\"elementor-element elementor-element-a033920 e-con-full e-flex e-con e-child\" data-id=\"a033920\" data-element_type=\"container\" data-settings=\"{&quot;background_background&quot;:&quot;classic&quot;,&quot;_ha_eqh_enable&quot;:false}\">\n\t\t<div class=\"elementor-element elementor-element-f687254 e-flex e-con-boxed elementor-invisible e-con e-child\" data-id=\"f687254\" data-element_type=\"container\" data-settings=\"{&quot;animation&quot;:&quot;zoomIn&quot;,&quot;_ha_eqh_enable&quot;:false}\">\n\t\t\t\t\t<div class=\"e-con-inner\">\n\t\t\t\t<div class=\"elementor-element elementor-element-8811323 elementor-widget elementor-widget-heading\" data-id=\"8811323\" data-element_type=\"widget\" data-widget_type=\"heading.default\">\n\t\t\t\t<div class=\"elementor-widget-container\">\n\t\t\t\t\t<h2 class=\"elementor-heading-title elementor-size-default\">Moule personnalis\u00e9<\/h2>\t\t\t\t<\/div>\n\t\t\t\t<\/div>\n\t\t\t\t<div class=\"elementor-element elementor-element-a171011 elementor-widget elementor-widget-text-editor\" data-id=\"a171011\" data-element_type=\"widget\" data-widget_type=\"text-editor.default\">\n\t\t\t\t<div class=\"elementor-widget-container\">\n\t\t\t\t\t\t\t\t\t<p>Un syst\u00e8me complet de cha\u00eene d&rsquo;approvisionnement nous permet de personnaliser les moules pour les clients. Veuillez nous fournir des dessins de moules ou des produits, et nous pouvons personnaliser des moules uniques selon vos exigences.<\/p>\n\t\t\t\t\t\t\t\t<\/div>\n\t\t\t\t<\/div>\n\t\t\t\t\t<\/div>\n\t\t\t\t<\/div>\n\t\t\t\t<\/div>\n\t\t\t\t<\/div>\n\t\t<div class=\"elementor-element elementor-element-22845a2 e-con-full e-flex e-con e-parent\" data-id=\"22845a2\" data-element_type=\"container\" data-settings=\"{&quot;_ha_eqh_enable&quot;:false}\">\n\t\t<div class=\"elementor-element elementor-element-33e4367 e-con-full e-flex e-con e-child\" data-id=\"33e4367\" data-element_type=\"container\" data-settings=\"{&quot;background_background&quot;:&quot;classic&quot;,&quot;_ha_eqh_enable&quot;:false}\">\n\t\t<div class=\"elementor-element elementor-element-5a2686b e-flex e-con-boxed elementor-invisible e-con e-child\" data-id=\"5a2686b\" data-element_type=\"container\" data-settings=\"{&quot;animation&quot;:&quot;zoomIn&quot;,&quot;_ha_eqh_enable&quot;:false}\">\n\t\t\t\t\t<div class=\"e-con-inner\">\n\t\t\t\t<div class=\"elementor-element elementor-element-98b7a11 elementor-widget elementor-widget-heading\" data-id=\"98b7a11\" data-element_type=\"widget\" data-widget_type=\"heading.default\">\n\t\t\t\t<div class=\"elementor-widget-container\">\n\t\t\t\t\t<h2 class=\"elementor-heading-title elementor-size-default\">Emballage personnalis\u00e9<\/h2>\t\t\t\t<\/div>\n\t\t\t\t<\/div>\n\t\t\t\t<div class=\"elementor-element elementor-element-ef110c8 elementor-widget elementor-widget-text-editor\" data-id=\"ef110c8\" data-element_type=\"widget\" data-widget_type=\"text-editor.default\">\n\t\t\t\t<div class=\"elementor-widget-container\">\n\t\t\t\t\t\t\t\t\t<p>Nous pouvons vous fournir des solutions d&#8217;emballage de d\u00e9tail ou d&rsquo;\u00e9tiquetage priv\u00e9. Emballage personnalis\u00e9 tel que film r\u00e9tractable \u00e0 la chaleur, \u00e9tiquettes, bo\u00eetes ext\u00e9rieures, etc.<\/p>\n\t\t\t\t\t\t\t\t<\/div>\n\t\t\t\t<\/div>\n\t\t\t\t\t<\/div>\n\t\t\t\t<\/div>\n\t\t\t\t<\/div>\n\t\t<div class=\"elementor-element elementor-element-3a8be09 e-con-full e-flex e-con e-child\" data-id=\"3a8be09\" data-element_type=\"container\" data-settings=\"{&quot;background_background&quot;:&quot;classic&quot;,&quot;_ha_eqh_enable&quot;:false}\">\n\t\t\t\t<\/div>\n\t\t\t\t<\/div>\n\t\t<div class=\"elementor-element elementor-element-ecdbfa6 e-flex e-con-boxed e-con e-parent\" data-id=\"ecdbfa6\" data-element_type=\"container\" data-settings=\"{&quot;background_background&quot;:&quot;classic&quot;,&quot;_ha_eqh_enable&quot;:false}\">\n\t\t\t\t\t<div class=\"e-con-inner\">\n\t\t<div class=\"elementor-element elementor-element-460c436 e-flex e-con-boxed e-con e-child\" data-id=\"460c436\" data-element_type=\"container\" data-settings=\"{&quot;background_background&quot;:&quot;classic&quot;,&quot;_ha_eqh_enable&quot;:false}\">\n\t\t\t\t\t<div class=\"e-con-inner\">\n\t\t<div class=\"elementor-element elementor-element-462a47d e-con-full e-flex e-con e-child\" data-id=\"462a47d\" data-element_type=\"container\" data-settings=\"{&quot;_ha_eqh_enable&quot;:false}\">\n\t\t\t\t<div class=\"elementor-element elementor-element-ef18d9d elementor-widget elementor-widget-heading\" data-id=\"ef18d9d\" data-element_type=\"widget\" data-widget_type=\"heading.default\">\n\t\t\t\t<div class=\"elementor-widget-container\">\n\t\t\t\t\t<h2 class=\"elementor-heading-title elementor-size-default\">\u00cates-vous int\u00e9ress\u00e9 par <br>nos produits ?<\/h2>\t\t\t\t<\/div>\n\t\t\t\t<\/div>\n\t\t\t\t<div class=\"elementor-element elementor-element-a12c0e1 elementor-widget elementor-widget-text-editor\" data-id=\"a12c0e1\" data-element_type=\"widget\" data-widget_type=\"text-editor.default\">\n\t\t\t\t<div class=\"elementor-widget-container\">\n\t\t\t\t\t\t\t\t\t<p>Il suffit de prendre contact et nous pourrons <br \/>vous aider avec votre demande.<\/p>\n\t\t\t\t\t\t\t\t<\/div>\n\t\t\t\t<\/div>\n\t\t\t\t<\/div>\n\t\t<div class=\"elementor-element elementor-element-b5b6d7f e-flex e-con-boxed e-con e-child\" data-id=\"b5b6d7f\" data-element_type=\"container\" data-settings=\"{&quot;_ha_eqh_enable&quot;:false}\">\n\t\t\t\t\t<div class=\"e-con-inner\">\n\t\t\t\t<div class=\"elementor-element elementor-element-90f5cb0 ha-form-btn--left elementor-widget elementor-widget-ha-wpform happy-addon ha-wpform\" data-id=\"90f5cb0\" data-element_type=\"widget\" data-widget_type=\"ha-wpform.default\">\n\t\t\t\t<div class=\"elementor-widget-container\">\n\t\t\t\t\t<div class=\"wpforms-container wpforms-container-full\" id=\"wpforms-261\"><form id=\"wpforms-form-261\" class=\"wpforms-validate wpforms-form wpforms-ajax-form\" data-formid=\"261\" method=\"post\" enctype=\"multipart\/form-data\" action=\"\/fr\/wp-json\/wp\/v2\/pages\/7443\" data-token=\"7b11c8dc5ab3f50502372563e8fc84e3\" data-token-time=\"1775950245\"><noscript class=\"wpforms-error-noscript\">Veuillez activer JavaScript dans votre navigateur pour remplir ce formulaire.<\/noscript><div class=\"wpforms-field-container\"><div id=\"wpforms-261-field_1-container\" class=\"wpforms-field wpforms-field-layout\" data-field-id=\"1\"><label class=\"wpforms-field-label wpforms-label-hide\">Mise en page<\/label><div class=\"wpforms-field-layout-columns wpforms-field-layout-preset-50-50\"><div class=\"wpforms-layout-column wpforms-layout-column-50\" ><div id=\"wpforms-261-field_2-container\" class=\"wpforms-field wpforms-field-name\" data-field-id=\"2\"><label class=\"wpforms-field-label wpforms-label-hide\" for=\"wpforms-261-field_2\">Nom\n <span class=\"wpforms-required-label\">*<\/span><\/label><input type=\"text\" id=\"wpforms-261-field_2\" class=\"wpforms-field-medium wpforms-field-required\" name=\"wpforms[fields][2]\" placeholder=\"Nom complet *\" required><\/div><\/div><div class=\"wpforms-layout-column wpforms-layout-column-50\" ><div id=\"wpforms-261-field_3-container\" class=\"wpforms-field wpforms-field-text\" data-field-id=\"3\"><label class=\"wpforms-field-label wpforms-label-hide\" for=\"wpforms-261-field_3\">Entreprise <span class=\"wpforms-required-label\">*<\/span><\/label><input type=\"text\" id=\"wpforms-261-field_3\" class=\"wpforms-field-medium wpforms-field-required\" name=\"wpforms[fields][3]\" placeholder=\"Entreprise *\" required><\/div><\/div><\/div><\/div><div id=\"wpforms-261-field_4-container\" class=\"wpforms-field wpforms-field-layout\" data-field-id=\"4\"><label class=\"wpforms-field-label wpforms-label-hide\">Mise en page<\/label><div class=\"wpforms-field-layout-columns wpforms-field-layout-preset-50-50\"><div class=\"wpforms-layout-column wpforms-layout-column-50\" ><div id=\"wpforms-261-field_5-container\" class=\"wpforms-field wpforms-field-email\" data-field-id=\"5\"><label class=\"wpforms-field-label wpforms-label-hide\" for=\"wpforms-261-field_5\">Email <span class=\"wpforms-required-label\">*<\/span><\/label><input type=\"email\" id=\"wpforms-261-field_5\" class=\"wpforms-field-medium wpforms-field-required\" name=\"wpforms[fields][5]\" placeholder=\"Email *\" spellcheck=\"false\" required><\/div><\/div><div class=\"wpforms-layout-column wpforms-layout-column-50\" ><div id=\"wpforms-261-field_6-container\" class=\"wpforms-field wpforms-field-phone\" data-field-id=\"6\"><label class=\"wpforms-field-label wpforms-label-hide\" for=\"wpforms-261-field_6\">T\u00e9l\u00e9phone<\/label><input type=\"tel\" id=\"wpforms-261-field_6\" class=\"wpforms-field-medium wpforms-smart-phone-field\" data-rule-smart-phone-field=\"true\" name=\"wpforms[fields][6]\" placeholder=\"T\u00e9l\u00e9phone\" ><\/div><\/div><\/div><\/div><div id=\"wpforms-261-field_7-container\" class=\"wpforms-field wpforms-field-layout\" data-field-id=\"7\"><label class=\"wpforms-field-label wpforms-label-hide\">Mise en page<\/label><div class=\"wpforms-field-layout-columns wpforms-field-layout-preset-50-50\"><div class=\"wpforms-layout-column wpforms-layout-column-50\" ><div id=\"wpforms-261-field_8-container\" class=\"wpforms-field wpforms-field-text\" data-field-id=\"8\"><label class=\"wpforms-field-label wpforms-label-hide\" for=\"wpforms-261-field_8\">Pays<\/label><input type=\"text\" id=\"wpforms-261-field_8\" class=\"wpforms-field-medium\" name=\"wpforms[fields][8]\" placeholder=\"Pays\" ><\/div><\/div><div class=\"wpforms-layout-column wpforms-layout-column-50\" ><div id=\"wpforms-261-field_9-container\" class=\"wpforms-field wpforms-field-text\" data-field-id=\"9\"><label class=\"wpforms-field-label wpforms-label-hide\" for=\"wpforms-261-field_9\">Produits int\u00e9ressants<\/label><input type=\"text\" id=\"wpforms-261-field_9\" class=\"wpforms-field-medium\" name=\"wpforms[fields][9]\" placeholder=\"Produits int\u00e9ressants\" ><\/div><\/div><\/div><\/div><div id=\"wpforms-261-field_10-container\" class=\"wpforms-field wpforms-field-textarea\" data-field-id=\"10\"><label class=\"wpforms-field-label wpforms-label-hide\" for=\"wpforms-261-field_10\">Message<\/label><textarea id=\"wpforms-261-field_10\" class=\"wpforms-field-small\" name=\"wpforms[fields][10]\" placeholder=\"Message\" ><\/textarea><div class=\"wpforms-field-description\">Quantit\u00e9 minimale de commande : 10 000 pi\u00e8ces par taille.<\/div><\/div><\/div><!-- .wpforms-field-container --><div class=\"wpforms-recaptcha-container wpforms-is-turnstile\" ><div class=\"g-recaptcha\" data-sitekey=\"0x4AAAAAAAhYd8FbL7DPc5io\" data-action=\"FormID-261\"><\/div><input type=\"text\" name=\"g-recaptcha-hidden\" class=\"wpforms-recaptcha-hidden\" style=\"position:absolute!important;clip:rect(0,0,0,0)!important;height:1px!important;width:1px!important;border:0!important;overflow:hidden!important;padding:0!important;margin:0!important;\" data-rule-turnstile=\"1\"><\/div><div class=\"wpforms-submit-container\" ><input type=\"hidden\" name=\"wpforms[id]\" value=\"261\"><input type=\"hidden\" name=\"page_title\" value=\"\"><input type=\"hidden\" name=\"page_url\" value=\"https:\/\/gmz.ltd\/fr\/wp-json\/wp\/v2\/pages\/7443\"><button type=\"submit\" name=\"wpforms[submit]\" id=\"wpforms-submit-261\" class=\"wpforms-submit\" data-alt-text=\"Envoi en cours...\" data-submit-text=\"Soumettre\" aria-live=\"assertive\" value=\"wpforms-submit\">Soumettre<\/button><img decoding=\"async\" src=\"https:\/\/gmz.ltd\/wp-content\/plugins\/wpforms\/assets\/images\/submit-spin.svg\" class=\"wpforms-submit-spinner\" style=\"display: none;\" width=\"26\" height=\"26\" alt=\"Chargement en cours\"><\/div><\/form><\/div>  <!-- .wpforms-container -->\t\t\t\t<\/div>\n\t\t\t\t<\/div>\n\t\t\t\t\t<\/div>\n\t\t\t\t<\/div>\n\t\t\t\t\t<\/div>\n\t\t\t\t<\/div>\n\t\t\t\t\t<\/div>\n\t\t\t\t<\/div>\n\t\t\t\t<\/div>\n\t\t","protected":false},"excerpt":{"rendered":"<p>Moule et emballage personnalis\u00e9s Moule personnalis\u00e9 Un syst\u00e8me complet de cha\u00eene d&rsquo;approvisionnement nous permet de personnaliser les moules pour les clients. Veuillez nous fournir des dessins de moules ou des produits, et nous pouvons personnaliser des moules uniques selon vos exigences. Emballage personnalis\u00e9 Nous pouvons vous fournir des solutions d&#8217;emballage de d\u00e9tail ou d&rsquo;\u00e9tiquetage priv\u00e9. [&hellip;]<\/p>\n","protected":false},"author":1,"featured_media":0,"parent":0,"menu_order":0,"comment_status":"closed","ping_status":"closed","template":"","meta":{"_joinchat":[],"footnotes":""},"class_list":["post-7443","page","type-page","status-publish","hentry"],"blocksy_meta":{"has_hero_section":"disabled","vertical_spacing_source":"custom","content_area_spacing":"none"},"acf":[],"yoast_head":"<!-- This site is optimized with the Yoast SEO Premium plugin v22.5 (Yoast SEO v26.6) - https:\/\/yoast.com\/wordpress\/plugins\/seo\/ -->\n<title>Moule personnalis\u00e9, \u00e9tiquette et emballage pour gobelets en papier et en plastique - GMZ<\/title>\n<meta name=\"description\" content=\"Vous cherchez \u00e0 promouvoir votre marque ? D\u00e9couvrez les solutions d&#039;emballage alimentaire personnalis\u00e9es de GMZ ! Nous sommes sp\u00e9cialis\u00e9s dans la cr\u00e9ation de moules personnalis\u00e9s \u00e0 partir de vos designs, l&#039;emballage de d\u00e9tail et l&#039;\u00e9tiquetage priv\u00e9 pour les gobelets en papier, les gobelets en plastique et les conteneurs alimentaires en gros.\" \/>\n<meta name=\"robots\" content=\"index, follow, max-snippet:-1, max-image-preview:large, max-video-preview:-1\" \/>\n<link rel=\"canonical\" href=\"https:\/\/gmz.ltd\/fr\/moule-personnalise-et-emballage\/\" \/>\n<meta property=\"og:locale\" content=\"fr_FR\" \/>\n<meta property=\"og:type\" content=\"article\" \/>\n<meta property=\"og:title\" content=\"Moule et emballage personnalis\u00e9s\" \/>\n<meta property=\"og:description\" content=\"Vous cherchez \u00e0 promouvoir votre marque ? D\u00e9couvrez les solutions d&#039;emballage alimentaire personnalis\u00e9es de GMZ ! Nous sommes sp\u00e9cialis\u00e9s dans la cr\u00e9ation de moules personnalis\u00e9s \u00e0 partir de vos designs, l&#039;emballage de d\u00e9tail et l&#039;\u00e9tiquetage priv\u00e9 pour les gobelets en papier, les gobelets en plastique et les conteneurs alimentaires en gros.\" \/>\n<meta property=\"og:url\" content=\"https:\/\/gmz.ltd\/fr\/moule-personnalise-et-emballage\/\" \/>\n<meta property=\"og:site_name\" content=\"GMZ\" \/>\n<meta property=\"article:modified_time\" content=\"2024-03-22T07:22:45+00:00\" \/>\n<meta property=\"og:image\" content=\"https:\/\/gmz.ltd\/wp-content\/uploads\/2023\/11\/line-2.png\" \/>\n<meta name=\"twitter:card\" content=\"summary_large_image\" \/>\n<meta name=\"twitter:label1\" content=\"Dur\u00e9e de lecture estim\u00e9e\" \/>\n\t<meta name=\"twitter:data1\" content=\"1 minute\" \/>\n<script type=\"application\/ld+json\" class=\"yoast-schema-graph\">{\"@context\":\"https:\/\/schema.org\",\"@graph\":[{\"@type\":\"WebPage\",\"@id\":\"https:\/\/gmz.ltd\/fr\/moule-personnalise-et-emballage\/\",\"url\":\"https:\/\/gmz.ltd\/fr\/moule-personnalise-et-emballage\/\",\"name\":\"Moule personnalis\u00e9, \u00e9tiquette et emballage pour gobelets en papier et en plastique - GMZ\",\"isPartOf\":{\"@id\":\"https:\/\/gmz.ltd\/fr\/#website\"},\"primaryImageOfPage\":{\"@id\":\"https:\/\/gmz.ltd\/fr\/moule-personnalise-et-emballage\/#primaryimage\"},\"image\":{\"@id\":\"https:\/\/gmz.ltd\/fr\/moule-personnalise-et-emballage\/#primaryimage\"},\"thumbnailUrl\":\"https:\/\/gmz.ltd\/wp-content\/uploads\/2023\/11\/line-2.png\",\"datePublished\":\"2023-09-09T09:01:26+00:00\",\"dateModified\":\"2024-03-22T07:22:45+00:00\",\"description\":\"Vous cherchez \u00e0 promouvoir votre marque ? D\u00e9couvrez les solutions d'emballage alimentaire personnalis\u00e9es de GMZ ! Nous sommes sp\u00e9cialis\u00e9s dans la cr\u00e9ation de moules personnalis\u00e9s \u00e0 partir de vos designs, l'emballage de d\u00e9tail et l'\u00e9tiquetage priv\u00e9 pour les gobelets en papier, les gobelets en plastique et les conteneurs alimentaires en gros.\",\"breadcrumb\":{\"@id\":\"https:\/\/gmz.ltd\/fr\/moule-personnalise-et-emballage\/#breadcrumb\"},\"inLanguage\":\"fr-FR\",\"potentialAction\":[{\"@type\":\"ReadAction\",\"target\":[\"https:\/\/gmz.ltd\/fr\/moule-personnalise-et-emballage\/\"]}]},{\"@type\":\"ImageObject\",\"inLanguage\":\"fr-FR\",\"@id\":\"https:\/\/gmz.ltd\/fr\/moule-personnalise-et-emballage\/#primaryimage\",\"url\":\"https:\/\/gmz.ltd\/wp-content\/uploads\/2023\/11\/line-2.png\",\"contentUrl\":\"https:\/\/gmz.ltd\/wp-content\/uploads\/2023\/11\/line-2.png\"},{\"@type\":\"BreadcrumbList\",\"@id\":\"https:\/\/gmz.ltd\/fr\/moule-personnalise-et-emballage\/#breadcrumb\",\"itemListElement\":[{\"@type\":\"ListItem\",\"position\":1,\"name\":\"maison\",\"item\":\"https:\/\/gmz.ltd\/fr\/\"},{\"@type\":\"ListItem\",\"position\":2,\"name\":\"Moule et emballage personnalis\u00e9s\"}]},{\"@type\":\"WebSite\",\"@id\":\"https:\/\/gmz.ltd\/fr\/#website\",\"url\":\"https:\/\/gmz.ltd\/fr\/\",\"name\":\"GMZ\",\"description\":\"\",\"publisher\":{\"@id\":\"https:\/\/gmz.ltd\/fr\/#organization\"},\"potentialAction\":[{\"@type\":\"SearchAction\",\"target\":{\"@type\":\"EntryPoint\",\"urlTemplate\":\"https:\/\/gmz.ltd\/fr\/?s={search_term_string}\"},\"query-input\":{\"@type\":\"PropertyValueSpecification\",\"valueRequired\":true,\"valueName\":\"search_term_string\"}}],\"inLanguage\":\"fr-FR\"},{\"@type\":\"Organization\",\"@id\":\"https:\/\/gmz.ltd\/fr\/#organization\",\"name\":\"GMZ\",\"url\":\"https:\/\/gmz.ltd\/fr\/\",\"logo\":{\"@type\":\"ImageObject\",\"inLanguage\":\"fr-FR\",\"@id\":\"https:\/\/gmz.ltd\/fr\/#\/schema\/logo\/image\/\",\"url\":\"https:\/\/gmz.ltd\/wp-content\/uploads\/2024\/11\/gmzpack.svg\",\"contentUrl\":\"https:\/\/gmz.ltd\/wp-content\/uploads\/2024\/11\/gmzpack.svg\",\"width\":170,\"height\":79,\"caption\":\"GMZ\"},\"image\":{\"@id\":\"https:\/\/gmz.ltd\/fr\/#\/schema\/logo\/image\/\"}}]}<\/script>\n<!-- \/ Yoast SEO Premium plugin. -->","yoast_head_json":{"title":"Moule personnalis\u00e9, \u00e9tiquette et emballage pour gobelets en papier et en plastique - GMZ","description":"Vous cherchez \u00e0 promouvoir votre marque ? D\u00e9couvrez les solutions d'emballage alimentaire personnalis\u00e9es de GMZ ! Nous sommes sp\u00e9cialis\u00e9s dans la cr\u00e9ation de moules personnalis\u00e9s \u00e0 partir de vos designs, l'emballage de d\u00e9tail et l'\u00e9tiquetage priv\u00e9 pour les gobelets en papier, les gobelets en plastique et les conteneurs alimentaires en gros.","robots":{"index":"index","follow":"follow","max-snippet":"max-snippet:-1","max-image-preview":"max-image-preview:large","max-video-preview":"max-video-preview:-1"},"canonical":"https:\/\/gmz.ltd\/fr\/moule-personnalise-et-emballage\/","og_locale":"fr_FR","og_type":"article","og_title":"Moule et emballage personnalis\u00e9s","og_description":"Vous cherchez \u00e0 promouvoir votre marque ? D\u00e9couvrez les solutions d'emballage alimentaire personnalis\u00e9es de GMZ ! Nous sommes sp\u00e9cialis\u00e9s dans la cr\u00e9ation de moules personnalis\u00e9s \u00e0 partir de vos designs, l'emballage de d\u00e9tail et l'\u00e9tiquetage priv\u00e9 pour les gobelets en papier, les gobelets en plastique et les conteneurs alimentaires en gros.","og_url":"https:\/\/gmz.ltd\/fr\/moule-personnalise-et-emballage\/","og_site_name":"GMZ","article_modified_time":"2024-03-22T07:22:45+00:00","og_image":[{"url":"https:\/\/gmz.ltd\/wp-content\/uploads\/2023\/11\/line-2.png","type":"","width":"","height":""}],"twitter_card":"summary_large_image","twitter_misc":{"Dur\u00e9e de lecture estim\u00e9e":"1 minute"},"schema":{"@context":"https:\/\/schema.org","@graph":[{"@type":"WebPage","@id":"https:\/\/gmz.ltd\/fr\/moule-personnalise-et-emballage\/","url":"https:\/\/gmz.ltd\/fr\/moule-personnalise-et-emballage\/","name":"Moule personnalis\u00e9, \u00e9tiquette et emballage pour gobelets en papier et en plastique - GMZ","isPartOf":{"@id":"https:\/\/gmz.ltd\/fr\/#website"},"primaryImageOfPage":{"@id":"https:\/\/gmz.ltd\/fr\/moule-personnalise-et-emballage\/#primaryimage"},"image":{"@id":"https:\/\/gmz.ltd\/fr\/moule-personnalise-et-emballage\/#primaryimage"},"thumbnailUrl":"https:\/\/gmz.ltd\/wp-content\/uploads\/2023\/11\/line-2.png","datePublished":"2023-09-09T09:01:26+00:00","dateModified":"2024-03-22T07:22:45+00:00","description":"Vous cherchez \u00e0 promouvoir votre marque ? D\u00e9couvrez les solutions d'emballage alimentaire personnalis\u00e9es de GMZ ! Nous sommes sp\u00e9cialis\u00e9s dans la cr\u00e9ation de moules personnalis\u00e9s \u00e0 partir de vos designs, l'emballage de d\u00e9tail et l'\u00e9tiquetage priv\u00e9 pour les gobelets en papier, les gobelets en plastique et les conteneurs alimentaires en gros.","breadcrumb":{"@id":"https:\/\/gmz.ltd\/fr\/moule-personnalise-et-emballage\/#breadcrumb"},"inLanguage":"fr-FR","potentialAction":[{"@type":"ReadAction","target":["https:\/\/gmz.ltd\/fr\/moule-personnalise-et-emballage\/"]}]},{"@type":"ImageObject","inLanguage":"fr-FR","@id":"https:\/\/gmz.ltd\/fr\/moule-personnalise-et-emballage\/#primaryimage","url":"https:\/\/gmz.ltd\/wp-content\/uploads\/2023\/11\/line-2.png","contentUrl":"https:\/\/gmz.ltd\/wp-content\/uploads\/2023\/11\/line-2.png"},{"@type":"BreadcrumbList","@id":"https:\/\/gmz.ltd\/fr\/moule-personnalise-et-emballage\/#breadcrumb","itemListElement":[{"@type":"ListItem","position":1,"name":"maison","item":"https:\/\/gmz.ltd\/fr\/"},{"@type":"ListItem","position":2,"name":"Moule et emballage personnalis\u00e9s"}]},{"@type":"WebSite","@id":"https:\/\/gmz.ltd\/fr\/#website","url":"https:\/\/gmz.ltd\/fr\/","name":"GMZ","description":"","publisher":{"@id":"https:\/\/gmz.ltd\/fr\/#organization"},"potentialAction":[{"@type":"SearchAction","target":{"@type":"EntryPoint","urlTemplate":"https:\/\/gmz.ltd\/fr\/?s={search_term_string}"},"query-input":{"@type":"PropertyValueSpecification","valueRequired":true,"valueName":"search_term_string"}}],"inLanguage":"fr-FR"},{"@type":"Organization","@id":"https:\/\/gmz.ltd\/fr\/#organization","name":"GMZ","url":"https:\/\/gmz.ltd\/fr\/","logo":{"@type":"ImageObject","inLanguage":"fr-FR","@id":"https:\/\/gmz.ltd\/fr\/#\/schema\/logo\/image\/","url":"https:\/\/gmz.ltd\/wp-content\/uploads\/2024\/11\/gmzpack.svg","contentUrl":"https:\/\/gmz.ltd\/wp-content\/uploads\/2024\/11\/gmzpack.svg","width":170,"height":79,"caption":"GMZ"},"image":{"@id":"https:\/\/gmz.ltd\/fr\/#\/schema\/logo\/image\/"}}]}},"_links":{"self":[{"href":"https:\/\/gmz.ltd\/fr\/wp-json\/wp\/v2\/pages\/7443","targetHints":{"allow":["GET"]}}],"collection":[{"href":"https:\/\/gmz.ltd\/fr\/wp-json\/wp\/v2\/pages"}],"about":[{"href":"https:\/\/gmz.ltd\/fr\/wp-json\/wp\/v2\/types\/page"}],"author":[{"embeddable":true,"href":"https:\/\/gmz.ltd\/fr\/wp-json\/wp\/v2\/users\/1"}],"replies":[{"embeddable":true,"href":"https:\/\/gmz.ltd\/fr\/wp-json\/wp\/v2\/comments?post=7443"}],"version-history":[{"count":4,"href":"https:\/\/gmz.ltd\/fr\/wp-json\/wp\/v2\/pages\/7443\/revisions"}],"predecessor-version":[{"id":7672,"href":"https:\/\/gmz.ltd\/fr\/wp-json\/wp\/v2\/pages\/7443\/revisions\/7672"}],"wp:attachment":[{"href":"https:\/\/gmz.ltd\/fr\/wp-json\/wp\/v2\/media?parent=7443"}],"curies":[{"name":"wp","href":"https:\/\/api.w.org\/{rel}","templated":true}]}}