{"id":7453,"date":"2023-09-09T09:41:51","date_gmt":"2023-09-09T09:41:51","guid":{"rendered":"https:\/\/gmz.ltd\/environnement\/"},"modified":"2025-05-22T03:03:17","modified_gmt":"2025-05-22T03:03:17","slug":"environnement","status":"publish","type":"page","link":"https:\/\/gmz.ltd\/fr\/environnement\/","title":{"rendered":"Environnement"},"content":{"rendered":"\t\t<div data-elementor-type=\"wp-page\" data-elementor-id=\"7453\" class=\"elementor elementor-7453 elementor-492\" data-elementor-settings=\"{&quot;ha_cmc_init_switcher&quot;:&quot;no&quot;}\" data-elementor-post-type=\"page\">\n\t\t\t\t<div class=\"elementor-element elementor-element-771efb5 e-flex e-con-boxed e-con e-parent\" data-id=\"771efb5\" data-element_type=\"container\" data-settings=\"{&quot;background_background&quot;:&quot;classic&quot;,&quot;_ha_eqh_enable&quot;:false}\">\n\t\t\t\t\t<div class=\"e-con-inner\">\n\t\t\t\t<div class=\"elementor-element elementor-element-3766450 elementor-widget elementor-widget-heading\" data-id=\"3766450\" data-element_type=\"widget\" data-widget_type=\"heading.default\">\n\t\t\t\t<div class=\"elementor-widget-container\">\n\t\t\t\t\t<h1 class=\"elementor-heading-title elementor-size-default\">Environnement<\/h1>\t\t\t\t<\/div>\n\t\t\t\t<\/div>\n\t\t\t\t<div class=\"elementor-element elementor-element-45d6760 elementor-widget elementor-widget-image\" data-id=\"45d6760\" data-element_type=\"widget\" data-widget_type=\"image.default\">\n\t\t\t\t<div class=\"elementor-widget-container\">\n\t\t\t\t\t\t\t\t\t\t\t\t\t\t\t<img decoding=\"async\" width=\"407\" height=\"8\" src=\"https:\/\/gmz.ltd\/wp-content\/uploads\/2023\/11\/line-2.png\" class=\"attachment-large size-large wp-image-6745\" alt=\"\" srcset=\"https:\/\/gmz.ltd\/wp-content\/uploads\/2023\/11\/line-2.png 407w, https:\/\/gmz.ltd\/wp-content\/uploads\/2023\/11\/line-2-400x8.png 400w, https:\/\/gmz.ltd\/wp-content\/uploads\/2023\/11\/line-2-300x6.png 300w\" sizes=\"(max-width: 407px) 100vw, 407px\" \/>\t\t\t\t\t\t\t\t\t\t\t\t\t\t\t<\/div>\n\t\t\t\t<\/div>\n\t\t\t\t\t<\/div>\n\t\t\t\t<\/div>\n\t\t<div class=\"elementor-element elementor-element-37b3578 e-flex e-con-boxed e-con e-parent\" data-id=\"37b3578\" data-element_type=\"container\" data-settings=\"{&quot;_ha_eqh_enable&quot;:false}\">\n\t\t\t\t\t<div class=\"e-con-inner\">\n\t\t<div class=\"elementor-element elementor-element-d8c095f e-flex e-con-boxed e-con e-child\" data-id=\"d8c095f\" data-element_type=\"container\" data-settings=\"{&quot;_ha_eqh_enable&quot;:false}\">\n\t\t\t\t\t<div class=\"e-con-inner\">\n\t\t\t\t<div class=\"elementor-element elementor-element-698af98 elementor-widget elementor-widget-image\" data-id=\"698af98\" data-element_type=\"widget\" data-widget_type=\"image.default\">\n\t\t\t\t<div class=\"elementor-widget-container\">\n\t\t\t\t\t\t\t\t\t\t\t\t\t\t\t<img fetchpriority=\"high\" decoding=\"async\" width=\"1024\" height=\"769\" src=\"https:\/\/gmz.ltd\/wp-content\/uploads\/2023\/09\/Sustainable-Material-1024x769.png\" class=\"attachment-large size-large wp-image-4861\" alt=\"\" srcset=\"https:\/\/gmz.ltd\/wp-content\/uploads\/2023\/09\/Sustainable-Material-1024x769.png 1024w, https:\/\/gmz.ltd\/wp-content\/uploads\/2023\/09\/Sustainable-Material-800x601.png 800w, https:\/\/gmz.ltd\/wp-content\/uploads\/2023\/09\/Sustainable-Material-300x225.png 300w, https:\/\/gmz.ltd\/wp-content\/uploads\/2023\/09\/Sustainable-Material-768x577.png 768w, https:\/\/gmz.ltd\/wp-content\/uploads\/2023\/09\/Sustainable-Material.png 1300w\" sizes=\"(max-width: 1024px) 100vw, 1024px\" \/>\t\t\t\t\t\t\t\t\t\t\t\t\t\t\t<\/div>\n\t\t\t\t<\/div>\n\t\t\t\t\t<\/div>\n\t\t\t\t<\/div>\n\t\t<div class=\"elementor-element elementor-element-b2b3b7c e-flex e-con-boxed elementor-invisible e-con e-child\" data-id=\"b2b3b7c\" data-element_type=\"container\" data-settings=\"{&quot;animation&quot;:&quot;zoomIn&quot;,&quot;_ha_eqh_enable&quot;:false}\">\n\t\t\t\t\t<div class=\"e-con-inner\">\n\t\t\t\t<div class=\"elementor-element elementor-element-7725cdd elementor-widget elementor-widget-heading\" data-id=\"7725cdd\" data-element_type=\"widget\" data-widget_type=\"heading.default\">\n\t\t\t\t<div class=\"elementor-widget-container\">\n\t\t\t\t\t<h2 class=\"elementor-heading-title elementor-size-default\">Mat\u00e9riau durable<\/h2>\t\t\t\t<\/div>\n\t\t\t\t<\/div>\n\t\t\t\t<div class=\"elementor-element elementor-element-1296231 elementor-widget elementor-widget-text-editor\" data-id=\"1296231\" data-element_type=\"widget\" data-widget_type=\"text-editor.default\">\n\t\t\t\t<div class=\"elementor-widget-container\">\n\t\t\t\t\t\t\t\t\t<p>Notre papier mati\u00e8re premi\u00e8re provient de grands fournisseurs de papier r\u00e9put\u00e9s tels que Sun, APP, Five Star, etc. Cela signifie que les for\u00eats primaires ne sont pas utilis\u00e9es. Nous utilisons des encres \u00e0 base d&rsquo;eau et des encres de soja pour garantir que les produits r\u00e9pondent aux normes de qualit\u00e9 pour le contact alimentaire.<\/p>\n\t\t\t\t\t\t\t\t<\/div>\n\t\t\t\t<\/div>\n\t\t\t\t\t<\/div>\n\t\t\t\t<\/div>\n\t\t\t\t\t<\/div>\n\t\t\t\t<\/div>\n\t\t<div class=\"elementor-element elementor-element-f8c5046 e-flex e-con-boxed e-con e-parent\" data-id=\"f8c5046\" data-element_type=\"container\" data-settings=\"{&quot;_ha_eqh_enable&quot;:false}\">\n\t\t\t\t\t<div class=\"e-con-inner\">\n\t\t<div class=\"elementor-element elementor-element-08b6474 e-flex e-con-boxed elementor-invisible e-con e-child\" data-id=\"08b6474\" data-element_type=\"container\" data-settings=\"{&quot;animation&quot;:&quot;zoomIn&quot;,&quot;_ha_eqh_enable&quot;:false}\">\n\t\t\t\t\t<div class=\"e-con-inner\">\n\t\t\t\t<div class=\"elementor-element elementor-element-2ae7566 elementor-widget elementor-widget-heading\" data-id=\"2ae7566\" data-element_type=\"widget\" data-widget_type=\"heading.default\">\n\t\t\t\t<div class=\"elementor-widget-container\">\n\t\t\t\t\t<h2 class=\"elementor-heading-title elementor-size-default\">Compostable<\/h2>\t\t\t\t<\/div>\n\t\t\t\t<\/div>\n\t\t\t\t<div class=\"elementor-element elementor-element-76b5af6 elementor-widget elementor-widget-text-editor\" data-id=\"76b5af6\" data-element_type=\"widget\" data-widget_type=\"text-editor.default\">\n\t\t\t\t<div class=\"elementor-widget-container\">\n\t\t\t\t\t\t\t\t\t<p>Nous recommandons \u00e0 nos clients des produits d&#8217;emballage alimentaire compostables. Les rev\u00eatements en PLA sont une option compostable pour les gobelets en papier et l&#8217;emballage alimentaire, \u00e9vitant la pollution des sols et des oc\u00e9ans par le plastique. En m\u00eame temps, choisir nos couvercles en bagasse peut \u00e9galement \u00e9viter la pollution caus\u00e9e par les couvercles en plastique.<\/p>\n\t\t\t\t\t\t\t\t<\/div>\n\t\t\t\t<\/div>\n\t\t\t\t<div class=\"elementor-element elementor-element-5052785 elementor-align-center elementor-widget elementor-widget-button\" data-id=\"5052785\" data-element_type=\"widget\" data-widget_type=\"button.default\">\n\t\t\t\t<div class=\"elementor-widget-container\">\n\t\t\t\t\t\t\t\t\t<div class=\"elementor-button-wrapper\">\n\t\t\t\t\t<a class=\"elementor-button elementor-button-link elementor-size-md\" href=\"\/fr\/produit\/gobelets-chauds-en-papier-enduits-de-pla\/\">\n\t\t\t\t\t\t<span class=\"elementor-button-content-wrapper\">\n\t\t\t\t\t\t\t\t\t<span class=\"elementor-button-text\">En savoir plus<\/span>\n\t\t\t\t\t<\/span>\n\t\t\t\t\t<\/a>\n\t\t\t\t<\/div>\n\t\t\t\t\t\t\t\t<\/div>\n\t\t\t\t<\/div>\n\t\t\t\t\t<\/div>\n\t\t\t\t<\/div>\n\t\t<div class=\"elementor-element elementor-element-b93e1c9 e-flex e-con-boxed e-con e-child\" data-id=\"b93e1c9\" data-element_type=\"container\" data-settings=\"{&quot;_ha_eqh_enable&quot;:false}\">\n\t\t\t\t\t<div class=\"e-con-inner\">\n\t\t\t\t<div class=\"elementor-element elementor-element-165106a elementor-widget elementor-widget-image\" data-id=\"165106a\" data-element_type=\"widget\" data-widget_type=\"image.default\">\n\t\t\t\t<div class=\"elementor-widget-container\">\n\t\t\t\t\t\t\t\t\t\t\t\t\t\t\t<img decoding=\"async\" width=\"1024\" height=\"769\" src=\"https:\/\/gmz.ltd\/wp-content\/uploads\/2023\/09\/Compostable-1024x769.png\" class=\"attachment-large size-large wp-image-4865\" alt=\"\" srcset=\"https:\/\/gmz.ltd\/wp-content\/uploads\/2023\/09\/Compostable-1024x769.png 1024w, https:\/\/gmz.ltd\/wp-content\/uploads\/2023\/09\/Compostable-800x601.png 800w, https:\/\/gmz.ltd\/wp-content\/uploads\/2023\/09\/Compostable-300x225.png 300w, https:\/\/gmz.ltd\/wp-content\/uploads\/2023\/09\/Compostable-768x577.png 768w, https:\/\/gmz.ltd\/wp-content\/uploads\/2023\/09\/Compostable.png 1300w\" sizes=\"(max-width: 1024px) 100vw, 1024px\" \/>\t\t\t\t\t\t\t\t\t\t\t\t\t\t\t<\/div>\n\t\t\t\t<\/div>\n\t\t\t\t\t<\/div>\n\t\t\t\t<\/div>\n\t\t\t\t\t<\/div>\n\t\t\t\t<\/div>\n\t\t<div class=\"elementor-element elementor-element-a9c001c e-flex e-con-boxed e-con e-parent\" data-id=\"a9c001c\" data-element_type=\"container\" data-settings=\"{&quot;background_background&quot;:&quot;classic&quot;,&quot;_ha_eqh_enable&quot;:false}\">\n\t\t\t\t\t<div class=\"e-con-inner\">\n\t\t\t\t<div class=\"elementor-element elementor-element-75b4534 elementor-widget elementor-widget-heading\" data-id=\"75b4534\" data-element_type=\"widget\" data-widget_type=\"heading.default\">\n\t\t\t\t<div class=\"elementor-widget-container\">\n\t\t\t\t\t<h2 class=\"elementor-heading-title elementor-size-default\">\u00cates-vous int\u00e9ress\u00e9 par nos produits ?<\/h2>\t\t\t\t<\/div>\n\t\t\t\t<\/div>\n\t\t\t\t<div class=\"elementor-element elementor-element-cf04422 elementor-widget elementor-widget-text-editor\" data-id=\"cf04422\" data-element_type=\"widget\" data-widget_type=\"text-editor.default\">\n\t\t\t\t<div class=\"elementor-widget-container\">\n\t\t\t\t\t\t\t\t\t<p>Il suffit de prendre contact et nous pourrons vous aider avec votre demande.<\/p>\n\t\t\t\t\t\t\t\t<\/div>\n\t\t\t\t<\/div>\n\t\t\t\t<div class=\"elementor-element elementor-element-6111edb elementor-align-center elementor-widget elementor-widget-button\" data-id=\"6111edb\" data-element_type=\"widget\" data-widget_type=\"button.default\">\n\t\t\t\t<div class=\"elementor-widget-container\">\n\t\t\t\t\t\t\t\t\t<div class=\"elementor-button-wrapper\">\n\t\t\t\t\t<a class=\"elementor-button elementor-button-link elementor-size-md\" href=\"https:\/\/gmz.ltd\/fr\/contactez-nous\/\">\n\t\t\t\t\t\t<span class=\"elementor-button-content-wrapper\">\n\t\t\t\t\t\t\t\t\t<span class=\"elementor-button-text\">Contactez-nous<\/span>\n\t\t\t\t\t<\/span>\n\t\t\t\t\t<\/a>\n\t\t\t\t<\/div>\n\t\t\t\t\t\t\t\t<\/div>\n\t\t\t\t<\/div>\n\t\t\t\t\t<\/div>\n\t\t\t\t<\/div>\n\t\t<div class=\"elementor-element elementor-element-0b00ca7 e-flex e-con-boxed e-con e-parent\" data-id=\"0b00ca7\" data-element_type=\"container\" data-settings=\"{&quot;_ha_eqh_enable&quot;:false}\">\n\t\t\t\t\t<div class=\"e-con-inner\">\n\t\t<div class=\"elementor-element elementor-element-5c2feb0 e-flex e-con-boxed e-con e-child\" data-id=\"5c2feb0\" data-element_type=\"container\" data-settings=\"{&quot;_ha_eqh_enable&quot;:false}\">\n\t\t\t\t\t<div class=\"e-con-inner\">\n\t\t\t\t<div class=\"elementor-element elementor-element-e749d36 elementor-widget elementor-widget-image\" data-id=\"e749d36\" data-element_type=\"widget\" data-widget_type=\"image.default\">\n\t\t\t\t<div class=\"elementor-widget-container\">\n\t\t\t\t\t\t\t\t\t\t\t\t\t\t\t<img loading=\"lazy\" decoding=\"async\" width=\"1024\" height=\"769\" src=\"https:\/\/gmz.ltd\/wp-content\/uploads\/2023\/09\/Recyclable-1024x769.png\" class=\"attachment-large size-large wp-image-4869\" alt=\"\" srcset=\"https:\/\/gmz.ltd\/wp-content\/uploads\/2023\/09\/Recyclable-1024x769.png 1024w, https:\/\/gmz.ltd\/wp-content\/uploads\/2023\/09\/Recyclable-800x601.png 800w, https:\/\/gmz.ltd\/wp-content\/uploads\/2023\/09\/Recyclable-300x225.png 300w, https:\/\/gmz.ltd\/wp-content\/uploads\/2023\/09\/Recyclable-768x577.png 768w, https:\/\/gmz.ltd\/wp-content\/uploads\/2023\/09\/Recyclable.png 1300w\" sizes=\"(max-width: 1024px) 100vw, 1024px\" \/>\t\t\t\t\t\t\t\t\t\t\t\t\t\t\t<\/div>\n\t\t\t\t<\/div>\n\t\t\t\t\t<\/div>\n\t\t\t\t<\/div>\n\t\t<div class=\"elementor-element elementor-element-b9bd6c0 e-flex e-con-boxed elementor-invisible e-con e-child\" data-id=\"b9bd6c0\" data-element_type=\"container\" data-settings=\"{&quot;animation&quot;:&quot;zoomIn&quot;,&quot;_ha_eqh_enable&quot;:false}\">\n\t\t\t\t\t<div class=\"e-con-inner\">\n\t\t\t\t<div class=\"elementor-element elementor-element-95e9a19 elementor-widget elementor-widget-heading\" data-id=\"95e9a19\" data-element_type=\"widget\" data-widget_type=\"heading.default\">\n\t\t\t\t<div class=\"elementor-widget-container\">\n\t\t\t\t\t<h2 class=\"elementor-heading-title elementor-size-default\">Recyclable<\/h2>\t\t\t\t<\/div>\n\t\t\t\t<\/div>\n\t\t\t\t<div class=\"elementor-element elementor-element-4e4630c elementor-widget elementor-widget-text-editor\" data-id=\"4e4630c\" data-element_type=\"widget\" data-widget_type=\"text-editor.default\">\n\t\t\t\t<div class=\"elementor-widget-container\">\n\t\t\t\t\t\t\t\t\t<p>Comme vous le savez probablement, le papier contenant du plastique est difficile \u00e0 recycler, et nous devons s\u00e9parer le papier du plastique.<br \/>GMZ recommande l&rsquo;utilisation de gobelets en papier sans plastique. Les produits \u00e0 rev\u00eatement sans plastique ne contiennent aucun composant en plastique et poss\u00e8dent une bonne r\u00e9sistance aux fuites. De plus, ils sont enti\u00e8rement recyclables et biod\u00e9gradables, donc ils ne pollueront pas la terre.<\/p>\n\t\t\t\t\t\t\t\t<\/div>\n\t\t\t\t<\/div>\n\t\t\t\t<div class=\"elementor-element elementor-element-f2f4d6a elementor-align-center elementor-widget elementor-widget-button\" data-id=\"f2f4d6a\" data-element_type=\"widget\" data-widget_type=\"button.default\">\n\t\t\t\t<div class=\"elementor-widget-container\">\n\t\t\t\t\t\t\t\t\t<div class=\"elementor-button-wrapper\">\n\t\t\t\t\t<a class=\"elementor-button elementor-button-link elementor-size-md\" href=\"\/fr\/produit\/gobelets-chauds-en-papier-sans-plastique\/\">\n\t\t\t\t\t\t<span class=\"elementor-button-content-wrapper\">\n\t\t\t\t\t\t\t\t\t<span class=\"elementor-button-text\">En savoir plus<\/span>\n\t\t\t\t\t<\/span>\n\t\t\t\t\t<\/a>\n\t\t\t\t<\/div>\n\t\t\t\t\t\t\t\t<\/div>\n\t\t\t\t<\/div>\n\t\t\t\t\t<\/div>\n\t\t\t\t<\/div>\n\t\t\t\t\t<\/div>\n\t\t\t\t<\/div>\n\t\t<div class=\"elementor-element elementor-element-324180a e-flex e-con-boxed e-con e-parent\" data-id=\"324180a\" data-element_type=\"container\" data-settings=\"{&quot;_ha_eqh_enable&quot;:false}\">\n\t\t\t\t\t<div class=\"e-con-inner\">\n\t\t<div class=\"elementor-element elementor-element-d053399 e-flex e-con-boxed elementor-invisible e-con e-child\" data-id=\"d053399\" data-element_type=\"container\" data-settings=\"{&quot;animation&quot;:&quot;zoomIn&quot;,&quot;_ha_eqh_enable&quot;:false}\">\n\t\t\t\t\t<div class=\"e-con-inner\">\n\t\t\t\t<div class=\"elementor-element elementor-element-ff35983 elementor-widget elementor-widget-heading\" data-id=\"ff35983\" data-element_type=\"widget\" data-widget_type=\"heading.default\">\n\t\t\t\t<div class=\"elementor-widget-container\">\n\t\t\t\t\t<h2 class=\"elementor-heading-title elementor-size-default\">Recyclage des d\u00e9chets<\/h2>\t\t\t\t<\/div>\n\t\t\t\t<\/div>\n\t\t\t\t<div class=\"elementor-element elementor-element-04106c5 elementor-widget elementor-widget-text-editor\" data-id=\"04106c5\" data-element_type=\"widget\" data-widget_type=\"text-editor.default\">\n\t\t\t\t<div class=\"elementor-widget-container\">\n\t\t\t\t\t\t\t\t\t<p>Tous les d\u00e9chets g\u00e9n\u00e9r\u00e9s par notre production seront \u00e9limin\u00e9s de mani\u00e8re centralis\u00e9e, et tous les mat\u00e9riaux recyclables seront recycl\u00e9s selon les proc\u00e9dures, r\u00e9duisant ainsi la pollution environnementale.<\/p>\n\t\t\t\t\t\t\t\t<\/div>\n\t\t\t\t<\/div>\n\t\t\t\t\t<\/div>\n\t\t\t\t<\/div>\n\t\t<div class=\"elementor-element elementor-element-8378971 e-flex e-con-boxed e-con e-child\" data-id=\"8378971\" data-element_type=\"container\" data-settings=\"{&quot;_ha_eqh_enable&quot;:false}\">\n\t\t\t\t\t<div class=\"e-con-inner\">\n\t\t\t\t<div class=\"elementor-element elementor-element-80a0fa1 elementor-widget elementor-widget-image\" data-id=\"80a0fa1\" data-element_type=\"widget\" data-widget_type=\"image.default\">\n\t\t\t\t<div class=\"elementor-widget-container\">\n\t\t\t\t\t\t\t\t\t\t\t\t\t\t\t<img loading=\"lazy\" decoding=\"async\" width=\"1024\" height=\"768\" src=\"https:\/\/gmz.ltd\/wp-content\/uploads\/2023\/09\/Waste-Recycling-1-1024x768.png\" class=\"attachment-large size-large wp-image-5065\" alt=\"\" srcset=\"https:\/\/gmz.ltd\/wp-content\/uploads\/2023\/09\/Waste-Recycling-1-1024x768.png 1024w, https:\/\/gmz.ltd\/wp-content\/uploads\/2023\/09\/Waste-Recycling-1-800x600.png 800w, https:\/\/gmz.ltd\/wp-content\/uploads\/2023\/09\/Waste-Recycling-1-300x225.png 300w, https:\/\/gmz.ltd\/wp-content\/uploads\/2023\/09\/Waste-Recycling-1-768x576.png 768w, https:\/\/gmz.ltd\/wp-content\/uploads\/2023\/09\/Waste-Recycling-1.png 1300w\" sizes=\"(max-width: 1024px) 100vw, 1024px\" \/>\t\t\t\t\t\t\t\t\t\t\t\t\t\t\t<\/div>\n\t\t\t\t<\/div>\n\t\t\t\t\t<\/div>\n\t\t\t\t<\/div>\n\t\t\t\t\t<\/div>\n\t\t\t\t<\/div>\n\t\t\t\t<\/div>\n\t\t","protected":false},"excerpt":{"rendered":"<p>Environnement Mat\u00e9riau durable Notre papier mati\u00e8re premi\u00e8re provient de grands fournisseurs de papier r\u00e9put\u00e9s tels que Sun, APP, Five Star, etc. Cela signifie que les for\u00eats primaires ne sont pas utilis\u00e9es. Nous utilisons des encres \u00e0 base d&rsquo;eau et des encres de soja pour garantir que les produits r\u00e9pondent aux normes de qualit\u00e9 pour le [&hellip;]<\/p>\n","protected":false},"author":1,"featured_media":0,"parent":0,"menu_order":0,"comment_status":"closed","ping_status":"closed","template":"","meta":{"_joinchat":[],"footnotes":""},"class_list":["post-7453","page","type-page","status-publish","hentry"],"blocksy_meta":{"has_hero_section":"disabled","vertical_spacing_source":"custom","content_area_spacing":"none"},"acf":[],"yoast_head":"<!-- This site is optimized with the Yoast SEO Premium plugin v22.5 (Yoast SEO v26.6) - https:\/\/yoast.com\/wordpress\/plugins\/seo\/ -->\n<title>Notre engagement pour l&#039;environnement - GMZ<\/title>\n<meta name=\"description\" content=\"GMZ est d\u00e9di\u00e9 \u00e0 la protection de l&#039;environnement avec des solutions d&#039;emballage \u00e9cologiques. D\u00e9couvrez nos pratiques et produits durables.\" \/>\n<meta name=\"robots\" content=\"index, follow, max-snippet:-1, max-image-preview:large, max-video-preview:-1\" \/>\n<link rel=\"canonical\" href=\"https:\/\/gmz.ltd\/fr\/environnement\/\" \/>\n<meta property=\"og:locale\" content=\"fr_FR\" \/>\n<meta property=\"og:type\" content=\"article\" \/>\n<meta property=\"og:title\" content=\"Environnement\" \/>\n<meta property=\"og:description\" content=\"GMZ est d\u00e9di\u00e9 \u00e0 la protection de l&#039;environnement avec des solutions d&#039;emballage \u00e9cologiques. D\u00e9couvrez nos pratiques et produits durables.\" \/>\n<meta property=\"og:url\" content=\"https:\/\/gmz.ltd\/fr\/environnement\/\" \/>\n<meta property=\"og:site_name\" content=\"GMZ\" \/>\n<meta property=\"article:modified_time\" content=\"2025-05-22T03:03:17+00:00\" \/>\n<meta property=\"og:image\" content=\"https:\/\/gmz.ltd\/wp-content\/uploads\/2023\/11\/line-2.png\" \/>\n\t<meta property=\"og:image:width\" content=\"407\" \/>\n\t<meta property=\"og:image:height\" content=\"8\" \/>\n\t<meta property=\"og:image:type\" content=\"image\/png\" \/>\n<meta name=\"twitter:card\" content=\"summary_large_image\" \/>\n<meta name=\"twitter:label1\" content=\"Dur\u00e9e de lecture estim\u00e9e\" \/>\n\t<meta name=\"twitter:data1\" content=\"3 minutes\" \/>\n<script type=\"application\/ld+json\" class=\"yoast-schema-graph\">{\"@context\":\"https:\/\/schema.org\",\"@graph\":[{\"@type\":\"WebPage\",\"@id\":\"https:\/\/gmz.ltd\/fr\/environnement\/\",\"url\":\"https:\/\/gmz.ltd\/fr\/environnement\/\",\"name\":\"Notre engagement pour l'environnement - GMZ\",\"isPartOf\":{\"@id\":\"https:\/\/gmz.ltd\/fr\/#website\"},\"primaryImageOfPage\":{\"@id\":\"https:\/\/gmz.ltd\/fr\/environnement\/#primaryimage\"},\"image\":{\"@id\":\"https:\/\/gmz.ltd\/fr\/environnement\/#primaryimage\"},\"thumbnailUrl\":\"https:\/\/gmz.ltd\/wp-content\/uploads\/2023\/11\/line-2.png\",\"datePublished\":\"2023-09-09T09:41:51+00:00\",\"dateModified\":\"2025-05-22T03:03:17+00:00\",\"description\":\"GMZ est d\u00e9di\u00e9 \u00e0 la protection de l'environnement avec des solutions d'emballage \u00e9cologiques. D\u00e9couvrez nos pratiques et produits durables.\",\"breadcrumb\":{\"@id\":\"https:\/\/gmz.ltd\/fr\/environnement\/#breadcrumb\"},\"inLanguage\":\"fr-FR\",\"potentialAction\":[{\"@type\":\"ReadAction\",\"target\":[\"https:\/\/gmz.ltd\/fr\/environnement\/\"]}]},{\"@type\":\"ImageObject\",\"inLanguage\":\"fr-FR\",\"@id\":\"https:\/\/gmz.ltd\/fr\/environnement\/#primaryimage\",\"url\":\"https:\/\/gmz.ltd\/wp-content\/uploads\/2023\/11\/line-2.png\",\"contentUrl\":\"https:\/\/gmz.ltd\/wp-content\/uploads\/2023\/11\/line-2.png\"},{\"@type\":\"BreadcrumbList\",\"@id\":\"https:\/\/gmz.ltd\/fr\/environnement\/#breadcrumb\",\"itemListElement\":[{\"@type\":\"ListItem\",\"position\":1,\"name\":\"maison\",\"item\":\"https:\/\/gmz.ltd\/fr\/\"},{\"@type\":\"ListItem\",\"position\":2,\"name\":\"Environnement\"}]},{\"@type\":\"WebSite\",\"@id\":\"https:\/\/gmz.ltd\/fr\/#website\",\"url\":\"https:\/\/gmz.ltd\/fr\/\",\"name\":\"GMZ\",\"description\":\"\",\"publisher\":{\"@id\":\"https:\/\/gmz.ltd\/fr\/#organization\"},\"potentialAction\":[{\"@type\":\"SearchAction\",\"target\":{\"@type\":\"EntryPoint\",\"urlTemplate\":\"https:\/\/gmz.ltd\/fr\/?s={search_term_string}\"},\"query-input\":{\"@type\":\"PropertyValueSpecification\",\"valueRequired\":true,\"valueName\":\"search_term_string\"}}],\"inLanguage\":\"fr-FR\"},{\"@type\":\"Organization\",\"@id\":\"https:\/\/gmz.ltd\/fr\/#organization\",\"name\":\"GMZ\",\"url\":\"https:\/\/gmz.ltd\/fr\/\",\"logo\":{\"@type\":\"ImageObject\",\"inLanguage\":\"fr-FR\",\"@id\":\"https:\/\/gmz.ltd\/fr\/#\/schema\/logo\/image\/\",\"url\":\"https:\/\/gmz.ltd\/wp-content\/uploads\/2024\/11\/gmzpack.svg\",\"contentUrl\":\"https:\/\/gmz.ltd\/wp-content\/uploads\/2024\/11\/gmzpack.svg\",\"width\":170,\"height\":79,\"caption\":\"GMZ\"},\"image\":{\"@id\":\"https:\/\/gmz.ltd\/fr\/#\/schema\/logo\/image\/\"}}]}<\/script>\n<!-- \/ Yoast SEO Premium plugin. -->","yoast_head_json":{"title":"Notre engagement pour l'environnement - GMZ","description":"GMZ est d\u00e9di\u00e9 \u00e0 la protection de l'environnement avec des solutions d'emballage \u00e9cologiques. D\u00e9couvrez nos pratiques et produits durables.","robots":{"index":"index","follow":"follow","max-snippet":"max-snippet:-1","max-image-preview":"max-image-preview:large","max-video-preview":"max-video-preview:-1"},"canonical":"https:\/\/gmz.ltd\/fr\/environnement\/","og_locale":"fr_FR","og_type":"article","og_title":"Environnement","og_description":"GMZ est d\u00e9di\u00e9 \u00e0 la protection de l'environnement avec des solutions d'emballage \u00e9cologiques. D\u00e9couvrez nos pratiques et produits durables.","og_url":"https:\/\/gmz.ltd\/fr\/environnement\/","og_site_name":"GMZ","article_modified_time":"2025-05-22T03:03:17+00:00","og_image":[{"width":407,"height":8,"url":"https:\/\/gmz.ltd\/wp-content\/uploads\/2023\/11\/line-2.png","type":"image\/png"}],"twitter_card":"summary_large_image","twitter_misc":{"Dur\u00e9e de lecture estim\u00e9e":"3 minutes"},"schema":{"@context":"https:\/\/schema.org","@graph":[{"@type":"WebPage","@id":"https:\/\/gmz.ltd\/fr\/environnement\/","url":"https:\/\/gmz.ltd\/fr\/environnement\/","name":"Notre engagement pour l'environnement - GMZ","isPartOf":{"@id":"https:\/\/gmz.ltd\/fr\/#website"},"primaryImageOfPage":{"@id":"https:\/\/gmz.ltd\/fr\/environnement\/#primaryimage"},"image":{"@id":"https:\/\/gmz.ltd\/fr\/environnement\/#primaryimage"},"thumbnailUrl":"https:\/\/gmz.ltd\/wp-content\/uploads\/2023\/11\/line-2.png","datePublished":"2023-09-09T09:41:51+00:00","dateModified":"2025-05-22T03:03:17+00:00","description":"GMZ est d\u00e9di\u00e9 \u00e0 la protection de l'environnement avec des solutions d'emballage \u00e9cologiques. D\u00e9couvrez nos pratiques et produits durables.","breadcrumb":{"@id":"https:\/\/gmz.ltd\/fr\/environnement\/#breadcrumb"},"inLanguage":"fr-FR","potentialAction":[{"@type":"ReadAction","target":["https:\/\/gmz.ltd\/fr\/environnement\/"]}]},{"@type":"ImageObject","inLanguage":"fr-FR","@id":"https:\/\/gmz.ltd\/fr\/environnement\/#primaryimage","url":"https:\/\/gmz.ltd\/wp-content\/uploads\/2023\/11\/line-2.png","contentUrl":"https:\/\/gmz.ltd\/wp-content\/uploads\/2023\/11\/line-2.png"},{"@type":"BreadcrumbList","@id":"https:\/\/gmz.ltd\/fr\/environnement\/#breadcrumb","itemListElement":[{"@type":"ListItem","position":1,"name":"maison","item":"https:\/\/gmz.ltd\/fr\/"},{"@type":"ListItem","position":2,"name":"Environnement"}]},{"@type":"WebSite","@id":"https:\/\/gmz.ltd\/fr\/#website","url":"https:\/\/gmz.ltd\/fr\/","name":"GMZ","description":"","publisher":{"@id":"https:\/\/gmz.ltd\/fr\/#organization"},"potentialAction":[{"@type":"SearchAction","target":{"@type":"EntryPoint","urlTemplate":"https:\/\/gmz.ltd\/fr\/?s={search_term_string}"},"query-input":{"@type":"PropertyValueSpecification","valueRequired":true,"valueName":"search_term_string"}}],"inLanguage":"fr-FR"},{"@type":"Organization","@id":"https:\/\/gmz.ltd\/fr\/#organization","name":"GMZ","url":"https:\/\/gmz.ltd\/fr\/","logo":{"@type":"ImageObject","inLanguage":"fr-FR","@id":"https:\/\/gmz.ltd\/fr\/#\/schema\/logo\/image\/","url":"https:\/\/gmz.ltd\/wp-content\/uploads\/2024\/11\/gmzpack.svg","contentUrl":"https:\/\/gmz.ltd\/wp-content\/uploads\/2024\/11\/gmzpack.svg","width":170,"height":79,"caption":"GMZ"},"image":{"@id":"https:\/\/gmz.ltd\/fr\/#\/schema\/logo\/image\/"}}]}},"_links":{"self":[{"href":"https:\/\/gmz.ltd\/fr\/wp-json\/wp\/v2\/pages\/7453","targetHints":{"allow":["GET"]}}],"collection":[{"href":"https:\/\/gmz.ltd\/fr\/wp-json\/wp\/v2\/pages"}],"about":[{"href":"https:\/\/gmz.ltd\/fr\/wp-json\/wp\/v2\/types\/page"}],"author":[{"embeddable":true,"href":"https:\/\/gmz.ltd\/fr\/wp-json\/wp\/v2\/users\/1"}],"replies":[{"embeddable":true,"href":"https:\/\/gmz.ltd\/fr\/wp-json\/wp\/v2\/comments?post=7453"}],"version-history":[{"count":13,"href":"https:\/\/gmz.ltd\/fr\/wp-json\/wp\/v2\/pages\/7453\/revisions"}],"predecessor-version":[{"id":19362,"href":"https:\/\/gmz.ltd\/fr\/wp-json\/wp\/v2\/pages\/7453\/revisions\/19362"}],"wp:attachment":[{"href":"https:\/\/gmz.ltd\/fr\/wp-json\/wp\/v2\/media?parent=7453"}],"curies":[{"name":"wp","href":"https:\/\/api.w.org\/{rel}","templated":true}]}}