{"id":7806,"date":"2023-09-20T06:14:44","date_gmt":"2023-09-20T06:14:44","guid":{"rendered":"https:\/\/gmz.ltd\/product\/boites-a-pizza\/"},"modified":"2024-04-23T07:56:05","modified_gmt":"2024-04-23T07:56:05","slug":"boites-a-pizza","status":"publish","type":"product","link":"https:\/\/gmz.ltd\/fr\/produit\/boites-a-pizza\/","title":{"rendered":"Bo\u00eetes \u00e0 pizza"},"content":{"rendered":"<p>Nos bo\u00eetes \u00e0 pizza sont disponibles dans une vari\u00e9t\u00e9 de tailles, y compris avec impression personnalis\u00e9e. Facile \u00e0 utiliser et de grande duret\u00e9.<\/p>\n","protected":false},"excerpt":{"rendered":"<p>Nos bo\u00eetes \u00e0 pizza sont disponibles dans une vari\u00e9t\u00e9 de tailles, y compris avec impression personnalis\u00e9e. Facile \u00e0 utiliser et de grande duret\u00e9.<\/p>\n<ul>\n<li>Bas MOQ<\/li>\n<li>Exp\u00e9di\u00e9 \u00e0 plat<\/li>\n<li>Facile \u00e0 utiliser<\/li>\n<li>L&rsquo;impression personnalis\u00e9e est disponible<\/li>\n<\/ul>\n","protected":false},"featured_media":5373,"template":"","meta":{"_joinchat":[]},"product_brand":[],"product_cat":[108],"product_tag":[],"class_list":{"0":"post-7806","1":"product","2":"type-product","3":"status-publish","4":"has-post-thumbnail","6":"product_cat-contenants-alimentaires","8":"first","9":"instock","10":"shipping-taxable","11":"product-type-simple"},"acf":[],"yoast_head":"<!-- This site is optimized with the Yoast SEO Premium plugin v22.5 (Yoast SEO v26.6) - https:\/\/yoast.com\/wordpress\/plugins\/seo\/ -->\n<title>Fabricant et fournisseur de bo\u00eetes \u00e0 pizza : Bo\u00eete \u00e0 pizza en papier en gros \u00e0 prix de gros. - GMZ<\/title>\n<meta name=\"description\" content=\"D\u00e9couvrez des bo\u00eetes \u00e0 pizza personnalis\u00e9es de haute qualit\u00e9 avec de faibles quantit\u00e9s minimales de commande (MOQ). Choisissez GMZ, votre fournisseur de bo\u00eetes \u00e0 pizza de confiance pour les commandes en gros et en grande quantit\u00e9. Personnalisez avec le logo de votre marque.\" \/>\n<meta name=\"robots\" content=\"index, follow, max-snippet:-1, max-image-preview:large, max-video-preview:-1\" \/>\n<link rel=\"canonical\" href=\"https:\/\/gmz.ltd\/fr\/produit\/boites-a-pizza\/\" \/>\n<meta property=\"og:locale\" content=\"fr_FR\" \/>\n<meta property=\"og:type\" content=\"article\" \/>\n<meta property=\"og:title\" content=\"Bo\u00eetes \u00e0 pizza\" \/>\n<meta property=\"og:description\" content=\"D\u00e9couvrez des bo\u00eetes \u00e0 pizza personnalis\u00e9es de haute qualit\u00e9 avec de faibles quantit\u00e9s minimales de commande (MOQ). Choisissez GMZ, votre fournisseur de bo\u00eetes \u00e0 pizza de confiance pour les commandes en gros et en grande quantit\u00e9. Personnalisez avec le logo de votre marque.\" \/>\n<meta property=\"og:url\" content=\"https:\/\/gmz.ltd\/fr\/produit\/boites-a-pizza\/\" \/>\n<meta property=\"og:site_name\" content=\"GMZ\" \/>\n<meta property=\"article:modified_time\" content=\"2024-04-23T07:56:05+00:00\" \/>\n<meta property=\"og:image\" content=\"https:\/\/gmz.ltd\/wp-content\/uploads\/2023\/09\/1-1.jpg\" \/>\n\t<meta property=\"og:image:width\" content=\"800\" \/>\n\t<meta property=\"og:image:height\" content=\"800\" \/>\n\t<meta property=\"og:image:type\" content=\"image\/jpeg\" \/>\n<meta name=\"twitter:card\" content=\"summary_large_image\" \/>\n<script type=\"application\/ld+json\" class=\"yoast-schema-graph\">{\"@context\":\"https:\/\/schema.org\",\"@graph\":[{\"@type\":\"WebPage\",\"@id\":\"https:\/\/gmz.ltd\/fr\/produit\/boites-a-pizza\/\",\"url\":\"https:\/\/gmz.ltd\/fr\/produit\/boites-a-pizza\/\",\"name\":\"Fabricant et fournisseur de bo\u00eetes \u00e0 pizza : Bo\u00eete \u00e0 pizza en papier en gros \u00e0 prix de gros. - GMZ\",\"isPartOf\":{\"@id\":\"https:\/\/gmz.ltd\/fr\/#website\"},\"primaryImageOfPage\":{\"@id\":\"https:\/\/gmz.ltd\/fr\/produit\/boites-a-pizza\/#primaryimage\"},\"image\":{\"@id\":\"https:\/\/gmz.ltd\/fr\/produit\/boites-a-pizza\/#primaryimage\"},\"thumbnailUrl\":\"https:\/\/gmz.ltd\/wp-content\/uploads\/2023\/09\/1-1.jpg\",\"datePublished\":\"2023-09-20T06:14:44+00:00\",\"dateModified\":\"2024-04-23T07:56:05+00:00\",\"description\":\"D\u00e9couvrez des bo\u00eetes \u00e0 pizza personnalis\u00e9es de haute qualit\u00e9 avec de faibles quantit\u00e9s minimales de commande (MOQ). Choisissez GMZ, votre fournisseur de bo\u00eetes \u00e0 pizza de confiance pour les commandes en gros et en grande quantit\u00e9. Personnalisez avec le logo de votre marque.\",\"breadcrumb\":{\"@id\":\"https:\/\/gmz.ltd\/fr\/produit\/boites-a-pizza\/#breadcrumb\"},\"inLanguage\":\"fr-FR\",\"potentialAction\":[{\"@type\":\"ReadAction\",\"target\":[\"https:\/\/gmz.ltd\/fr\/produit\/boites-a-pizza\/\"]}]},{\"@type\":\"ImageObject\",\"inLanguage\":\"fr-FR\",\"@id\":\"https:\/\/gmz.ltd\/fr\/produit\/boites-a-pizza\/#primaryimage\",\"url\":\"https:\/\/gmz.ltd\/wp-content\/uploads\/2023\/09\/1-1.jpg\",\"contentUrl\":\"https:\/\/gmz.ltd\/wp-content\/uploads\/2023\/09\/1-1.jpg\",\"width\":800,\"height\":800},{\"@type\":\"BreadcrumbList\",\"@id\":\"https:\/\/gmz.ltd\/fr\/produit\/boites-a-pizza\/#breadcrumb\",\"itemListElement\":[{\"@type\":\"ListItem\",\"position\":1,\"name\":\"maison\",\"item\":\"https:\/\/gmz.ltd\/fr\/\"},{\"@type\":\"ListItem\",\"position\":2,\"name\":\"Produits\",\"item\":\"https:\/\/gmz.ltd\/fr\/boutique\/\"},{\"@type\":\"ListItem\",\"position\":3,\"name\":\"Contenants Alimentaires\",\"item\":\"https:\/\/gmz.ltd\/fr\/categorie-produit\/contenants-alimentaires\/\"},{\"@type\":\"ListItem\",\"position\":4,\"name\":\"Bo\u00eetes \u00e0 pizza\"}]},{\"@type\":\"WebSite\",\"@id\":\"https:\/\/gmz.ltd\/fr\/#website\",\"url\":\"https:\/\/gmz.ltd\/fr\/\",\"name\":\"GMZ\",\"description\":\"\",\"publisher\":{\"@id\":\"https:\/\/gmz.ltd\/fr\/#organization\"},\"potentialAction\":[{\"@type\":\"SearchAction\",\"target\":{\"@type\":\"EntryPoint\",\"urlTemplate\":\"https:\/\/gmz.ltd\/fr\/?s={search_term_string}\"},\"query-input\":{\"@type\":\"PropertyValueSpecification\",\"valueRequired\":true,\"valueName\":\"search_term_string\"}}],\"inLanguage\":\"fr-FR\"},{\"@type\":\"Organization\",\"@id\":\"https:\/\/gmz.ltd\/fr\/#organization\",\"name\":\"GMZ\",\"url\":\"https:\/\/gmz.ltd\/fr\/\",\"logo\":{\"@type\":\"ImageObject\",\"inLanguage\":\"fr-FR\",\"@id\":\"https:\/\/gmz.ltd\/fr\/#\/schema\/logo\/image\/\",\"url\":\"https:\/\/gmz.ltd\/wp-content\/uploads\/2024\/11\/gmzpack.svg\",\"contentUrl\":\"https:\/\/gmz.ltd\/wp-content\/uploads\/2024\/11\/gmzpack.svg\",\"width\":170,\"height\":79,\"caption\":\"GMZ\"},\"image\":{\"@id\":\"https:\/\/gmz.ltd\/fr\/#\/schema\/logo\/image\/\"}}]}<\/script>\n<!-- \/ Yoast SEO Premium plugin. -->","yoast_head_json":{"title":"Fabricant et fournisseur de bo\u00eetes \u00e0 pizza : Bo\u00eete \u00e0 pizza en papier en gros \u00e0 prix de gros. - GMZ","description":"D\u00e9couvrez des bo\u00eetes \u00e0 pizza personnalis\u00e9es de haute qualit\u00e9 avec de faibles quantit\u00e9s minimales de commande (MOQ). Choisissez GMZ, votre fournisseur de bo\u00eetes \u00e0 pizza de confiance pour les commandes en gros et en grande quantit\u00e9. Personnalisez avec le logo de votre marque.","robots":{"index":"index","follow":"follow","max-snippet":"max-snippet:-1","max-image-preview":"max-image-preview:large","max-video-preview":"max-video-preview:-1"},"canonical":"https:\/\/gmz.ltd\/fr\/produit\/boites-a-pizza\/","og_locale":"fr_FR","og_type":"article","og_title":"Bo\u00eetes \u00e0 pizza","og_description":"D\u00e9couvrez des bo\u00eetes \u00e0 pizza personnalis\u00e9es de haute qualit\u00e9 avec de faibles quantit\u00e9s minimales de commande (MOQ). Choisissez GMZ, votre fournisseur de bo\u00eetes \u00e0 pizza de confiance pour les commandes en gros et en grande quantit\u00e9. Personnalisez avec le logo de votre marque.","og_url":"https:\/\/gmz.ltd\/fr\/produit\/boites-a-pizza\/","og_site_name":"GMZ","article_modified_time":"2024-04-23T07:56:05+00:00","og_image":[{"width":800,"height":800,"url":"https:\/\/gmz.ltd\/wp-content\/uploads\/2023\/09\/1-1.jpg","type":"image\/jpeg"}],"twitter_card":"summary_large_image","schema":{"@context":"https:\/\/schema.org","@graph":[{"@type":"WebPage","@id":"https:\/\/gmz.ltd\/fr\/produit\/boites-a-pizza\/","url":"https:\/\/gmz.ltd\/fr\/produit\/boites-a-pizza\/","name":"Fabricant et fournisseur de bo\u00eetes \u00e0 pizza : Bo\u00eete \u00e0 pizza en papier en gros \u00e0 prix de gros. - GMZ","isPartOf":{"@id":"https:\/\/gmz.ltd\/fr\/#website"},"primaryImageOfPage":{"@id":"https:\/\/gmz.ltd\/fr\/produit\/boites-a-pizza\/#primaryimage"},"image":{"@id":"https:\/\/gmz.ltd\/fr\/produit\/boites-a-pizza\/#primaryimage"},"thumbnailUrl":"https:\/\/gmz.ltd\/wp-content\/uploads\/2023\/09\/1-1.jpg","datePublished":"2023-09-20T06:14:44+00:00","dateModified":"2024-04-23T07:56:05+00:00","description":"D\u00e9couvrez des bo\u00eetes \u00e0 pizza personnalis\u00e9es de haute qualit\u00e9 avec de faibles quantit\u00e9s minimales de commande (MOQ). Choisissez GMZ, votre fournisseur de bo\u00eetes \u00e0 pizza de confiance pour les commandes en gros et en grande quantit\u00e9. Personnalisez avec le logo de votre marque.","breadcrumb":{"@id":"https:\/\/gmz.ltd\/fr\/produit\/boites-a-pizza\/#breadcrumb"},"inLanguage":"fr-FR","potentialAction":[{"@type":"ReadAction","target":["https:\/\/gmz.ltd\/fr\/produit\/boites-a-pizza\/"]}]},{"@type":"ImageObject","inLanguage":"fr-FR","@id":"https:\/\/gmz.ltd\/fr\/produit\/boites-a-pizza\/#primaryimage","url":"https:\/\/gmz.ltd\/wp-content\/uploads\/2023\/09\/1-1.jpg","contentUrl":"https:\/\/gmz.ltd\/wp-content\/uploads\/2023\/09\/1-1.jpg","width":800,"height":800},{"@type":"BreadcrumbList","@id":"https:\/\/gmz.ltd\/fr\/produit\/boites-a-pizza\/#breadcrumb","itemListElement":[{"@type":"ListItem","position":1,"name":"maison","item":"https:\/\/gmz.ltd\/fr\/"},{"@type":"ListItem","position":2,"name":"Produits","item":"https:\/\/gmz.ltd\/fr\/boutique\/"},{"@type":"ListItem","position":3,"name":"Contenants Alimentaires","item":"https:\/\/gmz.ltd\/fr\/categorie-produit\/contenants-alimentaires\/"},{"@type":"ListItem","position":4,"name":"Bo\u00eetes \u00e0 pizza"}]},{"@type":"WebSite","@id":"https:\/\/gmz.ltd\/fr\/#website","url":"https:\/\/gmz.ltd\/fr\/","name":"GMZ","description":"","publisher":{"@id":"https:\/\/gmz.ltd\/fr\/#organization"},"potentialAction":[{"@type":"SearchAction","target":{"@type":"EntryPoint","urlTemplate":"https:\/\/gmz.ltd\/fr\/?s={search_term_string}"},"query-input":{"@type":"PropertyValueSpecification","valueRequired":true,"valueName":"search_term_string"}}],"inLanguage":"fr-FR"},{"@type":"Organization","@id":"https:\/\/gmz.ltd\/fr\/#organization","name":"GMZ","url":"https:\/\/gmz.ltd\/fr\/","logo":{"@type":"ImageObject","inLanguage":"fr-FR","@id":"https:\/\/gmz.ltd\/fr\/#\/schema\/logo\/image\/","url":"https:\/\/gmz.ltd\/wp-content\/uploads\/2024\/11\/gmzpack.svg","contentUrl":"https:\/\/gmz.ltd\/wp-content\/uploads\/2024\/11\/gmzpack.svg","width":170,"height":79,"caption":"GMZ"},"image":{"@id":"https:\/\/gmz.ltd\/fr\/#\/schema\/logo\/image\/"}}]}},"_links":{"self":[{"href":"https:\/\/gmz.ltd\/fr\/wp-json\/wp\/v2\/product\/7806","targetHints":{"allow":["GET"]}}],"collection":[{"href":"https:\/\/gmz.ltd\/fr\/wp-json\/wp\/v2\/product"}],"about":[{"href":"https:\/\/gmz.ltd\/fr\/wp-json\/wp\/v2\/types\/product"}],"version-history":[{"count":1,"href":"https:\/\/gmz.ltd\/fr\/wp-json\/wp\/v2\/product\/7806\/revisions"}],"predecessor-version":[{"id":9529,"href":"https:\/\/gmz.ltd\/fr\/wp-json\/wp\/v2\/product\/7806\/revisions\/9529"}],"wp:featuredmedia":[{"embeddable":true,"href":"https:\/\/gmz.ltd\/fr\/wp-json\/wp\/v2\/media\/5373"}],"wp:attachment":[{"href":"https:\/\/gmz.ltd\/fr\/wp-json\/wp\/v2\/media?parent=7806"}],"wp:term":[{"taxonomy":"product_brand","embeddable":true,"href":"https:\/\/gmz.ltd\/fr\/wp-json\/wp\/v2\/product_brand?post=7806"},{"taxonomy":"product_cat","embeddable":true,"href":"https:\/\/gmz.ltd\/fr\/wp-json\/wp\/v2\/product_cat?post=7806"},{"taxonomy":"product_tag","embeddable":true,"href":"https:\/\/gmz.ltd\/fr\/wp-json\/wp\/v2\/product_tag?post=7806"}],"curies":[{"name":"wp","href":"https:\/\/api.w.org\/{rel}","templated":true}]}}