{"id":7810,"date":"2023-09-20T06:13:20","date_gmt":"2023-09-20T06:13:20","guid":{"rendered":"https:\/\/gmz.ltd\/product\/contenants-pour-aliments-a-emporter\/"},"modified":"2023-09-20T06:13:20","modified_gmt":"2023-09-20T06:13:20","slug":"contenants-pour-aliments-a-emporter","status":"publish","type":"product","link":"https:\/\/gmz.ltd\/fr\/produit\/contenants-pour-aliments-a-emporter\/","title":{"rendered":"Contenants pour aliments \u00e0 emporter"},"content":{"rendered":"<p>Notre s\u00e9rie de bo\u00eetes \u00e0 lunch \u00e0 emporter est disponible dans une large gamme de mod\u00e8les et de tailles, adapt\u00e9e aux besoins de la plupart des march\u00e9s de restauration dans le monde.<\/p>\n","protected":false},"excerpt":{"rendered":"<p>D\u00e9couvrez le partenaire id\u00e9al pour votre service de livraison et de plats \u00e0 emporter avec notre s\u00e9rie de bo\u00eetes alimentaires \u00e0 emporter. Nous avons cr\u00e9\u00e9 une gamme de contenants qui ne sont pas seulement esth\u00e9tiques, mais aussi pratiques et solides, pr\u00eats \u00e0 r\u00e9pondre aux besoins de n&rsquo;importe quelle cuisine, partout dans le monde.<\/p>\n<ul>\n<li>Disponible dans diff\u00e9rents styles et tailles<\/li>\n<li>Fabriqu\u00e9 \u00e0 partir de mat\u00e9riaux en papier approuv\u00e9s par le FCM<\/li>\n<li>S\u00fbr pour le contact alimentaire et non toxique<\/li>\n<li>\u00c9tanche et r\u00e9sistant \u00e0 la graisse<\/li>\n<li>Exp\u00e9di\u00e9 \u00e0 plat pour un transport pratique<\/li>\n<li>Facile \u00e0 plier en forme<\/li>\n<\/ul>\n","protected":false},"featured_media":5381,"template":"","meta":{"_joinchat":[]},"product_brand":[],"product_cat":[108],"product_tag":[],"class_list":{"0":"post-7810","1":"product","2":"type-product","3":"status-publish","4":"has-post-thumbnail","6":"product_cat-contenants-alimentaires","8":"first","9":"instock","10":"shipping-taxable","11":"product-type-simple"},"acf":[],"yoast_head":"<!-- This site is optimized with the Yoast SEO Premium plugin v22.5 (Yoast SEO v26.6) - https:\/\/yoast.com\/wordpress\/plugins\/seo\/ -->\n<title>Fournisseur d&#039;emballages \u00e0 emporter - Contenants en papier pour plats \u00e0 emporter en gros - GMZ<\/title>\n<meta name=\"description\" content=\"Vous recherchez des contenants alimentaires en gros pour les plats \u00e0 emporter? GMZ propose des bo\u00eetes \u00e0 lunch en papier en gros en couleurs kraft et blanche, avec des services d&#039;impression personnalis\u00e9s. Trouvez des contenants \u00e0 emporter compostables et \u00e9cologiques chez GMZ. Envoyez une demande maintenant !\" \/>\n<meta name=\"robots\" content=\"index, follow, max-snippet:-1, max-image-preview:large, max-video-preview:-1\" \/>\n<link rel=\"canonical\" href=\"https:\/\/gmz.ltd\/fr\/produit\/contenants-pour-aliments-a-emporter\/\" \/>\n<meta property=\"og:locale\" content=\"fr_FR\" \/>\n<meta property=\"og:type\" content=\"article\" \/>\n<meta property=\"og:title\" content=\"Contenants pour aliments \u00e0 emporter\" \/>\n<meta property=\"og:description\" content=\"Vous recherchez des contenants alimentaires en gros pour les plats \u00e0 emporter? GMZ propose des bo\u00eetes \u00e0 lunch en papier en gros en couleurs kraft et blanche, avec des services d&#039;impression personnalis\u00e9s. Trouvez des contenants \u00e0 emporter compostables et \u00e9cologiques chez GMZ. Envoyez une demande maintenant !\" \/>\n<meta property=\"og:url\" content=\"https:\/\/gmz.ltd\/fr\/produit\/contenants-pour-aliments-a-emporter\/\" \/>\n<meta property=\"og:site_name\" content=\"GMZ\" \/>\n<meta property=\"og:image\" content=\"https:\/\/gmz.ltd\/wp-content\/uploads\/2023\/09\/0.jpg\" \/>\n\t<meta property=\"og:image:width\" content=\"800\" \/>\n\t<meta property=\"og:image:height\" content=\"800\" \/>\n\t<meta property=\"og:image:type\" content=\"image\/jpeg\" \/>\n<meta name=\"twitter:card\" content=\"summary_large_image\" \/>\n<script type=\"application\/ld+json\" class=\"yoast-schema-graph\">{\"@context\":\"https:\/\/schema.org\",\"@graph\":[{\"@type\":\"WebPage\",\"@id\":\"https:\/\/gmz.ltd\/fr\/produit\/contenants-pour-aliments-a-emporter\/\",\"url\":\"https:\/\/gmz.ltd\/fr\/produit\/contenants-pour-aliments-a-emporter\/\",\"name\":\"Fournisseur d'emballages \u00e0 emporter - Contenants en papier pour plats \u00e0 emporter en gros - GMZ\",\"isPartOf\":{\"@id\":\"https:\/\/gmz.ltd\/fr\/#website\"},\"primaryImageOfPage\":{\"@id\":\"https:\/\/gmz.ltd\/fr\/produit\/contenants-pour-aliments-a-emporter\/#primaryimage\"},\"image\":{\"@id\":\"https:\/\/gmz.ltd\/fr\/produit\/contenants-pour-aliments-a-emporter\/#primaryimage\"},\"thumbnailUrl\":\"https:\/\/gmz.ltd\/wp-content\/uploads\/2023\/09\/0.jpg\",\"datePublished\":\"2023-09-20T06:13:20+00:00\",\"description\":\"Vous recherchez des contenants alimentaires en gros pour les plats \u00e0 emporter? GMZ propose des bo\u00eetes \u00e0 lunch en papier en gros en couleurs kraft et blanche, avec des services d'impression personnalis\u00e9s. Trouvez des contenants \u00e0 emporter compostables et \u00e9cologiques chez GMZ. Envoyez une demande maintenant !\",\"breadcrumb\":{\"@id\":\"https:\/\/gmz.ltd\/fr\/produit\/contenants-pour-aliments-a-emporter\/#breadcrumb\"},\"inLanguage\":\"fr-FR\",\"potentialAction\":[{\"@type\":\"ReadAction\",\"target\":[\"https:\/\/gmz.ltd\/fr\/produit\/contenants-pour-aliments-a-emporter\/\"]}]},{\"@type\":\"ImageObject\",\"inLanguage\":\"fr-FR\",\"@id\":\"https:\/\/gmz.ltd\/fr\/produit\/contenants-pour-aliments-a-emporter\/#primaryimage\",\"url\":\"https:\/\/gmz.ltd\/wp-content\/uploads\/2023\/09\/0.jpg\",\"contentUrl\":\"https:\/\/gmz.ltd\/wp-content\/uploads\/2023\/09\/0.jpg\",\"width\":800,\"height\":800},{\"@type\":\"BreadcrumbList\",\"@id\":\"https:\/\/gmz.ltd\/fr\/produit\/contenants-pour-aliments-a-emporter\/#breadcrumb\",\"itemListElement\":[{\"@type\":\"ListItem\",\"position\":1,\"name\":\"maison\",\"item\":\"https:\/\/gmz.ltd\/fr\/\"},{\"@type\":\"ListItem\",\"position\":2,\"name\":\"Produits\",\"item\":\"https:\/\/gmz.ltd\/fr\/boutique\/\"},{\"@type\":\"ListItem\",\"position\":3,\"name\":\"Contenants pour aliments \u00e0 emporter\"}]},{\"@type\":\"WebSite\",\"@id\":\"https:\/\/gmz.ltd\/fr\/#website\",\"url\":\"https:\/\/gmz.ltd\/fr\/\",\"name\":\"GMZ\",\"description\":\"\",\"publisher\":{\"@id\":\"https:\/\/gmz.ltd\/fr\/#organization\"},\"potentialAction\":[{\"@type\":\"SearchAction\",\"target\":{\"@type\":\"EntryPoint\",\"urlTemplate\":\"https:\/\/gmz.ltd\/fr\/?s={search_term_string}\"},\"query-input\":{\"@type\":\"PropertyValueSpecification\",\"valueRequired\":true,\"valueName\":\"search_term_string\"}}],\"inLanguage\":\"fr-FR\"},{\"@type\":\"Organization\",\"@id\":\"https:\/\/gmz.ltd\/fr\/#organization\",\"name\":\"GMZ\",\"url\":\"https:\/\/gmz.ltd\/fr\/\",\"logo\":{\"@type\":\"ImageObject\",\"inLanguage\":\"fr-FR\",\"@id\":\"https:\/\/gmz.ltd\/fr\/#\/schema\/logo\/image\/\",\"url\":\"https:\/\/gmz.ltd\/wp-content\/uploads\/2024\/11\/gmzpack.svg\",\"contentUrl\":\"https:\/\/gmz.ltd\/wp-content\/uploads\/2024\/11\/gmzpack.svg\",\"width\":170,\"height\":79,\"caption\":\"GMZ\"},\"image\":{\"@id\":\"https:\/\/gmz.ltd\/fr\/#\/schema\/logo\/image\/\"}}]}<\/script>\n<!-- \/ Yoast SEO Premium plugin. -->","yoast_head_json":{"title":"Fournisseur d'emballages \u00e0 emporter - Contenants en papier pour plats \u00e0 emporter en gros - GMZ","description":"Vous recherchez des contenants alimentaires en gros pour les plats \u00e0 emporter? GMZ propose des bo\u00eetes \u00e0 lunch en papier en gros en couleurs kraft et blanche, avec des services d'impression personnalis\u00e9s. Trouvez des contenants \u00e0 emporter compostables et \u00e9cologiques chez GMZ. Envoyez une demande maintenant !","robots":{"index":"index","follow":"follow","max-snippet":"max-snippet:-1","max-image-preview":"max-image-preview:large","max-video-preview":"max-video-preview:-1"},"canonical":"https:\/\/gmz.ltd\/fr\/produit\/contenants-pour-aliments-a-emporter\/","og_locale":"fr_FR","og_type":"article","og_title":"Contenants pour aliments \u00e0 emporter","og_description":"Vous recherchez des contenants alimentaires en gros pour les plats \u00e0 emporter? GMZ propose des bo\u00eetes \u00e0 lunch en papier en gros en couleurs kraft et blanche, avec des services d'impression personnalis\u00e9s. Trouvez des contenants \u00e0 emporter compostables et \u00e9cologiques chez GMZ. Envoyez une demande maintenant !","og_url":"https:\/\/gmz.ltd\/fr\/produit\/contenants-pour-aliments-a-emporter\/","og_site_name":"GMZ","og_image":[{"width":800,"height":800,"url":"https:\/\/gmz.ltd\/wp-content\/uploads\/2023\/09\/0.jpg","type":"image\/jpeg"}],"twitter_card":"summary_large_image","schema":{"@context":"https:\/\/schema.org","@graph":[{"@type":"WebPage","@id":"https:\/\/gmz.ltd\/fr\/produit\/contenants-pour-aliments-a-emporter\/","url":"https:\/\/gmz.ltd\/fr\/produit\/contenants-pour-aliments-a-emporter\/","name":"Fournisseur d'emballages \u00e0 emporter - Contenants en papier pour plats \u00e0 emporter en gros - GMZ","isPartOf":{"@id":"https:\/\/gmz.ltd\/fr\/#website"},"primaryImageOfPage":{"@id":"https:\/\/gmz.ltd\/fr\/produit\/contenants-pour-aliments-a-emporter\/#primaryimage"},"image":{"@id":"https:\/\/gmz.ltd\/fr\/produit\/contenants-pour-aliments-a-emporter\/#primaryimage"},"thumbnailUrl":"https:\/\/gmz.ltd\/wp-content\/uploads\/2023\/09\/0.jpg","datePublished":"2023-09-20T06:13:20+00:00","description":"Vous recherchez des contenants alimentaires en gros pour les plats \u00e0 emporter? GMZ propose des bo\u00eetes \u00e0 lunch en papier en gros en couleurs kraft et blanche, avec des services d'impression personnalis\u00e9s. Trouvez des contenants \u00e0 emporter compostables et \u00e9cologiques chez GMZ. Envoyez une demande maintenant !","breadcrumb":{"@id":"https:\/\/gmz.ltd\/fr\/produit\/contenants-pour-aliments-a-emporter\/#breadcrumb"},"inLanguage":"fr-FR","potentialAction":[{"@type":"ReadAction","target":["https:\/\/gmz.ltd\/fr\/produit\/contenants-pour-aliments-a-emporter\/"]}]},{"@type":"ImageObject","inLanguage":"fr-FR","@id":"https:\/\/gmz.ltd\/fr\/produit\/contenants-pour-aliments-a-emporter\/#primaryimage","url":"https:\/\/gmz.ltd\/wp-content\/uploads\/2023\/09\/0.jpg","contentUrl":"https:\/\/gmz.ltd\/wp-content\/uploads\/2023\/09\/0.jpg","width":800,"height":800},{"@type":"BreadcrumbList","@id":"https:\/\/gmz.ltd\/fr\/produit\/contenants-pour-aliments-a-emporter\/#breadcrumb","itemListElement":[{"@type":"ListItem","position":1,"name":"maison","item":"https:\/\/gmz.ltd\/fr\/"},{"@type":"ListItem","position":2,"name":"Produits","item":"https:\/\/gmz.ltd\/fr\/boutique\/"},{"@type":"ListItem","position":3,"name":"Contenants pour aliments \u00e0 emporter"}]},{"@type":"WebSite","@id":"https:\/\/gmz.ltd\/fr\/#website","url":"https:\/\/gmz.ltd\/fr\/","name":"GMZ","description":"","publisher":{"@id":"https:\/\/gmz.ltd\/fr\/#organization"},"potentialAction":[{"@type":"SearchAction","target":{"@type":"EntryPoint","urlTemplate":"https:\/\/gmz.ltd\/fr\/?s={search_term_string}"},"query-input":{"@type":"PropertyValueSpecification","valueRequired":true,"valueName":"search_term_string"}}],"inLanguage":"fr-FR"},{"@type":"Organization","@id":"https:\/\/gmz.ltd\/fr\/#organization","name":"GMZ","url":"https:\/\/gmz.ltd\/fr\/","logo":{"@type":"ImageObject","inLanguage":"fr-FR","@id":"https:\/\/gmz.ltd\/fr\/#\/schema\/logo\/image\/","url":"https:\/\/gmz.ltd\/wp-content\/uploads\/2024\/11\/gmzpack.svg","contentUrl":"https:\/\/gmz.ltd\/wp-content\/uploads\/2024\/11\/gmzpack.svg","width":170,"height":79,"caption":"GMZ"},"image":{"@id":"https:\/\/gmz.ltd\/fr\/#\/schema\/logo\/image\/"}}]}},"_links":{"self":[{"href":"https:\/\/gmz.ltd\/fr\/wp-json\/wp\/v2\/product\/7810","targetHints":{"allow":["GET"]}}],"collection":[{"href":"https:\/\/gmz.ltd\/fr\/wp-json\/wp\/v2\/product"}],"about":[{"href":"https:\/\/gmz.ltd\/fr\/wp-json\/wp\/v2\/types\/product"}],"version-history":[{"count":0,"href":"https:\/\/gmz.ltd\/fr\/wp-json\/wp\/v2\/product\/7810\/revisions"}],"wp:featuredmedia":[{"embeddable":true,"href":"https:\/\/gmz.ltd\/fr\/wp-json\/wp\/v2\/media\/5381"}],"wp:attachment":[{"href":"https:\/\/gmz.ltd\/fr\/wp-json\/wp\/v2\/media?parent=7810"}],"wp:term":[{"taxonomy":"product_brand","embeddable":true,"href":"https:\/\/gmz.ltd\/fr\/wp-json\/wp\/v2\/product_brand?post=7810"},{"taxonomy":"product_cat","embeddable":true,"href":"https:\/\/gmz.ltd\/fr\/wp-json\/wp\/v2\/product_cat?post=7810"},{"taxonomy":"product_tag","embeddable":true,"href":"https:\/\/gmz.ltd\/fr\/wp-json\/wp\/v2\/product_tag?post=7810"}],"curies":[{"name":"wp","href":"https:\/\/api.w.org\/{rel}","templated":true}]}}