{"id":7814,"date":"2023-09-20T06:12:48","date_gmt":"2023-09-20T06:12:48","guid":{"rendered":"https:\/\/gmz.ltd\/product\/bols-en-papier\/"},"modified":"2023-09-20T06:12:48","modified_gmt":"2023-09-20T06:12:48","slug":"bols-en-papier","status":"publish","type":"product","link":"https:\/\/gmz.ltd\/fr\/produit\/bols-en-papier\/","title":{"rendered":"Bols en papier"},"content":{"rendered":"<p>La s\u00e9rie de bols en papier est l&rsquo;un des contenants de nourriture \u00e0 emporter les plus populaires au monde, elle est \u00e9conomique et durable, et peut \u00eatre utilis\u00e9e pour contenir des nouilles, des salades, de la pizza et plus encore.<\/p>\n","protected":false},"excerpt":{"rendered":"<p>La s\u00e9rie de bols en papier est l&rsquo;un des contenants de nourriture \u00e0 emporter les plus populaires au monde. Elle est durable, \u00e9conomique et a \u00e9galement une belle apparence. Adapt\u00e9s \u00e0 une vari\u00e9t\u00e9 d&rsquo;aliments, des nouilles et salades \u00e0 la pizza, nos bols en papier sont con\u00e7us pour offrir une exp\u00e9rience de repas sans fuite et sans d\u00e9sordre.<\/p>\n<ul>\n<li>Fabriqu\u00e9 \u00e0 partir de papier alimentaire de haute qualit\u00e9<\/li>\n<li>Rev\u00eatu d&rsquo;un mat\u00e9riel sp\u00e9cial pour \u00eatre \u00e9tanche<\/li>\n<li>Adapt\u00e9 \u00e0 une vari\u00e9t\u00e9 d&rsquo;aliments chauds ou froids<\/li>\n<li>Disponible en bols de papier blanc et kraft<\/li>\n<li>Couvercles PET ou PP optionnels pour les besoins de vente \u00e0 emporter ou de livraison<\/li>\n<li>Impression personnalis\u00e9e disponible pour le branding<\/li>\n<\/ul>\n","protected":false},"featured_media":5401,"template":"","meta":{"_joinchat":[]},"product_brand":[],"product_cat":[108],"product_tag":[],"class_list":{"0":"post-7814","1":"product","2":"type-product","3":"status-publish","4":"has-post-thumbnail","6":"product_cat-contenants-alimentaires","8":"first","9":"instock","10":"shipping-taxable","11":"product-type-simple"},"acf":[],"yoast_head":"<!-- This site is optimized with the Yoast SEO Premium plugin v22.5 (Yoast SEO v26.6) - https:\/\/yoast.com\/wordpress\/plugins\/seo\/ -->\n<title>Fabricant et fournisseur de bols en papier - Bols jetables en gros pour emporter avec couvercles - GMZ<\/title>\n<meta name=\"description\" content=\"Achetez des bols en papier jetables \u00e0 prix de gros chez GMZ. Nos bols \u00e0 emporter en gros avec couvercles sont con\u00e7us pour servir des aliments froids et chauds, disponibles dans des tailles allant de 500 ml \u00e0 1300 ml. Personnalisez votre logo sur nos bols en papier vierges, disponibles en couleurs kraft et blanc. Choisissez GMZ pour l&#039;emballage de nourriture \u00e0 emporter de la meilleure qualit\u00e9.\" \/>\n<meta name=\"robots\" content=\"index, follow, max-snippet:-1, max-image-preview:large, max-video-preview:-1\" \/>\n<link rel=\"canonical\" href=\"https:\/\/gmz.ltd\/fr\/produit\/bols-en-papier\/\" \/>\n<meta property=\"og:locale\" content=\"fr_FR\" \/>\n<meta property=\"og:type\" content=\"article\" \/>\n<meta property=\"og:title\" content=\"Bols en papier\" \/>\n<meta property=\"og:description\" content=\"Achetez des bols en papier jetables \u00e0 prix de gros chez GMZ. Nos bols \u00e0 emporter en gros avec couvercles sont con\u00e7us pour servir des aliments froids et chauds, disponibles dans des tailles allant de 500 ml \u00e0 1300 ml. Personnalisez votre logo sur nos bols en papier vierges, disponibles en couleurs kraft et blanc. Choisissez GMZ pour l&#039;emballage de nourriture \u00e0 emporter de la meilleure qualit\u00e9.\" \/>\n<meta property=\"og:url\" content=\"https:\/\/gmz.ltd\/fr\/produit\/bols-en-papier\/\" \/>\n<meta property=\"og:site_name\" content=\"GMZ\" \/>\n<meta property=\"og:image\" content=\"https:\/\/gmz.ltd\/wp-content\/uploads\/2023\/09\/0.jpeg\" \/>\n\t<meta property=\"og:image:width\" content=\"800\" \/>\n\t<meta property=\"og:image:height\" content=\"800\" \/>\n\t<meta property=\"og:image:type\" content=\"image\/jpeg\" \/>\n<meta name=\"twitter:card\" content=\"summary_large_image\" \/>\n<script type=\"application\/ld+json\" class=\"yoast-schema-graph\">{\"@context\":\"https:\/\/schema.org\",\"@graph\":[{\"@type\":\"WebPage\",\"@id\":\"https:\/\/gmz.ltd\/fr\/produit\/bols-en-papier\/\",\"url\":\"https:\/\/gmz.ltd\/fr\/produit\/bols-en-papier\/\",\"name\":\"Fabricant et fournisseur de bols en papier - Bols jetables en gros pour emporter avec couvercles - GMZ\",\"isPartOf\":{\"@id\":\"https:\/\/gmz.ltd\/fr\/#website\"},\"primaryImageOfPage\":{\"@id\":\"https:\/\/gmz.ltd\/fr\/produit\/bols-en-papier\/#primaryimage\"},\"image\":{\"@id\":\"https:\/\/gmz.ltd\/fr\/produit\/bols-en-papier\/#primaryimage\"},\"thumbnailUrl\":\"https:\/\/gmz.ltd\/wp-content\/uploads\/2023\/09\/0.jpeg\",\"datePublished\":\"2023-09-20T06:12:48+00:00\",\"description\":\"Achetez des bols en papier jetables \u00e0 prix de gros chez GMZ. Nos bols \u00e0 emporter en gros avec couvercles sont con\u00e7us pour servir des aliments froids et chauds, disponibles dans des tailles allant de 500 ml \u00e0 1300 ml. Personnalisez votre logo sur nos bols en papier vierges, disponibles en couleurs kraft et blanc. Choisissez GMZ pour l'emballage de nourriture \u00e0 emporter de la meilleure qualit\u00e9.\",\"breadcrumb\":{\"@id\":\"https:\/\/gmz.ltd\/fr\/produit\/bols-en-papier\/#breadcrumb\"},\"inLanguage\":\"fr-FR\",\"potentialAction\":[{\"@type\":\"ReadAction\",\"target\":[\"https:\/\/gmz.ltd\/fr\/produit\/bols-en-papier\/\"]}]},{\"@type\":\"ImageObject\",\"inLanguage\":\"fr-FR\",\"@id\":\"https:\/\/gmz.ltd\/fr\/produit\/bols-en-papier\/#primaryimage\",\"url\":\"https:\/\/gmz.ltd\/wp-content\/uploads\/2023\/09\/0.jpeg\",\"contentUrl\":\"https:\/\/gmz.ltd\/wp-content\/uploads\/2023\/09\/0.jpeg\",\"width\":800,\"height\":800},{\"@type\":\"BreadcrumbList\",\"@id\":\"https:\/\/gmz.ltd\/fr\/produit\/bols-en-papier\/#breadcrumb\",\"itemListElement\":[{\"@type\":\"ListItem\",\"position\":1,\"name\":\"maison\",\"item\":\"https:\/\/gmz.ltd\/fr\/\"},{\"@type\":\"ListItem\",\"position\":2,\"name\":\"Produits\",\"item\":\"https:\/\/gmz.ltd\/fr\/boutique\/\"},{\"@type\":\"ListItem\",\"position\":3,\"name\":\"Bols en papier\"}]},{\"@type\":\"WebSite\",\"@id\":\"https:\/\/gmz.ltd\/fr\/#website\",\"url\":\"https:\/\/gmz.ltd\/fr\/\",\"name\":\"GMZ\",\"description\":\"\",\"publisher\":{\"@id\":\"https:\/\/gmz.ltd\/fr\/#organization\"},\"potentialAction\":[{\"@type\":\"SearchAction\",\"target\":{\"@type\":\"EntryPoint\",\"urlTemplate\":\"https:\/\/gmz.ltd\/fr\/?s={search_term_string}\"},\"query-input\":{\"@type\":\"PropertyValueSpecification\",\"valueRequired\":true,\"valueName\":\"search_term_string\"}}],\"inLanguage\":\"fr-FR\"},{\"@type\":\"Organization\",\"@id\":\"https:\/\/gmz.ltd\/fr\/#organization\",\"name\":\"GMZ\",\"url\":\"https:\/\/gmz.ltd\/fr\/\",\"logo\":{\"@type\":\"ImageObject\",\"inLanguage\":\"fr-FR\",\"@id\":\"https:\/\/gmz.ltd\/fr\/#\/schema\/logo\/image\/\",\"url\":\"https:\/\/gmz.ltd\/wp-content\/uploads\/2024\/11\/gmzpack.svg\",\"contentUrl\":\"https:\/\/gmz.ltd\/wp-content\/uploads\/2024\/11\/gmzpack.svg\",\"width\":170,\"height\":79,\"caption\":\"GMZ\"},\"image\":{\"@id\":\"https:\/\/gmz.ltd\/fr\/#\/schema\/logo\/image\/\"}}]}<\/script>\n<!-- \/ Yoast SEO Premium plugin. -->","yoast_head_json":{"title":"Fabricant et fournisseur de bols en papier - Bols jetables en gros pour emporter avec couvercles - GMZ","description":"Achetez des bols en papier jetables \u00e0 prix de gros chez GMZ. Nos bols \u00e0 emporter en gros avec couvercles sont con\u00e7us pour servir des aliments froids et chauds, disponibles dans des tailles allant de 500 ml \u00e0 1300 ml. Personnalisez votre logo sur nos bols en papier vierges, disponibles en couleurs kraft et blanc. Choisissez GMZ pour l'emballage de nourriture \u00e0 emporter de la meilleure qualit\u00e9.","robots":{"index":"index","follow":"follow","max-snippet":"max-snippet:-1","max-image-preview":"max-image-preview:large","max-video-preview":"max-video-preview:-1"},"canonical":"https:\/\/gmz.ltd\/fr\/produit\/bols-en-papier\/","og_locale":"fr_FR","og_type":"article","og_title":"Bols en papier","og_description":"Achetez des bols en papier jetables \u00e0 prix de gros chez GMZ. Nos bols \u00e0 emporter en gros avec couvercles sont con\u00e7us pour servir des aliments froids et chauds, disponibles dans des tailles allant de 500 ml \u00e0 1300 ml. Personnalisez votre logo sur nos bols en papier vierges, disponibles en couleurs kraft et blanc. Choisissez GMZ pour l'emballage de nourriture \u00e0 emporter de la meilleure qualit\u00e9.","og_url":"https:\/\/gmz.ltd\/fr\/produit\/bols-en-papier\/","og_site_name":"GMZ","og_image":[{"width":800,"height":800,"url":"https:\/\/gmz.ltd\/wp-content\/uploads\/2023\/09\/0.jpeg","type":"image\/jpeg"}],"twitter_card":"summary_large_image","schema":{"@context":"https:\/\/schema.org","@graph":[{"@type":"WebPage","@id":"https:\/\/gmz.ltd\/fr\/produit\/bols-en-papier\/","url":"https:\/\/gmz.ltd\/fr\/produit\/bols-en-papier\/","name":"Fabricant et fournisseur de bols en papier - Bols jetables en gros pour emporter avec couvercles - GMZ","isPartOf":{"@id":"https:\/\/gmz.ltd\/fr\/#website"},"primaryImageOfPage":{"@id":"https:\/\/gmz.ltd\/fr\/produit\/bols-en-papier\/#primaryimage"},"image":{"@id":"https:\/\/gmz.ltd\/fr\/produit\/bols-en-papier\/#primaryimage"},"thumbnailUrl":"https:\/\/gmz.ltd\/wp-content\/uploads\/2023\/09\/0.jpeg","datePublished":"2023-09-20T06:12:48+00:00","description":"Achetez des bols en papier jetables \u00e0 prix de gros chez GMZ. Nos bols \u00e0 emporter en gros avec couvercles sont con\u00e7us pour servir des aliments froids et chauds, disponibles dans des tailles allant de 500 ml \u00e0 1300 ml. Personnalisez votre logo sur nos bols en papier vierges, disponibles en couleurs kraft et blanc. Choisissez GMZ pour l'emballage de nourriture \u00e0 emporter de la meilleure qualit\u00e9.","breadcrumb":{"@id":"https:\/\/gmz.ltd\/fr\/produit\/bols-en-papier\/#breadcrumb"},"inLanguage":"fr-FR","potentialAction":[{"@type":"ReadAction","target":["https:\/\/gmz.ltd\/fr\/produit\/bols-en-papier\/"]}]},{"@type":"ImageObject","inLanguage":"fr-FR","@id":"https:\/\/gmz.ltd\/fr\/produit\/bols-en-papier\/#primaryimage","url":"https:\/\/gmz.ltd\/wp-content\/uploads\/2023\/09\/0.jpeg","contentUrl":"https:\/\/gmz.ltd\/wp-content\/uploads\/2023\/09\/0.jpeg","width":800,"height":800},{"@type":"BreadcrumbList","@id":"https:\/\/gmz.ltd\/fr\/produit\/bols-en-papier\/#breadcrumb","itemListElement":[{"@type":"ListItem","position":1,"name":"maison","item":"https:\/\/gmz.ltd\/fr\/"},{"@type":"ListItem","position":2,"name":"Produits","item":"https:\/\/gmz.ltd\/fr\/boutique\/"},{"@type":"ListItem","position":3,"name":"Bols en papier"}]},{"@type":"WebSite","@id":"https:\/\/gmz.ltd\/fr\/#website","url":"https:\/\/gmz.ltd\/fr\/","name":"GMZ","description":"","publisher":{"@id":"https:\/\/gmz.ltd\/fr\/#organization"},"potentialAction":[{"@type":"SearchAction","target":{"@type":"EntryPoint","urlTemplate":"https:\/\/gmz.ltd\/fr\/?s={search_term_string}"},"query-input":{"@type":"PropertyValueSpecification","valueRequired":true,"valueName":"search_term_string"}}],"inLanguage":"fr-FR"},{"@type":"Organization","@id":"https:\/\/gmz.ltd\/fr\/#organization","name":"GMZ","url":"https:\/\/gmz.ltd\/fr\/","logo":{"@type":"ImageObject","inLanguage":"fr-FR","@id":"https:\/\/gmz.ltd\/fr\/#\/schema\/logo\/image\/","url":"https:\/\/gmz.ltd\/wp-content\/uploads\/2024\/11\/gmzpack.svg","contentUrl":"https:\/\/gmz.ltd\/wp-content\/uploads\/2024\/11\/gmzpack.svg","width":170,"height":79,"caption":"GMZ"},"image":{"@id":"https:\/\/gmz.ltd\/fr\/#\/schema\/logo\/image\/"}}]}},"_links":{"self":[{"href":"https:\/\/gmz.ltd\/fr\/wp-json\/wp\/v2\/product\/7814","targetHints":{"allow":["GET"]}}],"collection":[{"href":"https:\/\/gmz.ltd\/fr\/wp-json\/wp\/v2\/product"}],"about":[{"href":"https:\/\/gmz.ltd\/fr\/wp-json\/wp\/v2\/types\/product"}],"version-history":[{"count":0,"href":"https:\/\/gmz.ltd\/fr\/wp-json\/wp\/v2\/product\/7814\/revisions"}],"wp:featuredmedia":[{"embeddable":true,"href":"https:\/\/gmz.ltd\/fr\/wp-json\/wp\/v2\/media\/5401"}],"wp:attachment":[{"href":"https:\/\/gmz.ltd\/fr\/wp-json\/wp\/v2\/media?parent=7814"}],"wp:term":[{"taxonomy":"product_brand","embeddable":true,"href":"https:\/\/gmz.ltd\/fr\/wp-json\/wp\/v2\/product_brand?post=7814"},{"taxonomy":"product_cat","embeddable":true,"href":"https:\/\/gmz.ltd\/fr\/wp-json\/wp\/v2\/product_cat?post=7814"},{"taxonomy":"product_tag","embeddable":true,"href":"https:\/\/gmz.ltd\/fr\/wp-json\/wp\/v2\/product_tag?post=7814"}],"curies":[{"name":"wp","href":"https:\/\/api.w.org\/{rel}","templated":true}]}}