{"id":7818,"date":"2023-09-20T06:11:52","date_gmt":"2023-09-20T06:11:52","guid":{"rendered":"https:\/\/gmz.ltd\/product\/gobelets-a-soupe-en-papier\/"},"modified":"2023-09-20T06:11:52","modified_gmt":"2023-09-20T06:11:52","slug":"gobelets-a-soupe-en-papier","status":"publish","type":"product","link":"https:\/\/gmz.ltd\/fr\/produit\/gobelets-a-soupe-en-papier\/","title":{"rendered":"Gobelets \u00e0 soupe en papier"},"content":{"rendered":"<p>La gamme de gobelets \u00e0 soupe en papier peut \u00eatre utilis\u00e9e pour servir des aliments chauds ou froids. Disponible dans des tailles de 8 \u00e0 32oz. Et couvercles optionnels.<\/p>\n","protected":false},"excerpt":{"rendered":"<p>Nos gobelets \u00e0 soupe en papier sont la solution parfaite pour servir des soupes chaudes et une vari\u00e9t\u00e9 d&rsquo;autres aliments chauds ou froids. Ces contenants sont durables, r\u00e9sistants \u00e0 la chaleur et con\u00e7us pour pr\u00e9venir les fuites, offrant \u00e0 vous et \u00e0 votre client une exp\u00e9rience de repas ou de vente \u00e0 emporter sans d\u00e9sordre.<\/p>\n<ul>\n<li>Fabriqu\u00e9 \u00e0 partir de papier de haute qualit\u00e9 et issu de sources responsables<\/li>\n<li>Rev\u00eatu d&rsquo;un mat\u00e9riau sp\u00e9cial pour pr\u00e9venir les fuites<\/li>\n<li>Adapt\u00e9 \u00e0 une vari\u00e9t\u00e9 d&rsquo;aliments chauds ou froids<\/li>\n<li>Disponible en gobelets \u00e0 soupe en papier blanc et kraft<\/li>\n<li>Couvercles en PET ou PP optionnels pour un transport sans d\u00e9versement<\/li>\n<li>Un service d&rsquo;impression personnalis\u00e9e est disponible<\/li>\n<\/ul>\n<p><!-- notionvc: 603653fd-70b4-4ee7-aac3-d1fe3d1684cf --><\/p>\n","protected":false},"featured_media":5425,"template":"","meta":{"_joinchat":[]},"product_brand":[],"product_cat":[108],"product_tag":[],"class_list":{"0":"post-7818","1":"product","2":"type-product","3":"status-publish","4":"has-post-thumbnail","6":"product_cat-contenants-alimentaires","8":"first","9":"instock","10":"shipping-taxable","11":"product-type-simple"},"acf":[],"yoast_head":"<!-- This site is optimized with the Yoast SEO Premium plugin v22.5 (Yoast SEO v26.6) - https:\/\/yoast.com\/wordpress\/plugins\/seo\/ -->\n<title>Gobelets et bols \u00e0 soupe en papier en gros avec couvercles - Contenants \u00e0 soupe en vrac pour emporter - GMZ<\/title>\n<meta name=\"description\" content=\"Obtenez des prix de gros sur les contenants \u00e0 soupe jetables avec couvercles chez GMZ. Nos gobelets et bols \u00e0 soupe en vrac sont parfaits pour les services de vente \u00e0 emporter et de livraison, disponibles en blanc et en couleur kraft. Gardez votre nourriture chaude et s\u00e9curis\u00e9e avec nos fournitures d&#039;emballage alimentaire de premi\u00e8re qualit\u00e9. Contactez-nous maintenant!\" \/>\n<meta name=\"robots\" content=\"index, follow, max-snippet:-1, max-image-preview:large, max-video-preview:-1\" \/>\n<link rel=\"canonical\" href=\"https:\/\/gmz.ltd\/fr\/produit\/gobelets-a-soupe-en-papier\/\" \/>\n<meta property=\"og:locale\" content=\"fr_FR\" \/>\n<meta property=\"og:type\" content=\"article\" \/>\n<meta property=\"og:title\" content=\"Gobelets \u00e0 soupe en papier\" \/>\n<meta property=\"og:description\" content=\"Obtenez des prix de gros sur les contenants \u00e0 soupe jetables avec couvercles chez GMZ. Nos gobelets et bols \u00e0 soupe en vrac sont parfaits pour les services de vente \u00e0 emporter et de livraison, disponibles en blanc et en couleur kraft. Gardez votre nourriture chaude et s\u00e9curis\u00e9e avec nos fournitures d&#039;emballage alimentaire de premi\u00e8re qualit\u00e9. Contactez-nous maintenant!\" \/>\n<meta property=\"og:url\" content=\"https:\/\/gmz.ltd\/fr\/produit\/gobelets-a-soupe-en-papier\/\" \/>\n<meta property=\"og:site_name\" content=\"GMZ\" \/>\n<meta property=\"og:image\" content=\"https:\/\/gmz.ltd\/wp-content\/uploads\/2023\/09\/1-1.jpeg\" \/>\n\t<meta property=\"og:image:width\" content=\"800\" \/>\n\t<meta property=\"og:image:height\" content=\"800\" \/>\n\t<meta property=\"og:image:type\" content=\"image\/jpeg\" \/>\n<meta name=\"twitter:card\" content=\"summary_large_image\" \/>\n<script type=\"application\/ld+json\" class=\"yoast-schema-graph\">{\"@context\":\"https:\/\/schema.org\",\"@graph\":[{\"@type\":\"WebPage\",\"@id\":\"https:\/\/gmz.ltd\/fr\/produit\/gobelets-a-soupe-en-papier\/\",\"url\":\"https:\/\/gmz.ltd\/fr\/produit\/gobelets-a-soupe-en-papier\/\",\"name\":\"Gobelets et bols \u00e0 soupe en papier en gros avec couvercles - Contenants \u00e0 soupe en vrac pour emporter - GMZ\",\"isPartOf\":{\"@id\":\"https:\/\/gmz.ltd\/fr\/#website\"},\"primaryImageOfPage\":{\"@id\":\"https:\/\/gmz.ltd\/fr\/produit\/gobelets-a-soupe-en-papier\/#primaryimage\"},\"image\":{\"@id\":\"https:\/\/gmz.ltd\/fr\/produit\/gobelets-a-soupe-en-papier\/#primaryimage\"},\"thumbnailUrl\":\"https:\/\/gmz.ltd\/wp-content\/uploads\/2023\/09\/1-1.jpeg\",\"datePublished\":\"2023-09-20T06:11:52+00:00\",\"description\":\"Obtenez des prix de gros sur les contenants \u00e0 soupe jetables avec couvercles chez GMZ. Nos gobelets et bols \u00e0 soupe en vrac sont parfaits pour les services de vente \u00e0 emporter et de livraison, disponibles en blanc et en couleur kraft. Gardez votre nourriture chaude et s\u00e9curis\u00e9e avec nos fournitures d'emballage alimentaire de premi\u00e8re qualit\u00e9. Contactez-nous maintenant!\",\"breadcrumb\":{\"@id\":\"https:\/\/gmz.ltd\/fr\/produit\/gobelets-a-soupe-en-papier\/#breadcrumb\"},\"inLanguage\":\"fr-FR\",\"potentialAction\":[{\"@type\":\"ReadAction\",\"target\":[\"https:\/\/gmz.ltd\/fr\/produit\/gobelets-a-soupe-en-papier\/\"]}]},{\"@type\":\"ImageObject\",\"inLanguage\":\"fr-FR\",\"@id\":\"https:\/\/gmz.ltd\/fr\/produit\/gobelets-a-soupe-en-papier\/#primaryimage\",\"url\":\"https:\/\/gmz.ltd\/wp-content\/uploads\/2023\/09\/1-1.jpeg\",\"contentUrl\":\"https:\/\/gmz.ltd\/wp-content\/uploads\/2023\/09\/1-1.jpeg\",\"width\":800,\"height\":800},{\"@type\":\"BreadcrumbList\",\"@id\":\"https:\/\/gmz.ltd\/fr\/produit\/gobelets-a-soupe-en-papier\/#breadcrumb\",\"itemListElement\":[{\"@type\":\"ListItem\",\"position\":1,\"name\":\"maison\",\"item\":\"https:\/\/gmz.ltd\/fr\/\"},{\"@type\":\"ListItem\",\"position\":2,\"name\":\"Produits\",\"item\":\"https:\/\/gmz.ltd\/fr\/boutique\/\"},{\"@type\":\"ListItem\",\"position\":3,\"name\":\"Gobelets \u00e0 soupe en papier\"}]},{\"@type\":\"WebSite\",\"@id\":\"https:\/\/gmz.ltd\/fr\/#website\",\"url\":\"https:\/\/gmz.ltd\/fr\/\",\"name\":\"GMZ\",\"description\":\"\",\"publisher\":{\"@id\":\"https:\/\/gmz.ltd\/fr\/#organization\"},\"potentialAction\":[{\"@type\":\"SearchAction\",\"target\":{\"@type\":\"EntryPoint\",\"urlTemplate\":\"https:\/\/gmz.ltd\/fr\/?s={search_term_string}\"},\"query-input\":{\"@type\":\"PropertyValueSpecification\",\"valueRequired\":true,\"valueName\":\"search_term_string\"}}],\"inLanguage\":\"fr-FR\"},{\"@type\":\"Organization\",\"@id\":\"https:\/\/gmz.ltd\/fr\/#organization\",\"name\":\"GMZ\",\"url\":\"https:\/\/gmz.ltd\/fr\/\",\"logo\":{\"@type\":\"ImageObject\",\"inLanguage\":\"fr-FR\",\"@id\":\"https:\/\/gmz.ltd\/fr\/#\/schema\/logo\/image\/\",\"url\":\"https:\/\/gmz.ltd\/wp-content\/uploads\/2024\/11\/gmzpack.svg\",\"contentUrl\":\"https:\/\/gmz.ltd\/wp-content\/uploads\/2024\/11\/gmzpack.svg\",\"width\":170,\"height\":79,\"caption\":\"GMZ\"},\"image\":{\"@id\":\"https:\/\/gmz.ltd\/fr\/#\/schema\/logo\/image\/\"}}]}<\/script>\n<!-- \/ Yoast SEO Premium plugin. -->","yoast_head_json":{"title":"Gobelets et bols \u00e0 soupe en papier en gros avec couvercles - Contenants \u00e0 soupe en vrac pour emporter - GMZ","description":"Obtenez des prix de gros sur les contenants \u00e0 soupe jetables avec couvercles chez GMZ. Nos gobelets et bols \u00e0 soupe en vrac sont parfaits pour les services de vente \u00e0 emporter et de livraison, disponibles en blanc et en couleur kraft. Gardez votre nourriture chaude et s\u00e9curis\u00e9e avec nos fournitures d'emballage alimentaire de premi\u00e8re qualit\u00e9. Contactez-nous maintenant!","robots":{"index":"index","follow":"follow","max-snippet":"max-snippet:-1","max-image-preview":"max-image-preview:large","max-video-preview":"max-video-preview:-1"},"canonical":"https:\/\/gmz.ltd\/fr\/produit\/gobelets-a-soupe-en-papier\/","og_locale":"fr_FR","og_type":"article","og_title":"Gobelets \u00e0 soupe en papier","og_description":"Obtenez des prix de gros sur les contenants \u00e0 soupe jetables avec couvercles chez GMZ. Nos gobelets et bols \u00e0 soupe en vrac sont parfaits pour les services de vente \u00e0 emporter et de livraison, disponibles en blanc et en couleur kraft. Gardez votre nourriture chaude et s\u00e9curis\u00e9e avec nos fournitures d'emballage alimentaire de premi\u00e8re qualit\u00e9. Contactez-nous maintenant!","og_url":"https:\/\/gmz.ltd\/fr\/produit\/gobelets-a-soupe-en-papier\/","og_site_name":"GMZ","og_image":[{"width":800,"height":800,"url":"https:\/\/gmz.ltd\/wp-content\/uploads\/2023\/09\/1-1.jpeg","type":"image\/jpeg"}],"twitter_card":"summary_large_image","schema":{"@context":"https:\/\/schema.org","@graph":[{"@type":"WebPage","@id":"https:\/\/gmz.ltd\/fr\/produit\/gobelets-a-soupe-en-papier\/","url":"https:\/\/gmz.ltd\/fr\/produit\/gobelets-a-soupe-en-papier\/","name":"Gobelets et bols \u00e0 soupe en papier en gros avec couvercles - Contenants \u00e0 soupe en vrac pour emporter - GMZ","isPartOf":{"@id":"https:\/\/gmz.ltd\/fr\/#website"},"primaryImageOfPage":{"@id":"https:\/\/gmz.ltd\/fr\/produit\/gobelets-a-soupe-en-papier\/#primaryimage"},"image":{"@id":"https:\/\/gmz.ltd\/fr\/produit\/gobelets-a-soupe-en-papier\/#primaryimage"},"thumbnailUrl":"https:\/\/gmz.ltd\/wp-content\/uploads\/2023\/09\/1-1.jpeg","datePublished":"2023-09-20T06:11:52+00:00","description":"Obtenez des prix de gros sur les contenants \u00e0 soupe jetables avec couvercles chez GMZ. Nos gobelets et bols \u00e0 soupe en vrac sont parfaits pour les services de vente \u00e0 emporter et de livraison, disponibles en blanc et en couleur kraft. Gardez votre nourriture chaude et s\u00e9curis\u00e9e avec nos fournitures d'emballage alimentaire de premi\u00e8re qualit\u00e9. Contactez-nous maintenant!","breadcrumb":{"@id":"https:\/\/gmz.ltd\/fr\/produit\/gobelets-a-soupe-en-papier\/#breadcrumb"},"inLanguage":"fr-FR","potentialAction":[{"@type":"ReadAction","target":["https:\/\/gmz.ltd\/fr\/produit\/gobelets-a-soupe-en-papier\/"]}]},{"@type":"ImageObject","inLanguage":"fr-FR","@id":"https:\/\/gmz.ltd\/fr\/produit\/gobelets-a-soupe-en-papier\/#primaryimage","url":"https:\/\/gmz.ltd\/wp-content\/uploads\/2023\/09\/1-1.jpeg","contentUrl":"https:\/\/gmz.ltd\/wp-content\/uploads\/2023\/09\/1-1.jpeg","width":800,"height":800},{"@type":"BreadcrumbList","@id":"https:\/\/gmz.ltd\/fr\/produit\/gobelets-a-soupe-en-papier\/#breadcrumb","itemListElement":[{"@type":"ListItem","position":1,"name":"maison","item":"https:\/\/gmz.ltd\/fr\/"},{"@type":"ListItem","position":2,"name":"Produits","item":"https:\/\/gmz.ltd\/fr\/boutique\/"},{"@type":"ListItem","position":3,"name":"Gobelets \u00e0 soupe en papier"}]},{"@type":"WebSite","@id":"https:\/\/gmz.ltd\/fr\/#website","url":"https:\/\/gmz.ltd\/fr\/","name":"GMZ","description":"","publisher":{"@id":"https:\/\/gmz.ltd\/fr\/#organization"},"potentialAction":[{"@type":"SearchAction","target":{"@type":"EntryPoint","urlTemplate":"https:\/\/gmz.ltd\/fr\/?s={search_term_string}"},"query-input":{"@type":"PropertyValueSpecification","valueRequired":true,"valueName":"search_term_string"}}],"inLanguage":"fr-FR"},{"@type":"Organization","@id":"https:\/\/gmz.ltd\/fr\/#organization","name":"GMZ","url":"https:\/\/gmz.ltd\/fr\/","logo":{"@type":"ImageObject","inLanguage":"fr-FR","@id":"https:\/\/gmz.ltd\/fr\/#\/schema\/logo\/image\/","url":"https:\/\/gmz.ltd\/wp-content\/uploads\/2024\/11\/gmzpack.svg","contentUrl":"https:\/\/gmz.ltd\/wp-content\/uploads\/2024\/11\/gmzpack.svg","width":170,"height":79,"caption":"GMZ"},"image":{"@id":"https:\/\/gmz.ltd\/fr\/#\/schema\/logo\/image\/"}}]}},"_links":{"self":[{"href":"https:\/\/gmz.ltd\/fr\/wp-json\/wp\/v2\/product\/7818","targetHints":{"allow":["GET"]}}],"collection":[{"href":"https:\/\/gmz.ltd\/fr\/wp-json\/wp\/v2\/product"}],"about":[{"href":"https:\/\/gmz.ltd\/fr\/wp-json\/wp\/v2\/types\/product"}],"version-history":[{"count":0,"href":"https:\/\/gmz.ltd\/fr\/wp-json\/wp\/v2\/product\/7818\/revisions"}],"wp:featuredmedia":[{"embeddable":true,"href":"https:\/\/gmz.ltd\/fr\/wp-json\/wp\/v2\/media\/5425"}],"wp:attachment":[{"href":"https:\/\/gmz.ltd\/fr\/wp-json\/wp\/v2\/media?parent=7818"}],"wp:term":[{"taxonomy":"product_brand","embeddable":true,"href":"https:\/\/gmz.ltd\/fr\/wp-json\/wp\/v2\/product_brand?post=7818"},{"taxonomy":"product_cat","embeddable":true,"href":"https:\/\/gmz.ltd\/fr\/wp-json\/wp\/v2\/product_cat?post=7818"},{"taxonomy":"product_tag","embeddable":true,"href":"https:\/\/gmz.ltd\/fr\/wp-json\/wp\/v2\/product_tag?post=7818"}],"curies":[{"name":"wp","href":"https:\/\/api.w.org\/{rel}","templated":true}]}}