{"id":7823,"date":"2023-09-20T04:05:39","date_gmt":"2023-09-20T04:05:39","guid":{"rendered":"https:\/\/gmz.ltd\/product\/couvercles-en-papier\/"},"modified":"2023-09-20T04:05:39","modified_gmt":"2023-09-20T04:05:39","slug":"couvercles-en-papier","status":"publish","type":"product","link":"https:\/\/gmz.ltd\/fr\/produit\/couvercles-en-papier\/","title":{"rendered":"Couvercles en papier"},"content":{"rendered":"<p>Notre s\u00e9rie de couvercles en papier comporte les deux types suivants. Compar\u00e9s aux couvercles en plastique, les couvercles en papier sont un choix plus respectueux de l&rsquo;environnement.<\/p>\n<ol>\n<li>Couvercles en p\u00e2te \u00e0 papier<\/li>\n<li>Couvercles en papier rev\u00eatus de PE\/PLA<\/li>\n<\/ol>\n","protected":false},"excerpt":{"rendered":"<p>Notre s\u00e9rie de couvercles en papier comporte les deux types suivants. Compar\u00e9s aux couvercles en plastique, les couvercles en papier sont un choix plus respectueux de l&rsquo;environnement.<\/p>\n<ol>\n<li>Couvercles en p\u00e2te \u00e0 papier<\/li>\n<li>Couvercles en papier rev\u00eatus de PE\/PLA<\/li>\n<\/ol>\n<ul>\n<li>Sans PFAS<\/li>\n<li>100 % recyclable<\/li>\n<li>Pour correspondre aux gobelets en papier de 8\/12\/16\/20oz<\/li>\n<\/ul>\n","protected":false},"featured_media":19998,"template":"","meta":{"_joinchat":[]},"product_brand":[],"product_cat":[112],"product_tag":[113],"class_list":{"0":"post-7823","1":"product","2":"type-product","3":"status-publish","4":"has-post-thumbnail","6":"product_cat-couvercles-accessoires","7":"product_tag-gobelets-et-couvercles-pour-boissons-chaudes","9":"first","10":"instock","11":"shipping-taxable","12":"product-type-simple"},"acf":[],"yoast_head":"<!-- This site is optimized with the Yoast SEO Premium plugin v22.5 (Yoast SEO v26.6) - https:\/\/yoast.com\/wordpress\/plugins\/seo\/ -->\n<title>Couvercles de gobelets en papier en gros - Couvercles de gobelets \u00e0 caf\u00e9 compostables et biod\u00e9gradables en papier- GMZ<\/title>\n<meta name=\"description\" content=\"GMZ propose une large gamme de couvercles de gobelets en papier compostables et biod\u00e9gradables \u00e0 des prix de gros. Trouvez des solutions \u00e9cologiques pour vos gobelets \u00e0 caf\u00e9 avec nos couvercles de haute qualit\u00e9 en canne \u00e0 sucre. Adapt\u00e9 pour gobelets en papier de 8\/12\/16\/20\/22oz.\" \/>\n<meta name=\"robots\" content=\"index, follow, max-snippet:-1, max-image-preview:large, max-video-preview:-1\" \/>\n<link rel=\"canonical\" href=\"https:\/\/gmz.ltd\/fr\/produit\/couvercles-en-papier\/\" \/>\n<meta property=\"og:locale\" content=\"fr_FR\" \/>\n<meta property=\"og:type\" content=\"article\" \/>\n<meta property=\"og:title\" content=\"Couvercles en papier\" \/>\n<meta property=\"og:description\" content=\"GMZ propose une large gamme de couvercles de gobelets en papier compostables et biod\u00e9gradables \u00e0 des prix de gros. Trouvez des solutions \u00e9cologiques pour vos gobelets \u00e0 caf\u00e9 avec nos couvercles de haute qualit\u00e9 en canne \u00e0 sucre. Adapt\u00e9 pour gobelets en papier de 8\/12\/16\/20\/22oz.\" \/>\n<meta property=\"og:url\" content=\"https:\/\/gmz.ltd\/fr\/produit\/couvercles-en-papier\/\" \/>\n<meta property=\"og:site_name\" content=\"GMZ\" \/>\n<meta property=\"og:image\" content=\"https:\/\/gmz.ltd\/wp-content\/uploads\/2023\/09\/paper-lids.jpg\" \/>\n\t<meta property=\"og:image:width\" content=\"1000\" \/>\n\t<meta property=\"og:image:height\" content=\"1000\" \/>\n\t<meta property=\"og:image:type\" content=\"image\/jpeg\" \/>\n<meta name=\"twitter:card\" content=\"summary_large_image\" \/>\n<script type=\"application\/ld+json\" class=\"yoast-schema-graph\">{\"@context\":\"https:\/\/schema.org\",\"@graph\":[{\"@type\":\"WebPage\",\"@id\":\"https:\/\/gmz.ltd\/fr\/produit\/couvercles-en-papier\/\",\"url\":\"https:\/\/gmz.ltd\/fr\/produit\/couvercles-en-papier\/\",\"name\":\"Couvercles de gobelets en papier en gros - Couvercles de gobelets \u00e0 caf\u00e9 compostables et biod\u00e9gradables en papier- GMZ\",\"isPartOf\":{\"@id\":\"https:\/\/gmz.ltd\/fr\/#website\"},\"primaryImageOfPage\":{\"@id\":\"https:\/\/gmz.ltd\/fr\/produit\/couvercles-en-papier\/#primaryimage\"},\"image\":{\"@id\":\"https:\/\/gmz.ltd\/fr\/produit\/couvercles-en-papier\/#primaryimage\"},\"thumbnailUrl\":\"https:\/\/gmz.ltd\/wp-content\/uploads\/2023\/09\/Paper-Lids.webp\",\"datePublished\":\"2023-09-20T04:05:39+00:00\",\"description\":\"GMZ propose une large gamme de couvercles de gobelets en papier compostables et biod\u00e9gradables \u00e0 des prix de gros. Trouvez des solutions \u00e9cologiques pour vos gobelets \u00e0 caf\u00e9 avec nos couvercles de haute qualit\u00e9 en canne \u00e0 sucre. Adapt\u00e9 pour gobelets en papier de 8\/12\/16\/20\/22oz.\",\"breadcrumb\":{\"@id\":\"https:\/\/gmz.ltd\/fr\/produit\/couvercles-en-papier\/#breadcrumb\"},\"inLanguage\":\"fr-FR\",\"potentialAction\":[{\"@type\":\"ReadAction\",\"target\":[\"https:\/\/gmz.ltd\/fr\/produit\/couvercles-en-papier\/\"]}]},{\"@type\":\"ImageObject\",\"inLanguage\":\"fr-FR\",\"@id\":\"https:\/\/gmz.ltd\/fr\/produit\/couvercles-en-papier\/#primaryimage\",\"url\":\"https:\/\/gmz.ltd\/wp-content\/uploads\/2023\/09\/Paper-Lids.webp\",\"contentUrl\":\"https:\/\/gmz.ltd\/wp-content\/uploads\/2023\/09\/Paper-Lids.webp\",\"width\":800,\"height\":800,\"caption\":\"Paper Lids\"},{\"@type\":\"BreadcrumbList\",\"@id\":\"https:\/\/gmz.ltd\/fr\/produit\/couvercles-en-papier\/#breadcrumb\",\"itemListElement\":[{\"@type\":\"ListItem\",\"position\":1,\"name\":\"maison\",\"item\":\"https:\/\/gmz.ltd\/fr\/\"},{\"@type\":\"ListItem\",\"position\":2,\"name\":\"Produits\",\"item\":\"https:\/\/gmz.ltd\/fr\/boutique\/\"},{\"@type\":\"ListItem\",\"position\":3,\"name\":\"Couvercles en papier\"}]},{\"@type\":\"WebSite\",\"@id\":\"https:\/\/gmz.ltd\/fr\/#website\",\"url\":\"https:\/\/gmz.ltd\/fr\/\",\"name\":\"GMZ\",\"description\":\"\",\"publisher\":{\"@id\":\"https:\/\/gmz.ltd\/fr\/#organization\"},\"potentialAction\":[{\"@type\":\"SearchAction\",\"target\":{\"@type\":\"EntryPoint\",\"urlTemplate\":\"https:\/\/gmz.ltd\/fr\/?s={search_term_string}\"},\"query-input\":{\"@type\":\"PropertyValueSpecification\",\"valueRequired\":true,\"valueName\":\"search_term_string\"}}],\"inLanguage\":\"fr-FR\"},{\"@type\":\"Organization\",\"@id\":\"https:\/\/gmz.ltd\/fr\/#organization\",\"name\":\"GMZ\",\"url\":\"https:\/\/gmz.ltd\/fr\/\",\"logo\":{\"@type\":\"ImageObject\",\"inLanguage\":\"fr-FR\",\"@id\":\"https:\/\/gmz.ltd\/fr\/#\/schema\/logo\/image\/\",\"url\":\"https:\/\/gmz.ltd\/wp-content\/uploads\/2024\/11\/gmzpack.svg\",\"contentUrl\":\"https:\/\/gmz.ltd\/wp-content\/uploads\/2024\/11\/gmzpack.svg\",\"width\":170,\"height\":79,\"caption\":\"GMZ\"},\"image\":{\"@id\":\"https:\/\/gmz.ltd\/fr\/#\/schema\/logo\/image\/\"}}]}<\/script>\n<!-- \/ Yoast SEO Premium plugin. -->","yoast_head_json":{"title":"Couvercles de gobelets en papier en gros - Couvercles de gobelets \u00e0 caf\u00e9 compostables et biod\u00e9gradables en papier- GMZ","description":"GMZ propose une large gamme de couvercles de gobelets en papier compostables et biod\u00e9gradables \u00e0 des prix de gros. Trouvez des solutions \u00e9cologiques pour vos gobelets \u00e0 caf\u00e9 avec nos couvercles de haute qualit\u00e9 en canne \u00e0 sucre. Adapt\u00e9 pour gobelets en papier de 8\/12\/16\/20\/22oz.","robots":{"index":"index","follow":"follow","max-snippet":"max-snippet:-1","max-image-preview":"max-image-preview:large","max-video-preview":"max-video-preview:-1"},"canonical":"https:\/\/gmz.ltd\/fr\/produit\/couvercles-en-papier\/","og_locale":"fr_FR","og_type":"article","og_title":"Couvercles en papier","og_description":"GMZ propose une large gamme de couvercles de gobelets en papier compostables et biod\u00e9gradables \u00e0 des prix de gros. Trouvez des solutions \u00e9cologiques pour vos gobelets \u00e0 caf\u00e9 avec nos couvercles de haute qualit\u00e9 en canne \u00e0 sucre. Adapt\u00e9 pour gobelets en papier de 8\/12\/16\/20\/22oz.","og_url":"https:\/\/gmz.ltd\/fr\/produit\/couvercles-en-papier\/","og_site_name":"GMZ","og_image":[{"width":1000,"height":1000,"url":"https:\/\/gmz.ltd\/wp-content\/uploads\/2023\/09\/paper-lids.jpg","type":"image\/jpeg"}],"twitter_card":"summary_large_image","schema":{"@context":"https:\/\/schema.org","@graph":[{"@type":"WebPage","@id":"https:\/\/gmz.ltd\/fr\/produit\/couvercles-en-papier\/","url":"https:\/\/gmz.ltd\/fr\/produit\/couvercles-en-papier\/","name":"Couvercles de gobelets en papier en gros - Couvercles de gobelets \u00e0 caf\u00e9 compostables et biod\u00e9gradables en papier- GMZ","isPartOf":{"@id":"https:\/\/gmz.ltd\/fr\/#website"},"primaryImageOfPage":{"@id":"https:\/\/gmz.ltd\/fr\/produit\/couvercles-en-papier\/#primaryimage"},"image":{"@id":"https:\/\/gmz.ltd\/fr\/produit\/couvercles-en-papier\/#primaryimage"},"thumbnailUrl":"https:\/\/gmz.ltd\/wp-content\/uploads\/2023\/09\/Paper-Lids.webp","datePublished":"2023-09-20T04:05:39+00:00","description":"GMZ propose une large gamme de couvercles de gobelets en papier compostables et biod\u00e9gradables \u00e0 des prix de gros. Trouvez des solutions \u00e9cologiques pour vos gobelets \u00e0 caf\u00e9 avec nos couvercles de haute qualit\u00e9 en canne \u00e0 sucre. Adapt\u00e9 pour gobelets en papier de 8\/12\/16\/20\/22oz.","breadcrumb":{"@id":"https:\/\/gmz.ltd\/fr\/produit\/couvercles-en-papier\/#breadcrumb"},"inLanguage":"fr-FR","potentialAction":[{"@type":"ReadAction","target":["https:\/\/gmz.ltd\/fr\/produit\/couvercles-en-papier\/"]}]},{"@type":"ImageObject","inLanguage":"fr-FR","@id":"https:\/\/gmz.ltd\/fr\/produit\/couvercles-en-papier\/#primaryimage","url":"https:\/\/gmz.ltd\/wp-content\/uploads\/2023\/09\/Paper-Lids.webp","contentUrl":"https:\/\/gmz.ltd\/wp-content\/uploads\/2023\/09\/Paper-Lids.webp","width":800,"height":800,"caption":"Paper Lids"},{"@type":"BreadcrumbList","@id":"https:\/\/gmz.ltd\/fr\/produit\/couvercles-en-papier\/#breadcrumb","itemListElement":[{"@type":"ListItem","position":1,"name":"maison","item":"https:\/\/gmz.ltd\/fr\/"},{"@type":"ListItem","position":2,"name":"Produits","item":"https:\/\/gmz.ltd\/fr\/boutique\/"},{"@type":"ListItem","position":3,"name":"Couvercles en papier"}]},{"@type":"WebSite","@id":"https:\/\/gmz.ltd\/fr\/#website","url":"https:\/\/gmz.ltd\/fr\/","name":"GMZ","description":"","publisher":{"@id":"https:\/\/gmz.ltd\/fr\/#organization"},"potentialAction":[{"@type":"SearchAction","target":{"@type":"EntryPoint","urlTemplate":"https:\/\/gmz.ltd\/fr\/?s={search_term_string}"},"query-input":{"@type":"PropertyValueSpecification","valueRequired":true,"valueName":"search_term_string"}}],"inLanguage":"fr-FR"},{"@type":"Organization","@id":"https:\/\/gmz.ltd\/fr\/#organization","name":"GMZ","url":"https:\/\/gmz.ltd\/fr\/","logo":{"@type":"ImageObject","inLanguage":"fr-FR","@id":"https:\/\/gmz.ltd\/fr\/#\/schema\/logo\/image\/","url":"https:\/\/gmz.ltd\/wp-content\/uploads\/2024\/11\/gmzpack.svg","contentUrl":"https:\/\/gmz.ltd\/wp-content\/uploads\/2024\/11\/gmzpack.svg","width":170,"height":79,"caption":"GMZ"},"image":{"@id":"https:\/\/gmz.ltd\/fr\/#\/schema\/logo\/image\/"}}]}},"_links":{"self":[{"href":"https:\/\/gmz.ltd\/fr\/wp-json\/wp\/v2\/product\/7823","targetHints":{"allow":["GET"]}}],"collection":[{"href":"https:\/\/gmz.ltd\/fr\/wp-json\/wp\/v2\/product"}],"about":[{"href":"https:\/\/gmz.ltd\/fr\/wp-json\/wp\/v2\/types\/product"}],"version-history":[{"count":0,"href":"https:\/\/gmz.ltd\/fr\/wp-json\/wp\/v2\/product\/7823\/revisions"}],"wp:featuredmedia":[{"embeddable":true,"href":"https:\/\/gmz.ltd\/fr\/wp-json\/wp\/v2\/media\/19998"}],"wp:attachment":[{"href":"https:\/\/gmz.ltd\/fr\/wp-json\/wp\/v2\/media?parent=7823"}],"wp:term":[{"taxonomy":"product_brand","embeddable":true,"href":"https:\/\/gmz.ltd\/fr\/wp-json\/wp\/v2\/product_brand?post=7823"},{"taxonomy":"product_cat","embeddable":true,"href":"https:\/\/gmz.ltd\/fr\/wp-json\/wp\/v2\/product_cat?post=7823"},{"taxonomy":"product_tag","embeddable":true,"href":"https:\/\/gmz.ltd\/fr\/wp-json\/wp\/v2\/product_tag?post=7823"}],"curies":[{"name":"wp","href":"https:\/\/api.w.org\/{rel}","templated":true}]}}