{"id":7827,"date":"2023-09-20T04:04:47","date_gmt":"2023-09-20T04:04:47","guid":{"rendered":"https:\/\/gmz.ltd\/product\/couvercles-pet\/"},"modified":"2023-09-20T04:04:47","modified_gmt":"2023-09-20T04:04:47","slug":"couvercles-pet","status":"publish","type":"product","link":"https:\/\/gmz.ltd\/fr\/produit\/couvercles-pet\/","title":{"rendered":"Couvercles PET"},"content":{"rendered":"<p>Les couvercles PET sont des couvercles adapt\u00e9s pour les gobelets de boissons froides, il y a de nombreux mod\u00e8les parmi lesquels choisir, tous nos gobelets PET peuvent \u00eatre assortis de couvercles adapt\u00e9s.<\/p>\n","protected":false},"excerpt":{"rendered":"<p>Nos couvercles sont fabriqu\u00e9s en plastique PET de haute qualit\u00e9 et peuvent \u00eatre recycl\u00e9s en de nouveaux produits gr\u00e2ce \u00e0 des proc\u00e9d\u00e9s appropri\u00e9s. Ces couvercles sont durables, solides et tr\u00e8s clairs, offrant une solution s\u00fbre et sans d\u00e9versement pour vos boissons froides. Con\u00e7us pour s&rsquo;adapter \u00e0 notre gamme de gobelets PET, ils sont compatibles avec la plupart des tailles de gobelets froids disponibles sur le march\u00e9.<\/p>\n<ul>\n<li>Fabriqu\u00e9 \u00e0 partir de mat\u00e9riaux PET recyclables<\/li>\n<li>Offre une exp\u00e9rience s\u00fbre et sans d\u00e9versement<\/li>\n<li>Compatible avec la plupart des gobelets froids disponibles sur le march\u00e9<\/li>\n<li>Disponible dans les styles de couvercles d\u00f4me, pop-up et plat<\/li>\n<li>Parfait pour mettre en valeur la couche sup\u00e9rieure de vos boissons<\/li>\n<\/ul>\n<p><!-- notionvc: 5d84b415-ad24-46eb-9954-e26661fcc28c --><\/p>\n","protected":false},"featured_media":5213,"template":"","meta":{"_joinchat":[]},"product_brand":[],"product_cat":[112],"product_tag":[120],"class_list":{"0":"post-7827","1":"product","2":"type-product","3":"status-publish","4":"has-post-thumbnail","6":"product_cat-couvercles-accessoires","7":"product_tag-gobelets-et-couvercles-pour-boissons-froides","9":"first","10":"instock","11":"shipping-taxable","12":"product-type-simple"},"acf":[],"yoast_head":"<!-- This site is optimized with the Yoast SEO Premium plugin v22.5 (Yoast SEO v26.6) - https:\/\/yoast.com\/wordpress\/plugins\/seo\/ -->\n<title>Couvercles en plastique PET pour gobelets : d\u00f4me, pop-up, couvercles plats pour boissons froides - 78mm-98mm - GMZ<\/title>\n<meta name=\"description\" content=\"Explorez les prix de gros de GMZ pour les couvercles de gobelets en plastique PET, incluant les couvercles en d\u00f4me, les couvercles pop-up et les couvercles plats, disponibles dans des tailles de 78mm \u00e0 98mm. Achetez maintenant en gros des gobelets en plastique transparent jetables avec couvercles, id\u00e9aux pour les gobelets \u00e0 caf\u00e9 \u00e0 emporter. Trouvez des solutions d&#039;emballage de haute qualit\u00e9 pour vos boissons froides chez GMZ.\" \/>\n<meta name=\"robots\" content=\"index, follow, max-snippet:-1, max-image-preview:large, max-video-preview:-1\" \/>\n<link rel=\"canonical\" href=\"https:\/\/gmz.ltd\/fr\/produit\/couvercles-pet\/\" \/>\n<meta property=\"og:locale\" content=\"fr_FR\" \/>\n<meta property=\"og:type\" content=\"article\" \/>\n<meta property=\"og:title\" content=\"Couvercles PET\" \/>\n<meta property=\"og:description\" content=\"Explorez les prix de gros de GMZ pour les couvercles de gobelets en plastique PET, incluant les couvercles en d\u00f4me, les couvercles pop-up et les couvercles plats, disponibles dans des tailles de 78mm \u00e0 98mm. Achetez maintenant en gros des gobelets en plastique transparent jetables avec couvercles, id\u00e9aux pour les gobelets \u00e0 caf\u00e9 \u00e0 emporter. Trouvez des solutions d&#039;emballage de haute qualit\u00e9 pour vos boissons froides chez GMZ.\" \/>\n<meta property=\"og:url\" content=\"https:\/\/gmz.ltd\/fr\/produit\/couvercles-pet\/\" \/>\n<meta property=\"og:site_name\" content=\"GMZ\" \/>\n<meta property=\"og:image\" content=\"https:\/\/gmz.ltd\/wp-content\/uploads\/2023\/09\/\u4e3b\u56fe-2.jpg\" \/>\n\t<meta property=\"og:image:width\" content=\"800\" \/>\n\t<meta property=\"og:image:height\" content=\"800\" \/>\n\t<meta property=\"og:image:type\" content=\"image\/jpeg\" \/>\n<meta name=\"twitter:card\" content=\"summary_large_image\" \/>\n<script type=\"application\/ld+json\" class=\"yoast-schema-graph\">{\"@context\":\"https:\/\/schema.org\",\"@graph\":[{\"@type\":\"WebPage\",\"@id\":\"https:\/\/gmz.ltd\/fr\/produit\/couvercles-pet\/\",\"url\":\"https:\/\/gmz.ltd\/fr\/produit\/couvercles-pet\/\",\"name\":\"Couvercles en plastique PET pour gobelets : d\u00f4me, pop-up, couvercles plats pour boissons froides - 78mm-98mm - GMZ\",\"isPartOf\":{\"@id\":\"https:\/\/gmz.ltd\/fr\/#website\"},\"primaryImageOfPage\":{\"@id\":\"https:\/\/gmz.ltd\/fr\/produit\/couvercles-pet\/#primaryimage\"},\"image\":{\"@id\":\"https:\/\/gmz.ltd\/fr\/produit\/couvercles-pet\/#primaryimage\"},\"thumbnailUrl\":\"https:\/\/gmz.ltd\/wp-content\/uploads\/2023\/09\/\u4e3b\u56fe-2.jpg\",\"datePublished\":\"2023-09-20T04:04:47+00:00\",\"description\":\"Explorez les prix de gros de GMZ pour les couvercles de gobelets en plastique PET, incluant les couvercles en d\u00f4me, les couvercles pop-up et les couvercles plats, disponibles dans des tailles de 78mm \u00e0 98mm. Achetez maintenant en gros des gobelets en plastique transparent jetables avec couvercles, id\u00e9aux pour les gobelets \u00e0 caf\u00e9 \u00e0 emporter. Trouvez des solutions d'emballage de haute qualit\u00e9 pour vos boissons froides chez GMZ.\",\"breadcrumb\":{\"@id\":\"https:\/\/gmz.ltd\/fr\/produit\/couvercles-pet\/#breadcrumb\"},\"inLanguage\":\"fr-FR\",\"potentialAction\":[{\"@type\":\"ReadAction\",\"target\":[\"https:\/\/gmz.ltd\/fr\/produit\/couvercles-pet\/\"]}]},{\"@type\":\"ImageObject\",\"inLanguage\":\"fr-FR\",\"@id\":\"https:\/\/gmz.ltd\/fr\/produit\/couvercles-pet\/#primaryimage\",\"url\":\"https:\/\/gmz.ltd\/wp-content\/uploads\/2023\/09\/\u4e3b\u56fe-2.jpg\",\"contentUrl\":\"https:\/\/gmz.ltd\/wp-content\/uploads\/2023\/09\/\u4e3b\u56fe-2.jpg\",\"width\":800,\"height\":800,\"caption\":\"PET Lid by GMZ\"},{\"@type\":\"BreadcrumbList\",\"@id\":\"https:\/\/gmz.ltd\/fr\/produit\/couvercles-pet\/#breadcrumb\",\"itemListElement\":[{\"@type\":\"ListItem\",\"position\":1,\"name\":\"maison\",\"item\":\"https:\/\/gmz.ltd\/fr\/\"},{\"@type\":\"ListItem\",\"position\":2,\"name\":\"Produits\",\"item\":\"https:\/\/gmz.ltd\/fr\/boutique\/\"},{\"@type\":\"ListItem\",\"position\":3,\"name\":\"Couvercles PET\"}]},{\"@type\":\"WebSite\",\"@id\":\"https:\/\/gmz.ltd\/fr\/#website\",\"url\":\"https:\/\/gmz.ltd\/fr\/\",\"name\":\"GMZ\",\"description\":\"\",\"publisher\":{\"@id\":\"https:\/\/gmz.ltd\/fr\/#organization\"},\"potentialAction\":[{\"@type\":\"SearchAction\",\"target\":{\"@type\":\"EntryPoint\",\"urlTemplate\":\"https:\/\/gmz.ltd\/fr\/?s={search_term_string}\"},\"query-input\":{\"@type\":\"PropertyValueSpecification\",\"valueRequired\":true,\"valueName\":\"search_term_string\"}}],\"inLanguage\":\"fr-FR\"},{\"@type\":\"Organization\",\"@id\":\"https:\/\/gmz.ltd\/fr\/#organization\",\"name\":\"GMZ\",\"url\":\"https:\/\/gmz.ltd\/fr\/\",\"logo\":{\"@type\":\"ImageObject\",\"inLanguage\":\"fr-FR\",\"@id\":\"https:\/\/gmz.ltd\/fr\/#\/schema\/logo\/image\/\",\"url\":\"https:\/\/gmz.ltd\/wp-content\/uploads\/2024\/11\/gmzpack.svg\",\"contentUrl\":\"https:\/\/gmz.ltd\/wp-content\/uploads\/2024\/11\/gmzpack.svg\",\"width\":170,\"height\":79,\"caption\":\"GMZ\"},\"image\":{\"@id\":\"https:\/\/gmz.ltd\/fr\/#\/schema\/logo\/image\/\"}}]}<\/script>\n<!-- \/ Yoast SEO Premium plugin. -->","yoast_head_json":{"title":"Couvercles en plastique PET pour gobelets : d\u00f4me, pop-up, couvercles plats pour boissons froides - 78mm-98mm - GMZ","description":"Explorez les prix de gros de GMZ pour les couvercles de gobelets en plastique PET, incluant les couvercles en d\u00f4me, les couvercles pop-up et les couvercles plats, disponibles dans des tailles de 78mm \u00e0 98mm. Achetez maintenant en gros des gobelets en plastique transparent jetables avec couvercles, id\u00e9aux pour les gobelets \u00e0 caf\u00e9 \u00e0 emporter. Trouvez des solutions d'emballage de haute qualit\u00e9 pour vos boissons froides chez GMZ.","robots":{"index":"index","follow":"follow","max-snippet":"max-snippet:-1","max-image-preview":"max-image-preview:large","max-video-preview":"max-video-preview:-1"},"canonical":"https:\/\/gmz.ltd\/fr\/produit\/couvercles-pet\/","og_locale":"fr_FR","og_type":"article","og_title":"Couvercles PET","og_description":"Explorez les prix de gros de GMZ pour les couvercles de gobelets en plastique PET, incluant les couvercles en d\u00f4me, les couvercles pop-up et les couvercles plats, disponibles dans des tailles de 78mm \u00e0 98mm. Achetez maintenant en gros des gobelets en plastique transparent jetables avec couvercles, id\u00e9aux pour les gobelets \u00e0 caf\u00e9 \u00e0 emporter. Trouvez des solutions d'emballage de haute qualit\u00e9 pour vos boissons froides chez GMZ.","og_url":"https:\/\/gmz.ltd\/fr\/produit\/couvercles-pet\/","og_site_name":"GMZ","og_image":[{"width":800,"height":800,"url":"https:\/\/gmz.ltd\/wp-content\/uploads\/2023\/09\/\u4e3b\u56fe-2.jpg","type":"image\/jpeg"}],"twitter_card":"summary_large_image","schema":{"@context":"https:\/\/schema.org","@graph":[{"@type":"WebPage","@id":"https:\/\/gmz.ltd\/fr\/produit\/couvercles-pet\/","url":"https:\/\/gmz.ltd\/fr\/produit\/couvercles-pet\/","name":"Couvercles en plastique PET pour gobelets : d\u00f4me, pop-up, couvercles plats pour boissons froides - 78mm-98mm - GMZ","isPartOf":{"@id":"https:\/\/gmz.ltd\/fr\/#website"},"primaryImageOfPage":{"@id":"https:\/\/gmz.ltd\/fr\/produit\/couvercles-pet\/#primaryimage"},"image":{"@id":"https:\/\/gmz.ltd\/fr\/produit\/couvercles-pet\/#primaryimage"},"thumbnailUrl":"https:\/\/gmz.ltd\/wp-content\/uploads\/2023\/09\/\u4e3b\u56fe-2.jpg","datePublished":"2023-09-20T04:04:47+00:00","description":"Explorez les prix de gros de GMZ pour les couvercles de gobelets en plastique PET, incluant les couvercles en d\u00f4me, les couvercles pop-up et les couvercles plats, disponibles dans des tailles de 78mm \u00e0 98mm. Achetez maintenant en gros des gobelets en plastique transparent jetables avec couvercles, id\u00e9aux pour les gobelets \u00e0 caf\u00e9 \u00e0 emporter. Trouvez des solutions d'emballage de haute qualit\u00e9 pour vos boissons froides chez GMZ.","breadcrumb":{"@id":"https:\/\/gmz.ltd\/fr\/produit\/couvercles-pet\/#breadcrumb"},"inLanguage":"fr-FR","potentialAction":[{"@type":"ReadAction","target":["https:\/\/gmz.ltd\/fr\/produit\/couvercles-pet\/"]}]},{"@type":"ImageObject","inLanguage":"fr-FR","@id":"https:\/\/gmz.ltd\/fr\/produit\/couvercles-pet\/#primaryimage","url":"https:\/\/gmz.ltd\/wp-content\/uploads\/2023\/09\/\u4e3b\u56fe-2.jpg","contentUrl":"https:\/\/gmz.ltd\/wp-content\/uploads\/2023\/09\/\u4e3b\u56fe-2.jpg","width":800,"height":800,"caption":"PET Lid by GMZ"},{"@type":"BreadcrumbList","@id":"https:\/\/gmz.ltd\/fr\/produit\/couvercles-pet\/#breadcrumb","itemListElement":[{"@type":"ListItem","position":1,"name":"maison","item":"https:\/\/gmz.ltd\/fr\/"},{"@type":"ListItem","position":2,"name":"Produits","item":"https:\/\/gmz.ltd\/fr\/boutique\/"},{"@type":"ListItem","position":3,"name":"Couvercles PET"}]},{"@type":"WebSite","@id":"https:\/\/gmz.ltd\/fr\/#website","url":"https:\/\/gmz.ltd\/fr\/","name":"GMZ","description":"","publisher":{"@id":"https:\/\/gmz.ltd\/fr\/#organization"},"potentialAction":[{"@type":"SearchAction","target":{"@type":"EntryPoint","urlTemplate":"https:\/\/gmz.ltd\/fr\/?s={search_term_string}"},"query-input":{"@type":"PropertyValueSpecification","valueRequired":true,"valueName":"search_term_string"}}],"inLanguage":"fr-FR"},{"@type":"Organization","@id":"https:\/\/gmz.ltd\/fr\/#organization","name":"GMZ","url":"https:\/\/gmz.ltd\/fr\/","logo":{"@type":"ImageObject","inLanguage":"fr-FR","@id":"https:\/\/gmz.ltd\/fr\/#\/schema\/logo\/image\/","url":"https:\/\/gmz.ltd\/wp-content\/uploads\/2024\/11\/gmzpack.svg","contentUrl":"https:\/\/gmz.ltd\/wp-content\/uploads\/2024\/11\/gmzpack.svg","width":170,"height":79,"caption":"GMZ"},"image":{"@id":"https:\/\/gmz.ltd\/fr\/#\/schema\/logo\/image\/"}}]}},"_links":{"self":[{"href":"https:\/\/gmz.ltd\/fr\/wp-json\/wp\/v2\/product\/7827","targetHints":{"allow":["GET"]}}],"collection":[{"href":"https:\/\/gmz.ltd\/fr\/wp-json\/wp\/v2\/product"}],"about":[{"href":"https:\/\/gmz.ltd\/fr\/wp-json\/wp\/v2\/types\/product"}],"version-history":[{"count":0,"href":"https:\/\/gmz.ltd\/fr\/wp-json\/wp\/v2\/product\/7827\/revisions"}],"wp:featuredmedia":[{"embeddable":true,"href":"https:\/\/gmz.ltd\/fr\/wp-json\/wp\/v2\/media\/5213"}],"wp:attachment":[{"href":"https:\/\/gmz.ltd\/fr\/wp-json\/wp\/v2\/media?parent=7827"}],"wp:term":[{"taxonomy":"product_brand","embeddable":true,"href":"https:\/\/gmz.ltd\/fr\/wp-json\/wp\/v2\/product_brand?post=7827"},{"taxonomy":"product_cat","embeddable":true,"href":"https:\/\/gmz.ltd\/fr\/wp-json\/wp\/v2\/product_cat?post=7827"},{"taxonomy":"product_tag","embeddable":true,"href":"https:\/\/gmz.ltd\/fr\/wp-json\/wp\/v2\/product_tag?post=7827"}],"curies":[{"name":"wp","href":"https:\/\/api.w.org\/{rel}","templated":true}]}}