{"id":7831,"date":"2023-09-20T04:04:03","date_gmt":"2023-09-20T04:04:03","guid":{"rendered":"https:\/\/gmz.ltd\/product\/couvercles-en-ps\/"},"modified":"2023-09-20T04:04:03","modified_gmt":"2023-09-20T04:04:03","slug":"couvercles-en-ps","status":"publish","type":"product","link":"https:\/\/gmz.ltd\/fr\/produit\/couvercles-en-ps\/","title":{"rendered":"Couvercles en PS"},"content":{"rendered":"<p>Les couvercles en PS sont les couvercles de gobelets \u00e0 caf\u00e9 les plus populaires. Ils sont abordables et polyvalents.<\/p>\n","protected":false},"excerpt":{"rendered":"<p>Les couvercles en PS sont les couvercles de gobelets \u00e0 caf\u00e9 les plus populaires, une solution parfaite pour sceller votre caf\u00e9 chaud \u00e0 emporter. Ils sont \u00e9conomiques et polyvalents. Avec une vari\u00e9t\u00e9 de tailles et de styles, ces couvercles de gobelets en PS sont con\u00e7us pour un ajustement s\u00e9curis\u00e9, une application rapide et une \u00e9limination facile.<\/p>\n<ul>\n<li>Parfait pour les boissons chaudes<\/li>\n<li>Isol\u00e9 et imperm\u00e9able<\/li>\n<li>Facile et rapide \u00e0 appliquer sur les gobelets<\/li>\n<li>Adapt\u00e9 pour des gobelets chauds de 4oz \u00e0 22oz<\/li>\n<li>Disponible dans divers styles : couvercle plat, couvercles pop-up, couvercles d\u00e9chirables et couvercles \u00e0 paille<\/li>\n<\/ul>\n","protected":false},"featured_media":5209,"template":"","meta":{"_joinchat":[]},"product_brand":[],"product_cat":[112],"product_tag":[113],"class_list":{"0":"post-7831","1":"product","2":"type-product","3":"status-publish","4":"has-post-thumbnail","6":"product_cat-couvercles-accessoires","7":"product_tag-gobelets-et-couvercles-pour-boissons-chaudes","9":"first","10":"instock","11":"shipping-taxable","12":"product-type-simple"},"acf":[],"yoast_head":"<!-- This site is optimized with the Yoast SEO Premium plugin v22.5 (Yoast SEO v26.6) - https:\/\/yoast.com\/wordpress\/plugins\/seo\/ -->\n<title>Couvercles de gobelets en plastique PS : plats, pop-up, \u00e0 d\u00e9chirer, pour paille, pour gobelets de caf\u00e9 chauds - de 4oz \u00e0 22oz - GMZ<\/title>\n<meta name=\"description\" content=\"Trouvez les meilleurs prix de gros pour les couvercles de gobelets en plastique chez GMZ, le principal fabricant chinois de gobelets \u00e0 caf\u00e9 jetables et de couvercles. Explorez notre gamme de couvercles pour gobelets chauds fabriqu\u00e9s \u00e0 partir de mat\u00e9riaux en polystyr\u00e8ne, id\u00e9aux pour le caf\u00e9 \u00e0 emporter et autres boissons chaudes. Envoyez une demande pour votre solution d&#039;emballage de boissons chaudes !\" \/>\n<meta name=\"robots\" content=\"index, follow, max-snippet:-1, max-image-preview:large, max-video-preview:-1\" \/>\n<link rel=\"canonical\" href=\"https:\/\/gmz.ltd\/fr\/produit\/couvercles-en-ps\/\" \/>\n<meta property=\"og:locale\" content=\"fr_FR\" \/>\n<meta property=\"og:type\" content=\"article\" \/>\n<meta property=\"og:title\" content=\"Couvercles en PS\" \/>\n<meta property=\"og:description\" content=\"Trouvez les meilleurs prix de gros pour les couvercles de gobelets en plastique chez GMZ, le principal fabricant chinois de gobelets \u00e0 caf\u00e9 jetables et de couvercles. Explorez notre gamme de couvercles pour gobelets chauds fabriqu\u00e9s \u00e0 partir de mat\u00e9riaux en polystyr\u00e8ne, id\u00e9aux pour le caf\u00e9 \u00e0 emporter et autres boissons chaudes. Envoyez une demande pour votre solution d&#039;emballage de boissons chaudes !\" \/>\n<meta property=\"og:url\" content=\"https:\/\/gmz.ltd\/fr\/produit\/couvercles-en-ps\/\" \/>\n<meta property=\"og:site_name\" content=\"GMZ\" \/>\n<meta property=\"og:image\" content=\"https:\/\/gmz.ltd\/wp-content\/uploads\/2023\/09\/\u4e3b\u56fe.jpg\" \/>\n\t<meta property=\"og:image:width\" content=\"800\" \/>\n\t<meta property=\"og:image:height\" content=\"800\" \/>\n\t<meta property=\"og:image:type\" content=\"image\/jpeg\" \/>\n<meta name=\"twitter:card\" content=\"summary_large_image\" \/>\n<script type=\"application\/ld+json\" class=\"yoast-schema-graph\">{\"@context\":\"https:\/\/schema.org\",\"@graph\":[{\"@type\":\"WebPage\",\"@id\":\"https:\/\/gmz.ltd\/fr\/produit\/couvercles-en-ps\/\",\"url\":\"https:\/\/gmz.ltd\/fr\/produit\/couvercles-en-ps\/\",\"name\":\"Couvercles de gobelets en plastique PS : plats, pop-up, \u00e0 d\u00e9chirer, pour paille, pour gobelets de caf\u00e9 chauds - de 4oz \u00e0 22oz - GMZ\",\"isPartOf\":{\"@id\":\"https:\/\/gmz.ltd\/fr\/#website\"},\"primaryImageOfPage\":{\"@id\":\"https:\/\/gmz.ltd\/fr\/produit\/couvercles-en-ps\/#primaryimage\"},\"image\":{\"@id\":\"https:\/\/gmz.ltd\/fr\/produit\/couvercles-en-ps\/#primaryimage\"},\"thumbnailUrl\":\"https:\/\/gmz.ltd\/wp-content\/uploads\/2023\/09\/\u4e3b\u56fe.jpg\",\"datePublished\":\"2023-09-20T04:04:03+00:00\",\"description\":\"Trouvez les meilleurs prix de gros pour les couvercles de gobelets en plastique chez GMZ, le principal fabricant chinois de gobelets \u00e0 caf\u00e9 jetables et de couvercles. Explorez notre gamme de couvercles pour gobelets chauds fabriqu\u00e9s \u00e0 partir de mat\u00e9riaux en polystyr\u00e8ne, id\u00e9aux pour le caf\u00e9 \u00e0 emporter et autres boissons chaudes. Envoyez une demande pour votre solution d'emballage de boissons chaudes !\",\"breadcrumb\":{\"@id\":\"https:\/\/gmz.ltd\/fr\/produit\/couvercles-en-ps\/#breadcrumb\"},\"inLanguage\":\"fr-FR\",\"potentialAction\":[{\"@type\":\"ReadAction\",\"target\":[\"https:\/\/gmz.ltd\/fr\/produit\/couvercles-en-ps\/\"]}]},{\"@type\":\"ImageObject\",\"inLanguage\":\"fr-FR\",\"@id\":\"https:\/\/gmz.ltd\/fr\/produit\/couvercles-en-ps\/#primaryimage\",\"url\":\"https:\/\/gmz.ltd\/wp-content\/uploads\/2023\/09\/\u4e3b\u56fe.jpg\",\"contentUrl\":\"https:\/\/gmz.ltd\/wp-content\/uploads\/2023\/09\/\u4e3b\u56fe.jpg\",\"width\":800,\"height\":800,\"caption\":\"GMZ Single Wall Paper Cup with PS Lid\"},{\"@type\":\"BreadcrumbList\",\"@id\":\"https:\/\/gmz.ltd\/fr\/produit\/couvercles-en-ps\/#breadcrumb\",\"itemListElement\":[{\"@type\":\"ListItem\",\"position\":1,\"name\":\"maison\",\"item\":\"https:\/\/gmz.ltd\/fr\/\"},{\"@type\":\"ListItem\",\"position\":2,\"name\":\"Produits\",\"item\":\"https:\/\/gmz.ltd\/fr\/boutique\/\"},{\"@type\":\"ListItem\",\"position\":3,\"name\":\"Couvercles en PS\"}]},{\"@type\":\"WebSite\",\"@id\":\"https:\/\/gmz.ltd\/fr\/#website\",\"url\":\"https:\/\/gmz.ltd\/fr\/\",\"name\":\"GMZ\",\"description\":\"\",\"publisher\":{\"@id\":\"https:\/\/gmz.ltd\/fr\/#organization\"},\"potentialAction\":[{\"@type\":\"SearchAction\",\"target\":{\"@type\":\"EntryPoint\",\"urlTemplate\":\"https:\/\/gmz.ltd\/fr\/?s={search_term_string}\"},\"query-input\":{\"@type\":\"PropertyValueSpecification\",\"valueRequired\":true,\"valueName\":\"search_term_string\"}}],\"inLanguage\":\"fr-FR\"},{\"@type\":\"Organization\",\"@id\":\"https:\/\/gmz.ltd\/fr\/#organization\",\"name\":\"GMZ\",\"url\":\"https:\/\/gmz.ltd\/fr\/\",\"logo\":{\"@type\":\"ImageObject\",\"inLanguage\":\"fr-FR\",\"@id\":\"https:\/\/gmz.ltd\/fr\/#\/schema\/logo\/image\/\",\"url\":\"https:\/\/gmz.ltd\/wp-content\/uploads\/2024\/11\/gmzpack.svg\",\"contentUrl\":\"https:\/\/gmz.ltd\/wp-content\/uploads\/2024\/11\/gmzpack.svg\",\"width\":170,\"height\":79,\"caption\":\"GMZ\"},\"image\":{\"@id\":\"https:\/\/gmz.ltd\/fr\/#\/schema\/logo\/image\/\"}}]}<\/script>\n<!-- \/ Yoast SEO Premium plugin. -->","yoast_head_json":{"title":"Couvercles de gobelets en plastique PS : plats, pop-up, \u00e0 d\u00e9chirer, pour paille, pour gobelets de caf\u00e9 chauds - de 4oz \u00e0 22oz - GMZ","description":"Trouvez les meilleurs prix de gros pour les couvercles de gobelets en plastique chez GMZ, le principal fabricant chinois de gobelets \u00e0 caf\u00e9 jetables et de couvercles. Explorez notre gamme de couvercles pour gobelets chauds fabriqu\u00e9s \u00e0 partir de mat\u00e9riaux en polystyr\u00e8ne, id\u00e9aux pour le caf\u00e9 \u00e0 emporter et autres boissons chaudes. Envoyez une demande pour votre solution d'emballage de boissons chaudes !","robots":{"index":"index","follow":"follow","max-snippet":"max-snippet:-1","max-image-preview":"max-image-preview:large","max-video-preview":"max-video-preview:-1"},"canonical":"https:\/\/gmz.ltd\/fr\/produit\/couvercles-en-ps\/","og_locale":"fr_FR","og_type":"article","og_title":"Couvercles en PS","og_description":"Trouvez les meilleurs prix de gros pour les couvercles de gobelets en plastique chez GMZ, le principal fabricant chinois de gobelets \u00e0 caf\u00e9 jetables et de couvercles. Explorez notre gamme de couvercles pour gobelets chauds fabriqu\u00e9s \u00e0 partir de mat\u00e9riaux en polystyr\u00e8ne, id\u00e9aux pour le caf\u00e9 \u00e0 emporter et autres boissons chaudes. Envoyez une demande pour votre solution d'emballage de boissons chaudes !","og_url":"https:\/\/gmz.ltd\/fr\/produit\/couvercles-en-ps\/","og_site_name":"GMZ","og_image":[{"width":800,"height":800,"url":"https:\/\/gmz.ltd\/wp-content\/uploads\/2023\/09\/\u4e3b\u56fe.jpg","type":"image\/jpeg"}],"twitter_card":"summary_large_image","schema":{"@context":"https:\/\/schema.org","@graph":[{"@type":"WebPage","@id":"https:\/\/gmz.ltd\/fr\/produit\/couvercles-en-ps\/","url":"https:\/\/gmz.ltd\/fr\/produit\/couvercles-en-ps\/","name":"Couvercles de gobelets en plastique PS : plats, pop-up, \u00e0 d\u00e9chirer, pour paille, pour gobelets de caf\u00e9 chauds - de 4oz \u00e0 22oz - GMZ","isPartOf":{"@id":"https:\/\/gmz.ltd\/fr\/#website"},"primaryImageOfPage":{"@id":"https:\/\/gmz.ltd\/fr\/produit\/couvercles-en-ps\/#primaryimage"},"image":{"@id":"https:\/\/gmz.ltd\/fr\/produit\/couvercles-en-ps\/#primaryimage"},"thumbnailUrl":"https:\/\/gmz.ltd\/wp-content\/uploads\/2023\/09\/\u4e3b\u56fe.jpg","datePublished":"2023-09-20T04:04:03+00:00","description":"Trouvez les meilleurs prix de gros pour les couvercles de gobelets en plastique chez GMZ, le principal fabricant chinois de gobelets \u00e0 caf\u00e9 jetables et de couvercles. Explorez notre gamme de couvercles pour gobelets chauds fabriqu\u00e9s \u00e0 partir de mat\u00e9riaux en polystyr\u00e8ne, id\u00e9aux pour le caf\u00e9 \u00e0 emporter et autres boissons chaudes. Envoyez une demande pour votre solution d'emballage de boissons chaudes !","breadcrumb":{"@id":"https:\/\/gmz.ltd\/fr\/produit\/couvercles-en-ps\/#breadcrumb"},"inLanguage":"fr-FR","potentialAction":[{"@type":"ReadAction","target":["https:\/\/gmz.ltd\/fr\/produit\/couvercles-en-ps\/"]}]},{"@type":"ImageObject","inLanguage":"fr-FR","@id":"https:\/\/gmz.ltd\/fr\/produit\/couvercles-en-ps\/#primaryimage","url":"https:\/\/gmz.ltd\/wp-content\/uploads\/2023\/09\/\u4e3b\u56fe.jpg","contentUrl":"https:\/\/gmz.ltd\/wp-content\/uploads\/2023\/09\/\u4e3b\u56fe.jpg","width":800,"height":800,"caption":"GMZ Single Wall Paper Cup with PS Lid"},{"@type":"BreadcrumbList","@id":"https:\/\/gmz.ltd\/fr\/produit\/couvercles-en-ps\/#breadcrumb","itemListElement":[{"@type":"ListItem","position":1,"name":"maison","item":"https:\/\/gmz.ltd\/fr\/"},{"@type":"ListItem","position":2,"name":"Produits","item":"https:\/\/gmz.ltd\/fr\/boutique\/"},{"@type":"ListItem","position":3,"name":"Couvercles en PS"}]},{"@type":"WebSite","@id":"https:\/\/gmz.ltd\/fr\/#website","url":"https:\/\/gmz.ltd\/fr\/","name":"GMZ","description":"","publisher":{"@id":"https:\/\/gmz.ltd\/fr\/#organization"},"potentialAction":[{"@type":"SearchAction","target":{"@type":"EntryPoint","urlTemplate":"https:\/\/gmz.ltd\/fr\/?s={search_term_string}"},"query-input":{"@type":"PropertyValueSpecification","valueRequired":true,"valueName":"search_term_string"}}],"inLanguage":"fr-FR"},{"@type":"Organization","@id":"https:\/\/gmz.ltd\/fr\/#organization","name":"GMZ","url":"https:\/\/gmz.ltd\/fr\/","logo":{"@type":"ImageObject","inLanguage":"fr-FR","@id":"https:\/\/gmz.ltd\/fr\/#\/schema\/logo\/image\/","url":"https:\/\/gmz.ltd\/wp-content\/uploads\/2024\/11\/gmzpack.svg","contentUrl":"https:\/\/gmz.ltd\/wp-content\/uploads\/2024\/11\/gmzpack.svg","width":170,"height":79,"caption":"GMZ"},"image":{"@id":"https:\/\/gmz.ltd\/fr\/#\/schema\/logo\/image\/"}}]}},"_links":{"self":[{"href":"https:\/\/gmz.ltd\/fr\/wp-json\/wp\/v2\/product\/7831","targetHints":{"allow":["GET"]}}],"collection":[{"href":"https:\/\/gmz.ltd\/fr\/wp-json\/wp\/v2\/product"}],"about":[{"href":"https:\/\/gmz.ltd\/fr\/wp-json\/wp\/v2\/types\/product"}],"version-history":[{"count":0,"href":"https:\/\/gmz.ltd\/fr\/wp-json\/wp\/v2\/product\/7831\/revisions"}],"wp:featuredmedia":[{"embeddable":true,"href":"https:\/\/gmz.ltd\/fr\/wp-json\/wp\/v2\/media\/5209"}],"wp:attachment":[{"href":"https:\/\/gmz.ltd\/fr\/wp-json\/wp\/v2\/media?parent=7831"}],"wp:term":[{"taxonomy":"product_brand","embeddable":true,"href":"https:\/\/gmz.ltd\/fr\/wp-json\/wp\/v2\/product_brand?post=7831"},{"taxonomy":"product_cat","embeddable":true,"href":"https:\/\/gmz.ltd\/fr\/wp-json\/wp\/v2\/product_cat?post=7831"},{"taxonomy":"product_tag","embeddable":true,"href":"https:\/\/gmz.ltd\/fr\/wp-json\/wp\/v2\/product_tag?post=7831"}],"curies":[{"name":"wp","href":"https:\/\/api.w.org\/{rel}","templated":true}]}}