{"id":7835,"date":"2024-06-01T04:03:04","date_gmt":"2024-06-01T04:03:04","guid":{"rendered":"https:\/\/gmz.ltd\/product\/gobelets-pet-en-forme-de-u\/"},"modified":"2023-09-20T04:03:04","modified_gmt":"2023-09-20T04:03:04","slug":"gobelets-pet-en-forme-de-u","status":"publish","type":"product","link":"https:\/\/gmz.ltd\/fr\/produit\/gobelets-pet-en-forme-de-u\/","title":{"rendered":"Gobelets PET en forme de U"},"content":{"rendered":"<p>Les gobelets PET en forme de U sont une option sp\u00e9ciale avec un fond arrondi.<\/p>\n","protected":false},"excerpt":{"rendered":"<p>Les gobelets PET en forme de U sont une option sp\u00e9ciale avec un fond arrondi. Ils sont con\u00e7us non seulement pour contenir vos boissons, mais aussi pour les pr\u00e9senter sous leur meilleur jour. Avec leur forme en U unique, leur qualit\u00e9 cristalline et leur conception \u00e9cologique, ces gobelets \u00e9l\u00e8vent le service des boissons \u00e0 un tout autre niveau. Ils sont durables, \u00e9l\u00e9gants et peuvent \u00eatre personnalis\u00e9s pour refl\u00e9ter votre marque.<\/p>\n<ul>\n<li>Fabriqu\u00e9s \u00e0 partir de PET recyclable de haute qualit\u00e9<\/li>\n<li>Design unique en forme de U pour une prise en main confortable<\/li>\n<li>Transparent et clair pour une meilleure pr\u00e9sentation des boissons<\/li>\n<li>Mat\u00e9riau PET solide et flexible pour \u00e9viter les fuites ou les cassures<\/li>\n<li>Impression personnalis\u00e9e disponible pour la promotion de la marque<\/li>\n<\/ul>\n<p>Quantit\u00e9 minimale de commande pour l&rsquo;impression personnalis\u00e9e : 30 000 pi\u00e8ces.<\/p>\n","protected":false},"featured_media":5205,"template":"","meta":{"_joinchat":[]},"product_brand":[],"product_cat":[124],"product_tag":[120],"class_list":{"0":"post-7835","1":"product","2":"type-product","3":"status-publish","4":"has-post-thumbnail","6":"product_cat-gobelets-en-plastique-pet","7":"product_tag-gobelets-et-couvercles-pour-boissons-froides","9":"first","10":"instock","11":"shipping-taxable","12":"product-type-simple"},"acf":[],"yoast_head":"<!-- This site is optimized with the Yoast SEO Premium plugin v22.5 (Yoast SEO v26.6) - https:\/\/yoast.com\/wordpress\/plugins\/seo\/ -->\n<title>Fabricant de gobelets PET en forme de U avec couvercles en Chine - Vente en gros de gobelets froids transparents - GMZ<\/title>\n<meta name=\"description\" content=\"Choisissez GMZ pour des gobelets PET en forme de U de haute qualit\u00e9 avec couvercles. Nous sommes un fabricant et fournisseur de confiance en Chine, sp\u00e9cialis\u00e9 dans la vente en gros de gobelets froids transparents avec un fond arrondi. Nos gobelets en plastique PET en forme de U sont recyclables, disponibles dans des tailles de 10oz \u00e0 24oz et peuvent \u00eatre personnalis\u00e9s selon votre impression. Contactez-nous d\u00e8s aujourd&#039;hui pour vos besoins en gobelets PET en forme de U en gros.\" \/>\n<meta name=\"robots\" content=\"index, follow, max-snippet:-1, max-image-preview:large, max-video-preview:-1\" \/>\n<link rel=\"canonical\" href=\"https:\/\/gmz.ltd\/fr\/produit\/gobelets-pet-en-forme-de-u\/\" \/>\n<meta property=\"og:locale\" content=\"fr_FR\" \/>\n<meta property=\"og:type\" content=\"article\" \/>\n<meta property=\"og:title\" content=\"Gobelets PET en forme de U\" \/>\n<meta property=\"og:description\" content=\"Choisissez GMZ pour des gobelets PET en forme de U de haute qualit\u00e9 avec couvercles. Nous sommes un fabricant et fournisseur de confiance en Chine, sp\u00e9cialis\u00e9 dans la vente en gros de gobelets froids transparents avec un fond arrondi. Nos gobelets en plastique PET en forme de U sont recyclables, disponibles dans des tailles de 10oz \u00e0 24oz et peuvent \u00eatre personnalis\u00e9s selon votre impression. Contactez-nous d\u00e8s aujourd&#039;hui pour vos besoins en gobelets PET en forme de U en gros.\" \/>\n<meta property=\"og:url\" content=\"https:\/\/gmz.ltd\/fr\/produit\/gobelets-pet-en-forme-de-u\/\" \/>\n<meta property=\"og:site_name\" content=\"GMZ\" \/>\n<meta property=\"og:image\" content=\"https:\/\/gmz.ltd\/wp-content\/uploads\/2023\/09\/\u4e3b\u56fe-3.jpg\" \/>\n\t<meta property=\"og:image:width\" content=\"800\" \/>\n\t<meta property=\"og:image:height\" content=\"800\" \/>\n\t<meta property=\"og:image:type\" content=\"image\/jpeg\" \/>\n<meta name=\"twitter:card\" content=\"summary_large_image\" \/>\n<script type=\"application\/ld+json\" class=\"yoast-schema-graph\">{\"@context\":\"https:\/\/schema.org\",\"@graph\":[{\"@type\":\"WebPage\",\"@id\":\"https:\/\/gmz.ltd\/fr\/produit\/gobelets-pet-en-forme-de-u\/\",\"url\":\"https:\/\/gmz.ltd\/fr\/produit\/gobelets-pet-en-forme-de-u\/\",\"name\":\"Fabricant de gobelets PET en forme de U avec couvercles en Chine - Vente en gros de gobelets froids transparents - GMZ\",\"isPartOf\":{\"@id\":\"https:\/\/gmz.ltd\/fr\/#website\"},\"primaryImageOfPage\":{\"@id\":\"https:\/\/gmz.ltd\/fr\/produit\/gobelets-pet-en-forme-de-u\/#primaryimage\"},\"image\":{\"@id\":\"https:\/\/gmz.ltd\/fr\/produit\/gobelets-pet-en-forme-de-u\/#primaryimage\"},\"thumbnailUrl\":\"https:\/\/gmz.ltd\/wp-content\/uploads\/2023\/09\/\u4e3b\u56fe-3.jpg\",\"datePublished\":\"2024-06-01T04:03:04+00:00\",\"description\":\"Choisissez GMZ pour des gobelets PET en forme de U de haute qualit\u00e9 avec couvercles. Nous sommes un fabricant et fournisseur de confiance en Chine, sp\u00e9cialis\u00e9 dans la vente en gros de gobelets froids transparents avec un fond arrondi. Nos gobelets en plastique PET en forme de U sont recyclables, disponibles dans des tailles de 10oz \u00e0 24oz et peuvent \u00eatre personnalis\u00e9s selon votre impression. Contactez-nous d\u00e8s aujourd'hui pour vos besoins en gobelets PET en forme de U en gros.\",\"breadcrumb\":{\"@id\":\"https:\/\/gmz.ltd\/fr\/produit\/gobelets-pet-en-forme-de-u\/#breadcrumb\"},\"inLanguage\":\"fr-FR\",\"potentialAction\":[{\"@type\":\"ReadAction\",\"target\":[\"https:\/\/gmz.ltd\/fr\/produit\/gobelets-pet-en-forme-de-u\/\"]}]},{\"@type\":\"ImageObject\",\"inLanguage\":\"fr-FR\",\"@id\":\"https:\/\/gmz.ltd\/fr\/produit\/gobelets-pet-en-forme-de-u\/#primaryimage\",\"url\":\"https:\/\/gmz.ltd\/wp-content\/uploads\/2023\/09\/\u4e3b\u56fe-3.jpg\",\"contentUrl\":\"https:\/\/gmz.ltd\/wp-content\/uploads\/2023\/09\/\u4e3b\u56fe-3.jpg\",\"width\":800,\"height\":800},{\"@type\":\"BreadcrumbList\",\"@id\":\"https:\/\/gmz.ltd\/fr\/produit\/gobelets-pet-en-forme-de-u\/#breadcrumb\",\"itemListElement\":[{\"@type\":\"ListItem\",\"position\":1,\"name\":\"maison\",\"item\":\"https:\/\/gmz.ltd\/fr\/\"},{\"@type\":\"ListItem\",\"position\":2,\"name\":\"Produits\",\"item\":\"https:\/\/gmz.ltd\/fr\/boutique\/\"},{\"@type\":\"ListItem\",\"position\":3,\"name\":\"Gobelets PET en forme de U\"}]},{\"@type\":\"WebSite\",\"@id\":\"https:\/\/gmz.ltd\/fr\/#website\",\"url\":\"https:\/\/gmz.ltd\/fr\/\",\"name\":\"GMZ\",\"description\":\"\",\"publisher\":{\"@id\":\"https:\/\/gmz.ltd\/fr\/#organization\"},\"potentialAction\":[{\"@type\":\"SearchAction\",\"target\":{\"@type\":\"EntryPoint\",\"urlTemplate\":\"https:\/\/gmz.ltd\/fr\/?s={search_term_string}\"},\"query-input\":{\"@type\":\"PropertyValueSpecification\",\"valueRequired\":true,\"valueName\":\"search_term_string\"}}],\"inLanguage\":\"fr-FR\"},{\"@type\":\"Organization\",\"@id\":\"https:\/\/gmz.ltd\/fr\/#organization\",\"name\":\"GMZ\",\"url\":\"https:\/\/gmz.ltd\/fr\/\",\"logo\":{\"@type\":\"ImageObject\",\"inLanguage\":\"fr-FR\",\"@id\":\"https:\/\/gmz.ltd\/fr\/#\/schema\/logo\/image\/\",\"url\":\"https:\/\/gmz.ltd\/wp-content\/uploads\/2024\/11\/gmzpack.svg\",\"contentUrl\":\"https:\/\/gmz.ltd\/wp-content\/uploads\/2024\/11\/gmzpack.svg\",\"width\":170,\"height\":79,\"caption\":\"GMZ\"},\"image\":{\"@id\":\"https:\/\/gmz.ltd\/fr\/#\/schema\/logo\/image\/\"}}]}<\/script>\n<!-- \/ Yoast SEO Premium plugin. -->","yoast_head_json":{"title":"Fabricant de gobelets PET en forme de U avec couvercles en Chine - Vente en gros de gobelets froids transparents - GMZ","description":"Choisissez GMZ pour des gobelets PET en forme de U de haute qualit\u00e9 avec couvercles. Nous sommes un fabricant et fournisseur de confiance en Chine, sp\u00e9cialis\u00e9 dans la vente en gros de gobelets froids transparents avec un fond arrondi. Nos gobelets en plastique PET en forme de U sont recyclables, disponibles dans des tailles de 10oz \u00e0 24oz et peuvent \u00eatre personnalis\u00e9s selon votre impression. Contactez-nous d\u00e8s aujourd'hui pour vos besoins en gobelets PET en forme de U en gros.","robots":{"index":"index","follow":"follow","max-snippet":"max-snippet:-1","max-image-preview":"max-image-preview:large","max-video-preview":"max-video-preview:-1"},"canonical":"https:\/\/gmz.ltd\/fr\/produit\/gobelets-pet-en-forme-de-u\/","og_locale":"fr_FR","og_type":"article","og_title":"Gobelets PET en forme de U","og_description":"Choisissez GMZ pour des gobelets PET en forme de U de haute qualit\u00e9 avec couvercles. Nous sommes un fabricant et fournisseur de confiance en Chine, sp\u00e9cialis\u00e9 dans la vente en gros de gobelets froids transparents avec un fond arrondi. Nos gobelets en plastique PET en forme de U sont recyclables, disponibles dans des tailles de 10oz \u00e0 24oz et peuvent \u00eatre personnalis\u00e9s selon votre impression. Contactez-nous d\u00e8s aujourd'hui pour vos besoins en gobelets PET en forme de U en gros.","og_url":"https:\/\/gmz.ltd\/fr\/produit\/gobelets-pet-en-forme-de-u\/","og_site_name":"GMZ","og_image":[{"width":800,"height":800,"url":"https:\/\/gmz.ltd\/wp-content\/uploads\/2023\/09\/\u4e3b\u56fe-3.jpg","type":"image\/jpeg"}],"twitter_card":"summary_large_image","schema":{"@context":"https:\/\/schema.org","@graph":[{"@type":"WebPage","@id":"https:\/\/gmz.ltd\/fr\/produit\/gobelets-pet-en-forme-de-u\/","url":"https:\/\/gmz.ltd\/fr\/produit\/gobelets-pet-en-forme-de-u\/","name":"Fabricant de gobelets PET en forme de U avec couvercles en Chine - Vente en gros de gobelets froids transparents - GMZ","isPartOf":{"@id":"https:\/\/gmz.ltd\/fr\/#website"},"primaryImageOfPage":{"@id":"https:\/\/gmz.ltd\/fr\/produit\/gobelets-pet-en-forme-de-u\/#primaryimage"},"image":{"@id":"https:\/\/gmz.ltd\/fr\/produit\/gobelets-pet-en-forme-de-u\/#primaryimage"},"thumbnailUrl":"https:\/\/gmz.ltd\/wp-content\/uploads\/2023\/09\/\u4e3b\u56fe-3.jpg","datePublished":"2024-06-01T04:03:04+00:00","description":"Choisissez GMZ pour des gobelets PET en forme de U de haute qualit\u00e9 avec couvercles. Nous sommes un fabricant et fournisseur de confiance en Chine, sp\u00e9cialis\u00e9 dans la vente en gros de gobelets froids transparents avec un fond arrondi. Nos gobelets en plastique PET en forme de U sont recyclables, disponibles dans des tailles de 10oz \u00e0 24oz et peuvent \u00eatre personnalis\u00e9s selon votre impression. Contactez-nous d\u00e8s aujourd'hui pour vos besoins en gobelets PET en forme de U en gros.","breadcrumb":{"@id":"https:\/\/gmz.ltd\/fr\/produit\/gobelets-pet-en-forme-de-u\/#breadcrumb"},"inLanguage":"fr-FR","potentialAction":[{"@type":"ReadAction","target":["https:\/\/gmz.ltd\/fr\/produit\/gobelets-pet-en-forme-de-u\/"]}]},{"@type":"ImageObject","inLanguage":"fr-FR","@id":"https:\/\/gmz.ltd\/fr\/produit\/gobelets-pet-en-forme-de-u\/#primaryimage","url":"https:\/\/gmz.ltd\/wp-content\/uploads\/2023\/09\/\u4e3b\u56fe-3.jpg","contentUrl":"https:\/\/gmz.ltd\/wp-content\/uploads\/2023\/09\/\u4e3b\u56fe-3.jpg","width":800,"height":800},{"@type":"BreadcrumbList","@id":"https:\/\/gmz.ltd\/fr\/produit\/gobelets-pet-en-forme-de-u\/#breadcrumb","itemListElement":[{"@type":"ListItem","position":1,"name":"maison","item":"https:\/\/gmz.ltd\/fr\/"},{"@type":"ListItem","position":2,"name":"Produits","item":"https:\/\/gmz.ltd\/fr\/boutique\/"},{"@type":"ListItem","position":3,"name":"Gobelets PET en forme de U"}]},{"@type":"WebSite","@id":"https:\/\/gmz.ltd\/fr\/#website","url":"https:\/\/gmz.ltd\/fr\/","name":"GMZ","description":"","publisher":{"@id":"https:\/\/gmz.ltd\/fr\/#organization"},"potentialAction":[{"@type":"SearchAction","target":{"@type":"EntryPoint","urlTemplate":"https:\/\/gmz.ltd\/fr\/?s={search_term_string}"},"query-input":{"@type":"PropertyValueSpecification","valueRequired":true,"valueName":"search_term_string"}}],"inLanguage":"fr-FR"},{"@type":"Organization","@id":"https:\/\/gmz.ltd\/fr\/#organization","name":"GMZ","url":"https:\/\/gmz.ltd\/fr\/","logo":{"@type":"ImageObject","inLanguage":"fr-FR","@id":"https:\/\/gmz.ltd\/fr\/#\/schema\/logo\/image\/","url":"https:\/\/gmz.ltd\/wp-content\/uploads\/2024\/11\/gmzpack.svg","contentUrl":"https:\/\/gmz.ltd\/wp-content\/uploads\/2024\/11\/gmzpack.svg","width":170,"height":79,"caption":"GMZ"},"image":{"@id":"https:\/\/gmz.ltd\/fr\/#\/schema\/logo\/image\/"}}]}},"_links":{"self":[{"href":"https:\/\/gmz.ltd\/fr\/wp-json\/wp\/v2\/product\/7835","targetHints":{"allow":["GET"]}}],"collection":[{"href":"https:\/\/gmz.ltd\/fr\/wp-json\/wp\/v2\/product"}],"about":[{"href":"https:\/\/gmz.ltd\/fr\/wp-json\/wp\/v2\/types\/product"}],"version-history":[{"count":0,"href":"https:\/\/gmz.ltd\/fr\/wp-json\/wp\/v2\/product\/7835\/revisions"}],"wp:featuredmedia":[{"embeddable":true,"href":"https:\/\/gmz.ltd\/fr\/wp-json\/wp\/v2\/media\/5205"}],"wp:attachment":[{"href":"https:\/\/gmz.ltd\/fr\/wp-json\/wp\/v2\/media?parent=7835"}],"wp:term":[{"taxonomy":"product_brand","embeddable":true,"href":"https:\/\/gmz.ltd\/fr\/wp-json\/wp\/v2\/product_brand?post=7835"},{"taxonomy":"product_cat","embeddable":true,"href":"https:\/\/gmz.ltd\/fr\/wp-json\/wp\/v2\/product_cat?post=7835"},{"taxonomy":"product_tag","embeddable":true,"href":"https:\/\/gmz.ltd\/fr\/wp-json\/wp\/v2\/product_tag?post=7835"}],"curies":[{"name":"wp","href":"https:\/\/api.w.org\/{rel}","templated":true}]}}