{"id":7839,"date":"2023-09-20T04:02:04","date_gmt":"2023-09-20T04:02:04","guid":{"rendered":"https:\/\/gmz.ltd\/product\/gobelets-pet\/"},"modified":"2023-09-20T04:02:04","modified_gmt":"2023-09-20T04:02:04","slug":"gobelets-pet","status":"publish","type":"product","link":"https:\/\/gmz.ltd\/fr\/produit\/gobelets-pet\/","title":{"rendered":"Gobelets PET"},"content":{"rendered":"<p>Les calibres de notre s\u00e9rie de gobelets PET sont de 78mm, 89mm, 92mm, 93mm, 95mm, 96mm, 98mm, 107mm, avec une excellente transparence.<\/p>\n","protected":false},"excerpt":{"rendered":"<p>Notre s\u00e9rie de <strong>gobelets PET<\/strong> est disponible dans divers calibres : 78mm, 89mm, 92mm, 93mm, 95mm, 96mm, 98mm et 107mm. Ils offrent une excellente transparence, con\u00e7us pour non seulement contenir vos boissons mais aussi pour les pr\u00e9senter de la meilleure mani\u00e8re. Ces <strong>gobelets PET transparents<\/strong> sont parfaits pour les boissons froides comme les smoothies, la limonade, le caf\u00e9 glac\u00e9 et plus encore.<\/p>\n<ul>\n<li>Fabriqu\u00e9s en PET recyclable qui r\u00e9duit les d\u00e9chets<\/li>\n<li>Le plastique PET transparent met en valeur vos boissons<\/li>\n<li>Compatible avec des couvercles de diff\u00e9rentes tailles<\/li>\n<li>Transparent pour une pr\u00e9sentation sup\u00e9rieure des boissons<\/li>\n<li>Mat\u00e9riau PET robuste et flexible pour \u00e9viter les fuites ou les cassures<\/li>\n<li>Impression personnalis\u00e9e disponible pour la promotion de la marque<\/li>\n<\/ul>\n<p><!-- notionvc: 6e89d71c-f072-4229-8d2b-12924db8f9f3 --><\/p>\n<p>Quantit\u00e9 minimale de commande pour l&rsquo;impression personnalis\u00e9e : 30 000 pi\u00e8ces.<\/p>\n","protected":false},"featured_media":5201,"template":"","meta":{"_joinchat":[]},"product_brand":[],"product_cat":[124],"product_tag":[120],"class_list":{"0":"post-7839","1":"product","2":"type-product","3":"status-publish","4":"has-post-thumbnail","6":"product_cat-gobelets-en-plastique-pet","7":"product_tag-gobelets-et-couvercles-pour-boissons-froides","9":"first","10":"instock","11":"shipping-taxable","12":"product-type-simple"},"acf":[],"yoast_head":"<!-- This site is optimized with the Yoast SEO Premium plugin v22.5 (Yoast SEO v26.6) - https:\/\/yoast.com\/wordpress\/plugins\/seo\/ -->\n<title>Fabricant de gobelets en plastique PET avec couvercles - Vente en gros de gobelets froids PET - GMZ<\/title>\n<meta name=\"description\" content=\"Vous recherchez un fabricant, fournisseur ou usine de gobelets en plastique PET en Chine ? GMZ est votre source privil\u00e9gi\u00e9e pour les gobelets PET en gros avec couvercles, disponibles en 8oz, 16oz, 24oz et plus. Nous fournissons des gobelets froids PET jetables, transparents et de haute qualit\u00e9, parfaits pour les smoothies, les bi\u00e8res, les frapp\u00e9s et les sodas. Contactez-nous d\u00e8s aujourd&#039;hui!\" \/>\n<meta name=\"robots\" content=\"index, follow, max-snippet:-1, max-image-preview:large, max-video-preview:-1\" \/>\n<link rel=\"canonical\" href=\"https:\/\/gmz.ltd\/fr\/produit\/gobelets-pet\/\" \/>\n<meta property=\"og:locale\" content=\"fr_FR\" \/>\n<meta property=\"og:type\" content=\"article\" \/>\n<meta property=\"og:title\" content=\"Gobelets PET\" \/>\n<meta property=\"og:description\" content=\"Vous recherchez un fabricant, fournisseur ou usine de gobelets en plastique PET en Chine ? GMZ est votre source privil\u00e9gi\u00e9e pour les gobelets PET en gros avec couvercles, disponibles en 8oz, 16oz, 24oz et plus. Nous fournissons des gobelets froids PET jetables, transparents et de haute qualit\u00e9, parfaits pour les smoothies, les bi\u00e8res, les frapp\u00e9s et les sodas. Contactez-nous d\u00e8s aujourd&#039;hui!\" \/>\n<meta property=\"og:url\" content=\"https:\/\/gmz.ltd\/fr\/produit\/gobelets-pet\/\" \/>\n<meta property=\"og:site_name\" content=\"GMZ\" \/>\n<meta property=\"og:image\" content=\"https:\/\/gmz.ltd\/wp-content\/uploads\/2023\/09\/\u4e3b\u56fe-1.jpg\" \/>\n\t<meta property=\"og:image:width\" content=\"750\" \/>\n\t<meta property=\"og:image:height\" content=\"750\" \/>\n\t<meta property=\"og:image:type\" content=\"image\/jpeg\" \/>\n<meta name=\"twitter:card\" content=\"summary_large_image\" \/>\n<script type=\"application\/ld+json\" class=\"yoast-schema-graph\">{\"@context\":\"https:\/\/schema.org\",\"@graph\":[{\"@type\":\"WebPage\",\"@id\":\"https:\/\/gmz.ltd\/fr\/produit\/gobelets-pet\/\",\"url\":\"https:\/\/gmz.ltd\/fr\/produit\/gobelets-pet\/\",\"name\":\"Fabricant de gobelets en plastique PET avec couvercles - Vente en gros de gobelets froids PET - GMZ\",\"isPartOf\":{\"@id\":\"https:\/\/gmz.ltd\/fr\/#website\"},\"primaryImageOfPage\":{\"@id\":\"https:\/\/gmz.ltd\/fr\/produit\/gobelets-pet\/#primaryimage\"},\"image\":{\"@id\":\"https:\/\/gmz.ltd\/fr\/produit\/gobelets-pet\/#primaryimage\"},\"thumbnailUrl\":\"https:\/\/gmz.ltd\/wp-content\/uploads\/2023\/09\/\u4e3b\u56fe-1.jpg\",\"datePublished\":\"2023-09-20T04:02:04+00:00\",\"description\":\"Vous recherchez un fabricant, fournisseur ou usine de gobelets en plastique PET en Chine ? GMZ est votre source privil\u00e9gi\u00e9e pour les gobelets PET en gros avec couvercles, disponibles en 8oz, 16oz, 24oz et plus. Nous fournissons des gobelets froids PET jetables, transparents et de haute qualit\u00e9, parfaits pour les smoothies, les bi\u00e8res, les frapp\u00e9s et les sodas. Contactez-nous d\u00e8s aujourd'hui!\",\"breadcrumb\":{\"@id\":\"https:\/\/gmz.ltd\/fr\/produit\/gobelets-pet\/#breadcrumb\"},\"inLanguage\":\"fr-FR\",\"potentialAction\":[{\"@type\":\"ReadAction\",\"target\":[\"https:\/\/gmz.ltd\/fr\/produit\/gobelets-pet\/\"]}]},{\"@type\":\"ImageObject\",\"inLanguage\":\"fr-FR\",\"@id\":\"https:\/\/gmz.ltd\/fr\/produit\/gobelets-pet\/#primaryimage\",\"url\":\"https:\/\/gmz.ltd\/wp-content\/uploads\/2023\/09\/\u4e3b\u56fe-1.jpg\",\"contentUrl\":\"https:\/\/gmz.ltd\/wp-content\/uploads\/2023\/09\/\u4e3b\u56fe-1.jpg\",\"width\":750,\"height\":750},{\"@type\":\"BreadcrumbList\",\"@id\":\"https:\/\/gmz.ltd\/fr\/produit\/gobelets-pet\/#breadcrumb\",\"itemListElement\":[{\"@type\":\"ListItem\",\"position\":1,\"name\":\"maison\",\"item\":\"https:\/\/gmz.ltd\/fr\/\"},{\"@type\":\"ListItem\",\"position\":2,\"name\":\"Produits\",\"item\":\"https:\/\/gmz.ltd\/fr\/boutique\/\"},{\"@type\":\"ListItem\",\"position\":3,\"name\":\"Gobelets PET\"}]},{\"@type\":\"WebSite\",\"@id\":\"https:\/\/gmz.ltd\/fr\/#website\",\"url\":\"https:\/\/gmz.ltd\/fr\/\",\"name\":\"GMZ\",\"description\":\"\",\"publisher\":{\"@id\":\"https:\/\/gmz.ltd\/fr\/#organization\"},\"potentialAction\":[{\"@type\":\"SearchAction\",\"target\":{\"@type\":\"EntryPoint\",\"urlTemplate\":\"https:\/\/gmz.ltd\/fr\/?s={search_term_string}\"},\"query-input\":{\"@type\":\"PropertyValueSpecification\",\"valueRequired\":true,\"valueName\":\"search_term_string\"}}],\"inLanguage\":\"fr-FR\"},{\"@type\":\"Organization\",\"@id\":\"https:\/\/gmz.ltd\/fr\/#organization\",\"name\":\"GMZ\",\"url\":\"https:\/\/gmz.ltd\/fr\/\",\"logo\":{\"@type\":\"ImageObject\",\"inLanguage\":\"fr-FR\",\"@id\":\"https:\/\/gmz.ltd\/fr\/#\/schema\/logo\/image\/\",\"url\":\"https:\/\/gmz.ltd\/wp-content\/uploads\/2024\/11\/gmzpack.svg\",\"contentUrl\":\"https:\/\/gmz.ltd\/wp-content\/uploads\/2024\/11\/gmzpack.svg\",\"width\":170,\"height\":79,\"caption\":\"GMZ\"},\"image\":{\"@id\":\"https:\/\/gmz.ltd\/fr\/#\/schema\/logo\/image\/\"}}]}<\/script>\n<!-- \/ Yoast SEO Premium plugin. -->","yoast_head_json":{"title":"Fabricant de gobelets en plastique PET avec couvercles - Vente en gros de gobelets froids PET - GMZ","description":"Vous recherchez un fabricant, fournisseur ou usine de gobelets en plastique PET en Chine ? GMZ est votre source privil\u00e9gi\u00e9e pour les gobelets PET en gros avec couvercles, disponibles en 8oz, 16oz, 24oz et plus. Nous fournissons des gobelets froids PET jetables, transparents et de haute qualit\u00e9, parfaits pour les smoothies, les bi\u00e8res, les frapp\u00e9s et les sodas. Contactez-nous d\u00e8s aujourd'hui!","robots":{"index":"index","follow":"follow","max-snippet":"max-snippet:-1","max-image-preview":"max-image-preview:large","max-video-preview":"max-video-preview:-1"},"canonical":"https:\/\/gmz.ltd\/fr\/produit\/gobelets-pet\/","og_locale":"fr_FR","og_type":"article","og_title":"Gobelets PET","og_description":"Vous recherchez un fabricant, fournisseur ou usine de gobelets en plastique PET en Chine ? GMZ est votre source privil\u00e9gi\u00e9e pour les gobelets PET en gros avec couvercles, disponibles en 8oz, 16oz, 24oz et plus. Nous fournissons des gobelets froids PET jetables, transparents et de haute qualit\u00e9, parfaits pour les smoothies, les bi\u00e8res, les frapp\u00e9s et les sodas. Contactez-nous d\u00e8s aujourd'hui!","og_url":"https:\/\/gmz.ltd\/fr\/produit\/gobelets-pet\/","og_site_name":"GMZ","og_image":[{"width":750,"height":750,"url":"https:\/\/gmz.ltd\/wp-content\/uploads\/2023\/09\/\u4e3b\u56fe-1.jpg","type":"image\/jpeg"}],"twitter_card":"summary_large_image","schema":{"@context":"https:\/\/schema.org","@graph":[{"@type":"WebPage","@id":"https:\/\/gmz.ltd\/fr\/produit\/gobelets-pet\/","url":"https:\/\/gmz.ltd\/fr\/produit\/gobelets-pet\/","name":"Fabricant de gobelets en plastique PET avec couvercles - Vente en gros de gobelets froids PET - GMZ","isPartOf":{"@id":"https:\/\/gmz.ltd\/fr\/#website"},"primaryImageOfPage":{"@id":"https:\/\/gmz.ltd\/fr\/produit\/gobelets-pet\/#primaryimage"},"image":{"@id":"https:\/\/gmz.ltd\/fr\/produit\/gobelets-pet\/#primaryimage"},"thumbnailUrl":"https:\/\/gmz.ltd\/wp-content\/uploads\/2023\/09\/\u4e3b\u56fe-1.jpg","datePublished":"2023-09-20T04:02:04+00:00","description":"Vous recherchez un fabricant, fournisseur ou usine de gobelets en plastique PET en Chine ? GMZ est votre source privil\u00e9gi\u00e9e pour les gobelets PET en gros avec couvercles, disponibles en 8oz, 16oz, 24oz et plus. Nous fournissons des gobelets froids PET jetables, transparents et de haute qualit\u00e9, parfaits pour les smoothies, les bi\u00e8res, les frapp\u00e9s et les sodas. Contactez-nous d\u00e8s aujourd'hui!","breadcrumb":{"@id":"https:\/\/gmz.ltd\/fr\/produit\/gobelets-pet\/#breadcrumb"},"inLanguage":"fr-FR","potentialAction":[{"@type":"ReadAction","target":["https:\/\/gmz.ltd\/fr\/produit\/gobelets-pet\/"]}]},{"@type":"ImageObject","inLanguage":"fr-FR","@id":"https:\/\/gmz.ltd\/fr\/produit\/gobelets-pet\/#primaryimage","url":"https:\/\/gmz.ltd\/wp-content\/uploads\/2023\/09\/\u4e3b\u56fe-1.jpg","contentUrl":"https:\/\/gmz.ltd\/wp-content\/uploads\/2023\/09\/\u4e3b\u56fe-1.jpg","width":750,"height":750},{"@type":"BreadcrumbList","@id":"https:\/\/gmz.ltd\/fr\/produit\/gobelets-pet\/#breadcrumb","itemListElement":[{"@type":"ListItem","position":1,"name":"maison","item":"https:\/\/gmz.ltd\/fr\/"},{"@type":"ListItem","position":2,"name":"Produits","item":"https:\/\/gmz.ltd\/fr\/boutique\/"},{"@type":"ListItem","position":3,"name":"Gobelets PET"}]},{"@type":"WebSite","@id":"https:\/\/gmz.ltd\/fr\/#website","url":"https:\/\/gmz.ltd\/fr\/","name":"GMZ","description":"","publisher":{"@id":"https:\/\/gmz.ltd\/fr\/#organization"},"potentialAction":[{"@type":"SearchAction","target":{"@type":"EntryPoint","urlTemplate":"https:\/\/gmz.ltd\/fr\/?s={search_term_string}"},"query-input":{"@type":"PropertyValueSpecification","valueRequired":true,"valueName":"search_term_string"}}],"inLanguage":"fr-FR"},{"@type":"Organization","@id":"https:\/\/gmz.ltd\/fr\/#organization","name":"GMZ","url":"https:\/\/gmz.ltd\/fr\/","logo":{"@type":"ImageObject","inLanguage":"fr-FR","@id":"https:\/\/gmz.ltd\/fr\/#\/schema\/logo\/image\/","url":"https:\/\/gmz.ltd\/wp-content\/uploads\/2024\/11\/gmzpack.svg","contentUrl":"https:\/\/gmz.ltd\/wp-content\/uploads\/2024\/11\/gmzpack.svg","width":170,"height":79,"caption":"GMZ"},"image":{"@id":"https:\/\/gmz.ltd\/fr\/#\/schema\/logo\/image\/"}}]}},"_links":{"self":[{"href":"https:\/\/gmz.ltd\/fr\/wp-json\/wp\/v2\/product\/7839","targetHints":{"allow":["GET"]}}],"collection":[{"href":"https:\/\/gmz.ltd\/fr\/wp-json\/wp\/v2\/product"}],"about":[{"href":"https:\/\/gmz.ltd\/fr\/wp-json\/wp\/v2\/types\/product"}],"version-history":[{"count":0,"href":"https:\/\/gmz.ltd\/fr\/wp-json\/wp\/v2\/product\/7839\/revisions"}],"wp:featuredmedia":[{"embeddable":true,"href":"https:\/\/gmz.ltd\/fr\/wp-json\/wp\/v2\/media\/5201"}],"wp:attachment":[{"href":"https:\/\/gmz.ltd\/fr\/wp-json\/wp\/v2\/media?parent=7839"}],"wp:term":[{"taxonomy":"product_brand","embeddable":true,"href":"https:\/\/gmz.ltd\/fr\/wp-json\/wp\/v2\/product_brand?post=7839"},{"taxonomy":"product_cat","embeddable":true,"href":"https:\/\/gmz.ltd\/fr\/wp-json\/wp\/v2\/product_cat?post=7839"},{"taxonomy":"product_tag","embeddable":true,"href":"https:\/\/gmz.ltd\/fr\/wp-json\/wp\/v2\/product_tag?post=7839"}],"curies":[{"name":"wp","href":"https:\/\/api.w.org\/{rel}","templated":true}]}}