{"id":7846,"date":"2023-09-20T03:59:55","date_gmt":"2023-09-20T03:59:55","guid":{"rendered":"https:\/\/gmz.ltd\/product\/gobelets-en-papier-pour-distributeurs-automatiques\/"},"modified":"2023-09-20T03:59:55","modified_gmt":"2023-09-20T03:59:55","slug":"gobelets-en-papier-pour-distributeurs-automatiques","status":"publish","type":"product","link":"https:\/\/gmz.ltd\/fr\/produit\/gobelets-en-papier-pour-distributeurs-automatiques\/","title":{"rendered":"Gobelets en papier pour distributeurs automatiques"},"content":{"rendered":"<p>Nous pouvons fournir des gobelets en papier pour distributeurs automatiques dans diverses tailles, adapt\u00e9s aux habitudes de consommation de nombreuses r\u00e9gions du monde. Nous fournissons \u00e9galement un service de personnalisation de la taille.<\/p>\n","protected":false},"excerpt":{"rendered":"<p>Nos gobelets en papier pour distributeurs automatiques sont con\u00e7us pour s&rsquo;int\u00e9grer parfaitement dans vos op\u00e9rations quotidiennes, o\u00f9 que vous soyez dans le monde. Avec une large gamme de tailles et l&rsquo;option de personnalisation, nous nous assurons que vous trouviez exactement ce dont vous avez besoin pour vos distributeurs automatiques.<\/p>\n<ul>\n<li>Nous offrons des services de personnalisation de taille<\/li>\n<li>Fabriqu\u00e9 \u00e0 partir de papier alimentaire de haute qualit\u00e9<\/li>\n<li>Convient \u00e0 la fois pour les boissons chaudes et froides<\/li>\n<li>Impression personnalis\u00e9e jusqu&rsquo;\u00e0 8 couleurs sur la couche ext\u00e9rieure<\/li>\n<li>Encre \u00e0 base d&rsquo;eau\/soja s\u00fbre et \u00e9cologique pour l&rsquo;impression<\/li>\n<li>Selon les besoins, nous pouvons imprimer le code de lot au fond du gobelet pour tracer facilement le gobelet \u00e0 travers le processus de fabrication.<\/li>\n<\/ul>\n<p>Quantit\u00e9 minimale de commande pour l&rsquo;impression personnalis\u00e9e : 50 000 pi\u00e8ces.<\/p>\n","protected":false},"featured_media":5773,"template":"","meta":{"_joinchat":[]},"product_brand":[],"product_cat":[134,135],"product_tag":[113],"class_list":{"0":"post-7846","1":"product","2":"type-product","3":"status-publish","4":"has-post-thumbnail","6":"product_cat-gobelets-en-papier","7":"product_cat-gobelets-en-papier-pour-boissons-chaudes","8":"product_tag-gobelets-et-couvercles-pour-boissons-chaudes","10":"first","11":"instock","12":"shipping-taxable","13":"product-type-simple"},"acf":[],"yoast_head":"<!-- This site is optimized with the Yoast SEO Premium plugin v22.5 (Yoast SEO v26.6) - https:\/\/yoast.com\/wordpress\/plugins\/seo\/ -->\n<title>Vente en gros de gobelets en papier - Fabrication de gobelets personnalis\u00e9s \u00e0 votre marque - GMZ<\/title>\n<meta name=\"description\" content=\"GMZ est un fabricant et fournisseur de gobelets en papier pour distributeurs automatiques en gros. Notre gobelet en papier pour distributeur automatique peut \u00eatre utilis\u00e9 dans presque toutes les machines \u00e0 caf\u00e9 automatiques. Nous sommes sp\u00e9cialis\u00e9s dans la fabrication de gobelets personnalis\u00e9s \u00e0 votre marque, en proposant des solutions \u00e9cologiques et recyclables. Contactez-nous pour des gobelets en papier durables et de haute qualit\u00e9 pour vos besoins professionnels.\" \/>\n<meta name=\"robots\" content=\"index, follow, max-snippet:-1, max-image-preview:large, max-video-preview:-1\" \/>\n<link rel=\"canonical\" href=\"https:\/\/gmz.ltd\/fr\/produit\/gobelets-en-papier-pour-distributeurs-automatiques\/\" \/>\n<meta property=\"og:locale\" content=\"fr_FR\" \/>\n<meta property=\"og:type\" content=\"article\" \/>\n<meta property=\"og:title\" content=\"Gobelets en papier pour distributeurs automatiques\" \/>\n<meta property=\"og:description\" content=\"GMZ est un fabricant et fournisseur de gobelets en papier pour distributeurs automatiques en gros. Notre gobelet en papier pour distributeur automatique peut \u00eatre utilis\u00e9 dans presque toutes les machines \u00e0 caf\u00e9 automatiques. Nous sommes sp\u00e9cialis\u00e9s dans la fabrication de gobelets personnalis\u00e9s \u00e0 votre marque, en proposant des solutions \u00e9cologiques et recyclables. Contactez-nous pour des gobelets en papier durables et de haute qualit\u00e9 pour vos besoins professionnels.\" \/>\n<meta property=\"og:url\" content=\"https:\/\/gmz.ltd\/fr\/produit\/gobelets-en-papier-pour-distributeurs-automatiques\/\" \/>\n<meta property=\"og:site_name\" content=\"GMZ\" \/>\n<meta property=\"og:image\" content=\"https:\/\/gmz.ltd\/wp-content\/uploads\/2023\/09\/1-5.jpg\" \/>\n\t<meta property=\"og:image:width\" content=\"1000\" \/>\n\t<meta property=\"og:image:height\" content=\"1000\" \/>\n\t<meta property=\"og:image:type\" content=\"image\/jpeg\" \/>\n<meta name=\"twitter:card\" content=\"summary_large_image\" \/>\n<script type=\"application\/ld+json\" class=\"yoast-schema-graph\">{\"@context\":\"https:\/\/schema.org\",\"@graph\":[{\"@type\":\"WebPage\",\"@id\":\"https:\/\/gmz.ltd\/fr\/produit\/gobelets-en-papier-pour-distributeurs-automatiques\/\",\"url\":\"https:\/\/gmz.ltd\/fr\/produit\/gobelets-en-papier-pour-distributeurs-automatiques\/\",\"name\":\"Vente en gros de gobelets en papier - Fabrication de gobelets personnalis\u00e9s \u00e0 votre marque - GMZ\",\"isPartOf\":{\"@id\":\"https:\/\/gmz.ltd\/fr\/#website\"},\"primaryImageOfPage\":{\"@id\":\"https:\/\/gmz.ltd\/fr\/produit\/gobelets-en-papier-pour-distributeurs-automatiques\/#primaryimage\"},\"image\":{\"@id\":\"https:\/\/gmz.ltd\/fr\/produit\/gobelets-en-papier-pour-distributeurs-automatiques\/#primaryimage\"},\"thumbnailUrl\":\"https:\/\/gmz.ltd\/wp-content\/uploads\/2023\/09\/1-5.jpg\",\"datePublished\":\"2023-09-20T03:59:55+00:00\",\"description\":\"GMZ est un fabricant et fournisseur de gobelets en papier pour distributeurs automatiques en gros. Notre gobelet en papier pour distributeur automatique peut \u00eatre utilis\u00e9 dans presque toutes les machines \u00e0 caf\u00e9 automatiques. Nous sommes sp\u00e9cialis\u00e9s dans la fabrication de gobelets personnalis\u00e9s \u00e0 votre marque, en proposant des solutions \u00e9cologiques et recyclables. Contactez-nous pour des gobelets en papier durables et de haute qualit\u00e9 pour vos besoins professionnels.\",\"breadcrumb\":{\"@id\":\"https:\/\/gmz.ltd\/fr\/produit\/gobelets-en-papier-pour-distributeurs-automatiques\/#breadcrumb\"},\"inLanguage\":\"fr-FR\",\"potentialAction\":[{\"@type\":\"ReadAction\",\"target\":[\"https:\/\/gmz.ltd\/fr\/produit\/gobelets-en-papier-pour-distributeurs-automatiques\/\"]}]},{\"@type\":\"ImageObject\",\"inLanguage\":\"fr-FR\",\"@id\":\"https:\/\/gmz.ltd\/fr\/produit\/gobelets-en-papier-pour-distributeurs-automatiques\/#primaryimage\",\"url\":\"https:\/\/gmz.ltd\/wp-content\/uploads\/2023\/09\/1-5.jpg\",\"contentUrl\":\"https:\/\/gmz.ltd\/wp-content\/uploads\/2023\/09\/1-5.jpg\",\"width\":1000,\"height\":1000},{\"@type\":\"BreadcrumbList\",\"@id\":\"https:\/\/gmz.ltd\/fr\/produit\/gobelets-en-papier-pour-distributeurs-automatiques\/#breadcrumb\",\"itemListElement\":[{\"@type\":\"ListItem\",\"position\":1,\"name\":\"maison\",\"item\":\"https:\/\/gmz.ltd\/fr\/\"},{\"@type\":\"ListItem\",\"position\":2,\"name\":\"Produits\",\"item\":\"https:\/\/gmz.ltd\/fr\/boutique\/\"},{\"@type\":\"ListItem\",\"position\":3,\"name\":\"Gobelets en papier pour distributeurs automatiques\"}]},{\"@type\":\"WebSite\",\"@id\":\"https:\/\/gmz.ltd\/fr\/#website\",\"url\":\"https:\/\/gmz.ltd\/fr\/\",\"name\":\"GMZ\",\"description\":\"\",\"publisher\":{\"@id\":\"https:\/\/gmz.ltd\/fr\/#organization\"},\"potentialAction\":[{\"@type\":\"SearchAction\",\"target\":{\"@type\":\"EntryPoint\",\"urlTemplate\":\"https:\/\/gmz.ltd\/fr\/?s={search_term_string}\"},\"query-input\":{\"@type\":\"PropertyValueSpecification\",\"valueRequired\":true,\"valueName\":\"search_term_string\"}}],\"inLanguage\":\"fr-FR\"},{\"@type\":\"Organization\",\"@id\":\"https:\/\/gmz.ltd\/fr\/#organization\",\"name\":\"GMZ\",\"url\":\"https:\/\/gmz.ltd\/fr\/\",\"logo\":{\"@type\":\"ImageObject\",\"inLanguage\":\"fr-FR\",\"@id\":\"https:\/\/gmz.ltd\/fr\/#\/schema\/logo\/image\/\",\"url\":\"https:\/\/gmz.ltd\/wp-content\/uploads\/2024\/11\/gmzpack.svg\",\"contentUrl\":\"https:\/\/gmz.ltd\/wp-content\/uploads\/2024\/11\/gmzpack.svg\",\"width\":170,\"height\":79,\"caption\":\"GMZ\"},\"image\":{\"@id\":\"https:\/\/gmz.ltd\/fr\/#\/schema\/logo\/image\/\"}}]}<\/script>\n<!-- \/ Yoast SEO Premium plugin. -->","yoast_head_json":{"title":"Vente en gros de gobelets en papier - Fabrication de gobelets personnalis\u00e9s \u00e0 votre marque - GMZ","description":"GMZ est un fabricant et fournisseur de gobelets en papier pour distributeurs automatiques en gros. Notre gobelet en papier pour distributeur automatique peut \u00eatre utilis\u00e9 dans presque toutes les machines \u00e0 caf\u00e9 automatiques. Nous sommes sp\u00e9cialis\u00e9s dans la fabrication de gobelets personnalis\u00e9s \u00e0 votre marque, en proposant des solutions \u00e9cologiques et recyclables. Contactez-nous pour des gobelets en papier durables et de haute qualit\u00e9 pour vos besoins professionnels.","robots":{"index":"index","follow":"follow","max-snippet":"max-snippet:-1","max-image-preview":"max-image-preview:large","max-video-preview":"max-video-preview:-1"},"canonical":"https:\/\/gmz.ltd\/fr\/produit\/gobelets-en-papier-pour-distributeurs-automatiques\/","og_locale":"fr_FR","og_type":"article","og_title":"Gobelets en papier pour distributeurs automatiques","og_description":"GMZ est un fabricant et fournisseur de gobelets en papier pour distributeurs automatiques en gros. Notre gobelet en papier pour distributeur automatique peut \u00eatre utilis\u00e9 dans presque toutes les machines \u00e0 caf\u00e9 automatiques. Nous sommes sp\u00e9cialis\u00e9s dans la fabrication de gobelets personnalis\u00e9s \u00e0 votre marque, en proposant des solutions \u00e9cologiques et recyclables. Contactez-nous pour des gobelets en papier durables et de haute qualit\u00e9 pour vos besoins professionnels.","og_url":"https:\/\/gmz.ltd\/fr\/produit\/gobelets-en-papier-pour-distributeurs-automatiques\/","og_site_name":"GMZ","og_image":[{"width":1000,"height":1000,"url":"https:\/\/gmz.ltd\/wp-content\/uploads\/2023\/09\/1-5.jpg","type":"image\/jpeg"}],"twitter_card":"summary_large_image","schema":{"@context":"https:\/\/schema.org","@graph":[{"@type":"WebPage","@id":"https:\/\/gmz.ltd\/fr\/produit\/gobelets-en-papier-pour-distributeurs-automatiques\/","url":"https:\/\/gmz.ltd\/fr\/produit\/gobelets-en-papier-pour-distributeurs-automatiques\/","name":"Vente en gros de gobelets en papier - Fabrication de gobelets personnalis\u00e9s \u00e0 votre marque - GMZ","isPartOf":{"@id":"https:\/\/gmz.ltd\/fr\/#website"},"primaryImageOfPage":{"@id":"https:\/\/gmz.ltd\/fr\/produit\/gobelets-en-papier-pour-distributeurs-automatiques\/#primaryimage"},"image":{"@id":"https:\/\/gmz.ltd\/fr\/produit\/gobelets-en-papier-pour-distributeurs-automatiques\/#primaryimage"},"thumbnailUrl":"https:\/\/gmz.ltd\/wp-content\/uploads\/2023\/09\/1-5.jpg","datePublished":"2023-09-20T03:59:55+00:00","description":"GMZ est un fabricant et fournisseur de gobelets en papier pour distributeurs automatiques en gros. Notre gobelet en papier pour distributeur automatique peut \u00eatre utilis\u00e9 dans presque toutes les machines \u00e0 caf\u00e9 automatiques. Nous sommes sp\u00e9cialis\u00e9s dans la fabrication de gobelets personnalis\u00e9s \u00e0 votre marque, en proposant des solutions \u00e9cologiques et recyclables. Contactez-nous pour des gobelets en papier durables et de haute qualit\u00e9 pour vos besoins professionnels.","breadcrumb":{"@id":"https:\/\/gmz.ltd\/fr\/produit\/gobelets-en-papier-pour-distributeurs-automatiques\/#breadcrumb"},"inLanguage":"fr-FR","potentialAction":[{"@type":"ReadAction","target":["https:\/\/gmz.ltd\/fr\/produit\/gobelets-en-papier-pour-distributeurs-automatiques\/"]}]},{"@type":"ImageObject","inLanguage":"fr-FR","@id":"https:\/\/gmz.ltd\/fr\/produit\/gobelets-en-papier-pour-distributeurs-automatiques\/#primaryimage","url":"https:\/\/gmz.ltd\/wp-content\/uploads\/2023\/09\/1-5.jpg","contentUrl":"https:\/\/gmz.ltd\/wp-content\/uploads\/2023\/09\/1-5.jpg","width":1000,"height":1000},{"@type":"BreadcrumbList","@id":"https:\/\/gmz.ltd\/fr\/produit\/gobelets-en-papier-pour-distributeurs-automatiques\/#breadcrumb","itemListElement":[{"@type":"ListItem","position":1,"name":"maison","item":"https:\/\/gmz.ltd\/fr\/"},{"@type":"ListItem","position":2,"name":"Produits","item":"https:\/\/gmz.ltd\/fr\/boutique\/"},{"@type":"ListItem","position":3,"name":"Gobelets en papier pour distributeurs automatiques"}]},{"@type":"WebSite","@id":"https:\/\/gmz.ltd\/fr\/#website","url":"https:\/\/gmz.ltd\/fr\/","name":"GMZ","description":"","publisher":{"@id":"https:\/\/gmz.ltd\/fr\/#organization"},"potentialAction":[{"@type":"SearchAction","target":{"@type":"EntryPoint","urlTemplate":"https:\/\/gmz.ltd\/fr\/?s={search_term_string}"},"query-input":{"@type":"PropertyValueSpecification","valueRequired":true,"valueName":"search_term_string"}}],"inLanguage":"fr-FR"},{"@type":"Organization","@id":"https:\/\/gmz.ltd\/fr\/#organization","name":"GMZ","url":"https:\/\/gmz.ltd\/fr\/","logo":{"@type":"ImageObject","inLanguage":"fr-FR","@id":"https:\/\/gmz.ltd\/fr\/#\/schema\/logo\/image\/","url":"https:\/\/gmz.ltd\/wp-content\/uploads\/2024\/11\/gmzpack.svg","contentUrl":"https:\/\/gmz.ltd\/wp-content\/uploads\/2024\/11\/gmzpack.svg","width":170,"height":79,"caption":"GMZ"},"image":{"@id":"https:\/\/gmz.ltd\/fr\/#\/schema\/logo\/image\/"}}]}},"_links":{"self":[{"href":"https:\/\/gmz.ltd\/fr\/wp-json\/wp\/v2\/product\/7846","targetHints":{"allow":["GET"]}}],"collection":[{"href":"https:\/\/gmz.ltd\/fr\/wp-json\/wp\/v2\/product"}],"about":[{"href":"https:\/\/gmz.ltd\/fr\/wp-json\/wp\/v2\/types\/product"}],"version-history":[{"count":0,"href":"https:\/\/gmz.ltd\/fr\/wp-json\/wp\/v2\/product\/7846\/revisions"}],"wp:featuredmedia":[{"embeddable":true,"href":"https:\/\/gmz.ltd\/fr\/wp-json\/wp\/v2\/media\/5773"}],"wp:attachment":[{"href":"https:\/\/gmz.ltd\/fr\/wp-json\/wp\/v2\/media?parent=7846"}],"wp:term":[{"taxonomy":"product_brand","embeddable":true,"href":"https:\/\/gmz.ltd\/fr\/wp-json\/wp\/v2\/product_brand?post=7846"},{"taxonomy":"product_cat","embeddable":true,"href":"https:\/\/gmz.ltd\/fr\/wp-json\/wp\/v2\/product_cat?post=7846"},{"taxonomy":"product_tag","embeddable":true,"href":"https:\/\/gmz.ltd\/fr\/wp-json\/wp\/v2\/product_tag?post=7846"}],"curies":[{"name":"wp","href":"https:\/\/api.w.org\/{rel}","templated":true}]}}